{"id":5386,"date":"2025-01-31T13:25:44","date_gmt":"2025-01-31T12:25:44","guid":{"rendered":"https:\/\/cantir.art\/?page_id=5386"},"modified":"2025-02-12T16:29:51","modified_gmt":"2025-02-12T15:29:51","slug":"politica-de-privacidad","status":"publish","type":"page","link":"https:\/\/cantir.art\/ca\/politica-de-privacidad\/","title":{"rendered":"Pol\u00edtica de Privadesa de C\u00c0NTIR"},"content":{"rendered":"<p><strong>Dades del propietari de la web:<br><\/strong>RA\u00d3 SOCIAL FUNDACI\u00d3 LABORATORI D&#039;ARTS CONTEMPLATIUS (LAC)<br>NIF G10825867<br>DOMINI <a href=\"https:\/\/cantir.art\/ca\/\">https:\/\/cantir.art<\/a><br>ADRE\u00c7A POSTAL CAMI CASTELL, S\/N, 08511 \u2013 TAVERTET (BARCELONA), <br>ADRE\u00c7A ELECTR\u00d2NICA paula@artscontemplatives.com<br>TEL\u00c8FONS 931358657<br><\/p>\n\n\n\n<p><strong>Protecci\u00f3 de dades<br><\/strong>De conformitat amb la normativa vigent i aplicable en protecci\u00f3 de dades de car\u00e0cter personal, us informem que les vostres dades seran incorporades al sistema de tractament titularitat de FUNDACI\u00d3 LABORATORI D&#039;ARTS CONTEMPLATIVES (LAC) amb NIF G10825867 i domicili social situat a CAMI CASTELL, S\/N,08511 TAVERTET(BARC A continuaci\u00f3, es facilita la informaci\u00f3 dels tractaments realitzats:<\/p>\n\n\n\n<p><strong>TRACTAMENTS REALITZATS<\/strong><\/p>\n\n\n\n<h4 class=\"wp-block-heading\"><strong>Gesti\u00f3 de compra de productes en l\u00ednia<\/strong><\/h4>\n\n\n\n<p><strong>Finalitat:&nbsp;<\/strong>Captaci\u00f3, registre i tractament de dades per poder gestionar el pagament i l&#039;enviament dels productes.<br><strong>Termini de conservaci\u00f3:&nbsp;<\/strong>5 anys en compliment de la llei tribut\u00e0ria i 10 anys la documentaci\u00f3 fiscal en compliment de la LO 7\/2012.<\/p>\n\n\n\n<p><strong>Base leg\u00edtima:&nbsp;<\/strong>El compliment duna llei.<br><strong>Tipologia de Dades:<br>Dades b\u00e0siques:&nbsp;<\/strong>Nom i cognoms, Adre\u00e7a postal, Adre\u00e7a electr\u00f2nica, Signatura, Dades econ\u00f2miques o d&#039;assegurances<br><strong>Cessions:&nbsp;<\/strong>les seves dades seran comunicades en cas que sigui necessari a Ag\u00e8ncia Tribut\u00e0ria, Bancs, Caixes i Organismes i\/o administraci\u00f3 p\u00fablica amb compet\u00e8ncia en la mat\u00e8ria amb la finalitat de complir amb les obligacions tribut\u00e0ries i fiscals establertes a la normativa aplicable. A m\u00e9s, s&#039;informa que la base legitimadora de la cessi\u00f3 \u00e9s complir una llei.<\/p>\n\n\n\n<h4 class=\"wp-block-heading\"><strong>Accions comercials formulari web<\/strong><\/h4>\n\n\n\n<p><strong>Finalitat:&nbsp;<\/strong>Captaci\u00f3, registre i tractament de dades amb finalitats d&#039;atendre les vostres consultes i\/o sol\u00b7licituds, aix\u00ed com de publicitat i prospecci\u00f3 comercial.<br><strong>Termini de conservaci\u00f3:&nbsp;<\/strong>mentre es mantingui el consentiment prestat, excepte obligaci\u00f3 legal.<\/p>\n\n\n\n<p><strong>Base leg\u00edtima:\u00a0<\/strong>El consentiment de linteressat.\u00a0<\/p>\n\n\n\n<p><strong>Tipologia de Dades:<br>Dades b\u00e0siques:\u00a0<\/strong>Nom i cognoms, Adre\u00e7a electr\u00f2nica<\/p>\n\n\n\n<h4 class=\"wp-block-heading\"><strong>Newsletter<\/strong><\/h4>\n\n\n\n<p><strong>Finalitat:\u00a0<\/strong>Gesti\u00f3 de la subscripci\u00f3 a la newsletter, per fer els enviaments corresponents.<br><strong>Termini de conservaci\u00f3:\u00a0<\/strong>mentre es mantingui el consentiment prestat.<br><strong>Base leg\u00edtima:\u00a0<\/strong>El consentiment de linteressat.<\/p>\n\n\n\n<p><strong>Tipologia de Dades:<br>Dades b\u00e0siques:\u00a0<\/strong>Nom i cognoms, Adre\u00e7a electr\u00f2nica<\/p>\n\n\n\n<h4 class=\"wp-block-heading\"><strong>Gesti\u00f3 usuaris web<\/strong><\/h4>\n\n\n\n<p><strong>Finalitat<\/strong>: Captaci\u00f3, registre i tractament de dades de l&#039;usuari.<br><strong>Termini de conservaci\u00f3<\/strong>: mentre es mantingui el consentiment prestat, excepte obligaci\u00f3 legal.<br><strong>Base leg\u00edtima<\/strong>: El consentiment de l&#039;interessat.<br><strong>Dades b\u00e0siques<\/strong>: Nom i cognoms, Adre\u00e7a electr\u00f2nica<\/p>\n\n\n\n<h4 class=\"wp-block-heading\"><strong>Instal\u00b7laci\u00f3 de cookies<\/strong><\/h4>\n\n\n\n<p><strong>Finalitat<\/strong>: Gesti\u00f3 i instal\u00b7laci\u00f3 de les cookies.<br><strong>Termini de conservaci\u00f3<\/strong>: mentre es mantingui el consentiment prestat.<strong><br>Base leg\u00edtima<\/strong>: El consentiment de l&#039;interessat.<br><strong>Dades b\u00e0siques<\/strong>: Adre\u00e7a electr\u00f2nica, Adre\u00e7a IP<br><\/p>\n\n\n\n<h4 class=\"wp-block-heading\"><strong>Gesti\u00f3 Formulari web<\/strong><\/h4>\n\n\n\n<p><strong>Finalitat<\/strong>: Atendre les vostres consultes i\/o sol\u00b7licituds.<br><strong>Termini de conservaci\u00f3<\/strong>: mentre es mantingui el consentiment prestat.<strong><br>Base leg\u00edtima<\/strong>: El consentiment de l&#039;interessat.<br><strong>Dades b\u00e0siques<\/strong>: Nom i cognoms, Adre\u00e7a electr\u00f2nica, Adre\u00e7a IP<\/p>\n\n\n\n<p><\/p>\n\n\n\n<p>Alhora, us informem que podeu contactar amb el Delegat de Protecci\u00f3 de Dades, dirigint-vos per<br>escrit a l&#039;adre\u00e7a de correu dpd.cliente@conversia.es o al tel\u00e8fon 902 877 192.<br><\/p>\n\n\n\n<p><strong>Drets dels interessats<br><\/strong><\/p>\n\n\n\n<p>FUNDACI\u00d3 LABORATORI D&#039;ARTS CONTEMPLATIUS (LAC) informa als Usuaris que, podr\u00e0 exercir els drets d&#039;acc\u00e9s, rectificaci\u00f3, limitaci\u00f3, supressi\u00f3, portabilitat, oposici\u00f3 al tractament de les seves dades de car\u00e0cter personal i el dret a no ser objecte de decisions automatitzades, inclosa l&#039;elaboraci\u00f3 de perfils, davant del Responsable del Tractament, aix\u00ed com a la retirada.<\/p>\n\n\n\n<p><br><strong>Dret d&#039;acc\u00e9s<\/strong>: \u00c9s el dret de l&#039;usuari a obtenir confirmaci\u00f3 sobre si s&#039;estan tractant les vostres dades i, en aquest cas, les concretes dades personals tractades i la informaci\u00f3 legal del tractament (finalitats, base legitimadora, terminis de conservaci\u00f3, cessions, origen dels<br>dades, etc.).<\/p>\n\n\n\n<p><br><strong>Dret de Rectificaci\u00f3<\/strong>: \u00c9s el dret de l&#039;afectat al fet que es modifiquin les dades que resultin ser inexactes o incomplets. Pel que fa a la p\u00e0gina web, nom\u00e9s es podr\u00e0 satisfer en relaci\u00f3 amb aquella informaci\u00f3 que estigui sota el control del lloc web, per exemple, eliminar comentaris publicats a la pr\u00f2pia p\u00e0gina, imatges o continguts web on constin dades de car\u00e0cter personal de l&#039;usuari.<\/p>\n\n\n\n<p><strong>Dret a la Limitaci\u00f3 de tractament:\u00a0<\/strong>\u00c9s el dret que es limitin els fins del tractament previstos de manera original pel responsable del tractament en determinats sup\u00f2sits.<\/p>\n\n\n\n<p><strong>Dret de Supressi\u00f3:\u00a0<\/strong>\u00c9s el dret a suprimir les dades de car\u00e0cter personal de l&#039;usuari, a excepci\u00f3 del que preveu el mateix RGPD (llibertat d&#039;expressi\u00f3 i informaci\u00f3, obligacions de conservaci\u00f3, formulaci\u00f3, exercici o defensa de reclamacions, etc.).<\/p>\n\n\n\n<p><strong>Dret a la Portabilitat:\u00a0<\/strong>El dret a rebre les dades personals que l&#039;usuari hagi facilitat, en un format estructurat, d&#039;\u00fas com\u00fa i de lectura mec\u00e0nica, ia transmetre&#039;ls a un altre responsable quan el tractament est\u00e0 basat en el consentiment o en l&#039;execuci\u00f3 d&#039;un contracte i s&#039;efectu\u00ef per mitjans automatitzats.<br><\/p>\n\n\n\n<p><strong>Dret d&#039;oposici\u00f3:\u00a0<\/strong>\u00c9s el dret de l&#039;usuari que no es dugui a terme el tractament de les seves dades de car\u00e0cter personal o se&#039;n cessi el tractament per part del lloc web quan el tractament estigui basat en l&#039;inter\u00e8s leg\u00edtim o l&#039;inter\u00e8s p\u00fablic o quan es tracti de tractaments de m\u00e0rqueting directe.<\/p>\n\n\n\n<p><strong>Dret a no ser objecte de decisions automatitzades, inclosa l&#039;elaboraci\u00f3 de perfils:\u00a0<\/strong>Quan el tractament no \u00e9s necessari per a la subscripci\u00f3 o l&#039;execuci\u00f3 d&#039;un contracte, ni est\u00e0 autoritzada pel dret de la Uni\u00f3 Europea o dels estats membres ni es basa en el consentiment, t\u00e9 dret a no ser objecte d&#039;una decisi\u00f3 basada \u00fanicament en el tractament automatitzat, inclosa l&#039;elaboraci\u00f3 de perfils, que produeixi efectes jur\u00eddics o l&#039;afecti significativament de manera similar.<\/p>\n\n\n\n<p><strong>Dret a retirar el consentiment:\u00a0<\/strong>Per a qualsevol tractament basat en el vostre consentiment, teniu dret a retirar-lo, en qualsevol moment i de manera gratu\u00efta.<\/p>\n\n\n\n<p>Per exercir qualsevol dels drets en mat\u00e8ria de protecci\u00f3 de dades descrites anteriorment haur\u00e0 de seguir les indicacions seg\u00fcents:<\/p>\n\n\n\n<p>Presentaci\u00f3 d&#039;un escrit a l&#039;adre\u00e7a CAMI CASTELL, S\/N,08511 TAVERTET(BARCELONA) (a l&#039;atenci\u00f3 de FUNDACI\u00d3 LABORATORI D&#039;ARTS CONTEMPLATIVES (LAC)) o b\u00e9 per correu electr\u00f2nic a correu electr\u00f2nic a paula@artscontemplatives.com .<\/p>\n\n\n\n<p>L&#039;escrit rem\u00e8s pel titular de les dades personals (interessat\/ada) que sol\u00b7licite l&#039;exercici de drets haur\u00e0 de tenir en compte el seg\u00fcent:<\/p>\n\n\n\n<p>S&#039;haur\u00e0 d&#039;identificar fefaentment i, en cas que concorrin dubtes sobre la identitat del sol\u00b7licitant, se us sol\u00b7licitar\u00e0 que solucioni la petici\u00f3 (p. ex. sol\u00b7licitant m\u00e9s informaci\u00f3, com el n\u00famero de DNI, el document del DNI, el correu electr\u00f2nic que va aportar, etc.)<\/p>\n\n\n\n<p>o La sol\u00b7licitud pot realitzar-la el representant, legal o voluntari, quan aquest estigui degudament identificat i autoritzat pel titular de les dades (mitjan\u00e7ant una autoritzaci\u00f3 expressa del titular per exercir els drets personal\u00edssims regulats a la normativa en mat\u00e8ria de protecci\u00f3 de dades personals).<\/p>\n\n\n\n<p>o Petici\u00f3 en qu\u00e8 es concreta la sol\u00b7licitud (Dret\/es que es pret\u00e9n\/n exercir). Si no feu refer\u00e8ncia a un tractament concret se us facilitar\u00e0 resposta en relaci\u00f3 a tots els tractaments que afecten les vostres dades de car\u00e0cter personal. Si sol\u00b7liciteu informaci\u00f3 d&#039;un tractament en concret, nom\u00e9s la informaci\u00f3 d&#039;aquest. Si ho demaneu per tel\u00e8fon se us indicar\u00e0 que ho feu per escrit i se us informar\u00e0 de com ho podeu fer i l&#039;adre\u00e7a a la qual heu d&#039;enviar-ho. Mai no se us donar\u00e0 informaci\u00f3 per tel\u00e8fon.<\/p>\n\n\n\n<p>o Adre\u00e7a postal o electr\u00f2nica a efectes de notificacions.<\/p>\n\n\n\n<p>o Documents acreditatius de la petici\u00f3 que formula, en cas que siguin necessaris.<\/p>\n\n\n\n<p>o La persona sol\u00b7licitant ha d&#039;utilitzar qualsevol mitj\u00e0 que permeti acreditar l&#039;enviament i la recepci\u00f3 de la sol\u00b7licitud.<\/p>\n\n\n\n<p><br>Finalment, us informem que teniu dret a presentar una reclamaci\u00f3 davant l&#039;Ag\u00e8ncia Espanyola de Protecci\u00f3 de Dades en cas que en tingueu coneixement o considereu que un fet pugui suposar un incompliment de la normativa aplicable en mat\u00e8ria de protecci\u00f3 de dades.<\/p>\n\n\n\n<p>FUNDACI\u00d3 LABORATORI D&#039;ARTS CONTEMPLATIUS (LAC) es compromet a adoptar les mesures t\u00e8cniques i organitzatives necess\u00e0ries, d&#039;acord amb el nivell de riscos que acompanyen els tractaments realitzats per aquestes i indicats en aquest mateix apartat, de manera que en garanteixin la integritat, confidencialitat i disponibilitat.<\/p>\n\n\n\n<p><\/p>\n\n\n\n<p>Darrera actualitzaci\u00f3: 6 de febrer de 2025<\/p>","protected":false},"excerpt":{"rendered":"<p>Datos del propietario de la web:RAZ\u00d3N SOCIAL FUNDACI\u00d3 LABORATORI D&#8217;ARTS CONTEMPLATIVES (LAC)NIF G10825867DOMINIO https:\/\/cantir.artDIRECCI\u00d3N POSTAL CAMI CASTELL, S\/N, 08511 &#8211; TAVERTET (BARCELONA), DIRECCI\u00d3N ELECTR\u00d3NICA paula@artscontemplatives.comTEL\u00c9FONOS 931358657 Protecci\u00f3n de datosDe conformidad&hellip;<\/p>","protected":false},"author":1,"featured_media":0,"parent":0,"menu_order":0,"comment_status":"closed","ping_status":"closed","template":"","meta":{"footnotes":""},"class_list":["post-5386","page","type-page","status-publish","hentry"],"yoast_head":"<!-- This site is optimized with the Yoast SEO plugin v26.9 - https:\/\/yoast.com\/product\/yoast-seo-wordpress\/ -->\n<title>Pol\u00edtica de Privacidad de C\u00c0NTIR - C\u00e0ntir<\/title>\n<meta name=\"robots\" content=\"index, follow, max-snippet:-1, max-image-preview:large, max-video-preview:-1\" \/>\n<link rel=\"canonical\" href=\"https:\/\/cantir.art\/ca\/politica-de-privacidad\/\" \/>\n<meta property=\"og:locale\" content=\"ca_ES\" \/>\n<meta property=\"og:type\" content=\"article\" \/>\n<meta property=\"og:title\" content=\"Pol\u00edtica de Privacidad de C\u00c0NTIR - C\u00e0ntir\" \/>\n<meta property=\"og:description\" content=\"Datos del propietario de la web:RAZ\u00d3N SOCIAL FUNDACI\u00d3 LABORATORI D&#8217;ARTS CONTEMPLATIVES (LAC)NIF G10825867DOMINIO https:\/\/cantir.artDIRECCI\u00d3N POSTAL CAMI CASTELL, S\/N, 08511 &#8211; TAVERTET (BARCELONA), DIRECCI\u00d3N ELECTR\u00d3NICA paula@artscontemplatives.comTEL\u00c9FONOS 931358657 Protecci\u00f3n de datosDe conformidad&hellip;\" \/>\n<meta property=\"og:url\" content=\"https:\/\/cantir.art\/ca\/politica-de-privacidad\/\" \/>\n<meta property=\"og:site_name\" content=\"C\u00e0ntir\" \/>\n<meta property=\"article:modified_time\" content=\"2025-02-12T15:29:51+00:00\" \/>\n<meta name=\"twitter:card\" content=\"summary_large_image\" \/>\n<meta name=\"twitter:label1\" content=\"Temps estimat de lectura\" \/>\n\t<meta name=\"twitter:data1\" content=\"6 minuts\" \/>\n<script type=\"application\/ld+json\" class=\"yoast-schema-graph\">{\"@context\":\"https:\/\/schema.org\",\"@graph\":[{\"@type\":\"WebPage\",\"@id\":\"https:\/\/cantir.art\/politica-de-privacidad\/\",\"url\":\"https:\/\/cantir.art\/politica-de-privacidad\/\",\"name\":\"Pol\u00edtica de Privacidad de C\u00c0NTIR - C\u00e0ntir\",\"isPartOf\":{\"@id\":\"https:\/\/cantir.art\/#website\"},\"datePublished\":\"2025-01-31T12:25:44+00:00\",\"dateModified\":\"2025-02-12T15:29:51+00:00\",\"breadcrumb\":{\"@id\":\"https:\/\/cantir.art\/politica-de-privacidad\/#breadcrumb\"},\"inLanguage\":\"ca\",\"potentialAction\":[{\"@type\":\"ReadAction\",\"target\":[\"https:\/\/cantir.art\/politica-de-privacidad\/\"]}]},{\"@type\":\"BreadcrumbList\",\"@id\":\"https:\/\/cantir.art\/politica-de-privacidad\/#breadcrumb\",\"itemListElement\":[{\"@type\":\"ListItem\",\"position\":1,\"name\":\"Portada\",\"item\":\"https:\/\/cantir.art\/\"},{\"@type\":\"ListItem\",\"position\":2,\"name\":\"Pol\u00edtica de Privacidad de C\u00c0NTIR\"}]},{\"@type\":\"WebSite\",\"@id\":\"https:\/\/cantir.art\/#website\",\"url\":\"https:\/\/cantir.art\/\",\"name\":\"C\u00e0ntir\",\"description\":\"Simbolismo budista y est\u00e9tica mediterr\u00e1nea en objetos que conectan pr\u00e1ctica y cotidianidad\",\"publisher\":{\"@id\":\"https:\/\/cantir.art\/#organization\"},\"potentialAction\":[{\"@type\":\"SearchAction\",\"target\":{\"@type\":\"EntryPoint\",\"urlTemplate\":\"https:\/\/cantir.art\/?s={search_term_string}\"},\"query-input\":{\"@type\":\"PropertyValueSpecification\",\"valueRequired\":true,\"valueName\":\"search_term_string\"}}],\"inLanguage\":\"ca\"},{\"@type\":\"Organization\",\"@id\":\"https:\/\/cantir.art\/#organization\",\"name\":\"C\u00e0ntir\",\"url\":\"https:\/\/cantir.art\/\",\"logo\":{\"@type\":\"ImageObject\",\"inLanguage\":\"ca\",\"@id\":\"https:\/\/cantir.art\/#\/schema\/logo\/image\/\",\"url\":\"https:\/\/i0.wp.com\/cantir.art\/wp-content\/uploads\/2025\/01\/cantir-10.png?fit=2551%2C1060&ssl=1\",\"contentUrl\":\"https:\/\/i0.wp.com\/cantir.art\/wp-content\/uploads\/2025\/01\/cantir-10.png?fit=2551%2C1060&ssl=1\",\"width\":2551,\"height\":1060,\"caption\":\"C\u00e0ntir\"},\"image\":{\"@id\":\"https:\/\/cantir.art\/#\/schema\/logo\/image\/\"}}]}<\/script>\n<!-- \/ Yoast SEO plugin. -->","yoast_head_json":{"title":"Pol\u00edtica de Privacidad de C\u00c0NTIR - C\u00e0ntir","robots":{"index":"index","follow":"follow","max-snippet":"max-snippet:-1","max-image-preview":"max-image-preview:large","max-video-preview":"max-video-preview:-1"},"canonical":"https:\/\/cantir.art\/ca\/politica-de-privacidad\/","og_locale":"ca_ES","og_type":"article","og_title":"Pol\u00edtica de Privacidad de C\u00c0NTIR - C\u00e0ntir","og_description":"Datos del propietario de la web:RAZ\u00d3N SOCIAL FUNDACI\u00d3 LABORATORI D&#8217;ARTS CONTEMPLATIVES (LAC)NIF G10825867DOMINIO https:\/\/cantir.artDIRECCI\u00d3N POSTAL CAMI CASTELL, S\/N, 08511 &#8211; TAVERTET (BARCELONA), DIRECCI\u00d3N ELECTR\u00d3NICA paula@artscontemplatives.comTEL\u00c9FONOS 931358657 Protecci\u00f3n de datosDe conformidad&hellip;","og_url":"https:\/\/cantir.art\/ca\/politica-de-privacidad\/","og_site_name":"C\u00e0ntir","article_modified_time":"2025-02-12T15:29:51+00:00","twitter_card":"summary_large_image","twitter_misc":{"Temps estimat de lectura":"6 minuts"},"schema":{"@context":"https:\/\/schema.org","@graph":[{"@type":"WebPage","@id":"https:\/\/cantir.art\/politica-de-privacidad\/","url":"https:\/\/cantir.art\/politica-de-privacidad\/","name":"Pol\u00edtica de Privacidad de C\u00c0NTIR - C\u00e0ntir","isPartOf":{"@id":"https:\/\/cantir.art\/#website"},"datePublished":"2025-01-31T12:25:44+00:00","dateModified":"2025-02-12T15:29:51+00:00","breadcrumb":{"@id":"https:\/\/cantir.art\/politica-de-privacidad\/#breadcrumb"},"inLanguage":"ca","potentialAction":[{"@type":"ReadAction","target":["https:\/\/cantir.art\/politica-de-privacidad\/"]}]},{"@type":"BreadcrumbList","@id":"https:\/\/cantir.art\/politica-de-privacidad\/#breadcrumb","itemListElement":[{"@type":"ListItem","position":1,"name":"Portada","item":"https:\/\/cantir.art\/"},{"@type":"ListItem","position":2,"name":"Pol\u00edtica de Privacidad de C\u00c0NTIR"}]},{"@type":"WebSite","@id":"https:\/\/cantir.art\/#website","url":"https:\/\/cantir.art\/","name":"C\u00e0ntir","description":"Simbolisme budista i est\u00e8tica mediterr\u00e0nia en objectes que connecten pr\u00e0ctica i quotidianitat","publisher":{"@id":"https:\/\/cantir.art\/#organization"},"potentialAction":[{"@type":"SearchAction","target":{"@type":"EntryPoint","urlTemplate":"https:\/\/cantir.art\/?s={search_term_string}"},"query-input":{"@type":"PropertyValueSpecification","valueRequired":true,"valueName":"search_term_string"}}],"inLanguage":"ca"},{"@type":"Organization","@id":"https:\/\/cantir.art\/#organization","name":"C\u00e0ntir","url":"https:\/\/cantir.art\/","logo":{"@type":"ImageObject","inLanguage":"ca","@id":"https:\/\/cantir.art\/#\/schema\/logo\/image\/","url":"https:\/\/i0.wp.com\/cantir.art\/wp-content\/uploads\/2025\/01\/cantir-10.png?fit=2551%2C1060&ssl=1","contentUrl":"https:\/\/i0.wp.com\/cantir.art\/wp-content\/uploads\/2025\/01\/cantir-10.png?fit=2551%2C1060&ssl=1","width":2551,"height":1060,"caption":"C\u00e0ntir"},"image":{"@id":"https:\/\/cantir.art\/#\/schema\/logo\/image\/"}}]}},"jetpack_sharing_enabled":true,"_links":{"self":[{"href":"https:\/\/cantir.art\/ca\/wp-json\/wp\/v2\/pages\/5386","targetHints":{"allow":["GET"]}}],"collection":[{"href":"https:\/\/cantir.art\/ca\/wp-json\/wp\/v2\/pages"}],"about":[{"href":"https:\/\/cantir.art\/ca\/wp-json\/wp\/v2\/types\/page"}],"author":[{"embeddable":true,"href":"https:\/\/cantir.art\/ca\/wp-json\/wp\/v2\/users\/1"}],"replies":[{"embeddable":true,"href":"https:\/\/cantir.art\/ca\/wp-json\/wp\/v2\/comments?post=5386"}],"version-history":[{"count":4,"href":"https:\/\/cantir.art\/ca\/wp-json\/wp\/v2\/pages\/5386\/revisions"}],"predecessor-version":[{"id":5505,"href":"https:\/\/cantir.art\/ca\/wp-json\/wp\/v2\/pages\/5386\/revisions\/5505"}],"wp:attachment":[{"href":"https:\/\/cantir.art\/ca\/wp-json\/wp\/v2\/media?parent=5386"}],"curies":[{"name":"wp","href":"https:\/\/api.w.org\/{rel}","templated":true}]}}