{"id":5506,"date":"2025-02-12T16:32:51","date_gmt":"2025-02-12T15:32:51","guid":{"rendered":"https:\/\/cantir.art\/?page_id=5506"},"modified":"2025-02-12T16:41:20","modified_gmt":"2025-02-12T15:41:20","slug":"condiciones-generales-de-contratacion","status":"publish","type":"page","link":"https:\/\/cantir.art\/ca\/condiciones-generales-de-contratacion\/","title":{"rendered":"Termes i Condicions"},"content":{"rendered":"<p>4.5. CONDICIONS GENERALS DE CONTRACTACI\u00d3<\/p>\n\n\n\n<p><strong>CONDICIONS GENERALS DE CONTRACTACI\u00d3 - PRODUCTES de https:\/\/cantir.art<\/strong><\/p>\n\n\n\n<p><strong>Informaci\u00f3 pr\u00e8via al proc\u00e9s contractual<\/strong><\/p>\n\n\n\n<p>La present p\u00e0gina web https:\/\/cantir.art \u00e9s propietat de FUNDACI\u00d3 LABORATORI D&#039;ARTS CONTEMPLATIVES (LAC) amb NIF G10825867 i adre\u00e7a fiscal a CAMI CASTELL, S\/N,08511 TAVERTET(BARCELONA).<\/p>\n\n\n\n<p>Les condicions Generals de Contractaci\u00f3 regulen la relaci\u00f3 de venda a dist\u00e0ncia entre FUNDACI\u00d3 LABORATORI D&#039;ARTS CONTEMPLATIVES (LAC) i l&#039;usuari o client, d&#039;acord amb les estipulacions legals, en especial, la Llei 7\/1998, de 13 d&#039;abril, sobre condicions generals de la Llei 3\/2014, i Usuaris, Llei Org\u00e0nica 3\/2018, de 5 de desembre, de Protecci\u00f3 de Dades Personals i garantia dels drets digitals, Reglament General de Protecci\u00f3 de Dades (UE) 2016\/679, la Llei 7\/1996, de 15 de gener d&#039;Ordenaci\u00f3 del Comer\u00e7 Minorista, ia la Llei 34\/2002 de 1.<\/p>\n\n\n\n<p>FUNDACI\u00d3 LABORATORI D&#039;ARTS CONTEMPLATIVES (LAC) es reserva la facultat, a realitzar les modificacions que consideri oportunes, sense av\u00eds previ, a les Condicions Generals. Aquestes modificacions podran realitzar-se, a trav\u00e9s dels seus llocs web, per qualsevol forma admissible en dret i seran de compliment obligat durant el temps en qu\u00e8 es trobin publicades a la web i fins que no siguin modificades v\u00e0lidament per altres posteriors. Aix\u00f2 no obstant, FUNDACI\u00d3 LABORATORI D&#039;ARTS CONTEMPLATIUS (LAC) es reserva el dret d&#039;aplicar, en determinats casos, unes Condicions Particulars de Contractaci\u00f3 amb prefer\u00e8ncia a les presents Condicions Generals quan ho consideri oport\u00fa, anunciant-les en temps i forma oportuns. Els usuaris estaran subjectes a les Condicions vigents en el moment que efectu\u00ef cada contractaci\u00f3.<\/p>\n\n\n\n<p>L&#039;objecte de la p\u00e0gina web \u00e9s La venda d&#039;objectes budistes.<\/p>\n\n\n\n<p>La durada del contracte quedar\u00e0 vinculada al lliurament del producte sense perjudici del dret de desistiment.<\/p>\n\n\n\n<p>Com a usuari o client declara expressament con\u00e8ixer, entendre i acceptar les condicions d\u00fas i aquestes condicions generals de contractaci\u00f3. De la mateixa manera, declara ser major d&#039;edat, o menor emancipat, i tenir la capacitat jur\u00eddica i d&#039;obrar necess\u00e0ries per accedir als llocs web de FUNDACI\u00d3 LABORATORI D&#039;ARTS CONTEMPLATIVES (LAC) i la contractaci\u00f3 per mitj\u00e0 d&#039;aquests.<\/p>\n\n\n\n<p>La Comissi\u00f3 Europea facilita una plataforma de resoluci\u00f3 de litigis en l\u00ednia que es troba disponible al seg\u00fcent enlla\u00e7: http:\/\/ec.europa.eu\/consumers\/odr\/<\/p>\n\n\n\n<p>Per adquirir els nostres productes, podeu adre\u00e7ar-vos a l&#039;apartat corresponent de la nostra botiga online.<\/p>\n\n\n\n<p>Podr\u00e0 registrar-se com a usuari de la web per realitzar la compra en l\u00ednia a l&#039;apartat corresponent a la pr\u00f2pia web. De conformitat amb la normativa aplicable i vigent en mat\u00e8ria de protecci\u00f3 de dades, FUNDACI\u00d3 LABORATORI D&#039;ARTS CONTEMPLATIVES (LAC) informa als usuaris que les dades personals demanades durant el proc\u00e9s de registre i posterior compra, seran incorporades al sistema de tractament titularitat de FUNDACI\u00d3 LABORATORI D&#039;ARTS CONTEMPLATIVES (LAC), amb la finalitat de<\/p>\n\n\n\n<p>D&#039;acord amb els drets que us confereix la normativa vigent en protecci\u00f3 de dades podreu exercir els drets d&#039;acc\u00e9s, rectificaci\u00f3, limitaci\u00f3 de tractament, supressi\u00f3, portabilitat i oposici\u00f3 al tractament de les vostres dades de car\u00e0cter personal aix\u00ed com del consentiment prestat per al seu tractament, dirigint la vostra petici\u00f3 a l&#039;adre\u00e7a esmentada m\u00e9s amunt o al correu electr\u00f2nic paula@artscontemplatives.com. Podeu adre\u00e7ar-vos a l&#039;Autoritat de Control competent per presentar la reclamaci\u00f3 que considereu oportuna (Per a m\u00e9s informaci\u00f3 adreceu-vos a la pol\u00edtica de privadesa de la p\u00e0gina web).<\/p>\n\n\n\n<p>Alhora, us informem que podeu contactar amb el Delegat de Protecci\u00f3 de Dades, adre\u00e7ant-vos per escrit a l&#039;adre\u00e7a de correu dpd.cliente@conversia.es o al tel\u00e8fon 902 877 192.<\/p>\n\n\n\n<p>Durant el proc\u00e9s de compra us heu d&#039;identificar amb el nom d&#039;usuari i la contrasenya proporcionats. Aquestes dades no seran p\u00fabliques. Vost\u00e8 es fa responsable de tractar confidencial i responsablement la identitat i contrasenya obtingudes al registre com a client, no podent cedir-les a un altre. Podeu modificar la informaci\u00f3 registrada en qualsevol moment, a la vostra \u00e0rea de client. En aquest mateix apartat vost\u00e8 tindr\u00e0 acc\u00e9s a un hist\u00f2ric de les seves comandes, estigui nom\u00e9s \u00e9s un apartat de consulta per\u00f2 se&#039;n permet la gesti\u00f3, podent l&#039;usuari eliminar aquells registres que consideri no cal visualitzar.<\/p>\n\n\n\n<p>Finalitzat el proc\u00e9s de compra el client rebr\u00e0 una confirmaci\u00f3 del mateix per correu electr\u00f2nic. \u00c9s imprescindible que durant el proc\u00e9s de compra lusuari indiqui un correu electr\u00f2nic v\u00e0lid. Si en 24 hores des de la finalitzaci\u00f3 de la comanda no rebeu la confirmaci\u00f3, poseu-vos en contacte amb FUNDACI\u00d3 LABORATORI D&#039;ARTS CONTEMPLATIVES (LAC) al tel\u00e8fon d&#039;atenci\u00f3 al client 931358657 o mitjan\u00e7ant el correu electr\u00f2nic paula@artscontemplatives.com.<\/p>\n\n\n\n<p>Tots els continguts de la web s\u00f3n en espanyol.<\/p>\n\n\n\n<p>El client, en rebre el producte a l&#039;adre\u00e7a de lliurament facilitada, rebr\u00e0 una factura o c\u00f2pia de la comanda. S&#039;oferir\u00e0 l&#039;opci\u00f3 a l&#039;usuari de disposar de factura electr\u00f2nica mitjan\u00e7ant el consentiment previ. L&#039;acceptaci\u00f3 d&#039;aquest mitj\u00e0 de facturaci\u00f3 implicar\u00e0 l&#039;enviament de la factura de manera electr\u00f2nica tenint els efectes legals oportuns. Les factures seg\u00fcents es facilitaran per aquest mitj\u00e0 si no s&#039;indiqu\u00e9s el contrari. Es podr\u00e0 en tot cas revocar el consentiment prestat a la recepci\u00f3 de factura electr\u00f2nica en qualsevol moment enviant un correu electr\u00f2nic a l&#039;adre\u00e7a de correu electr\u00f2nic indicada, a aquest efecte, m\u00e9s amunt.<\/p>\n\n\n\n<p><strong>Oferta i vig\u00e8ncia<\/strong><\/p>\n\n\n\n<p>En cas d&#039;un producte en oferta, sempre s&#039;indicar\u00e0 juntament amb les caracter\u00edstiques essencials, el preu d&#039;oferta i la validesa d&#039;aquesta.<\/p>\n\n\n\n<p>En compliment de la normativa vigent FUNDACI\u00d3 LABORATORI D&#039;ARTS CONTEMPLATIUS (LAC) ofereix informaci\u00f3 sobre tots els articles a la venda, les seves caracter\u00edstiques i preus. Tot i aix\u00f2, FUNDACI\u00d3 LABORATORI D&#039;ARTS CONTEMPLATIVES (LAC) es reserva el dret a retirar, reposar o canviar els productes que s&#039;ofereixen a trav\u00e9s de la seva p\u00e0gina web, mitjan\u00e7ant el simple canvi en el contingut de la mateixa. D&#039;aquesta manera, els productes oferts a cada moment a trav\u00e9s del web es regiran per les Condicions Generals de Contractaci\u00f3 vigents en cada cas. Aix\u00ed mateix, FUNDACI\u00d3 LABORATORI D&#039;ARTS CONTEMPLATIUS (LAC) tindr\u00e0 la facultat de deixar d&#039;oferir, sense av\u00eds previ i en qualsevol moment, l&#039;acc\u00e9s als productes esmentats.<\/p>\n\n\n\n<p><strong>Caracter\u00edstiques essencials dels productes<\/strong><\/p>\n\n\n\n<p>Els productes oferts a la nostra botiga online incorporen una fotografia i les caracter\u00edstiques essencials dels mateixos, aquesta \u00e9s la informaci\u00f3 obtinguda del propi fabricant. A les caracter\u00edstiques del producte s&#039;identifiquen els colors en qu\u00e8 es troba disponible el producte.<\/p>\n\n\n\n<p><strong>Garanties<\/strong><\/p>\n\n\n\n<p>FUNDACI\u00d3 LABORATORI D&#039;ARTS CONTEMPLATIUS (LAC) respon de les faltes de conformitat de tots els productes oferts a la p\u00e0gina web durant el termini de tres anys des del lliurament.<\/p>\n\n\n\n<p>De conformitat amb la Llei General per a la Defensa dels Consumidors i Usuaris, els defectes que apareguin durant els 2 primers anys en productes nous s&#039;ent\u00e9n que s\u00f3n d&#039;origen, \u00e9s a dir, que ja existien al moment del lliurament, llevat que l&#039;empresa pugui demostrar que el defecte ha estat provocat per un mal \u00fas.<\/p>\n\n\n\n<p>FUNDACI\u00d3 LABORATORI D&#039;ARTS CONTEMPLATIUS (LAC) disposa d&#039;un servei de postvenda durant el termini indicat. El client es podr\u00e0 adre\u00e7ar a l&#039;establiment de FUNDACI\u00d3 LABORATORI D&#039;ARTS CONTEMPLATIVES (LAC), al servei de postvenda, per correu electr\u00f2nic a paula@artscontemplatives.com o als punts establerts pel propi prove\u00efdor. En cas de dubte podeu adre\u00e7ar-vos al tel\u00e8fon d&#039;atenci\u00f3 al client 931358657 o mitjan\u00e7ant el correu electr\u00f2nic paula@artscontemplatives.com.<\/p>\n\n\n\n<p>Quan es tracti de productes peribles i els rebi en mal estat o caducats poseu-vos en contacte a trav\u00e9s de paula@artscontemplatives.com. Ser\u00e0 essencial seguir les instruccions de conservaci\u00f3 determinades al propi env\u00e0s, a m\u00e9s d&#039;observar la data de caducitat, conservant en qualsevol cas el justificant de compra.<\/p>\n\n\n\n<p><strong>Preus<\/strong><\/p>\n\n\n\n<p>Tots els productes indiquen el preu de venda en euros i inclouen l&#039;impost sobre el valor afegit (IVA).<\/p>\n\n\n\n<p>Si fos aplicable qualsevol altre impost, aix\u00ed s&#039;indicaria (IGIC o IPSI).<\/p>\n\n\n\n<p><strong>Destinacions d&#039;enviament<\/strong><\/p>\n\n\n\n<p>FUNDACI\u00d3 LABORATORI D&#039;ARTS CONTEMPLATIUS (LAC) realitza enviaments a:<\/p>\n\n\n\n<p>-Europa<\/p>\n\n\n\n<p>Per als enviaments fora de la uni\u00f3 europea, s&#039;hauran de posar en contacte per concretar les condicions<\/p>\n\n\n\n<p><strong>Despeses de lliurament i transport<\/strong><\/p>\n\n\n\n<p>FUNDACI\u00d3 LABORATORI D&#039;ARTS CONTEMPLATIUS (LAC) cobrar\u00e0, en concepte de costos d&#039;enviament, el seg\u00fcent:<\/p>\n\n\n\n<p>Les despeses d&#039;enviament s&#039;aplicaran en funci\u00f3 de la zona d&#039;enviament, la mida, el pes, les mesures del producte, aix\u00ed com l&#039;import de la comanda. El client podr\u00e0 visualitzar els costos abans de finalitzar la compra.<\/p>\n\n\n\n<p>El repartiment de productes es fa a trav\u00e9s de CORREUS.<\/p>\n\n\n\n<p>FUNDACI\u00d3 LABORATORI D&#039;ARTS CONTEMPLATIUS (LAC) no es fa c\u00e0rrec de possibles c\u00e0rrecs duaners.<\/p>\n\n\n\n<p><strong>Formes de pagament<\/strong><\/p>\n\n\n\n<p>El client podr\u00e0 abonar l&#039;import de la comanda optant per qualsevol de les formes seg\u00fcents. Durant el proc\u00e9s de compra haureu d&#039;indicar la vostra elecci\u00f3:<\/p>\n\n\n\n<p>\u2022&nbsp;<strong>Targeta de cr\u00e8dit VISA o MASTERCARD<\/strong><\/p>\n\n\n\n<p>Totes les operacions que impliquen la transmissi\u00f3 de dades personals o banc\u00e0ries es fan utilitzant un entorn segur, un servidor basat en la tecnologia de seguretat est\u00e0ndard SSL (Secure Sockets Layer). Tota la informaci\u00f3 que ens transmeti viatja xifrada a trav\u00e9s de la xarxa.<\/p>\n\n\n\n<p>Aix\u00ed mateix, les dades sobre la seva targeta de cr\u00e8dit s\u00f3n introdu\u00efdes directament a la p\u00e0gina del banc, al TPV (Terminal Punt de venda del Banc) i no s\u00f3n introdu\u00efdes ni registrades a cap servidor de FUNDACI\u00d3 LABORATORI D&#039;ARTS CONTEMPLATIVES (LAC).<\/p>\n\n\n\n<p>En pagar amb targeta VISA o MASTERCARD se us sol\u00b7licitaran sempre les dades seg\u00fcents: el n\u00famero de targeta, la data de caducitat, i un Codi de Validaci\u00f3 que coincideix amb les tres \u00faltimes xifres del n\u00famero impr\u00e8s en cursiva al revers de la targeta VISA o MASTERCARD, oferint, aix\u00ed, m\u00e9s garanties sobre la seguretat de la transacci\u00f3.<\/p>\n\n\n\n<p>Aquesta forma de pagament \u00e9s v\u00e0lida \u00fanicament a la web.<\/p>\n\n\n\n<p>Quan l&#039;import d&#039;una compra hagi estat carregat fraudulentament o indegudament utilitzant el n\u00famero d&#039;una targeta de pagament, el titular pot exigir l&#039;anul\u00b7laci\u00f3 immediata del c\u00e0rrec. En aquest cas, les corresponents anotacions de c\u00e0rrec i reabonament en els comptes del prove\u00efdor i del titular s&#039;han de fer com m\u00e9s aviat millor.<\/p>\n\n\n\n<p>No obstant aix\u00f2, si la compra hagu\u00e9s estat efectivament realitzada pel titular de la targeta i l&#039;exig\u00e8ncia de devoluci\u00f3 no fos conseq\u00fc\u00e8ncia d&#039;haver-se exercit el dret de desistiment o de resoluci\u00f3 i, per tant, hagu\u00e9s exigit indegudament l&#039;anul\u00b7laci\u00f3 del corresponent c\u00e0rrec, aquell quedar\u00e0 obligat davant de la fundaci\u00f3 de les arts contemplades les conseq\u00fc\u00e8ncies.<\/p>\n\n\n\n<p><strong>Execuci\u00f3 de la comanda<\/strong><\/p>\n\n\n\n<p>FUNDACI\u00d3 LABORATORI D&#039;ARTS CONTEMPLATIVES (LAC) es compromet a lliurar la comanda en el termini seg\u00fcent: El client podr\u00e0 visualitzar el temps de lliurament estimat abans de finalitzar la comanda.<\/p>\n\n\n\n<p>La disponibilitat dels productes oferts per FUNDACI\u00d3 LABORATORI D&#039;ARTS CONTEMPLATIVES (LAC) pot variar en funci\u00f3 de la demanda dels clients. Tot i que FUNDACI\u00d3 LABORATORI D&#039;ARTS CONTEMPLATIVES (LAC) actualitza l&#039;estoc peri\u00f2dicament, el producte sol\u00b7licitat pel client podria estar esgotat en aquell moment.<\/p>\n\n\n\n<p>En cas de no execuci\u00f3 per indisponibilitat, FUNDACI\u00d3 LABORATORI D&#039;ARTS CONTEMPLATIVES (LAC) procedir\u00e0 de la manera seg\u00fcent: Per operativa de la web no \u00e9s possible comprar productes que no disposin d&#039;estoc. En aquest cas, es contactar\u00e0 amb el client per informar, oferint-li l&#039;alternativa de fer un canvi o b\u00e9 procedir al reemborsament.<\/p>\n\n\n\n<p><strong>Dret de desistiment<\/strong><\/p>\n\n\n\n<p>El comprador disposar\u00e0 d&#039;un termini de catorze dies naturals per desistir, a partir del dia que el client rebi el producte, sense cap penalitzaci\u00f3 i sense indicaci\u00f3 dels motius.<\/p>\n\n\n\n<p>El client haur\u00e0 de tornar els productes objecte de desistiment sense cap demora indeguda i en qualsevol cas com a molt tard en el termini de 14 dies naturals a partir de la data en qu\u00e8 es comuniqui la seva decisi\u00f3 de desistiment.<\/p>\n\n\n\n<p>La devoluci\u00f3 de l&#039;import corresponent al desistiment es realitzar\u00e0 en un termini de 14 dies naturals des de la data en qu\u00e8 hagi estat comunicada efectivament i inequ\u00edvoca la decisi\u00f3 de desistiment del contracte, i sempre que s&#039;hagin rebut pr\u00e8viament els b\u00e9ns o productes objecte de desistiment o fins que el consumidor i usuari hagi presentat una prova de la devoluci\u00f3 dels b\u00e9ns, segons quina condici\u00f3 es compleixi primer. En cas contrari, es pot retenir el desemborsament fins a la recepci\u00f3 dels b\u00e9ns esmentats o fins que el Client acrediti la devoluci\u00f3 dels b\u00e9ns.<\/p>\n\n\n\n<p>S&#039;informa a l&#039;usuari que nom\u00e9s ser\u00e0 responsable de la disminuci\u00f3 de valor dels b\u00e9ns resultant d&#039;una manipulaci\u00f3 diferent a la necess\u00e0ria per establir-ne la naturalesa, les caracter\u00edstiques o el funcionament.<\/p>\n\n\n\n<p><\/p>\n\n\n\n<p>L&#039;exercici del dret de desistiment haur\u00e0 de realitzar-se mitjan\u00e7ant notificaci\u00f3 a trav\u00e9s comunicaci\u00f3 telef\u00f2nica a 931358657, adre\u00e7ant-se al correu electr\u00f2nic paula@artscontemplatives.com, remetent el vostre escrit a la nostra adre\u00e7a postal CAMI CASTELL, S\/N,08511 TAVERTET(BARCELONA), o b\u00e9 a trav\u00e9s del formulari de desistiment.<\/p>\n\n\n\n<p>Segons el que estableix l&#039;article 103 de la Llei 3\/2014, de 27 de mar\u00e7, per la qual es modifica el text ref\u00f3s de la Llei general per a la defensa dels consumidors i usuaris, els subministraments de serveis o b\u00e9ns confeccionat d&#039;acord amb les especificacions del consumidor o clarament personalitzats, o que, per la seva naturalesa, no puguin ser tornats o puguin deteriorar-se o es puguin deteriorar o caure. El producte \u00e9s una de les excepcions seg\u00fcents:<\/p>\n\n\n\n<p>En concret s&#039;empara en la seg\u00fcent excepci\u00f3:<\/p>\n\n\n\n<p>El subministrament de b\u00e9ns confeccionats d&#039;acord amb les especificacions del consumidor i usuari o clarament personalitzats.<\/p>\n\n\n\n<p>La devoluci\u00f3<\/p>\n\n\n\n<p>FUNDACI\u00d3 LABORATORI D&#039;ARTS CONTEMPLATIUS (LAC) s&#039;encarregar\u00e0 de recollir el producte.<\/p>\n\n\n\n<p>El client es far\u00e0 c\u00e0rrec dels costos de retorn del producte.<\/p>\n\n\n\n<p>Reemborsament del pagament<\/p>\n\n\n\n<p>El reemborsament de les quantitats abonades pel client s&#039;ha de fer utilitzant els mateixos mitjans de pagament emprats per aquest, sempre que no s&#039;hagi disposat el contrari.<\/p>\n\n\n\n<p>FUNDACI\u00d3 LABORATORI D&#039;ARTS CONTEMPLATIUS (LAC) abonar\u00e0 les quantitats satisfetes pel client abans de 14 dies naturals des de la data de recepci\u00f3 del dret de desistiment.<\/p>\n\n\n\n<p>Excepte en cas que l&#039;entitat s&#039;hagi ofert a recollir ell mateix els b\u00e9ns, als contractes de venda, l&#039;entitat podr\u00e0 retenir el reemborsament fins haver rebut els b\u00e9ns, o fins que el consumidor i usuari hagi presentat una prova de la devoluci\u00f3 dels b\u00e9ns, segons quina condici\u00f3 es compleixi primer.<\/p>\n\n\n\n<p><strong>Devoluci\u00f3 del producte defectu\u00f3s<\/strong><\/p>\n\n\n\n<p>En el cas que el producte no estigui en bon estat i les causes imputables a aquest, no siguin conseq\u00fc\u00e8ncia del client, aquest tindr\u00e0 dret a la devoluci\u00f3 del producte, informant a FUNDACI\u00d3 LABORATORI D&#039;ARTS CONTEMPLATIUS (LAC) del motiu de devoluci\u00f3 a trav\u00e9s de qualsevol dels mitjans facilitats en les presents condicions de contractaci\u00f3, i sense cap cost per al client. Aquesta devoluci\u00f3 per motiu de defecte o mal estat del producte no es considera un dret de desistiment.<\/p>\n\n\n\n<p>FUNDACI\u00d3 LABORATORI D&#039;ARTS CONTEMPLATIVES (LAC) es compromet a assumir el cost de la devoluci\u00f3 ia restituir el producte per un de nou d&#039;acord amb condicions acceptades en el moment de la venda.<\/p>\n\n\n\n<p><strong>Reclamaci\u00f3<\/strong><\/p>\n\n\n\n<p>Si l&#039;usuari vol presentar una reclamaci\u00f3, cal que us poseu en contacte amb el correu electr\u00f2nic paula@artscontemplatives.com o per escrit a l&#039;adre\u00e7a CAMI CASTELL, S\/N,08511 TAVERTET(BARCELONA). Aix\u00ed mateix, FUNDACI\u00d3 LABORATORI D&#039;ARTS CONTEMPLATIUS (LAC) disposa de fulls oficials de reclamaci\u00f3 a disposici\u00f3 dels consumidors i usuaris.<\/p>","protected":false},"excerpt":{"rendered":"<p>4.5. CONDICIONES GENERALES DE CONTRATACI\u00d3N CONDICIONES GENERALES DE CONTRATACI\u00d3N &#8211; PRODUCTOS de https:\/\/cantir.art Informaci\u00f3n previa al proceso contractual La presente p\u00e1gina web https:\/\/cantir.art es propiedad de FUNDACI\u00d3 LABORATORI D&#8217;ARTS CONTEMPLATIVES&hellip;<\/p>","protected":false},"author":1,"featured_media":0,"parent":0,"menu_order":0,"comment_status":"closed","ping_status":"closed","template":"","meta":{"footnotes":""},"class_list":["post-5506","page","type-page","status-publish","hentry"],"yoast_head":"<!-- This site is optimized with the Yoast SEO plugin v26.9 - https:\/\/yoast.com\/product\/yoast-seo-wordpress\/ -->\n<title>T\u00e9rminos y Condiciones - C\u00e0ntir<\/title>\n<meta name=\"robots\" content=\"index, follow, max-snippet:-1, max-image-preview:large, max-video-preview:-1\" \/>\n<link rel=\"canonical\" href=\"https:\/\/cantir.art\/ca\/condiciones-generales-de-contratacion\/\" \/>\n<meta property=\"og:locale\" content=\"ca_ES\" \/>\n<meta property=\"og:type\" content=\"article\" \/>\n<meta property=\"og:title\" content=\"T\u00e9rminos y Condiciones - C\u00e0ntir\" \/>\n<meta property=\"og:description\" content=\"4.5. CONDICIONES GENERALES DE CONTRATACI\u00d3N CONDICIONES GENERALES DE CONTRATACI\u00d3N &#8211; PRODUCTOS de https:\/\/cantir.art Informaci\u00f3n previa al proceso contractual La presente p\u00e1gina web https:\/\/cantir.art es propiedad de FUNDACI\u00d3 LABORATORI D&#8217;ARTS CONTEMPLATIVES&hellip;\" \/>\n<meta property=\"og:url\" content=\"https:\/\/cantir.art\/ca\/condiciones-generales-de-contratacion\/\" \/>\n<meta property=\"og:site_name\" content=\"C\u00e0ntir\" \/>\n<meta property=\"article:modified_time\" content=\"2025-02-12T15:41:20+00:00\" \/>\n<meta name=\"twitter:card\" content=\"summary_large_image\" \/>\n<script type=\"application\/ld+json\" class=\"yoast-schema-graph\">{\"@context\":\"https:\/\/schema.org\",\"@graph\":[{\"@type\":\"WebPage\",\"@id\":\"https:\/\/cantir.art\/condiciones-generales-de-contratacion\/\",\"url\":\"https:\/\/cantir.art\/condiciones-generales-de-contratacion\/\",\"name\":\"T\u00e9rminos y Condiciones - C\u00e0ntir\",\"isPartOf\":{\"@id\":\"https:\/\/cantir.art\/#website\"},\"datePublished\":\"2025-02-12T15:32:51+00:00\",\"dateModified\":\"2025-02-12T15:41:20+00:00\",\"breadcrumb\":{\"@id\":\"https:\/\/cantir.art\/condiciones-generales-de-contratacion\/#breadcrumb\"},\"inLanguage\":\"ca\",\"potentialAction\":[{\"@type\":\"ReadAction\",\"target\":[\"https:\/\/cantir.art\/condiciones-generales-de-contratacion\/\"]}]},{\"@type\":\"BreadcrumbList\",\"@id\":\"https:\/\/cantir.art\/condiciones-generales-de-contratacion\/#breadcrumb\",\"itemListElement\":[{\"@type\":\"ListItem\",\"position\":1,\"name\":\"Portada\",\"item\":\"https:\/\/cantir.art\/\"},{\"@type\":\"ListItem\",\"position\":2,\"name\":\"T\u00e9rminos y Condiciones\"}]},{\"@type\":\"WebSite\",\"@id\":\"https:\/\/cantir.art\/#website\",\"url\":\"https:\/\/cantir.art\/\",\"name\":\"C\u00e0ntir\",\"description\":\"Simbolismo budista y est\u00e9tica mediterr\u00e1nea en objetos que conectan pr\u00e1ctica y cotidianidad\",\"publisher\":{\"@id\":\"https:\/\/cantir.art\/#organization\"},\"potentialAction\":[{\"@type\":\"SearchAction\",\"target\":{\"@type\":\"EntryPoint\",\"urlTemplate\":\"https:\/\/cantir.art\/?s={search_term_string}\"},\"query-input\":{\"@type\":\"PropertyValueSpecification\",\"valueRequired\":true,\"valueName\":\"search_term_string\"}}],\"inLanguage\":\"ca\"},{\"@type\":\"Organization\",\"@id\":\"https:\/\/cantir.art\/#organization\",\"name\":\"C\u00e0ntir\",\"url\":\"https:\/\/cantir.art\/\",\"logo\":{\"@type\":\"ImageObject\",\"inLanguage\":\"ca\",\"@id\":\"https:\/\/cantir.art\/#\/schema\/logo\/image\/\",\"url\":\"https:\/\/i0.wp.com\/cantir.art\/wp-content\/uploads\/2025\/01\/cantir-10.png?fit=2551%2C1060&ssl=1\",\"contentUrl\":\"https:\/\/i0.wp.com\/cantir.art\/wp-content\/uploads\/2025\/01\/cantir-10.png?fit=2551%2C1060&ssl=1\",\"width\":2551,\"height\":1060,\"caption\":\"C\u00e0ntir\"},\"image\":{\"@id\":\"https:\/\/cantir.art\/#\/schema\/logo\/image\/\"}}]}<\/script>\n<!-- \/ Yoast SEO plugin. -->","yoast_head_json":{"title":"T\u00e9rminos y Condiciones - C\u00e0ntir","robots":{"index":"index","follow":"follow","max-snippet":"max-snippet:-1","max-image-preview":"max-image-preview:large","max-video-preview":"max-video-preview:-1"},"canonical":"https:\/\/cantir.art\/ca\/condiciones-generales-de-contratacion\/","og_locale":"ca_ES","og_type":"article","og_title":"T\u00e9rminos y Condiciones - C\u00e0ntir","og_description":"4.5. CONDICIONES GENERALES DE CONTRATACI\u00d3N CONDICIONES GENERALES DE CONTRATACI\u00d3N &#8211; PRODUCTOS de https:\/\/cantir.art Informaci\u00f3n previa al proceso contractual La presente p\u00e1gina web https:\/\/cantir.art es propiedad de FUNDACI\u00d3 LABORATORI D&#8217;ARTS CONTEMPLATIVES&hellip;","og_url":"https:\/\/cantir.art\/ca\/condiciones-generales-de-contratacion\/","og_site_name":"C\u00e0ntir","article_modified_time":"2025-02-12T15:41:20+00:00","twitter_card":"summary_large_image","schema":{"@context":"https:\/\/schema.org","@graph":[{"@type":"WebPage","@id":"https:\/\/cantir.art\/condiciones-generales-de-contratacion\/","url":"https:\/\/cantir.art\/condiciones-generales-de-contratacion\/","name":"T\u00e9rminos y Condiciones - C\u00e0ntir","isPartOf":{"@id":"https:\/\/cantir.art\/#website"},"datePublished":"2025-02-12T15:32:51+00:00","dateModified":"2025-02-12T15:41:20+00:00","breadcrumb":{"@id":"https:\/\/cantir.art\/condiciones-generales-de-contratacion\/#breadcrumb"},"inLanguage":"ca","potentialAction":[{"@type":"ReadAction","target":["https:\/\/cantir.art\/condiciones-generales-de-contratacion\/"]}]},{"@type":"BreadcrumbList","@id":"https:\/\/cantir.art\/condiciones-generales-de-contratacion\/#breadcrumb","itemListElement":[{"@type":"ListItem","position":1,"name":"Portada","item":"https:\/\/cantir.art\/"},{"@type":"ListItem","position":2,"name":"T\u00e9rminos y Condiciones"}]},{"@type":"WebSite","@id":"https:\/\/cantir.art\/#website","url":"https:\/\/cantir.art\/","name":"C\u00e0ntir","description":"Simbolisme budista i est\u00e8tica mediterr\u00e0nia en objectes que connecten pr\u00e0ctica i quotidianitat","publisher":{"@id":"https:\/\/cantir.art\/#organization"},"potentialAction":[{"@type":"SearchAction","target":{"@type":"EntryPoint","urlTemplate":"https:\/\/cantir.art\/?s={search_term_string}"},"query-input":{"@type":"PropertyValueSpecification","valueRequired":true,"valueName":"search_term_string"}}],"inLanguage":"ca"},{"@type":"Organization","@id":"https:\/\/cantir.art\/#organization","name":"C\u00e0ntir","url":"https:\/\/cantir.art\/","logo":{"@type":"ImageObject","inLanguage":"ca","@id":"https:\/\/cantir.art\/#\/schema\/logo\/image\/","url":"https:\/\/i0.wp.com\/cantir.art\/wp-content\/uploads\/2025\/01\/cantir-10.png?fit=2551%2C1060&ssl=1","contentUrl":"https:\/\/i0.wp.com\/cantir.art\/wp-content\/uploads\/2025\/01\/cantir-10.png?fit=2551%2C1060&ssl=1","width":2551,"height":1060,"caption":"C\u00e0ntir"},"image":{"@id":"https:\/\/cantir.art\/#\/schema\/logo\/image\/"}}]}},"jetpack_sharing_enabled":true,"_links":{"self":[{"href":"https:\/\/cantir.art\/ca\/wp-json\/wp\/v2\/pages\/5506","targetHints":{"allow":["GET"]}}],"collection":[{"href":"https:\/\/cantir.art\/ca\/wp-json\/wp\/v2\/pages"}],"about":[{"href":"https:\/\/cantir.art\/ca\/wp-json\/wp\/v2\/types\/page"}],"author":[{"embeddable":true,"href":"https:\/\/cantir.art\/ca\/wp-json\/wp\/v2\/users\/1"}],"replies":[{"embeddable":true,"href":"https:\/\/cantir.art\/ca\/wp-json\/wp\/v2\/comments?post=5506"}],"version-history":[{"count":3,"href":"https:\/\/cantir.art\/ca\/wp-json\/wp\/v2\/pages\/5506\/revisions"}],"predecessor-version":[{"id":5519,"href":"https:\/\/cantir.art\/ca\/wp-json\/wp\/v2\/pages\/5506\/revisions\/5519"}],"wp:attachment":[{"href":"https:\/\/cantir.art\/ca\/wp-json\/wp\/v2\/media?parent=5506"}],"curies":[{"name":"wp","href":"https:\/\/api.w.org\/{rel}","templated":true}]}}