{"id":5512,"date":"2025-02-12T16:39:10","date_gmt":"2025-02-12T15:39:10","guid":{"rendered":"https:\/\/cantir.art\/?page_id=5512"},"modified":"2025-03-01T17:58:46","modified_gmt":"2025-03-01T16:58:46","slug":"aviso-legal","status":"publish","type":"page","link":"https:\/\/cantir.art\/ca\/aviso-legal\/","title":{"rendered":"Av\u00eds Legal"},"content":{"rendered":"<p>En cumplimiento de la Ley 34\/2002, de 11 de julio, de Servicios de la Sociedad de la Informaci\u00f3n y de Comercio Electr\u00f3nico (LSSI-CE), FUNDACI\u00d3 LABORATORI D&#8217;ARTS CONTEMPLATIVES (LAC) informa que es titular del sitio web. De acuerdo con la exigencia del art\u00edculo 10 de la citada Ley, FUNDACI\u00d3 LABORATORI D&#8217;ARTS CONTEMPLATIVES (LAC) informa de los siguientes datos:<\/p>\n\n\n\n<p><strong>RAZ\u00d3N SOCIAL <\/strong>FUNDACI\u00d3 LABORATORI D\u2019ARTS CONTEMPLATIVES (LAC)<br><strong>NIF<\/strong> G10825867<br><strong>DOMINI<\/strong>&nbsp;<a href=\"https:\/\/cantir.art\/ca\/?customize_changeset_uuid=f20ffa8d-9c0e-465b-9930-17b72ad77412&amp;customize_autosaved=on&amp;customize_messenger_channel=preview-4\">https:\/\/cantir.art<\/a><br><strong>DIRECCI\u00d3N POSTAL<\/strong> CAMI CASTELL, S\/N, 08511 \u2013 TAVERTET (BARCELONA),&nbsp;<br><strong>DIRECCI\u00d3N ELECTR\u00d3NICA<\/strong> paula@artscontemplatives.com<br><strong>TEL\u00c9FONOS<\/strong> 931358657<\/p>\n\n\n\n<p><strong>Usuario y r\u00e9gimen de responsabilidades<\/strong><\/p>\n\n\n\n<p>La navegaci\u00f3n, acceso y uso por el sitio web de FUNDACI\u00d3 LABORATORI D&#8217;ARTS CONTEMPLATIVES (LAC) confiere la condici\u00f3n de usuario.<\/p>\n\n\n\n<p>El sitio web de FUNDACI\u00d3 LABORATORI D&#8217;ARTS CONTEMPLATIVES (LAC) proporciona gran diversidad de informaci\u00f3n, servicios y datos. El usuario asume su responsabilidad en el uso correcto del sitio web. Esta responsabilidad se extender\u00e1 a:<\/p>\n\n\n\n<ul class=\"wp-block-list\">\n<li>&#8211; La veracidad y licitud de las informaciones aportadas por el usuario en los formularios extendidos por FUNDACI\u00d3 LABORATORI D&#8217;ARTS CONTEMPLATIVES (LAC) para el acceso a ciertos contenidos o servicios ofrecidos por el web.<\/li>\n\n\n\n<li>&#8211; El uso de la informaci\u00f3n, servicios y datos ofrecidos por FUNDACI\u00d3 LABORATORI D&#8217;ARTS CONTEMPLATIVES (LAC) contrariamente a lo dispuesto por las presentes condiciones, la Ley, la moral, las buenas costumbres o el orden p\u00fablico, o que de cualquier otro modo puedan suponer lesi\u00f3n de los derechos de terceros o del mismo funcionamiento del sitio web.<\/li>\n<\/ul>\n\n\n\n<p><strong>Pol\u00edtica de enlaces y exenciones de responsabilidad<\/strong><\/p>\n\n\n\n<p>FUNDACI\u00d3 LABORATORI D&#8217;ARTS CONTEMPLATIVES (LAC) no se hace responsable del contenido de los sitios web a los que el usuario pueda acceder a trav\u00e9s de los enlaces establecidos en su sitio web, siempre que no tenga conocimiento efectivo de que la actividad o la informaci\u00f3n a la que remite o recomienda es il\u00edcita o de que lesiona bienes o derechos de un tercero susceptibles de indemnizaci\u00f3n, o, en caso de tenerlo, act\u00fae con diligencia para suprimir o inutilizar el enlace correspondiente.<\/p>\n\n\n\n<p>Se entender\u00e1 que FUNDACI\u00d3 LABORATORI D&#8217;ARTS CONTEMPLATIVES (LAC) tiene el conocimiento efectivo a que se refiere el p\u00e1rrafo anterior cuando un \u00f3rgano competente haya declarado la ilicitud de los datos, ordenado su retirada o que se imposibilite el acceso a los mismos, o se hubiera declarado la existencia de la lesi\u00f3n, y FUNDACI\u00d3 LABORATORI D&#8217;ARTS CONTEMPLATIVES (LAC) conociera la correspondiente resoluci\u00f3n, sin perjuicio de los procedimientos de detecci\u00f3n y retirada de contenidos que FUNDACI\u00d3 LABORATORI D&#8217;ARTS CONTEMPLATIVES (LAC) aplique en virtud de acuerdos voluntarios y de otros medios de conocimiento efectivo que pudieran establecerse.<\/p>\n\n\n\n<p>FUNDACI\u00d3 LABORATORI D&#8217;ARTS CONTEMPLATIVES (LAC) declara haber adoptado todas las medidas necesarias para evitar cualquier da\u00f1o a los usuarios de su sitio web, que pudieran derivarse de la navegaci\u00f3n por su sitio web. En consecuencia, FUNDACI\u00d3 LABORATORI D&#8217;ARTS CONTEMPLATIVES (LAC) no se hace responsable, en ning\u00fan caso, de los eventuales da\u00f1os que por la navegaci\u00f3n por Internet pudiera sufrir el usuario. Asimismo, tampoco garantizar\u00e1 la disponibilidad t\u00e9cnica, exactitud, veracidad, validez o legalidad de sitios ajenos a su propiedad a los que se pueda acceder por medio de los enlaces.<\/p>\n\n\n\n<p><strong>Modificaciones<\/strong><\/p>\n\n\n\n<p>FUNDACI\u00d3 LABORATORI D&#8217;ARTS CONTEMPLATIVES (LAC) se reserva la facultad de efectuar, en cualquier momento y sin necesidad de previo aviso, modificaciones y actualizaciones de la informaci\u00f3n contenida en su sitio web o en la configuraci\u00f3n y presentaci\u00f3n de esta. Con objeto de mantener actualizada la informaci\u00f3n publicada, los contenidos del mismo podr\u00e1n ser modificados, corregidos, eliminados o a\u00f1adidos en cualquier momento, por cualquier forma admisible en derecho.<\/p>\n\n\n\n<p><strong>Indicaci\u00f3n de precios<\/strong><\/p>\n\n\n\n<p>En caso de que se muestren precios de productos y\/o servicios, los indicados en pantalla ser\u00e1n los vigentes en cada momento. Los precios ser\u00e1n indicados en euros y tendr\u00e1n incorporado el Impuesto sobre el Valor A\u00f1adido (IVA). En caso de que no se incorpore el IVA en el precio, se indicar\u00e1 de manera expresa y se permitir\u00e1 al usuario visualizar el precio final completo.<\/p>\n\n\n\n<p>Asimismo, si fuera aplicable cualquier otro impuesto, as\u00ed se indicar\u00eda, incluyendo, en su caso, el importe de los incrementos o descuentos que sean de aplicaci\u00f3n a la oferta y los gastos adicionales que puedan repercutir al consumidor o usuario.<\/p>\n\n\n\n<p><strong>Propiedad intelectual e industrial<\/strong><\/p>\n\n\n\n<p>FUNDACI\u00d3 LABORATORI D&#8217;ARTS CONTEMPLATIVES (LAC) por s\u00ed misma o como cesionaria, es titular de todos los derechos de propiedad intelectual e industrial de su p\u00e1gina web, as\u00ed como de los elementos contenidos en la misma (a t\u00edtulo enunciativo, im\u00e1genes, sonido, audio, v\u00eddeo, software o textos; marcas o logotipos, combinaciones de colores, estructura y dise\u00f1o, selecci\u00f3n de materiales usados, programas de ordenador necesarios para su funcionamiento, acceso y uso, etc.), titularidad de FUNDACI\u00d3 LABORATORI D&#8217;ARTS CONTEMPLATIVES (LAC). Ser\u00e1n, por consiguiente, obras protegidas como propiedad intelectual por el ordenamiento jur\u00eddico espa\u00f1ol, si\u00e9ndoles aplicables tanto la normativa espa\u00f1ola y comunitaria en este campo, como los tratados internacionales relativos a la materia y suscritos por Espa\u00f1a.<\/p>\n\n\n\n<p>Todos los derechos reservados. En virtud de lo dispuesto en la Ley de Propiedad Intelectual, quedan expresamente prohibidas la reproducci\u00f3n, la distribuci\u00f3n y la comunicaci\u00f3n p\u00fablica, incluida su modalidad de puesta a disposici\u00f3n, de la totalidad o parte de los contenidos de esta p\u00e1gina web, con fines comerciales, en cualquier soporte y por cualquier medio t\u00e9cnico, sin la autorizaci\u00f3n de FUNDACI\u00d3 LABORATORI D&#8217;ARTS CONTEMPLATIVES (LAC).<\/p>\n\n\n\n<p>El usuario se compromete a respetar los derechos de Propiedad Intelectual e Industrial titularidad de FUNDACI\u00d3 LABORATORI D&#8217;ARTS CONTEMPLATIVES (LAC). Podr\u00e1 visualizar los elementos del portal e incluso imprimirlos, copiarlos y almacenarlos en el disco duro de su ordenador o en cualquier otro soporte f\u00edsico siempre y cuando sea, \u00fanica y exclusivamente, para su uso personal y privado. El usuario deber\u00e1 abstenerse de suprimir, alterar, eludir o manipular cualquier dispositivo de protecci\u00f3n o sistema de seguridad que estuviera instalado en las p\u00e1ginas de FUNDACI\u00d3 LABORATORI D&#8217;ARTS CONTEMPLATIVES (LAC).<\/p>\n\n\n\n<p><strong>Certificado SSL (secure sockets layer)<\/strong><\/p>\n\n\n\n<p>El CERTIFICADO SSL proporciona autenticaci\u00f3n, privacidad y seguridad de la informaci\u00f3n entre FUNDACI\u00d3 LABORATORI D&#8217;ARTS CONTEMPLATIVES (LAC) y el usuario.<\/p>\n\n\n\n<p>FUNDACI\u00d3 LABORATORI D&#8217;ARTS CONTEMPLATIVES (LAC) dispone de un certificado de seguridad que se utiliza por CERTIFICADO SSL para realizar conexiones seguras.<\/p>\n\n\n\n<p>En este proceso se establecen varios par\u00e1metros para realizar la conexi\u00f3n de forma segura y se establece usando llaves preestablecidas, codificando y descodificando todos los datos enviados hasta que la conexi\u00f3n sea cerrada.<\/p>\n\n\n\n<p><strong>Acciones legales, legislaci\u00f3n aplicable y jurisdicci\u00f3n<\/strong><\/p>\n\n\n\n<p>Si el usuario desea presentar una reclamaci\u00f3n, deber\u00e1 contactar mediante el correo electr\u00f3nico paula@artscontemplatives.com. Asimismo, FUNDACI\u00d3 LABORATORI D&#8217;ARTS CONTEMPLATIVES (LAC) dispone de hojas oficiales de reclamaci\u00f3n a disposici\u00f3n de los consumidores y usuarios.<\/p>\n\n\n\n<p>FUNDACI\u00d3 LABORATORI D&#8217;ARTS CONTEMPLATIVES (LAC) se reserva la facultad de presentar las acciones civiles o penales que considere oportunas por la utilizaci\u00f3n indebida de su sitio web y contenidos, o por el incumplimiento de las presentes condiciones.<\/p>\n\n\n\n<p>La relaci\u00f3n entre el usuario y el prestador se regir\u00e1 por la normativa vigente y de aplicaci\u00f3n en el territorio espa\u00f1ol. De surgir cualquier controversia las partes podr\u00e1n someter sus conflictos a arbitraje o acudir a la jurisdicci\u00f3n ordinaria cumpliendo con las normas sobre jurisdicci\u00f3n y competencia al respecto.<\/p>\n\n\n\n<p>Los contratos celebrados por v\u00eda electr\u00f3nica en los que intervenga como parte un consumidor, se presumir\u00e1n celebrados en el lugar en que \u00e9ste tenga su residencia habitual.<\/p>\n\n\n\n<p>Los contratos electr\u00f3nicos entre empresarios o profesionales, en defecto de pacto entre las partes, se presumir\u00e1n celebrados en el lugar en que est\u00e9 establecido el prestador de servicios.<\/p>\n\n\n\n<p>De acuerdo con el Reglamento (UE) 524\/2013: La Comisi\u00f3n Europea, le informamos que usted tiene derecho a solicitar una resoluci\u00f3n extrajudicial de controversias en materia de consumo mediante una plataforma de resoluci\u00f3n de litigios en l\u00ednea, la cual se encuentra disponible en el siguiente enlace:&nbsp;https:\/\/ec.europa.eu\/consumers\/odr\/<\/p>\n\n\n\n<p><strong>\u00daltima actualizaci\u00f3n:&nbsp;<\/strong>6 de febrero de 2025<\/p>","protected":false},"excerpt":{"rendered":"<p>En cumplimiento de la Ley 34\/2002, de 11 de julio, de Servicios de la Sociedad de la Informaci\u00f3n y de Comercio Electr\u00f3nico (LSSI-CE), FUNDACI\u00d3 LABORATORI D&#8217;ARTS CONTEMPLATIVES (LAC) informa que&hellip;<\/p>","protected":false},"author":1,"featured_media":0,"parent":0,"menu_order":0,"comment_status":"closed","ping_status":"closed","template":"","meta":{"footnotes":""},"class_list":["post-5512","page","type-page","status-publish","hentry"],"yoast_head":"<!-- This site is optimized with the Yoast SEO plugin v26.9 - https:\/\/yoast.com\/product\/yoast-seo-wordpress\/ -->\n<title>Aviso Legal - C\u00e0ntir<\/title>\n<meta name=\"robots\" content=\"index, follow, max-snippet:-1, max-image-preview:large, max-video-preview:-1\" \/>\n<link rel=\"canonical\" href=\"https:\/\/cantir.art\/ca\/aviso-legal\/\" \/>\n<meta property=\"og:locale\" content=\"ca_ES\" \/>\n<meta property=\"og:type\" content=\"article\" \/>\n<meta property=\"og:title\" content=\"Aviso Legal - C\u00e0ntir\" \/>\n<meta property=\"og:description\" content=\"En cumplimiento de la Ley 34\/2002, de 11 de julio, de Servicios de la Sociedad de la Informaci\u00f3n y de Comercio Electr\u00f3nico (LSSI-CE), FUNDACI\u00d3 LABORATORI D&#8217;ARTS CONTEMPLATIVES (LAC) informa que&hellip;\" \/>\n<meta property=\"og:url\" content=\"https:\/\/cantir.art\/ca\/aviso-legal\/\" \/>\n<meta property=\"og:site_name\" content=\"C\u00e0ntir\" \/>\n<meta property=\"article:modified_time\" content=\"2025-03-01T16:58:46+00:00\" \/>\n<meta name=\"twitter:card\" content=\"summary_large_image\" \/>\n<script type=\"application\/ld+json\" class=\"yoast-schema-graph\">{\"@context\":\"https:\/\/schema.org\",\"@graph\":[{\"@type\":\"WebPage\",\"@id\":\"https:\/\/cantir.art\/aviso-legal\/\",\"url\":\"https:\/\/cantir.art\/aviso-legal\/\",\"name\":\"Aviso Legal - C\u00e0ntir\",\"isPartOf\":{\"@id\":\"https:\/\/cantir.art\/#website\"},\"datePublished\":\"2025-02-12T15:39:10+00:00\",\"dateModified\":\"2025-03-01T16:58:46+00:00\",\"breadcrumb\":{\"@id\":\"https:\/\/cantir.art\/aviso-legal\/#breadcrumb\"},\"inLanguage\":\"ca\",\"potentialAction\":[{\"@type\":\"ReadAction\",\"target\":[\"https:\/\/cantir.art\/aviso-legal\/\"]}]},{\"@type\":\"BreadcrumbList\",\"@id\":\"https:\/\/cantir.art\/aviso-legal\/#breadcrumb\",\"itemListElement\":[{\"@type\":\"ListItem\",\"position\":1,\"name\":\"Portada\",\"item\":\"https:\/\/cantir.art\/\"},{\"@type\":\"ListItem\",\"position\":2,\"name\":\"Aviso Legal\"}]},{\"@type\":\"WebSite\",\"@id\":\"https:\/\/cantir.art\/#website\",\"url\":\"https:\/\/cantir.art\/\",\"name\":\"C\u00e0ntir\",\"description\":\"Simbolismo budista y est\u00e9tica mediterr\u00e1nea en objetos que conectan pr\u00e1ctica y cotidianidad\",\"publisher\":{\"@id\":\"https:\/\/cantir.art\/#organization\"},\"potentialAction\":[{\"@type\":\"SearchAction\",\"target\":{\"@type\":\"EntryPoint\",\"urlTemplate\":\"https:\/\/cantir.art\/?s={search_term_string}\"},\"query-input\":{\"@type\":\"PropertyValueSpecification\",\"valueRequired\":true,\"valueName\":\"search_term_string\"}}],\"inLanguage\":\"ca\"},{\"@type\":\"Organization\",\"@id\":\"https:\/\/cantir.art\/#organization\",\"name\":\"C\u00e0ntir\",\"url\":\"https:\/\/cantir.art\/\",\"logo\":{\"@type\":\"ImageObject\",\"inLanguage\":\"ca\",\"@id\":\"https:\/\/cantir.art\/#\/schema\/logo\/image\/\",\"url\":\"https:\/\/i0.wp.com\/cantir.art\/wp-content\/uploads\/2025\/01\/cantir-10.png?fit=2551%2C1060&ssl=1\",\"contentUrl\":\"https:\/\/i0.wp.com\/cantir.art\/wp-content\/uploads\/2025\/01\/cantir-10.png?fit=2551%2C1060&ssl=1\",\"width\":2551,\"height\":1060,\"caption\":\"C\u00e0ntir\"},\"image\":{\"@id\":\"https:\/\/cantir.art\/#\/schema\/logo\/image\/\"}}]}<\/script>\n<!-- \/ Yoast SEO plugin. -->","yoast_head_json":{"title":"Aviso Legal - C\u00e0ntir","robots":{"index":"index","follow":"follow","max-snippet":"max-snippet:-1","max-image-preview":"max-image-preview:large","max-video-preview":"max-video-preview:-1"},"canonical":"https:\/\/cantir.art\/ca\/aviso-legal\/","og_locale":"ca_ES","og_type":"article","og_title":"Aviso Legal - C\u00e0ntir","og_description":"En cumplimiento de la Ley 34\/2002, de 11 de julio, de Servicios de la Sociedad de la Informaci\u00f3n y de Comercio Electr\u00f3nico (LSSI-CE), FUNDACI\u00d3 LABORATORI D&#8217;ARTS CONTEMPLATIVES (LAC) informa que&hellip;","og_url":"https:\/\/cantir.art\/ca\/aviso-legal\/","og_site_name":"C\u00e0ntir","article_modified_time":"2025-03-01T16:58:46+00:00","twitter_card":"summary_large_image","schema":{"@context":"https:\/\/schema.org","@graph":[{"@type":"WebPage","@id":"https:\/\/cantir.art\/aviso-legal\/","url":"https:\/\/cantir.art\/aviso-legal\/","name":"Aviso Legal - C\u00e0ntir","isPartOf":{"@id":"https:\/\/cantir.art\/#website"},"datePublished":"2025-02-12T15:39:10+00:00","dateModified":"2025-03-01T16:58:46+00:00","breadcrumb":{"@id":"https:\/\/cantir.art\/aviso-legal\/#breadcrumb"},"inLanguage":"ca","potentialAction":[{"@type":"ReadAction","target":["https:\/\/cantir.art\/aviso-legal\/"]}]},{"@type":"BreadcrumbList","@id":"https:\/\/cantir.art\/aviso-legal\/#breadcrumb","itemListElement":[{"@type":"ListItem","position":1,"name":"Portada","item":"https:\/\/cantir.art\/"},{"@type":"ListItem","position":2,"name":"Aviso Legal"}]},{"@type":"WebSite","@id":"https:\/\/cantir.art\/#website","url":"https:\/\/cantir.art\/","name":"C\u00e0ntir","description":"Simbolisme budista i est\u00e8tica mediterr\u00e0nia en objectes que connecten pr\u00e0ctica i quotidianitat","publisher":{"@id":"https:\/\/cantir.art\/#organization"},"potentialAction":[{"@type":"SearchAction","target":{"@type":"EntryPoint","urlTemplate":"https:\/\/cantir.art\/?s={search_term_string}"},"query-input":{"@type":"PropertyValueSpecification","valueRequired":true,"valueName":"search_term_string"}}],"inLanguage":"ca"},{"@type":"Organization","@id":"https:\/\/cantir.art\/#organization","name":"C\u00e0ntir","url":"https:\/\/cantir.art\/","logo":{"@type":"ImageObject","inLanguage":"ca","@id":"https:\/\/cantir.art\/#\/schema\/logo\/image\/","url":"https:\/\/i0.wp.com\/cantir.art\/wp-content\/uploads\/2025\/01\/cantir-10.png?fit=2551%2C1060&ssl=1","contentUrl":"https:\/\/i0.wp.com\/cantir.art\/wp-content\/uploads\/2025\/01\/cantir-10.png?fit=2551%2C1060&ssl=1","width":2551,"height":1060,"caption":"C\u00e0ntir"},"image":{"@id":"https:\/\/cantir.art\/#\/schema\/logo\/image\/"}}]}},"jetpack_sharing_enabled":true,"_links":{"self":[{"href":"https:\/\/cantir.art\/ca\/wp-json\/wp\/v2\/pages\/5512","targetHints":{"allow":["GET"]}}],"collection":[{"href":"https:\/\/cantir.art\/ca\/wp-json\/wp\/v2\/pages"}],"about":[{"href":"https:\/\/cantir.art\/ca\/wp-json\/wp\/v2\/types\/page"}],"author":[{"embeddable":true,"href":"https:\/\/cantir.art\/ca\/wp-json\/wp\/v2\/users\/1"}],"replies":[{"embeddable":true,"href":"https:\/\/cantir.art\/ca\/wp-json\/wp\/v2\/comments?post=5512"}],"version-history":[{"count":3,"href":"https:\/\/cantir.art\/ca\/wp-json\/wp\/v2\/pages\/5512\/revisions"}],"predecessor-version":[{"id":5936,"href":"https:\/\/cantir.art\/ca\/wp-json\/wp\/v2\/pages\/5512\/revisions\/5936"}],"wp:attachment":[{"href":"https:\/\/cantir.art\/ca\/wp-json\/wp\/v2\/media?parent=5512"}],"curies":[{"name":"wp","href":"https:\/\/api.w.org\/{rel}","templated":true}]}}