{"id":3302,"date":"2021-05-06T11:09:48","date_gmt":"2021-05-06T11:09:48","guid":{"rendered":"https:\/\/konte.uix.store\/?post_type=product&#038;p=3302"},"modified":"2025-09-26T18:40:27","modified_gmt":"2025-09-26T16:40:27","slug":"mala-de-labradorita","status":"publish","type":"product","link":"https:\/\/cantir.art\/ca\/producte\/mala-de-labradorita\/","title":{"rendered":"Mala de Labradorita"},"content":{"rendered":"<div data-elementor-type=\"wp-post\" data-elementor-id=\"3302\" class=\"elementor elementor-3302\">\n\t\t\t\t<div class=\"elementor-element elementor-element-52048079 e-flex e-con-boxed e-con e-parent\" data-id=\"52048079\" data-element_type=\"container\">\n\t\t\t\t\t<div class=\"e-con-inner\">\n\t\t\t\t<div class=\"elementor-element elementor-element-14ef9cb8 elementor-widget elementor-widget-text-editor\" data-id=\"14ef9cb8\" data-element_type=\"widget\" data-widget_type=\"text-editor.default\">\n\t\t\t\t<div class=\"elementor-widget-container\">\n\t\t\t\t\t\t\t\t\t<p>El mala de labradorita \u00e9s una pe\u00e7a \u00fanica i especial dins del m\u00f3n dels males budistes. La labradorita \u00e9s un mineral que pertany al grup dels feldspats i es caracteritza pel seu impressionant efecte \u00f2ptic conegut com a pagesosc\u00e8ncia. Aquest fenomen crea reflexes iridiscents en tons blaus, verds i daurats quan la pedra \u00e9s exposada a la llum, atorgant-li una aparen\u00e7a m\u00e0gica i m\u00edstica. A causa d'aquestes qualitats, el dolenta de pag\u00e8s \u00e9s molt apreciat tant per la seva bellesa com pel seu significat espiritual.<\/p><p>En la tradici\u00f3n budista, los malas son herramientas esenciales para la meditaci\u00f3n y la recitaci\u00f3n de mantras. Se utilizan para contar repeticiones de mantras u oraciones, y son un soporte para la concentraci\u00f3n y el enfoque mental. Cada material con el que se confecciona un mala tiene un significado especial y una energ\u00eda particular.<\/p><p>En C\u00c0NTIR, nuestra tienda de objetos budistas y mediterr\u00e1neos, ofrecemos una cuidadosa selecci\u00f3n de malas budistas de alta calidad, elaborados con distintos materiales para adaptarse a las necesidades y preferencias de cada persona. Contamos con malas de <a href=\"https:\/\/cantir.art\/ca\/categoria-producte\/objetos\/males\/madera-malas\/\">madera<\/a>, malas de <a href=\"https:\/\/cantir.art\/ca\/categoria-producte\/objetos\/males\/semillas\/\">semillas<\/a> (de \u00e1rbol bodhi) y malas de <a href=\"https:\/\/cantir.art\/ca\/categoria-producte\/objetos\/males\/semillas\/\">minerales<\/a>. El mala de labradorita es una de nuestras opciones m\u00e1s especiales, perfecto tanto para la pr\u00e1ctica meditativa como para quienes buscan una pieza muy bonita. Adem\u00e1s, su tonalidad cambiante le da un car\u00e1cter \u00fanico, convirtiendo cada mala de labradorita en una joya singular e irrepetible.<\/p><p>Si est\u00e1s buscando un mala de labradorita o cualquier otro tipo de mala budista, en C\u00c0NTIR encontrar\u00e1s opciones seleccionadas con esmero y respetando la tradici\u00f3n. Creemos en la importancia de ofrecer objetos sencillos, bellos y funcionales.<\/p>\t\t\t\t\t\t\t\t<\/div>\n\t\t\t\t<\/div>\n\t\t\t\t\t<\/div>\n\t\t\t\t<\/div>\n\t\t\t\t<\/div>","protected":false},"excerpt":{"rendered":"<p><span style=\"font-weight: 400;\">Aquest Mala de labradorita destaca pels seus reflexos platejats que canvien en funci\u00f3 de la llum. Un Mala elegant de color gris trencat, elaborat artesanalment al Nepal. T\u00e9 108 comptes.<\/span><span style=\"font-weight: 400;\">\u00a0108 cuentas.\u00a0<\/span><\/p>","protected":false},"featured_media":6225,"comment_status":"open","ping_status":"closed","template":"elementor_theme","meta":[],"product_brand":[],"product_cat":[144,146],"product_tag":[147,148],"class_list":{"0":"post-3302","1":"product","2":"type-product","3":"status-publish","4":"has-post-thumbnail","6":"product_cat-malas","7":"product_cat-minerales","8":"product_tag-labradorita","9":"product_tag-mala","11":"first","12":"instock","13":"taxable","14":"shipping-taxable","15":"purchasable","16":"product-type-simple"},"supplier_id":null,"supplier_sku":"","barcode":null,"atum_controlled":true,"out_stock_date":null,"out_stock_threshold":null,"inheritable":false,"inbound_stock":0,"stock_on_hold":0,"sold_today":0,"sales_last_days":0,"reserved_stock":0,"customer_returns":0,"warehouse_damage":0,"lost_in_post":0,"other_logs":0,"out_stock_days":0,"lost_sales":0,"has_location":false,"update_date":"2026-04-14T02:05:41","atum_locations":[],"atum_stock_status":"instock","restock_status":false,"low_stock_amount":"","sales_update_date":"2026-04-14T02:05:41","calc_backorders":null,"yoast_head":"<!-- This site is optimized with the Yoast SEO plugin v26.9 - https:\/\/yoast.com\/product\/yoast-seo-wordpress\/ -->\n<title>Mala de Labradorita | C\u00c0NTIR \ud83d\udcff<\/title>\n<meta name=\"description\" content=\"Mala de Labradorita de Alta Calidad. Descubre este y otros productos en C\u00c0NTIR, la tienda de productos budistas y mediterr\u00e1neos.\" \/>\n<meta name=\"robots\" content=\"index, follow, max-snippet:-1, max-image-preview:large, max-video-preview:-1\" \/>\n<link rel=\"canonical\" href=\"https:\/\/cantir.art\/ca\/producte\/mala-de-labradorita\/\" \/>\n<meta property=\"og:locale\" content=\"ca_ES\" \/>\n<meta property=\"og:type\" content=\"article\" \/>\n<meta property=\"og:title\" content=\"Mala de Labradorita | C\u00c0NTIR \ud83d\udcff\" \/>\n<meta property=\"og:description\" content=\"Mala de Labradorita de Alta Calidad. Descubre este y otros productos en C\u00c0NTIR, la tienda de productos budistas y mediterr\u00e1neos.\" \/>\n<meta property=\"og:url\" content=\"https:\/\/cantir.art\/ca\/producte\/mala-de-labradorita\/\" \/>\n<meta property=\"og:site_name\" content=\"C\u00e0ntir\" \/>\n<meta property=\"article:modified_time\" content=\"2025-09-26T16:40:27+00:00\" \/>\n<meta property=\"og:image\" content=\"https:\/\/cantir.art\/wp-content\/uploads\/2025\/09\/MALA-MINERAL-LABRODORITA-GRIS-B-scaled-2.jpg\" \/>\n\t<meta property=\"og:image:width\" content=\"1922\" \/>\n\t<meta property=\"og:image:height\" content=\"2560\" \/>\n\t<meta property=\"og:image:type\" content=\"image\/jpeg\" \/>\n<meta name=\"twitter:card\" content=\"summary_large_image\" \/>\n<meta name=\"twitter:label1\" content=\"Temps estimat de lectura\" \/>\n\t<meta name=\"twitter:data1\" content=\"2 minuts\" \/>\n<script type=\"application\/ld+json\" class=\"yoast-schema-graph\">{\"@context\":\"https:\/\/schema.org\",\"@graph\":[{\"@type\":\"WebPage\",\"@id\":\"https:\/\/cantir.art\/producto\/mala-de-labradorita\/\",\"url\":\"https:\/\/cantir.art\/producto\/mala-de-labradorita\/\",\"name\":\"Mala de Labradorita | C\u00c0NTIR \ud83d\udcff\",\"isPartOf\":{\"@id\":\"https:\/\/cantir.art\/#website\"},\"primaryImageOfPage\":{\"@id\":\"https:\/\/cantir.art\/producto\/mala-de-labradorita\/#primaryimage\"},\"image\":{\"@id\":\"https:\/\/cantir.art\/producto\/mala-de-labradorita\/#primaryimage\"},\"thumbnailUrl\":\"https:\/\/i0.wp.com\/cantir.art\/wp-content\/uploads\/2025\/09\/MALA-MINERAL-LABRODORITA-GRIS-B-scaled-2.jpg?fit=1922%2C2560&ssl=1\",\"datePublished\":\"2021-05-06T11:09:48+00:00\",\"dateModified\":\"2025-09-26T16:40:27+00:00\",\"description\":\"Mala de Labradorita de Alta Calidad. Descubre este y otros productos en C\u00c0NTIR, la tienda de productos budistas y mediterr\u00e1neos.\",\"breadcrumb\":{\"@id\":\"https:\/\/cantir.art\/producto\/mala-de-labradorita\/#breadcrumb\"},\"inLanguage\":\"ca\",\"potentialAction\":[{\"@type\":\"ReadAction\",\"target\":[\"https:\/\/cantir.art\/producto\/mala-de-labradorita\/\"]}]},{\"@type\":\"ImageObject\",\"inLanguage\":\"ca\",\"@id\":\"https:\/\/cantir.art\/producto\/mala-de-labradorita\/#primaryimage\",\"url\":\"https:\/\/i0.wp.com\/cantir.art\/wp-content\/uploads\/2025\/09\/MALA-MINERAL-LABRODORITA-GRIS-B-scaled-2.jpg?fit=1922%2C2560&ssl=1\",\"contentUrl\":\"https:\/\/i0.wp.com\/cantir.art\/wp-content\/uploads\/2025\/09\/MALA-MINERAL-LABRODORITA-GRIS-B-scaled-2.jpg?fit=1922%2C2560&ssl=1\",\"width\":1922,\"height\":2560},{\"@type\":\"BreadcrumbList\",\"@id\":\"https:\/\/cantir.art\/producto\/mala-de-labradorita\/#breadcrumb\",\"itemListElement\":[{\"@type\":\"ListItem\",\"position\":1,\"name\":\"Portada\",\"item\":\"https:\/\/cantir.art\/\"},{\"@type\":\"ListItem\",\"position\":2,\"name\":\"NEW Tienda\",\"item\":\"https:\/\/cantir.art\/en\/new-tienda\/\"},{\"@type\":\"ListItem\",\"position\":3,\"name\":\"Mala de Labradorita\"}]},{\"@type\":\"WebSite\",\"@id\":\"https:\/\/cantir.art\/#website\",\"url\":\"https:\/\/cantir.art\/\",\"name\":\"C\u00e0ntir\",\"description\":\"Simbolismo budista y est\u00e9tica mediterr\u00e1nea en objetos que conectan pr\u00e1ctica y cotidianidad\",\"publisher\":{\"@id\":\"https:\/\/cantir.art\/#organization\"},\"potentialAction\":[{\"@type\":\"SearchAction\",\"target\":{\"@type\":\"EntryPoint\",\"urlTemplate\":\"https:\/\/cantir.art\/?s={search_term_string}\"},\"query-input\":{\"@type\":\"PropertyValueSpecification\",\"valueRequired\":true,\"valueName\":\"search_term_string\"}}],\"inLanguage\":\"ca\"},{\"@type\":\"Organization\",\"@id\":\"https:\/\/cantir.art\/#organization\",\"name\":\"C\u00e0ntir\",\"url\":\"https:\/\/cantir.art\/\",\"logo\":{\"@type\":\"ImageObject\",\"inLanguage\":\"ca\",\"@id\":\"https:\/\/cantir.art\/#\/schema\/logo\/image\/\",\"url\":\"https:\/\/i0.wp.com\/cantir.art\/wp-content\/uploads\/2025\/01\/cantir-10.png?fit=2551%2C1060&ssl=1\",\"contentUrl\":\"https:\/\/i0.wp.com\/cantir.art\/wp-content\/uploads\/2025\/01\/cantir-10.png?fit=2551%2C1060&ssl=1\",\"width\":2551,\"height\":1060,\"caption\":\"C\u00e0ntir\"},\"image\":{\"@id\":\"https:\/\/cantir.art\/#\/schema\/logo\/image\/\"}}]}<\/script>\n<!-- \/ Yoast SEO plugin. -->","yoast_head_json":{"title":"Mala de Labradorita | C\u00c0NTIR \ud83d\udcff","description":"Mala de Labradorita de Alta Calidad. Descubre este y otros productos en C\u00c0NTIR, la tienda de productos budistas y mediterr\u00e1neos.","robots":{"index":"index","follow":"follow","max-snippet":"max-snippet:-1","max-image-preview":"max-image-preview:large","max-video-preview":"max-video-preview:-1"},"canonical":"https:\/\/cantir.art\/ca\/producte\/mala-de-labradorita\/","og_locale":"ca_ES","og_type":"article","og_title":"Mala de Labradorita | C\u00c0NTIR \ud83d\udcff","og_description":"Mala de Labradorita de Alta Calidad. Descubre este y otros productos en C\u00c0NTIR, la tienda de productos budistas y mediterr\u00e1neos.","og_url":"https:\/\/cantir.art\/ca\/producte\/mala-de-labradorita\/","og_site_name":"C\u00e0ntir","article_modified_time":"2025-09-26T16:40:27+00:00","og_image":[{"width":1922,"height":2560,"url":"https:\/\/cantir.art\/wp-content\/uploads\/2025\/09\/MALA-MINERAL-LABRODORITA-GRIS-B-scaled-2.jpg","type":"image\/jpeg"}],"twitter_card":"summary_large_image","twitter_misc":{"Temps estimat de lectura":"2 minuts"},"schema":{"@context":"https:\/\/schema.org","@graph":[{"@type":"WebPage","@id":"https:\/\/cantir.art\/producto\/mala-de-labradorita\/","url":"https:\/\/cantir.art\/producto\/mala-de-labradorita\/","name":"Mala de Labradorita | C\u00c0NTIR \ud83d\udcff","isPartOf":{"@id":"https:\/\/cantir.art\/#website"},"primaryImageOfPage":{"@id":"https:\/\/cantir.art\/producto\/mala-de-labradorita\/#primaryimage"},"image":{"@id":"https:\/\/cantir.art\/producto\/mala-de-labradorita\/#primaryimage"},"thumbnailUrl":"https:\/\/i0.wp.com\/cantir.art\/wp-content\/uploads\/2025\/09\/MALA-MINERAL-LABRODORITA-GRIS-B-scaled-2.jpg?fit=1922%2C2560&ssl=1","datePublished":"2021-05-06T11:09:48+00:00","dateModified":"2025-09-26T16:40:27+00:00","description":"Mala de Labradorita de Alta Calidad. Descubre este y otros productos en C\u00c0NTIR, la tienda de productos budistas y mediterr\u00e1neos.","breadcrumb":{"@id":"https:\/\/cantir.art\/producto\/mala-de-labradorita\/#breadcrumb"},"inLanguage":"ca","potentialAction":[{"@type":"ReadAction","target":["https:\/\/cantir.art\/producto\/mala-de-labradorita\/"]}]},{"@type":"ImageObject","inLanguage":"ca","@id":"https:\/\/cantir.art\/producto\/mala-de-labradorita\/#primaryimage","url":"https:\/\/i0.wp.com\/cantir.art\/wp-content\/uploads\/2025\/09\/MALA-MINERAL-LABRODORITA-GRIS-B-scaled-2.jpg?fit=1922%2C2560&ssl=1","contentUrl":"https:\/\/i0.wp.com\/cantir.art\/wp-content\/uploads\/2025\/09\/MALA-MINERAL-LABRODORITA-GRIS-B-scaled-2.jpg?fit=1922%2C2560&ssl=1","width":1922,"height":2560},{"@type":"BreadcrumbList","@id":"https:\/\/cantir.art\/producto\/mala-de-labradorita\/#breadcrumb","itemListElement":[{"@type":"ListItem","position":1,"name":"Portada","item":"https:\/\/cantir.art\/"},{"@type":"ListItem","position":2,"name":"NEW Tienda","item":"https:\/\/cantir.art\/en\/new-tienda\/"},{"@type":"ListItem","position":3,"name":"Mala de Labradorita"}]},{"@type":"WebSite","@id":"https:\/\/cantir.art\/#website","url":"https:\/\/cantir.art\/","name":"C\u00e0ntir","description":"Simbolisme budista i est\u00e8tica mediterr\u00e0nia en objectes que connecten pr\u00e0ctica i quotidianitat","publisher":{"@id":"https:\/\/cantir.art\/#organization"},"potentialAction":[{"@type":"SearchAction","target":{"@type":"EntryPoint","urlTemplate":"https:\/\/cantir.art\/?s={search_term_string}"},"query-input":{"@type":"PropertyValueSpecification","valueRequired":true,"valueName":"search_term_string"}}],"inLanguage":"ca"},{"@type":"Organization","@id":"https:\/\/cantir.art\/#organization","name":"C\u00e0ntir","url":"https:\/\/cantir.art\/","logo":{"@type":"ImageObject","inLanguage":"ca","@id":"https:\/\/cantir.art\/#\/schema\/logo\/image\/","url":"https:\/\/i0.wp.com\/cantir.art\/wp-content\/uploads\/2025\/01\/cantir-10.png?fit=2551%2C1060&ssl=1","contentUrl":"https:\/\/i0.wp.com\/cantir.art\/wp-content\/uploads\/2025\/01\/cantir-10.png?fit=2551%2C1060&ssl=1","width":2551,"height":1060,"caption":"C\u00e0ntir"},"image":{"@id":"https:\/\/cantir.art\/#\/schema\/logo\/image\/"}}]}},"jetpack_sharing_enabled":true,"_links":{"self":[{"href":"https:\/\/cantir.art\/ca\/wp-json\/wp\/v2\/product\/3302","targetHints":{"allow":["GET"]}}],"collection":[{"href":"https:\/\/cantir.art\/ca\/wp-json\/wp\/v2\/product"}],"about":[{"href":"https:\/\/cantir.art\/ca\/wp-json\/wp\/v2\/types\/product"}],"replies":[{"embeddable":true,"href":"https:\/\/cantir.art\/ca\/wp-json\/wp\/v2\/comments?post=3302"}],"version-history":[{"count":17,"href":"https:\/\/cantir.art\/ca\/wp-json\/wp\/v2\/product\/3302\/revisions"}],"predecessor-version":[{"id":5582,"href":"https:\/\/cantir.art\/ca\/wp-json\/wp\/v2\/product\/3302\/revisions\/5582"}],"wp:featuredmedia":[{"embeddable":true,"href":"https:\/\/cantir.art\/ca\/wp-json\/wp\/v2\/media\/6225"}],"wp:attachment":[{"href":"https:\/\/cantir.art\/ca\/wp-json\/wp\/v2\/media?parent=3302"}],"wp:term":[{"taxonomy":"product_brand","embeddable":true,"href":"https:\/\/cantir.art\/ca\/wp-json\/wp\/v2\/product_brand?post=3302"},{"taxonomy":"product_cat","embeddable":true,"href":"https:\/\/cantir.art\/ca\/wp-json\/wp\/v2\/product_cat?post=3302"},{"taxonomy":"product_tag","embeddable":true,"href":"https:\/\/cantir.art\/ca\/wp-json\/wp\/v2\/product_tag?post=3302"}],"curies":[{"name":"wp","href":"https:\/\/api.w.org\/{rel}","templated":true}]}}