{"id":3557,"date":"2024-12-21T13:12:24","date_gmt":"2024-12-21T12:12:24","guid":{"rendered":"https:\/\/cantir.art\/?post_type=product&#038;p=3557"},"modified":"2025-09-26T18:43:35","modified_gmt":"2025-09-26T16:43:35","slug":"mala-sandalo-blanco","status":"publish","type":"product","link":"https:\/\/cantir.art\/ca\/producte\/mala-sandalo-blanco\/","title":{"rendered":"Mala de s\u00e0ndal blanc"},"content":{"rendered":"<div data-elementor-type=\"wp-post\" data-elementor-id=\"3557\" class=\"elementor elementor-3557\">\n\t\t\t\t<div class=\"elementor-element elementor-element-52048079 e-flex e-con-boxed e-con e-parent\" data-id=\"52048079\" data-element_type=\"container\">\n\t\t\t\t\t<div class=\"e-con-inner\">\n\t\t\t\t<div class=\"elementor-element elementor-element-14ef9cb8 elementor-widget elementor-widget-text-editor\" data-id=\"14ef9cb8\" data-element_type=\"widget\" data-widget_type=\"text-editor.default\">\n\t\t\t\t<div class=\"elementor-widget-container\">\n\t\t\t\t\t\t\t\t\t<p data-pm-slice=\"1 1 []\">El mala budista de s\u00e0ndal blanc \u00e9s una opci\u00f3 elegant i refinada per als que busquen una pe\u00e7a \u00fanica i natural. Elaborat a l'\u00cdndia amb comptes de 8 mm de di\u00e0metre, aquest dolenta destaca per la seva bellesa i qualitat excepcional. El s\u00e0ndal blanc \u00e9s una fusta preciosa que es distingeix pel color crema p\u00e0l\u00b7lid amb subtils matisos daurats. La seva estructura densa i uniforme permet un polit excepcional, revelant una superf\u00edcie sedosa i suau al tacte. A m\u00e9s, el seu aroma dol\u00e7 i enfustat \u00e9s inconfusible, aportant una experi\u00e8ncia sensorial \u00fanica als qui l'utilitzen.\u00a0<\/p><h4 data-pm-slice=\"1 1 []\">Mala budista de s\u00e0ndal blanc<\/h4><p data-pm-slice=\"1 1 []\">La fusta de s\u00e0ndal blanc presenta un gra fi i compacte, cosa que li atorga una textura suau i una brillantor natural subtil. Aquesta combinaci\u00f3 de caracter\u00edstiques fa que el mala budista de s\u00e0ndal blanc no sigui nom\u00e9s una pe\u00e7a de gran est\u00e8tica, sin\u00f3 tamb\u00e9 un accessori durador i d'alta qualitat. La seva elaboraci\u00f3 a l'\u00cdndia segueix processos artesanals que garanteixen l'autenticitat i respecte per la tradici\u00f3 en cada detall.<\/p><h5>C\u00c0NTIR - botiga budista i objectes mediterranis<\/h5><p>A C\u00c0NTIR, oferim una selecci\u00f3 acurada de dolentes de diferents materials i formats. A m\u00e9s del mala budista de s\u00e0ndal blanc, comptem amb una varietat de males de s\u00e0ndal vermell, disponibles en diferents estils, tant plans com rodons. Aquests dolentes han estat creats per als que prefereixen una alternativa c\u00e0lida i vibrant dins de la gamma de fustes precioses. A la nostra botiga trobar\u00e0s una <a href=\"https:\/\/cantir.art\/ca\/categoria-producte\/objetos\/males\/madera-malas\/\">edici\u00f3 especial de males de s\u00e0ndal vermell<\/a> dissenyada per C\u00c0NTIR. Aquesta col\u00b7lecci\u00f3 exclusiva inclou marcadors que faciliten el recompte i aporten un disseny distintiu. Cada pe\u00e7a ha estat creada amb atenci\u00f3 al detall, combinant la tradici\u00f3 amb un enfocament est\u00e8tic contemporani.<\/p><p>C\u00c0NTIR sorgeix amb el prop\u00f2sit d'integrar el budisme al nostre estil de vida. Actua com un enlla\u00e7 entre el Dharma, la saviesa del Bouddha, i la cultura mediterr\u00e0nia. Ens basem en un objecte emblem\u00e0tic de la Mediterr\u00e0nia, emprat tant per guardar com per traslladar. Pots descobrir m\u00e9s sobre C\u00c0NTIR <a href=\"https:\/\/cantir.art\/ca\/cantir-neix-amb-la-voluntat-dacostar-el-budisme-a-la-nostra-manera-de-viure-es-un-pont-entre-el-dharma-lensenyanca-del-buda-i-la-nostra-cultura-agafem-com-a-simbol-un-instrument\/\"><em>aqu\u00ed<\/em><\/a>.<\/p>\t\t\t\t\t\t\t\t<\/div>\n\t\t\t\t<\/div>\n\t\t\t\t\t<\/div>\n\t\t\t\t<\/div>\n\t\t\t\t<\/div>","protected":false},"excerpt":{"rendered":"<p>Un b\u00e1sico. <span style=\"font-weight: 400;\">Mala tradicional de 108 comptes elaborat amb s\u00e0ndal blanc de l'\u00cdndia. Una pe\u00e7a cl\u00e0ssica que destaca per la seva eleg\u00e0ncia natural i la seva caracter\u00edstica aroma que ens transporta al seu lloc d'origen.\u00a0<\/span><\/p>\n<p><br style=\"font-weight: 400;\" \/><br style=\"font-weight: 400;\" \/><\/p>","protected":false},"featured_media":6227,"comment_status":"open","ping_status":"closed","template":"elementor_theme","meta":[],"product_brand":[],"product_cat":[145,144],"product_tag":[148,170],"class_list":{"0":"post-3557","1":"product","2":"type-product","3":"status-publish","4":"has-post-thumbnail","6":"product_cat-madera-malas","7":"product_cat-malas","8":"product_tag-mala","9":"product_tag-sandalo","11":"first","12":"instock","13":"taxable","14":"shipping-taxable","15":"purchasable","16":"product-type-simple"},"supplier_id":null,"supplier_sku":"","barcode":null,"atum_controlled":true,"out_stock_date":null,"out_stock_threshold":null,"inheritable":false,"inbound_stock":0,"stock_on_hold":0,"sold_today":0,"sales_last_days":0,"reserved_stock":0,"customer_returns":0,"warehouse_damage":0,"lost_in_post":0,"other_logs":0,"out_stock_days":0,"lost_sales":0,"has_location":false,"update_date":"2026-04-14T02:05:41","atum_locations":[],"atum_stock_status":"instock","restock_status":false,"low_stock_amount":"","sales_update_date":"2026-04-14T02:05:41","calc_backorders":null,"yoast_head":"<!-- This site is optimized with the Yoast SEO plugin v26.9 - https:\/\/yoast.com\/product\/yoast-seo-wordpress\/ -->\n<title>Mala budista de s\u00e1ndalo blanco | C\u00c0NTIR \ud83d\udcff<\/title>\n<meta name=\"description\" content=\"Mala budista de s\u00e1ndalo blanco. \u00bfConoces C\u00c0NTIR? Entra y encuentra este y otros malas hechos a mano as\u00ed como otros objetos budistas y mediterr\u00e1neos.\" \/>\n<meta name=\"robots\" content=\"index, follow, max-snippet:-1, max-image-preview:large, max-video-preview:-1\" \/>\n<link rel=\"canonical\" href=\"https:\/\/cantir.art\/ca\/producte\/mala-sandalo-blanco\/\" \/>\n<meta property=\"og:locale\" content=\"ca_ES\" \/>\n<meta property=\"og:type\" content=\"article\" \/>\n<meta property=\"og:title\" content=\"Mala budista de s\u00e1ndalo blanco | C\u00c0NTIR \ud83d\udcff\" \/>\n<meta property=\"og:description\" content=\"Mala budista de s\u00e1ndalo blanco. \u00bfConoces C\u00c0NTIR? Entra y encuentra este y otros malas hechos a mano as\u00ed como otros objetos budistas y mediterr\u00e1neos.\" \/>\n<meta property=\"og:url\" content=\"https:\/\/cantir.art\/ca\/producte\/mala-sandalo-blanco\/\" \/>\n<meta property=\"og:site_name\" content=\"C\u00e0ntir\" \/>\n<meta property=\"article:modified_time\" content=\"2025-09-26T16:43:35+00:00\" \/>\n<meta property=\"og:image\" content=\"https:\/\/cantir.art\/wp-content\/uploads\/2025\/09\/SANDALO-BLANCO-A-scaled-2.jpg\" \/>\n\t<meta property=\"og:image:width\" content=\"1922\" \/>\n\t<meta property=\"og:image:height\" content=\"2560\" \/>\n\t<meta property=\"og:image:type\" content=\"image\/jpeg\" \/>\n<meta name=\"twitter:card\" content=\"summary_large_image\" \/>\n<meta name=\"twitter:label1\" content=\"Temps estimat de lectura\" \/>\n\t<meta name=\"twitter:data1\" content=\"2 minuts\" \/>\n<script type=\"application\/ld+json\" class=\"yoast-schema-graph\">{\"@context\":\"https:\/\/schema.org\",\"@graph\":[{\"@type\":\"WebPage\",\"@id\":\"https:\/\/cantir.art\/producto\/mala-sandalo-blanco\/\",\"url\":\"https:\/\/cantir.art\/producto\/mala-sandalo-blanco\/\",\"name\":\"Mala budista de s\u00e1ndalo blanco | C\u00c0NTIR \ud83d\udcff\",\"isPartOf\":{\"@id\":\"https:\/\/cantir.art\/#website\"},\"primaryImageOfPage\":{\"@id\":\"https:\/\/cantir.art\/producto\/mala-sandalo-blanco\/#primaryimage\"},\"image\":{\"@id\":\"https:\/\/cantir.art\/producto\/mala-sandalo-blanco\/#primaryimage\"},\"thumbnailUrl\":\"https:\/\/i0.wp.com\/cantir.art\/wp-content\/uploads\/2025\/09\/SANDALO-BLANCO-A-scaled-2.jpg?fit=1922%2C2560&ssl=1\",\"datePublished\":\"2024-12-21T12:12:24+00:00\",\"dateModified\":\"2025-09-26T16:43:35+00:00\",\"description\":\"Mala budista de s\u00e1ndalo blanco. \u00bfConoces C\u00c0NTIR? Entra y encuentra este y otros malas hechos a mano as\u00ed como otros objetos budistas y mediterr\u00e1neos.\",\"breadcrumb\":{\"@id\":\"https:\/\/cantir.art\/producto\/mala-sandalo-blanco\/#breadcrumb\"},\"inLanguage\":\"ca\",\"potentialAction\":[{\"@type\":\"ReadAction\",\"target\":[\"https:\/\/cantir.art\/producto\/mala-sandalo-blanco\/\"]}]},{\"@type\":\"ImageObject\",\"inLanguage\":\"ca\",\"@id\":\"https:\/\/cantir.art\/producto\/mala-sandalo-blanco\/#primaryimage\",\"url\":\"https:\/\/i0.wp.com\/cantir.art\/wp-content\/uploads\/2025\/09\/SANDALO-BLANCO-A-scaled-2.jpg?fit=1922%2C2560&ssl=1\",\"contentUrl\":\"https:\/\/i0.wp.com\/cantir.art\/wp-content\/uploads\/2025\/09\/SANDALO-BLANCO-A-scaled-2.jpg?fit=1922%2C2560&ssl=1\",\"width\":1922,\"height\":2560},{\"@type\":\"BreadcrumbList\",\"@id\":\"https:\/\/cantir.art\/producto\/mala-sandalo-blanco\/#breadcrumb\",\"itemListElement\":[{\"@type\":\"ListItem\",\"position\":1,\"name\":\"Portada\",\"item\":\"https:\/\/cantir.art\/\"},{\"@type\":\"ListItem\",\"position\":2,\"name\":\"NEW Tienda\",\"item\":\"https:\/\/cantir.art\/en\/new-tienda\/\"},{\"@type\":\"ListItem\",\"position\":3,\"name\":\"Mala de s\u00e1ndalo blanco\"}]},{\"@type\":\"WebSite\",\"@id\":\"https:\/\/cantir.art\/#website\",\"url\":\"https:\/\/cantir.art\/\",\"name\":\"C\u00e0ntir\",\"description\":\"Simbolismo budista y est\u00e9tica mediterr\u00e1nea en objetos que conectan pr\u00e1ctica y cotidianidad\",\"publisher\":{\"@id\":\"https:\/\/cantir.art\/#organization\"},\"potentialAction\":[{\"@type\":\"SearchAction\",\"target\":{\"@type\":\"EntryPoint\",\"urlTemplate\":\"https:\/\/cantir.art\/?s={search_term_string}\"},\"query-input\":{\"@type\":\"PropertyValueSpecification\",\"valueRequired\":true,\"valueName\":\"search_term_string\"}}],\"inLanguage\":\"ca\"},{\"@type\":\"Organization\",\"@id\":\"https:\/\/cantir.art\/#organization\",\"name\":\"C\u00e0ntir\",\"url\":\"https:\/\/cantir.art\/\",\"logo\":{\"@type\":\"ImageObject\",\"inLanguage\":\"ca\",\"@id\":\"https:\/\/cantir.art\/#\/schema\/logo\/image\/\",\"url\":\"https:\/\/i0.wp.com\/cantir.art\/wp-content\/uploads\/2025\/01\/cantir-10.png?fit=2551%2C1060&ssl=1\",\"contentUrl\":\"https:\/\/i0.wp.com\/cantir.art\/wp-content\/uploads\/2025\/01\/cantir-10.png?fit=2551%2C1060&ssl=1\",\"width\":2551,\"height\":1060,\"caption\":\"C\u00e0ntir\"},\"image\":{\"@id\":\"https:\/\/cantir.art\/#\/schema\/logo\/image\/\"}}]}<\/script>\n<!-- \/ Yoast SEO plugin. -->","yoast_head_json":{"title":"Mala budista de s\u00e1ndalo blanco | C\u00c0NTIR \ud83d\udcff","description":"Mala budista de s\u00e1ndalo blanco. \u00bfConoces C\u00c0NTIR? Entra y encuentra este y otros malas hechos a mano as\u00ed como otros objetos budistas y mediterr\u00e1neos.","robots":{"index":"index","follow":"follow","max-snippet":"max-snippet:-1","max-image-preview":"max-image-preview:large","max-video-preview":"max-video-preview:-1"},"canonical":"https:\/\/cantir.art\/ca\/producte\/mala-sandalo-blanco\/","og_locale":"ca_ES","og_type":"article","og_title":"Mala budista de s\u00e1ndalo blanco | C\u00c0NTIR \ud83d\udcff","og_description":"Mala budista de s\u00e1ndalo blanco. \u00bfConoces C\u00c0NTIR? Entra y encuentra este y otros malas hechos a mano as\u00ed como otros objetos budistas y mediterr\u00e1neos.","og_url":"https:\/\/cantir.art\/ca\/producte\/mala-sandalo-blanco\/","og_site_name":"C\u00e0ntir","article_modified_time":"2025-09-26T16:43:35+00:00","og_image":[{"width":1922,"height":2560,"url":"https:\/\/cantir.art\/wp-content\/uploads\/2025\/09\/SANDALO-BLANCO-A-scaled-2.jpg","type":"image\/jpeg"}],"twitter_card":"summary_large_image","twitter_misc":{"Temps estimat de lectura":"2 minuts"},"schema":{"@context":"https:\/\/schema.org","@graph":[{"@type":"WebPage","@id":"https:\/\/cantir.art\/producto\/mala-sandalo-blanco\/","url":"https:\/\/cantir.art\/producto\/mala-sandalo-blanco\/","name":"Mala budista de s\u00e1ndalo blanco | C\u00c0NTIR \ud83d\udcff","isPartOf":{"@id":"https:\/\/cantir.art\/#website"},"primaryImageOfPage":{"@id":"https:\/\/cantir.art\/producto\/mala-sandalo-blanco\/#primaryimage"},"image":{"@id":"https:\/\/cantir.art\/producto\/mala-sandalo-blanco\/#primaryimage"},"thumbnailUrl":"https:\/\/i0.wp.com\/cantir.art\/wp-content\/uploads\/2025\/09\/SANDALO-BLANCO-A-scaled-2.jpg?fit=1922%2C2560&ssl=1","datePublished":"2024-12-21T12:12:24+00:00","dateModified":"2025-09-26T16:43:35+00:00","description":"Mala budista de s\u00e1ndalo blanco. \u00bfConoces C\u00c0NTIR? Entra y encuentra este y otros malas hechos a mano as\u00ed como otros objetos budistas y mediterr\u00e1neos.","breadcrumb":{"@id":"https:\/\/cantir.art\/producto\/mala-sandalo-blanco\/#breadcrumb"},"inLanguage":"ca","potentialAction":[{"@type":"ReadAction","target":["https:\/\/cantir.art\/producto\/mala-sandalo-blanco\/"]}]},{"@type":"ImageObject","inLanguage":"ca","@id":"https:\/\/cantir.art\/producto\/mala-sandalo-blanco\/#primaryimage","url":"https:\/\/i0.wp.com\/cantir.art\/wp-content\/uploads\/2025\/09\/SANDALO-BLANCO-A-scaled-2.jpg?fit=1922%2C2560&ssl=1","contentUrl":"https:\/\/i0.wp.com\/cantir.art\/wp-content\/uploads\/2025\/09\/SANDALO-BLANCO-A-scaled-2.jpg?fit=1922%2C2560&ssl=1","width":1922,"height":2560},{"@type":"BreadcrumbList","@id":"https:\/\/cantir.art\/producto\/mala-sandalo-blanco\/#breadcrumb","itemListElement":[{"@type":"ListItem","position":1,"name":"Portada","item":"https:\/\/cantir.art\/"},{"@type":"ListItem","position":2,"name":"NEW Tienda","item":"https:\/\/cantir.art\/en\/new-tienda\/"},{"@type":"ListItem","position":3,"name":"Mala de s\u00e1ndalo blanco"}]},{"@type":"WebSite","@id":"https:\/\/cantir.art\/#website","url":"https:\/\/cantir.art\/","name":"C\u00e0ntir","description":"Simbolisme budista i est\u00e8tica mediterr\u00e0nia en objectes que connecten pr\u00e0ctica i quotidianitat","publisher":{"@id":"https:\/\/cantir.art\/#organization"},"potentialAction":[{"@type":"SearchAction","target":{"@type":"EntryPoint","urlTemplate":"https:\/\/cantir.art\/?s={search_term_string}"},"query-input":{"@type":"PropertyValueSpecification","valueRequired":true,"valueName":"search_term_string"}}],"inLanguage":"ca"},{"@type":"Organization","@id":"https:\/\/cantir.art\/#organization","name":"C\u00e0ntir","url":"https:\/\/cantir.art\/","logo":{"@type":"ImageObject","inLanguage":"ca","@id":"https:\/\/cantir.art\/#\/schema\/logo\/image\/","url":"https:\/\/i0.wp.com\/cantir.art\/wp-content\/uploads\/2025\/01\/cantir-10.png?fit=2551%2C1060&ssl=1","contentUrl":"https:\/\/i0.wp.com\/cantir.art\/wp-content\/uploads\/2025\/01\/cantir-10.png?fit=2551%2C1060&ssl=1","width":2551,"height":1060,"caption":"C\u00e0ntir"},"image":{"@id":"https:\/\/cantir.art\/#\/schema\/logo\/image\/"}}]}},"jetpack_sharing_enabled":true,"_links":{"self":[{"href":"https:\/\/cantir.art\/ca\/wp-json\/wp\/v2\/product\/3557","targetHints":{"allow":["GET"]}}],"collection":[{"href":"https:\/\/cantir.art\/ca\/wp-json\/wp\/v2\/product"}],"about":[{"href":"https:\/\/cantir.art\/ca\/wp-json\/wp\/v2\/types\/product"}],"replies":[{"embeddable":true,"href":"https:\/\/cantir.art\/ca\/wp-json\/wp\/v2\/comments?post=3557"}],"version-history":[{"count":18,"href":"https:\/\/cantir.art\/ca\/wp-json\/wp\/v2\/product\/3557\/revisions"}],"predecessor-version":[{"id":5596,"href":"https:\/\/cantir.art\/ca\/wp-json\/wp\/v2\/product\/3557\/revisions\/5596"}],"wp:featuredmedia":[{"embeddable":true,"href":"https:\/\/cantir.art\/ca\/wp-json\/wp\/v2\/media\/6227"}],"wp:attachment":[{"href":"https:\/\/cantir.art\/ca\/wp-json\/wp\/v2\/media?parent=3557"}],"wp:term":[{"taxonomy":"product_brand","embeddable":true,"href":"https:\/\/cantir.art\/ca\/wp-json\/wp\/v2\/product_brand?post=3557"},{"taxonomy":"product_cat","embeddable":true,"href":"https:\/\/cantir.art\/ca\/wp-json\/wp\/v2\/product_cat?post=3557"},{"taxonomy":"product_tag","embeddable":true,"href":"https:\/\/cantir.art\/ca\/wp-json\/wp\/v2\/product_tag?post=3557"}],"curies":[{"name":"wp","href":"https:\/\/api.w.org\/{rel}","templated":true}]}}