{"id":3563,"date":"2024-12-21T13:28:47","date_gmt":"2024-12-21T12:28:47","guid":{"rendered":"https:\/\/cantir.art\/?post_type=product&#038;p=3563"},"modified":"2025-09-26T18:43:22","modified_gmt":"2025-09-26T16:43:22","slug":"mala-plano-sandalo-rojo","status":"publish","type":"product","link":"https:\/\/cantir.art\/ca\/producte\/mala-plano-sandalo-rojo\/","title":{"rendered":"Mala pla de s\u00e0ndal vermell"},"content":{"rendered":"<div data-elementor-type=\"wp-post\" data-elementor-id=\"3563\" class=\"elementor elementor-3563\">\n\t\t\t\t<div class=\"elementor-element elementor-element-52048079 e-flex e-con-boxed e-con e-parent\" data-id=\"52048079\" data-element_type=\"container\">\n\t\t\t\t\t<div class=\"e-con-inner\">\n\t\t\t\t<div class=\"elementor-element elementor-element-14ef9cb8 elementor-widget elementor-widget-text-editor\" data-id=\"14ef9cb8\" data-element_type=\"widget\" data-widget_type=\"text-editor.default\">\n\t\t\t\t<div class=\"elementor-widget-container\">\n\t\t\t\t\t\t\t\t\t<h4 data-start=\"0\" data-end=\"69\"><strong data-start=\"0\" data-end=\"67\">Mala pla de s\u00e0ndal vermell \u2013 Harmonia i eleg\u00e0ncia a la teva pr\u00e0ctica<\/strong><\/h4><p data-start=\"71\" data-end=\"537\">El <em data-start=\"74\" data-end=\"102\">Mala pla de s\u00e0ndal vermell<\/em> \u00e9s una pe\u00e7a \u00fanica que combina la riquesa de la fusta amb una est\u00e8tica refinada. El seu profund to vermell\u00f3s, caracter\u00edstic del s\u00e0ndal vermell de l'\u00cdndia, aporta una sensaci\u00f3 de calidesa i de serenitat a la pr\u00e0ctica meditativa. Els comptes, amb la seva forma ovalada, proporcionen un tacte agradable i fluid en passar entre els dits, convertint-lo en un complement ideal per a la recitaci\u00f3 de mantres o oracions al teu dia a dia.<\/p><p data-start=\"539\" data-end=\"968\">Aquesta fusta arom\u00e0tica es distingeix pel color vermell vi, amb subtils variacions que van des de matisos foscos fins a tons marrons purpuris. La seva estructura compacta i densa li atorga una resist\u00e8ncia excepcional, mentre que el seu gra fi i polit revela una brillantor natural setinada. Aquestes qualitats fan del <em data-start=\"852\" data-end=\"880\">Mala pla de s\u00e0ndal vermell<\/em> una pieza duradera y especial, que mejora con el paso del tiempo y el uso continuado.<\/p><h5 data-start=\"539\" data-end=\"968\">C\u00c0NTIR, el millor lloc on comprar un dolenta per a la teva pr\u00e0ctica budista<\/h5><p data-start=\"970\" data-end=\"1373\">A <strong data-start=\"973\" data-end=\"983\">C\u00c0NTIR<\/strong>, fusionem el simbolisme budista amb una est\u00e8tica contempor\u00e0nia i mediterr\u00e0nia. La nostra botiga no nom\u00e9s ofereix <em data-start=\"1095\" data-end=\"1102\">males<\/em> com aquest, sin\u00f3 tamb\u00e9 est\u00e0tues, objectes rituals i llibres de filosofia budista, seleccionats amb cura per acompanyar la pr\u00e0ctica espiritual. Creiem en la bellesa dels objectes amb significat aquells que creen un pont entre la tradici\u00f3 i la vida quotidiana.<\/p><p data-start=\"1375\" data-end=\"1502\" data-is-last-node=\"\">Descobreix m\u00e9s sobre els nostres <a href=\"https:\/\/cantir.art\/ca\/categoria-producte\/objetos\/males\/\">males<\/a> i altres objectes que poden inspirar el teu cam\u00ed a C\u00c0NTIR <a href=\"https:\/\/cantir.art\/ca\/tienda-budista\/\">aqu\u00ed<\/a>.<\/p>\t\t\t\t\t\t\t\t<\/div>\n\t\t\t\t<\/div>\n\t\t\t\t\t<\/div>\n\t\t\t\t<\/div>\n\t\t\t\t<\/div>","protected":false},"excerpt":{"rendered":"<p><span style=\"font-weight: 400;\">La calidesa i el color intens del s\u00e0ndal vermell de l'\u00cdndia es manifesten en aquesta mala tradicional. Una pe\u00e7a que combina la noblesa de la fusta amb una eleg\u00e0ncia atemporal.<\/span>\u00a0Las cuentas presentan una forma ovalada.<\/p>","protected":false},"featured_media":6228,"comment_status":"open","ping_status":"closed","template":"elementor_theme","meta":[],"product_brand":[],"product_cat":[145,144],"product_tag":[148,170],"class_list":{"0":"post-3563","1":"product","2":"type-product","3":"status-publish","4":"has-post-thumbnail","6":"product_cat-madera-malas","7":"product_cat-malas","8":"product_tag-mala","9":"product_tag-sandalo","11":"first","12":"instock","13":"taxable","14":"shipping-taxable","15":"purchasable","16":"product-type-simple"},"supplier_id":null,"supplier_sku":"","barcode":null,"atum_controlled":true,"out_stock_date":null,"out_stock_threshold":null,"inheritable":false,"inbound_stock":0,"stock_on_hold":0,"sold_today":0,"sales_last_days":0,"reserved_stock":0,"customer_returns":0,"warehouse_damage":0,"lost_in_post":0,"other_logs":0,"out_stock_days":0,"lost_sales":0,"has_location":false,"update_date":"2026-04-17T02:06:24","atum_locations":[],"atum_stock_status":"instock","restock_status":false,"low_stock_amount":"","sales_update_date":"2026-04-17T02:06:24","calc_backorders":null,"yoast_head":"<!-- This site is optimized with the Yoast SEO plugin v26.9 - https:\/\/yoast.com\/product\/yoast-seo-wordpress\/ -->\n<title>Mala plano de s\u00e1ndalo rojo | C\u00c0NTIR \ud83d\udcff<\/title>\n<meta name=\"description\" content=\"Mala plano de s\u00e1ndalo rojo de alta calidad. Descubre este y otros malas budistas en C\u00c0NTIR, la tienda budista de Casa Virupa.\" \/>\n<meta name=\"robots\" content=\"index, follow, max-snippet:-1, max-image-preview:large, max-video-preview:-1\" \/>\n<link rel=\"canonical\" href=\"https:\/\/cantir.art\/ca\/producte\/mala-plano-sandalo-rojo\/\" \/>\n<meta property=\"og:locale\" content=\"ca_ES\" \/>\n<meta property=\"og:type\" content=\"article\" \/>\n<meta property=\"og:title\" content=\"Mala plano de s\u00e1ndalo rojo | C\u00c0NTIR \ud83d\udcff\" \/>\n<meta property=\"og:description\" content=\"Mala plano de s\u00e1ndalo rojo de alta calidad. Descubre este y otros malas budistas en C\u00c0NTIR, la tienda budista de Casa Virupa.\" \/>\n<meta property=\"og:url\" content=\"https:\/\/cantir.art\/ca\/producte\/mala-plano-sandalo-rojo\/\" \/>\n<meta property=\"og:site_name\" content=\"C\u00e0ntir\" \/>\n<meta property=\"article:modified_time\" content=\"2025-09-26T16:43:22+00:00\" \/>\n<meta property=\"og:image\" content=\"https:\/\/cantir.art\/wp-content\/uploads\/2025\/09\/MARADOR-MARRON-COBRE-B-1-scaled-2.jpg\" \/>\n\t<meta property=\"og:image:width\" content=\"1922\" \/>\n\t<meta property=\"og:image:height\" content=\"2560\" \/>\n\t<meta property=\"og:image:type\" content=\"image\/jpeg\" \/>\n<meta name=\"twitter:card\" content=\"summary_large_image\" \/>\n<meta name=\"twitter:label1\" content=\"Temps estimat de lectura\" \/>\n\t<meta name=\"twitter:data1\" content=\"2 minuts\" \/>\n<script type=\"application\/ld+json\" class=\"yoast-schema-graph\">{\"@context\":\"https:\/\/schema.org\",\"@graph\":[{\"@type\":\"WebPage\",\"@id\":\"https:\/\/cantir.art\/producto\/mala-plano-sandalo-rojo\/\",\"url\":\"https:\/\/cantir.art\/producto\/mala-plano-sandalo-rojo\/\",\"name\":\"Mala plano de s\u00e1ndalo rojo | C\u00c0NTIR \ud83d\udcff\",\"isPartOf\":{\"@id\":\"https:\/\/cantir.art\/#website\"},\"primaryImageOfPage\":{\"@id\":\"https:\/\/cantir.art\/producto\/mala-plano-sandalo-rojo\/#primaryimage\"},\"image\":{\"@id\":\"https:\/\/cantir.art\/producto\/mala-plano-sandalo-rojo\/#primaryimage\"},\"thumbnailUrl\":\"https:\/\/i0.wp.com\/cantir.art\/wp-content\/uploads\/2025\/09\/MARADOR-MARRON-COBRE-B-1-scaled-2.jpg?fit=1922%2C2560&ssl=1\",\"datePublished\":\"2024-12-21T12:28:47+00:00\",\"dateModified\":\"2025-09-26T16:43:22+00:00\",\"description\":\"Mala plano de s\u00e1ndalo rojo de alta calidad. Descubre este y otros malas budistas en C\u00c0NTIR, la tienda budista de Casa Virupa.\",\"breadcrumb\":{\"@id\":\"https:\/\/cantir.art\/producto\/mala-plano-sandalo-rojo\/#breadcrumb\"},\"inLanguage\":\"ca\",\"potentialAction\":[{\"@type\":\"ReadAction\",\"target\":[\"https:\/\/cantir.art\/producto\/mala-plano-sandalo-rojo\/\"]}]},{\"@type\":\"ImageObject\",\"inLanguage\":\"ca\",\"@id\":\"https:\/\/cantir.art\/producto\/mala-plano-sandalo-rojo\/#primaryimage\",\"url\":\"https:\/\/i0.wp.com\/cantir.art\/wp-content\/uploads\/2025\/09\/MARADOR-MARRON-COBRE-B-1-scaled-2.jpg?fit=1922%2C2560&ssl=1\",\"contentUrl\":\"https:\/\/i0.wp.com\/cantir.art\/wp-content\/uploads\/2025\/09\/MARADOR-MARRON-COBRE-B-1-scaled-2.jpg?fit=1922%2C2560&ssl=1\",\"width\":1922,\"height\":2560},{\"@type\":\"BreadcrumbList\",\"@id\":\"https:\/\/cantir.art\/producto\/mala-plano-sandalo-rojo\/#breadcrumb\",\"itemListElement\":[{\"@type\":\"ListItem\",\"position\":1,\"name\":\"Portada\",\"item\":\"https:\/\/cantir.art\/\"},{\"@type\":\"ListItem\",\"position\":2,\"name\":\"NEW Tienda\",\"item\":\"https:\/\/cantir.art\/en\/new-tienda\/\"},{\"@type\":\"ListItem\",\"position\":3,\"name\":\"Mala plano de s\u00e1ndalo rojo\"}]},{\"@type\":\"WebSite\",\"@id\":\"https:\/\/cantir.art\/#website\",\"url\":\"https:\/\/cantir.art\/\",\"name\":\"C\u00e0ntir\",\"description\":\"Simbolismo budista y est\u00e9tica mediterr\u00e1nea en objetos que conectan pr\u00e1ctica y cotidianidad\",\"publisher\":{\"@id\":\"https:\/\/cantir.art\/#organization\"},\"potentialAction\":[{\"@type\":\"SearchAction\",\"target\":{\"@type\":\"EntryPoint\",\"urlTemplate\":\"https:\/\/cantir.art\/?s={search_term_string}\"},\"query-input\":{\"@type\":\"PropertyValueSpecification\",\"valueRequired\":true,\"valueName\":\"search_term_string\"}}],\"inLanguage\":\"ca\"},{\"@type\":\"Organization\",\"@id\":\"https:\/\/cantir.art\/#organization\",\"name\":\"C\u00e0ntir\",\"url\":\"https:\/\/cantir.art\/\",\"logo\":{\"@type\":\"ImageObject\",\"inLanguage\":\"ca\",\"@id\":\"https:\/\/cantir.art\/#\/schema\/logo\/image\/\",\"url\":\"https:\/\/i0.wp.com\/cantir.art\/wp-content\/uploads\/2025\/01\/cantir-10.png?fit=2551%2C1060&ssl=1\",\"contentUrl\":\"https:\/\/i0.wp.com\/cantir.art\/wp-content\/uploads\/2025\/01\/cantir-10.png?fit=2551%2C1060&ssl=1\",\"width\":2551,\"height\":1060,\"caption\":\"C\u00e0ntir\"},\"image\":{\"@id\":\"https:\/\/cantir.art\/#\/schema\/logo\/image\/\"}}]}<\/script>\n<!-- \/ Yoast SEO plugin. -->","yoast_head_json":{"title":"Mala plano de s\u00e1ndalo rojo | C\u00c0NTIR \ud83d\udcff","description":"Mala plano de s\u00e1ndalo rojo de alta calidad. Descubre este y otros malas budistas en C\u00c0NTIR, la tienda budista de Casa Virupa.","robots":{"index":"index","follow":"follow","max-snippet":"max-snippet:-1","max-image-preview":"max-image-preview:large","max-video-preview":"max-video-preview:-1"},"canonical":"https:\/\/cantir.art\/ca\/producte\/mala-plano-sandalo-rojo\/","og_locale":"ca_ES","og_type":"article","og_title":"Mala plano de s\u00e1ndalo rojo | C\u00c0NTIR \ud83d\udcff","og_description":"Mala plano de s\u00e1ndalo rojo de alta calidad. Descubre este y otros malas budistas en C\u00c0NTIR, la tienda budista de Casa Virupa.","og_url":"https:\/\/cantir.art\/ca\/producte\/mala-plano-sandalo-rojo\/","og_site_name":"C\u00e0ntir","article_modified_time":"2025-09-26T16:43:22+00:00","og_image":[{"width":1922,"height":2560,"url":"https:\/\/cantir.art\/wp-content\/uploads\/2025\/09\/MARADOR-MARRON-COBRE-B-1-scaled-2.jpg","type":"image\/jpeg"}],"twitter_card":"summary_large_image","twitter_misc":{"Temps estimat de lectura":"2 minuts"},"schema":{"@context":"https:\/\/schema.org","@graph":[{"@type":"WebPage","@id":"https:\/\/cantir.art\/producto\/mala-plano-sandalo-rojo\/","url":"https:\/\/cantir.art\/producto\/mala-plano-sandalo-rojo\/","name":"Mala plano de s\u00e1ndalo rojo | C\u00c0NTIR \ud83d\udcff","isPartOf":{"@id":"https:\/\/cantir.art\/#website"},"primaryImageOfPage":{"@id":"https:\/\/cantir.art\/producto\/mala-plano-sandalo-rojo\/#primaryimage"},"image":{"@id":"https:\/\/cantir.art\/producto\/mala-plano-sandalo-rojo\/#primaryimage"},"thumbnailUrl":"https:\/\/i0.wp.com\/cantir.art\/wp-content\/uploads\/2025\/09\/MARADOR-MARRON-COBRE-B-1-scaled-2.jpg?fit=1922%2C2560&ssl=1","datePublished":"2024-12-21T12:28:47+00:00","dateModified":"2025-09-26T16:43:22+00:00","description":"Mala plano de s\u00e1ndalo rojo de alta calidad. Descubre este y otros malas budistas en C\u00c0NTIR, la tienda budista de Casa Virupa.","breadcrumb":{"@id":"https:\/\/cantir.art\/producto\/mala-plano-sandalo-rojo\/#breadcrumb"},"inLanguage":"ca","potentialAction":[{"@type":"ReadAction","target":["https:\/\/cantir.art\/producto\/mala-plano-sandalo-rojo\/"]}]},{"@type":"ImageObject","inLanguage":"ca","@id":"https:\/\/cantir.art\/producto\/mala-plano-sandalo-rojo\/#primaryimage","url":"https:\/\/i0.wp.com\/cantir.art\/wp-content\/uploads\/2025\/09\/MARADOR-MARRON-COBRE-B-1-scaled-2.jpg?fit=1922%2C2560&ssl=1","contentUrl":"https:\/\/i0.wp.com\/cantir.art\/wp-content\/uploads\/2025\/09\/MARADOR-MARRON-COBRE-B-1-scaled-2.jpg?fit=1922%2C2560&ssl=1","width":1922,"height":2560},{"@type":"BreadcrumbList","@id":"https:\/\/cantir.art\/producto\/mala-plano-sandalo-rojo\/#breadcrumb","itemListElement":[{"@type":"ListItem","position":1,"name":"Portada","item":"https:\/\/cantir.art\/"},{"@type":"ListItem","position":2,"name":"NEW Tienda","item":"https:\/\/cantir.art\/en\/new-tienda\/"},{"@type":"ListItem","position":3,"name":"Mala plano de s\u00e1ndalo rojo"}]},{"@type":"WebSite","@id":"https:\/\/cantir.art\/#website","url":"https:\/\/cantir.art\/","name":"C\u00e0ntir","description":"Simbolisme budista i est\u00e8tica mediterr\u00e0nia en objectes que connecten pr\u00e0ctica i quotidianitat","publisher":{"@id":"https:\/\/cantir.art\/#organization"},"potentialAction":[{"@type":"SearchAction","target":{"@type":"EntryPoint","urlTemplate":"https:\/\/cantir.art\/?s={search_term_string}"},"query-input":{"@type":"PropertyValueSpecification","valueRequired":true,"valueName":"search_term_string"}}],"inLanguage":"ca"},{"@type":"Organization","@id":"https:\/\/cantir.art\/#organization","name":"C\u00e0ntir","url":"https:\/\/cantir.art\/","logo":{"@type":"ImageObject","inLanguage":"ca","@id":"https:\/\/cantir.art\/#\/schema\/logo\/image\/","url":"https:\/\/i0.wp.com\/cantir.art\/wp-content\/uploads\/2025\/01\/cantir-10.png?fit=2551%2C1060&ssl=1","contentUrl":"https:\/\/i0.wp.com\/cantir.art\/wp-content\/uploads\/2025\/01\/cantir-10.png?fit=2551%2C1060&ssl=1","width":2551,"height":1060,"caption":"C\u00e0ntir"},"image":{"@id":"https:\/\/cantir.art\/#\/schema\/logo\/image\/"}}]}},"jetpack_sharing_enabled":true,"_links":{"self":[{"href":"https:\/\/cantir.art\/ca\/wp-json\/wp\/v2\/product\/3563","targetHints":{"allow":["GET"]}}],"collection":[{"href":"https:\/\/cantir.art\/ca\/wp-json\/wp\/v2\/product"}],"about":[{"href":"https:\/\/cantir.art\/ca\/wp-json\/wp\/v2\/types\/product"}],"replies":[{"embeddable":true,"href":"https:\/\/cantir.art\/ca\/wp-json\/wp\/v2\/comments?post=3563"}],"version-history":[{"count":17,"href":"https:\/\/cantir.art\/ca\/wp-json\/wp\/v2\/product\/3563\/revisions"}],"predecessor-version":[{"id":6229,"href":"https:\/\/cantir.art\/ca\/wp-json\/wp\/v2\/product\/3563\/revisions\/6229"}],"wp:featuredmedia":[{"embeddable":true,"href":"https:\/\/cantir.art\/ca\/wp-json\/wp\/v2\/media\/6228"}],"wp:attachment":[{"href":"https:\/\/cantir.art\/ca\/wp-json\/wp\/v2\/media?parent=3563"}],"wp:term":[{"taxonomy":"product_brand","embeddable":true,"href":"https:\/\/cantir.art\/ca\/wp-json\/wp\/v2\/product_brand?post=3563"},{"taxonomy":"product_cat","embeddable":true,"href":"https:\/\/cantir.art\/ca\/wp-json\/wp\/v2\/product_cat?post=3563"},{"taxonomy":"product_tag","embeddable":true,"href":"https:\/\/cantir.art\/ca\/wp-json\/wp\/v2\/product_tag?post=3563"}],"curies":[{"name":"wp","href":"https:\/\/api.w.org\/{rel}","templated":true}]}}