{"id":3571,"date":"2024-12-21T13:53:04","date_gmt":"2024-12-21T12:53:04","guid":{"rendered":"https:\/\/cantir.art\/?post_type=product&#038;p=3571"},"modified":"2025-11-30T09:53:17","modified_gmt":"2025-11-30T08:53:17","slug":"mala-de-sandalo-rojo-plano-marcadores","status":"publish","type":"product","link":"https:\/\/cantir.art\/ca\/producte\/mala-de-sandalo-rojo-plano-marcadores\/","title":{"rendered":"Mala de S\u00e0ndal Vermell amb Marcadors"},"content":{"rendered":"<div data-elementor-type=\"wp-post\" data-elementor-id=\"3571\" class=\"elementor elementor-3571\">\n\t\t\t\t<div class=\"elementor-element elementor-element-52048079 e-flex e-con-boxed e-con e-parent\" data-id=\"52048079\" data-element_type=\"container\">\n\t\t\t\t\t<div class=\"e-con-inner\">\n\t\t\t\t<div class=\"elementor-element elementor-element-14ef9cb8 elementor-widget elementor-widget-text-editor\" data-id=\"14ef9cb8\" data-element_type=\"widget\" data-widget_type=\"text-editor.default\">\n\t\t\t\t<div class=\"elementor-widget-container\">\n\t\t\t\t\t\t\t\t\t<h3 data-start=\"0\" data-end=\"68\"><strong data-start=\"0\" data-end=\"68\">Mala de S\u00e1ndalo Rojo amb Marcadors \u2013 Edici\u00f3 Especial de C\u00c0NTIR<\/strong><\/h3><p data-start=\"70\" data-end=\"474\">El <em data-start=\"73\" data-end=\"110\">Mala de S\u00e1ndalo Rojo amb Marcadors<\/em> de C\u00c0NTIR \u00e9s una pe\u00e7a \u00fanica. Est\u00e0 pensada per a aquells que desitgen integrar la meditaci\u00f3 i el simbolisme al seu dia a dia. Fet de fusta de s\u00e0ndal vermell de l&#039;\u00cdndia, aquest mala ressalta per la seva rica tonalitat que oscil\u00b7la entre vermellosos profunds i matisos marrons. T\u00e9 una textura\u00a0<span style=\"text-align: var(--text-align); font-size: 1.125rem;\">suau\u00a0<\/span><span style=\"text-align: var(--text-align); font-size: 1.125rem;\">que fa que sigui molt agradable passar comptes.<\/span><\/p><p data-start=\"476\" data-end=\"906\">El\u00a0<em data-start=\"481\" data-end=\"518\">Mala de S\u00e1ndalo Rojo amb Marcadors<\/em> ha estat acuradament dissenyat per incloure detalls exclusius. Entre ells, els marcadors d&#039;\u00e0gata molsa i els separadors de plata als comptes 21 i 54. Aquests faciliten la recitaci\u00f3 de mantres. L&#039;\u00e0gata molsa, amb les vetes naturals, simbolitza la connexi\u00f3 amb la terra i l&#039;estabilitat, mentre que els separadors de plata afegeixen un toc d&#039;eleg\u00e0ncia i lluminositat.<\/p><p data-start=\"908\" data-end=\"1224\">La fusta de s\u00e0ndal vermell \u00e9s coneguda per la seva durabilitat i el seu pes ferm, cosa que atorga una sensaci\u00f3 de solidesa a cada compte. A mesura que passa el temps, el gra fi i setinat de la fusta millora, convertint aquest <em data-start=\"1132\" data-end=\"1169\">Mala de S\u00e1ndalo Rojo amb Marcadors<\/em> en un accessori de meditaci\u00f3 que envelleix amb gr\u00e0cia.<\/p><h5 data-start=\"908\" data-end=\"1224\">C\u00c0NTIR, una botiga budista amb objectes mediterranis<\/h5><p data-start=\"1226\" data-end=\"1594\">A C\u00c0NTIR, busquem fusionar la tradici\u00f3 amb un disseny contemporani a tots els nostres productes. Oferim peces que no nom\u00e9s tenen valor espiritual, sin\u00f3 que tamb\u00e9 enriqueixen la vida quotidiana. Des de males fins a objectes rituals i llibres de budisme, cada article \u00e9s seleccionat acuradament per proporcionar una connexi\u00f3 m\u00e9s profunda amb la pr\u00e0ctica personal.<\/p><p data-start=\"1596\" data-end=\"1815\" data-is-last-node=\"\">Si est\u00e0s buscant un <em data-start=\"1617\" data-end=\"1654\">Mala de S\u00e1ndalo Rojo amb Marcadors<\/em> que combini bellesa i significat, us convidem a descobrir aquesta edici\u00f3 especial de C\u00c0NTIR. A m\u00e9s, tamb\u00e9 pots trobar m\u00e9s objectes espirituals que t&#039;acompanyaran al teu cam\u00ed <a href=\"https:\/\/cantir.art\/ca\/tienda-budista\/\">aqu\u00ed<\/a>.<\/p>\t\t\t\t\t\t\t\t<\/div>\n\t\t\t\t<\/div>\n\t\t\t\t\t<\/div>\n\t\t\t\t<\/div>\n\t\t\t\t<\/div>","protected":false},"excerpt":{"rendered":"<p>Mala de s\u00e0ndal vermell de l'\u00cdndia. Est\u00e0 dissenyat especialment per a Cantir i t\u00e9 marcadors d'\u00e0gata molsa i separadors de plata als comptes 21 i 54. Els comptes presenten una forma ovalada.<\/p>","protected":false},"featured_media":6231,"comment_status":"open","ping_status":"closed","template":"elementor_theme","meta":[],"product_brand":[],"product_cat":[145,144],"product_tag":[148,170],"class_list":{"0":"post-3571","1":"product","2":"type-product","3":"status-publish","4":"has-post-thumbnail","6":"product_cat-madera-malas","7":"product_cat-malas","8":"product_tag-mala","9":"product_tag-sandalo","11":"first","12":"instock","13":"taxable","14":"shipping-taxable","15":"purchasable","16":"product-type-simple"},"supplier_id":null,"supplier_sku":"","barcode":null,"atum_controlled":true,"out_stock_date":null,"out_stock_threshold":null,"inheritable":false,"inbound_stock":0,"stock_on_hold":0,"sold_today":0,"sales_last_days":0,"reserved_stock":0,"customer_returns":0,"warehouse_damage":0,"lost_in_post":0,"other_logs":0,"out_stock_days":0,"lost_sales":0,"has_location":false,"update_date":"2026-04-17T02:06:24","atum_locations":[],"atum_stock_status":"instock","restock_status":false,"low_stock_amount":"","sales_update_date":"2026-04-17T02:06:24","calc_backorders":null,"yoast_head":"<!-- This site is optimized with the Yoast SEO plugin v26.9 - https:\/\/yoast.com\/product\/yoast-seo-wordpress\/ -->\n<title>Mala de S\u00e1ndalo Rojo con marcadores | C\u00c0NTIR \ud83d\udcff<\/title>\n<meta name=\"description\" content=\"Te presentamos este precioso Mala de S\u00e1ndalo Rojo con Marcadores de \u00c1gata y Plata. C\u00c0NTIR: tienda de objetos budistas y mediterr\u00e1neos.\" \/>\n<meta name=\"robots\" content=\"index, follow, max-snippet:-1, max-image-preview:large, max-video-preview:-1\" \/>\n<link rel=\"canonical\" href=\"https:\/\/cantir.art\/ca\/?product=mala-de-sandalo-rojo-plano-marcadores\" \/>\n<meta property=\"og:locale\" content=\"ca_ES\" \/>\n<meta property=\"og:type\" content=\"article\" \/>\n<meta property=\"og:title\" content=\"Mala de S\u00e1ndalo Rojo con marcadores | C\u00c0NTIR \ud83d\udcff\" \/>\n<meta property=\"og:description\" content=\"Te presentamos este precioso Mala de S\u00e1ndalo Rojo con Marcadores de \u00c1gata y Plata. C\u00c0NTIR: tienda de objetos budistas y mediterr\u00e1neos.\" \/>\n<meta property=\"og:url\" content=\"https:\/\/cantir.art\/ca\/?product=mala-de-sandalo-rojo-plano-marcadores\" \/>\n<meta property=\"og:site_name\" content=\"C\u00e0ntir\" \/>\n<meta property=\"article:modified_time\" content=\"2025-11-30T08:53:17+00:00\" \/>\n<meta property=\"og:image\" content=\"https:\/\/cantir.art\/wp-content\/uploads\/2025\/09\/SANDALO-ROJO-PLANO-CON-SEPARADORES-DE-JASE-Y-PLATA-A-scaled-2.jpg\" \/>\n\t<meta property=\"og:image:width\" content=\"1922\" \/>\n\t<meta property=\"og:image:height\" content=\"2560\" \/>\n\t<meta property=\"og:image:type\" content=\"image\/jpeg\" \/>\n<meta name=\"twitter:card\" content=\"summary_large_image\" \/>\n<meta name=\"twitter:label1\" content=\"Temps estimat de lectura\" \/>\n\t<meta name=\"twitter:data1\" content=\"2 minuts\" \/>\n<script type=\"application\/ld+json\" class=\"yoast-schema-graph\">{\"@context\":\"https:\/\/schema.org\",\"@graph\":[{\"@type\":\"WebPage\",\"@id\":\"https:\/\/cantir.art\/?product=mala-de-sandalo-rojo-plano-marcadores\",\"url\":\"https:\/\/cantir.art\/?product=mala-de-sandalo-rojo-plano-marcadores\",\"name\":\"Mala de S\u00e1ndalo Rojo con marcadores | C\u00c0NTIR \ud83d\udcff\",\"isPartOf\":{\"@id\":\"https:\/\/cantir.art\/#website\"},\"primaryImageOfPage\":{\"@id\":\"https:\/\/cantir.art\/?product=mala-de-sandalo-rojo-plano-marcadores#primaryimage\"},\"image\":{\"@id\":\"https:\/\/cantir.art\/?product=mala-de-sandalo-rojo-plano-marcadores#primaryimage\"},\"thumbnailUrl\":\"https:\/\/i0.wp.com\/cantir.art\/wp-content\/uploads\/2025\/09\/SANDALO-ROJO-PLANO-CON-SEPARADORES-DE-JASE-Y-PLATA-A-scaled-2.jpg?fit=1922%2C2560&ssl=1\",\"datePublished\":\"2024-12-21T12:53:04+00:00\",\"dateModified\":\"2025-11-30T08:53:17+00:00\",\"description\":\"Te presentamos este precioso Mala de S\u00e1ndalo Rojo con Marcadores de \u00c1gata y Plata. C\u00c0NTIR: tienda de objetos budistas y mediterr\u00e1neos.\",\"breadcrumb\":{\"@id\":\"https:\/\/cantir.art\/?product=mala-de-sandalo-rojo-plano-marcadores#breadcrumb\"},\"inLanguage\":\"ca\",\"potentialAction\":[{\"@type\":\"ReadAction\",\"target\":[\"https:\/\/cantir.art\/?product=mala-de-sandalo-rojo-plano-marcadores\"]}]},{\"@type\":\"ImageObject\",\"inLanguage\":\"ca\",\"@id\":\"https:\/\/cantir.art\/?product=mala-de-sandalo-rojo-plano-marcadores#primaryimage\",\"url\":\"https:\/\/i0.wp.com\/cantir.art\/wp-content\/uploads\/2025\/09\/SANDALO-ROJO-PLANO-CON-SEPARADORES-DE-JASE-Y-PLATA-A-scaled-2.jpg?fit=1922%2C2560&ssl=1\",\"contentUrl\":\"https:\/\/i0.wp.com\/cantir.art\/wp-content\/uploads\/2025\/09\/SANDALO-ROJO-PLANO-CON-SEPARADORES-DE-JASE-Y-PLATA-A-scaled-2.jpg?fit=1922%2C2560&ssl=1\",\"width\":1922,\"height\":2560},{\"@type\":\"BreadcrumbList\",\"@id\":\"https:\/\/cantir.art\/?product=mala-de-sandalo-rojo-plano-marcadores#breadcrumb\",\"itemListElement\":[{\"@type\":\"ListItem\",\"position\":1,\"name\":\"Portada\",\"item\":\"https:\/\/cantir.art\/\"},{\"@type\":\"ListItem\",\"position\":2,\"name\":\"NEW Tienda\",\"item\":\"https:\/\/cantir.art\/en\/new-tienda\/\"},{\"@type\":\"ListItem\",\"position\":3,\"name\":\"Mala de S\u00e1ndalo Rojo Plano con Marcadores\"}]},{\"@type\":\"WebSite\",\"@id\":\"https:\/\/cantir.art\/#website\",\"url\":\"https:\/\/cantir.art\/\",\"name\":\"C\u00e0ntir\",\"description\":\"Simbolismo budista y est\u00e9tica mediterr\u00e1nea en objetos que conectan pr\u00e1ctica y cotidianidad\",\"publisher\":{\"@id\":\"https:\/\/cantir.art\/#organization\"},\"potentialAction\":[{\"@type\":\"SearchAction\",\"target\":{\"@type\":\"EntryPoint\",\"urlTemplate\":\"https:\/\/cantir.art\/?s={search_term_string}\"},\"query-input\":{\"@type\":\"PropertyValueSpecification\",\"valueRequired\":true,\"valueName\":\"search_term_string\"}}],\"inLanguage\":\"ca\"},{\"@type\":\"Organization\",\"@id\":\"https:\/\/cantir.art\/#organization\",\"name\":\"C\u00e0ntir\",\"url\":\"https:\/\/cantir.art\/\",\"logo\":{\"@type\":\"ImageObject\",\"inLanguage\":\"ca\",\"@id\":\"https:\/\/cantir.art\/#\/schema\/logo\/image\/\",\"url\":\"https:\/\/i0.wp.com\/cantir.art\/wp-content\/uploads\/2025\/01\/cantir-10.png?fit=2551%2C1060&ssl=1\",\"contentUrl\":\"https:\/\/i0.wp.com\/cantir.art\/wp-content\/uploads\/2025\/01\/cantir-10.png?fit=2551%2C1060&ssl=1\",\"width\":2551,\"height\":1060,\"caption\":\"C\u00e0ntir\"},\"image\":{\"@id\":\"https:\/\/cantir.art\/#\/schema\/logo\/image\/\"}}]}<\/script>\n<!-- \/ Yoast SEO plugin. -->","yoast_head_json":{"title":"Mala de S\u00e1ndalo Rojo con marcadores | C\u00c0NTIR \ud83d\udcff","description":"Te presentamos este precioso Mala de S\u00e1ndalo Rojo con Marcadores de \u00c1gata y Plata. C\u00c0NTIR: tienda de objetos budistas y mediterr\u00e1neos.","robots":{"index":"index","follow":"follow","max-snippet":"max-snippet:-1","max-image-preview":"max-image-preview:large","max-video-preview":"max-video-preview:-1"},"canonical":"https:\/\/cantir.art\/ca\/?product=mala-de-sandalo-rojo-plano-marcadores","og_locale":"ca_ES","og_type":"article","og_title":"Mala de S\u00e1ndalo Rojo con marcadores | C\u00c0NTIR \ud83d\udcff","og_description":"Te presentamos este precioso Mala de S\u00e1ndalo Rojo con Marcadores de \u00c1gata y Plata. C\u00c0NTIR: tienda de objetos budistas y mediterr\u00e1neos.","og_url":"https:\/\/cantir.art\/ca\/?product=mala-de-sandalo-rojo-plano-marcadores","og_site_name":"C\u00e0ntir","article_modified_time":"2025-11-30T08:53:17+00:00","og_image":[{"width":1922,"height":2560,"url":"https:\/\/cantir.art\/wp-content\/uploads\/2025\/09\/SANDALO-ROJO-PLANO-CON-SEPARADORES-DE-JASE-Y-PLATA-A-scaled-2.jpg","type":"image\/jpeg"}],"twitter_card":"summary_large_image","twitter_misc":{"Temps estimat de lectura":"2 minuts"},"schema":{"@context":"https:\/\/schema.org","@graph":[{"@type":"WebPage","@id":"https:\/\/cantir.art\/?product=mala-de-sandalo-rojo-plano-marcadores","url":"https:\/\/cantir.art\/?product=mala-de-sandalo-rojo-plano-marcadores","name":"Mala de S\u00e1ndalo Rojo con marcadores | C\u00c0NTIR \ud83d\udcff","isPartOf":{"@id":"https:\/\/cantir.art\/#website"},"primaryImageOfPage":{"@id":"https:\/\/cantir.art\/?product=mala-de-sandalo-rojo-plano-marcadores#primaryimage"},"image":{"@id":"https:\/\/cantir.art\/?product=mala-de-sandalo-rojo-plano-marcadores#primaryimage"},"thumbnailUrl":"https:\/\/i0.wp.com\/cantir.art\/wp-content\/uploads\/2025\/09\/SANDALO-ROJO-PLANO-CON-SEPARADORES-DE-JASE-Y-PLATA-A-scaled-2.jpg?fit=1922%2C2560&ssl=1","datePublished":"2024-12-21T12:53:04+00:00","dateModified":"2025-11-30T08:53:17+00:00","description":"Te presentamos este precioso Mala de S\u00e1ndalo Rojo con Marcadores de \u00c1gata y Plata. C\u00c0NTIR: tienda de objetos budistas y mediterr\u00e1neos.","breadcrumb":{"@id":"https:\/\/cantir.art\/?product=mala-de-sandalo-rojo-plano-marcadores#breadcrumb"},"inLanguage":"ca","potentialAction":[{"@type":"ReadAction","target":["https:\/\/cantir.art\/?product=mala-de-sandalo-rojo-plano-marcadores"]}]},{"@type":"ImageObject","inLanguage":"ca","@id":"https:\/\/cantir.art\/?product=mala-de-sandalo-rojo-plano-marcadores#primaryimage","url":"https:\/\/i0.wp.com\/cantir.art\/wp-content\/uploads\/2025\/09\/SANDALO-ROJO-PLANO-CON-SEPARADORES-DE-JASE-Y-PLATA-A-scaled-2.jpg?fit=1922%2C2560&ssl=1","contentUrl":"https:\/\/i0.wp.com\/cantir.art\/wp-content\/uploads\/2025\/09\/SANDALO-ROJO-PLANO-CON-SEPARADORES-DE-JASE-Y-PLATA-A-scaled-2.jpg?fit=1922%2C2560&ssl=1","width":1922,"height":2560},{"@type":"BreadcrumbList","@id":"https:\/\/cantir.art\/?product=mala-de-sandalo-rojo-plano-marcadores#breadcrumb","itemListElement":[{"@type":"ListItem","position":1,"name":"Portada","item":"https:\/\/cantir.art\/"},{"@type":"ListItem","position":2,"name":"NEW Tienda","item":"https:\/\/cantir.art\/en\/new-tienda\/"},{"@type":"ListItem","position":3,"name":"Mala de S\u00e1ndalo Rojo Plano con Marcadores"}]},{"@type":"WebSite","@id":"https:\/\/cantir.art\/#website","url":"https:\/\/cantir.art\/","name":"C\u00e0ntir","description":"Simbolisme budista i est\u00e8tica mediterr\u00e0nia en objectes que connecten pr\u00e0ctica i quotidianitat","publisher":{"@id":"https:\/\/cantir.art\/#organization"},"potentialAction":[{"@type":"SearchAction","target":{"@type":"EntryPoint","urlTemplate":"https:\/\/cantir.art\/?s={search_term_string}"},"query-input":{"@type":"PropertyValueSpecification","valueRequired":true,"valueName":"search_term_string"}}],"inLanguage":"ca"},{"@type":"Organization","@id":"https:\/\/cantir.art\/#organization","name":"C\u00e0ntir","url":"https:\/\/cantir.art\/","logo":{"@type":"ImageObject","inLanguage":"ca","@id":"https:\/\/cantir.art\/#\/schema\/logo\/image\/","url":"https:\/\/i0.wp.com\/cantir.art\/wp-content\/uploads\/2025\/01\/cantir-10.png?fit=2551%2C1060&ssl=1","contentUrl":"https:\/\/i0.wp.com\/cantir.art\/wp-content\/uploads\/2025\/01\/cantir-10.png?fit=2551%2C1060&ssl=1","width":2551,"height":1060,"caption":"C\u00e0ntir"},"image":{"@id":"https:\/\/cantir.art\/#\/schema\/logo\/image\/"}}]}},"jetpack_sharing_enabled":true,"_links":{"self":[{"href":"https:\/\/cantir.art\/ca\/wp-json\/wp\/v2\/product\/3571","targetHints":{"allow":["GET"]}}],"collection":[{"href":"https:\/\/cantir.art\/ca\/wp-json\/wp\/v2\/product"}],"about":[{"href":"https:\/\/cantir.art\/ca\/wp-json\/wp\/v2\/types\/product"}],"replies":[{"embeddable":true,"href":"https:\/\/cantir.art\/ca\/wp-json\/wp\/v2\/comments?post=3571"}],"version-history":[{"count":9,"href":"https:\/\/cantir.art\/ca\/wp-json\/wp\/v2\/product\/3571\/revisions"}],"predecessor-version":[{"id":5722,"href":"https:\/\/cantir.art\/ca\/wp-json\/wp\/v2\/product\/3571\/revisions\/5722"}],"wp:featuredmedia":[{"embeddable":true,"href":"https:\/\/cantir.art\/ca\/wp-json\/wp\/v2\/media\/6231"}],"wp:attachment":[{"href":"https:\/\/cantir.art\/ca\/wp-json\/wp\/v2\/media?parent=3571"}],"wp:term":[{"taxonomy":"product_brand","embeddable":true,"href":"https:\/\/cantir.art\/ca\/wp-json\/wp\/v2\/product_brand?post=3571"},{"taxonomy":"product_cat","embeddable":true,"href":"https:\/\/cantir.art\/ca\/wp-json\/wp\/v2\/product_cat?post=3571"},{"taxonomy":"product_tag","embeddable":true,"href":"https:\/\/cantir.art\/ca\/wp-json\/wp\/v2\/product_tag?post=3571"}],"curies":[{"name":"wp","href":"https:\/\/api.w.org\/{rel}","templated":true}]}}