{"id":3584,"date":"2024-12-21T17:09:28","date_gmt":"2024-12-21T16:09:28","guid":{"rendered":"https:\/\/cantir.art\/?post_type=product&#038;p=3584"},"modified":"2025-09-26T18:39:05","modified_gmt":"2025-09-26T16:39:05","slug":"mala-de-lapislazuli","status":"publish","type":"product","link":"https:\/\/cantir.art\/ca\/producte\/mala-de-lapislazuli\/","title":{"rendered":"Mala de Lapisl\u00e0tzuli"},"content":{"rendered":"<div data-elementor-type=\"wp-post\" data-elementor-id=\"3584\" class=\"elementor elementor-3584\">\n\t\t\t\t<div class=\"elementor-element elementor-element-52048079 e-flex e-con-boxed e-con e-parent\" data-id=\"52048079\" data-element_type=\"container\">\n\t\t\t\t\t<div class=\"e-con-inner\">\n\t\t\t\t<div class=\"elementor-element elementor-element-14ef9cb8 elementor-widget elementor-widget-text-editor\" data-id=\"14ef9cb8\" data-element_type=\"widget\" data-widget_type=\"text-editor.default\">\n\t\t\t\t<div class=\"elementor-widget-container\">\n\t\t\t\t\t\t\t\t\t<h4 data-start=\"0\" data-end=\"66\"><strong data-start=\"0\" data-end=\"64\">Mala de Lapisl\u00e0tzuli<\/strong><\/h4><p data-start=\"68\" data-end=\"459\">El <em data-start=\"71\" data-end=\"92\">Mala de Lapisl\u00e0tzuli<\/em> de C\u00c0NTIR \u00e9s un tresor artesanal que fusiona bellesa i senzillesa. Fet amb lapisl\u00e0tzuli de l'Afganistan, el seu blau cobalt profund est\u00e0 entrella\u00e7at amb delicades vetes de pirita daurada, evocant la immensitat del cel estrellat. Cada compte reflecteix la tradici\u00f3 d'aquesta pedra ancestral, utilitzada durant segles com a s\u00edmbol de coneixement i claredat mental.<\/p><p data-start=\"461\" data-end=\"963\">El lapisl\u00e0tzuli \u00e9s un mineral compost la intensitat del color del qual es deu a la lazurita, que li atorga el seu caracter\u00edstic to blau ultramar. Els seus centelleigs daurats provenen d'inclusions de pirita, que brillen com a petites estrelles a la seva superf\u00edcie. A m\u00e9s, algunes peces poden presentar subtils vetes blanques de calcita, creant patrons \u00fanics que fan d'aquesta mala una pe\u00e7a irrepetible. Quan es poleix, desenvolupa una brillantor vellutada que real\u00e7a encara m\u00e9s la seva riquesa visual.<\/p><h5 data-start=\"461\" data-end=\"963\">Descobreix tots els malas de C\u00c0NTIR <a href=\"https:\/\/cantir.art\/ca\/producte\/mala-cornalina\/\">aqu\u00ed<\/a>.<\/h5><p data-start=\"965\" data-end=\"1344\">A C\u00c0NTIR, seleccionem acuradament cada pedra per garantir que els nostres mals siguin m\u00e9s que simples accessoris: s\u00f3n eines de connexi\u00f3 i profunditat espiritual.\u00a0<\/p><p data-start=\"1346\" data-end=\"1799\" data-is-last-node=\"\">A m\u00e9s, a C\u00c0NTIR oferim una \u00e0mplia varietat de males confeccionats amb minerals preciosos com <a href=\"https:\/\/cantir.art\/ca\/producte\/mala-de-jade\/\">jade<\/a> i <a href=\"https:\/\/cantir.art\/ca\/?s=cornalina&amp;post_type=product\">cornalina<\/a>, aix\u00ed com opcions en <a href=\"https:\/\/cantir.art\/ca\/producte\/mala-de-cristal\/\">vidre<\/a> i s\u00e0ndal. Cada material aporta la seva pr\u00f2pia energia i significat, permetent que cada practicant elija el mal que millor resuene amb el seu cam\u00ed. Descobreix en C\u00c0NTIR el mala perfecte per acompanyar la teva pr\u00e0ctica i deixar que la profunditat del lapisl\u00e0zuli et guies en el teu viatge interior.<\/p>\t\t\t\t\t\t\t\t<\/div>\n\t\t\t\t<\/div>\n\t\t\t\t\t<\/div>\n\t\t\t\t<\/div>\n\t\t\t\t<\/div>","protected":false},"excerpt":{"rendered":"<p><span style=\"font-weight: 400;\">Un tresor artesanal elaborat amb lapisl\u00e0tzuli de l'Afganistan. El seu intens blau cobalt, entreteixit amb delicades vetes de pirita daurada, evoca la profunditat del cel nocturn. Un Mala que combina bellesa i tradici\u00f3 a cada compte.<\/span><\/p>","protected":false},"featured_media":6234,"comment_status":"open","ping_status":"closed","template":"elementor_theme","meta":[],"product_brand":[],"product_cat":[144,146],"product_tag":[172,148],"class_list":{"0":"post-3584","1":"product","2":"type-product","3":"status-publish","4":"has-post-thumbnail","6":"product_cat-malas","7":"product_cat-minerales","8":"product_tag-lapislazuli","9":"product_tag-mala","11":"first","12":"instock","13":"taxable","14":"shipping-taxable","15":"purchasable","16":"product-type-simple"},"supplier_id":null,"supplier_sku":"","barcode":null,"atum_controlled":true,"out_stock_date":null,"out_stock_threshold":null,"inheritable":false,"inbound_stock":0,"stock_on_hold":0,"sold_today":0,"sales_last_days":0,"reserved_stock":0,"customer_returns":0,"warehouse_damage":0,"lost_in_post":0,"other_logs":0,"out_stock_days":0,"lost_sales":0,"has_location":false,"update_date":"2026-04-15T02:05:55","atum_locations":[],"atum_stock_status":"instock","restock_status":false,"low_stock_amount":"","sales_update_date":"2026-04-15T02:05:55","calc_backorders":null,"yoast_head":"<!-- This site is optimized with the Yoast SEO plugin v26.9 - https:\/\/yoast.com\/product\/yoast-seo-wordpress\/ -->\n<title>Mala de Lapisl\u00e1zuli | C\u00c0NTIR \ud83d\udcff<\/title>\n<meta name=\"description\" content=\"Descubre este precioso Mala de Lapisl\u00e1zuli en C\u00c0NTIR, la tienda de libros y objetos budistas y mediterr\u00e1neos de Casa Virupa.\" \/>\n<meta name=\"robots\" content=\"index, follow, max-snippet:-1, max-image-preview:large, max-video-preview:-1\" \/>\n<link rel=\"canonical\" href=\"https:\/\/cantir.art\/ca\/producte\/mala-de-lapislazuli\/\" \/>\n<meta property=\"og:locale\" content=\"ca_ES\" \/>\n<meta property=\"og:type\" content=\"article\" \/>\n<meta property=\"og:title\" content=\"Mala de Lapisl\u00e1zuli | C\u00c0NTIR \ud83d\udcff\" \/>\n<meta property=\"og:description\" content=\"Descubre este precioso Mala de Lapisl\u00e1zuli en C\u00c0NTIR, la tienda de libros y objetos budistas y mediterr\u00e1neos de Casa Virupa.\" \/>\n<meta property=\"og:url\" content=\"https:\/\/cantir.art\/ca\/producte\/mala-de-lapislazuli\/\" \/>\n<meta property=\"og:site_name\" content=\"C\u00e0ntir\" \/>\n<meta property=\"article:modified_time\" content=\"2025-09-26T16:39:05+00:00\" \/>\n<meta property=\"og:image\" content=\"https:\/\/cantir.art\/wp-content\/uploads\/2025\/09\/M007-a-scaled-2.jpg\" \/>\n\t<meta property=\"og:image:width\" content=\"1922\" \/>\n\t<meta property=\"og:image:height\" content=\"2560\" \/>\n\t<meta property=\"og:image:type\" content=\"image\/jpeg\" \/>\n<meta name=\"twitter:card\" content=\"summary_large_image\" \/>\n<meta name=\"twitter:label1\" content=\"Temps estimat de lectura\" \/>\n\t<meta name=\"twitter:data1\" content=\"2 minuts\" \/>\n<script type=\"application\/ld+json\" class=\"yoast-schema-graph\">{\"@context\":\"https:\/\/schema.org\",\"@graph\":[{\"@type\":\"WebPage\",\"@id\":\"https:\/\/cantir.art\/producto\/mala-de-lapislazuli\/\",\"url\":\"https:\/\/cantir.art\/producto\/mala-de-lapislazuli\/\",\"name\":\"Mala de Lapisl\u00e1zuli | C\u00c0NTIR \ud83d\udcff\",\"isPartOf\":{\"@id\":\"https:\/\/cantir.art\/#website\"},\"primaryImageOfPage\":{\"@id\":\"https:\/\/cantir.art\/producto\/mala-de-lapislazuli\/#primaryimage\"},\"image\":{\"@id\":\"https:\/\/cantir.art\/producto\/mala-de-lapislazuli\/#primaryimage\"},\"thumbnailUrl\":\"https:\/\/i0.wp.com\/cantir.art\/wp-content\/uploads\/2025\/09\/M007-a-scaled-2.jpg?fit=1922%2C2560&ssl=1\",\"datePublished\":\"2024-12-21T16:09:28+00:00\",\"dateModified\":\"2025-09-26T16:39:05+00:00\",\"description\":\"Descubre este precioso Mala de Lapisl\u00e1zuli en C\u00c0NTIR, la tienda de libros y objetos budistas y mediterr\u00e1neos de Casa Virupa.\",\"breadcrumb\":{\"@id\":\"https:\/\/cantir.art\/producto\/mala-de-lapislazuli\/#breadcrumb\"},\"inLanguage\":\"ca\",\"potentialAction\":[{\"@type\":\"ReadAction\",\"target\":[\"https:\/\/cantir.art\/producto\/mala-de-lapislazuli\/\"]}]},{\"@type\":\"ImageObject\",\"inLanguage\":\"ca\",\"@id\":\"https:\/\/cantir.art\/producto\/mala-de-lapislazuli\/#primaryimage\",\"url\":\"https:\/\/i0.wp.com\/cantir.art\/wp-content\/uploads\/2025\/09\/M007-a-scaled-2.jpg?fit=1922%2C2560&ssl=1\",\"contentUrl\":\"https:\/\/i0.wp.com\/cantir.art\/wp-content\/uploads\/2025\/09\/M007-a-scaled-2.jpg?fit=1922%2C2560&ssl=1\",\"width\":1922,\"height\":2560},{\"@type\":\"BreadcrumbList\",\"@id\":\"https:\/\/cantir.art\/producto\/mala-de-lapislazuli\/#breadcrumb\",\"itemListElement\":[{\"@type\":\"ListItem\",\"position\":1,\"name\":\"Portada\",\"item\":\"https:\/\/cantir.art\/\"},{\"@type\":\"ListItem\",\"position\":2,\"name\":\"NEW Tienda\",\"item\":\"https:\/\/cantir.art\/en\/new-tienda\/\"},{\"@type\":\"ListItem\",\"position\":3,\"name\":\"Mala de Lapisl\u00e1zuli\"}]},{\"@type\":\"WebSite\",\"@id\":\"https:\/\/cantir.art\/#website\",\"url\":\"https:\/\/cantir.art\/\",\"name\":\"C\u00e0ntir\",\"description\":\"Simbolismo budista y est\u00e9tica mediterr\u00e1nea en objetos que conectan pr\u00e1ctica y cotidianidad\",\"publisher\":{\"@id\":\"https:\/\/cantir.art\/#organization\"},\"potentialAction\":[{\"@type\":\"SearchAction\",\"target\":{\"@type\":\"EntryPoint\",\"urlTemplate\":\"https:\/\/cantir.art\/?s={search_term_string}\"},\"query-input\":{\"@type\":\"PropertyValueSpecification\",\"valueRequired\":true,\"valueName\":\"search_term_string\"}}],\"inLanguage\":\"ca\"},{\"@type\":\"Organization\",\"@id\":\"https:\/\/cantir.art\/#organization\",\"name\":\"C\u00e0ntir\",\"url\":\"https:\/\/cantir.art\/\",\"logo\":{\"@type\":\"ImageObject\",\"inLanguage\":\"ca\",\"@id\":\"https:\/\/cantir.art\/#\/schema\/logo\/image\/\",\"url\":\"https:\/\/i0.wp.com\/cantir.art\/wp-content\/uploads\/2025\/01\/cantir-10.png?fit=2551%2C1060&ssl=1\",\"contentUrl\":\"https:\/\/i0.wp.com\/cantir.art\/wp-content\/uploads\/2025\/01\/cantir-10.png?fit=2551%2C1060&ssl=1\",\"width\":2551,\"height\":1060,\"caption\":\"C\u00e0ntir\"},\"image\":{\"@id\":\"https:\/\/cantir.art\/#\/schema\/logo\/image\/\"}}]}<\/script>\n<!-- \/ Yoast SEO plugin. -->","yoast_head_json":{"title":"Mala de Lapisl\u00e1zuli | C\u00c0NTIR \ud83d\udcff","description":"Descubre este precioso Mala de Lapisl\u00e1zuli en C\u00c0NTIR, la tienda de libros y objetos budistas y mediterr\u00e1neos de Casa Virupa.","robots":{"index":"index","follow":"follow","max-snippet":"max-snippet:-1","max-image-preview":"max-image-preview:large","max-video-preview":"max-video-preview:-1"},"canonical":"https:\/\/cantir.art\/ca\/producte\/mala-de-lapislazuli\/","og_locale":"ca_ES","og_type":"article","og_title":"Mala de Lapisl\u00e1zuli | C\u00c0NTIR \ud83d\udcff","og_description":"Descubre este precioso Mala de Lapisl\u00e1zuli en C\u00c0NTIR, la tienda de libros y objetos budistas y mediterr\u00e1neos de Casa Virupa.","og_url":"https:\/\/cantir.art\/ca\/producte\/mala-de-lapislazuli\/","og_site_name":"C\u00e0ntir","article_modified_time":"2025-09-26T16:39:05+00:00","og_image":[{"width":1922,"height":2560,"url":"https:\/\/cantir.art\/wp-content\/uploads\/2025\/09\/M007-a-scaled-2.jpg","type":"image\/jpeg"}],"twitter_card":"summary_large_image","twitter_misc":{"Temps estimat de lectura":"2 minuts"},"schema":{"@context":"https:\/\/schema.org","@graph":[{"@type":"WebPage","@id":"https:\/\/cantir.art\/producto\/mala-de-lapislazuli\/","url":"https:\/\/cantir.art\/producto\/mala-de-lapislazuli\/","name":"Mala de Lapisl\u00e1zuli | C\u00c0NTIR \ud83d\udcff","isPartOf":{"@id":"https:\/\/cantir.art\/#website"},"primaryImageOfPage":{"@id":"https:\/\/cantir.art\/producto\/mala-de-lapislazuli\/#primaryimage"},"image":{"@id":"https:\/\/cantir.art\/producto\/mala-de-lapislazuli\/#primaryimage"},"thumbnailUrl":"https:\/\/i0.wp.com\/cantir.art\/wp-content\/uploads\/2025\/09\/M007-a-scaled-2.jpg?fit=1922%2C2560&ssl=1","datePublished":"2024-12-21T16:09:28+00:00","dateModified":"2025-09-26T16:39:05+00:00","description":"Descubre este precioso Mala de Lapisl\u00e1zuli en C\u00c0NTIR, la tienda de libros y objetos budistas y mediterr\u00e1neos de Casa Virupa.","breadcrumb":{"@id":"https:\/\/cantir.art\/producto\/mala-de-lapislazuli\/#breadcrumb"},"inLanguage":"ca","potentialAction":[{"@type":"ReadAction","target":["https:\/\/cantir.art\/producto\/mala-de-lapislazuli\/"]}]},{"@type":"ImageObject","inLanguage":"ca","@id":"https:\/\/cantir.art\/producto\/mala-de-lapislazuli\/#primaryimage","url":"https:\/\/i0.wp.com\/cantir.art\/wp-content\/uploads\/2025\/09\/M007-a-scaled-2.jpg?fit=1922%2C2560&ssl=1","contentUrl":"https:\/\/i0.wp.com\/cantir.art\/wp-content\/uploads\/2025\/09\/M007-a-scaled-2.jpg?fit=1922%2C2560&ssl=1","width":1922,"height":2560},{"@type":"BreadcrumbList","@id":"https:\/\/cantir.art\/producto\/mala-de-lapislazuli\/#breadcrumb","itemListElement":[{"@type":"ListItem","position":1,"name":"Portada","item":"https:\/\/cantir.art\/"},{"@type":"ListItem","position":2,"name":"NEW Tienda","item":"https:\/\/cantir.art\/en\/new-tienda\/"},{"@type":"ListItem","position":3,"name":"Mala de Lapisl\u00e1zuli"}]},{"@type":"WebSite","@id":"https:\/\/cantir.art\/#website","url":"https:\/\/cantir.art\/","name":"C\u00e0ntir","description":"Simbolisme budista i est\u00e8tica mediterr\u00e0nia en objectes que connecten pr\u00e0ctica i quotidianitat","publisher":{"@id":"https:\/\/cantir.art\/#organization"},"potentialAction":[{"@type":"SearchAction","target":{"@type":"EntryPoint","urlTemplate":"https:\/\/cantir.art\/?s={search_term_string}"},"query-input":{"@type":"PropertyValueSpecification","valueRequired":true,"valueName":"search_term_string"}}],"inLanguage":"ca"},{"@type":"Organization","@id":"https:\/\/cantir.art\/#organization","name":"C\u00e0ntir","url":"https:\/\/cantir.art\/","logo":{"@type":"ImageObject","inLanguage":"ca","@id":"https:\/\/cantir.art\/#\/schema\/logo\/image\/","url":"https:\/\/i0.wp.com\/cantir.art\/wp-content\/uploads\/2025\/01\/cantir-10.png?fit=2551%2C1060&ssl=1","contentUrl":"https:\/\/i0.wp.com\/cantir.art\/wp-content\/uploads\/2025\/01\/cantir-10.png?fit=2551%2C1060&ssl=1","width":2551,"height":1060,"caption":"C\u00e0ntir"},"image":{"@id":"https:\/\/cantir.art\/#\/schema\/logo\/image\/"}}]}},"jetpack_sharing_enabled":true,"_links":{"self":[{"href":"https:\/\/cantir.art\/ca\/wp-json\/wp\/v2\/product\/3584","targetHints":{"allow":["GET"]}}],"collection":[{"href":"https:\/\/cantir.art\/ca\/wp-json\/wp\/v2\/product"}],"about":[{"href":"https:\/\/cantir.art\/ca\/wp-json\/wp\/v2\/types\/product"}],"replies":[{"embeddable":true,"href":"https:\/\/cantir.art\/ca\/wp-json\/wp\/v2\/comments?post=3584"}],"version-history":[{"count":12,"href":"https:\/\/cantir.art\/ca\/wp-json\/wp\/v2\/product\/3584\/revisions"}],"predecessor-version":[{"id":5737,"href":"https:\/\/cantir.art\/ca\/wp-json\/wp\/v2\/product\/3584\/revisions\/5737"}],"wp:featuredmedia":[{"embeddable":true,"href":"https:\/\/cantir.art\/ca\/wp-json\/wp\/v2\/media\/6234"}],"wp:attachment":[{"href":"https:\/\/cantir.art\/ca\/wp-json\/wp\/v2\/media?parent=3584"}],"wp:term":[{"taxonomy":"product_brand","embeddable":true,"href":"https:\/\/cantir.art\/ca\/wp-json\/wp\/v2\/product_brand?post=3584"},{"taxonomy":"product_cat","embeddable":true,"href":"https:\/\/cantir.art\/ca\/wp-json\/wp\/v2\/product_cat?post=3584"},{"taxonomy":"product_tag","embeddable":true,"href":"https:\/\/cantir.art\/ca\/wp-json\/wp\/v2\/product_tag?post=3584"}],"curies":[{"name":"wp","href":"https:\/\/api.w.org\/{rel}","templated":true}]}}