{"id":3593,"date":"2024-12-21T17:28:46","date_gmt":"2024-12-21T16:28:46","guid":{"rendered":"https:\/\/cantir.art\/?post_type=product&#038;p=3593"},"modified":"2025-09-26T18:37:47","modified_gmt":"2025-09-26T16:37:47","slug":"mala-de-nacar-madre-con-marcadores","status":"publish","type":"product","link":"https:\/\/cantir.art\/ca\/producte\/mala-de-nacar-madre-con-marcadores\/","title":{"rendered":"Mala de N\u00e0car Mare amb Marcadors"},"content":{"rendered":"<div data-elementor-type=\"wp-post\" data-elementor-id=\"3593\" class=\"elementor elementor-3593\">\n\t\t\t\t<div class=\"elementor-element elementor-element-52048079 e-flex e-con-boxed e-con e-parent\" data-id=\"52048079\" data-element_type=\"container\">\n\t\t\t\t\t<div class=\"e-con-inner\">\n\t\t\t\t<div class=\"elementor-element elementor-element-14ef9cb8 elementor-widget elementor-widget-text-editor\" data-id=\"14ef9cb8\" data-element_type=\"widget\" data-widget_type=\"text-editor.default\">\n\t\t\t\t<div class=\"elementor-widget-container\">\n\t\t\t\t\t\t\t\t\t<p>El nacre rosat \u00e9s un material org\u00e0nic-mineral produ\u00eft per mol\u00b7luscs marins, que es caracteritza per la seva delicada brillantor iridiscent i les seves suaus tonalitats que van des del rosa p\u00e0l\u00b7lid fins a matisos m\u00e9s profunds de pr\u00e9ssec. La seva estructura est\u00e0 composta per fines capes de carbonat de calci que creen un efecte visual \u00fanic, reflectint la llum de manera que produeix suaus centelleigs tornassolats. Aquest material natural destaca per la seva superf\u00edcie llisa i polida, amb una brillantor sedosa que canvia subtilment segons l&#039;angle de la llum, i \u00e9s especialment valorat per la seva delicada bellesa i els suaus reflexos que emet la seva superf\u00edcie.<\/p>\t\t\t\t\t\t\t\t<\/div>\n\t\t\t\t<\/div>\n\t\t\t\t\t<\/div>\n\t\t\t\t<\/div>\n\t\t\t\t<\/div>","protected":false},"excerpt":{"rendered":"<p><span style=\"font-weight: 400;\">La delicadesa del nacre rosa del mar de Sri Lanka es manifesta en aquest elegant mala. Les seves subtils variacions de color blanc amb matisos rosats creen una pe\u00e7a molt bonica.<\/span> Aquesta edici\u00f3 est\u00e0 elaborada especialment per a Cantir i t\u00e9 dos marcadors de minerals de jaspi i c\u00e8rcols de plata als comptes<span class=\"OYPEnA font-feature-liga-off font-feature-clig-off font-feature-calt-off text-decoration-none text-strikethrough-none\"> 21 i 54.<\/span><\/p>","protected":false},"featured_media":6239,"comment_status":"open","ping_status":"closed","template":"elementor_theme","meta":[],"product_brand":[],"product_cat":[144,146],"product_tag":[148,254],"class_list":{"0":"post-3593","1":"product","2":"type-product","3":"status-publish","4":"has-post-thumbnail","6":"product_cat-malas","7":"product_cat-minerales","8":"product_tag-mala","9":"product_tag-nacar-rosa","11":"first","12":"instock","13":"taxable","14":"shipping-taxable","15":"purchasable","16":"product-type-simple"},"supplier_id":null,"supplier_sku":"","barcode":null,"atum_controlled":true,"out_stock_date":null,"out_stock_threshold":null,"inheritable":false,"inbound_stock":0,"stock_on_hold":0,"sold_today":0,"sales_last_days":0,"reserved_stock":0,"customer_returns":0,"warehouse_damage":0,"lost_in_post":0,"other_logs":0,"out_stock_days":0,"lost_sales":0,"has_location":false,"update_date":"2026-04-17T02:06:24","atum_locations":[],"atum_stock_status":"instock","restock_status":false,"low_stock_amount":"","sales_update_date":"2026-04-17T02:06:24","calc_backorders":null,"yoast_head":"<!-- This site is optimized with the Yoast SEO plugin v26.9 - https:\/\/yoast.com\/product\/yoast-seo-wordpress\/ -->\n<title>Mala de N\u00e1car Madre con Marcadores - C\u00e0ntir<\/title>\n<meta name=\"robots\" content=\"index, follow, max-snippet:-1, max-image-preview:large, max-video-preview:-1\" \/>\n<link rel=\"canonical\" href=\"https:\/\/cantir.art\/ca\/producte\/mala-de-nacar-madre-con-marcadores\/\" \/>\n<meta property=\"og:locale\" content=\"ca_ES\" \/>\n<meta property=\"og:type\" content=\"article\" \/>\n<meta property=\"og:title\" content=\"Mala de N\u00e1car Madre con Marcadores - C\u00e0ntir\" \/>\n<meta property=\"og:description\" content=\"La delicadeza del n\u00e1car rosa del mar de Sri Lanka se manifiesta en este elegante mala. Sus sutiles variaciones de color blanco con matices rosados crean una pieza muy bella. Esta edici\u00f3n est\u00e1 elaborada especialmente para Cantir y tiene dos marcadores de minerales de jaspe y aros de plata en las cuentas 21 i 54.\" \/>\n<meta property=\"og:url\" content=\"https:\/\/cantir.art\/ca\/producte\/mala-de-nacar-madre-con-marcadores\/\" \/>\n<meta property=\"og:site_name\" content=\"C\u00e0ntir\" \/>\n<meta property=\"article:modified_time\" content=\"2025-09-26T16:37:47+00:00\" \/>\n<meta property=\"og:image\" content=\"https:\/\/cantir.art\/wp-content\/uploads\/2025\/09\/MALA-MINERAL-NACAR-CON-MARCADORES-PLATA-A-scaled-2.jpg\" \/>\n\t<meta property=\"og:image:width\" content=\"1922\" \/>\n\t<meta property=\"og:image:height\" content=\"2560\" \/>\n\t<meta property=\"og:image:type\" content=\"image\/jpeg\" \/>\n<meta name=\"twitter:card\" content=\"summary_large_image\" \/>\n<meta name=\"twitter:label1\" content=\"Temps estimat de lectura\" \/>\n\t<meta name=\"twitter:data1\" content=\"1 minut\" \/>\n<script type=\"application\/ld+json\" class=\"yoast-schema-graph\">{\"@context\":\"https:\/\/schema.org\",\"@graph\":[{\"@type\":\"WebPage\",\"@id\":\"https:\/\/cantir.art\/producto\/mala-de-nacar-madre-con-marcadores\/\",\"url\":\"https:\/\/cantir.art\/producto\/mala-de-nacar-madre-con-marcadores\/\",\"name\":\"Mala de N\u00e1car Madre con Marcadores - C\u00e0ntir\",\"isPartOf\":{\"@id\":\"https:\/\/cantir.art\/#website\"},\"primaryImageOfPage\":{\"@id\":\"https:\/\/cantir.art\/producto\/mala-de-nacar-madre-con-marcadores\/#primaryimage\"},\"image\":{\"@id\":\"https:\/\/cantir.art\/producto\/mala-de-nacar-madre-con-marcadores\/#primaryimage\"},\"thumbnailUrl\":\"https:\/\/i0.wp.com\/cantir.art\/wp-content\/uploads\/2025\/09\/MALA-MINERAL-NACAR-CON-MARCADORES-PLATA-A-scaled-2.jpg?fit=1922%2C2560&ssl=1\",\"datePublished\":\"2024-12-21T16:28:46+00:00\",\"dateModified\":\"2025-09-26T16:37:47+00:00\",\"breadcrumb\":{\"@id\":\"https:\/\/cantir.art\/producto\/mala-de-nacar-madre-con-marcadores\/#breadcrumb\"},\"inLanguage\":\"ca\",\"potentialAction\":[{\"@type\":\"ReadAction\",\"target\":[\"https:\/\/cantir.art\/producto\/mala-de-nacar-madre-con-marcadores\/\"]}]},{\"@type\":\"ImageObject\",\"inLanguage\":\"ca\",\"@id\":\"https:\/\/cantir.art\/producto\/mala-de-nacar-madre-con-marcadores\/#primaryimage\",\"url\":\"https:\/\/i0.wp.com\/cantir.art\/wp-content\/uploads\/2025\/09\/MALA-MINERAL-NACAR-CON-MARCADORES-PLATA-A-scaled-2.jpg?fit=1922%2C2560&ssl=1\",\"contentUrl\":\"https:\/\/i0.wp.com\/cantir.art\/wp-content\/uploads\/2025\/09\/MALA-MINERAL-NACAR-CON-MARCADORES-PLATA-A-scaled-2.jpg?fit=1922%2C2560&ssl=1\",\"width\":1922,\"height\":2560},{\"@type\":\"BreadcrumbList\",\"@id\":\"https:\/\/cantir.art\/producto\/mala-de-nacar-madre-con-marcadores\/#breadcrumb\",\"itemListElement\":[{\"@type\":\"ListItem\",\"position\":1,\"name\":\"Portada\",\"item\":\"https:\/\/cantir.art\/\"},{\"@type\":\"ListItem\",\"position\":2,\"name\":\"NEW Tienda\",\"item\":\"https:\/\/cantir.art\/en\/new-tienda\/\"},{\"@type\":\"ListItem\",\"position\":3,\"name\":\"Mala de N\u00e1car Madre con Marcadores\"}]},{\"@type\":\"WebSite\",\"@id\":\"https:\/\/cantir.art\/#website\",\"url\":\"https:\/\/cantir.art\/\",\"name\":\"C\u00e0ntir\",\"description\":\"Simbolismo budista y est\u00e9tica mediterr\u00e1nea en objetos que conectan pr\u00e1ctica y cotidianidad\",\"publisher\":{\"@id\":\"https:\/\/cantir.art\/#organization\"},\"potentialAction\":[{\"@type\":\"SearchAction\",\"target\":{\"@type\":\"EntryPoint\",\"urlTemplate\":\"https:\/\/cantir.art\/?s={search_term_string}\"},\"query-input\":{\"@type\":\"PropertyValueSpecification\",\"valueRequired\":true,\"valueName\":\"search_term_string\"}}],\"inLanguage\":\"ca\"},{\"@type\":\"Organization\",\"@id\":\"https:\/\/cantir.art\/#organization\",\"name\":\"C\u00e0ntir\",\"url\":\"https:\/\/cantir.art\/\",\"logo\":{\"@type\":\"ImageObject\",\"inLanguage\":\"ca\",\"@id\":\"https:\/\/cantir.art\/#\/schema\/logo\/image\/\",\"url\":\"https:\/\/i0.wp.com\/cantir.art\/wp-content\/uploads\/2025\/01\/cantir-10.png?fit=2551%2C1060&ssl=1\",\"contentUrl\":\"https:\/\/i0.wp.com\/cantir.art\/wp-content\/uploads\/2025\/01\/cantir-10.png?fit=2551%2C1060&ssl=1\",\"width\":2551,\"height\":1060,\"caption\":\"C\u00e0ntir\"},\"image\":{\"@id\":\"https:\/\/cantir.art\/#\/schema\/logo\/image\/\"}}]}<\/script>\n<!-- \/ Yoast SEO plugin. -->","yoast_head_json":{"title":"Mala de N\u00e1car Madre con Marcadores - C\u00e0ntir","robots":{"index":"index","follow":"follow","max-snippet":"max-snippet:-1","max-image-preview":"max-image-preview:large","max-video-preview":"max-video-preview:-1"},"canonical":"https:\/\/cantir.art\/ca\/producte\/mala-de-nacar-madre-con-marcadores\/","og_locale":"ca_ES","og_type":"article","og_title":"Mala de N\u00e1car Madre con Marcadores - C\u00e0ntir","og_description":"La delicadeza del n\u00e1car rosa del mar de Sri Lanka se manifiesta en este elegante mala. Sus sutiles variaciones de color blanco con matices rosados crean una pieza muy bella. Esta edici\u00f3n est\u00e1 elaborada especialmente para Cantir y tiene dos marcadores de minerales de jaspe y aros de plata en las cuentas 21 i 54.","og_url":"https:\/\/cantir.art\/ca\/producte\/mala-de-nacar-madre-con-marcadores\/","og_site_name":"C\u00e0ntir","article_modified_time":"2025-09-26T16:37:47+00:00","og_image":[{"width":1922,"height":2560,"url":"https:\/\/cantir.art\/wp-content\/uploads\/2025\/09\/MALA-MINERAL-NACAR-CON-MARCADORES-PLATA-A-scaled-2.jpg","type":"image\/jpeg"}],"twitter_card":"summary_large_image","twitter_misc":{"Temps estimat de lectura":"1 minut"},"schema":{"@context":"https:\/\/schema.org","@graph":[{"@type":"WebPage","@id":"https:\/\/cantir.art\/producto\/mala-de-nacar-madre-con-marcadores\/","url":"https:\/\/cantir.art\/producto\/mala-de-nacar-madre-con-marcadores\/","name":"Mala de N\u00e1car Madre con Marcadores - C\u00e0ntir","isPartOf":{"@id":"https:\/\/cantir.art\/#website"},"primaryImageOfPage":{"@id":"https:\/\/cantir.art\/producto\/mala-de-nacar-madre-con-marcadores\/#primaryimage"},"image":{"@id":"https:\/\/cantir.art\/producto\/mala-de-nacar-madre-con-marcadores\/#primaryimage"},"thumbnailUrl":"https:\/\/i0.wp.com\/cantir.art\/wp-content\/uploads\/2025\/09\/MALA-MINERAL-NACAR-CON-MARCADORES-PLATA-A-scaled-2.jpg?fit=1922%2C2560&ssl=1","datePublished":"2024-12-21T16:28:46+00:00","dateModified":"2025-09-26T16:37:47+00:00","breadcrumb":{"@id":"https:\/\/cantir.art\/producto\/mala-de-nacar-madre-con-marcadores\/#breadcrumb"},"inLanguage":"ca","potentialAction":[{"@type":"ReadAction","target":["https:\/\/cantir.art\/producto\/mala-de-nacar-madre-con-marcadores\/"]}]},{"@type":"ImageObject","inLanguage":"ca","@id":"https:\/\/cantir.art\/producto\/mala-de-nacar-madre-con-marcadores\/#primaryimage","url":"https:\/\/i0.wp.com\/cantir.art\/wp-content\/uploads\/2025\/09\/MALA-MINERAL-NACAR-CON-MARCADORES-PLATA-A-scaled-2.jpg?fit=1922%2C2560&ssl=1","contentUrl":"https:\/\/i0.wp.com\/cantir.art\/wp-content\/uploads\/2025\/09\/MALA-MINERAL-NACAR-CON-MARCADORES-PLATA-A-scaled-2.jpg?fit=1922%2C2560&ssl=1","width":1922,"height":2560},{"@type":"BreadcrumbList","@id":"https:\/\/cantir.art\/producto\/mala-de-nacar-madre-con-marcadores\/#breadcrumb","itemListElement":[{"@type":"ListItem","position":1,"name":"Portada","item":"https:\/\/cantir.art\/"},{"@type":"ListItem","position":2,"name":"NEW Tienda","item":"https:\/\/cantir.art\/en\/new-tienda\/"},{"@type":"ListItem","position":3,"name":"Mala de N\u00e1car Madre con Marcadores"}]},{"@type":"WebSite","@id":"https:\/\/cantir.art\/#website","url":"https:\/\/cantir.art\/","name":"C\u00e0ntir","description":"Simbolisme budista i est\u00e8tica mediterr\u00e0nia en objectes que connecten pr\u00e0ctica i quotidianitat","publisher":{"@id":"https:\/\/cantir.art\/#organization"},"potentialAction":[{"@type":"SearchAction","target":{"@type":"EntryPoint","urlTemplate":"https:\/\/cantir.art\/?s={search_term_string}"},"query-input":{"@type":"PropertyValueSpecification","valueRequired":true,"valueName":"search_term_string"}}],"inLanguage":"ca"},{"@type":"Organization","@id":"https:\/\/cantir.art\/#organization","name":"C\u00e0ntir","url":"https:\/\/cantir.art\/","logo":{"@type":"ImageObject","inLanguage":"ca","@id":"https:\/\/cantir.art\/#\/schema\/logo\/image\/","url":"https:\/\/i0.wp.com\/cantir.art\/wp-content\/uploads\/2025\/01\/cantir-10.png?fit=2551%2C1060&ssl=1","contentUrl":"https:\/\/i0.wp.com\/cantir.art\/wp-content\/uploads\/2025\/01\/cantir-10.png?fit=2551%2C1060&ssl=1","width":2551,"height":1060,"caption":"C\u00e0ntir"},"image":{"@id":"https:\/\/cantir.art\/#\/schema\/logo\/image\/"}}]}},"jetpack_sharing_enabled":true,"_links":{"self":[{"href":"https:\/\/cantir.art\/ca\/wp-json\/wp\/v2\/product\/3593","targetHints":{"allow":["GET"]}}],"collection":[{"href":"https:\/\/cantir.art\/ca\/wp-json\/wp\/v2\/product"}],"about":[{"href":"https:\/\/cantir.art\/ca\/wp-json\/wp\/v2\/types\/product"}],"replies":[{"embeddable":true,"href":"https:\/\/cantir.art\/ca\/wp-json\/wp\/v2\/comments?post=3593"}],"version-history":[{"count":6,"href":"https:\/\/cantir.art\/ca\/wp-json\/wp\/v2\/product\/3593\/revisions"}],"predecessor-version":[{"id":4294,"href":"https:\/\/cantir.art\/ca\/wp-json\/wp\/v2\/product\/3593\/revisions\/4294"}],"wp:featuredmedia":[{"embeddable":true,"href":"https:\/\/cantir.art\/ca\/wp-json\/wp\/v2\/media\/6239"}],"wp:attachment":[{"href":"https:\/\/cantir.art\/ca\/wp-json\/wp\/v2\/media?parent=3593"}],"wp:term":[{"taxonomy":"product_brand","embeddable":true,"href":"https:\/\/cantir.art\/ca\/wp-json\/wp\/v2\/product_brand?post=3593"},{"taxonomy":"product_cat","embeddable":true,"href":"https:\/\/cantir.art\/ca\/wp-json\/wp\/v2\/product_cat?post=3593"},{"taxonomy":"product_tag","embeddable":true,"href":"https:\/\/cantir.art\/ca\/wp-json\/wp\/v2\/product_tag?post=3593"}],"curies":[{"name":"wp","href":"https:\/\/api.w.org\/{rel}","templated":true}]}}