{"id":3657,"date":"2024-12-22T10:51:08","date_gmt":"2024-12-22T09:51:08","guid":{"rendered":"https:\/\/cantir.art\/?post_type=product&#038;p=3657"},"modified":"2025-09-26T18:44:46","modified_gmt":"2025-09-26T16:44:46","slug":"contador-de-plata","status":"publish","type":"product","link":"https:\/\/cantir.art\/ca\/producte\/contador-de-plata\/","title":{"rendered":"Marcador de plata"},"content":{"rendered":"<div data-elementor-type=\"wp-post\" data-elementor-id=\"3657\" class=\"elementor elementor-3657\">\n\t\t\t\t<div class=\"elementor-element elementor-element-52048079 e-flex e-con-boxed e-con e-parent\" data-id=\"52048079\" data-element_type=\"container\">\n\t\t\t\t\t<div class=\"e-con-inner\">\n\t\t\t\t<div class=\"elementor-element elementor-element-14ef9cb8 elementor-widget elementor-widget-text-editor\" data-id=\"14ef9cb8\" data-element_type=\"widget\" data-widget_type=\"text-editor.default\">\n\t\t\t\t<div class=\"elementor-widget-container\">\n\t\t\t\t\t\t\t\t\t<p>A la tradici\u00f3 budista tibetana, la campana i el dorje (o vajra) s\u00f3n instruments rituals complementaris que representen la saviesa femenina i masculina, respectivament. La campana simbolitza la vacu\u00eftat, la saviesa i la dimensi\u00f3 espacial de la realitat, mentre que el dorje representa el m\u00e8tode, la compassi\u00f3 i l'energia indestructible. Junts, aquests s\u00edmbols il\u00b7lustren la unitat fonamental dels principis femen\u00ed i mascul\u00ed, la no dualitat i la interdepend\u00e8ncia de tots els fen\u00f2mens, i s\u00f3n elements essencials en les pr\u00e0ctiques contemplatives i rituals del budisme t\u00e0ntric.<\/p>\t\t\t\t\t\t\t\t<\/div>\n\t\t\t\t<\/div>\n\t\t\t\t\t<\/div>\n\t\t\t\t<\/div>\n\t\t\t\t<\/div>","protected":false},"excerpt":{"rendered":"<p>Parella de comptadors fets a m\u00e0. Elaborats al Nepal amb un 99,5% de plata i un disseny de campana i vajra. Disponibles en petit i mitj\u00e0.<\/p>","protected":false},"featured_media":6273,"comment_status":"open","ping_status":"closed","template":"elementor_theme","meta":[],"product_brand":[],"product_cat":[144,297],"product_tag":[187,148],"class_list":{"0":"post-3657","1":"product","2":"type-product","3":"status-publish","4":"has-post-thumbnail","6":"product_cat-malas","7":"product_cat-marcadores","8":"product_tag-contadores","9":"product_tag-mala","11":"first","12":"instock","13":"taxable","14":"shipping-taxable","15":"purchasable","16":"product-type-variable"},"supplier_id":null,"supplier_sku":"","barcode":null,"atum_controlled":true,"out_stock_date":null,"out_stock_threshold":null,"inheritable":true,"inbound_stock":null,"stock_on_hold":0,"sold_today":0,"sales_last_days":0,"reserved_stock":null,"customer_returns":null,"warehouse_damage":null,"lost_in_post":null,"other_logs":null,"out_stock_days":0,"lost_sales":0,"has_location":false,"update_date":"2026-04-14T02:05:40","atum_locations":[],"atum_stock_status":"instock","restock_status":false,"low_stock_amount":"","sales_update_date":"2026-04-14T02:05:40","calc_backorders":null,"yoast_head":"<!-- This site is optimized with the Yoast SEO plugin v26.9 - https:\/\/yoast.com\/product\/yoast-seo-wordpress\/ -->\n<title>Marcador de plata - C\u00e0ntir<\/title>\n<meta name=\"robots\" content=\"index, follow, max-snippet:-1, max-image-preview:large, max-video-preview:-1\" \/>\n<link rel=\"canonical\" href=\"https:\/\/cantir.art\/ca\/producte\/contador-de-plata\/\" \/>\n<meta property=\"og:locale\" content=\"ca_ES\" \/>\n<meta property=\"og:type\" content=\"article\" \/>\n<meta property=\"og:title\" content=\"Marcador de plata - C\u00e0ntir\" \/>\n<meta property=\"og:description\" content=\"Pareja de contadores hechos a mano. Elaborados en Nepal con un 99,5% de plata y un dise\u00f1o de campana y vajra. Disponibles en peque\u00f1o y mediano.\" \/>\n<meta property=\"og:url\" content=\"https:\/\/cantir.art\/ca\/producte\/contador-de-plata\/\" \/>\n<meta property=\"og:site_name\" content=\"C\u00e0ntir\" \/>\n<meta property=\"article:modified_time\" content=\"2025-09-26T16:44:46+00:00\" \/>\n<meta property=\"og:image\" content=\"https:\/\/cantir.art\/wp-content\/uploads\/2025\/09\/MARCADOR-MARRON-COBRE-B-scaled-2.jpg\" \/>\n\t<meta property=\"og:image:width\" content=\"1922\" \/>\n\t<meta property=\"og:image:height\" content=\"2560\" \/>\n\t<meta property=\"og:image:type\" content=\"image\/jpeg\" \/>\n<meta name=\"twitter:card\" content=\"summary_large_image\" \/>\n<meta name=\"twitter:label1\" content=\"Temps estimat de lectura\" \/>\n\t<meta name=\"twitter:data1\" content=\"1 minut\" \/>\n<script type=\"application\/ld+json\" class=\"yoast-schema-graph\">{\"@context\":\"https:\/\/schema.org\",\"@graph\":[{\"@type\":\"WebPage\",\"@id\":\"https:\/\/cantir.art\/producto\/contador-de-plata\/\",\"url\":\"https:\/\/cantir.art\/producto\/contador-de-plata\/\",\"name\":\"Marcador de plata - C\u00e0ntir\",\"isPartOf\":{\"@id\":\"https:\/\/cantir.art\/#website\"},\"primaryImageOfPage\":{\"@id\":\"https:\/\/cantir.art\/producto\/contador-de-plata\/#primaryimage\"},\"image\":{\"@id\":\"https:\/\/cantir.art\/producto\/contador-de-plata\/#primaryimage\"},\"thumbnailUrl\":\"https:\/\/i0.wp.com\/cantir.art\/wp-content\/uploads\/2025\/09\/MARCADOR-MARRON-COBRE-B-scaled-2.jpg?fit=1922%2C2560&ssl=1\",\"datePublished\":\"2024-12-22T09:51:08+00:00\",\"dateModified\":\"2025-09-26T16:44:46+00:00\",\"breadcrumb\":{\"@id\":\"https:\/\/cantir.art\/producto\/contador-de-plata\/#breadcrumb\"},\"inLanguage\":\"ca\",\"potentialAction\":[{\"@type\":\"ReadAction\",\"target\":[\"https:\/\/cantir.art\/producto\/contador-de-plata\/\"]}]},{\"@type\":\"ImageObject\",\"inLanguage\":\"ca\",\"@id\":\"https:\/\/cantir.art\/producto\/contador-de-plata\/#primaryimage\",\"url\":\"https:\/\/i0.wp.com\/cantir.art\/wp-content\/uploads\/2025\/09\/MARCADOR-MARRON-COBRE-B-scaled-2.jpg?fit=1922%2C2560&ssl=1\",\"contentUrl\":\"https:\/\/i0.wp.com\/cantir.art\/wp-content\/uploads\/2025\/09\/MARCADOR-MARRON-COBRE-B-scaled-2.jpg?fit=1922%2C2560&ssl=1\",\"width\":1922,\"height\":2560},{\"@type\":\"BreadcrumbList\",\"@id\":\"https:\/\/cantir.art\/producto\/contador-de-plata\/#breadcrumb\",\"itemListElement\":[{\"@type\":\"ListItem\",\"position\":1,\"name\":\"Portada\",\"item\":\"https:\/\/cantir.art\/\"},{\"@type\":\"ListItem\",\"position\":2,\"name\":\"NEW Tienda\",\"item\":\"https:\/\/cantir.art\/en\/new-tienda\/\"},{\"@type\":\"ListItem\",\"position\":3,\"name\":\"Marcador de plata\"}]},{\"@type\":\"WebSite\",\"@id\":\"https:\/\/cantir.art\/#website\",\"url\":\"https:\/\/cantir.art\/\",\"name\":\"C\u00e0ntir\",\"description\":\"Simbolismo budista y est\u00e9tica mediterr\u00e1nea en objetos que conectan pr\u00e1ctica y cotidianidad\",\"publisher\":{\"@id\":\"https:\/\/cantir.art\/#organization\"},\"potentialAction\":[{\"@type\":\"SearchAction\",\"target\":{\"@type\":\"EntryPoint\",\"urlTemplate\":\"https:\/\/cantir.art\/?s={search_term_string}\"},\"query-input\":{\"@type\":\"PropertyValueSpecification\",\"valueRequired\":true,\"valueName\":\"search_term_string\"}}],\"inLanguage\":\"ca\"},{\"@type\":\"Organization\",\"@id\":\"https:\/\/cantir.art\/#organization\",\"name\":\"C\u00e0ntir\",\"url\":\"https:\/\/cantir.art\/\",\"logo\":{\"@type\":\"ImageObject\",\"inLanguage\":\"ca\",\"@id\":\"https:\/\/cantir.art\/#\/schema\/logo\/image\/\",\"url\":\"https:\/\/i0.wp.com\/cantir.art\/wp-content\/uploads\/2025\/01\/cantir-10.png?fit=2551%2C1060&ssl=1\",\"contentUrl\":\"https:\/\/i0.wp.com\/cantir.art\/wp-content\/uploads\/2025\/01\/cantir-10.png?fit=2551%2C1060&ssl=1\",\"width\":2551,\"height\":1060,\"caption\":\"C\u00e0ntir\"},\"image\":{\"@id\":\"https:\/\/cantir.art\/#\/schema\/logo\/image\/\"}}]}<\/script>\n<!-- \/ Yoast SEO plugin. -->","yoast_head_json":{"title":"Marcador de plata - C\u00e0ntir","robots":{"index":"index","follow":"follow","max-snippet":"max-snippet:-1","max-image-preview":"max-image-preview:large","max-video-preview":"max-video-preview:-1"},"canonical":"https:\/\/cantir.art\/ca\/producte\/contador-de-plata\/","og_locale":"ca_ES","og_type":"article","og_title":"Marcador de plata - C\u00e0ntir","og_description":"Pareja de contadores hechos a mano. Elaborados en Nepal con un 99,5% de plata y un dise\u00f1o de campana y vajra. Disponibles en peque\u00f1o y mediano.","og_url":"https:\/\/cantir.art\/ca\/producte\/contador-de-plata\/","og_site_name":"C\u00e0ntir","article_modified_time":"2025-09-26T16:44:46+00:00","og_image":[{"width":1922,"height":2560,"url":"https:\/\/cantir.art\/wp-content\/uploads\/2025\/09\/MARCADOR-MARRON-COBRE-B-scaled-2.jpg","type":"image\/jpeg"}],"twitter_card":"summary_large_image","twitter_misc":{"Temps estimat de lectura":"1 minut"},"schema":{"@context":"https:\/\/schema.org","@graph":[{"@type":"WebPage","@id":"https:\/\/cantir.art\/producto\/contador-de-plata\/","url":"https:\/\/cantir.art\/producto\/contador-de-plata\/","name":"Marcador de plata - C\u00e0ntir","isPartOf":{"@id":"https:\/\/cantir.art\/#website"},"primaryImageOfPage":{"@id":"https:\/\/cantir.art\/producto\/contador-de-plata\/#primaryimage"},"image":{"@id":"https:\/\/cantir.art\/producto\/contador-de-plata\/#primaryimage"},"thumbnailUrl":"https:\/\/i0.wp.com\/cantir.art\/wp-content\/uploads\/2025\/09\/MARCADOR-MARRON-COBRE-B-scaled-2.jpg?fit=1922%2C2560&ssl=1","datePublished":"2024-12-22T09:51:08+00:00","dateModified":"2025-09-26T16:44:46+00:00","breadcrumb":{"@id":"https:\/\/cantir.art\/producto\/contador-de-plata\/#breadcrumb"},"inLanguage":"ca","potentialAction":[{"@type":"ReadAction","target":["https:\/\/cantir.art\/producto\/contador-de-plata\/"]}]},{"@type":"ImageObject","inLanguage":"ca","@id":"https:\/\/cantir.art\/producto\/contador-de-plata\/#primaryimage","url":"https:\/\/i0.wp.com\/cantir.art\/wp-content\/uploads\/2025\/09\/MARCADOR-MARRON-COBRE-B-scaled-2.jpg?fit=1922%2C2560&ssl=1","contentUrl":"https:\/\/i0.wp.com\/cantir.art\/wp-content\/uploads\/2025\/09\/MARCADOR-MARRON-COBRE-B-scaled-2.jpg?fit=1922%2C2560&ssl=1","width":1922,"height":2560},{"@type":"BreadcrumbList","@id":"https:\/\/cantir.art\/producto\/contador-de-plata\/#breadcrumb","itemListElement":[{"@type":"ListItem","position":1,"name":"Portada","item":"https:\/\/cantir.art\/"},{"@type":"ListItem","position":2,"name":"NEW Tienda","item":"https:\/\/cantir.art\/en\/new-tienda\/"},{"@type":"ListItem","position":3,"name":"Marcador de plata"}]},{"@type":"WebSite","@id":"https:\/\/cantir.art\/#website","url":"https:\/\/cantir.art\/","name":"C\u00e0ntir","description":"Simbolisme budista i est\u00e8tica mediterr\u00e0nia en objectes que connecten pr\u00e0ctica i quotidianitat","publisher":{"@id":"https:\/\/cantir.art\/#organization"},"potentialAction":[{"@type":"SearchAction","target":{"@type":"EntryPoint","urlTemplate":"https:\/\/cantir.art\/?s={search_term_string}"},"query-input":{"@type":"PropertyValueSpecification","valueRequired":true,"valueName":"search_term_string"}}],"inLanguage":"ca"},{"@type":"Organization","@id":"https:\/\/cantir.art\/#organization","name":"C\u00e0ntir","url":"https:\/\/cantir.art\/","logo":{"@type":"ImageObject","inLanguage":"ca","@id":"https:\/\/cantir.art\/#\/schema\/logo\/image\/","url":"https:\/\/i0.wp.com\/cantir.art\/wp-content\/uploads\/2025\/01\/cantir-10.png?fit=2551%2C1060&ssl=1","contentUrl":"https:\/\/i0.wp.com\/cantir.art\/wp-content\/uploads\/2025\/01\/cantir-10.png?fit=2551%2C1060&ssl=1","width":2551,"height":1060,"caption":"C\u00e0ntir"},"image":{"@id":"https:\/\/cantir.art\/#\/schema\/logo\/image\/"}}]}},"jetpack_sharing_enabled":true,"_links":{"self":[{"href":"https:\/\/cantir.art\/ca\/wp-json\/wp\/v2\/product\/3657","targetHints":{"allow":["GET"]}}],"collection":[{"href":"https:\/\/cantir.art\/ca\/wp-json\/wp\/v2\/product"}],"about":[{"href":"https:\/\/cantir.art\/ca\/wp-json\/wp\/v2\/types\/product"}],"replies":[{"embeddable":true,"href":"https:\/\/cantir.art\/ca\/wp-json\/wp\/v2\/comments?post=3657"}],"version-history":[{"count":6,"href":"https:\/\/cantir.art\/ca\/wp-json\/wp\/v2\/product\/3657\/revisions"}],"predecessor-version":[{"id":6954,"href":"https:\/\/cantir.art\/ca\/wp-json\/wp\/v2\/product\/3657\/revisions\/6954"}],"wp:featuredmedia":[{"embeddable":true,"href":"https:\/\/cantir.art\/ca\/wp-json\/wp\/v2\/media\/6273"}],"wp:attachment":[{"href":"https:\/\/cantir.art\/ca\/wp-json\/wp\/v2\/media?parent=3657"}],"wp:term":[{"taxonomy":"product_brand","embeddable":true,"href":"https:\/\/cantir.art\/ca\/wp-json\/wp\/v2\/product_brand?post=3657"},{"taxonomy":"product_cat","embeddable":true,"href":"https:\/\/cantir.art\/ca\/wp-json\/wp\/v2\/product_cat?post=3657"},{"taxonomy":"product_tag","embeddable":true,"href":"https:\/\/cantir.art\/ca\/wp-json\/wp\/v2\/product_tag?post=3657"}],"curies":[{"name":"wp","href":"https:\/\/api.w.org\/{rel}","templated":true}]}}