{"id":3699,"date":"2024-12-22T17:37:42","date_gmt":"2024-12-22T16:37:42","guid":{"rendered":"https:\/\/cantir.art\/?post_type=product&#038;p=3699"},"modified":"2026-04-04T11:24:13","modified_gmt":"2026-04-04T09:24:13","slug":"chal-de-meditacion","status":"publish","type":"product","link":"https:\/\/cantir.art\/ca\/producte\/chal-de-meditacion\/","title":{"rendered":"Xal de Meditaci\u00f3"},"content":{"rendered":"<div data-elementor-type=\"wp-post\" data-elementor-id=\"3699\" class=\"elementor elementor-3699\">\n\t\t\t\t<div class=\"elementor-element elementor-element-52048079 e-flex e-con-boxed e-con e-parent\" data-id=\"52048079\" data-element_type=\"container\">\n\t\t\t\t\t<div class=\"e-con-inner\">\n\t\t\t\t<div class=\"elementor-element elementor-element-14ef9cb8 elementor-widget elementor-widget-text-editor\" data-id=\"14ef9cb8\" data-element_type=\"widget\" data-widget_type=\"text-editor.default\">\n\t\t\t\t<div class=\"elementor-widget-container\">\n\t\t\t\t\t\t\t\t\t<p data-start=\"0\" data-end=\"65\"><strong data-start=\"0\" data-end=\"63\">Xal de Meditaci\u00f3: Confort i Sostenibilitat a la teva Pr\u00e0ctica<\/strong><\/p><p data-start=\"67\" data-end=\"473\">Aquest xal de meditaci\u00f3 de c\u00e0nem \u00e9s una opci\u00f3 ideal per als que busquen comoditat i connexi\u00f3 amb materials naturals. Aquesta fibra vegetal t\u00e9 una propietat sorprenent: ofereix abric a l'hivern i frescor a l'estiu, i s'adapta a la temperatura de manera natural. La seva textura lleugera i transpirable envolta el cos amb suavitat, proporcionant una sensaci\u00f3 acollidora a cada sessi\u00f3 de meditaci\u00f3.<\/p><p data-start=\"475\" data-end=\"519\"><strong data-start=\"475\" data-end=\"517\">C\u00e0nem: Un Material Natural i Durador<\/strong><\/p><p data-start=\"521\" data-end=\"998\">El c\u00e0nem \u00e9s una de les fibres t\u00e8xtils m\u00e9s sostenibles que hi ha. El seu cultiu requereix significativament menys aigua que el cot\u00f3 i no necessita pesticides ni fertilitzants sint\u00e8tics, cosa que redueix l'impacte ambiental. A m\u00e9s, aquesta planta creix r\u00e0pidament en diferents climes i en captura grans quantitats de CO2, contribuint a la regeneraci\u00f3 de l'ecosistema. Com que \u00e9s una fibra biodegradable, al final del seu cicle de vida es descompon sense deixar residus contaminants.<\/p><p data-start=\"1000\" data-end=\"1397\">Aquest xal de meditaci\u00f3 est\u00e0 elaborat amb c\u00e0nem pur \u00e9s resistent i durador, millorant amb l\u00fas i el pas del temps. La seva versatilitat permet utilitzar-lo tant en espais tancats com en exteriors, sense perdre'n les qualitats. Gr\u00e0cies a la seva capacitat per regular la temperatura corporal, proporciona el confort necessari per aprofundir en la pr\u00e0ctica meditativa a qualsevol estaci\u00f3 de l'any.<\/p><p data-start=\"1399\" data-end=\"1452\"><strong data-start=\"1399\" data-end=\"1450\">C\u00c0NTIR: Materials Conscients per a la Pr\u00e0ctica<\/strong><\/p><p data-start=\"1454\" data-end=\"1859\" data-is-last-node=\"\">A C\u00c0NTIR, creiem en la import\u00e0ncia de triar materials \u00e8tics i sostenibles per acompanyar la pr\u00e0ctica. Per aix\u00f2, oferim xalets de meditaci\u00f3 elaborats amb fibres naturals d'alta qualitat, fusionant tradici\u00f3 i sostenibilitat. A m\u00e9s dels nostres xalets de c\u00e0nem, comptem amb una selecci\u00f3 d'altres productes t\u00e8xtils org\u00e0nics com <a href=\"https:\/\/cantir.art\/ca\/producte\/khata\/\">khatas<\/a> i <a href=\"https:\/\/cantir.art\/ca\/categoria-producte\/textil\/lungta\/\">banderes d'oraci\u00f3<\/a>, tamb\u00e9 conegudes com lungta.<\/p>\t\t\t\t\t\t\t\t<\/div>\n\t\t\t\t<\/div>\n\t\t\t\t\t<\/div>\n\t\t\t\t<\/div>\n\t\t\t\t<\/div>","protected":false},"excerpt":{"rendered":"<p>Un xal de c\u00e0nem perfecte per a la teva pr\u00e0ctica. \u00c9s calent quan fa fred i fresc quan fa calor \u2013 sembla m\u00e0gia per\u00f2 \u00e9s simplement la naturalesa del c\u00e0nem.<br \/>\nXal elaborat amb fibra de c\u00e0nem pura, un dels materials m\u00e9s sostenibles que hi ha. \u00c9s resistent, vers\u00e0til i millora amb el temps.<\/p>","protected":false},"featured_media":6295,"comment_status":"open","ping_status":"closed","template":"elementor_theme","meta":[],"product_brand":[],"product_cat":[155,139],"product_tag":[194,192],"class_list":{"0":"post-3699","1":"product","2":"type-product","3":"status-publish","4":"has-post-thumbnail","6":"product_cat-panuelos","7":"product_cat-textil","8":"product_tag-panuelos","9":"product_tag-textil","11":"first","12":"instock","13":"taxable","14":"shipping-taxable","15":"purchasable","16":"product-type-simple"},"supplier_id":null,"supplier_sku":"","barcode":null,"atum_controlled":true,"out_stock_date":null,"out_stock_threshold":null,"inheritable":false,"inbound_stock":null,"stock_on_hold":0,"sold_today":0,"sales_last_days":1,"reserved_stock":null,"customer_returns":null,"warehouse_damage":null,"lost_in_post":null,"other_logs":null,"out_stock_days":0,"lost_sales":0,"has_location":false,"update_date":"2026-04-14T02:05:42","atum_locations":[],"atum_stock_status":"instock","restock_status":false,"low_stock_amount":"","sales_update_date":"2026-04-14T02:05:42","calc_backorders":null,"yoast_head":"<!-- This site is optimized with the Yoast SEO plugin v26.9 - https:\/\/yoast.com\/product\/yoast-seo-wordpress\/ -->\n<title>Chal de Meditaci\u00f3n | C\u00c0NTIR \ud83d\udcff<\/title>\n<meta name=\"description\" content=\"Chal de Meditaci\u00f3n hecho a mano con c\u00e1\u00f1amo org\u00e1nico. Descubre m\u00e1s productos en C\u00c0NTIR, una tienda de art\u00edculos budistas y de meditaci\u00f3n.\" \/>\n<meta name=\"robots\" content=\"index, follow, max-snippet:-1, max-image-preview:large, max-video-preview:-1\" \/>\n<link rel=\"canonical\" href=\"https:\/\/cantir.art\/ca\/producte\/chal-de-meditacion\/\" \/>\n<meta property=\"og:locale\" content=\"ca_ES\" \/>\n<meta property=\"og:type\" content=\"article\" \/>\n<meta property=\"og:title\" content=\"Chal de Meditaci\u00f3n | C\u00c0NTIR \ud83d\udcff\" \/>\n<meta property=\"og:description\" content=\"Chal de Meditaci\u00f3n hecho a mano con c\u00e1\u00f1amo org\u00e1nico. Descubre m\u00e1s productos en C\u00c0NTIR, una tienda de art\u00edculos budistas y de meditaci\u00f3n.\" \/>\n<meta property=\"og:url\" content=\"https:\/\/cantir.art\/ca\/producte\/chal-de-meditacion\/\" \/>\n<meta property=\"og:site_name\" content=\"C\u00e0ntir\" \/>\n<meta property=\"article:modified_time\" content=\"2026-04-04T09:24:13+00:00\" \/>\n<meta property=\"og:image\" content=\"https:\/\/cantir.art\/wp-content\/uploads\/2024\/12\/Manta.webp\" \/>\n\t<meta property=\"og:image:width\" content=\"680\" \/>\n\t<meta property=\"og:image:height\" content=\"920\" \/>\n\t<meta property=\"og:image:type\" content=\"image\/webp\" \/>\n<meta name=\"twitter:card\" content=\"summary_large_image\" \/>\n<meta name=\"twitter:label1\" content=\"Temps estimat de lectura\" \/>\n\t<meta name=\"twitter:data1\" content=\"2 minuts\" \/>\n<script type=\"application\/ld+json\" class=\"yoast-schema-graph\">{\"@context\":\"https:\/\/schema.org\",\"@graph\":[{\"@type\":\"WebPage\",\"@id\":\"https:\/\/cantir.art\/producto\/chal-de-meditacion\/\",\"url\":\"https:\/\/cantir.art\/producto\/chal-de-meditacion\/\",\"name\":\"Chal de Meditaci\u00f3n | C\u00c0NTIR \ud83d\udcff\",\"isPartOf\":{\"@id\":\"https:\/\/cantir.art\/#website\"},\"primaryImageOfPage\":{\"@id\":\"https:\/\/cantir.art\/producto\/chal-de-meditacion\/#primaryimage\"},\"image\":{\"@id\":\"https:\/\/cantir.art\/producto\/chal-de-meditacion\/#primaryimage\"},\"thumbnailUrl\":\"https:\/\/i0.wp.com\/cantir.art\/wp-content\/uploads\/2025\/09\/CHAL-DE-MEDITACION-D-scaled-2.jpg?fit=1922%2C2560&ssl=1\",\"datePublished\":\"2024-12-22T16:37:42+00:00\",\"dateModified\":\"2026-04-04T09:24:13+00:00\",\"description\":\"Chal de Meditaci\u00f3n hecho a mano con c\u00e1\u00f1amo org\u00e1nico. Descubre m\u00e1s productos en C\u00c0NTIR, una tienda de art\u00edculos budistas y de meditaci\u00f3n.\",\"breadcrumb\":{\"@id\":\"https:\/\/cantir.art\/producto\/chal-de-meditacion\/#breadcrumb\"},\"inLanguage\":\"ca\",\"potentialAction\":[{\"@type\":\"ReadAction\",\"target\":[\"https:\/\/cantir.art\/producto\/chal-de-meditacion\/\"]}]},{\"@type\":\"ImageObject\",\"inLanguage\":\"ca\",\"@id\":\"https:\/\/cantir.art\/producto\/chal-de-meditacion\/#primaryimage\",\"url\":\"https:\/\/i0.wp.com\/cantir.art\/wp-content\/uploads\/2025\/09\/CHAL-DE-MEDITACION-D-scaled-2.jpg?fit=1922%2C2560&ssl=1\",\"contentUrl\":\"https:\/\/i0.wp.com\/cantir.art\/wp-content\/uploads\/2025\/09\/CHAL-DE-MEDITACION-D-scaled-2.jpg?fit=1922%2C2560&ssl=1\",\"width\":1922,\"height\":2560},{\"@type\":\"BreadcrumbList\",\"@id\":\"https:\/\/cantir.art\/producto\/chal-de-meditacion\/#breadcrumb\",\"itemListElement\":[{\"@type\":\"ListItem\",\"position\":1,\"name\":\"Portada\",\"item\":\"https:\/\/cantir.art\/\"},{\"@type\":\"ListItem\",\"position\":2,\"name\":\"NEW Tienda\",\"item\":\"https:\/\/cantir.art\/en\/new-tienda\/\"},{\"@type\":\"ListItem\",\"position\":3,\"name\":\"Chal de Meditaci\u00f3n\"}]},{\"@type\":\"WebSite\",\"@id\":\"https:\/\/cantir.art\/#website\",\"url\":\"https:\/\/cantir.art\/\",\"name\":\"C\u00e0ntir\",\"description\":\"Simbolismo budista y est\u00e9tica mediterr\u00e1nea en objetos que conectan pr\u00e1ctica y cotidianidad\",\"publisher\":{\"@id\":\"https:\/\/cantir.art\/#organization\"},\"potentialAction\":[{\"@type\":\"SearchAction\",\"target\":{\"@type\":\"EntryPoint\",\"urlTemplate\":\"https:\/\/cantir.art\/?s={search_term_string}\"},\"query-input\":{\"@type\":\"PropertyValueSpecification\",\"valueRequired\":true,\"valueName\":\"search_term_string\"}}],\"inLanguage\":\"ca\"},{\"@type\":\"Organization\",\"@id\":\"https:\/\/cantir.art\/#organization\",\"name\":\"C\u00e0ntir\",\"url\":\"https:\/\/cantir.art\/\",\"logo\":{\"@type\":\"ImageObject\",\"inLanguage\":\"ca\",\"@id\":\"https:\/\/cantir.art\/#\/schema\/logo\/image\/\",\"url\":\"https:\/\/i0.wp.com\/cantir.art\/wp-content\/uploads\/2025\/01\/cantir-10.png?fit=2551%2C1060&ssl=1\",\"contentUrl\":\"https:\/\/i0.wp.com\/cantir.art\/wp-content\/uploads\/2025\/01\/cantir-10.png?fit=2551%2C1060&ssl=1\",\"width\":2551,\"height\":1060,\"caption\":\"C\u00e0ntir\"},\"image\":{\"@id\":\"https:\/\/cantir.art\/#\/schema\/logo\/image\/\"}}]}<\/script>\n<!-- \/ Yoast SEO plugin. -->","yoast_head_json":{"title":"Chal de Meditaci\u00f3n | C\u00c0NTIR \ud83d\udcff","description":"Chal de Meditaci\u00f3n hecho a mano con c\u00e1\u00f1amo org\u00e1nico. Descubre m\u00e1s productos en C\u00c0NTIR, una tienda de art\u00edculos budistas y de meditaci\u00f3n.","robots":{"index":"index","follow":"follow","max-snippet":"max-snippet:-1","max-image-preview":"max-image-preview:large","max-video-preview":"max-video-preview:-1"},"canonical":"https:\/\/cantir.art\/ca\/producte\/chal-de-meditacion\/","og_locale":"ca_ES","og_type":"article","og_title":"Chal de Meditaci\u00f3n | C\u00c0NTIR \ud83d\udcff","og_description":"Chal de Meditaci\u00f3n hecho a mano con c\u00e1\u00f1amo org\u00e1nico. Descubre m\u00e1s productos en C\u00c0NTIR, una tienda de art\u00edculos budistas y de meditaci\u00f3n.","og_url":"https:\/\/cantir.art\/ca\/producte\/chal-de-meditacion\/","og_site_name":"C\u00e0ntir","article_modified_time":"2026-04-04T09:24:13+00:00","og_image":[{"width":680,"height":920,"url":"https:\/\/cantir.art\/wp-content\/uploads\/2024\/12\/Manta.webp","type":"image\/webp"}],"twitter_card":"summary_large_image","twitter_misc":{"Temps estimat de lectura":"2 minuts"},"schema":{"@context":"https:\/\/schema.org","@graph":[{"@type":"WebPage","@id":"https:\/\/cantir.art\/producto\/chal-de-meditacion\/","url":"https:\/\/cantir.art\/producto\/chal-de-meditacion\/","name":"Chal de Meditaci\u00f3n | C\u00c0NTIR \ud83d\udcff","isPartOf":{"@id":"https:\/\/cantir.art\/#website"},"primaryImageOfPage":{"@id":"https:\/\/cantir.art\/producto\/chal-de-meditacion\/#primaryimage"},"image":{"@id":"https:\/\/cantir.art\/producto\/chal-de-meditacion\/#primaryimage"},"thumbnailUrl":"https:\/\/i0.wp.com\/cantir.art\/wp-content\/uploads\/2025\/09\/CHAL-DE-MEDITACION-D-scaled-2.jpg?fit=1922%2C2560&ssl=1","datePublished":"2024-12-22T16:37:42+00:00","dateModified":"2026-04-04T09:24:13+00:00","description":"Chal de Meditaci\u00f3n hecho a mano con c\u00e1\u00f1amo org\u00e1nico. Descubre m\u00e1s productos en C\u00c0NTIR, una tienda de art\u00edculos budistas y de meditaci\u00f3n.","breadcrumb":{"@id":"https:\/\/cantir.art\/producto\/chal-de-meditacion\/#breadcrumb"},"inLanguage":"ca","potentialAction":[{"@type":"ReadAction","target":["https:\/\/cantir.art\/producto\/chal-de-meditacion\/"]}]},{"@type":"ImageObject","inLanguage":"ca","@id":"https:\/\/cantir.art\/producto\/chal-de-meditacion\/#primaryimage","url":"https:\/\/i0.wp.com\/cantir.art\/wp-content\/uploads\/2025\/09\/CHAL-DE-MEDITACION-D-scaled-2.jpg?fit=1922%2C2560&ssl=1","contentUrl":"https:\/\/i0.wp.com\/cantir.art\/wp-content\/uploads\/2025\/09\/CHAL-DE-MEDITACION-D-scaled-2.jpg?fit=1922%2C2560&ssl=1","width":1922,"height":2560},{"@type":"BreadcrumbList","@id":"https:\/\/cantir.art\/producto\/chal-de-meditacion\/#breadcrumb","itemListElement":[{"@type":"ListItem","position":1,"name":"Portada","item":"https:\/\/cantir.art\/"},{"@type":"ListItem","position":2,"name":"NEW Tienda","item":"https:\/\/cantir.art\/en\/new-tienda\/"},{"@type":"ListItem","position":3,"name":"Chal de Meditaci\u00f3n"}]},{"@type":"WebSite","@id":"https:\/\/cantir.art\/#website","url":"https:\/\/cantir.art\/","name":"C\u00e0ntir","description":"Simbolisme budista i est\u00e8tica mediterr\u00e0nia en objectes que connecten pr\u00e0ctica i quotidianitat","publisher":{"@id":"https:\/\/cantir.art\/#organization"},"potentialAction":[{"@type":"SearchAction","target":{"@type":"EntryPoint","urlTemplate":"https:\/\/cantir.art\/?s={search_term_string}"},"query-input":{"@type":"PropertyValueSpecification","valueRequired":true,"valueName":"search_term_string"}}],"inLanguage":"ca"},{"@type":"Organization","@id":"https:\/\/cantir.art\/#organization","name":"C\u00e0ntir","url":"https:\/\/cantir.art\/","logo":{"@type":"ImageObject","inLanguage":"ca","@id":"https:\/\/cantir.art\/#\/schema\/logo\/image\/","url":"https:\/\/i0.wp.com\/cantir.art\/wp-content\/uploads\/2025\/01\/cantir-10.png?fit=2551%2C1060&ssl=1","contentUrl":"https:\/\/i0.wp.com\/cantir.art\/wp-content\/uploads\/2025\/01\/cantir-10.png?fit=2551%2C1060&ssl=1","width":2551,"height":1060,"caption":"C\u00e0ntir"},"image":{"@id":"https:\/\/cantir.art\/#\/schema\/logo\/image\/"}}]}},"jetpack_sharing_enabled":true,"_links":{"self":[{"href":"https:\/\/cantir.art\/ca\/wp-json\/wp\/v2\/product\/3699","targetHints":{"allow":["GET"]}}],"collection":[{"href":"https:\/\/cantir.art\/ca\/wp-json\/wp\/v2\/product"}],"about":[{"href":"https:\/\/cantir.art\/ca\/wp-json\/wp\/v2\/types\/product"}],"replies":[{"embeddable":true,"href":"https:\/\/cantir.art\/ca\/wp-json\/wp\/v2\/comments?post=3699"}],"version-history":[{"count":13,"href":"https:\/\/cantir.art\/ca\/wp-json\/wp\/v2\/product\/3699\/revisions"}],"predecessor-version":[{"id":5641,"href":"https:\/\/cantir.art\/ca\/wp-json\/wp\/v2\/product\/3699\/revisions\/5641"}],"wp:featuredmedia":[{"embeddable":true,"href":"https:\/\/cantir.art\/ca\/wp-json\/wp\/v2\/media\/6295"}],"wp:attachment":[{"href":"https:\/\/cantir.art\/ca\/wp-json\/wp\/v2\/media?parent=3699"}],"wp:term":[{"taxonomy":"product_brand","embeddable":true,"href":"https:\/\/cantir.art\/ca\/wp-json\/wp\/v2\/product_brand?post=3699"},{"taxonomy":"product_cat","embeddable":true,"href":"https:\/\/cantir.art\/ca\/wp-json\/wp\/v2\/product_cat?post=3699"},{"taxonomy":"product_tag","embeddable":true,"href":"https:\/\/cantir.art\/ca\/wp-json\/wp\/v2\/product_tag?post=3699"}],"curies":[{"name":"wp","href":"https:\/\/api.w.org\/{rel}","templated":true}]}}