{"id":3723,"date":"2025-01-17T12:39:28","date_gmt":"2025-01-17T11:39:28","guid":{"rendered":"https:\/\/cantir.art\/?post_type=product&#038;p=3723"},"modified":"2026-02-22T12:47:46","modified_gmt":"2026-02-22T11:47:46","slug":"el-mito-de-la-libertad","status":"publish","type":"product","link":"https:\/\/cantir.art\/ca\/producte\/el-mito-de-la-libertad\/","title":{"rendered":"El mite de la llibertat"},"content":{"rendered":"<div data-elementor-type=\"wp-post\" data-elementor-id=\"3723\" class=\"elementor elementor-3723\">\n\t\t\t\t<div class=\"elementor-element elementor-element-52048079 e-flex e-con-boxed e-con e-parent\" data-id=\"52048079\" data-element_type=\"container\">\n\t\t\t\t\t<div class=\"e-con-inner\">\n\t\t\t\t<div class=\"elementor-element elementor-element-14ef9cb8 elementor-widget elementor-widget-text-editor\" data-id=\"14ef9cb8\" data-element_type=\"widget\" data-widget_type=\"text-editor.default\">\n\t\t\t\t<div class=\"elementor-widget-container\">\n\t\t\t\t\t\t\t\t\t<h4>El Mite de la Llibertat, un llibre de Trungpa Rinpoche<\/h4><p>Ch\u00f6gyam Trungpa va ser un visionari mestre budista tibet\u00e0 que va revolucionar la manera com el budisme es presenta a Occident. La seva obra \u201cEl mite de la llibertat\u201d \u00e9s una de les m\u00e9s influents dins dels llibres de filosofia budista. \u00c9s un referent clau per entendre el budisme a Occident. En aquest llibre, Trungpa desmunta les nocions err\u00f2nies sobre la il\u00b7luminaci\u00f3 i la pr\u00e0ctica espiritual. Explica que la llibertat veritable no es troba en l'evasi\u00f3, sin\u00f3 en l'acceptaci\u00f3 total de la realitat. Amb una perspectiva directa i sense concessions, \u00abEl mite de la llibertat\u00bb desafia el lector a explorar la meditaci\u00f3 i la transformaci\u00f3 personal des d'un enfocament sincer i valent.<\/p><p>Al llarg de la seva vida, Trungpa es va dedicar a adaptar els ensenyaments budistes al m\u00f3n modern, fent que el Dharma fos accessible i rellevant per als que busquen un cam\u00ed espiritual sense renunciar a la vida quotidiana. El seu llegat no nom\u00e9s inclou \u00abEl mite de la llibertat\u00bb, sin\u00f3 tamb\u00e9 una extensa col\u00b7lecci\u00f3 de llibres budistes en qu\u00e8 aborda temes com la meditaci\u00f3, el lideratge i el desenvolupament personal. Aquestes obres continuen sent estudiades i apreciades per practicants de diverses tradicions.<\/p><h4>Naropa University i Tradici\u00f3 Shambala<\/h4><p>Com a fundador de la Naropa University i creador de la tradici\u00f3 Shambhala, Trungpa va integrar ensenyaments budistes amb pr\u00e0ctiques contempor\u00e0nies, oferint una visi\u00f3 innovadora i profundament transformadora. El seu estil d'ensenyament, caracteritzat per la claredat i la provocaci\u00f3, el va convertir en una figura clau en l'expansi\u00f3 del budisme a Occident.<\/p><p>\"El mite de la llibertat\" continua sent una lectura essencial per a aquells que busquen comprendre la veritable naturalesa de la ment i l'espiritualitat en el context modern. El seu enfocament trenca amb les idees convencionals sobre la il\u00b7luminaci\u00f3 i l'autoajuda, convidant els lectors a un despertar genu\u00ed. Dins del vast m\u00f3n dels llibres budistes, aquesta obra es mant\u00e9 com un pilar fonamental per als que volen aprofundir en la filosofia i pr\u00e0ctica del Dharma.<\/p><p>Pots trobar m\u00e9s llibres de Ch\u00f6gyam Trungpa <a href=\"https:\/\/cantir.art\/ca\/?s=trungpa+rinpoche&amp;post_type=product\"><em>aqu\u00ed<\/em><\/a>. Tamb\u00e9 podeu navegar pel cat\u00e0leg de C\u00c0NTIR, la nostra botiga d'objectes budistes i mediterranis i descobrir m\u00e9s llibres sobre budisme (d'Edicions Virupa, Padmakara, Kair\u00f3s, Padmapani, Dharma, Amara\u2026) aix\u00ed com objectes per a la pr\u00e0ctica budista (dolentes, bols per fer ofrenes, banderes).<\/p>\t\t\t\t\t\t\t\t<\/div>\n\t\t\t\t<\/div>\n\t\t\t\t\t<\/div>\n\t\t\t\t<\/div>\n\t\t\t\t<\/div>","protected":false},"excerpt":{"rendered":"<p><span style=\"font-weight: 400;\">Una exploraci\u00f3 profunda del que realment vol dir ser lliure. Trungpa Rinpoche examina com les nostres idees preconcebudes sobre la llibertat poden ser precisament all\u00f2 que ens mant\u00e9 lligats.\u00a0<\/span><\/p>\n<p><span style=\"font-weight: 400;\">El mite de la llibertat explora una paradoxa fonamental: all\u00f2 que considerem actes lliures sovint sorgeixen de la ignor\u00e0ncia i patrons emocionals negatius. Trungpa Rinpoche, amb la seva extraordin\u00e0ria capacitat per traduir la saviesa budista a l'entesa occidental, examina com les nostres idees preconcebudes sobre la llibertat es poden convertir en les mateixes cadenes que ens lliguen. A trav\u00e9s de la pr\u00e0ctica meditativa ens mostra com transformar aquestes forces limitants en eines per descobrir la nostra veritable llibertat, oferint un cam\u00ed llumin\u00f3s cap a l'autoconeixement.<\/span><\/p>\n<p><br style=\"font-weight: 400;\" \/><br style=\"font-weight: 400;\" \/><\/p>","protected":false},"featured_media":7241,"comment_status":"open","ping_status":"closed","template":"elementor_theme","meta":[],"product_brand":[],"product_cat":[267,161],"product_tag":[207,268,269],"class_list":{"0":"post-3723","1":"product","2":"type-product","3":"status-publish","4":"has-post-thumbnail","6":"product_cat-kairos","7":"product_cat-libros","8":"product_tag-chogyam-trungpa","9":"product_tag-libertad","10":"product_tag-mente","12":"first","13":"instock","14":"taxable","15":"shipping-taxable","16":"purchasable","17":"product-type-simple"},"supplier_id":null,"supplier_sku":"","barcode":null,"atum_controlled":true,"out_stock_date":null,"out_stock_threshold":null,"inheritable":false,"inbound_stock":null,"stock_on_hold":0,"sold_today":0,"sales_last_days":0,"reserved_stock":null,"customer_returns":null,"warehouse_damage":null,"lost_in_post":null,"other_logs":null,"out_stock_days":0,"lost_sales":0,"has_location":false,"update_date":"2026-04-15T02:05:55","atum_locations":[],"atum_stock_status":"instock","restock_status":false,"low_stock_amount":"","sales_update_date":"2026-04-15T02:05:55","calc_backorders":null,"yoast_head":"<!-- This site is optimized with the Yoast SEO plugin v26.9 - https:\/\/yoast.com\/product\/yoast-seo-wordpress\/ -->\n<title>El mito de la libertad | C\u00c0NTIR \ud83d\udcff<\/title>\n<meta name=\"description\" content=\"El mito de la libertad de Ch\u00f6gyam Trungpa. Encuentra m\u00e1s libros de Trungpa Rinpoche y otros libros budistas conocidos de en C\u00c0NTIR.\" \/>\n<meta name=\"robots\" content=\"index, follow, max-snippet:-1, max-image-preview:large, max-video-preview:-1\" \/>\n<link rel=\"canonical\" href=\"https:\/\/cantir.art\/ca\/producte\/el-mito-de-la-libertad\/\" \/>\n<meta property=\"og:locale\" content=\"ca_ES\" \/>\n<meta property=\"og:type\" content=\"article\" \/>\n<meta property=\"og:title\" content=\"El mito de la libertad | C\u00c0NTIR \ud83d\udcff\" \/>\n<meta property=\"og:description\" content=\"El mito de la libertad de Ch\u00f6gyam Trungpa. Encuentra m\u00e1s libros de Trungpa Rinpoche y otros libros budistas conocidos de en C\u00c0NTIR.\" \/>\n<meta property=\"og:url\" content=\"https:\/\/cantir.art\/ca\/producte\/el-mito-de-la-libertad\/\" \/>\n<meta property=\"og:site_name\" content=\"C\u00e0ntir\" \/>\n<meta property=\"article:modified_time\" content=\"2026-02-22T11:47:46+00:00\" \/>\n<meta property=\"og:image\" content=\"https:\/\/cantir.art\/wp-content\/uploads\/2025\/10\/EL-MITO-DE-LA-LIBERTAD-A-scaled.jpg\" \/>\n\t<meta property=\"og:image:width\" content=\"1922\" \/>\n\t<meta property=\"og:image:height\" content=\"2560\" \/>\n\t<meta property=\"og:image:type\" content=\"image\/jpeg\" \/>\n<meta name=\"twitter:card\" content=\"summary_large_image\" \/>\n<meta name=\"twitter:label1\" content=\"Temps estimat de lectura\" \/>\n\t<meta name=\"twitter:data1\" content=\"2 minuts\" \/>\n<script type=\"application\/ld+json\" class=\"yoast-schema-graph\">{\"@context\":\"https:\/\/schema.org\",\"@graph\":[{\"@type\":\"WebPage\",\"@id\":\"https:\/\/cantir.art\/producto\/el-mito-de-la-libertad\/\",\"url\":\"https:\/\/cantir.art\/producto\/el-mito-de-la-libertad\/\",\"name\":\"El mito de la libertad | C\u00c0NTIR \ud83d\udcff\",\"isPartOf\":{\"@id\":\"https:\/\/cantir.art\/#website\"},\"primaryImageOfPage\":{\"@id\":\"https:\/\/cantir.art\/producto\/el-mito-de-la-libertad\/#primaryimage\"},\"image\":{\"@id\":\"https:\/\/cantir.art\/producto\/el-mito-de-la-libertad\/#primaryimage\"},\"thumbnailUrl\":\"https:\/\/i0.wp.com\/cantir.art\/wp-content\/uploads\/2025\/10\/EL-MITO-DE-LA-LIBERTAD-A-scaled.jpg?fit=1922%2C2560&ssl=1\",\"datePublished\":\"2025-01-17T11:39:28+00:00\",\"dateModified\":\"2026-02-22T11:47:46+00:00\",\"description\":\"El mito de la libertad de Ch\u00f6gyam Trungpa. Encuentra m\u00e1s libros de Trungpa Rinpoche y otros libros budistas conocidos de en C\u00c0NTIR.\",\"breadcrumb\":{\"@id\":\"https:\/\/cantir.art\/producto\/el-mito-de-la-libertad\/#breadcrumb\"},\"inLanguage\":\"ca\",\"potentialAction\":[{\"@type\":\"ReadAction\",\"target\":[\"https:\/\/cantir.art\/producto\/el-mito-de-la-libertad\/\"]}]},{\"@type\":\"ImageObject\",\"inLanguage\":\"ca\",\"@id\":\"https:\/\/cantir.art\/producto\/el-mito-de-la-libertad\/#primaryimage\",\"url\":\"https:\/\/i0.wp.com\/cantir.art\/wp-content\/uploads\/2025\/10\/EL-MITO-DE-LA-LIBERTAD-A-scaled.jpg?fit=1922%2C2560&ssl=1\",\"contentUrl\":\"https:\/\/i0.wp.com\/cantir.art\/wp-content\/uploads\/2025\/10\/EL-MITO-DE-LA-LIBERTAD-A-scaled.jpg?fit=1922%2C2560&ssl=1\",\"width\":1922,\"height\":2560},{\"@type\":\"BreadcrumbList\",\"@id\":\"https:\/\/cantir.art\/producto\/el-mito-de-la-libertad\/#breadcrumb\",\"itemListElement\":[{\"@type\":\"ListItem\",\"position\":1,\"name\":\"Portada\",\"item\":\"https:\/\/cantir.art\/\"},{\"@type\":\"ListItem\",\"position\":2,\"name\":\"NEW Tienda\",\"item\":\"https:\/\/cantir.art\/en\/new-tienda\/\"},{\"@type\":\"ListItem\",\"position\":3,\"name\":\"El mito de la libertad\"}]},{\"@type\":\"WebSite\",\"@id\":\"https:\/\/cantir.art\/#website\",\"url\":\"https:\/\/cantir.art\/\",\"name\":\"C\u00e0ntir\",\"description\":\"Simbolismo budista y est\u00e9tica mediterr\u00e1nea en objetos que conectan pr\u00e1ctica y cotidianidad\",\"publisher\":{\"@id\":\"https:\/\/cantir.art\/#organization\"},\"potentialAction\":[{\"@type\":\"SearchAction\",\"target\":{\"@type\":\"EntryPoint\",\"urlTemplate\":\"https:\/\/cantir.art\/?s={search_term_string}\"},\"query-input\":{\"@type\":\"PropertyValueSpecification\",\"valueRequired\":true,\"valueName\":\"search_term_string\"}}],\"inLanguage\":\"ca\"},{\"@type\":\"Organization\",\"@id\":\"https:\/\/cantir.art\/#organization\",\"name\":\"C\u00e0ntir\",\"url\":\"https:\/\/cantir.art\/\",\"logo\":{\"@type\":\"ImageObject\",\"inLanguage\":\"ca\",\"@id\":\"https:\/\/cantir.art\/#\/schema\/logo\/image\/\",\"url\":\"https:\/\/i0.wp.com\/cantir.art\/wp-content\/uploads\/2025\/01\/cantir-10.png?fit=2551%2C1060&ssl=1\",\"contentUrl\":\"https:\/\/i0.wp.com\/cantir.art\/wp-content\/uploads\/2025\/01\/cantir-10.png?fit=2551%2C1060&ssl=1\",\"width\":2551,\"height\":1060,\"caption\":\"C\u00e0ntir\"},\"image\":{\"@id\":\"https:\/\/cantir.art\/#\/schema\/logo\/image\/\"}}]}<\/script>\n<!-- \/ Yoast SEO plugin. -->","yoast_head_json":{"title":"El mito de la libertad | C\u00c0NTIR \ud83d\udcff","description":"El mito de la libertad de Ch\u00f6gyam Trungpa. Encuentra m\u00e1s libros de Trungpa Rinpoche y otros libros budistas conocidos de en C\u00c0NTIR.","robots":{"index":"index","follow":"follow","max-snippet":"max-snippet:-1","max-image-preview":"max-image-preview:large","max-video-preview":"max-video-preview:-1"},"canonical":"https:\/\/cantir.art\/ca\/producte\/el-mito-de-la-libertad\/","og_locale":"ca_ES","og_type":"article","og_title":"El mito de la libertad | C\u00c0NTIR \ud83d\udcff","og_description":"El mito de la libertad de Ch\u00f6gyam Trungpa. Encuentra m\u00e1s libros de Trungpa Rinpoche y otros libros budistas conocidos de en C\u00c0NTIR.","og_url":"https:\/\/cantir.art\/ca\/producte\/el-mito-de-la-libertad\/","og_site_name":"C\u00e0ntir","article_modified_time":"2026-02-22T11:47:46+00:00","og_image":[{"width":1922,"height":2560,"url":"https:\/\/cantir.art\/wp-content\/uploads\/2025\/10\/EL-MITO-DE-LA-LIBERTAD-A-scaled.jpg","type":"image\/jpeg"}],"twitter_card":"summary_large_image","twitter_misc":{"Temps estimat de lectura":"2 minuts"},"schema":{"@context":"https:\/\/schema.org","@graph":[{"@type":"WebPage","@id":"https:\/\/cantir.art\/producto\/el-mito-de-la-libertad\/","url":"https:\/\/cantir.art\/producto\/el-mito-de-la-libertad\/","name":"El mito de la libertad | C\u00c0NTIR \ud83d\udcff","isPartOf":{"@id":"https:\/\/cantir.art\/#website"},"primaryImageOfPage":{"@id":"https:\/\/cantir.art\/producto\/el-mito-de-la-libertad\/#primaryimage"},"image":{"@id":"https:\/\/cantir.art\/producto\/el-mito-de-la-libertad\/#primaryimage"},"thumbnailUrl":"https:\/\/i0.wp.com\/cantir.art\/wp-content\/uploads\/2025\/10\/EL-MITO-DE-LA-LIBERTAD-A-scaled.jpg?fit=1922%2C2560&ssl=1","datePublished":"2025-01-17T11:39:28+00:00","dateModified":"2026-02-22T11:47:46+00:00","description":"El mito de la libertad de Ch\u00f6gyam Trungpa. Encuentra m\u00e1s libros de Trungpa Rinpoche y otros libros budistas conocidos de en C\u00c0NTIR.","breadcrumb":{"@id":"https:\/\/cantir.art\/producto\/el-mito-de-la-libertad\/#breadcrumb"},"inLanguage":"ca","potentialAction":[{"@type":"ReadAction","target":["https:\/\/cantir.art\/producto\/el-mito-de-la-libertad\/"]}]},{"@type":"ImageObject","inLanguage":"ca","@id":"https:\/\/cantir.art\/producto\/el-mito-de-la-libertad\/#primaryimage","url":"https:\/\/i0.wp.com\/cantir.art\/wp-content\/uploads\/2025\/10\/EL-MITO-DE-LA-LIBERTAD-A-scaled.jpg?fit=1922%2C2560&ssl=1","contentUrl":"https:\/\/i0.wp.com\/cantir.art\/wp-content\/uploads\/2025\/10\/EL-MITO-DE-LA-LIBERTAD-A-scaled.jpg?fit=1922%2C2560&ssl=1","width":1922,"height":2560},{"@type":"BreadcrumbList","@id":"https:\/\/cantir.art\/producto\/el-mito-de-la-libertad\/#breadcrumb","itemListElement":[{"@type":"ListItem","position":1,"name":"Portada","item":"https:\/\/cantir.art\/"},{"@type":"ListItem","position":2,"name":"NEW Tienda","item":"https:\/\/cantir.art\/en\/new-tienda\/"},{"@type":"ListItem","position":3,"name":"El mito de la libertad"}]},{"@type":"WebSite","@id":"https:\/\/cantir.art\/#website","url":"https:\/\/cantir.art\/","name":"C\u00e0ntir","description":"Simbolisme budista i est\u00e8tica mediterr\u00e0nia en objectes que connecten pr\u00e0ctica i quotidianitat","publisher":{"@id":"https:\/\/cantir.art\/#organization"},"potentialAction":[{"@type":"SearchAction","target":{"@type":"EntryPoint","urlTemplate":"https:\/\/cantir.art\/?s={search_term_string}"},"query-input":{"@type":"PropertyValueSpecification","valueRequired":true,"valueName":"search_term_string"}}],"inLanguage":"ca"},{"@type":"Organization","@id":"https:\/\/cantir.art\/#organization","name":"C\u00e0ntir","url":"https:\/\/cantir.art\/","logo":{"@type":"ImageObject","inLanguage":"ca","@id":"https:\/\/cantir.art\/#\/schema\/logo\/image\/","url":"https:\/\/i0.wp.com\/cantir.art\/wp-content\/uploads\/2025\/01\/cantir-10.png?fit=2551%2C1060&ssl=1","contentUrl":"https:\/\/i0.wp.com\/cantir.art\/wp-content\/uploads\/2025\/01\/cantir-10.png?fit=2551%2C1060&ssl=1","width":2551,"height":1060,"caption":"C\u00e0ntir"},"image":{"@id":"https:\/\/cantir.art\/#\/schema\/logo\/image\/"}}]}},"jetpack_sharing_enabled":true,"_links":{"self":[{"href":"https:\/\/cantir.art\/ca\/wp-json\/wp\/v2\/product\/3723","targetHints":{"allow":["GET"]}}],"collection":[{"href":"https:\/\/cantir.art\/ca\/wp-json\/wp\/v2\/product"}],"about":[{"href":"https:\/\/cantir.art\/ca\/wp-json\/wp\/v2\/types\/product"}],"replies":[{"embeddable":true,"href":"https:\/\/cantir.art\/ca\/wp-json\/wp\/v2\/comments?post=3723"}],"version-history":[{"count":23,"href":"https:\/\/cantir.art\/ca\/wp-json\/wp\/v2\/product\/3723\/revisions"}],"predecessor-version":[{"id":5614,"href":"https:\/\/cantir.art\/ca\/wp-json\/wp\/v2\/product\/3723\/revisions\/5614"}],"wp:featuredmedia":[{"embeddable":true,"href":"https:\/\/cantir.art\/ca\/wp-json\/wp\/v2\/media\/7241"}],"wp:attachment":[{"href":"https:\/\/cantir.art\/ca\/wp-json\/wp\/v2\/media?parent=3723"}],"wp:term":[{"taxonomy":"product_brand","embeddable":true,"href":"https:\/\/cantir.art\/ca\/wp-json\/wp\/v2\/product_brand?post=3723"},{"taxonomy":"product_cat","embeddable":true,"href":"https:\/\/cantir.art\/ca\/wp-json\/wp\/v2\/product_cat?post=3723"},{"taxonomy":"product_tag","embeddable":true,"href":"https:\/\/cantir.art\/ca\/wp-json\/wp\/v2\/product_tag?post=3723"}],"curies":[{"name":"wp","href":"https:\/\/api.w.org\/{rel}","templated":true}]}}