{"id":3728,"date":"2025-01-17T12:42:39","date_gmt":"2025-01-17T11:42:39","guid":{"rendered":"https:\/\/cantir.art\/?post_type=product&#038;p=3728"},"modified":"2026-02-04T09:44:52","modified_gmt":"2026-02-04T08:44:52","slug":"meditacion-en-la-accion","status":"publish","type":"product","link":"https:\/\/cantir.art\/ca\/producte\/meditacion-en-la-accion\/","title":{"rendered":"Meditaci\u00f3 a l&#039;acci\u00f3"},"content":{"rendered":"<div data-elementor-type=\"wp-post\" data-elementor-id=\"3728\" class=\"elementor elementor-3728\">\n\t\t\t\t<div class=\"elementor-element elementor-element-52048079 e-flex e-con-boxed e-con e-parent\" data-id=\"52048079\" data-element_type=\"container\">\n\t\t\t\t\t<div class=\"e-con-inner\">\n\t\t\t\t<div class=\"elementor-element elementor-element-14ef9cb8 elementor-widget elementor-widget-text-editor\" data-id=\"14ef9cb8\" data-element_type=\"widget\" data-widget_type=\"text-editor.default\">\n\t\t\t\t<div class=\"elementor-widget-container\">\n\t\t\t\t\t\t\t\t\t<h4>L&#039;ess\u00e8ncia de la meditaci\u00f3 a la vida quotidiana<\/h4><p>\u00abMeditaci\u00f3 en l&#039;acci\u00f3\u00bb de Ch\u00f6gyam Trungpa Rinpoch\u00e9 \u00e9s un llibre fonamental per als que busquen integrar la pr\u00e0ctica meditativa al seu dia a dia. En aquesta obra, Trungpa desmitifica la meditaci\u00f3 i mostra que no \u00e9s una t\u00e8cnica a\u00efllada, sin\u00f3 una eina que impregna cada aspecte de la vida. A trav\u00e9s d&#039;ensenyaments clars i accessibles, explica com la meditaci\u00f3 no \u00e9s nom\u00e9s un exercici de concentraci\u00f3, sin\u00f3 un cam\u00ed per desenvolupar una percepci\u00f3 m\u00e9s profunda de la realitat i una actitud desperta davant de cada experi\u00e8ncia.<\/p><h4>Ch\u00f6gyam Trungpa: un mestre revolucionari<\/h4><p>Ch\u00f6gyam Trungpa Rinpoch\u00e9 (1939-1987) va ser un mestre budista tibet\u00e0 que va exercir un paper clau en la transmissi\u00f3 del budisme a Occident. Amb un enfocament innovador i directe, Trungpa va fer que els ensenyaments tradicionals fossin comprensibles per a la mentalitat moderna. Fundador de la <a href=\"https:\/\/www.naropa.edu\/\">Naropa University<\/a> i de la tradici\u00f3 Shambhala, el seu llegat segueix viu als seus nombrosos llibres, on combina la saviesa budista amb una visi\u00f3 pragm\u00e0tica i profunda de la vida.<\/p><p>A C\u00c0NTIR, oferim una cuidada selecci\u00f3 de llibres budistes, incloent-hi t\u00edtols essencials com \u00abMeditaci\u00f3 en l&#039;acci\u00f3\u00bb, \u00ab<a href=\"https:\/\/cantir.art\/ca\/producte\/vivir-es-morir\/\">Viure \u00e9s morir<\/a>\u00ab, \u00ab<a href=\"https:\/\/cantir.art\/ca\/producte\/el-libro-tibetano-de-los-muertos\/\">El llibre tibet\u00e0 dels morts<\/a>\u00ab, \u00ab<a href=\"https:\/\/cantir.art\/ca\/producte\/cuando-todo-se-derrumba\/\">Quan tot s&#039;esfondra<\/a>\u00ab, \u00ab<a href=\"https:\/\/cantir.art\/ca\/producte\/atravesar-el-materialismo-espiritual\/\">Travessar el materialisme espiritual<\/a>\u00ab. El nostre cat\u00e0leg inclou obres d&#039;autors budistes de tot el m\u00f3n, des de textos cl\u00e0ssics fins a enfocaments contemporanis que ajuden a integrar el Dharma a la vida quotidiana. Creiem en la import\u00e0ncia d&#039;apropar aquests ensenyaments a la manera com vivim avui, proporcionant recursos que inspiren i guien en el cam\u00ed espiritual.<\/p><p>\u00a0<\/p>\t\t\t\t\t\t\t\t<\/div>\n\t\t\t\t<\/div>\n\t\t\t\t\t<\/div>\n\t\t\t\t<\/div>\n\t\t\t\t<\/div>","protected":false},"excerpt":{"rendered":"<p>&#8216;-<\/p>","protected":false},"featured_media":6315,"comment_status":"open","ping_status":"closed","template":"elementor_theme","meta":[],"product_brand":[],"product_cat":[267,161],"product_tag":[207],"class_list":{"0":"post-3728","1":"product","2":"type-product","3":"status-publish","4":"has-post-thumbnail","6":"product_cat-kairos","7":"product_cat-libros","8":"product_tag-chogyam-trungpa","10":"first","11":"instock","12":"taxable","13":"shipping-taxable","14":"purchasable","15":"product-type-simple"},"supplier_id":null,"supplier_sku":"","barcode":null,"atum_controlled":true,"out_stock_date":null,"out_stock_threshold":null,"inheritable":false,"inbound_stock":null,"stock_on_hold":0,"sold_today":0,"sales_last_days":0,"reserved_stock":null,"customer_returns":null,"warehouse_damage":null,"lost_in_post":null,"other_logs":null,"out_stock_days":0,"lost_sales":0,"has_location":false,"update_date":"2026-04-15T02:05:56","atum_locations":[],"atum_stock_status":"instock","restock_status":false,"low_stock_amount":"","sales_update_date":"2026-04-15T02:05:56","calc_backorders":null,"yoast_head":"<!-- This site is optimized with the Yoast SEO plugin v26.9 - https:\/\/yoast.com\/product\/yoast-seo-wordpress\/ -->\n<title>Meditaci\u00f3n en la acci\u00f3n de C.Trungpa | C\u00c0NTIR \ud83d\udcff<\/title>\n<meta name=\"description\" content=\"Meditaci\u00f3n en la acci\u00f3n de Ch\u00f6gyam Trungpa Rinpoche es un libro sobre budismo y meditaci\u00f3n que no olvidar\u00e1s. Desc\u00fabrelo en C\u00c0NTIR.\" \/>\n<meta name=\"robots\" content=\"index, follow, max-snippet:-1, max-image-preview:large, max-video-preview:-1\" \/>\n<link rel=\"canonical\" href=\"https:\/\/cantir.art\/ca\/producte\/meditacion-en-la-accion\/\" \/>\n<meta property=\"og:locale\" content=\"ca_ES\" \/>\n<meta property=\"og:type\" content=\"article\" \/>\n<meta property=\"og:title\" content=\"Meditaci\u00f3n en la acci\u00f3n de C.Trungpa | C\u00c0NTIR \ud83d\udcff\" \/>\n<meta property=\"og:description\" content=\"Meditaci\u00f3n en la acci\u00f3n de Ch\u00f6gyam Trungpa Rinpoche es un libro sobre budismo y meditaci\u00f3n que no olvidar\u00e1s. Desc\u00fabrelo en C\u00c0NTIR.\" \/>\n<meta property=\"og:url\" content=\"https:\/\/cantir.art\/ca\/producte\/meditacion-en-la-accion\/\" \/>\n<meta property=\"og:site_name\" content=\"C\u00e0ntir\" \/>\n<meta property=\"article:modified_time\" content=\"2026-02-04T08:44:52+00:00\" \/>\n<meta property=\"og:image\" content=\"https:\/\/cantir.art\/wp-content\/uploads\/2025\/09\/MEDITACION-EN-LA-ACCION-A-scaled-2.jpg\" \/>\n\t<meta property=\"og:image:width\" content=\"1922\" \/>\n\t<meta property=\"og:image:height\" content=\"2560\" \/>\n\t<meta property=\"og:image:type\" content=\"image\/jpeg\" \/>\n<meta name=\"twitter:card\" content=\"summary_large_image\" \/>\n<meta name=\"twitter:label1\" content=\"Temps estimat de lectura\" \/>\n\t<meta name=\"twitter:data1\" content=\"2 minuts\" \/>\n<script type=\"application\/ld+json\" class=\"yoast-schema-graph\">{\"@context\":\"https:\/\/schema.org\",\"@graph\":[{\"@type\":\"WebPage\",\"@id\":\"https:\/\/cantir.art\/producto\/meditacion-en-la-accion\/\",\"url\":\"https:\/\/cantir.art\/producto\/meditacion-en-la-accion\/\",\"name\":\"Meditaci\u00f3n en la acci\u00f3n de C.Trungpa | C\u00c0NTIR \ud83d\udcff\",\"isPartOf\":{\"@id\":\"https:\/\/cantir.art\/#website\"},\"primaryImageOfPage\":{\"@id\":\"https:\/\/cantir.art\/producto\/meditacion-en-la-accion\/#primaryimage\"},\"image\":{\"@id\":\"https:\/\/cantir.art\/producto\/meditacion-en-la-accion\/#primaryimage\"},\"thumbnailUrl\":\"https:\/\/i0.wp.com\/cantir.art\/wp-content\/uploads\/2025\/09\/MEDITACION-EN-LA-ACCION-A-scaled-2.jpg?fit=1922%2C2560&ssl=1\",\"datePublished\":\"2025-01-17T11:42:39+00:00\",\"dateModified\":\"2026-02-04T08:44:52+00:00\",\"description\":\"Meditaci\u00f3n en la acci\u00f3n de Ch\u00f6gyam Trungpa Rinpoche es un libro sobre budismo y meditaci\u00f3n que no olvidar\u00e1s. Desc\u00fabrelo en C\u00c0NTIR.\",\"breadcrumb\":{\"@id\":\"https:\/\/cantir.art\/producto\/meditacion-en-la-accion\/#breadcrumb\"},\"inLanguage\":\"ca\",\"potentialAction\":[{\"@type\":\"ReadAction\",\"target\":[\"https:\/\/cantir.art\/producto\/meditacion-en-la-accion\/\"]}]},{\"@type\":\"ImageObject\",\"inLanguage\":\"ca\",\"@id\":\"https:\/\/cantir.art\/producto\/meditacion-en-la-accion\/#primaryimage\",\"url\":\"https:\/\/i0.wp.com\/cantir.art\/wp-content\/uploads\/2025\/09\/MEDITACION-EN-LA-ACCION-A-scaled-2.jpg?fit=1922%2C2560&ssl=1\",\"contentUrl\":\"https:\/\/i0.wp.com\/cantir.art\/wp-content\/uploads\/2025\/09\/MEDITACION-EN-LA-ACCION-A-scaled-2.jpg?fit=1922%2C2560&ssl=1\",\"width\":1922,\"height\":2560},{\"@type\":\"BreadcrumbList\",\"@id\":\"https:\/\/cantir.art\/producto\/meditacion-en-la-accion\/#breadcrumb\",\"itemListElement\":[{\"@type\":\"ListItem\",\"position\":1,\"name\":\"Portada\",\"item\":\"https:\/\/cantir.art\/\"},{\"@type\":\"ListItem\",\"position\":2,\"name\":\"NEW Tienda\",\"item\":\"https:\/\/cantir.art\/en\/new-tienda\/\"},{\"@type\":\"ListItem\",\"position\":3,\"name\":\"Meditaci\u00f3n en la acci\u00f3n\"}]},{\"@type\":\"WebSite\",\"@id\":\"https:\/\/cantir.art\/#website\",\"url\":\"https:\/\/cantir.art\/\",\"name\":\"C\u00e0ntir\",\"description\":\"Simbolismo budista y est\u00e9tica mediterr\u00e1nea en objetos que conectan pr\u00e1ctica y cotidianidad\",\"publisher\":{\"@id\":\"https:\/\/cantir.art\/#organization\"},\"potentialAction\":[{\"@type\":\"SearchAction\",\"target\":{\"@type\":\"EntryPoint\",\"urlTemplate\":\"https:\/\/cantir.art\/?s={search_term_string}\"},\"query-input\":{\"@type\":\"PropertyValueSpecification\",\"valueRequired\":true,\"valueName\":\"search_term_string\"}}],\"inLanguage\":\"ca\"},{\"@type\":\"Organization\",\"@id\":\"https:\/\/cantir.art\/#organization\",\"name\":\"C\u00e0ntir\",\"url\":\"https:\/\/cantir.art\/\",\"logo\":{\"@type\":\"ImageObject\",\"inLanguage\":\"ca\",\"@id\":\"https:\/\/cantir.art\/#\/schema\/logo\/image\/\",\"url\":\"https:\/\/i0.wp.com\/cantir.art\/wp-content\/uploads\/2025\/01\/cantir-10.png?fit=2551%2C1060&ssl=1\",\"contentUrl\":\"https:\/\/i0.wp.com\/cantir.art\/wp-content\/uploads\/2025\/01\/cantir-10.png?fit=2551%2C1060&ssl=1\",\"width\":2551,\"height\":1060,\"caption\":\"C\u00e0ntir\"},\"image\":{\"@id\":\"https:\/\/cantir.art\/#\/schema\/logo\/image\/\"}}]}<\/script>\n<!-- \/ Yoast SEO plugin. -->","yoast_head_json":{"title":"Meditaci\u00f3n en la acci\u00f3n de C.Trungpa | C\u00c0NTIR \ud83d\udcff","description":"Meditaci\u00f3n en la acci\u00f3n de Ch\u00f6gyam Trungpa Rinpoche es un libro sobre budismo y meditaci\u00f3n que no olvidar\u00e1s. Desc\u00fabrelo en C\u00c0NTIR.","robots":{"index":"index","follow":"follow","max-snippet":"max-snippet:-1","max-image-preview":"max-image-preview:large","max-video-preview":"max-video-preview:-1"},"canonical":"https:\/\/cantir.art\/ca\/producte\/meditacion-en-la-accion\/","og_locale":"ca_ES","og_type":"article","og_title":"Meditaci\u00f3n en la acci\u00f3n de C.Trungpa | C\u00c0NTIR \ud83d\udcff","og_description":"Meditaci\u00f3n en la acci\u00f3n de Ch\u00f6gyam Trungpa Rinpoche es un libro sobre budismo y meditaci\u00f3n que no olvidar\u00e1s. Desc\u00fabrelo en C\u00c0NTIR.","og_url":"https:\/\/cantir.art\/ca\/producte\/meditacion-en-la-accion\/","og_site_name":"C\u00e0ntir","article_modified_time":"2026-02-04T08:44:52+00:00","og_image":[{"width":1922,"height":2560,"url":"https:\/\/cantir.art\/wp-content\/uploads\/2025\/09\/MEDITACION-EN-LA-ACCION-A-scaled-2.jpg","type":"image\/jpeg"}],"twitter_card":"summary_large_image","twitter_misc":{"Temps estimat de lectura":"2 minuts"},"schema":{"@context":"https:\/\/schema.org","@graph":[{"@type":"WebPage","@id":"https:\/\/cantir.art\/producto\/meditacion-en-la-accion\/","url":"https:\/\/cantir.art\/producto\/meditacion-en-la-accion\/","name":"Meditaci\u00f3n en la acci\u00f3n de C.Trungpa | C\u00c0NTIR \ud83d\udcff","isPartOf":{"@id":"https:\/\/cantir.art\/#website"},"primaryImageOfPage":{"@id":"https:\/\/cantir.art\/producto\/meditacion-en-la-accion\/#primaryimage"},"image":{"@id":"https:\/\/cantir.art\/producto\/meditacion-en-la-accion\/#primaryimage"},"thumbnailUrl":"https:\/\/i0.wp.com\/cantir.art\/wp-content\/uploads\/2025\/09\/MEDITACION-EN-LA-ACCION-A-scaled-2.jpg?fit=1922%2C2560&ssl=1","datePublished":"2025-01-17T11:42:39+00:00","dateModified":"2026-02-04T08:44:52+00:00","description":"Meditaci\u00f3n en la acci\u00f3n de Ch\u00f6gyam Trungpa Rinpoche es un libro sobre budismo y meditaci\u00f3n que no olvidar\u00e1s. Desc\u00fabrelo en C\u00c0NTIR.","breadcrumb":{"@id":"https:\/\/cantir.art\/producto\/meditacion-en-la-accion\/#breadcrumb"},"inLanguage":"ca","potentialAction":[{"@type":"ReadAction","target":["https:\/\/cantir.art\/producto\/meditacion-en-la-accion\/"]}]},{"@type":"ImageObject","inLanguage":"ca","@id":"https:\/\/cantir.art\/producto\/meditacion-en-la-accion\/#primaryimage","url":"https:\/\/i0.wp.com\/cantir.art\/wp-content\/uploads\/2025\/09\/MEDITACION-EN-LA-ACCION-A-scaled-2.jpg?fit=1922%2C2560&ssl=1","contentUrl":"https:\/\/i0.wp.com\/cantir.art\/wp-content\/uploads\/2025\/09\/MEDITACION-EN-LA-ACCION-A-scaled-2.jpg?fit=1922%2C2560&ssl=1","width":1922,"height":2560},{"@type":"BreadcrumbList","@id":"https:\/\/cantir.art\/producto\/meditacion-en-la-accion\/#breadcrumb","itemListElement":[{"@type":"ListItem","position":1,"name":"Portada","item":"https:\/\/cantir.art\/"},{"@type":"ListItem","position":2,"name":"NEW Tienda","item":"https:\/\/cantir.art\/en\/new-tienda\/"},{"@type":"ListItem","position":3,"name":"Meditaci\u00f3n en la acci\u00f3n"}]},{"@type":"WebSite","@id":"https:\/\/cantir.art\/#website","url":"https:\/\/cantir.art\/","name":"C\u00e0ntir","description":"Simbolisme budista i est\u00e8tica mediterr\u00e0nia en objectes que connecten pr\u00e0ctica i quotidianitat","publisher":{"@id":"https:\/\/cantir.art\/#organization"},"potentialAction":[{"@type":"SearchAction","target":{"@type":"EntryPoint","urlTemplate":"https:\/\/cantir.art\/?s={search_term_string}"},"query-input":{"@type":"PropertyValueSpecification","valueRequired":true,"valueName":"search_term_string"}}],"inLanguage":"ca"},{"@type":"Organization","@id":"https:\/\/cantir.art\/#organization","name":"C\u00e0ntir","url":"https:\/\/cantir.art\/","logo":{"@type":"ImageObject","inLanguage":"ca","@id":"https:\/\/cantir.art\/#\/schema\/logo\/image\/","url":"https:\/\/i0.wp.com\/cantir.art\/wp-content\/uploads\/2025\/01\/cantir-10.png?fit=2551%2C1060&ssl=1","contentUrl":"https:\/\/i0.wp.com\/cantir.art\/wp-content\/uploads\/2025\/01\/cantir-10.png?fit=2551%2C1060&ssl=1","width":2551,"height":1060,"caption":"C\u00e0ntir"},"image":{"@id":"https:\/\/cantir.art\/#\/schema\/logo\/image\/"}}]}},"jetpack_sharing_enabled":true,"_links":{"self":[{"href":"https:\/\/cantir.art\/ca\/wp-json\/wp\/v2\/product\/3728","targetHints":{"allow":["GET"]}}],"collection":[{"href":"https:\/\/cantir.art\/ca\/wp-json\/wp\/v2\/product"}],"about":[{"href":"https:\/\/cantir.art\/ca\/wp-json\/wp\/v2\/types\/product"}],"replies":[{"embeddable":true,"href":"https:\/\/cantir.art\/ca\/wp-json\/wp\/v2\/comments?post=3728"}],"version-history":[{"count":9,"href":"https:\/\/cantir.art\/ca\/wp-json\/wp\/v2\/product\/3728\/revisions"}],"predecessor-version":[{"id":6316,"href":"https:\/\/cantir.art\/ca\/wp-json\/wp\/v2\/product\/3728\/revisions\/6316"}],"wp:featuredmedia":[{"embeddable":true,"href":"https:\/\/cantir.art\/ca\/wp-json\/wp\/v2\/media\/6315"}],"wp:attachment":[{"href":"https:\/\/cantir.art\/ca\/wp-json\/wp\/v2\/media?parent=3728"}],"wp:term":[{"taxonomy":"product_brand","embeddable":true,"href":"https:\/\/cantir.art\/ca\/wp-json\/wp\/v2\/product_brand?post=3728"},{"taxonomy":"product_cat","embeddable":true,"href":"https:\/\/cantir.art\/ca\/wp-json\/wp\/v2\/product_cat?post=3728"},{"taxonomy":"product_tag","embeddable":true,"href":"https:\/\/cantir.art\/ca\/wp-json\/wp\/v2\/product_tag?post=3728"}],"curies":[{"name":"wp","href":"https:\/\/api.w.org\/{rel}","templated":true}]}}