{"id":3730,"date":"2025-01-17T12:43:42","date_gmt":"2025-01-17T11:43:42","guid":{"rendered":"https:\/\/cantir.art\/?post_type=product&#038;p=3730"},"modified":"2025-09-21T20:58:19","modified_gmt":"2025-09-21T18:58:19","slug":"nacido-en-el-tibet","status":"publish","type":"product","link":"https:\/\/cantir.art\/ca\/producte\/nacido-en-el-tibet\/","title":{"rendered":"Nascut al Tibet"},"content":{"rendered":"<div data-elementor-type=\"wp-post\" data-elementor-id=\"3730\" class=\"elementor elementor-3730\">\n\t\t\t\t<div class=\"elementor-element elementor-element-52048079 e-flex e-con-boxed e-con e-parent\" data-id=\"52048079\" data-element_type=\"container\">\n\t\t\t\t\t<div class=\"e-con-inner\">\n\t\t\t\t<div class=\"elementor-element elementor-element-14ef9cb8 elementor-widget elementor-widget-text-editor\" data-id=\"14ef9cb8\" data-element_type=\"widget\" data-widget_type=\"text-editor.default\">\n\t\t\t\t<div class=\"elementor-widget-container\">\n\t\t\t\t\t\t\t\t\t<h4 data-start=\"0\" data-end=\"549\">Nascut al Tibet \u2013 autobiografia del mestre budista Ch\u00f6gyam Trungpa<\/h4><p data-start=\"0\" data-end=\"549\">Nascut al Tibet \u00e9s la fascinant autobiografia de Trungpa Rinpoche, mestre budista tibet\u00e0 que, des d'una edat primerenca, va ser reconegut com a tulku, la reencarnaci\u00f3 d'un mestre il\u00b7luminat. En aquestes mem\u00f2ries, Trungpa relata la seva intensa formaci\u00f3 mon\u00e0stica al Tibet, on va assumir responsabilitats com a abat d'un monestir, i la seva perillosa travessia a trav\u00e9s de l'Him\u00e0laia despr\u00e9s de la invasi\u00f3 xinesa del 1959. La seva hist\u00f2ria ofereix una visi\u00f3 \u00fanica sobre la vida d'un lama tibet\u00e0, combinant tradici\u00f3, resist\u00e8ncia i transformaci\u00f3.<\/p><p data-start=\"551\" data-end=\"1032\">Aquest llibre no nom\u00e9s \u00e9s un testimoni del seu viatge personal, sin\u00f3 tamb\u00e9 un relat sobre la transmissi\u00f3 del budisme tibet\u00e0 a Occident. Despr\u00e9s del seu exili a \u00cdndia, Trungpa va continuar la seva tasca a Esc\u00f2cia, Estats Units i Canad\u00e0, on va fundar institucions clau com la Naropa University i va establir nombrosos centres de meditaci\u00f3. El seu llegat segueix viu en la tradici\u00f3 Shambhala, un enfocament innovador que cerca integrar l'espiritualitat a la vida quotidiana.<\/p><p data-start=\"1034\" data-end=\"1421\">Les autobiografies de mestres budistes, com Nascut al Tibet, s\u00f3n essencials dins de la tradici\u00f3 budista, ja que no nom\u00e9s narren experi\u00e8ncies personals, sin\u00f3 que tamb\u00e9 transmeten ensenyaments profunds de forma accessible. A trav\u00e9s d'aquests relats, els lectors poden trobar inspiraci\u00f3 i comprensi\u00f3 pr\u00e0ctica sobre com aplicar el Dharma al seu propi cam\u00ed espiritual.<\/p><h4>A C\u00c0NTIR trobar\u00e0s un extens cat\u00e0leg de <a href=\"https:\/\/cantir.art\/ca\/categoria-producte\/libros\/\">llibres budistes<\/a><\/h4><p data-start=\"1423\" data-end=\"1814\">A C\u00c0NTIR, creiem en la import\u00e0ncia de preservar i difondre aquestes hist\u00f2ries que connecten saviesa ancestral amb la realitat moderna. La nostra botiga ofereix una cuidada selecci\u00f3 de llibres de budisme, incloent autobiografies de mestres, textos fonamentals i obres contempor\u00e0nies. A m\u00e9s, comptem amb dolentes, est\u00e0tues i objectes rituals que enriqueixen la pr\u00e0ctica personal.<\/p><p data-start=\"1816\" data-end=\"1943\" data-is-last-node=\"\" data-is-only-node=\"\">Explora la nostra col\u00b7lecci\u00f3 i troba a Nascut al Tibet una porta cap a la vida i ensenyaments d'un mestre visionari.<\/p>\t\t\t\t\t\t\t\t<\/div>\n\t\t\t\t<\/div>\n\t\t\t\t\t<\/div>\n\t\t\t\t<\/div>\n\t\t\t\t<\/div>","protected":false},"excerpt":{"rendered":"<p><span style=\"font-weight: 400;\"><br \/>\n<\/span><span style=\"font-weight: 400;\">Nascut al Tibet i reconegut com a Tulku (reencarnaci\u00f3 d'un mestre il\u00b7luminat) als tretze mesos, Ch\u00f6gyam Trungpa narra en aquestes mem\u00f2ries la seva formaci\u00f3 com a monjo budista i la seva dram\u00e0tica fugida a trav\u00e9s de l'Him\u00e0laia despr\u00e9s de la invasi\u00f3 xinesa del Tibet el 1959. El llibre ofereix una mirada \u00edntima de la seva vida d'un monestir fins a la seva posterior emigraci\u00f3 a l'\u00cdndia i m\u00e9s tard a Occident, on fundaria importants institucions com Naropa Institute i establiria centres de meditaci\u00f3 que ajudarien a difondre la saviesa d'aquesta tradici\u00f3 contemplativa al m\u00f3n occidental.<\/span><\/p>","protected":false},"featured_media":6318,"comment_status":"open","ping_status":"closed","template":"elementor_theme","meta":[],"product_brand":[],"product_cat":[245,161],"product_tag":[209,207],"class_list":{"0":"post-3730","1":"product","2":"type-product","3":"status-publish","4":"has-post-thumbnail","6":"product_cat-ediciones-dharma","7":"product_cat-libros","8":"product_tag-autobiografia","9":"product_tag-chogyam-trungpa","11":"first","12":"instock","13":"taxable","14":"shipping-taxable","15":"purchasable","16":"product-type-simple"},"supplier_id":null,"supplier_sku":"","barcode":null,"atum_controlled":true,"out_stock_date":null,"out_stock_threshold":null,"inheritable":false,"inbound_stock":0,"stock_on_hold":0,"sold_today":0,"sales_last_days":0,"reserved_stock":0,"customer_returns":0,"warehouse_damage":0,"lost_in_post":0,"other_logs":0,"out_stock_days":0,"lost_sales":0,"has_location":false,"update_date":"2026-04-17T02:06:24","atum_locations":[],"atum_stock_status":"instock","restock_status":false,"low_stock_amount":"","sales_update_date":"2026-04-17T02:06:24","calc_backorders":null,"yoast_head":"<!-- This site is optimized with the Yoast SEO plugin v26.9 - https:\/\/yoast.com\/product\/yoast-seo-wordpress\/ -->\n<title>Nacido en el Tibet | C\u00c0NTIR | biograf\u00edas de maestros budistas \ud83d\udcff<\/title>\n<meta name=\"description\" content=\"Nacido en el Tibet, la autobiograf\u00eda de Ch\u00f6gyam Trungpa Rinpoche. Desc\u00fabrela en C\u00c0NTIR, tu tienda budista en Barcleona y online.\" \/>\n<meta name=\"robots\" content=\"index, follow, max-snippet:-1, max-image-preview:large, max-video-preview:-1\" \/>\n<link rel=\"canonical\" href=\"https:\/\/cantir.art\/ca\/producte\/nacido-en-el-tibet\/\" \/>\n<meta property=\"og:locale\" content=\"ca_ES\" \/>\n<meta property=\"og:type\" content=\"article\" \/>\n<meta property=\"og:title\" content=\"Nacido en el Tibet | C\u00c0NTIR | biograf\u00edas de maestros budistas \ud83d\udcff\" \/>\n<meta property=\"og:description\" content=\"Nacido en el Tibet, la autobiograf\u00eda de Ch\u00f6gyam Trungpa Rinpoche. Desc\u00fabrela en C\u00c0NTIR, tu tienda budista en Barcleona y online.\" \/>\n<meta property=\"og:url\" content=\"https:\/\/cantir.art\/ca\/producte\/nacido-en-el-tibet\/\" \/>\n<meta property=\"og:site_name\" content=\"C\u00e0ntir\" \/>\n<meta property=\"article:modified_time\" content=\"2025-09-21T18:58:19+00:00\" \/>\n<meta property=\"og:image\" content=\"https:\/\/cantir.art\/wp-content\/uploads\/2025\/01\/NacidoEnTibet.webp\" \/>\n\t<meta property=\"og:image:width\" content=\"680\" \/>\n\t<meta property=\"og:image:height\" content=\"920\" \/>\n\t<meta property=\"og:image:type\" content=\"image\/webp\" \/>\n<meta name=\"twitter:card\" content=\"summary_large_image\" \/>\n<meta name=\"twitter:label1\" content=\"Temps estimat de lectura\" \/>\n\t<meta name=\"twitter:data1\" content=\"2 minuts\" \/>\n<script type=\"application\/ld+json\" class=\"yoast-schema-graph\">{\"@context\":\"https:\/\/schema.org\",\"@graph\":[{\"@type\":\"WebPage\",\"@id\":\"https:\/\/cantir.art\/producto\/nacido-en-el-tibet\/\",\"url\":\"https:\/\/cantir.art\/producto\/nacido-en-el-tibet\/\",\"name\":\"Nacido en el Tibet | C\u00c0NTIR | biograf\u00edas de maestros budistas \ud83d\udcff\",\"isPartOf\":{\"@id\":\"https:\/\/cantir.art\/#website\"},\"primaryImageOfPage\":{\"@id\":\"https:\/\/cantir.art\/producto\/nacido-en-el-tibet\/#primaryimage\"},\"image\":{\"@id\":\"https:\/\/cantir.art\/producto\/nacido-en-el-tibet\/#primaryimage\"},\"thumbnailUrl\":\"https:\/\/i0.wp.com\/cantir.art\/wp-content\/uploads\/2025\/09\/NACIDO-EN-TIBE-A-scaled-2.jpg?fit=1922%2C2560&ssl=1\",\"datePublished\":\"2025-01-17T11:43:42+00:00\",\"dateModified\":\"2025-09-21T18:58:19+00:00\",\"description\":\"Nacido en el Tibet, la autobiograf\u00eda de Ch\u00f6gyam Trungpa Rinpoche. Desc\u00fabrela en C\u00c0NTIR, tu tienda budista en Barcleona y online.\",\"breadcrumb\":{\"@id\":\"https:\/\/cantir.art\/producto\/nacido-en-el-tibet\/#breadcrumb\"},\"inLanguage\":\"ca\",\"potentialAction\":[{\"@type\":\"ReadAction\",\"target\":[\"https:\/\/cantir.art\/producto\/nacido-en-el-tibet\/\"]}]},{\"@type\":\"ImageObject\",\"inLanguage\":\"ca\",\"@id\":\"https:\/\/cantir.art\/producto\/nacido-en-el-tibet\/#primaryimage\",\"url\":\"https:\/\/i0.wp.com\/cantir.art\/wp-content\/uploads\/2025\/09\/NACIDO-EN-TIBE-A-scaled-2.jpg?fit=1922%2C2560&ssl=1\",\"contentUrl\":\"https:\/\/i0.wp.com\/cantir.art\/wp-content\/uploads\/2025\/09\/NACIDO-EN-TIBE-A-scaled-2.jpg?fit=1922%2C2560&ssl=1\",\"width\":1922,\"height\":2560},{\"@type\":\"BreadcrumbList\",\"@id\":\"https:\/\/cantir.art\/producto\/nacido-en-el-tibet\/#breadcrumb\",\"itemListElement\":[{\"@type\":\"ListItem\",\"position\":1,\"name\":\"Portada\",\"item\":\"https:\/\/cantir.art\/\"},{\"@type\":\"ListItem\",\"position\":2,\"name\":\"NEW Tienda\",\"item\":\"https:\/\/cantir.art\/en\/new-tienda\/\"},{\"@type\":\"ListItem\",\"position\":3,\"name\":\"Nacido en el Tibet\"}]},{\"@type\":\"WebSite\",\"@id\":\"https:\/\/cantir.art\/#website\",\"url\":\"https:\/\/cantir.art\/\",\"name\":\"C\u00e0ntir\",\"description\":\"Simbolismo budista y est\u00e9tica mediterr\u00e1nea en objetos que conectan pr\u00e1ctica y cotidianidad\",\"publisher\":{\"@id\":\"https:\/\/cantir.art\/#organization\"},\"potentialAction\":[{\"@type\":\"SearchAction\",\"target\":{\"@type\":\"EntryPoint\",\"urlTemplate\":\"https:\/\/cantir.art\/?s={search_term_string}\"},\"query-input\":{\"@type\":\"PropertyValueSpecification\",\"valueRequired\":true,\"valueName\":\"search_term_string\"}}],\"inLanguage\":\"ca\"},{\"@type\":\"Organization\",\"@id\":\"https:\/\/cantir.art\/#organization\",\"name\":\"C\u00e0ntir\",\"url\":\"https:\/\/cantir.art\/\",\"logo\":{\"@type\":\"ImageObject\",\"inLanguage\":\"ca\",\"@id\":\"https:\/\/cantir.art\/#\/schema\/logo\/image\/\",\"url\":\"https:\/\/i0.wp.com\/cantir.art\/wp-content\/uploads\/2025\/01\/cantir-10.png?fit=2551%2C1060&ssl=1\",\"contentUrl\":\"https:\/\/i0.wp.com\/cantir.art\/wp-content\/uploads\/2025\/01\/cantir-10.png?fit=2551%2C1060&ssl=1\",\"width\":2551,\"height\":1060,\"caption\":\"C\u00e0ntir\"},\"image\":{\"@id\":\"https:\/\/cantir.art\/#\/schema\/logo\/image\/\"}}]}<\/script>\n<!-- \/ Yoast SEO plugin. -->","yoast_head_json":{"title":"Nacido en el Tibet | C\u00c0NTIR | biograf\u00edas de maestros budistas \ud83d\udcff","description":"Nacido en el Tibet, la autobiograf\u00eda de Ch\u00f6gyam Trungpa Rinpoche. Desc\u00fabrela en C\u00c0NTIR, tu tienda budista en Barcleona y online.","robots":{"index":"index","follow":"follow","max-snippet":"max-snippet:-1","max-image-preview":"max-image-preview:large","max-video-preview":"max-video-preview:-1"},"canonical":"https:\/\/cantir.art\/ca\/producte\/nacido-en-el-tibet\/","og_locale":"ca_ES","og_type":"article","og_title":"Nacido en el Tibet | C\u00c0NTIR | biograf\u00edas de maestros budistas \ud83d\udcff","og_description":"Nacido en el Tibet, la autobiograf\u00eda de Ch\u00f6gyam Trungpa Rinpoche. Desc\u00fabrela en C\u00c0NTIR, tu tienda budista en Barcleona y online.","og_url":"https:\/\/cantir.art\/ca\/producte\/nacido-en-el-tibet\/","og_site_name":"C\u00e0ntir","article_modified_time":"2025-09-21T18:58:19+00:00","og_image":[{"width":680,"height":920,"url":"https:\/\/cantir.art\/wp-content\/uploads\/2025\/01\/NacidoEnTibet.webp","type":"image\/webp"}],"twitter_card":"summary_large_image","twitter_misc":{"Temps estimat de lectura":"2 minuts"},"schema":{"@context":"https:\/\/schema.org","@graph":[{"@type":"WebPage","@id":"https:\/\/cantir.art\/producto\/nacido-en-el-tibet\/","url":"https:\/\/cantir.art\/producto\/nacido-en-el-tibet\/","name":"Nacido en el Tibet | C\u00c0NTIR | biograf\u00edas de maestros budistas \ud83d\udcff","isPartOf":{"@id":"https:\/\/cantir.art\/#website"},"primaryImageOfPage":{"@id":"https:\/\/cantir.art\/producto\/nacido-en-el-tibet\/#primaryimage"},"image":{"@id":"https:\/\/cantir.art\/producto\/nacido-en-el-tibet\/#primaryimage"},"thumbnailUrl":"https:\/\/i0.wp.com\/cantir.art\/wp-content\/uploads\/2025\/09\/NACIDO-EN-TIBE-A-scaled-2.jpg?fit=1922%2C2560&ssl=1","datePublished":"2025-01-17T11:43:42+00:00","dateModified":"2025-09-21T18:58:19+00:00","description":"Nacido en el Tibet, la autobiograf\u00eda de Ch\u00f6gyam Trungpa Rinpoche. Desc\u00fabrela en C\u00c0NTIR, tu tienda budista en Barcleona y online.","breadcrumb":{"@id":"https:\/\/cantir.art\/producto\/nacido-en-el-tibet\/#breadcrumb"},"inLanguage":"ca","potentialAction":[{"@type":"ReadAction","target":["https:\/\/cantir.art\/producto\/nacido-en-el-tibet\/"]}]},{"@type":"ImageObject","inLanguage":"ca","@id":"https:\/\/cantir.art\/producto\/nacido-en-el-tibet\/#primaryimage","url":"https:\/\/i0.wp.com\/cantir.art\/wp-content\/uploads\/2025\/09\/NACIDO-EN-TIBE-A-scaled-2.jpg?fit=1922%2C2560&ssl=1","contentUrl":"https:\/\/i0.wp.com\/cantir.art\/wp-content\/uploads\/2025\/09\/NACIDO-EN-TIBE-A-scaled-2.jpg?fit=1922%2C2560&ssl=1","width":1922,"height":2560},{"@type":"BreadcrumbList","@id":"https:\/\/cantir.art\/producto\/nacido-en-el-tibet\/#breadcrumb","itemListElement":[{"@type":"ListItem","position":1,"name":"Portada","item":"https:\/\/cantir.art\/"},{"@type":"ListItem","position":2,"name":"NEW Tienda","item":"https:\/\/cantir.art\/en\/new-tienda\/"},{"@type":"ListItem","position":3,"name":"Nacido en el Tibet"}]},{"@type":"WebSite","@id":"https:\/\/cantir.art\/#website","url":"https:\/\/cantir.art\/","name":"C\u00e0ntir","description":"Simbolisme budista i est\u00e8tica mediterr\u00e0nia en objectes que connecten pr\u00e0ctica i quotidianitat","publisher":{"@id":"https:\/\/cantir.art\/#organization"},"potentialAction":[{"@type":"SearchAction","target":{"@type":"EntryPoint","urlTemplate":"https:\/\/cantir.art\/?s={search_term_string}"},"query-input":{"@type":"PropertyValueSpecification","valueRequired":true,"valueName":"search_term_string"}}],"inLanguage":"ca"},{"@type":"Organization","@id":"https:\/\/cantir.art\/#organization","name":"C\u00e0ntir","url":"https:\/\/cantir.art\/","logo":{"@type":"ImageObject","inLanguage":"ca","@id":"https:\/\/cantir.art\/#\/schema\/logo\/image\/","url":"https:\/\/i0.wp.com\/cantir.art\/wp-content\/uploads\/2025\/01\/cantir-10.png?fit=2551%2C1060&ssl=1","contentUrl":"https:\/\/i0.wp.com\/cantir.art\/wp-content\/uploads\/2025\/01\/cantir-10.png?fit=2551%2C1060&ssl=1","width":2551,"height":1060,"caption":"C\u00e0ntir"},"image":{"@id":"https:\/\/cantir.art\/#\/schema\/logo\/image\/"}}]}},"jetpack_sharing_enabled":true,"_links":{"self":[{"href":"https:\/\/cantir.art\/ca\/wp-json\/wp\/v2\/product\/3730","targetHints":{"allow":["GET"]}}],"collection":[{"href":"https:\/\/cantir.art\/ca\/wp-json\/wp\/v2\/product"}],"about":[{"href":"https:\/\/cantir.art\/ca\/wp-json\/wp\/v2\/types\/product"}],"replies":[{"embeddable":true,"href":"https:\/\/cantir.art\/ca\/wp-json\/wp\/v2\/comments?post=3730"}],"version-history":[{"count":13,"href":"https:\/\/cantir.art\/ca\/wp-json\/wp\/v2\/product\/3730\/revisions"}],"predecessor-version":[{"id":5775,"href":"https:\/\/cantir.art\/ca\/wp-json\/wp\/v2\/product\/3730\/revisions\/5775"}],"wp:featuredmedia":[{"embeddable":true,"href":"https:\/\/cantir.art\/ca\/wp-json\/wp\/v2\/media\/6318"}],"wp:attachment":[{"href":"https:\/\/cantir.art\/ca\/wp-json\/wp\/v2\/media?parent=3730"}],"wp:term":[{"taxonomy":"product_brand","embeddable":true,"href":"https:\/\/cantir.art\/ca\/wp-json\/wp\/v2\/product_brand?post=3730"},{"taxonomy":"product_cat","embeddable":true,"href":"https:\/\/cantir.art\/ca\/wp-json\/wp\/v2\/product_cat?post=3730"},{"taxonomy":"product_tag","embeddable":true,"href":"https:\/\/cantir.art\/ca\/wp-json\/wp\/v2\/product_tag?post=3730"}],"curies":[{"name":"wp","href":"https:\/\/api.w.org\/{rel}","templated":true}]}}