{"id":3732,"date":"2025-01-17T12:45:00","date_gmt":"2025-01-17T11:45:00","guid":{"rendered":"https:\/\/cantir.art\/?post_type=product&#038;p=3732"},"modified":"2025-09-26T18:05:07","modified_gmt":"2025-09-26T16:05:07","slug":"atravesar-el-materialismo-espiritual","status":"publish","type":"product","link":"https:\/\/cantir.art\/ca\/producte\/atravesar-el-materialismo-espiritual\/","title":{"rendered":"Travessar el materialisme espiritual"},"content":{"rendered":"<div data-elementor-type=\"wp-post\" data-elementor-id=\"3732\" class=\"elementor elementor-3732\">\n\t\t\t\t<div class=\"elementor-element elementor-element-52048079 e-flex e-con-boxed e-con e-parent\" data-id=\"52048079\" data-element_type=\"container\">\n\t\t\t\t\t<div class=\"e-con-inner\">\n\t\t\t\t<div class=\"elementor-element elementor-element-14ef9cb8 elementor-widget elementor-widget-text-editor\" data-id=\"14ef9cb8\" data-element_type=\"widget\" data-widget_type=\"text-editor.default\">\n\t\t\t\t<div class=\"elementor-widget-container\">\n\t\t\t\t\t\t\t\t\t<p data-start=\"54\" data-end=\"686\">Travessar el materialisme espiritual \u00e9s un llibre que no us deixar\u00e0 indiferent. Va ser escrit per Ch\u00f6gyam Trungpa, mestre tibet\u00e0 nascut el 1939. Aquesta obra \u00e9s una invitaci\u00f3 a q\u00fcestionar les nostres creences sobre l&#039;espiritualitat i explorar un cam\u00ed de transformaci\u00f3 aut\u00e8ntic. Trungpa Rinpoch\u00e9 va ser una figura clau en la introducci\u00f3 del budisme tibet\u00e0 a Occident. Va destacar pel seu enfocament innovador i directe. A trav\u00e9s del seu ensenyament, va desmitificar molts conceptes erronis sobre l&#039;espiritualitat. Tamb\u00e9 va mostrar com el materialisme espiritual es pot convertir en un obstacle en la recerca del despertar genu\u00ed.<\/p><p data-start=\"688\" data-end=\"1247\">T\u00e9 un estil que combina la profunditat del pensament budista amb una gran claredat. Les seves paraules ens guien mitjan\u00e7ant una exploraci\u00f3 de com la ment occidental tendeix a apropiar-se de l&#039;espiritualitat amb finalitats egoistes. En lloc de fer servir el Dharma com un mitj\u00e0 per enfortir la identitat personal, ens convida a rendir-nos a la realitat tal com \u00e9s. Amb coratge i autenticitat. Al llarg dels seus ensenyaments, emfatitza la import\u00e0ncia de la meditaci\u00f3 com a eina central per despertar la lucidesa i la compassi\u00f3 a la vida quotidiana.<\/p><p data-start=\"1249\" data-end=\"1831\">A m\u00e9s de ser un mestre de gran impacte, va fundar la Naropa University i va establir el llinatge Shambhala. Aquest era un cam\u00ed espiritual que integra la saviesa budista amb la vida laica. El seu llegat ha influ\u00eft generacions de practicants. I ha oferint una visi\u00f3 de l&#039;espiritualitat allunyada de la idealitzaci\u00f3 i centrada en la responsabilitat personal i l&#039;obertura al present. Al nostre cat\u00e0leg de C\u00e0ntir pots trobar algunes de les seves obres m\u00e9s interessants: <a href=\"https:\/\/cantir.art\/ca\/producte\/psicologia-budista\/\">Psicologia budista<\/a>, <a href=\"https:\/\/cantir.art\/ca\/producte\/cinismo-y-magia\/\">Cinisme i m\u00e0gia<\/a>, <a href=\"https:\/\/cantir.art\/ca\/producte\/el-mito-de-la-libertad\/\">El mite de la llibertat<\/a>, <a href=\"https:\/\/cantir.art\/ca\/producte\/el-futuro-es-libre\/\">El futur \u00e9s lliure<\/a>\u2026 A m\u00e9s, tamb\u00e9 pots trobar llibres sobre una de les seves deixebles principals: <a href=\"https:\/\/cantir.art\/ca\/producte\/cuando-todo-se-derrumba\/\">Pema Ch\u00f6dron<\/a>, monja budista establerta al Canad\u00e0.<\/p><p data-start=\"1833\" data-end=\"2055\">M\u00e9s enll\u00e0 del temps i la geografia, els ensenyaments de Ch\u00f6gyam Trungpa segueixen vius, recordant-nos que la veritable espiritualitat no \u00e9s una evasi\u00f3, sin\u00f3 un comprom\u00eds profund amb la realitat i amb el cor despert.<\/p><p data-start=\"1833\" data-end=\"2055\">Pots trobar altres llibres de Ch\u00f6gyam Trungpa seguint navegant pel nostre <a href=\"https:\/\/cantir.art\/ca\/categoria-producte\/libros\/\">cat\u00e0leg<\/a>.<\/p>\t\t\t\t\t\t\t\t<\/div>\n\t\t\t\t<\/div>\n\t\t\t\t\t<\/div>\n\t\t\t\t<\/div>\n\t\t\t\t<\/div>","protected":false},"excerpt":{"rendered":"<p><span style=\"font-weight: 400;\">El llibre que tot practicant espiritual tem i anhela llegir alhora. Trungpa Rinpoche desmunta pe\u00e7a per pe\u00e7a el supermercat espiritual modern i ens mostra com l&#039;ego \u00e9s capa\u00e7 de convertir fins i tot la meditaci\u00f3 en un accessori m\u00e9s.<\/span><\/p>\n<p><em>Traducci\u00f3 i edici\u00f3 per Ediciones Virupa.<\/em><\/p>","protected":false},"featured_media":6320,"comment_status":"open","ping_status":"closed","template":"elementor_theme","meta":[],"product_brand":[],"product_cat":[164,161],"product_tag":[271,242,207,270,210],"class_list":{"0":"post-3732","1":"product","2":"type-product","3":"status-publish","4":"has-post-thumbnail","6":"product_cat-ediciones-virupa","7":"product_cat-libros","8":"product_tag-autoengano","9":"product_tag-budismo-contemporaneo","10":"product_tag-chogyam-trungpa","11":"product_tag-ego","12":"product_tag-materialismo-espiritual","14":"first","15":"instock","16":"taxable","17":"shipping-taxable","18":"purchasable","19":"product-type-simple"},"supplier_id":null,"supplier_sku":"","barcode":null,"atum_controlled":true,"out_stock_date":null,"out_stock_threshold":null,"inheritable":false,"inbound_stock":null,"stock_on_hold":0,"sold_today":0,"sales_last_days":0,"reserved_stock":null,"customer_returns":null,"warehouse_damage":null,"lost_in_post":null,"other_logs":null,"out_stock_days":0,"lost_sales":0,"has_location":false,"update_date":"2026-04-14T02:05:42","atum_locations":[],"atum_stock_status":"instock","restock_status":false,"low_stock_amount":"","sales_update_date":"2026-04-14T02:05:42","calc_backorders":null,"yoast_head":"<!-- This site is optimized with the Yoast SEO plugin v26.9 - https:\/\/yoast.com\/product\/yoast-seo-wordpress\/ -->\n<title>Atravesar el materialismo espiritual | C\u00c0NTIR \ud83d\udcff<\/title>\n<meta name=\"description\" content=\"Atravesar el materialismo espiritual, un libro de Ch\u00f6gyam Trungpa traducido y editado por Ediciones Virupa. Descubre este y m\u00e1s libros budistas en C\u00c0NTIR.\" \/>\n<meta name=\"robots\" content=\"index, follow, max-snippet:-1, max-image-preview:large, max-video-preview:-1\" \/>\n<link rel=\"canonical\" href=\"https:\/\/cantir.art\/ca\/producte\/atravesar-el-materialismo-espiritual\/\" \/>\n<meta property=\"og:locale\" content=\"ca_ES\" \/>\n<meta property=\"og:type\" content=\"article\" \/>\n<meta property=\"og:title\" content=\"Atravesar el materialismo espiritual | C\u00c0NTIR \ud83d\udcff\" \/>\n<meta property=\"og:description\" content=\"Atravesar el materialismo espiritual, un libro de Ch\u00f6gyam Trungpa traducido y editado por Ediciones Virupa. Descubre este y m\u00e1s libros budistas en C\u00c0NTIR.\" \/>\n<meta property=\"og:url\" content=\"https:\/\/cantir.art\/ca\/producte\/atravesar-el-materialismo-espiritual\/\" \/>\n<meta property=\"og:site_name\" content=\"C\u00e0ntir\" \/>\n<meta property=\"article:modified_time\" content=\"2025-09-26T16:05:07+00:00\" \/>\n<meta property=\"og:image\" content=\"https:\/\/cantir.art\/wp-content\/uploads\/2025\/09\/ATRAVESANDO-EL-MATERIALISMO-ESPIRITUAL-C-scaled-2.jpg\" \/>\n\t<meta property=\"og:image:width\" content=\"1922\" \/>\n\t<meta property=\"og:image:height\" content=\"2560\" \/>\n\t<meta property=\"og:image:type\" content=\"image\/jpeg\" \/>\n<meta name=\"twitter:card\" content=\"summary_large_image\" \/>\n<meta name=\"twitter:label1\" content=\"Temps estimat de lectura\" \/>\n\t<meta name=\"twitter:data1\" content=\"2 minuts\" \/>\n<script type=\"application\/ld+json\" class=\"yoast-schema-graph\">{\"@context\":\"https:\/\/schema.org\",\"@graph\":[{\"@type\":\"WebPage\",\"@id\":\"https:\/\/cantir.art\/producto\/atravesar-el-materialismo-espiritual\/\",\"url\":\"https:\/\/cantir.art\/producto\/atravesar-el-materialismo-espiritual\/\",\"name\":\"Atravesar el materialismo espiritual | C\u00c0NTIR \ud83d\udcff\",\"isPartOf\":{\"@id\":\"https:\/\/cantir.art\/#website\"},\"primaryImageOfPage\":{\"@id\":\"https:\/\/cantir.art\/producto\/atravesar-el-materialismo-espiritual\/#primaryimage\"},\"image\":{\"@id\":\"https:\/\/cantir.art\/producto\/atravesar-el-materialismo-espiritual\/#primaryimage\"},\"thumbnailUrl\":\"https:\/\/i0.wp.com\/cantir.art\/wp-content\/uploads\/2025\/09\/ATRAVESANDO-EL-MATERIALISMO-ESPIRITUAL-C-scaled-2.jpg?fit=1922%2C2560&ssl=1\",\"datePublished\":\"2025-01-17T11:45:00+00:00\",\"dateModified\":\"2025-09-26T16:05:07+00:00\",\"description\":\"Atravesar el materialismo espiritual, un libro de Ch\u00f6gyam Trungpa traducido y editado por Ediciones Virupa. Descubre este y m\u00e1s libros budistas en C\u00c0NTIR.\",\"breadcrumb\":{\"@id\":\"https:\/\/cantir.art\/producto\/atravesar-el-materialismo-espiritual\/#breadcrumb\"},\"inLanguage\":\"ca\",\"potentialAction\":[{\"@type\":\"ReadAction\",\"target\":[\"https:\/\/cantir.art\/producto\/atravesar-el-materialismo-espiritual\/\"]}]},{\"@type\":\"ImageObject\",\"inLanguage\":\"ca\",\"@id\":\"https:\/\/cantir.art\/producto\/atravesar-el-materialismo-espiritual\/#primaryimage\",\"url\":\"https:\/\/i0.wp.com\/cantir.art\/wp-content\/uploads\/2025\/09\/ATRAVESANDO-EL-MATERIALISMO-ESPIRITUAL-C-scaled-2.jpg?fit=1922%2C2560&ssl=1\",\"contentUrl\":\"https:\/\/i0.wp.com\/cantir.art\/wp-content\/uploads\/2025\/09\/ATRAVESANDO-EL-MATERIALISMO-ESPIRITUAL-C-scaled-2.jpg?fit=1922%2C2560&ssl=1\",\"width\":1922,\"height\":2560},{\"@type\":\"BreadcrumbList\",\"@id\":\"https:\/\/cantir.art\/producto\/atravesar-el-materialismo-espiritual\/#breadcrumb\",\"itemListElement\":[{\"@type\":\"ListItem\",\"position\":1,\"name\":\"Portada\",\"item\":\"https:\/\/cantir.art\/\"},{\"@type\":\"ListItem\",\"position\":2,\"name\":\"NEW Tienda\",\"item\":\"https:\/\/cantir.art\/en\/new-tienda\/\"},{\"@type\":\"ListItem\",\"position\":3,\"name\":\"Atravesar el materialismo espiritual\"}]},{\"@type\":\"WebSite\",\"@id\":\"https:\/\/cantir.art\/#website\",\"url\":\"https:\/\/cantir.art\/\",\"name\":\"C\u00e0ntir\",\"description\":\"Simbolismo budista y est\u00e9tica mediterr\u00e1nea en objetos que conectan pr\u00e1ctica y cotidianidad\",\"publisher\":{\"@id\":\"https:\/\/cantir.art\/#organization\"},\"potentialAction\":[{\"@type\":\"SearchAction\",\"target\":{\"@type\":\"EntryPoint\",\"urlTemplate\":\"https:\/\/cantir.art\/?s={search_term_string}\"},\"query-input\":{\"@type\":\"PropertyValueSpecification\",\"valueRequired\":true,\"valueName\":\"search_term_string\"}}],\"inLanguage\":\"ca\"},{\"@type\":\"Organization\",\"@id\":\"https:\/\/cantir.art\/#organization\",\"name\":\"C\u00e0ntir\",\"url\":\"https:\/\/cantir.art\/\",\"logo\":{\"@type\":\"ImageObject\",\"inLanguage\":\"ca\",\"@id\":\"https:\/\/cantir.art\/#\/schema\/logo\/image\/\",\"url\":\"https:\/\/i0.wp.com\/cantir.art\/wp-content\/uploads\/2025\/01\/cantir-10.png?fit=2551%2C1060&ssl=1\",\"contentUrl\":\"https:\/\/i0.wp.com\/cantir.art\/wp-content\/uploads\/2025\/01\/cantir-10.png?fit=2551%2C1060&ssl=1\",\"width\":2551,\"height\":1060,\"caption\":\"C\u00e0ntir\"},\"image\":{\"@id\":\"https:\/\/cantir.art\/#\/schema\/logo\/image\/\"}}]}<\/script>\n<!-- \/ Yoast SEO plugin. -->","yoast_head_json":{"title":"Atravesar el materialismo espiritual | C\u00c0NTIR \ud83d\udcff","description":"Atravesar el materialismo espiritual, un libro de Ch\u00f6gyam Trungpa traducido y editado por Ediciones Virupa. Descubre este y m\u00e1s libros budistas en C\u00c0NTIR.","robots":{"index":"index","follow":"follow","max-snippet":"max-snippet:-1","max-image-preview":"max-image-preview:large","max-video-preview":"max-video-preview:-1"},"canonical":"https:\/\/cantir.art\/ca\/producte\/atravesar-el-materialismo-espiritual\/","og_locale":"ca_ES","og_type":"article","og_title":"Atravesar el materialismo espiritual | C\u00c0NTIR \ud83d\udcff","og_description":"Atravesar el materialismo espiritual, un libro de Ch\u00f6gyam Trungpa traducido y editado por Ediciones Virupa. Descubre este y m\u00e1s libros budistas en C\u00c0NTIR.","og_url":"https:\/\/cantir.art\/ca\/producte\/atravesar-el-materialismo-espiritual\/","og_site_name":"C\u00e0ntir","article_modified_time":"2025-09-26T16:05:07+00:00","og_image":[{"width":1922,"height":2560,"url":"https:\/\/cantir.art\/wp-content\/uploads\/2025\/09\/ATRAVESANDO-EL-MATERIALISMO-ESPIRITUAL-C-scaled-2.jpg","type":"image\/jpeg"}],"twitter_card":"summary_large_image","twitter_misc":{"Temps estimat de lectura":"2 minuts"},"schema":{"@context":"https:\/\/schema.org","@graph":[{"@type":"WebPage","@id":"https:\/\/cantir.art\/producto\/atravesar-el-materialismo-espiritual\/","url":"https:\/\/cantir.art\/producto\/atravesar-el-materialismo-espiritual\/","name":"Atravesar el materialismo espiritual | C\u00c0NTIR \ud83d\udcff","isPartOf":{"@id":"https:\/\/cantir.art\/#website"},"primaryImageOfPage":{"@id":"https:\/\/cantir.art\/producto\/atravesar-el-materialismo-espiritual\/#primaryimage"},"image":{"@id":"https:\/\/cantir.art\/producto\/atravesar-el-materialismo-espiritual\/#primaryimage"},"thumbnailUrl":"https:\/\/i0.wp.com\/cantir.art\/wp-content\/uploads\/2025\/09\/ATRAVESANDO-EL-MATERIALISMO-ESPIRITUAL-C-scaled-2.jpg?fit=1922%2C2560&ssl=1","datePublished":"2025-01-17T11:45:00+00:00","dateModified":"2025-09-26T16:05:07+00:00","description":"Atravesar el materialismo espiritual, un libro de Ch\u00f6gyam Trungpa traducido y editado por Ediciones Virupa. Descubre este y m\u00e1s libros budistas en C\u00c0NTIR.","breadcrumb":{"@id":"https:\/\/cantir.art\/producto\/atravesar-el-materialismo-espiritual\/#breadcrumb"},"inLanguage":"ca","potentialAction":[{"@type":"ReadAction","target":["https:\/\/cantir.art\/producto\/atravesar-el-materialismo-espiritual\/"]}]},{"@type":"ImageObject","inLanguage":"ca","@id":"https:\/\/cantir.art\/producto\/atravesar-el-materialismo-espiritual\/#primaryimage","url":"https:\/\/i0.wp.com\/cantir.art\/wp-content\/uploads\/2025\/09\/ATRAVESANDO-EL-MATERIALISMO-ESPIRITUAL-C-scaled-2.jpg?fit=1922%2C2560&ssl=1","contentUrl":"https:\/\/i0.wp.com\/cantir.art\/wp-content\/uploads\/2025\/09\/ATRAVESANDO-EL-MATERIALISMO-ESPIRITUAL-C-scaled-2.jpg?fit=1922%2C2560&ssl=1","width":1922,"height":2560},{"@type":"BreadcrumbList","@id":"https:\/\/cantir.art\/producto\/atravesar-el-materialismo-espiritual\/#breadcrumb","itemListElement":[{"@type":"ListItem","position":1,"name":"Portada","item":"https:\/\/cantir.art\/"},{"@type":"ListItem","position":2,"name":"NEW Tienda","item":"https:\/\/cantir.art\/en\/new-tienda\/"},{"@type":"ListItem","position":3,"name":"Atravesar el materialismo espiritual"}]},{"@type":"WebSite","@id":"https:\/\/cantir.art\/#website","url":"https:\/\/cantir.art\/","name":"C\u00e0ntir","description":"Simbolisme budista i est\u00e8tica mediterr\u00e0nia en objectes que connecten pr\u00e0ctica i quotidianitat","publisher":{"@id":"https:\/\/cantir.art\/#organization"},"potentialAction":[{"@type":"SearchAction","target":{"@type":"EntryPoint","urlTemplate":"https:\/\/cantir.art\/?s={search_term_string}"},"query-input":{"@type":"PropertyValueSpecification","valueRequired":true,"valueName":"search_term_string"}}],"inLanguage":"ca"},{"@type":"Organization","@id":"https:\/\/cantir.art\/#organization","name":"C\u00e0ntir","url":"https:\/\/cantir.art\/","logo":{"@type":"ImageObject","inLanguage":"ca","@id":"https:\/\/cantir.art\/#\/schema\/logo\/image\/","url":"https:\/\/i0.wp.com\/cantir.art\/wp-content\/uploads\/2025\/01\/cantir-10.png?fit=2551%2C1060&ssl=1","contentUrl":"https:\/\/i0.wp.com\/cantir.art\/wp-content\/uploads\/2025\/01\/cantir-10.png?fit=2551%2C1060&ssl=1","width":2551,"height":1060,"caption":"C\u00e0ntir"},"image":{"@id":"https:\/\/cantir.art\/#\/schema\/logo\/image\/"}}]}},"jetpack_sharing_enabled":true,"_links":{"self":[{"href":"https:\/\/cantir.art\/ca\/wp-json\/wp\/v2\/product\/3732","targetHints":{"allow":["GET"]}}],"collection":[{"href":"https:\/\/cantir.art\/ca\/wp-json\/wp\/v2\/product"}],"about":[{"href":"https:\/\/cantir.art\/ca\/wp-json\/wp\/v2\/types\/product"}],"replies":[{"embeddable":true,"href":"https:\/\/cantir.art\/ca\/wp-json\/wp\/v2\/comments?post=3732"}],"version-history":[{"count":24,"href":"https:\/\/cantir.art\/ca\/wp-json\/wp\/v2\/product\/3732\/revisions"}],"predecessor-version":[{"id":5574,"href":"https:\/\/cantir.art\/ca\/wp-json\/wp\/v2\/product\/3732\/revisions\/5574"}],"wp:featuredmedia":[{"embeddable":true,"href":"https:\/\/cantir.art\/ca\/wp-json\/wp\/v2\/media\/6320"}],"wp:attachment":[{"href":"https:\/\/cantir.art\/ca\/wp-json\/wp\/v2\/media?parent=3732"}],"wp:term":[{"taxonomy":"product_brand","embeddable":true,"href":"https:\/\/cantir.art\/ca\/wp-json\/wp\/v2\/product_brand?post=3732"},{"taxonomy":"product_cat","embeddable":true,"href":"https:\/\/cantir.art\/ca\/wp-json\/wp\/v2\/product_cat?post=3732"},{"taxonomy":"product_tag","embeddable":true,"href":"https:\/\/cantir.art\/ca\/wp-json\/wp\/v2\/product_tag?post=3732"}],"curies":[{"name":"wp","href":"https:\/\/api.w.org\/{rel}","templated":true}]}}