{"id":3734,"date":"2025-01-17T12:45:57","date_gmt":"2025-01-17T11:45:57","guid":{"rendered":"https:\/\/cantir.art\/?post_type=product&#038;p=3734"},"modified":"2025-09-21T20:58:33","modified_gmt":"2025-09-21T18:58:33","slug":"libro-budista-cinismo-y-magia","status":"publish","type":"product","link":"https:\/\/cantir.art\/ca\/producte\/libro-budista-cinismo-y-magia\/","title":{"rendered":"Cinisme i m\u00e0gia"},"content":{"rendered":"<div data-elementor-type=\"wp-post\" data-elementor-id=\"3734\" class=\"elementor elementor-3734\">\n\t\t\t\t<div class=\"elementor-element elementor-element-52048079 e-flex e-con-boxed e-con e-parent\" data-id=\"52048079\" data-element_type=\"container\">\n\t\t\t\t\t<div class=\"e-con-inner\">\n\t\t\t\t<div class=\"elementor-element elementor-element-14ef9cb8 elementor-widget elementor-widget-text-editor\" data-id=\"14ef9cb8\" data-element_type=\"widget\" data-widget_type=\"text-editor.default\">\n\t\t\t\t<div class=\"elementor-widget-container\">\n\t\t\t\t\t\t\t\t\t<h4>Cinisme i m\u00e0gia, un llibre budista de Ch\u00f6gyam Trungpa<\/h4><p data-start=\"0\" data-end=\"494\">A C\u00c0NTIR volem oferir llibres que convidin a la reflexi\u00f3 i aprofundeixin en la pr\u00e0ctica del budisme. La nostra col\u00b7lecci\u00f3 inclou des de textos cl\u00e0ssics fins a ensenyaments contempor\u00e0nies, permetent que tant els practicants experimentats com els que s'acosten per primera vegada al Dharma trobin una inspiraci\u00f3. Dentre les nostres obres m\u00e9s destacades es troba Cinisme i m\u00e0gia, un llibre budista que captura l'ess\u00e8ncia dels ensenyaments de Ch\u00f6gyam Trungpa en el seu apogeu.<\/p><p data-start=\"496\" data-end=\"1108\">El 1974, Trungpa va oferir una s\u00e8rie de confer\u00e8ncies a Boulder, Colorado, en un espai que, poc despr\u00e9s, es convertiria a la Universitat de Naropa, la primera instituci\u00f3 budista a Occident. Al llarg d'aquestes xerrades, va explorar temes fonamentals com ara la meditaci\u00f3, el karma, la imperman\u00e8ncia, l'estructura de l'ego i el cam\u00ed del Vajrayana, tot amb el seu estil inconfusible: directe, provocador i ple d'humor. A Cinisme i m\u00e0gia, Trungpa no nom\u00e9s desmantella les idees err\u00f2nies sobre l'espiritualitat, sin\u00f3 que tamb\u00e9 reafirma el que realment t\u00e9 valor a la pr\u00e0ctica budista.<\/p><h4>Cinisme i m\u00e0gia, Ch\u00f6gyam Trungpa en di\u00e0leg.\u00a0<\/h4><p data-start=\"1110\" data-end=\"1548\">Aquest llibre budista captura l'energia vibrant de Trungpa en el millor moment, en di\u00e0leg amb algunes de les ments m\u00e9s brillants del seu temps, com Allen Ginsberg, Ram Dass, <a href=\"https:\/\/cantir.art\/ca\/?s=Joan+Halifax&amp;post_type=product\">Joan Halifax<\/a> y William S. Burroughs. La obra refleja el esp\u00edritu de una \u00e9poca en la que el budismo tibetano comenzaba a echar ra\u00edces en Occidente, fusion\u00e1ndose con la contracultura y desafiando las estructuras convencionales del pensamiento espiritual.<\/p><p data-start=\"1550\" data-end=\"1832\">Ch\u00f6gyam Trungpa va ser un mestre revolucionari que va portar el budisme m\u00e9s enll\u00e0 dels l\u00edmits tradicionals, combinant rigor i creativitat per fer-ho accessible a una nova generaci\u00f3. El seu llegat segueix viu als seus ensenyaments, que avui continuen guiant cercadors de tot el m\u00f3n.<\/p><p data-start=\"1834\" data-end=\"2180\" data-is-last-node=\"\" data-is-only-node=\"\">A C\u00c0NTIR, pots trobar Cinisme i m\u00e0gia, juntament amb una cuidada <a href=\"https:\/\/cantir.art\/ca\/categoria-producte\/libros\/\">selecci\u00f3<\/a> de llibres budistes, des de tractats filos\u00f2fics fins a relats autobiogr\u00e0fics de grans mestres. Et convidem a explorar la nostra col\u00b7lecci\u00f3, tant a la nostra botiga f\u00edsica a Casa Virupa, a Llinars del Vall\u00e8s (Barcelona), com a la nostra botiga online.<\/p>\t\t\t\t\t\t\t\t<\/div>\n\t\t\t\t<\/div>\n\t\t\t\t\t<\/div>\n\t\t\t\t<\/div>\n\t\t\t\t<\/div>","protected":false},"excerpt":{"rendered":"<p>Qu\u00e8 \u00e9s l'aut\u00e8ntica espiritualitat? Puc trobar la il\u00b7luminaci\u00f3 i l'alliberament? Com he d'abordar la vida, la mort? Com desenvolupar una mica de paci\u00e8ncia i seny?<\/p>","protected":false},"featured_media":6323,"comment_status":"open","ping_status":"closed","template":"elementor_theme","meta":[],"product_brand":[],"product_cat":[294,161],"product_tag":[207],"class_list":{"0":"post-3734","1":"product","2":"type-product","3":"status-publish","4":"has-post-thumbnail","6":"product_cat-la-llave","7":"product_cat-libros","8":"product_tag-chogyam-trungpa","10":"first","11":"instock","12":"taxable","13":"shipping-taxable","14":"purchasable","15":"product-type-simple"},"supplier_id":null,"supplier_sku":"","barcode":null,"atum_controlled":true,"out_stock_date":null,"out_stock_threshold":null,"inheritable":false,"inbound_stock":null,"stock_on_hold":0,"sold_today":0,"sales_last_days":0,"reserved_stock":null,"customer_returns":null,"warehouse_damage":null,"lost_in_post":null,"other_logs":null,"out_stock_days":0,"lost_sales":0,"has_location":false,"update_date":"2026-04-17T02:06:24","atum_locations":[],"atum_stock_status":"instock","restock_status":false,"low_stock_amount":"","sales_update_date":"2026-04-17T02:06:24","calc_backorders":null,"yoast_head":"<!-- This site is optimized with the Yoast SEO plugin v26.9 - https:\/\/yoast.com\/product\/yoast-seo-wordpress\/ -->\n<title>Libro budista Cinismo y magia | C\u00c0NTIR \u2705<\/title>\n<meta name=\"description\" content=\"Cinismo y magia, un libro budista de Ch\u00f6gyam Trungpa Rinpoche. Desc\u00fabrela en C\u00c0NTIR, una tienda de libros budistas en Barcleona y online.\" \/>\n<meta name=\"robots\" content=\"index, follow, max-snippet:-1, max-image-preview:large, max-video-preview:-1\" \/>\n<link rel=\"canonical\" href=\"https:\/\/cantir.art\/ca\/producte\/libro-budista-cinismo-y-magia\/\" \/>\n<meta property=\"og:locale\" content=\"ca_ES\" \/>\n<meta property=\"og:type\" content=\"article\" \/>\n<meta property=\"og:title\" content=\"Libro budista Cinismo y magia | C\u00c0NTIR \u2705\" \/>\n<meta property=\"og:description\" content=\"Cinismo y magia, un libro budista de Ch\u00f6gyam Trungpa Rinpoche. Desc\u00fabrela en C\u00c0NTIR, una tienda de libros budistas en Barcleona y online.\" \/>\n<meta property=\"og:url\" content=\"https:\/\/cantir.art\/ca\/producte\/libro-budista-cinismo-y-magia\/\" \/>\n<meta property=\"og:site_name\" content=\"C\u00e0ntir\" \/>\n<meta property=\"article:modified_time\" content=\"2025-09-21T18:58:33+00:00\" \/>\n<meta property=\"og:image\" content=\"https:\/\/cantir.art\/wp-content\/uploads\/2025\/01\/CinismoYMagia.webp\" \/>\n\t<meta property=\"og:image:width\" content=\"680\" \/>\n\t<meta property=\"og:image:height\" content=\"920\" \/>\n\t<meta property=\"og:image:type\" content=\"image\/webp\" \/>\n<meta name=\"twitter:card\" content=\"summary_large_image\" \/>\n<meta name=\"twitter:label1\" content=\"Temps estimat de lectura\" \/>\n\t<meta name=\"twitter:data1\" content=\"2 minuts\" \/>\n<script type=\"application\/ld+json\" class=\"yoast-schema-graph\">{\"@context\":\"https:\/\/schema.org\",\"@graph\":[{\"@type\":\"WebPage\",\"@id\":\"https:\/\/cantir.art\/producto\/libro-budista-cinismo-y-magia\/\",\"url\":\"https:\/\/cantir.art\/producto\/libro-budista-cinismo-y-magia\/\",\"name\":\"Libro budista Cinismo y magia | C\u00c0NTIR \u2705\",\"isPartOf\":{\"@id\":\"https:\/\/cantir.art\/#website\"},\"primaryImageOfPage\":{\"@id\":\"https:\/\/cantir.art\/producto\/libro-budista-cinismo-y-magia\/#primaryimage\"},\"image\":{\"@id\":\"https:\/\/cantir.art\/producto\/libro-budista-cinismo-y-magia\/#primaryimage\"},\"thumbnailUrl\":\"https:\/\/i0.wp.com\/cantir.art\/wp-content\/uploads\/2025\/09\/CINISMO-Y-MAGIA-A-scaled-2.jpg?fit=1922%2C2560&ssl=1\",\"datePublished\":\"2025-01-17T11:45:57+00:00\",\"dateModified\":\"2025-09-21T18:58:33+00:00\",\"description\":\"Cinismo y magia, un libro budista de Ch\u00f6gyam Trungpa Rinpoche. Desc\u00fabrela en C\u00c0NTIR, una tienda de libros budistas en Barcleona y online.\",\"breadcrumb\":{\"@id\":\"https:\/\/cantir.art\/producto\/libro-budista-cinismo-y-magia\/#breadcrumb\"},\"inLanguage\":\"ca\",\"potentialAction\":[{\"@type\":\"ReadAction\",\"target\":[\"https:\/\/cantir.art\/producto\/libro-budista-cinismo-y-magia\/\"]}]},{\"@type\":\"ImageObject\",\"inLanguage\":\"ca\",\"@id\":\"https:\/\/cantir.art\/producto\/libro-budista-cinismo-y-magia\/#primaryimage\",\"url\":\"https:\/\/i0.wp.com\/cantir.art\/wp-content\/uploads\/2025\/09\/CINISMO-Y-MAGIA-A-scaled-2.jpg?fit=1922%2C2560&ssl=1\",\"contentUrl\":\"https:\/\/i0.wp.com\/cantir.art\/wp-content\/uploads\/2025\/09\/CINISMO-Y-MAGIA-A-scaled-2.jpg?fit=1922%2C2560&ssl=1\",\"width\":1922,\"height\":2560},{\"@type\":\"BreadcrumbList\",\"@id\":\"https:\/\/cantir.art\/producto\/libro-budista-cinismo-y-magia\/#breadcrumb\",\"itemListElement\":[{\"@type\":\"ListItem\",\"position\":1,\"name\":\"Portada\",\"item\":\"https:\/\/cantir.art\/\"},{\"@type\":\"ListItem\",\"position\":2,\"name\":\"NEW Tienda\",\"item\":\"https:\/\/cantir.art\/en\/new-tienda\/\"},{\"@type\":\"ListItem\",\"position\":3,\"name\":\"Cinismo y magia\"}]},{\"@type\":\"WebSite\",\"@id\":\"https:\/\/cantir.art\/#website\",\"url\":\"https:\/\/cantir.art\/\",\"name\":\"C\u00e0ntir\",\"description\":\"Simbolismo budista y est\u00e9tica mediterr\u00e1nea en objetos que conectan pr\u00e1ctica y cotidianidad\",\"publisher\":{\"@id\":\"https:\/\/cantir.art\/#organization\"},\"potentialAction\":[{\"@type\":\"SearchAction\",\"target\":{\"@type\":\"EntryPoint\",\"urlTemplate\":\"https:\/\/cantir.art\/?s={search_term_string}\"},\"query-input\":{\"@type\":\"PropertyValueSpecification\",\"valueRequired\":true,\"valueName\":\"search_term_string\"}}],\"inLanguage\":\"ca\"},{\"@type\":\"Organization\",\"@id\":\"https:\/\/cantir.art\/#organization\",\"name\":\"C\u00e0ntir\",\"url\":\"https:\/\/cantir.art\/\",\"logo\":{\"@type\":\"ImageObject\",\"inLanguage\":\"ca\",\"@id\":\"https:\/\/cantir.art\/#\/schema\/logo\/image\/\",\"url\":\"https:\/\/i0.wp.com\/cantir.art\/wp-content\/uploads\/2025\/01\/cantir-10.png?fit=2551%2C1060&ssl=1\",\"contentUrl\":\"https:\/\/i0.wp.com\/cantir.art\/wp-content\/uploads\/2025\/01\/cantir-10.png?fit=2551%2C1060&ssl=1\",\"width\":2551,\"height\":1060,\"caption\":\"C\u00e0ntir\"},\"image\":{\"@id\":\"https:\/\/cantir.art\/#\/schema\/logo\/image\/\"}}]}<\/script>\n<!-- \/ Yoast SEO plugin. -->","yoast_head_json":{"title":"Libro budista Cinismo y magia | C\u00c0NTIR \u2705","description":"Cinismo y magia, un libro budista de Ch\u00f6gyam Trungpa Rinpoche. Desc\u00fabrela en C\u00c0NTIR, una tienda de libros budistas en Barcleona y online.","robots":{"index":"index","follow":"follow","max-snippet":"max-snippet:-1","max-image-preview":"max-image-preview:large","max-video-preview":"max-video-preview:-1"},"canonical":"https:\/\/cantir.art\/ca\/producte\/libro-budista-cinismo-y-magia\/","og_locale":"ca_ES","og_type":"article","og_title":"Libro budista Cinismo y magia | C\u00c0NTIR \u2705","og_description":"Cinismo y magia, un libro budista de Ch\u00f6gyam Trungpa Rinpoche. Desc\u00fabrela en C\u00c0NTIR, una tienda de libros budistas en Barcleona y online.","og_url":"https:\/\/cantir.art\/ca\/producte\/libro-budista-cinismo-y-magia\/","og_site_name":"C\u00e0ntir","article_modified_time":"2025-09-21T18:58:33+00:00","og_image":[{"width":680,"height":920,"url":"https:\/\/cantir.art\/wp-content\/uploads\/2025\/01\/CinismoYMagia.webp","type":"image\/webp"}],"twitter_card":"summary_large_image","twitter_misc":{"Temps estimat de lectura":"2 minuts"},"schema":{"@context":"https:\/\/schema.org","@graph":[{"@type":"WebPage","@id":"https:\/\/cantir.art\/producto\/libro-budista-cinismo-y-magia\/","url":"https:\/\/cantir.art\/producto\/libro-budista-cinismo-y-magia\/","name":"Libro budista Cinismo y magia | C\u00c0NTIR \u2705","isPartOf":{"@id":"https:\/\/cantir.art\/#website"},"primaryImageOfPage":{"@id":"https:\/\/cantir.art\/producto\/libro-budista-cinismo-y-magia\/#primaryimage"},"image":{"@id":"https:\/\/cantir.art\/producto\/libro-budista-cinismo-y-magia\/#primaryimage"},"thumbnailUrl":"https:\/\/i0.wp.com\/cantir.art\/wp-content\/uploads\/2025\/09\/CINISMO-Y-MAGIA-A-scaled-2.jpg?fit=1922%2C2560&ssl=1","datePublished":"2025-01-17T11:45:57+00:00","dateModified":"2025-09-21T18:58:33+00:00","description":"Cinismo y magia, un libro budista de Ch\u00f6gyam Trungpa Rinpoche. Desc\u00fabrela en C\u00c0NTIR, una tienda de libros budistas en Barcleona y online.","breadcrumb":{"@id":"https:\/\/cantir.art\/producto\/libro-budista-cinismo-y-magia\/#breadcrumb"},"inLanguage":"ca","potentialAction":[{"@type":"ReadAction","target":["https:\/\/cantir.art\/producto\/libro-budista-cinismo-y-magia\/"]}]},{"@type":"ImageObject","inLanguage":"ca","@id":"https:\/\/cantir.art\/producto\/libro-budista-cinismo-y-magia\/#primaryimage","url":"https:\/\/i0.wp.com\/cantir.art\/wp-content\/uploads\/2025\/09\/CINISMO-Y-MAGIA-A-scaled-2.jpg?fit=1922%2C2560&ssl=1","contentUrl":"https:\/\/i0.wp.com\/cantir.art\/wp-content\/uploads\/2025\/09\/CINISMO-Y-MAGIA-A-scaled-2.jpg?fit=1922%2C2560&ssl=1","width":1922,"height":2560},{"@type":"BreadcrumbList","@id":"https:\/\/cantir.art\/producto\/libro-budista-cinismo-y-magia\/#breadcrumb","itemListElement":[{"@type":"ListItem","position":1,"name":"Portada","item":"https:\/\/cantir.art\/"},{"@type":"ListItem","position":2,"name":"NEW Tienda","item":"https:\/\/cantir.art\/en\/new-tienda\/"},{"@type":"ListItem","position":3,"name":"Cinismo y magia"}]},{"@type":"WebSite","@id":"https:\/\/cantir.art\/#website","url":"https:\/\/cantir.art\/","name":"C\u00e0ntir","description":"Simbolisme budista i est\u00e8tica mediterr\u00e0nia en objectes que connecten pr\u00e0ctica i quotidianitat","publisher":{"@id":"https:\/\/cantir.art\/#organization"},"potentialAction":[{"@type":"SearchAction","target":{"@type":"EntryPoint","urlTemplate":"https:\/\/cantir.art\/?s={search_term_string}"},"query-input":{"@type":"PropertyValueSpecification","valueRequired":true,"valueName":"search_term_string"}}],"inLanguage":"ca"},{"@type":"Organization","@id":"https:\/\/cantir.art\/#organization","name":"C\u00e0ntir","url":"https:\/\/cantir.art\/","logo":{"@type":"ImageObject","inLanguage":"ca","@id":"https:\/\/cantir.art\/#\/schema\/logo\/image\/","url":"https:\/\/i0.wp.com\/cantir.art\/wp-content\/uploads\/2025\/01\/cantir-10.png?fit=2551%2C1060&ssl=1","contentUrl":"https:\/\/i0.wp.com\/cantir.art\/wp-content\/uploads\/2025\/01\/cantir-10.png?fit=2551%2C1060&ssl=1","width":2551,"height":1060,"caption":"C\u00e0ntir"},"image":{"@id":"https:\/\/cantir.art\/#\/schema\/logo\/image\/"}}]}},"jetpack_sharing_enabled":true,"_links":{"self":[{"href":"https:\/\/cantir.art\/ca\/wp-json\/wp\/v2\/product\/3734","targetHints":{"allow":["GET"]}}],"collection":[{"href":"https:\/\/cantir.art\/ca\/wp-json\/wp\/v2\/product"}],"about":[{"href":"https:\/\/cantir.art\/ca\/wp-json\/wp\/v2\/types\/product"}],"replies":[{"embeddable":true,"href":"https:\/\/cantir.art\/ca\/wp-json\/wp\/v2\/comments?post=3734"}],"version-history":[{"count":12,"href":"https:\/\/cantir.art\/ca\/wp-json\/wp\/v2\/product\/3734\/revisions"}],"predecessor-version":[{"id":5780,"href":"https:\/\/cantir.art\/ca\/wp-json\/wp\/v2\/product\/3734\/revisions\/5780"}],"wp:featuredmedia":[{"embeddable":true,"href":"https:\/\/cantir.art\/ca\/wp-json\/wp\/v2\/media\/6323"}],"wp:attachment":[{"href":"https:\/\/cantir.art\/ca\/wp-json\/wp\/v2\/media?parent=3734"}],"wp:term":[{"taxonomy":"product_brand","embeddable":true,"href":"https:\/\/cantir.art\/ca\/wp-json\/wp\/v2\/product_brand?post=3734"},{"taxonomy":"product_cat","embeddable":true,"href":"https:\/\/cantir.art\/ca\/wp-json\/wp\/v2\/product_cat?post=3734"},{"taxonomy":"product_tag","embeddable":true,"href":"https:\/\/cantir.art\/ca\/wp-json\/wp\/v2\/product_tag?post=3734"}],"curies":[{"name":"wp","href":"https:\/\/api.w.org\/{rel}","templated":true}]}}