{"id":3744,"date":"2025-01-17T12:52:43","date_gmt":"2025-01-17T11:52:43","guid":{"rendered":"https:\/\/cantir.art\/?post_type=product&#038;p=3744"},"modified":"2025-09-26T17:58:21","modified_gmt":"2025-09-26T15:58:21","slug":"compasion-intrepida","status":"publish","type":"product","link":"https:\/\/cantir.art\/ca\/producte\/compasion-intrepida\/","title":{"rendered":"Compassi\u00f3 intr\u00e8pida"},"content":{"rendered":"<div data-elementor-type=\"wp-post\" data-elementor-id=\"3744\" class=\"elementor elementor-3744\">\n\t\t\t\t<div class=\"elementor-element elementor-element-52048079 e-flex e-con-boxed e-con e-parent\" data-id=\"52048079\" data-element_type=\"container\">\n\t\t\t\t\t<div class=\"e-con-inner\">\n\t\t\t\t<div class=\"elementor-element elementor-element-14ef9cb8 elementor-widget elementor-widget-text-editor\" data-id=\"14ef9cb8\" data-element_type=\"widget\" data-widget_type=\"text-editor.default\">\n\t\t\t\t<div class=\"elementor-widget-container\">\n\t\t\t\t\t\t\t\t\t<p>Dilgo Khyentse Rinpoche (1910-1991) va ser un dels grans mestres budistes del segle XX, reconegut com un destacat lama de la tradici\u00f3 Nyingma i un mestre del llinatge Rim\u00e9, un moviment no sectari que integra diverses escoles del budisme tibet\u00e0. Des de jove, es va dedicar completament a l'estudi i la pr\u00e0ctica, passant anys en retir a les muntanyes.<\/p><p>Va ser un prol\u00edfic escriptor i mestre de grans figures espirituals, inclosos el XIV Dalai Lama i Mingyur Rinpoche. Conegut per la seva immensa saviesa i compassi\u00f3, va transmetre ensenyaments profunds sobre la naturalesa de la ment, el bodhichita i el Dzogchen.<\/p><p>Despr\u00e9s de l'exili tibet\u00e0, va ajudar a preservar la tradici\u00f3 budista a l'\u00cdndia i el Nepal, fundant monestirs i supervisant la publicaci\u00f3 de nombrosos textos sagrats. El seu llegat segueix viu a trav\u00e9s dels seus deixebles, inspirant practicants de tot el m\u00f3n amb el seu exemple de devoci\u00f3, humilitat i amor il\u00b7limitat.<\/p>\t\t\t\t\t\t\t\t<\/div>\n\t\t\t\t<\/div>\n\t\t\t\t\t<\/div>\n\t\t\t\t<\/div>\n\t\t\t\t<\/div>","protected":false},"excerpt":{"rendered":"<p><span style=\"font-weight: 400;\">Compassi\u00f3 Intr\u00e8pida \u00e9s una guia magistral sobre el cultiu de la compassi\u00f3 aut\u00e8ntica, on Dilgo Khyentse Rimpoch\u00e9 explica Els set punts de l'ensinistrament de la ment, un ensenyament transm\u00e8s al Tibet pel mestre Atisha. Durant la seva \u00faltima visita a Occident, Rimpoch\u00e9 comparteix l'ess\u00e8ncia del budisme tibet\u00e0, revelant com transformar cada moment de la vida quotidiana en una oportunitat per desenvolupar una compassi\u00f3 que transcendeix el mer sentimentalisme i ens connecta amb la naturalesa m\u00e9s profunda de la ment. Aquest comentari, considerat per molts com el seu llegat final, condensa amb claredat i experi\u00e8ncia directa el cam\u00ed compassiu cap a la il\u00b7luminaci\u00f3.<\/span><\/p>","protected":false},"featured_media":6330,"comment_status":"open","ping_status":"closed","template":"elementor_theme","meta":[],"product_brand":[],"product_cat":[245,161],"product_tag":[216],"class_list":{"0":"post-3744","1":"product","2":"type-product","3":"status-publish","4":"has-post-thumbnail","6":"product_cat-ediciones-dharma","7":"product_cat-libros","8":"product_tag-dilgo-khyentse-rimpoche","10":"first","11":"instock","12":"taxable","13":"shipping-taxable","14":"purchasable","15":"product-type-simple"},"supplier_id":null,"supplier_sku":"","barcode":null,"atum_controlled":true,"out_stock_date":null,"out_stock_threshold":null,"inheritable":false,"inbound_stock":null,"stock_on_hold":0,"sold_today":0,"sales_last_days":0,"reserved_stock":null,"customer_returns":null,"warehouse_damage":null,"lost_in_post":null,"other_logs":null,"out_stock_days":0,"lost_sales":0,"has_location":false,"update_date":"2026-04-14T02:05:41","atum_locations":[],"atum_stock_status":"instock","restock_status":false,"low_stock_amount":"","sales_update_date":"2026-04-14T02:05:41","calc_backorders":null,"yoast_head":"<!-- This site is optimized with the Yoast SEO plugin v26.9 - https:\/\/yoast.com\/product\/yoast-seo-wordpress\/ -->\n<title>Compasi\u00f3n intr\u00e9pida - C\u00e0ntir<\/title>\n<meta name=\"robots\" content=\"index, follow, max-snippet:-1, max-image-preview:large, max-video-preview:-1\" \/>\n<link rel=\"canonical\" href=\"https:\/\/cantir.art\/ca\/producte\/compasion-intrepida\/\" \/>\n<meta property=\"og:locale\" content=\"ca_ES\" \/>\n<meta property=\"og:type\" content=\"article\" \/>\n<meta property=\"og:title\" content=\"Compasi\u00f3n intr\u00e9pida - C\u00e0ntir\" \/>\n<meta property=\"og:description\" content=\"Compasi\u00f3n Intr\u00e9pida es una gu\u00eda magistral sobre el cultivo de la compasi\u00f3n aut\u00e9ntica, donde Dilgo Khyentse Rimpoch\u00e9 explica Los siete puntos del adiestramiento de la mente, una ense\u00f1anza transmitida al T\u00edbet por el maestro Atisha. Durante su \u00faltima visita a Occidente, Rimpoch\u00e9 comparte la esencia del budismo tibetano, revelando c\u00f3mo transformar cada momento de la vida cotidiana en una oportunidad para desarrollar una compasi\u00f3n que trasciende el mero sentimentalismo y nos conecta con la naturaleza m\u00e1s profunda de la mente. Este comentario, considerado por muchos como su legado final, condensa con claridad y experiencia directa el camino compasivo hacia la iluminaci\u00f3n.\" \/>\n<meta property=\"og:url\" content=\"https:\/\/cantir.art\/ca\/producte\/compasion-intrepida\/\" \/>\n<meta property=\"og:site_name\" content=\"C\u00e0ntir\" \/>\n<meta property=\"article:modified_time\" content=\"2025-09-26T15:58:21+00:00\" \/>\n<meta property=\"og:image\" content=\"https:\/\/cantir.art\/wp-content\/uploads\/2025\/09\/COMPASION-INTREPIDA-A-scaled-2.jpg\" \/>\n\t<meta property=\"og:image:width\" content=\"1922\" \/>\n\t<meta property=\"og:image:height\" content=\"2560\" \/>\n\t<meta property=\"og:image:type\" content=\"image\/jpeg\" \/>\n<meta name=\"twitter:card\" content=\"summary_large_image\" \/>\n<meta name=\"twitter:label1\" content=\"Temps estimat de lectura\" \/>\n\t<meta name=\"twitter:data1\" content=\"1 minut\" \/>\n<script type=\"application\/ld+json\" class=\"yoast-schema-graph\">{\"@context\":\"https:\/\/schema.org\",\"@graph\":[{\"@type\":\"WebPage\",\"@id\":\"https:\/\/cantir.art\/producto\/compasion-intrepida\/\",\"url\":\"https:\/\/cantir.art\/producto\/compasion-intrepida\/\",\"name\":\"Compasi\u00f3n intr\u00e9pida - C\u00e0ntir\",\"isPartOf\":{\"@id\":\"https:\/\/cantir.art\/#website\"},\"primaryImageOfPage\":{\"@id\":\"https:\/\/cantir.art\/producto\/compasion-intrepida\/#primaryimage\"},\"image\":{\"@id\":\"https:\/\/cantir.art\/producto\/compasion-intrepida\/#primaryimage\"},\"thumbnailUrl\":\"https:\/\/i0.wp.com\/cantir.art\/wp-content\/uploads\/2025\/09\/COMPASION-INTREPIDA-A-scaled-2.jpg?fit=1922%2C2560&ssl=1\",\"datePublished\":\"2025-01-17T11:52:43+00:00\",\"dateModified\":\"2025-09-26T15:58:21+00:00\",\"breadcrumb\":{\"@id\":\"https:\/\/cantir.art\/producto\/compasion-intrepida\/#breadcrumb\"},\"inLanguage\":\"ca\",\"potentialAction\":[{\"@type\":\"ReadAction\",\"target\":[\"https:\/\/cantir.art\/producto\/compasion-intrepida\/\"]}]},{\"@type\":\"ImageObject\",\"inLanguage\":\"ca\",\"@id\":\"https:\/\/cantir.art\/producto\/compasion-intrepida\/#primaryimage\",\"url\":\"https:\/\/i0.wp.com\/cantir.art\/wp-content\/uploads\/2025\/09\/COMPASION-INTREPIDA-A-scaled-2.jpg?fit=1922%2C2560&ssl=1\",\"contentUrl\":\"https:\/\/i0.wp.com\/cantir.art\/wp-content\/uploads\/2025\/09\/COMPASION-INTREPIDA-A-scaled-2.jpg?fit=1922%2C2560&ssl=1\",\"width\":1922,\"height\":2560},{\"@type\":\"BreadcrumbList\",\"@id\":\"https:\/\/cantir.art\/producto\/compasion-intrepida\/#breadcrumb\",\"itemListElement\":[{\"@type\":\"ListItem\",\"position\":1,\"name\":\"Portada\",\"item\":\"https:\/\/cantir.art\/\"},{\"@type\":\"ListItem\",\"position\":2,\"name\":\"NEW Tienda\",\"item\":\"https:\/\/cantir.art\/en\/new-tienda\/\"},{\"@type\":\"ListItem\",\"position\":3,\"name\":\"Compasi\u00f3n intr\u00e9pida\"}]},{\"@type\":\"WebSite\",\"@id\":\"https:\/\/cantir.art\/#website\",\"url\":\"https:\/\/cantir.art\/\",\"name\":\"C\u00e0ntir\",\"description\":\"Simbolismo budista y est\u00e9tica mediterr\u00e1nea en objetos que conectan pr\u00e1ctica y cotidianidad\",\"publisher\":{\"@id\":\"https:\/\/cantir.art\/#organization\"},\"potentialAction\":[{\"@type\":\"SearchAction\",\"target\":{\"@type\":\"EntryPoint\",\"urlTemplate\":\"https:\/\/cantir.art\/?s={search_term_string}\"},\"query-input\":{\"@type\":\"PropertyValueSpecification\",\"valueRequired\":true,\"valueName\":\"search_term_string\"}}],\"inLanguage\":\"ca\"},{\"@type\":\"Organization\",\"@id\":\"https:\/\/cantir.art\/#organization\",\"name\":\"C\u00e0ntir\",\"url\":\"https:\/\/cantir.art\/\",\"logo\":{\"@type\":\"ImageObject\",\"inLanguage\":\"ca\",\"@id\":\"https:\/\/cantir.art\/#\/schema\/logo\/image\/\",\"url\":\"https:\/\/i0.wp.com\/cantir.art\/wp-content\/uploads\/2025\/01\/cantir-10.png?fit=2551%2C1060&ssl=1\",\"contentUrl\":\"https:\/\/i0.wp.com\/cantir.art\/wp-content\/uploads\/2025\/01\/cantir-10.png?fit=2551%2C1060&ssl=1\",\"width\":2551,\"height\":1060,\"caption\":\"C\u00e0ntir\"},\"image\":{\"@id\":\"https:\/\/cantir.art\/#\/schema\/logo\/image\/\"}}]}<\/script>\n<!-- \/ Yoast SEO plugin. -->","yoast_head_json":{"title":"Compasi\u00f3n intr\u00e9pida - C\u00e0ntir","robots":{"index":"index","follow":"follow","max-snippet":"max-snippet:-1","max-image-preview":"max-image-preview:large","max-video-preview":"max-video-preview:-1"},"canonical":"https:\/\/cantir.art\/ca\/producte\/compasion-intrepida\/","og_locale":"ca_ES","og_type":"article","og_title":"Compasi\u00f3n intr\u00e9pida - C\u00e0ntir","og_description":"Compasi\u00f3n Intr\u00e9pida es una gu\u00eda magistral sobre el cultivo de la compasi\u00f3n aut\u00e9ntica, donde Dilgo Khyentse Rimpoch\u00e9 explica Los siete puntos del adiestramiento de la mente, una ense\u00f1anza transmitida al T\u00edbet por el maestro Atisha. Durante su \u00faltima visita a Occidente, Rimpoch\u00e9 comparte la esencia del budismo tibetano, revelando c\u00f3mo transformar cada momento de la vida cotidiana en una oportunidad para desarrollar una compasi\u00f3n que trasciende el mero sentimentalismo y nos conecta con la naturaleza m\u00e1s profunda de la mente. Este comentario, considerado por muchos como su legado final, condensa con claridad y experiencia directa el camino compasivo hacia la iluminaci\u00f3n.","og_url":"https:\/\/cantir.art\/ca\/producte\/compasion-intrepida\/","og_site_name":"C\u00e0ntir","article_modified_time":"2025-09-26T15:58:21+00:00","og_image":[{"width":1922,"height":2560,"url":"https:\/\/cantir.art\/wp-content\/uploads\/2025\/09\/COMPASION-INTREPIDA-A-scaled-2.jpg","type":"image\/jpeg"}],"twitter_card":"summary_large_image","twitter_misc":{"Temps estimat de lectura":"1 minut"},"schema":{"@context":"https:\/\/schema.org","@graph":[{"@type":"WebPage","@id":"https:\/\/cantir.art\/producto\/compasion-intrepida\/","url":"https:\/\/cantir.art\/producto\/compasion-intrepida\/","name":"Compasi\u00f3n intr\u00e9pida - C\u00e0ntir","isPartOf":{"@id":"https:\/\/cantir.art\/#website"},"primaryImageOfPage":{"@id":"https:\/\/cantir.art\/producto\/compasion-intrepida\/#primaryimage"},"image":{"@id":"https:\/\/cantir.art\/producto\/compasion-intrepida\/#primaryimage"},"thumbnailUrl":"https:\/\/i0.wp.com\/cantir.art\/wp-content\/uploads\/2025\/09\/COMPASION-INTREPIDA-A-scaled-2.jpg?fit=1922%2C2560&ssl=1","datePublished":"2025-01-17T11:52:43+00:00","dateModified":"2025-09-26T15:58:21+00:00","breadcrumb":{"@id":"https:\/\/cantir.art\/producto\/compasion-intrepida\/#breadcrumb"},"inLanguage":"ca","potentialAction":[{"@type":"ReadAction","target":["https:\/\/cantir.art\/producto\/compasion-intrepida\/"]}]},{"@type":"ImageObject","inLanguage":"ca","@id":"https:\/\/cantir.art\/producto\/compasion-intrepida\/#primaryimage","url":"https:\/\/i0.wp.com\/cantir.art\/wp-content\/uploads\/2025\/09\/COMPASION-INTREPIDA-A-scaled-2.jpg?fit=1922%2C2560&ssl=1","contentUrl":"https:\/\/i0.wp.com\/cantir.art\/wp-content\/uploads\/2025\/09\/COMPASION-INTREPIDA-A-scaled-2.jpg?fit=1922%2C2560&ssl=1","width":1922,"height":2560},{"@type":"BreadcrumbList","@id":"https:\/\/cantir.art\/producto\/compasion-intrepida\/#breadcrumb","itemListElement":[{"@type":"ListItem","position":1,"name":"Portada","item":"https:\/\/cantir.art\/"},{"@type":"ListItem","position":2,"name":"NEW Tienda","item":"https:\/\/cantir.art\/en\/new-tienda\/"},{"@type":"ListItem","position":3,"name":"Compasi\u00f3n intr\u00e9pida"}]},{"@type":"WebSite","@id":"https:\/\/cantir.art\/#website","url":"https:\/\/cantir.art\/","name":"C\u00e0ntir","description":"Simbolisme budista i est\u00e8tica mediterr\u00e0nia en objectes que connecten pr\u00e0ctica i quotidianitat","publisher":{"@id":"https:\/\/cantir.art\/#organization"},"potentialAction":[{"@type":"SearchAction","target":{"@type":"EntryPoint","urlTemplate":"https:\/\/cantir.art\/?s={search_term_string}"},"query-input":{"@type":"PropertyValueSpecification","valueRequired":true,"valueName":"search_term_string"}}],"inLanguage":"ca"},{"@type":"Organization","@id":"https:\/\/cantir.art\/#organization","name":"C\u00e0ntir","url":"https:\/\/cantir.art\/","logo":{"@type":"ImageObject","inLanguage":"ca","@id":"https:\/\/cantir.art\/#\/schema\/logo\/image\/","url":"https:\/\/i0.wp.com\/cantir.art\/wp-content\/uploads\/2025\/01\/cantir-10.png?fit=2551%2C1060&ssl=1","contentUrl":"https:\/\/i0.wp.com\/cantir.art\/wp-content\/uploads\/2025\/01\/cantir-10.png?fit=2551%2C1060&ssl=1","width":2551,"height":1060,"caption":"C\u00e0ntir"},"image":{"@id":"https:\/\/cantir.art\/#\/schema\/logo\/image\/"}}]}},"jetpack_sharing_enabled":true,"_links":{"self":[{"href":"https:\/\/cantir.art\/ca\/wp-json\/wp\/v2\/product\/3744","targetHints":{"allow":["GET"]}}],"collection":[{"href":"https:\/\/cantir.art\/ca\/wp-json\/wp\/v2\/product"}],"about":[{"href":"https:\/\/cantir.art\/ca\/wp-json\/wp\/v2\/types\/product"}],"replies":[{"embeddable":true,"href":"https:\/\/cantir.art\/ca\/wp-json\/wp\/v2\/comments?post=3744"}],"version-history":[{"count":6,"href":"https:\/\/cantir.art\/ca\/wp-json\/wp\/v2\/product\/3744\/revisions"}],"predecessor-version":[{"id":6331,"href":"https:\/\/cantir.art\/ca\/wp-json\/wp\/v2\/product\/3744\/revisions\/6331"}],"wp:featuredmedia":[{"embeddable":true,"href":"https:\/\/cantir.art\/ca\/wp-json\/wp\/v2\/media\/6330"}],"wp:attachment":[{"href":"https:\/\/cantir.art\/ca\/wp-json\/wp\/v2\/media?parent=3744"}],"wp:term":[{"taxonomy":"product_brand","embeddable":true,"href":"https:\/\/cantir.art\/ca\/wp-json\/wp\/v2\/product_brand?post=3744"},{"taxonomy":"product_cat","embeddable":true,"href":"https:\/\/cantir.art\/ca\/wp-json\/wp\/v2\/product_cat?post=3744"},{"taxonomy":"product_tag","embeddable":true,"href":"https:\/\/cantir.art\/ca\/wp-json\/wp\/v2\/product_tag?post=3744"}],"curies":[{"name":"wp","href":"https:\/\/api.w.org\/{rel}","templated":true}]}}