{"id":3752,"date":"2025-01-17T12:58:44","date_gmt":"2025-01-17T11:58:44","guid":{"rendered":"https:\/\/cantir.art\/?post_type=product&#038;p=3752"},"modified":"2025-09-26T17:58:44","modified_gmt":"2025-09-26T15:58:44","slug":"no-para-ser-feliz","status":"publish","type":"product","link":"https:\/\/cantir.art\/ca\/producte\/no-para-ser-feliz\/","title":{"rendered":"No per ser feli\u00e7"},"content":{"rendered":"<div data-elementor-type=\"wp-post\" data-elementor-id=\"3752\" class=\"elementor elementor-3752\">\n\t\t\t\t<div class=\"elementor-element elementor-element-52048079 e-flex e-con-boxed e-con e-parent\" data-id=\"52048079\" data-element_type=\"container\">\n\t\t\t\t\t<div class=\"e-con-inner\">\n\t\t\t\t<div class=\"elementor-element elementor-element-14ef9cb8 elementor-widget elementor-widget-text-editor\" data-id=\"14ef9cb8\" data-element_type=\"widget\" data-widget_type=\"text-editor.default\">\n\t\t\t\t<div class=\"elementor-widget-container\">\n\t\t\t\t\t\t\t\t\t<p>Dzongsar Jamyang Khyentse Rinpoche, nascut a Bhutan el 1961, \u00e9s un mestre budista tibet\u00e0 destacat per combinar tradici\u00f3 i modernitat en l'ensenyament del Dharma. Pertanyent a la tradici\u00f3 Rim\u00e9, que fomenta la uni\u00f3 entre escoles budistes, Rinpoche va estudiar sota la guia de grans mestres com Dilgo Khyentse Rinpoche. El seu enfocament \u00fanic inclou no nom\u00e9s ensenyaments profunds, sin\u00f3 tamb\u00e9 una tasca creativa com a cineasta, amb pel\u00b7l\u00edcules que reflecteixen temes espirituals i socials. Fundador d'iniciatives com Siddhartha's Intent i Khyentse Foundation, treballa incansablement per preservar el budisme i fer els seus ensenyaments rellevants al m\u00f3n actual.<\/p>\t\t\t\t\t\t\t\t<\/div>\n\t\t\t\t<\/div>\n\t\t\t\t\t<\/div>\n\t\t\t\t<\/div>\n\t\t\t\t<\/div>","protected":false},"excerpt":{"rendered":"<p><span style=\"font-weight: 400;\">Una visi\u00f3 refrescant i provocadora del cam\u00ed budista que desafia les nostres expectatives sobre l\u00b4espiritualitat. L'autor ens mostra per qu\u00e8 buscar la felicitat pot ser el nostre obstacle m\u00e9s gran. <\/span><\/p>\n<p><span style=\"font-weight: 400;\">Si busques la meditaci\u00f3 nom\u00e9s per sentir-te b\u00e9, Dzongsar Jamyang Khyentse \u00e9s directe: millor fes-te un massatge. A No per ser feli\u00e7, l'autor desafia la idea comuna que la pr\u00e0ctica espiritual ha de portar confort i tranquil\u00b7litat. La pr\u00e0ctica genu\u00efna del dharma, especialment els preliminars ng\u00f6ndro, no est\u00e0 dissenyada per a la comoditat superficial que molts busquen. Tot i aix\u00f2, si la teva meta \u00e9s la veritable il\u00b7luminaci\u00f3, aquesta guia ofereix les eines essencials per comen\u00e7ar el cam\u00ed aut\u00e8ntic, encara que aquest no sigui sempre c\u00f2mode.<\/span><\/p>","protected":false},"featured_media":6335,"comment_status":"open","ping_status":"closed","template":"elementor_theme","meta":[],"product_brand":[],"product_cat":[245,161],"product_tag":[221,220],"class_list":{"0":"post-3752","1":"product","2":"type-product","3":"status-publish","4":"has-post-thumbnail","6":"product_cat-ediciones-dharma","7":"product_cat-libros","8":"product_tag-budismo-mediterraneo","9":"product_tag-dzongsar-jamyang-khyentse","11":"first","12":"instock","13":"taxable","14":"shipping-taxable","15":"purchasable","16":"product-type-simple"},"supplier_id":null,"supplier_sku":"","barcode":null,"atum_controlled":true,"out_stock_date":null,"out_stock_threshold":null,"inheritable":false,"inbound_stock":null,"stock_on_hold":0,"sold_today":0,"sales_last_days":0,"reserved_stock":null,"customer_returns":null,"warehouse_damage":null,"lost_in_post":null,"other_logs":null,"out_stock_days":0,"lost_sales":0,"has_location":false,"update_date":"2026-04-17T02:06:23","atum_locations":[],"atum_stock_status":"instock","restock_status":false,"low_stock_amount":"","sales_update_date":"2026-04-17T02:06:23","calc_backorders":null,"yoast_head":"<!-- This site is optimized with the Yoast SEO plugin v26.9 - https:\/\/yoast.com\/product\/yoast-seo-wordpress\/ -->\n<title>No para ser feliz - C\u00e0ntir<\/title>\n<meta name=\"robots\" content=\"index, follow, max-snippet:-1, max-image-preview:large, max-video-preview:-1\" \/>\n<link rel=\"canonical\" href=\"https:\/\/cantir.art\/ca\/producte\/no-para-ser-feliz\/\" \/>\n<meta property=\"og:locale\" content=\"ca_ES\" \/>\n<meta property=\"og:type\" content=\"article\" \/>\n<meta property=\"og:title\" content=\"No para ser feliz - C\u00e0ntir\" \/>\n<meta property=\"og:description\" content=\"Una visi\u00f3n refrescante y provocadora del camino budista que desaf\u00eda nuestras expectativas sobre la espiritualidad. El autor nos muestra por qu\u00e9 buscar la felicidad puede ser nuestro mayor obst\u00e1culo.   Si buscas la meditaci\u00f3n solo para sentirte bien, Dzongsar Jamyang Khyentse es directo: mejor date un masaje. En No para ser feliz, el autor desaf\u00eda la idea com\u00fan de que la pr\u00e1ctica espiritual debe traer confort y tranquilidad. La pr\u00e1ctica genuina del dharma, especialmente los preliminares ng\u00f6ndro, no est\u00e1 dise\u00f1ada para la comodidad superficial que muchos buscan. Sin embargo, si tu meta es la verdadera iluminaci\u00f3n, esta gu\u00eda ofrece las herramientas esenciales para comenzar el camino aut\u00e9ntico, aunque este no sea siempre c\u00f3modo.\" \/>\n<meta property=\"og:url\" content=\"https:\/\/cantir.art\/ca\/producte\/no-para-ser-feliz\/\" \/>\n<meta property=\"og:site_name\" content=\"C\u00e0ntir\" \/>\n<meta property=\"article:modified_time\" content=\"2025-09-26T15:58:44+00:00\" \/>\n<meta property=\"og:image\" content=\"https:\/\/cantir.art\/wp-content\/uploads\/2025\/09\/NO-PARA-SER-FELIZ-A-scaled-2.jpg\" \/>\n\t<meta property=\"og:image:width\" content=\"1922\" \/>\n\t<meta property=\"og:image:height\" content=\"2560\" \/>\n\t<meta property=\"og:image:type\" content=\"image\/jpeg\" \/>\n<meta name=\"twitter:card\" content=\"summary_large_image\" \/>\n<meta name=\"twitter:label1\" content=\"Temps estimat de lectura\" \/>\n\t<meta name=\"twitter:data1\" content=\"1 minut\" \/>\n<script type=\"application\/ld+json\" class=\"yoast-schema-graph\">{\"@context\":\"https:\/\/schema.org\",\"@graph\":[{\"@type\":\"WebPage\",\"@id\":\"https:\/\/cantir.art\/producto\/no-para-ser-feliz\/\",\"url\":\"https:\/\/cantir.art\/producto\/no-para-ser-feliz\/\",\"name\":\"No para ser feliz - C\u00e0ntir\",\"isPartOf\":{\"@id\":\"https:\/\/cantir.art\/#website\"},\"primaryImageOfPage\":{\"@id\":\"https:\/\/cantir.art\/producto\/no-para-ser-feliz\/#primaryimage\"},\"image\":{\"@id\":\"https:\/\/cantir.art\/producto\/no-para-ser-feliz\/#primaryimage\"},\"thumbnailUrl\":\"https:\/\/i0.wp.com\/cantir.art\/wp-content\/uploads\/2025\/09\/NO-PARA-SER-FELIZ-A-scaled-2.jpg?fit=1922%2C2560&ssl=1\",\"datePublished\":\"2025-01-17T11:58:44+00:00\",\"dateModified\":\"2025-09-26T15:58:44+00:00\",\"breadcrumb\":{\"@id\":\"https:\/\/cantir.art\/producto\/no-para-ser-feliz\/#breadcrumb\"},\"inLanguage\":\"ca\",\"potentialAction\":[{\"@type\":\"ReadAction\",\"target\":[\"https:\/\/cantir.art\/producto\/no-para-ser-feliz\/\"]}]},{\"@type\":\"ImageObject\",\"inLanguage\":\"ca\",\"@id\":\"https:\/\/cantir.art\/producto\/no-para-ser-feliz\/#primaryimage\",\"url\":\"https:\/\/i0.wp.com\/cantir.art\/wp-content\/uploads\/2025\/09\/NO-PARA-SER-FELIZ-A-scaled-2.jpg?fit=1922%2C2560&ssl=1\",\"contentUrl\":\"https:\/\/i0.wp.com\/cantir.art\/wp-content\/uploads\/2025\/09\/NO-PARA-SER-FELIZ-A-scaled-2.jpg?fit=1922%2C2560&ssl=1\",\"width\":1922,\"height\":2560},{\"@type\":\"BreadcrumbList\",\"@id\":\"https:\/\/cantir.art\/producto\/no-para-ser-feliz\/#breadcrumb\",\"itemListElement\":[{\"@type\":\"ListItem\",\"position\":1,\"name\":\"Portada\",\"item\":\"https:\/\/cantir.art\/\"},{\"@type\":\"ListItem\",\"position\":2,\"name\":\"NEW Tienda\",\"item\":\"https:\/\/cantir.art\/en\/new-tienda\/\"},{\"@type\":\"ListItem\",\"position\":3,\"name\":\"No para ser feliz\"}]},{\"@type\":\"WebSite\",\"@id\":\"https:\/\/cantir.art\/#website\",\"url\":\"https:\/\/cantir.art\/\",\"name\":\"C\u00e0ntir\",\"description\":\"Simbolismo budista y est\u00e9tica mediterr\u00e1nea en objetos que conectan pr\u00e1ctica y cotidianidad\",\"publisher\":{\"@id\":\"https:\/\/cantir.art\/#organization\"},\"potentialAction\":[{\"@type\":\"SearchAction\",\"target\":{\"@type\":\"EntryPoint\",\"urlTemplate\":\"https:\/\/cantir.art\/?s={search_term_string}\"},\"query-input\":{\"@type\":\"PropertyValueSpecification\",\"valueRequired\":true,\"valueName\":\"search_term_string\"}}],\"inLanguage\":\"ca\"},{\"@type\":\"Organization\",\"@id\":\"https:\/\/cantir.art\/#organization\",\"name\":\"C\u00e0ntir\",\"url\":\"https:\/\/cantir.art\/\",\"logo\":{\"@type\":\"ImageObject\",\"inLanguage\":\"ca\",\"@id\":\"https:\/\/cantir.art\/#\/schema\/logo\/image\/\",\"url\":\"https:\/\/i0.wp.com\/cantir.art\/wp-content\/uploads\/2025\/01\/cantir-10.png?fit=2551%2C1060&ssl=1\",\"contentUrl\":\"https:\/\/i0.wp.com\/cantir.art\/wp-content\/uploads\/2025\/01\/cantir-10.png?fit=2551%2C1060&ssl=1\",\"width\":2551,\"height\":1060,\"caption\":\"C\u00e0ntir\"},\"image\":{\"@id\":\"https:\/\/cantir.art\/#\/schema\/logo\/image\/\"}}]}<\/script>\n<!-- \/ Yoast SEO plugin. -->","yoast_head_json":{"title":"No para ser feliz - C\u00e0ntir","robots":{"index":"index","follow":"follow","max-snippet":"max-snippet:-1","max-image-preview":"max-image-preview:large","max-video-preview":"max-video-preview:-1"},"canonical":"https:\/\/cantir.art\/ca\/producte\/no-para-ser-feliz\/","og_locale":"ca_ES","og_type":"article","og_title":"No para ser feliz - C\u00e0ntir","og_description":"Una visi\u00f3n refrescante y provocadora del camino budista que desaf\u00eda nuestras expectativas sobre la espiritualidad. El autor nos muestra por qu\u00e9 buscar la felicidad puede ser nuestro mayor obst\u00e1culo.   Si buscas la meditaci\u00f3n solo para sentirte bien, Dzongsar Jamyang Khyentse es directo: mejor date un masaje. En No para ser feliz, el autor desaf\u00eda la idea com\u00fan de que la pr\u00e1ctica espiritual debe traer confort y tranquilidad. La pr\u00e1ctica genuina del dharma, especialmente los preliminares ng\u00f6ndro, no est\u00e1 dise\u00f1ada para la comodidad superficial que muchos buscan. Sin embargo, si tu meta es la verdadera iluminaci\u00f3n, esta gu\u00eda ofrece las herramientas esenciales para comenzar el camino aut\u00e9ntico, aunque este no sea siempre c\u00f3modo.","og_url":"https:\/\/cantir.art\/ca\/producte\/no-para-ser-feliz\/","og_site_name":"C\u00e0ntir","article_modified_time":"2025-09-26T15:58:44+00:00","og_image":[{"width":1922,"height":2560,"url":"https:\/\/cantir.art\/wp-content\/uploads\/2025\/09\/NO-PARA-SER-FELIZ-A-scaled-2.jpg","type":"image\/jpeg"}],"twitter_card":"summary_large_image","twitter_misc":{"Temps estimat de lectura":"1 minut"},"schema":{"@context":"https:\/\/schema.org","@graph":[{"@type":"WebPage","@id":"https:\/\/cantir.art\/producto\/no-para-ser-feliz\/","url":"https:\/\/cantir.art\/producto\/no-para-ser-feliz\/","name":"No para ser feliz - C\u00e0ntir","isPartOf":{"@id":"https:\/\/cantir.art\/#website"},"primaryImageOfPage":{"@id":"https:\/\/cantir.art\/producto\/no-para-ser-feliz\/#primaryimage"},"image":{"@id":"https:\/\/cantir.art\/producto\/no-para-ser-feliz\/#primaryimage"},"thumbnailUrl":"https:\/\/i0.wp.com\/cantir.art\/wp-content\/uploads\/2025\/09\/NO-PARA-SER-FELIZ-A-scaled-2.jpg?fit=1922%2C2560&ssl=1","datePublished":"2025-01-17T11:58:44+00:00","dateModified":"2025-09-26T15:58:44+00:00","breadcrumb":{"@id":"https:\/\/cantir.art\/producto\/no-para-ser-feliz\/#breadcrumb"},"inLanguage":"ca","potentialAction":[{"@type":"ReadAction","target":["https:\/\/cantir.art\/producto\/no-para-ser-feliz\/"]}]},{"@type":"ImageObject","inLanguage":"ca","@id":"https:\/\/cantir.art\/producto\/no-para-ser-feliz\/#primaryimage","url":"https:\/\/i0.wp.com\/cantir.art\/wp-content\/uploads\/2025\/09\/NO-PARA-SER-FELIZ-A-scaled-2.jpg?fit=1922%2C2560&ssl=1","contentUrl":"https:\/\/i0.wp.com\/cantir.art\/wp-content\/uploads\/2025\/09\/NO-PARA-SER-FELIZ-A-scaled-2.jpg?fit=1922%2C2560&ssl=1","width":1922,"height":2560},{"@type":"BreadcrumbList","@id":"https:\/\/cantir.art\/producto\/no-para-ser-feliz\/#breadcrumb","itemListElement":[{"@type":"ListItem","position":1,"name":"Portada","item":"https:\/\/cantir.art\/"},{"@type":"ListItem","position":2,"name":"NEW Tienda","item":"https:\/\/cantir.art\/en\/new-tienda\/"},{"@type":"ListItem","position":3,"name":"No para ser feliz"}]},{"@type":"WebSite","@id":"https:\/\/cantir.art\/#website","url":"https:\/\/cantir.art\/","name":"C\u00e0ntir","description":"Simbolisme budista i est\u00e8tica mediterr\u00e0nia en objectes que connecten pr\u00e0ctica i quotidianitat","publisher":{"@id":"https:\/\/cantir.art\/#organization"},"potentialAction":[{"@type":"SearchAction","target":{"@type":"EntryPoint","urlTemplate":"https:\/\/cantir.art\/?s={search_term_string}"},"query-input":{"@type":"PropertyValueSpecification","valueRequired":true,"valueName":"search_term_string"}}],"inLanguage":"ca"},{"@type":"Organization","@id":"https:\/\/cantir.art\/#organization","name":"C\u00e0ntir","url":"https:\/\/cantir.art\/","logo":{"@type":"ImageObject","inLanguage":"ca","@id":"https:\/\/cantir.art\/#\/schema\/logo\/image\/","url":"https:\/\/i0.wp.com\/cantir.art\/wp-content\/uploads\/2025\/01\/cantir-10.png?fit=2551%2C1060&ssl=1","contentUrl":"https:\/\/i0.wp.com\/cantir.art\/wp-content\/uploads\/2025\/01\/cantir-10.png?fit=2551%2C1060&ssl=1","width":2551,"height":1060,"caption":"C\u00e0ntir"},"image":{"@id":"https:\/\/cantir.art\/#\/schema\/logo\/image\/"}}]}},"jetpack_sharing_enabled":true,"_links":{"self":[{"href":"https:\/\/cantir.art\/ca\/wp-json\/wp\/v2\/product\/3752","targetHints":{"allow":["GET"]}}],"collection":[{"href":"https:\/\/cantir.art\/ca\/wp-json\/wp\/v2\/product"}],"about":[{"href":"https:\/\/cantir.art\/ca\/wp-json\/wp\/v2\/types\/product"}],"replies":[{"embeddable":true,"href":"https:\/\/cantir.art\/ca\/wp-json\/wp\/v2\/comments?post=3752"}],"version-history":[{"count":14,"href":"https:\/\/cantir.art\/ca\/wp-json\/wp\/v2\/product\/3752\/revisions"}],"predecessor-version":[{"id":6336,"href":"https:\/\/cantir.art\/ca\/wp-json\/wp\/v2\/product\/3752\/revisions\/6336"}],"wp:featuredmedia":[{"embeddable":true,"href":"https:\/\/cantir.art\/ca\/wp-json\/wp\/v2\/media\/6335"}],"wp:attachment":[{"href":"https:\/\/cantir.art\/ca\/wp-json\/wp\/v2\/media?parent=3752"}],"wp:term":[{"taxonomy":"product_brand","embeddable":true,"href":"https:\/\/cantir.art\/ca\/wp-json\/wp\/v2\/product_brand?post=3752"},{"taxonomy":"product_cat","embeddable":true,"href":"https:\/\/cantir.art\/ca\/wp-json\/wp\/v2\/product_cat?post=3752"},{"taxonomy":"product_tag","embeddable":true,"href":"https:\/\/cantir.art\/ca\/wp-json\/wp\/v2\/product_tag?post=3752"}],"curies":[{"name":"wp","href":"https:\/\/api.w.org\/{rel}","templated":true}]}}