{"id":3756,"date":"2025-01-17T16:10:32","date_gmt":"2025-01-17T15:10:32","guid":{"rendered":"https:\/\/cantir.art\/?post_type=product&#038;p=3756"},"modified":"2025-09-26T17:56:18","modified_gmt":"2025-09-26T15:56:18","slug":"vivir-es-morir","status":"publish","type":"product","link":"https:\/\/cantir.art\/ca\/producte\/vivir-es-morir\/","title":{"rendered":"Viure \u00e9s morir"},"content":{"rendered":"<div data-elementor-type=\"wp-post\" data-elementor-id=\"3756\" class=\"elementor elementor-3756\">\n\t\t\t\t<div class=\"elementor-element elementor-element-52048079 e-flex e-con-boxed e-con e-parent\" data-id=\"52048079\" data-element_type=\"container\">\n\t\t\t\t\t<div class=\"e-con-inner\">\n\t\t\t\t<div class=\"elementor-element elementor-element-14ef9cb8 elementor-widget elementor-widget-text-editor\" data-id=\"14ef9cb8\" data-element_type=\"widget\" data-widget_type=\"text-editor.default\">\n\t\t\t\t<div class=\"elementor-widget-container\">\n\t\t\t\t\t\t\t\t\t<p>Dzongsar Jamyang Khyentse Rinpoche es un maestro budista contempor\u00e1neo, cineasta y escritor, conocido por su enfoque innovador y profundo en la transmisi\u00f3n del Dharma. Nacido en But\u00e1n en 1961, es un reconocido representante de la tradici\u00f3n Rim\u00e9, un movimiento no sectario dentro del budismo tibetano. Disc\u00edpulo de grandes maestros como Dilgo Khyentse Rinpoche y Sakya Trizin, Rinpoche equilibra el respeto por las tradiciones con una visi\u00f3n moderna, haciendo que las ense\u00f1anzas sean accesibles a una audiencia global.<\/p>\n<p>Adem\u00e1s de su labor espiritual, es un cineasta destacado, con pel\u00edculas que exploran temas de identidad, espiritualidad y compasi\u00f3n. Tambi\u00e9n ha fundado proyectos como Siddhartha&#8217;s Intent y Khyentse Foundation, que promueven la educaci\u00f3n y preservaci\u00f3n del budismo. Con su carisma y creatividad, Dzongsar Khyentse inspira a practicantes a cuestionar sus suposiciones y comprometerse con una pr\u00e1ctica aut\u00e9ntica y transformadora.<\/p>\t\t\t\t\t\t\t\t<\/div>\n\t\t\t\t<\/div>\n\t\t\t\t\t<\/div>\n\t\t\t\t<\/div>\n\t\t\t\t<\/div>","protected":false},"excerpt":{"rendered":"<p><span style=\"font-weight: 400;\">Vivir es morir es una obra magistral que transforma nuestra comprensi\u00f3n de la vida y la muerte. Con su caracter\u00edstico estilo directo y humor penetrante, Dzongsar Jamyang Khyentse Rinpoche nos enfrenta a una verdad inevitable: la muerte nos alcanzar\u00e1 a todos, sin importar nuestros logros o posici\u00f3n. En lugar de evitar esta realidad, el autor nos invita a prepararnos conscientemente, ofreciendo una gu\u00eda pr\u00e1ctica y detallada sobre el proceso de la muerte y los bardos. A trav\u00e9s de consejos claros que integran la sabidur\u00eda tibetana con referencias contempor\u00e1neas, esta obra nos muestra c\u00f3mo acompa\u00f1ar a los moribundos y prepararnos para nuestra propia muerte, revelando que comprender la muerte es la clave para vivir una vida m\u00e1s plena y significativa.<\/span><\/p>","protected":false},"featured_media":6338,"comment_status":"open","ping_status":"closed","template":"elementor_theme","meta":[],"product_brand":[],"product_cat":[164,161],"product_tag":[221,208,220],"class_list":{"0":"post-3756","1":"product","2":"type-product","3":"status-publish","4":"has-post-thumbnail","6":"product_cat-ediciones-virupa","7":"product_cat-libros","8":"product_tag-budismo-mediterraneo","9":"product_tag-budismo-y-muerte","10":"product_tag-dzongsar-jamyang-khyentse","12":"first","13":"instock","14":"taxable","15":"shipping-taxable","16":"purchasable","17":"product-type-simple"},"supplier_id":null,"supplier_sku":"","barcode":null,"atum_controlled":true,"out_stock_date":null,"out_stock_threshold":null,"inheritable":false,"inbound_stock":null,"stock_on_hold":0,"sold_today":0,"sales_last_days":1,"reserved_stock":null,"customer_returns":null,"warehouse_damage":null,"lost_in_post":null,"other_logs":null,"out_stock_days":0,"lost_sales":0,"has_location":false,"update_date":"2026-04-15T02:05:57","atum_locations":[],"atum_stock_status":"instock","restock_status":false,"low_stock_amount":"","sales_update_date":"2026-04-15T02:05:57","calc_backorders":null,"yoast_head":"<!-- This site is optimized with the Yoast SEO plugin v26.9 - https:\/\/yoast.com\/product\/yoast-seo-wordpress\/ -->\n<title>Vivir es morir - C\u00e0ntir<\/title>\n<meta name=\"robots\" content=\"index, follow, max-snippet:-1, max-image-preview:large, max-video-preview:-1\" \/>\n<link rel=\"canonical\" href=\"https:\/\/cantir.art\/ca\/producte\/vivir-es-morir\/\" \/>\n<meta property=\"og:locale\" content=\"ca_ES\" \/>\n<meta property=\"og:type\" content=\"article\" \/>\n<meta property=\"og:title\" content=\"Vivir es morir - C\u00e0ntir\" \/>\n<meta property=\"og:description\" content=\"Vivir es morir es una obra magistral que transforma nuestra comprensi\u00f3n de la vida y la muerte. Con su caracter\u00edstico estilo directo y humor penetrante, Dzongsar Jamyang Khyentse Rinpoche nos enfrenta a una verdad inevitable: la muerte nos alcanzar\u00e1 a todos, sin importar nuestros logros o posici\u00f3n. En lugar de evitar esta realidad, el autor nos invita a prepararnos conscientemente, ofreciendo una gu\u00eda pr\u00e1ctica y detallada sobre el proceso de la muerte y los bardos. A trav\u00e9s de consejos claros que integran la sabidur\u00eda tibetana con referencias contempor\u00e1neas, esta obra nos muestra c\u00f3mo acompa\u00f1ar a los moribundos y prepararnos para nuestra propia muerte, revelando que comprender la muerte es la clave para vivir una vida m\u00e1s plena y significativa.\" \/>\n<meta property=\"og:url\" content=\"https:\/\/cantir.art\/ca\/producte\/vivir-es-morir\/\" \/>\n<meta property=\"og:site_name\" content=\"C\u00e0ntir\" \/>\n<meta property=\"article:modified_time\" content=\"2025-09-26T15:56:18+00:00\" \/>\n<meta property=\"og:image\" content=\"https:\/\/cantir.art\/wp-content\/uploads\/2025\/09\/VIVIR-ES-MORIR-C-scaled-2.jpg\" \/>\n\t<meta property=\"og:image:width\" content=\"1922\" \/>\n\t<meta property=\"og:image:height\" content=\"2560\" \/>\n\t<meta property=\"og:image:type\" content=\"image\/jpeg\" \/>\n<meta name=\"twitter:card\" content=\"summary_large_image\" \/>\n<meta name=\"twitter:label1\" content=\"Temps estimat de lectura\" \/>\n\t<meta name=\"twitter:data1\" content=\"1 minut\" \/>\n<script type=\"application\/ld+json\" class=\"yoast-schema-graph\">{\"@context\":\"https:\/\/schema.org\",\"@graph\":[{\"@type\":\"WebPage\",\"@id\":\"https:\/\/cantir.art\/producto\/vivir-es-morir\/\",\"url\":\"https:\/\/cantir.art\/producto\/vivir-es-morir\/\",\"name\":\"Vivir es morir - C\u00e0ntir\",\"isPartOf\":{\"@id\":\"https:\/\/cantir.art\/#website\"},\"primaryImageOfPage\":{\"@id\":\"https:\/\/cantir.art\/producto\/vivir-es-morir\/#primaryimage\"},\"image\":{\"@id\":\"https:\/\/cantir.art\/producto\/vivir-es-morir\/#primaryimage\"},\"thumbnailUrl\":\"https:\/\/i0.wp.com\/cantir.art\/wp-content\/uploads\/2025\/09\/VIVIR-ES-MORIR-C-scaled-2.jpg?fit=1922%2C2560&ssl=1\",\"datePublished\":\"2025-01-17T15:10:32+00:00\",\"dateModified\":\"2025-09-26T15:56:18+00:00\",\"breadcrumb\":{\"@id\":\"https:\/\/cantir.art\/producto\/vivir-es-morir\/#breadcrumb\"},\"inLanguage\":\"ca\",\"potentialAction\":[{\"@type\":\"ReadAction\",\"target\":[\"https:\/\/cantir.art\/producto\/vivir-es-morir\/\"]}]},{\"@type\":\"ImageObject\",\"inLanguage\":\"ca\",\"@id\":\"https:\/\/cantir.art\/producto\/vivir-es-morir\/#primaryimage\",\"url\":\"https:\/\/i0.wp.com\/cantir.art\/wp-content\/uploads\/2025\/09\/VIVIR-ES-MORIR-C-scaled-2.jpg?fit=1922%2C2560&ssl=1\",\"contentUrl\":\"https:\/\/i0.wp.com\/cantir.art\/wp-content\/uploads\/2025\/09\/VIVIR-ES-MORIR-C-scaled-2.jpg?fit=1922%2C2560&ssl=1\",\"width\":1922,\"height\":2560},{\"@type\":\"BreadcrumbList\",\"@id\":\"https:\/\/cantir.art\/producto\/vivir-es-morir\/#breadcrumb\",\"itemListElement\":[{\"@type\":\"ListItem\",\"position\":1,\"name\":\"Portada\",\"item\":\"https:\/\/cantir.art\/\"},{\"@type\":\"ListItem\",\"position\":2,\"name\":\"NEW Tienda\",\"item\":\"https:\/\/cantir.art\/en\/new-tienda\/\"},{\"@type\":\"ListItem\",\"position\":3,\"name\":\"Vivir es morir\"}]},{\"@type\":\"WebSite\",\"@id\":\"https:\/\/cantir.art\/#website\",\"url\":\"https:\/\/cantir.art\/\",\"name\":\"C\u00e0ntir\",\"description\":\"Simbolismo budista y est\u00e9tica mediterr\u00e1nea en objetos que conectan pr\u00e1ctica y cotidianidad\",\"publisher\":{\"@id\":\"https:\/\/cantir.art\/#organization\"},\"potentialAction\":[{\"@type\":\"SearchAction\",\"target\":{\"@type\":\"EntryPoint\",\"urlTemplate\":\"https:\/\/cantir.art\/?s={search_term_string}\"},\"query-input\":{\"@type\":\"PropertyValueSpecification\",\"valueRequired\":true,\"valueName\":\"search_term_string\"}}],\"inLanguage\":\"ca\"},{\"@type\":\"Organization\",\"@id\":\"https:\/\/cantir.art\/#organization\",\"name\":\"C\u00e0ntir\",\"url\":\"https:\/\/cantir.art\/\",\"logo\":{\"@type\":\"ImageObject\",\"inLanguage\":\"ca\",\"@id\":\"https:\/\/cantir.art\/#\/schema\/logo\/image\/\",\"url\":\"https:\/\/i0.wp.com\/cantir.art\/wp-content\/uploads\/2025\/01\/cantir-10.png?fit=2551%2C1060&ssl=1\",\"contentUrl\":\"https:\/\/i0.wp.com\/cantir.art\/wp-content\/uploads\/2025\/01\/cantir-10.png?fit=2551%2C1060&ssl=1\",\"width\":2551,\"height\":1060,\"caption\":\"C\u00e0ntir\"},\"image\":{\"@id\":\"https:\/\/cantir.art\/#\/schema\/logo\/image\/\"}}]}<\/script>\n<!-- \/ Yoast SEO plugin. -->","yoast_head_json":{"title":"Vivir es morir - C\u00e0ntir","robots":{"index":"index","follow":"follow","max-snippet":"max-snippet:-1","max-image-preview":"max-image-preview:large","max-video-preview":"max-video-preview:-1"},"canonical":"https:\/\/cantir.art\/ca\/producte\/vivir-es-morir\/","og_locale":"ca_ES","og_type":"article","og_title":"Vivir es morir - C\u00e0ntir","og_description":"Vivir es morir es una obra magistral que transforma nuestra comprensi\u00f3n de la vida y la muerte. Con su caracter\u00edstico estilo directo y humor penetrante, Dzongsar Jamyang Khyentse Rinpoche nos enfrenta a una verdad inevitable: la muerte nos alcanzar\u00e1 a todos, sin importar nuestros logros o posici\u00f3n. En lugar de evitar esta realidad, el autor nos invita a prepararnos conscientemente, ofreciendo una gu\u00eda pr\u00e1ctica y detallada sobre el proceso de la muerte y los bardos. A trav\u00e9s de consejos claros que integran la sabidur\u00eda tibetana con referencias contempor\u00e1neas, esta obra nos muestra c\u00f3mo acompa\u00f1ar a los moribundos y prepararnos para nuestra propia muerte, revelando que comprender la muerte es la clave para vivir una vida m\u00e1s plena y significativa.","og_url":"https:\/\/cantir.art\/ca\/producte\/vivir-es-morir\/","og_site_name":"C\u00e0ntir","article_modified_time":"2025-09-26T15:56:18+00:00","og_image":[{"width":1922,"height":2560,"url":"https:\/\/cantir.art\/wp-content\/uploads\/2025\/09\/VIVIR-ES-MORIR-C-scaled-2.jpg","type":"image\/jpeg"}],"twitter_card":"summary_large_image","twitter_misc":{"Temps estimat de lectura":"1 minut"},"schema":{"@context":"https:\/\/schema.org","@graph":[{"@type":"WebPage","@id":"https:\/\/cantir.art\/producto\/vivir-es-morir\/","url":"https:\/\/cantir.art\/producto\/vivir-es-morir\/","name":"Vivir es morir - C\u00e0ntir","isPartOf":{"@id":"https:\/\/cantir.art\/#website"},"primaryImageOfPage":{"@id":"https:\/\/cantir.art\/producto\/vivir-es-morir\/#primaryimage"},"image":{"@id":"https:\/\/cantir.art\/producto\/vivir-es-morir\/#primaryimage"},"thumbnailUrl":"https:\/\/i0.wp.com\/cantir.art\/wp-content\/uploads\/2025\/09\/VIVIR-ES-MORIR-C-scaled-2.jpg?fit=1922%2C2560&ssl=1","datePublished":"2025-01-17T15:10:32+00:00","dateModified":"2025-09-26T15:56:18+00:00","breadcrumb":{"@id":"https:\/\/cantir.art\/producto\/vivir-es-morir\/#breadcrumb"},"inLanguage":"ca","potentialAction":[{"@type":"ReadAction","target":["https:\/\/cantir.art\/producto\/vivir-es-morir\/"]}]},{"@type":"ImageObject","inLanguage":"ca","@id":"https:\/\/cantir.art\/producto\/vivir-es-morir\/#primaryimage","url":"https:\/\/i0.wp.com\/cantir.art\/wp-content\/uploads\/2025\/09\/VIVIR-ES-MORIR-C-scaled-2.jpg?fit=1922%2C2560&ssl=1","contentUrl":"https:\/\/i0.wp.com\/cantir.art\/wp-content\/uploads\/2025\/09\/VIVIR-ES-MORIR-C-scaled-2.jpg?fit=1922%2C2560&ssl=1","width":1922,"height":2560},{"@type":"BreadcrumbList","@id":"https:\/\/cantir.art\/producto\/vivir-es-morir\/#breadcrumb","itemListElement":[{"@type":"ListItem","position":1,"name":"Portada","item":"https:\/\/cantir.art\/"},{"@type":"ListItem","position":2,"name":"NEW Tienda","item":"https:\/\/cantir.art\/en\/new-tienda\/"},{"@type":"ListItem","position":3,"name":"Vivir es morir"}]},{"@type":"WebSite","@id":"https:\/\/cantir.art\/#website","url":"https:\/\/cantir.art\/","name":"C\u00e0ntir","description":"Simbolisme budista i est\u00e8tica mediterr\u00e0nia en objectes que connecten pr\u00e0ctica i quotidianitat","publisher":{"@id":"https:\/\/cantir.art\/#organization"},"potentialAction":[{"@type":"SearchAction","target":{"@type":"EntryPoint","urlTemplate":"https:\/\/cantir.art\/?s={search_term_string}"},"query-input":{"@type":"PropertyValueSpecification","valueRequired":true,"valueName":"search_term_string"}}],"inLanguage":"ca"},{"@type":"Organization","@id":"https:\/\/cantir.art\/#organization","name":"C\u00e0ntir","url":"https:\/\/cantir.art\/","logo":{"@type":"ImageObject","inLanguage":"ca","@id":"https:\/\/cantir.art\/#\/schema\/logo\/image\/","url":"https:\/\/i0.wp.com\/cantir.art\/wp-content\/uploads\/2025\/01\/cantir-10.png?fit=2551%2C1060&ssl=1","contentUrl":"https:\/\/i0.wp.com\/cantir.art\/wp-content\/uploads\/2025\/01\/cantir-10.png?fit=2551%2C1060&ssl=1","width":2551,"height":1060,"caption":"C\u00e0ntir"},"image":{"@id":"https:\/\/cantir.art\/#\/schema\/logo\/image\/"}}]}},"jetpack_sharing_enabled":true,"_links":{"self":[{"href":"https:\/\/cantir.art\/ca\/wp-json\/wp\/v2\/product\/3756","targetHints":{"allow":["GET"]}}],"collection":[{"href":"https:\/\/cantir.art\/ca\/wp-json\/wp\/v2\/product"}],"about":[{"href":"https:\/\/cantir.art\/ca\/wp-json\/wp\/v2\/types\/product"}],"replies":[{"embeddable":true,"href":"https:\/\/cantir.art\/ca\/wp-json\/wp\/v2\/comments?post=3756"}],"version-history":[{"count":6,"href":"https:\/\/cantir.art\/ca\/wp-json\/wp\/v2\/product\/3756\/revisions"}],"predecessor-version":[{"id":4607,"href":"https:\/\/cantir.art\/ca\/wp-json\/wp\/v2\/product\/3756\/revisions\/4607"}],"wp:featuredmedia":[{"embeddable":true,"href":"https:\/\/cantir.art\/ca\/wp-json\/wp\/v2\/media\/6338"}],"wp:attachment":[{"href":"https:\/\/cantir.art\/ca\/wp-json\/wp\/v2\/media?parent=3756"}],"wp:term":[{"taxonomy":"product_brand","embeddable":true,"href":"https:\/\/cantir.art\/ca\/wp-json\/wp\/v2\/product_brand?post=3756"},{"taxonomy":"product_cat","embeddable":true,"href":"https:\/\/cantir.art\/ca\/wp-json\/wp\/v2\/product_cat?post=3756"},{"taxonomy":"product_tag","embeddable":true,"href":"https:\/\/cantir.art\/ca\/wp-json\/wp\/v2\/product_tag?post=3756"}],"curies":[{"name":"wp","href":"https:\/\/api.w.org\/{rel}","templated":true}]}}