{"id":3764,"date":"2025-01-17T16:18:04","date_gmt":"2025-01-17T15:18:04","guid":{"rendered":"https:\/\/cantir.art\/?post_type=product&#038;p=3764"},"modified":"2025-10-04T17:42:56","modified_gmt":"2025-10-04T15:42:56","slug":"estar-con-los-que-mueren","status":"publish","type":"product","link":"https:\/\/cantir.art\/ca\/producte\/estar-con-los-que-mueren\/","title":{"rendered":"Estar amb els que moren"},"content":{"rendered":"<div data-elementor-type=\"wp-post\" data-elementor-id=\"3764\" class=\"elementor elementor-3764\">\n\t\t\t\t<div class=\"elementor-element elementor-element-52048079 e-flex e-con-boxed e-con e-parent\" data-id=\"52048079\" data-element_type=\"container\">\n\t\t\t\t\t<div class=\"e-con-inner\">\n\t\t\t\t<div class=\"elementor-element elementor-element-14ef9cb8 elementor-widget elementor-widget-text-editor\" data-id=\"14ef9cb8\" data-element_type=\"widget\" data-widget_type=\"text-editor.default\">\n\t\t\t\t<div class=\"elementor-widget-container\">\n\t\t\t\t\t\t\t\t\t<p>Joan Halifax \u00e9s una renomeada antrop\u00f2loga, budista zen i activista social nord-americ\u00e0 nascuda el 1942. Com a fundadora de l'Institut Upaya Zen a Santa Fe, Nou M\u00e8xic, ha dedicat la seva vida a la intersecci\u00f3 entre el budisme, la mort i la cura compassiu. El seu treball pioner en l'acompanyament a moribunds ha influ\u00eft significativament en les cures pal\u00b7liatives modernes. A m\u00e9s de ser mestra zen, Halifax ha realitzat importants investigacions \/\/sobre xamanisme i\/\/ estats alterats de consci\u00e8ncia. Ha escrit diversos llibres influents i continua ensenyant sobre mindfulness, compassi\u00f3 i la import\u00e0ncia d'enfrontar-se a la mort amb dignitat. La seva tasca ha estat reconeguda internacionalment per combinar la saviesa contemplativa amb el servei social.<\/p>\t\t\t\t\t\t\t\t<\/div>\n\t\t\t\t<\/div>\n\t\t\t\t\t<\/div>\n\t\t\t\t<\/div>\n\t\t\t\t<\/div>","protected":false},"excerpt":{"rendered":"<p>L'enfocament budista sobre la mort pot ser de gran benefici per a tota mena de persones, siguin quins siguin els seus or\u00edgens o creences. Ho demostren quatre d\u00e8cades de treball de Joan Halifax amb les persones que moren i amb els seus cuidadors.<\/p>\n<p>&nbsp;<\/p>","protected":false},"featured_media":7240,"comment_status":"open","ping_status":"closed","template":"elementor_theme","meta":[],"product_brand":[],"product_cat":[267,161],"product_tag":[208,225],"class_list":{"0":"post-3764","1":"product","2":"type-product","3":"status-publish","4":"has-post-thumbnail","6":"product_cat-kairos","7":"product_cat-libros","8":"product_tag-budismo-y-muerte","9":"product_tag-joan-halifax","11":"first","12":"outofstock","13":"taxable","14":"shipping-taxable","15":"purchasable","16":"product-type-simple"},"supplier_id":null,"supplier_sku":"","barcode":null,"atum_controlled":true,"out_stock_date":null,"out_stock_threshold":null,"inheritable":false,"inbound_stock":null,"stock_on_hold":0,"sold_today":0,"sales_last_days":0,"reserved_stock":null,"customer_returns":null,"warehouse_damage":null,"lost_in_post":null,"other_logs":null,"out_stock_days":0,"lost_sales":0,"has_location":false,"update_date":"2026-04-14T02:05:41","atum_locations":[],"atum_stock_status":"outofstock","restock_status":false,"low_stock_amount":"","sales_update_date":"2026-04-14T02:05:41","calc_backorders":null,"yoast_head":"<!-- This site is optimized with the Yoast SEO plugin v26.9 - https:\/\/yoast.com\/product\/yoast-seo-wordpress\/ -->\n<title>Estar con los que mueren - C\u00e0ntir<\/title>\n<meta name=\"robots\" content=\"index, follow, max-snippet:-1, max-image-preview:large, max-video-preview:-1\" \/>\n<link rel=\"canonical\" href=\"https:\/\/cantir.art\/ca\/?product=estar-con-los-que-mueren\" \/>\n<meta property=\"og:locale\" content=\"ca_ES\" \/>\n<meta property=\"og:type\" content=\"article\" \/>\n<meta property=\"og:title\" content=\"Estar con los que mueren - C\u00e0ntir\" \/>\n<meta property=\"og:description\" content=\"El enfoque budista sobre la muerte puede ser de gran beneficio para todo tipo de personas, sean cuales sean sus or\u00edgenes o creencias. Lo demuestran cuatro d\u00e9cadas de trabajo de Joan Halifax con las personas que est\u00e1n muriendo y con sus cuidadores.  &nbsp;\" \/>\n<meta property=\"og:url\" content=\"https:\/\/cantir.art\/ca\/?product=estar-con-los-que-mueren\" \/>\n<meta property=\"og:site_name\" content=\"C\u00e0ntir\" \/>\n<meta property=\"article:modified_time\" content=\"2025-10-04T15:42:56+00:00\" \/>\n<meta property=\"og:image\" content=\"https:\/\/cantir.art\/wp-content\/uploads\/2025\/10\/ESTAR-CON-LOS-MUERTOS-A-scaled.jpg\" \/>\n\t<meta property=\"og:image:width\" content=\"1922\" \/>\n\t<meta property=\"og:image:height\" content=\"2560\" \/>\n\t<meta property=\"og:image:type\" content=\"image\/jpeg\" \/>\n<meta name=\"twitter:card\" content=\"summary_large_image\" \/>\n<meta name=\"twitter:label1\" content=\"Temps estimat de lectura\" \/>\n\t<meta name=\"twitter:data1\" content=\"1 minut\" \/>\n<script type=\"application\/ld+json\" class=\"yoast-schema-graph\">{\"@context\":\"https:\/\/schema.org\",\"@graph\":[{\"@type\":\"WebPage\",\"@id\":\"https:\/\/cantir.art\/?product=estar-con-los-que-mueren\",\"url\":\"https:\/\/cantir.art\/?product=estar-con-los-que-mueren\",\"name\":\"Estar con los que mueren - C\u00e0ntir\",\"isPartOf\":{\"@id\":\"https:\/\/cantir.art\/#website\"},\"primaryImageOfPage\":{\"@id\":\"https:\/\/cantir.art\/?product=estar-con-los-que-mueren#primaryimage\"},\"image\":{\"@id\":\"https:\/\/cantir.art\/?product=estar-con-los-que-mueren#primaryimage\"},\"thumbnailUrl\":\"https:\/\/i0.wp.com\/cantir.art\/wp-content\/uploads\/2025\/10\/ESTAR-CON-LOS-MUERTOS-A-scaled.jpg?fit=1922%2C2560&ssl=1\",\"datePublished\":\"2025-01-17T15:18:04+00:00\",\"dateModified\":\"2025-10-04T15:42:56+00:00\",\"breadcrumb\":{\"@id\":\"https:\/\/cantir.art\/?product=estar-con-los-que-mueren#breadcrumb\"},\"inLanguage\":\"ca\",\"potentialAction\":[{\"@type\":\"ReadAction\",\"target\":[\"https:\/\/cantir.art\/?product=estar-con-los-que-mueren\"]}]},{\"@type\":\"ImageObject\",\"inLanguage\":\"ca\",\"@id\":\"https:\/\/cantir.art\/?product=estar-con-los-que-mueren#primaryimage\",\"url\":\"https:\/\/i0.wp.com\/cantir.art\/wp-content\/uploads\/2025\/10\/ESTAR-CON-LOS-MUERTOS-A-scaled.jpg?fit=1922%2C2560&ssl=1\",\"contentUrl\":\"https:\/\/i0.wp.com\/cantir.art\/wp-content\/uploads\/2025\/10\/ESTAR-CON-LOS-MUERTOS-A-scaled.jpg?fit=1922%2C2560&ssl=1\",\"width\":1922,\"height\":2560},{\"@type\":\"BreadcrumbList\",\"@id\":\"https:\/\/cantir.art\/?product=estar-con-los-que-mueren#breadcrumb\",\"itemListElement\":[{\"@type\":\"ListItem\",\"position\":1,\"name\":\"Portada\",\"item\":\"https:\/\/cantir.art\/\"},{\"@type\":\"ListItem\",\"position\":2,\"name\":\"NEW Tienda\",\"item\":\"https:\/\/cantir.art\/en\/new-tienda\/\"},{\"@type\":\"ListItem\",\"position\":3,\"name\":\"Estar con los que mueren\"}]},{\"@type\":\"WebSite\",\"@id\":\"https:\/\/cantir.art\/#website\",\"url\":\"https:\/\/cantir.art\/\",\"name\":\"C\u00e0ntir\",\"description\":\"Simbolismo budista y est\u00e9tica mediterr\u00e1nea en objetos que conectan pr\u00e1ctica y cotidianidad\",\"publisher\":{\"@id\":\"https:\/\/cantir.art\/#organization\"},\"potentialAction\":[{\"@type\":\"SearchAction\",\"target\":{\"@type\":\"EntryPoint\",\"urlTemplate\":\"https:\/\/cantir.art\/?s={search_term_string}\"},\"query-input\":{\"@type\":\"PropertyValueSpecification\",\"valueRequired\":true,\"valueName\":\"search_term_string\"}}],\"inLanguage\":\"ca\"},{\"@type\":\"Organization\",\"@id\":\"https:\/\/cantir.art\/#organization\",\"name\":\"C\u00e0ntir\",\"url\":\"https:\/\/cantir.art\/\",\"logo\":{\"@type\":\"ImageObject\",\"inLanguage\":\"ca\",\"@id\":\"https:\/\/cantir.art\/#\/schema\/logo\/image\/\",\"url\":\"https:\/\/i0.wp.com\/cantir.art\/wp-content\/uploads\/2025\/01\/cantir-10.png?fit=2551%2C1060&ssl=1\",\"contentUrl\":\"https:\/\/i0.wp.com\/cantir.art\/wp-content\/uploads\/2025\/01\/cantir-10.png?fit=2551%2C1060&ssl=1\",\"width\":2551,\"height\":1060,\"caption\":\"C\u00e0ntir\"},\"image\":{\"@id\":\"https:\/\/cantir.art\/#\/schema\/logo\/image\/\"}}]}<\/script>\n<!-- \/ Yoast SEO plugin. -->","yoast_head_json":{"title":"Estar con los que mueren - C\u00e0ntir","robots":{"index":"index","follow":"follow","max-snippet":"max-snippet:-1","max-image-preview":"max-image-preview:large","max-video-preview":"max-video-preview:-1"},"canonical":"https:\/\/cantir.art\/ca\/?product=estar-con-los-que-mueren","og_locale":"ca_ES","og_type":"article","og_title":"Estar con los que mueren - C\u00e0ntir","og_description":"El enfoque budista sobre la muerte puede ser de gran beneficio para todo tipo de personas, sean cuales sean sus or\u00edgenes o creencias. Lo demuestran cuatro d\u00e9cadas de trabajo de Joan Halifax con las personas que est\u00e1n muriendo y con sus cuidadores.  &nbsp;","og_url":"https:\/\/cantir.art\/ca\/?product=estar-con-los-que-mueren","og_site_name":"C\u00e0ntir","article_modified_time":"2025-10-04T15:42:56+00:00","og_image":[{"width":1922,"height":2560,"url":"https:\/\/cantir.art\/wp-content\/uploads\/2025\/10\/ESTAR-CON-LOS-MUERTOS-A-scaled.jpg","type":"image\/jpeg"}],"twitter_card":"summary_large_image","twitter_misc":{"Temps estimat de lectura":"1 minut"},"schema":{"@context":"https:\/\/schema.org","@graph":[{"@type":"WebPage","@id":"https:\/\/cantir.art\/?product=estar-con-los-que-mueren","url":"https:\/\/cantir.art\/?product=estar-con-los-que-mueren","name":"Estar con los que mueren - C\u00e0ntir","isPartOf":{"@id":"https:\/\/cantir.art\/#website"},"primaryImageOfPage":{"@id":"https:\/\/cantir.art\/?product=estar-con-los-que-mueren#primaryimage"},"image":{"@id":"https:\/\/cantir.art\/?product=estar-con-los-que-mueren#primaryimage"},"thumbnailUrl":"https:\/\/i0.wp.com\/cantir.art\/wp-content\/uploads\/2025\/10\/ESTAR-CON-LOS-MUERTOS-A-scaled.jpg?fit=1922%2C2560&ssl=1","datePublished":"2025-01-17T15:18:04+00:00","dateModified":"2025-10-04T15:42:56+00:00","breadcrumb":{"@id":"https:\/\/cantir.art\/?product=estar-con-los-que-mueren#breadcrumb"},"inLanguage":"ca","potentialAction":[{"@type":"ReadAction","target":["https:\/\/cantir.art\/?product=estar-con-los-que-mueren"]}]},{"@type":"ImageObject","inLanguage":"ca","@id":"https:\/\/cantir.art\/?product=estar-con-los-que-mueren#primaryimage","url":"https:\/\/i0.wp.com\/cantir.art\/wp-content\/uploads\/2025\/10\/ESTAR-CON-LOS-MUERTOS-A-scaled.jpg?fit=1922%2C2560&ssl=1","contentUrl":"https:\/\/i0.wp.com\/cantir.art\/wp-content\/uploads\/2025\/10\/ESTAR-CON-LOS-MUERTOS-A-scaled.jpg?fit=1922%2C2560&ssl=1","width":1922,"height":2560},{"@type":"BreadcrumbList","@id":"https:\/\/cantir.art\/?product=estar-con-los-que-mueren#breadcrumb","itemListElement":[{"@type":"ListItem","position":1,"name":"Portada","item":"https:\/\/cantir.art\/"},{"@type":"ListItem","position":2,"name":"NEW Tienda","item":"https:\/\/cantir.art\/en\/new-tienda\/"},{"@type":"ListItem","position":3,"name":"Estar con los que mueren"}]},{"@type":"WebSite","@id":"https:\/\/cantir.art\/#website","url":"https:\/\/cantir.art\/","name":"C\u00e0ntir","description":"Simbolisme budista i est\u00e8tica mediterr\u00e0nia en objectes que connecten pr\u00e0ctica i quotidianitat","publisher":{"@id":"https:\/\/cantir.art\/#organization"},"potentialAction":[{"@type":"SearchAction","target":{"@type":"EntryPoint","urlTemplate":"https:\/\/cantir.art\/?s={search_term_string}"},"query-input":{"@type":"PropertyValueSpecification","valueRequired":true,"valueName":"search_term_string"}}],"inLanguage":"ca"},{"@type":"Organization","@id":"https:\/\/cantir.art\/#organization","name":"C\u00e0ntir","url":"https:\/\/cantir.art\/","logo":{"@type":"ImageObject","inLanguage":"ca","@id":"https:\/\/cantir.art\/#\/schema\/logo\/image\/","url":"https:\/\/i0.wp.com\/cantir.art\/wp-content\/uploads\/2025\/01\/cantir-10.png?fit=2551%2C1060&ssl=1","contentUrl":"https:\/\/i0.wp.com\/cantir.art\/wp-content\/uploads\/2025\/01\/cantir-10.png?fit=2551%2C1060&ssl=1","width":2551,"height":1060,"caption":"C\u00e0ntir"},"image":{"@id":"https:\/\/cantir.art\/#\/schema\/logo\/image\/"}}]}},"jetpack_sharing_enabled":true,"_links":{"self":[{"href":"https:\/\/cantir.art\/ca\/wp-json\/wp\/v2\/product\/3764","targetHints":{"allow":["GET"]}}],"collection":[{"href":"https:\/\/cantir.art\/ca\/wp-json\/wp\/v2\/product"}],"about":[{"href":"https:\/\/cantir.art\/ca\/wp-json\/wp\/v2\/types\/product"}],"replies":[{"embeddable":true,"href":"https:\/\/cantir.art\/ca\/wp-json\/wp\/v2\/comments?post=3764"}],"version-history":[{"count":10,"href":"https:\/\/cantir.art\/ca\/wp-json\/wp\/v2\/product\/3764\/revisions"}],"predecessor-version":[{"id":7242,"href":"https:\/\/cantir.art\/ca\/wp-json\/wp\/v2\/product\/3764\/revisions\/7242"}],"wp:featuredmedia":[{"embeddable":true,"href":"https:\/\/cantir.art\/ca\/wp-json\/wp\/v2\/media\/7240"}],"wp:attachment":[{"href":"https:\/\/cantir.art\/ca\/wp-json\/wp\/v2\/media?parent=3764"}],"wp:term":[{"taxonomy":"product_brand","embeddable":true,"href":"https:\/\/cantir.art\/ca\/wp-json\/wp\/v2\/product_brand?post=3764"},{"taxonomy":"product_cat","embeddable":true,"href":"https:\/\/cantir.art\/ca\/wp-json\/wp\/v2\/product_cat?post=3764"},{"taxonomy":"product_tag","embeddable":true,"href":"https:\/\/cantir.art\/ca\/wp-json\/wp\/v2\/product_tag?post=3764"}],"curies":[{"name":"wp","href":"https:\/\/api.w.org\/{rel}","templated":true}]}}