{"id":3781,"date":"2025-01-17T16:30:16","date_gmt":"2025-01-17T15:30:16","guid":{"rendered":"https:\/\/cantir.art\/?post_type=product&#038;p=3781"},"modified":"2025-09-26T17:58:56","modified_gmt":"2025-09-26T15:58:56","slug":"en-defensa-de-los-animales","status":"publish","type":"product","link":"https:\/\/cantir.art\/ca\/producte\/en-defensa-de-los-animales\/","title":{"rendered":"En defensa dels animals"},"content":{"rendered":"<div data-elementor-type=\"wp-post\" data-elementor-id=\"3781\" class=\"elementor elementor-3781\">\n\t\t\t\t<div class=\"elementor-element elementor-element-52048079 e-flex e-con-boxed e-con e-parent\" data-id=\"52048079\" data-element_type=\"container\">\n\t\t\t\t\t<div class=\"e-con-inner\">\n\t\t\t\t<div class=\"elementor-element elementor-element-14ef9cb8 elementor-widget elementor-widget-text-editor\" data-id=\"14ef9cb8\" data-element_type=\"widget\" data-widget_type=\"text-editor.default\">\n\t\t\t\t<div class=\"elementor-widget-container\">\n\t\t\t\t\t\t\t\t\t<p>Mathieu Ricard \u00e9s un monjo budista, autor i fot\u00f2graf franc\u00e8s reconegut per la seva capacitat per integrar ci\u00e8ncia i espiritualitat. Abans de la seva vida mon\u00e0stica, va obtenir un doctorat en gen\u00e8tica molecular a l'Institut Pasteur, per\u00f2 va deixar la seva carrera cient\u00edfica per estudiar sota la guia de mestres tibetans, incloent-hi Dilgo Khyentse Rinpoche.<\/p><p>Ricard \u00e9s autor de llibres influents com <em>En defensa de la felicidad<\/em> i <em>El arte de la meditaci\u00f3n<\/em>, en qu\u00e8 explora com cultivar estats mentals positius i compassi\u00f3. Tamb\u00e9 \u00e9s un pont entre Orient i Occident, participant en di\u00e0legs sobre ci\u00e8ncia i budisme, com a part del Mind and Life Institute.<\/p><p>Conegut com \u00abl'home m\u00e9s feli\u00e7 del m\u00f3n\u00bb segons estudis de neuroci\u00e8ncia, Mathieu Ricard dedica la seva vida a la meditaci\u00f3, l'escriptura i els projectes humanitaris a trav\u00e9s de Karuna-Shechen, la seva fundaci\u00f3 per millorar la vida de comunitats desafavorides a \u00c0sia.<\/p>\t\t\t\t\t\t\t\t<\/div>\n\t\t\t\t<\/div>\n\t\t\t\t\t<\/div>\n\t\t\t\t<\/div>\n\t\t\t\t<\/div>","protected":false},"excerpt":{"rendered":"<p><span style=\"font-weight: 400;\">Una obra fonamental que redefineix la nostra relaci\u00f3 amb els animals mitjan\u00e7ant una s\u00edntesi magistral d'\u00e8tica budista, evid\u00e8ncia cient\u00edfica i argumentaci\u00f3 filos\u00f2fica. El llibre examina q\u00fcestions cr\u00edtiques com la consci\u00e8ncia animal, el patiment a la ind\u00fastria aliment\u00e0ria i la interconnexi\u00f3 de totes les formes de vida. Amb una combinaci\u00f3 \u00fanica de rigor intel\u00b7lectual i compassi\u00f3 pr\u00e0ctica, Ricard desafia les nostres pressuposicions sobre els animals mentre ofereix solucions pr\u00e0ctiques per crear un m\u00f3n m\u00e9s \u00e8tic.<\/span><\/p>","protected":false},"featured_media":6341,"comment_status":"open","ping_status":"closed","template":"elementor_theme","meta":[],"product_brand":[],"product_cat":[267,161],"product_tag":[261,262,233,263,234],"class_list":{"0":"post-3781","1":"product","2":"type-product","3":"status-publish","4":"has-post-thumbnail","6":"product_cat-kairos","7":"product_cat-libros","8":"product_tag-etica-budista","9":"product_tag-industria-alimentaria","10":"product_tag-matthieu-ricard","11":"product_tag-sostenibilidad","12":"product_tag-veganismo","14":"first","15":"instock","16":"taxable","17":"shipping-taxable","18":"purchasable","19":"product-type-simple"},"supplier_id":null,"supplier_sku":"","barcode":null,"atum_controlled":true,"out_stock_date":null,"out_stock_threshold":null,"inheritable":false,"inbound_stock":null,"stock_on_hold":0,"sold_today":0,"sales_last_days":0,"reserved_stock":null,"customer_returns":null,"warehouse_damage":null,"lost_in_post":null,"other_logs":null,"out_stock_days":0,"lost_sales":0,"has_location":false,"update_date":"2026-04-15T02:05:55","atum_locations":[],"atum_stock_status":"instock","restock_status":false,"low_stock_amount":"","sales_update_date":"2026-04-15T02:05:55","calc_backorders":null,"yoast_head":"<!-- This site is optimized with the Yoast SEO plugin v26.9 - https:\/\/yoast.com\/product\/yoast-seo-wordpress\/ -->\n<title>En defensa de los animales - C\u00e0ntir<\/title>\n<meta name=\"robots\" content=\"index, follow, max-snippet:-1, max-image-preview:large, max-video-preview:-1\" \/>\n<link rel=\"canonical\" href=\"https:\/\/cantir.art\/ca\/producte\/en-defensa-de-los-animales\/\" \/>\n<meta property=\"og:locale\" content=\"ca_ES\" \/>\n<meta property=\"og:type\" content=\"article\" \/>\n<meta property=\"og:title\" content=\"En defensa de los animales - C\u00e0ntir\" \/>\n<meta property=\"og:description\" content=\"Una obra fundamental que redefine nuestra relaci\u00f3n con los animales a trav\u00e9s de una s\u00edntesis magistral de \u00e9tica budista, evidencia cient\u00edfica y argumentaci\u00f3n filos\u00f3fica. El libro examina cuestiones cr\u00edticas como la consciencia animal, el sufrimiento en la industria alimentaria y la interconexi\u00f3n de todas las formas de vida. Con una combinaci\u00f3n \u00fanica de rigor intelectual y compasi\u00f3n pr\u00e1ctica, Ricard desaf\u00eda nuestras presuposiciones sobre los animales mientras ofrece soluciones pr\u00e1cticas para crear un mundo m\u00e1s \u00e9tico.\" \/>\n<meta property=\"og:url\" content=\"https:\/\/cantir.art\/ca\/producte\/en-defensa-de-los-animales\/\" \/>\n<meta property=\"og:site_name\" content=\"C\u00e0ntir\" \/>\n<meta property=\"article:modified_time\" content=\"2025-09-26T15:58:56+00:00\" \/>\n<meta property=\"og:image\" content=\"https:\/\/cantir.art\/wp-content\/uploads\/2025\/09\/EN-DEFENSA-DE-LOS-ANIMALES-A-scaled-2.jpg\" \/>\n\t<meta property=\"og:image:width\" content=\"1922\" \/>\n\t<meta property=\"og:image:height\" content=\"2560\" \/>\n\t<meta property=\"og:image:type\" content=\"image\/jpeg\" \/>\n<meta name=\"twitter:card\" content=\"summary_large_image\" \/>\n<meta name=\"twitter:label1\" content=\"Temps estimat de lectura\" \/>\n\t<meta name=\"twitter:data1\" content=\"1 minut\" \/>\n<script type=\"application\/ld+json\" class=\"yoast-schema-graph\">{\"@context\":\"https:\/\/schema.org\",\"@graph\":[{\"@type\":\"WebPage\",\"@id\":\"https:\/\/cantir.art\/producto\/en-defensa-de-los-animales\/\",\"url\":\"https:\/\/cantir.art\/producto\/en-defensa-de-los-animales\/\",\"name\":\"En defensa de los animales - C\u00e0ntir\",\"isPartOf\":{\"@id\":\"https:\/\/cantir.art\/#website\"},\"primaryImageOfPage\":{\"@id\":\"https:\/\/cantir.art\/producto\/en-defensa-de-los-animales\/#primaryimage\"},\"image\":{\"@id\":\"https:\/\/cantir.art\/producto\/en-defensa-de-los-animales\/#primaryimage\"},\"thumbnailUrl\":\"https:\/\/i0.wp.com\/cantir.art\/wp-content\/uploads\/2025\/09\/EN-DEFENSA-DE-LOS-ANIMALES-A-scaled-2.jpg?fit=1922%2C2560&ssl=1\",\"datePublished\":\"2025-01-17T15:30:16+00:00\",\"dateModified\":\"2025-09-26T15:58:56+00:00\",\"breadcrumb\":{\"@id\":\"https:\/\/cantir.art\/producto\/en-defensa-de-los-animales\/#breadcrumb\"},\"inLanguage\":\"ca\",\"potentialAction\":[{\"@type\":\"ReadAction\",\"target\":[\"https:\/\/cantir.art\/producto\/en-defensa-de-los-animales\/\"]}]},{\"@type\":\"ImageObject\",\"inLanguage\":\"ca\",\"@id\":\"https:\/\/cantir.art\/producto\/en-defensa-de-los-animales\/#primaryimage\",\"url\":\"https:\/\/i0.wp.com\/cantir.art\/wp-content\/uploads\/2025\/09\/EN-DEFENSA-DE-LOS-ANIMALES-A-scaled-2.jpg?fit=1922%2C2560&ssl=1\",\"contentUrl\":\"https:\/\/i0.wp.com\/cantir.art\/wp-content\/uploads\/2025\/09\/EN-DEFENSA-DE-LOS-ANIMALES-A-scaled-2.jpg?fit=1922%2C2560&ssl=1\",\"width\":1922,\"height\":2560},{\"@type\":\"BreadcrumbList\",\"@id\":\"https:\/\/cantir.art\/producto\/en-defensa-de-los-animales\/#breadcrumb\",\"itemListElement\":[{\"@type\":\"ListItem\",\"position\":1,\"name\":\"Portada\",\"item\":\"https:\/\/cantir.art\/\"},{\"@type\":\"ListItem\",\"position\":2,\"name\":\"NEW Tienda\",\"item\":\"https:\/\/cantir.art\/en\/new-tienda\/\"},{\"@type\":\"ListItem\",\"position\":3,\"name\":\"En defensa de los animales\"}]},{\"@type\":\"WebSite\",\"@id\":\"https:\/\/cantir.art\/#website\",\"url\":\"https:\/\/cantir.art\/\",\"name\":\"C\u00e0ntir\",\"description\":\"Simbolismo budista y est\u00e9tica mediterr\u00e1nea en objetos que conectan pr\u00e1ctica y cotidianidad\",\"publisher\":{\"@id\":\"https:\/\/cantir.art\/#organization\"},\"potentialAction\":[{\"@type\":\"SearchAction\",\"target\":{\"@type\":\"EntryPoint\",\"urlTemplate\":\"https:\/\/cantir.art\/?s={search_term_string}\"},\"query-input\":{\"@type\":\"PropertyValueSpecification\",\"valueRequired\":true,\"valueName\":\"search_term_string\"}}],\"inLanguage\":\"ca\"},{\"@type\":\"Organization\",\"@id\":\"https:\/\/cantir.art\/#organization\",\"name\":\"C\u00e0ntir\",\"url\":\"https:\/\/cantir.art\/\",\"logo\":{\"@type\":\"ImageObject\",\"inLanguage\":\"ca\",\"@id\":\"https:\/\/cantir.art\/#\/schema\/logo\/image\/\",\"url\":\"https:\/\/i0.wp.com\/cantir.art\/wp-content\/uploads\/2025\/01\/cantir-10.png?fit=2551%2C1060&ssl=1\",\"contentUrl\":\"https:\/\/i0.wp.com\/cantir.art\/wp-content\/uploads\/2025\/01\/cantir-10.png?fit=2551%2C1060&ssl=1\",\"width\":2551,\"height\":1060,\"caption\":\"C\u00e0ntir\"},\"image\":{\"@id\":\"https:\/\/cantir.art\/#\/schema\/logo\/image\/\"}}]}<\/script>\n<!-- \/ Yoast SEO plugin. -->","yoast_head_json":{"title":"En defensa de los animales - C\u00e0ntir","robots":{"index":"index","follow":"follow","max-snippet":"max-snippet:-1","max-image-preview":"max-image-preview:large","max-video-preview":"max-video-preview:-1"},"canonical":"https:\/\/cantir.art\/ca\/producte\/en-defensa-de-los-animales\/","og_locale":"ca_ES","og_type":"article","og_title":"En defensa de los animales - C\u00e0ntir","og_description":"Una obra fundamental que redefine nuestra relaci\u00f3n con los animales a trav\u00e9s de una s\u00edntesis magistral de \u00e9tica budista, evidencia cient\u00edfica y argumentaci\u00f3n filos\u00f3fica. El libro examina cuestiones cr\u00edticas como la consciencia animal, el sufrimiento en la industria alimentaria y la interconexi\u00f3n de todas las formas de vida. Con una combinaci\u00f3n \u00fanica de rigor intelectual y compasi\u00f3n pr\u00e1ctica, Ricard desaf\u00eda nuestras presuposiciones sobre los animales mientras ofrece soluciones pr\u00e1cticas para crear un mundo m\u00e1s \u00e9tico.","og_url":"https:\/\/cantir.art\/ca\/producte\/en-defensa-de-los-animales\/","og_site_name":"C\u00e0ntir","article_modified_time":"2025-09-26T15:58:56+00:00","og_image":[{"width":1922,"height":2560,"url":"https:\/\/cantir.art\/wp-content\/uploads\/2025\/09\/EN-DEFENSA-DE-LOS-ANIMALES-A-scaled-2.jpg","type":"image\/jpeg"}],"twitter_card":"summary_large_image","twitter_misc":{"Temps estimat de lectura":"1 minut"},"schema":{"@context":"https:\/\/schema.org","@graph":[{"@type":"WebPage","@id":"https:\/\/cantir.art\/producto\/en-defensa-de-los-animales\/","url":"https:\/\/cantir.art\/producto\/en-defensa-de-los-animales\/","name":"En defensa de los animales - C\u00e0ntir","isPartOf":{"@id":"https:\/\/cantir.art\/#website"},"primaryImageOfPage":{"@id":"https:\/\/cantir.art\/producto\/en-defensa-de-los-animales\/#primaryimage"},"image":{"@id":"https:\/\/cantir.art\/producto\/en-defensa-de-los-animales\/#primaryimage"},"thumbnailUrl":"https:\/\/i0.wp.com\/cantir.art\/wp-content\/uploads\/2025\/09\/EN-DEFENSA-DE-LOS-ANIMALES-A-scaled-2.jpg?fit=1922%2C2560&ssl=1","datePublished":"2025-01-17T15:30:16+00:00","dateModified":"2025-09-26T15:58:56+00:00","breadcrumb":{"@id":"https:\/\/cantir.art\/producto\/en-defensa-de-los-animales\/#breadcrumb"},"inLanguage":"ca","potentialAction":[{"@type":"ReadAction","target":["https:\/\/cantir.art\/producto\/en-defensa-de-los-animales\/"]}]},{"@type":"ImageObject","inLanguage":"ca","@id":"https:\/\/cantir.art\/producto\/en-defensa-de-los-animales\/#primaryimage","url":"https:\/\/i0.wp.com\/cantir.art\/wp-content\/uploads\/2025\/09\/EN-DEFENSA-DE-LOS-ANIMALES-A-scaled-2.jpg?fit=1922%2C2560&ssl=1","contentUrl":"https:\/\/i0.wp.com\/cantir.art\/wp-content\/uploads\/2025\/09\/EN-DEFENSA-DE-LOS-ANIMALES-A-scaled-2.jpg?fit=1922%2C2560&ssl=1","width":1922,"height":2560},{"@type":"BreadcrumbList","@id":"https:\/\/cantir.art\/producto\/en-defensa-de-los-animales\/#breadcrumb","itemListElement":[{"@type":"ListItem","position":1,"name":"Portada","item":"https:\/\/cantir.art\/"},{"@type":"ListItem","position":2,"name":"NEW Tienda","item":"https:\/\/cantir.art\/en\/new-tienda\/"},{"@type":"ListItem","position":3,"name":"En defensa de los animales"}]},{"@type":"WebSite","@id":"https:\/\/cantir.art\/#website","url":"https:\/\/cantir.art\/","name":"C\u00e0ntir","description":"Simbolisme budista i est\u00e8tica mediterr\u00e0nia en objectes que connecten pr\u00e0ctica i quotidianitat","publisher":{"@id":"https:\/\/cantir.art\/#organization"},"potentialAction":[{"@type":"SearchAction","target":{"@type":"EntryPoint","urlTemplate":"https:\/\/cantir.art\/?s={search_term_string}"},"query-input":{"@type":"PropertyValueSpecification","valueRequired":true,"valueName":"search_term_string"}}],"inLanguage":"ca"},{"@type":"Organization","@id":"https:\/\/cantir.art\/#organization","name":"C\u00e0ntir","url":"https:\/\/cantir.art\/","logo":{"@type":"ImageObject","inLanguage":"ca","@id":"https:\/\/cantir.art\/#\/schema\/logo\/image\/","url":"https:\/\/i0.wp.com\/cantir.art\/wp-content\/uploads\/2025\/01\/cantir-10.png?fit=2551%2C1060&ssl=1","contentUrl":"https:\/\/i0.wp.com\/cantir.art\/wp-content\/uploads\/2025\/01\/cantir-10.png?fit=2551%2C1060&ssl=1","width":2551,"height":1060,"caption":"C\u00e0ntir"},"image":{"@id":"https:\/\/cantir.art\/#\/schema\/logo\/image\/"}}]}},"jetpack_sharing_enabled":true,"_links":{"self":[{"href":"https:\/\/cantir.art\/ca\/wp-json\/wp\/v2\/product\/3781","targetHints":{"allow":["GET"]}}],"collection":[{"href":"https:\/\/cantir.art\/ca\/wp-json\/wp\/v2\/product"}],"about":[{"href":"https:\/\/cantir.art\/ca\/wp-json\/wp\/v2\/types\/product"}],"replies":[{"embeddable":true,"href":"https:\/\/cantir.art\/ca\/wp-json\/wp\/v2\/comments?post=3781"}],"version-history":[{"count":7,"href":"https:\/\/cantir.art\/ca\/wp-json\/wp\/v2\/product\/3781\/revisions"}],"predecessor-version":[{"id":5944,"href":"https:\/\/cantir.art\/ca\/wp-json\/wp\/v2\/product\/3781\/revisions\/5944"}],"wp:featuredmedia":[{"embeddable":true,"href":"https:\/\/cantir.art\/ca\/wp-json\/wp\/v2\/media\/6341"}],"wp:attachment":[{"href":"https:\/\/cantir.art\/ca\/wp-json\/wp\/v2\/media?parent=3781"}],"wp:term":[{"taxonomy":"product_brand","embeddable":true,"href":"https:\/\/cantir.art\/ca\/wp-json\/wp\/v2\/product_brand?post=3781"},{"taxonomy":"product_cat","embeddable":true,"href":"https:\/\/cantir.art\/ca\/wp-json\/wp\/v2\/product_cat?post=3781"},{"taxonomy":"product_tag","embeddable":true,"href":"https:\/\/cantir.art\/ca\/wp-json\/wp\/v2\/product_tag?post=3781"}],"curies":[{"name":"wp","href":"https:\/\/api.w.org\/{rel}","templated":true}]}}