{"id":3783,"date":"2025-01-17T16:31:37","date_gmt":"2025-01-17T15:31:37","guid":{"rendered":"https:\/\/cantir.art\/?post_type=product&#038;p=3783"},"modified":"2025-09-26T17:59:02","modified_gmt":"2025-09-26T15:59:02","slug":"cerebro-y-meditacion","status":"publish","type":"product","link":"https:\/\/cantir.art\/ca\/producte\/cerebro-y-meditacion\/","title":{"rendered":"Cervell i meditaci\u00f3"},"content":{"rendered":"<div data-elementor-type=\"wp-post\" data-elementor-id=\"3783\" class=\"elementor elementor-3783\">\n\t\t\t\t<div class=\"elementor-element elementor-element-52048079 e-flex e-con-boxed e-con e-parent\" data-id=\"52048079\" data-element_type=\"container\">\n\t\t\t\t\t<div class=\"e-con-inner\">\n\t\t\t\t<div class=\"elementor-element elementor-element-14ef9cb8 elementor-widget elementor-widget-text-editor\" data-id=\"14ef9cb8\" data-element_type=\"widget\" data-widget_type=\"text-editor.default\">\n\t\t\t\t<div class=\"elementor-widget-container\">\n\t\t\t\t\t\t\t\t\t<h4>Cerebro y meditaci\u00f3n: un di\u00e1logo entre ciencia y espiritualidad<\/h4><p>\u00abCerebro y meditaci\u00f3n\u00bb es una obra singular que fusiona el conocimiento cient\u00edfico con la sabidur\u00eda contemplativa. En este libro, Matthieu Ricard, monje budista, y Wolf Singer, neurocient\u00edfico pionero, establecen un di\u00e1logo enriquecedor sobre la conciencia humana, la mente y la meditaci\u00f3n. A lo largo de sus p\u00e1ginas, exploran c\u00f3mo la pr\u00e1ctica meditativa impacta el cerebro, analizando las transformaciones que puede generar a nivel neuronal. Con un enfoque basado en la investigaci\u00f3n y la experiencia, los autores cuestionan y profundizan en temas esenciales: \u00bfC\u00f3mo afecta la meditaci\u00f3n al funcionamiento del cerebro? \u00bfQu\u00e9 revela la neurociencia sobre la mente humana? \u00bfEs posible que la pr\u00e1ctica contemplativa modifique f\u00edsicamente nuestras conexiones neuronales? A trav\u00e9s de esta colaboraci\u00f3n, el libro ofrece una perspectiva innovadora sobre la intersecci\u00f3n entre la ciencia y la espiritualidad.<\/p><h4>Un di\u00e1logo entre la neurociencia y la meditaci\u00f3n<\/h4><p>Matthieu Ricard, monje budista y defensor del altruismo, y Wolf Singer, renombrado neurocient\u00edfico, se unieron en un fascinante di\u00e1logo sobre la relaci\u00f3n entre mente, conciencia y \u00e9tica, explorando los puentes entre la espiritualidad y la ciencia. Ambos colaboraron en el libro \u00abM\u00e1s all\u00e1 del yo: Di\u00e1logo entre un neurocient\u00edfico y un monje budista\u00bb, donde discuten c\u00f3mo la neurociencia y la pr\u00e1ctica contemplativa abordan temas como la percepci\u00f3n, la emoci\u00f3n y la naturaleza del yo.<\/p><p>Ricard aporta su experiencia en meditaci\u00f3n y conocimiento del budismo tibetano, enfatizando el poder de la mente para transformar la experiencia humana. Singer, por su parte, ofrece una perspectiva cient\u00edfica sobre los mecanismos neuronales que subyacen al comportamiento y la conciencia. Juntos, plantean una visi\u00f3n integradora que destaca c\u00f3mo la ciencia y la espiritualidad pueden colaborar para comprender mejor la mente humana y promover valores \u00e9ticos como la compasi\u00f3n y el altruismo.<\/p>\t\t\t\t\t\t\t\t<\/div>\n\t\t\t\t<\/div>\n\t\t\t\t\t<\/div>\n\t\t\t\t<\/div>\n\t\t\t\t<\/div>","protected":false},"excerpt":{"rendered":"<p><span style=\"font-weight: 400;\">Una obra \u00fanica que re\u00fane la sabidur\u00eda contemplativa y la investigaci\u00f3n cient\u00edfica de vanguardia. A trav\u00e9s de un di\u00e1logo apasionante, Matthieu Ricard, monje budista y Wolf Singer, neurocient\u00edfico pionero, exploran las fronteras de la consciencia humana. El libro aborda preguntas fundamentales: \u00bfC\u00f3mo funciona realmente la meditaci\u00f3n en el cerebro? \u00bfQu\u00e9 nos dice la neurociencia sobre la naturaleza de la mente? \u00bfPuede la pr\u00e1ctica contemplativa cambiar f\u00edsicamente nuestro cerebro? Los autores entretejen d\u00e9cadas de investigaci\u00f3n cient\u00edfica con la experiencia meditativa profunda, ofreciendo una visi\u00f3n revolucionaria de c\u00f3mo la ciencia y la contemplaci\u00f3n pueden trabajar juntas para mejorar nuestra comprensi\u00f3n de la consciencia.<\/span><\/p>","protected":false},"featured_media":6343,"comment_status":"open","ping_status":"closed","template":"elementor_theme","meta":[],"product_brand":[],"product_cat":[267,161],"product_tag":[264,233,236,235],"class_list":{"0":"post-3783","1":"product","2":"type-product","3":"status-publish","4":"has-post-thumbnail","6":"product_cat-kairos","7":"product_cat-libros","8":"product_tag-ciencia-y-budismo","9":"product_tag-matthieu-ricard","10":"product_tag-meditacion","11":"product_tag-wolf-singer","13":"first","14":"instock","15":"taxable","16":"shipping-taxable","17":"purchasable","18":"product-type-simple"},"supplier_id":null,"supplier_sku":"","barcode":null,"atum_controlled":true,"out_stock_date":null,"out_stock_threshold":null,"inheritable":false,"inbound_stock":null,"stock_on_hold":0,"sold_today":0,"sales_last_days":0,"reserved_stock":null,"customer_returns":null,"warehouse_damage":null,"lost_in_post":null,"other_logs":null,"out_stock_days":0,"lost_sales":0,"has_location":false,"update_date":"2026-04-15T02:05:55","atum_locations":[],"atum_stock_status":"instock","restock_status":false,"low_stock_amount":"","sales_update_date":"2026-04-15T02:05:55","calc_backorders":null,"yoast_head":"<!-- This site is optimized with the Yoast SEO plugin v26.9 - https:\/\/yoast.com\/product\/yoast-seo-wordpress\/ -->\n<title>Cerebro y meditaci\u00f3n de M.Ricard y W.Singer | C\u00c0NTIR \ud83d\udcff<\/title>\n<meta name=\"description\" content=\"Cerebro y meditaci\u00f3n, de Matthieu Ricard y Wolf Singer, un libro que une ciencia y budismo. Encuentra m\u00e1s libros sobre budismo en C\u00c0NTIR\" \/>\n<meta name=\"robots\" content=\"index, follow, max-snippet:-1, max-image-preview:large, max-video-preview:-1\" \/>\n<link rel=\"canonical\" href=\"https:\/\/cantir.art\/ca\/producte\/cerebro-y-meditacion\/\" \/>\n<meta property=\"og:locale\" content=\"ca_ES\" \/>\n<meta property=\"og:type\" content=\"article\" \/>\n<meta property=\"og:title\" content=\"Cerebro y meditaci\u00f3n de M.Ricard y W.Singer | C\u00c0NTIR \ud83d\udcff\" \/>\n<meta property=\"og:description\" content=\"Cerebro y meditaci\u00f3n, de Matthieu Ricard y Wolf Singer, un libro que une ciencia y budismo. Encuentra m\u00e1s libros sobre budismo en C\u00c0NTIR\" \/>\n<meta property=\"og:url\" content=\"https:\/\/cantir.art\/ca\/producte\/cerebro-y-meditacion\/\" \/>\n<meta property=\"og:site_name\" content=\"C\u00e0ntir\" \/>\n<meta property=\"article:modified_time\" content=\"2025-09-26T15:59:02+00:00\" \/>\n<meta property=\"og:image\" content=\"https:\/\/cantir.art\/wp-content\/uploads\/2025\/09\/CEREBRO-Y-MEDITACION-A-scaled-2.jpg\" \/>\n\t<meta property=\"og:image:width\" content=\"1922\" \/>\n\t<meta property=\"og:image:height\" content=\"2560\" \/>\n\t<meta property=\"og:image:type\" content=\"image\/jpeg\" \/>\n<meta name=\"twitter:card\" content=\"summary_large_image\" \/>\n<meta name=\"twitter:label1\" content=\"Temps estimat de lectura\" \/>\n\t<meta name=\"twitter:data1\" content=\"2 minuts\" \/>\n<script type=\"application\/ld+json\" class=\"yoast-schema-graph\">{\"@context\":\"https:\/\/schema.org\",\"@graph\":[{\"@type\":\"WebPage\",\"@id\":\"https:\/\/cantir.art\/producto\/cerebro-y-meditacion\/\",\"url\":\"https:\/\/cantir.art\/producto\/cerebro-y-meditacion\/\",\"name\":\"Cerebro y meditaci\u00f3n de M.Ricard y W.Singer | C\u00c0NTIR \ud83d\udcff\",\"isPartOf\":{\"@id\":\"https:\/\/cantir.art\/#website\"},\"primaryImageOfPage\":{\"@id\":\"https:\/\/cantir.art\/producto\/cerebro-y-meditacion\/#primaryimage\"},\"image\":{\"@id\":\"https:\/\/cantir.art\/producto\/cerebro-y-meditacion\/#primaryimage\"},\"thumbnailUrl\":\"https:\/\/i0.wp.com\/cantir.art\/wp-content\/uploads\/2025\/09\/CEREBRO-Y-MEDITACION-A-scaled-2.jpg?fit=1922%2C2560&ssl=1\",\"datePublished\":\"2025-01-17T15:31:37+00:00\",\"dateModified\":\"2025-09-26T15:59:02+00:00\",\"description\":\"Cerebro y meditaci\u00f3n, de Matthieu Ricard y Wolf Singer, un libro que une ciencia y budismo. Encuentra m\u00e1s libros sobre budismo en C\u00c0NTIR\",\"breadcrumb\":{\"@id\":\"https:\/\/cantir.art\/producto\/cerebro-y-meditacion\/#breadcrumb\"},\"inLanguage\":\"ca\",\"potentialAction\":[{\"@type\":\"ReadAction\",\"target\":[\"https:\/\/cantir.art\/producto\/cerebro-y-meditacion\/\"]}]},{\"@type\":\"ImageObject\",\"inLanguage\":\"ca\",\"@id\":\"https:\/\/cantir.art\/producto\/cerebro-y-meditacion\/#primaryimage\",\"url\":\"https:\/\/i0.wp.com\/cantir.art\/wp-content\/uploads\/2025\/09\/CEREBRO-Y-MEDITACION-A-scaled-2.jpg?fit=1922%2C2560&ssl=1\",\"contentUrl\":\"https:\/\/i0.wp.com\/cantir.art\/wp-content\/uploads\/2025\/09\/CEREBRO-Y-MEDITACION-A-scaled-2.jpg?fit=1922%2C2560&ssl=1\",\"width\":1922,\"height\":2560},{\"@type\":\"BreadcrumbList\",\"@id\":\"https:\/\/cantir.art\/producto\/cerebro-y-meditacion\/#breadcrumb\",\"itemListElement\":[{\"@type\":\"ListItem\",\"position\":1,\"name\":\"Portada\",\"item\":\"https:\/\/cantir.art\/\"},{\"@type\":\"ListItem\",\"position\":2,\"name\":\"NEW Tienda\",\"item\":\"https:\/\/cantir.art\/en\/new-tienda\/\"},{\"@type\":\"ListItem\",\"position\":3,\"name\":\"Cerebro y meditaci\u00f3n\"}]},{\"@type\":\"WebSite\",\"@id\":\"https:\/\/cantir.art\/#website\",\"url\":\"https:\/\/cantir.art\/\",\"name\":\"C\u00e0ntir\",\"description\":\"Simbolismo budista y est\u00e9tica mediterr\u00e1nea en objetos que conectan pr\u00e1ctica y cotidianidad\",\"publisher\":{\"@id\":\"https:\/\/cantir.art\/#organization\"},\"potentialAction\":[{\"@type\":\"SearchAction\",\"target\":{\"@type\":\"EntryPoint\",\"urlTemplate\":\"https:\/\/cantir.art\/?s={search_term_string}\"},\"query-input\":{\"@type\":\"PropertyValueSpecification\",\"valueRequired\":true,\"valueName\":\"search_term_string\"}}],\"inLanguage\":\"ca\"},{\"@type\":\"Organization\",\"@id\":\"https:\/\/cantir.art\/#organization\",\"name\":\"C\u00e0ntir\",\"url\":\"https:\/\/cantir.art\/\",\"logo\":{\"@type\":\"ImageObject\",\"inLanguage\":\"ca\",\"@id\":\"https:\/\/cantir.art\/#\/schema\/logo\/image\/\",\"url\":\"https:\/\/i0.wp.com\/cantir.art\/wp-content\/uploads\/2025\/01\/cantir-10.png?fit=2551%2C1060&ssl=1\",\"contentUrl\":\"https:\/\/i0.wp.com\/cantir.art\/wp-content\/uploads\/2025\/01\/cantir-10.png?fit=2551%2C1060&ssl=1\",\"width\":2551,\"height\":1060,\"caption\":\"C\u00e0ntir\"},\"image\":{\"@id\":\"https:\/\/cantir.art\/#\/schema\/logo\/image\/\"}}]}<\/script>\n<!-- \/ Yoast SEO plugin. -->","yoast_head_json":{"title":"Cerebro y meditaci\u00f3n de M.Ricard y W.Singer | C\u00c0NTIR \ud83d\udcff","description":"Cerebro y meditaci\u00f3n, de Matthieu Ricard y Wolf Singer, un libro que une ciencia y budismo. Encuentra m\u00e1s libros sobre budismo en C\u00c0NTIR","robots":{"index":"index","follow":"follow","max-snippet":"max-snippet:-1","max-image-preview":"max-image-preview:large","max-video-preview":"max-video-preview:-1"},"canonical":"https:\/\/cantir.art\/ca\/producte\/cerebro-y-meditacion\/","og_locale":"ca_ES","og_type":"article","og_title":"Cerebro y meditaci\u00f3n de M.Ricard y W.Singer | C\u00c0NTIR \ud83d\udcff","og_description":"Cerebro y meditaci\u00f3n, de Matthieu Ricard y Wolf Singer, un libro que une ciencia y budismo. Encuentra m\u00e1s libros sobre budismo en C\u00c0NTIR","og_url":"https:\/\/cantir.art\/ca\/producte\/cerebro-y-meditacion\/","og_site_name":"C\u00e0ntir","article_modified_time":"2025-09-26T15:59:02+00:00","og_image":[{"width":1922,"height":2560,"url":"https:\/\/cantir.art\/wp-content\/uploads\/2025\/09\/CEREBRO-Y-MEDITACION-A-scaled-2.jpg","type":"image\/jpeg"}],"twitter_card":"summary_large_image","twitter_misc":{"Temps estimat de lectura":"2 minuts"},"schema":{"@context":"https:\/\/schema.org","@graph":[{"@type":"WebPage","@id":"https:\/\/cantir.art\/producto\/cerebro-y-meditacion\/","url":"https:\/\/cantir.art\/producto\/cerebro-y-meditacion\/","name":"Cerebro y meditaci\u00f3n de M.Ricard y W.Singer | C\u00c0NTIR \ud83d\udcff","isPartOf":{"@id":"https:\/\/cantir.art\/#website"},"primaryImageOfPage":{"@id":"https:\/\/cantir.art\/producto\/cerebro-y-meditacion\/#primaryimage"},"image":{"@id":"https:\/\/cantir.art\/producto\/cerebro-y-meditacion\/#primaryimage"},"thumbnailUrl":"https:\/\/i0.wp.com\/cantir.art\/wp-content\/uploads\/2025\/09\/CEREBRO-Y-MEDITACION-A-scaled-2.jpg?fit=1922%2C2560&ssl=1","datePublished":"2025-01-17T15:31:37+00:00","dateModified":"2025-09-26T15:59:02+00:00","description":"Cerebro y meditaci\u00f3n, de Matthieu Ricard y Wolf Singer, un libro que une ciencia y budismo. Encuentra m\u00e1s libros sobre budismo en C\u00c0NTIR","breadcrumb":{"@id":"https:\/\/cantir.art\/producto\/cerebro-y-meditacion\/#breadcrumb"},"inLanguage":"ca","potentialAction":[{"@type":"ReadAction","target":["https:\/\/cantir.art\/producto\/cerebro-y-meditacion\/"]}]},{"@type":"ImageObject","inLanguage":"ca","@id":"https:\/\/cantir.art\/producto\/cerebro-y-meditacion\/#primaryimage","url":"https:\/\/i0.wp.com\/cantir.art\/wp-content\/uploads\/2025\/09\/CEREBRO-Y-MEDITACION-A-scaled-2.jpg?fit=1922%2C2560&ssl=1","contentUrl":"https:\/\/i0.wp.com\/cantir.art\/wp-content\/uploads\/2025\/09\/CEREBRO-Y-MEDITACION-A-scaled-2.jpg?fit=1922%2C2560&ssl=1","width":1922,"height":2560},{"@type":"BreadcrumbList","@id":"https:\/\/cantir.art\/producto\/cerebro-y-meditacion\/#breadcrumb","itemListElement":[{"@type":"ListItem","position":1,"name":"Portada","item":"https:\/\/cantir.art\/"},{"@type":"ListItem","position":2,"name":"NEW Tienda","item":"https:\/\/cantir.art\/en\/new-tienda\/"},{"@type":"ListItem","position":3,"name":"Cerebro y meditaci\u00f3n"}]},{"@type":"WebSite","@id":"https:\/\/cantir.art\/#website","url":"https:\/\/cantir.art\/","name":"C\u00e0ntir","description":"Simbolisme budista i est\u00e8tica mediterr\u00e0nia en objectes que connecten pr\u00e0ctica i quotidianitat","publisher":{"@id":"https:\/\/cantir.art\/#organization"},"potentialAction":[{"@type":"SearchAction","target":{"@type":"EntryPoint","urlTemplate":"https:\/\/cantir.art\/?s={search_term_string}"},"query-input":{"@type":"PropertyValueSpecification","valueRequired":true,"valueName":"search_term_string"}}],"inLanguage":"ca"},{"@type":"Organization","@id":"https:\/\/cantir.art\/#organization","name":"C\u00e0ntir","url":"https:\/\/cantir.art\/","logo":{"@type":"ImageObject","inLanguage":"ca","@id":"https:\/\/cantir.art\/#\/schema\/logo\/image\/","url":"https:\/\/i0.wp.com\/cantir.art\/wp-content\/uploads\/2025\/01\/cantir-10.png?fit=2551%2C1060&ssl=1","contentUrl":"https:\/\/i0.wp.com\/cantir.art\/wp-content\/uploads\/2025\/01\/cantir-10.png?fit=2551%2C1060&ssl=1","width":2551,"height":1060,"caption":"C\u00e0ntir"},"image":{"@id":"https:\/\/cantir.art\/#\/schema\/logo\/image\/"}}]}},"jetpack_sharing_enabled":true,"_links":{"self":[{"href":"https:\/\/cantir.art\/ca\/wp-json\/wp\/v2\/product\/3783","targetHints":{"allow":["GET"]}}],"collection":[{"href":"https:\/\/cantir.art\/ca\/wp-json\/wp\/v2\/product"}],"about":[{"href":"https:\/\/cantir.art\/ca\/wp-json\/wp\/v2\/types\/product"}],"replies":[{"embeddable":true,"href":"https:\/\/cantir.art\/ca\/wp-json\/wp\/v2\/comments?post=3783"}],"version-history":[{"count":11,"href":"https:\/\/cantir.art\/ca\/wp-json\/wp\/v2\/product\/3783\/revisions"}],"predecessor-version":[{"id":5943,"href":"https:\/\/cantir.art\/ca\/wp-json\/wp\/v2\/product\/3783\/revisions\/5943"}],"wp:featuredmedia":[{"embeddable":true,"href":"https:\/\/cantir.art\/ca\/wp-json\/wp\/v2\/media\/6343"}],"wp:attachment":[{"href":"https:\/\/cantir.art\/ca\/wp-json\/wp\/v2\/media?parent=3783"}],"wp:term":[{"taxonomy":"product_brand","embeddable":true,"href":"https:\/\/cantir.art\/ca\/wp-json\/wp\/v2\/product_brand?post=3783"},{"taxonomy":"product_cat","embeddable":true,"href":"https:\/\/cantir.art\/ca\/wp-json\/wp\/v2\/product_cat?post=3783"},{"taxonomy":"product_tag","embeddable":true,"href":"https:\/\/cantir.art\/ca\/wp-json\/wp\/v2\/product_tag?post=3783"}],"curies":[{"name":"wp","href":"https:\/\/api.w.org\/{rel}","templated":true}]}}