{"id":3785,"date":"2025-01-17T16:32:46","date_gmt":"2025-01-17T15:32:46","guid":{"rendered":"https:\/\/cantir.art\/?post_type=product&#038;p=3785"},"modified":"2026-01-01T17:24:51","modified_gmt":"2026-01-01T16:24:51","slug":"las-palabras-de-mi-maestro-perfecto","status":"publish","type":"product","link":"https:\/\/cantir.art\/ca\/producte\/las-palabras-de-mi-maestro-perfecto\/","title":{"rendered":"Les paraules del meu mestre perfecte"},"content":{"rendered":"<div data-elementor-type=\"wp-post\" data-elementor-id=\"3785\" class=\"elementor elementor-3785\">\n\t\t\t\t<div class=\"elementor-element elementor-element-52048079 e-flex e-con-boxed e-con e-parent\" data-id=\"52048079\" data-element_type=\"container\">\n\t\t\t\t\t<div class=\"e-con-inner\">\n\t\t\t\t<div class=\"elementor-element elementor-element-14ef9cb8 elementor-widget elementor-widget-text-editor\" data-id=\"14ef9cb8\" data-element_type=\"widget\" data-widget_type=\"text-editor.default\">\n\t\t\t\t<div class=\"elementor-widget-container\">\n\t\t\t\t\t\t\t\t\t<p>Patrul Rinpoche (1808-1887) va ser un mestre budista tibet\u00e0 destacat de la tradici\u00f3 Nyingma, conegut per la seva humilitat, compassi\u00f3 i profund coneixement del Dharma. Va renunciar als privilegis associats amb el seu estatus de tulku, triant una vida senzilla com a iogui errant. Va ser un gran exponent de la pr\u00e0ctica del <em>lojong<\/em> (entrenament de la ment) i un fervent defensor de la bodhicitta, el desig altruista dassolir la il\u00b7luminaci\u00f3 per al benefici de tots els \u00e9ssers. Autor de l'influent text <em>Les paraules del meu mestre perfecte<\/em>, Patrul Rinpoche va deixar un llegat espiritual perdurable que inspira a practicants del budisme a tot el m\u00f3n.<\/p>\t\t\t\t\t\t\t\t<\/div>\n\t\t\t\t<\/div>\n\t\t\t\t\t<\/div>\n\t\t\t\t<\/div>\n\t\t\t\t<\/div>","protected":false},"excerpt":{"rendered":"<p><span style=\"font-weight: 400;\">Les paraules del meu mestre perfecte \u00e9s una guia essencial sobre les pr\u00e0ctiques preliminars del Longchen \u00d1ingtig, un tresor espiritual important de l'escola \u00d1ingmapa del budisme tibet\u00e0. En aquesta obra, Patrul Rimpoch\u00e9 ofereix una exposici\u00f3 clara i accessible del Vehicle dels Mantres Secrets, combinant profunditat doctrinal amb un estil directe i viva\u00e7. A trav\u00e9s de cites, an\u00e8cdotes i proverbis, el text transcendeix la mera explicaci\u00f3 te\u00f2rica per convertir-se en una guia pr\u00e0ctica de transformaci\u00f3 interior, i \u00e9s reconegut per totes les escoles budistes tibetanes com una obra mestra per a la pr\u00e0ctica aut\u00e8ntica.<\/span><\/p>","protected":false},"featured_media":6345,"comment_status":"open","ping_status":"closed","template":"elementor_theme","meta":[],"product_brand":[],"product_cat":[267,161],"product_tag":[226],"class_list":{"0":"post-3785","1":"product","2":"type-product","3":"status-publish","4":"has-post-thumbnail","6":"product_cat-kairos","7":"product_cat-libros","8":"product_tag-patrul-rinpoche","10":"first","11":"instock","12":"taxable","13":"shipping-taxable","14":"purchasable","15":"product-type-simple"},"supplier_id":null,"supplier_sku":"","barcode":null,"atum_controlled":true,"out_stock_date":null,"out_stock_threshold":null,"inheritable":false,"inbound_stock":null,"stock_on_hold":0,"sold_today":0,"sales_last_days":0,"reserved_stock":null,"customer_returns":null,"warehouse_damage":null,"lost_in_post":null,"other_logs":null,"out_stock_days":0,"lost_sales":0,"has_location":false,"update_date":"2026-04-14T02:05:41","atum_locations":[],"atum_stock_status":"instock","restock_status":false,"low_stock_amount":"","sales_update_date":"2026-04-14T02:05:41","calc_backorders":null,"yoast_head":"<!-- This site is optimized with the Yoast SEO plugin v26.9 - https:\/\/yoast.com\/product\/yoast-seo-wordpress\/ -->\n<title>Las palabras de mi maestro perfecto - C\u00e0ntir<\/title>\n<meta name=\"robots\" content=\"index, follow, max-snippet:-1, max-image-preview:large, max-video-preview:-1\" \/>\n<link rel=\"canonical\" href=\"https:\/\/cantir.art\/ca\/producte\/las-palabras-de-mi-maestro-perfecto\/\" \/>\n<meta property=\"og:locale\" content=\"ca_ES\" \/>\n<meta property=\"og:type\" content=\"article\" \/>\n<meta property=\"og:title\" content=\"Las palabras de mi maestro perfecto - C\u00e0ntir\" \/>\n<meta property=\"og:description\" content=\"Las palabras de mi maestro perfecto es una gu\u00eda esencial sobre las pr\u00e1cticas preliminares del Longchen \u00d1ingtig, un importante tesoro espiritual de la escuela \u00d1ingmapa del budismo tibetano. En esta obra, Patrul Rimpoch\u00e9 ofrece una exposici\u00f3n clara y accesible del Veh\u00edculo de los Mantras Secretos, combinando profundidad doctrinal con un estilo directo y vivaz. A trav\u00e9s de citas, an\u00e9cdotas y proverbios, el texto trasciende la mera explicaci\u00f3n te\u00f3rica para convertirse en una gu\u00eda pr\u00e1ctica de transformaci\u00f3n interior, siendo reconocido por todas las escuelas budistas tibetanas como una obra maestra para la pr\u00e1ctica aut\u00e9ntica.\" \/>\n<meta property=\"og:url\" content=\"https:\/\/cantir.art\/ca\/producte\/las-palabras-de-mi-maestro-perfecto\/\" \/>\n<meta property=\"og:site_name\" content=\"C\u00e0ntir\" \/>\n<meta property=\"article:modified_time\" content=\"2026-01-01T16:24:51+00:00\" \/>\n<meta property=\"og:image\" content=\"https:\/\/cantir.art\/wp-content\/uploads\/2025\/09\/LAS-PALABRASDE-MI-MAESTRO-PERFECTO-A-scaled-2.jpg\" \/>\n\t<meta property=\"og:image:width\" content=\"1922\" \/>\n\t<meta property=\"og:image:height\" content=\"2560\" \/>\n\t<meta property=\"og:image:type\" content=\"image\/jpeg\" \/>\n<meta name=\"twitter:card\" content=\"summary_large_image\" \/>\n<meta name=\"twitter:label1\" content=\"Temps estimat de lectura\" \/>\n\t<meta name=\"twitter:data1\" content=\"1 minut\" \/>\n<script type=\"application\/ld+json\" class=\"yoast-schema-graph\">{\"@context\":\"https:\/\/schema.org\",\"@graph\":[{\"@type\":\"WebPage\",\"@id\":\"https:\/\/cantir.art\/producto\/las-palabras-de-mi-maestro-perfecto\/\",\"url\":\"https:\/\/cantir.art\/producto\/las-palabras-de-mi-maestro-perfecto\/\",\"name\":\"Las palabras de mi maestro perfecto - C\u00e0ntir\",\"isPartOf\":{\"@id\":\"https:\/\/cantir.art\/#website\"},\"primaryImageOfPage\":{\"@id\":\"https:\/\/cantir.art\/producto\/las-palabras-de-mi-maestro-perfecto\/#primaryimage\"},\"image\":{\"@id\":\"https:\/\/cantir.art\/producto\/las-palabras-de-mi-maestro-perfecto\/#primaryimage\"},\"thumbnailUrl\":\"https:\/\/i0.wp.com\/cantir.art\/wp-content\/uploads\/2025\/09\/LAS-PALABRASDE-MI-MAESTRO-PERFECTO-A-scaled-2.jpg?fit=1922%2C2560&ssl=1\",\"datePublished\":\"2025-01-17T15:32:46+00:00\",\"dateModified\":\"2026-01-01T16:24:51+00:00\",\"breadcrumb\":{\"@id\":\"https:\/\/cantir.art\/producto\/las-palabras-de-mi-maestro-perfecto\/#breadcrumb\"},\"inLanguage\":\"ca\",\"potentialAction\":[{\"@type\":\"ReadAction\",\"target\":[\"https:\/\/cantir.art\/producto\/las-palabras-de-mi-maestro-perfecto\/\"]}]},{\"@type\":\"ImageObject\",\"inLanguage\":\"ca\",\"@id\":\"https:\/\/cantir.art\/producto\/las-palabras-de-mi-maestro-perfecto\/#primaryimage\",\"url\":\"https:\/\/i0.wp.com\/cantir.art\/wp-content\/uploads\/2025\/09\/LAS-PALABRASDE-MI-MAESTRO-PERFECTO-A-scaled-2.jpg?fit=1922%2C2560&ssl=1\",\"contentUrl\":\"https:\/\/i0.wp.com\/cantir.art\/wp-content\/uploads\/2025\/09\/LAS-PALABRASDE-MI-MAESTRO-PERFECTO-A-scaled-2.jpg?fit=1922%2C2560&ssl=1\",\"width\":1922,\"height\":2560},{\"@type\":\"BreadcrumbList\",\"@id\":\"https:\/\/cantir.art\/producto\/las-palabras-de-mi-maestro-perfecto\/#breadcrumb\",\"itemListElement\":[{\"@type\":\"ListItem\",\"position\":1,\"name\":\"Portada\",\"item\":\"https:\/\/cantir.art\/\"},{\"@type\":\"ListItem\",\"position\":2,\"name\":\"NEW Tienda\",\"item\":\"https:\/\/cantir.art\/en\/new-tienda\/\"},{\"@type\":\"ListItem\",\"position\":3,\"name\":\"Las palabras de mi maestro perfecto\"}]},{\"@type\":\"WebSite\",\"@id\":\"https:\/\/cantir.art\/#website\",\"url\":\"https:\/\/cantir.art\/\",\"name\":\"C\u00e0ntir\",\"description\":\"Simbolismo budista y est\u00e9tica mediterr\u00e1nea en objetos que conectan pr\u00e1ctica y cotidianidad\",\"publisher\":{\"@id\":\"https:\/\/cantir.art\/#organization\"},\"potentialAction\":[{\"@type\":\"SearchAction\",\"target\":{\"@type\":\"EntryPoint\",\"urlTemplate\":\"https:\/\/cantir.art\/?s={search_term_string}\"},\"query-input\":{\"@type\":\"PropertyValueSpecification\",\"valueRequired\":true,\"valueName\":\"search_term_string\"}}],\"inLanguage\":\"ca\"},{\"@type\":\"Organization\",\"@id\":\"https:\/\/cantir.art\/#organization\",\"name\":\"C\u00e0ntir\",\"url\":\"https:\/\/cantir.art\/\",\"logo\":{\"@type\":\"ImageObject\",\"inLanguage\":\"ca\",\"@id\":\"https:\/\/cantir.art\/#\/schema\/logo\/image\/\",\"url\":\"https:\/\/i0.wp.com\/cantir.art\/wp-content\/uploads\/2025\/01\/cantir-10.png?fit=2551%2C1060&ssl=1\",\"contentUrl\":\"https:\/\/i0.wp.com\/cantir.art\/wp-content\/uploads\/2025\/01\/cantir-10.png?fit=2551%2C1060&ssl=1\",\"width\":2551,\"height\":1060,\"caption\":\"C\u00e0ntir\"},\"image\":{\"@id\":\"https:\/\/cantir.art\/#\/schema\/logo\/image\/\"}}]}<\/script>\n<!-- \/ Yoast SEO plugin. -->","yoast_head_json":{"title":"Las palabras de mi maestro perfecto - C\u00e0ntir","robots":{"index":"index","follow":"follow","max-snippet":"max-snippet:-1","max-image-preview":"max-image-preview:large","max-video-preview":"max-video-preview:-1"},"canonical":"https:\/\/cantir.art\/ca\/producte\/las-palabras-de-mi-maestro-perfecto\/","og_locale":"ca_ES","og_type":"article","og_title":"Las palabras de mi maestro perfecto - C\u00e0ntir","og_description":"Las palabras de mi maestro perfecto es una gu\u00eda esencial sobre las pr\u00e1cticas preliminares del Longchen \u00d1ingtig, un importante tesoro espiritual de la escuela \u00d1ingmapa del budismo tibetano. En esta obra, Patrul Rimpoch\u00e9 ofrece una exposici\u00f3n clara y accesible del Veh\u00edculo de los Mantras Secretos, combinando profundidad doctrinal con un estilo directo y vivaz. A trav\u00e9s de citas, an\u00e9cdotas y proverbios, el texto trasciende la mera explicaci\u00f3n te\u00f3rica para convertirse en una gu\u00eda pr\u00e1ctica de transformaci\u00f3n interior, siendo reconocido por todas las escuelas budistas tibetanas como una obra maestra para la pr\u00e1ctica aut\u00e9ntica.","og_url":"https:\/\/cantir.art\/ca\/producte\/las-palabras-de-mi-maestro-perfecto\/","og_site_name":"C\u00e0ntir","article_modified_time":"2026-01-01T16:24:51+00:00","og_image":[{"width":1922,"height":2560,"url":"https:\/\/cantir.art\/wp-content\/uploads\/2025\/09\/LAS-PALABRASDE-MI-MAESTRO-PERFECTO-A-scaled-2.jpg","type":"image\/jpeg"}],"twitter_card":"summary_large_image","twitter_misc":{"Temps estimat de lectura":"1 minut"},"schema":{"@context":"https:\/\/schema.org","@graph":[{"@type":"WebPage","@id":"https:\/\/cantir.art\/producto\/las-palabras-de-mi-maestro-perfecto\/","url":"https:\/\/cantir.art\/producto\/las-palabras-de-mi-maestro-perfecto\/","name":"Las palabras de mi maestro perfecto - C\u00e0ntir","isPartOf":{"@id":"https:\/\/cantir.art\/#website"},"primaryImageOfPage":{"@id":"https:\/\/cantir.art\/producto\/las-palabras-de-mi-maestro-perfecto\/#primaryimage"},"image":{"@id":"https:\/\/cantir.art\/producto\/las-palabras-de-mi-maestro-perfecto\/#primaryimage"},"thumbnailUrl":"https:\/\/i0.wp.com\/cantir.art\/wp-content\/uploads\/2025\/09\/LAS-PALABRASDE-MI-MAESTRO-PERFECTO-A-scaled-2.jpg?fit=1922%2C2560&ssl=1","datePublished":"2025-01-17T15:32:46+00:00","dateModified":"2026-01-01T16:24:51+00:00","breadcrumb":{"@id":"https:\/\/cantir.art\/producto\/las-palabras-de-mi-maestro-perfecto\/#breadcrumb"},"inLanguage":"ca","potentialAction":[{"@type":"ReadAction","target":["https:\/\/cantir.art\/producto\/las-palabras-de-mi-maestro-perfecto\/"]}]},{"@type":"ImageObject","inLanguage":"ca","@id":"https:\/\/cantir.art\/producto\/las-palabras-de-mi-maestro-perfecto\/#primaryimage","url":"https:\/\/i0.wp.com\/cantir.art\/wp-content\/uploads\/2025\/09\/LAS-PALABRASDE-MI-MAESTRO-PERFECTO-A-scaled-2.jpg?fit=1922%2C2560&ssl=1","contentUrl":"https:\/\/i0.wp.com\/cantir.art\/wp-content\/uploads\/2025\/09\/LAS-PALABRASDE-MI-MAESTRO-PERFECTO-A-scaled-2.jpg?fit=1922%2C2560&ssl=1","width":1922,"height":2560},{"@type":"BreadcrumbList","@id":"https:\/\/cantir.art\/producto\/las-palabras-de-mi-maestro-perfecto\/#breadcrumb","itemListElement":[{"@type":"ListItem","position":1,"name":"Portada","item":"https:\/\/cantir.art\/"},{"@type":"ListItem","position":2,"name":"NEW Tienda","item":"https:\/\/cantir.art\/en\/new-tienda\/"},{"@type":"ListItem","position":3,"name":"Las palabras de mi maestro perfecto"}]},{"@type":"WebSite","@id":"https:\/\/cantir.art\/#website","url":"https:\/\/cantir.art\/","name":"C\u00e0ntir","description":"Simbolisme budista i est\u00e8tica mediterr\u00e0nia en objectes que connecten pr\u00e0ctica i quotidianitat","publisher":{"@id":"https:\/\/cantir.art\/#organization"},"potentialAction":[{"@type":"SearchAction","target":{"@type":"EntryPoint","urlTemplate":"https:\/\/cantir.art\/?s={search_term_string}"},"query-input":{"@type":"PropertyValueSpecification","valueRequired":true,"valueName":"search_term_string"}}],"inLanguage":"ca"},{"@type":"Organization","@id":"https:\/\/cantir.art\/#organization","name":"C\u00e0ntir","url":"https:\/\/cantir.art\/","logo":{"@type":"ImageObject","inLanguage":"ca","@id":"https:\/\/cantir.art\/#\/schema\/logo\/image\/","url":"https:\/\/i0.wp.com\/cantir.art\/wp-content\/uploads\/2025\/01\/cantir-10.png?fit=2551%2C1060&ssl=1","contentUrl":"https:\/\/i0.wp.com\/cantir.art\/wp-content\/uploads\/2025\/01\/cantir-10.png?fit=2551%2C1060&ssl=1","width":2551,"height":1060,"caption":"C\u00e0ntir"},"image":{"@id":"https:\/\/cantir.art\/#\/schema\/logo\/image\/"}}]}},"jetpack_sharing_enabled":true,"_links":{"self":[{"href":"https:\/\/cantir.art\/ca\/wp-json\/wp\/v2\/product\/3785","targetHints":{"allow":["GET"]}}],"collection":[{"href":"https:\/\/cantir.art\/ca\/wp-json\/wp\/v2\/product"}],"about":[{"href":"https:\/\/cantir.art\/ca\/wp-json\/wp\/v2\/types\/product"}],"replies":[{"embeddable":true,"href":"https:\/\/cantir.art\/ca\/wp-json\/wp\/v2\/comments?post=3785"}],"version-history":[{"count":7,"href":"https:\/\/cantir.art\/ca\/wp-json\/wp\/v2\/product\/3785\/revisions"}],"predecessor-version":[{"id":5938,"href":"https:\/\/cantir.art\/ca\/wp-json\/wp\/v2\/product\/3785\/revisions\/5938"}],"wp:featuredmedia":[{"embeddable":true,"href":"https:\/\/cantir.art\/ca\/wp-json\/wp\/v2\/media\/6345"}],"wp:attachment":[{"href":"https:\/\/cantir.art\/ca\/wp-json\/wp\/v2\/media?parent=3785"}],"wp:term":[{"taxonomy":"product_brand","embeddable":true,"href":"https:\/\/cantir.art\/ca\/wp-json\/wp\/v2\/product_brand?post=3785"},{"taxonomy":"product_cat","embeddable":true,"href":"https:\/\/cantir.art\/ca\/wp-json\/wp\/v2\/product_cat?post=3785"},{"taxonomy":"product_tag","embeddable":true,"href":"https:\/\/cantir.art\/ca\/wp-json\/wp\/v2\/product_tag?post=3785"}],"curies":[{"name":"wp","href":"https:\/\/api.w.org\/{rel}","templated":true}]}}