{"id":3799,"date":"2025-01-17T16:49:07","date_gmt":"2025-01-17T15:49:07","guid":{"rendered":"https:\/\/cantir.art\/?post_type=product&#038;p=3799"},"modified":"2025-09-26T17:57:36","modified_gmt":"2025-09-26T15:57:36","slug":"libera-tu-corazon-y-tu-mente","status":"publish","type":"product","link":"https:\/\/cantir.art\/ca\/producte\/libera-tu-corazon-y-tu-mente\/","title":{"rendered":"Allibera el teu cor i la teva ment"},"content":{"rendered":"<div data-elementor-type=\"wp-post\" data-elementor-id=\"3799\" class=\"elementor elementor-3799\">\n\t\t\t\t<div class=\"elementor-element elementor-element-52048079 e-flex e-con-boxed e-con e-parent\" data-id=\"52048079\" data-element_type=\"container\">\n\t\t\t\t\t<div class=\"e-con-inner\">\n\t\t\t\t<div class=\"elementor-element elementor-element-14ef9cb8 elementor-widget elementor-widget-text-editor\" data-id=\"14ef9cb8\" data-element_type=\"widget\" data-widget_type=\"text-editor.default\">\n\t\t\t\t<div class=\"elementor-widget-container\">\n\t\t\t\t\t\t\t\t\t<p>Sa Santedat Sakya Trizin \u00e9s el l\u00edder suprem de l'escola Sakya del budisme tibet\u00e0, una de les quatre principals tradicions del budisme tibet\u00e0. Nascut el 1945 al Tibet com a Ngawang Kunga Tegchen Palbar Trinley Samphel Wangyi Gyalpo, va rebre des de primerenca edat una extensa formaci\u00f3 en filosofia budista, rituals i pr\u00e0ctiques t\u00e0ntriques. Despr\u00e9s de l'exili tibet\u00e0 el 1959, va jugar un paper crucial en la preservaci\u00f3 i difusi\u00f3 dels ensenyaments Sakya, establint monestirs i centres d'estudi a l'\u00cdndia i arreu del m\u00f3n. \u00c9s reconegut per la seva vasta erudici\u00f3, els seus profunds ensenyaments sobre el Lamdr\u00e9 (el cam\u00ed i el seu resultat) i la seva dedicaci\u00f3 a mantenir viva la tradici\u00f3 Sakya.<\/p>\t\t\t\t\t\t\t\t<\/div>\n\t\t\t\t<\/div>\n\t\t\t\t\t<\/div>\n\t\t\t\t<\/div>\n\t\t\t\t<\/div>","protected":false},"excerpt":{"rendered":"<p>Sa Santedat Sakya Trizin, cap del glori\u00f3s llinatge Sakya -una de les quatre escoles principals del budisme tibet\u00e0-, presenta aqu\u00ed els ensenyaments budistes essencials de les quatre nobles veritats, compassi\u00f3 universal i la motivaci\u00f3 correcta per a la pr\u00e0ctica. Aquest llibre comen\u00e7a compartint un ensenyament privat que Sa Santedat li va donar a un jove nouvingut que buscava comprendre l'her\u00e8ncia espiritual d'aquest gran mestre. El consell de Sa Santedat ens inspira a integrar el poder potencial d'aquests ensenyaments a la nostra vida di\u00e0ria. Ple d'una saviesa intemporal, Allibera el teu cor i la teva ment cont\u00e9, a m\u00e9s d'aquesta introducci\u00f3, una explicaci\u00f3 de l'ensenyament Compassi\u00f3 Immaculada del sant indi Virupa, i una selecci\u00f3 dels ensenyaments essencials anomenats Separar-se dels Quatre Apegaments. Desenvolupat com el primer volum d'un programa d'estudi per als estudiants de la tradici\u00f3 Sakya, no obstant per si mateix serveix com una introducci\u00f3 excel\u00b7lent als ensenyaments de Buda.<\/p>","protected":false},"featured_media":6356,"comment_status":"open","ping_status":"closed","template":"elementor_theme","meta":[],"product_brand":[],"product_cat":[275,161],"product_tag":[239],"class_list":{"0":"post-3799","1":"product","2":"type-product","3":"status-publish","4":"has-post-thumbnail","6":"product_cat-amara","7":"product_cat-libros","8":"product_tag-s-s-sakya-trizin","10":"first","11":"instock","12":"taxable","13":"shipping-taxable","14":"purchasable","15":"product-type-simple"},"supplier_id":null,"supplier_sku":"","barcode":null,"atum_controlled":true,"out_stock_date":null,"out_stock_threshold":null,"inheritable":false,"inbound_stock":null,"stock_on_hold":0,"sold_today":0,"sales_last_days":0,"reserved_stock":null,"customer_returns":null,"warehouse_damage":null,"lost_in_post":null,"other_logs":null,"out_stock_days":0,"lost_sales":0,"has_location":false,"update_date":"2026-04-17T02:06:24","atum_locations":[],"atum_stock_status":"instock","restock_status":false,"low_stock_amount":"","sales_update_date":"2026-04-17T02:06:24","calc_backorders":null,"yoast_head":"<!-- This site is optimized with the Yoast SEO plugin v26.9 - https:\/\/yoast.com\/product\/yoast-seo-wordpress\/ -->\n<title>Libera tu coraz\u00f3n y tu mente - C\u00e0ntir<\/title>\n<meta name=\"robots\" content=\"index, follow, max-snippet:-1, max-image-preview:large, max-video-preview:-1\" \/>\n<link rel=\"canonical\" href=\"https:\/\/cantir.art\/ca\/producte\/libera-tu-corazon-y-tu-mente\/\" \/>\n<meta property=\"og:locale\" content=\"ca_ES\" \/>\n<meta property=\"og:type\" content=\"article\" \/>\n<meta property=\"og:title\" content=\"Libera tu coraz\u00f3n y tu mente - C\u00e0ntir\" \/>\n<meta property=\"og:description\" content=\"Su Santidad Sakya Trizin, cabeza del glorioso linaje Sakya -una de las cuatro escuelas principales del budismo tibetano-, presenta aqu\u00ed las ense\u00f1anzas budistas esenciales de las cuatro nobles verdades, compasi\u00f3n universal y la motivaci\u00f3n correcta para la pr\u00e1ctica. Este libro comienza compartiendo una ense\u00f1anza privada que Su Santidad le dio a un joven reci\u00e9n llegado que buscaba comprender la herencia espiritual de este gran maestro. El consejo de Su Santidad nos inspira a integrar el poder potencial de estas ense\u00f1anzas en nuesta vida diaria. Lleno de una sabidur\u00eda intemporal, Libera tu coraz\u00f3n y tu mente contiene, adem\u00e1s de esta introducci\u00f3n, una explicaci\u00f3n de la ense\u00f1anza Compasi\u00f3n Inmaculada del santo indio Virupa, y una selecci\u00f3n de las ense\u00f1anzas esenciales denominadas Separarse de los Cuatro Apegos. Desarrollado como el primer volumen de un programa de estudio para los estudiantes de la tradici\u00f3n Sakya, no obstante por s\u00ed solo sirve como una excelente introducci\u00f3n a las ense\u00f1anzas de Buda.\" \/>\n<meta property=\"og:url\" content=\"https:\/\/cantir.art\/ca\/producte\/libera-tu-corazon-y-tu-mente\/\" \/>\n<meta property=\"og:site_name\" content=\"C\u00e0ntir\" \/>\n<meta property=\"article:modified_time\" content=\"2025-09-26T15:57:36+00:00\" \/>\n<meta property=\"og:image\" content=\"https:\/\/cantir.art\/wp-content\/uploads\/2025\/09\/LIBERA-TU-CORAZON-Y-TU-MENTE-A-scaled-2.jpg\" \/>\n\t<meta property=\"og:image:width\" content=\"1922\" \/>\n\t<meta property=\"og:image:height\" content=\"2560\" \/>\n\t<meta property=\"og:image:type\" content=\"image\/jpeg\" \/>\n<meta name=\"twitter:card\" content=\"summary_large_image\" \/>\n<meta name=\"twitter:label1\" content=\"Temps estimat de lectura\" \/>\n\t<meta name=\"twitter:data1\" content=\"1 minut\" \/>\n<script type=\"application\/ld+json\" class=\"yoast-schema-graph\">{\"@context\":\"https:\/\/schema.org\",\"@graph\":[{\"@type\":\"WebPage\",\"@id\":\"https:\/\/cantir.art\/producto\/libera-tu-corazon-y-tu-mente\/\",\"url\":\"https:\/\/cantir.art\/producto\/libera-tu-corazon-y-tu-mente\/\",\"name\":\"Libera tu coraz\u00f3n y tu mente - C\u00e0ntir\",\"isPartOf\":{\"@id\":\"https:\/\/cantir.art\/#website\"},\"primaryImageOfPage\":{\"@id\":\"https:\/\/cantir.art\/producto\/libera-tu-corazon-y-tu-mente\/#primaryimage\"},\"image\":{\"@id\":\"https:\/\/cantir.art\/producto\/libera-tu-corazon-y-tu-mente\/#primaryimage\"},\"thumbnailUrl\":\"https:\/\/i0.wp.com\/cantir.art\/wp-content\/uploads\/2025\/09\/LIBERA-TU-CORAZON-Y-TU-MENTE-A-scaled-2.jpg?fit=1922%2C2560&ssl=1\",\"datePublished\":\"2025-01-17T15:49:07+00:00\",\"dateModified\":\"2025-09-26T15:57:36+00:00\",\"breadcrumb\":{\"@id\":\"https:\/\/cantir.art\/producto\/libera-tu-corazon-y-tu-mente\/#breadcrumb\"},\"inLanguage\":\"ca\",\"potentialAction\":[{\"@type\":\"ReadAction\",\"target\":[\"https:\/\/cantir.art\/producto\/libera-tu-corazon-y-tu-mente\/\"]}]},{\"@type\":\"ImageObject\",\"inLanguage\":\"ca\",\"@id\":\"https:\/\/cantir.art\/producto\/libera-tu-corazon-y-tu-mente\/#primaryimage\",\"url\":\"https:\/\/i0.wp.com\/cantir.art\/wp-content\/uploads\/2025\/09\/LIBERA-TU-CORAZON-Y-TU-MENTE-A-scaled-2.jpg?fit=1922%2C2560&ssl=1\",\"contentUrl\":\"https:\/\/i0.wp.com\/cantir.art\/wp-content\/uploads\/2025\/09\/LIBERA-TU-CORAZON-Y-TU-MENTE-A-scaled-2.jpg?fit=1922%2C2560&ssl=1\",\"width\":1922,\"height\":2560},{\"@type\":\"BreadcrumbList\",\"@id\":\"https:\/\/cantir.art\/producto\/libera-tu-corazon-y-tu-mente\/#breadcrumb\",\"itemListElement\":[{\"@type\":\"ListItem\",\"position\":1,\"name\":\"Portada\",\"item\":\"https:\/\/cantir.art\/\"},{\"@type\":\"ListItem\",\"position\":2,\"name\":\"NEW Tienda\",\"item\":\"https:\/\/cantir.art\/en\/new-tienda\/\"},{\"@type\":\"ListItem\",\"position\":3,\"name\":\"Libera tu coraz\u00f3n y tu mente\"}]},{\"@type\":\"WebSite\",\"@id\":\"https:\/\/cantir.art\/#website\",\"url\":\"https:\/\/cantir.art\/\",\"name\":\"C\u00e0ntir\",\"description\":\"Simbolismo budista y est\u00e9tica mediterr\u00e1nea en objetos que conectan pr\u00e1ctica y cotidianidad\",\"publisher\":{\"@id\":\"https:\/\/cantir.art\/#organization\"},\"potentialAction\":[{\"@type\":\"SearchAction\",\"target\":{\"@type\":\"EntryPoint\",\"urlTemplate\":\"https:\/\/cantir.art\/?s={search_term_string}\"},\"query-input\":{\"@type\":\"PropertyValueSpecification\",\"valueRequired\":true,\"valueName\":\"search_term_string\"}}],\"inLanguage\":\"ca\"},{\"@type\":\"Organization\",\"@id\":\"https:\/\/cantir.art\/#organization\",\"name\":\"C\u00e0ntir\",\"url\":\"https:\/\/cantir.art\/\",\"logo\":{\"@type\":\"ImageObject\",\"inLanguage\":\"ca\",\"@id\":\"https:\/\/cantir.art\/#\/schema\/logo\/image\/\",\"url\":\"https:\/\/i0.wp.com\/cantir.art\/wp-content\/uploads\/2025\/01\/cantir-10.png?fit=2551%2C1060&ssl=1\",\"contentUrl\":\"https:\/\/i0.wp.com\/cantir.art\/wp-content\/uploads\/2025\/01\/cantir-10.png?fit=2551%2C1060&ssl=1\",\"width\":2551,\"height\":1060,\"caption\":\"C\u00e0ntir\"},\"image\":{\"@id\":\"https:\/\/cantir.art\/#\/schema\/logo\/image\/\"}}]}<\/script>\n<!-- \/ Yoast SEO plugin. -->","yoast_head_json":{"title":"Libera tu coraz\u00f3n y tu mente - C\u00e0ntir","robots":{"index":"index","follow":"follow","max-snippet":"max-snippet:-1","max-image-preview":"max-image-preview:large","max-video-preview":"max-video-preview:-1"},"canonical":"https:\/\/cantir.art\/ca\/producte\/libera-tu-corazon-y-tu-mente\/","og_locale":"ca_ES","og_type":"article","og_title":"Libera tu coraz\u00f3n y tu mente - C\u00e0ntir","og_description":"Su Santidad Sakya Trizin, cabeza del glorioso linaje Sakya -una de las cuatro escuelas principales del budismo tibetano-, presenta aqu\u00ed las ense\u00f1anzas budistas esenciales de las cuatro nobles verdades, compasi\u00f3n universal y la motivaci\u00f3n correcta para la pr\u00e1ctica. Este libro comienza compartiendo una ense\u00f1anza privada que Su Santidad le dio a un joven reci\u00e9n llegado que buscaba comprender la herencia espiritual de este gran maestro. El consejo de Su Santidad nos inspira a integrar el poder potencial de estas ense\u00f1anzas en nuesta vida diaria. Lleno de una sabidur\u00eda intemporal, Libera tu coraz\u00f3n y tu mente contiene, adem\u00e1s de esta introducci\u00f3n, una explicaci\u00f3n de la ense\u00f1anza Compasi\u00f3n Inmaculada del santo indio Virupa, y una selecci\u00f3n de las ense\u00f1anzas esenciales denominadas Separarse de los Cuatro Apegos. Desarrollado como el primer volumen de un programa de estudio para los estudiantes de la tradici\u00f3n Sakya, no obstante por s\u00ed solo sirve como una excelente introducci\u00f3n a las ense\u00f1anzas de Buda.","og_url":"https:\/\/cantir.art\/ca\/producte\/libera-tu-corazon-y-tu-mente\/","og_site_name":"C\u00e0ntir","article_modified_time":"2025-09-26T15:57:36+00:00","og_image":[{"width":1922,"height":2560,"url":"https:\/\/cantir.art\/wp-content\/uploads\/2025\/09\/LIBERA-TU-CORAZON-Y-TU-MENTE-A-scaled-2.jpg","type":"image\/jpeg"}],"twitter_card":"summary_large_image","twitter_misc":{"Temps estimat de lectura":"1 minut"},"schema":{"@context":"https:\/\/schema.org","@graph":[{"@type":"WebPage","@id":"https:\/\/cantir.art\/producto\/libera-tu-corazon-y-tu-mente\/","url":"https:\/\/cantir.art\/producto\/libera-tu-corazon-y-tu-mente\/","name":"Libera tu coraz\u00f3n y tu mente - C\u00e0ntir","isPartOf":{"@id":"https:\/\/cantir.art\/#website"},"primaryImageOfPage":{"@id":"https:\/\/cantir.art\/producto\/libera-tu-corazon-y-tu-mente\/#primaryimage"},"image":{"@id":"https:\/\/cantir.art\/producto\/libera-tu-corazon-y-tu-mente\/#primaryimage"},"thumbnailUrl":"https:\/\/i0.wp.com\/cantir.art\/wp-content\/uploads\/2025\/09\/LIBERA-TU-CORAZON-Y-TU-MENTE-A-scaled-2.jpg?fit=1922%2C2560&ssl=1","datePublished":"2025-01-17T15:49:07+00:00","dateModified":"2025-09-26T15:57:36+00:00","breadcrumb":{"@id":"https:\/\/cantir.art\/producto\/libera-tu-corazon-y-tu-mente\/#breadcrumb"},"inLanguage":"ca","potentialAction":[{"@type":"ReadAction","target":["https:\/\/cantir.art\/producto\/libera-tu-corazon-y-tu-mente\/"]}]},{"@type":"ImageObject","inLanguage":"ca","@id":"https:\/\/cantir.art\/producto\/libera-tu-corazon-y-tu-mente\/#primaryimage","url":"https:\/\/i0.wp.com\/cantir.art\/wp-content\/uploads\/2025\/09\/LIBERA-TU-CORAZON-Y-TU-MENTE-A-scaled-2.jpg?fit=1922%2C2560&ssl=1","contentUrl":"https:\/\/i0.wp.com\/cantir.art\/wp-content\/uploads\/2025\/09\/LIBERA-TU-CORAZON-Y-TU-MENTE-A-scaled-2.jpg?fit=1922%2C2560&ssl=1","width":1922,"height":2560},{"@type":"BreadcrumbList","@id":"https:\/\/cantir.art\/producto\/libera-tu-corazon-y-tu-mente\/#breadcrumb","itemListElement":[{"@type":"ListItem","position":1,"name":"Portada","item":"https:\/\/cantir.art\/"},{"@type":"ListItem","position":2,"name":"NEW Tienda","item":"https:\/\/cantir.art\/en\/new-tienda\/"},{"@type":"ListItem","position":3,"name":"Libera tu coraz\u00f3n y tu mente"}]},{"@type":"WebSite","@id":"https:\/\/cantir.art\/#website","url":"https:\/\/cantir.art\/","name":"C\u00e0ntir","description":"Simbolisme budista i est\u00e8tica mediterr\u00e0nia en objectes que connecten pr\u00e0ctica i quotidianitat","publisher":{"@id":"https:\/\/cantir.art\/#organization"},"potentialAction":[{"@type":"SearchAction","target":{"@type":"EntryPoint","urlTemplate":"https:\/\/cantir.art\/?s={search_term_string}"},"query-input":{"@type":"PropertyValueSpecification","valueRequired":true,"valueName":"search_term_string"}}],"inLanguage":"ca"},{"@type":"Organization","@id":"https:\/\/cantir.art\/#organization","name":"C\u00e0ntir","url":"https:\/\/cantir.art\/","logo":{"@type":"ImageObject","inLanguage":"ca","@id":"https:\/\/cantir.art\/#\/schema\/logo\/image\/","url":"https:\/\/i0.wp.com\/cantir.art\/wp-content\/uploads\/2025\/01\/cantir-10.png?fit=2551%2C1060&ssl=1","contentUrl":"https:\/\/i0.wp.com\/cantir.art\/wp-content\/uploads\/2025\/01\/cantir-10.png?fit=2551%2C1060&ssl=1","width":2551,"height":1060,"caption":"C\u00e0ntir"},"image":{"@id":"https:\/\/cantir.art\/#\/schema\/logo\/image\/"}}]}},"jetpack_sharing_enabled":true,"_links":{"self":[{"href":"https:\/\/cantir.art\/ca\/wp-json\/wp\/v2\/product\/3799","targetHints":{"allow":["GET"]}}],"collection":[{"href":"https:\/\/cantir.art\/ca\/wp-json\/wp\/v2\/product"}],"about":[{"href":"https:\/\/cantir.art\/ca\/wp-json\/wp\/v2\/types\/product"}],"replies":[{"embeddable":true,"href":"https:\/\/cantir.art\/ca\/wp-json\/wp\/v2\/comments?post=3799"}],"version-history":[{"count":6,"href":"https:\/\/cantir.art\/ca\/wp-json\/wp\/v2\/product\/3799\/revisions"}],"predecessor-version":[{"id":5312,"href":"https:\/\/cantir.art\/ca\/wp-json\/wp\/v2\/product\/3799\/revisions\/5312"}],"wp:featuredmedia":[{"embeddable":true,"href":"https:\/\/cantir.art\/ca\/wp-json\/wp\/v2\/media\/6356"}],"wp:attachment":[{"href":"https:\/\/cantir.art\/ca\/wp-json\/wp\/v2\/media?parent=3799"}],"wp:term":[{"taxonomy":"product_brand","embeddable":true,"href":"https:\/\/cantir.art\/ca\/wp-json\/wp\/v2\/product_brand?post=3799"},{"taxonomy":"product_cat","embeddable":true,"href":"https:\/\/cantir.art\/ca\/wp-json\/wp\/v2\/product_cat?post=3799"},{"taxonomy":"product_tag","embeddable":true,"href":"https:\/\/cantir.art\/ca\/wp-json\/wp\/v2\/product_tag?post=3799"}],"curies":[{"name":"wp","href":"https:\/\/api.w.org\/{rel}","templated":true}]}}