{"id":3801,"date":"2025-01-17T17:30:58","date_gmt":"2025-01-17T16:30:58","guid":{"rendered":"https:\/\/cantir.art\/?post_type=product&#038;p=3801"},"modified":"2026-02-04T09:43:25","modified_gmt":"2026-02-04T08:43:25","slug":"camino-viejo-nubes-blancas","status":"publish","type":"product","link":"https:\/\/cantir.art\/ca\/producte\/camino-viejo-nubes-blancas\/","title":{"rendered":"Cam\u00ed vell, n\u00favols blancs"},"content":{"rendered":"<div data-elementor-type=\"wp-post\" data-elementor-id=\"3801\" class=\"elementor elementor-3801\">\n\t\t\t\t<div class=\"elementor-element elementor-element-52048079 e-flex e-con-boxed e-con e-parent\" data-id=\"52048079\" data-element_type=\"container\">\n\t\t\t\t\t<div class=\"e-con-inner\">\n\t\t\t\t<div class=\"elementor-element elementor-element-14ef9cb8 elementor-widget elementor-widget-text-editor\" data-id=\"14ef9cb8\" data-element_type=\"widget\" data-widget_type=\"text-editor.default\">\n\t\t\t\t<div class=\"elementor-widget-container\">\n\t\t\t\t\t\t\t\t\t<p>Thich Nhat Hanh (1926-2022) va ser un monjo budista vietnamita, poeta i activista per la pau, considerat un dels mestres m\u00e9s influents del budisme contemporani. Fundador de Plum Village a Fran\u00e7a, va promoure el budisme comprom\u00e8s i va ensenyar la pr\u00e0ctica de l'atenci\u00f3 plena com a cam\u00ed cap a la pau interior i la transformaci\u00f3 social. El seu enfocament emfatitzava la pres\u00e8ncia plena a la vida quotidiana i la interconnexi\u00f3 de tots els \u00e9ssers. Autor de nombrosos llibres, com <em>El milagro de mindfulness<\/em>, el seu llegat transcendeix cultures i generacions, inspirant milions a viure amb compassi\u00f3, senzillesa i consci\u00e8ncia del moment present.<\/p><p>Siddhartha Gautama, conegut com a Buda, va ser un pr\u00edncep que, en enfrontar-se al patiment de la vida, va renunciar als seus privilegis per buscar la veritat. Despr\u00e9s d'anys de pr\u00e0ctiques extremes, va assolir la il\u00b7luminaci\u00f3 sota l'arbre Bodhi i va dedicar la resta de la seva vida a ensenyar el cam\u00ed per alliberar-se del patiment. Els seus ensenyaments van donar origen al budisme, que s'ha transm\u00e8s per generacions com a guia per a la transformaci\u00f3 personal i espiritual.<\/p><p>A la tradici\u00f3 budista, les biografies de mestres tenen un paper fonamental. No nom\u00e9s relaten vides exemplars, sin\u00f3 que inspiren els practicants a seguir el cam\u00ed del Dharma. Aquestes hist\u00f2ries mostren com els principis budistes s'apliquen a la vida quotidiana, oferint exemples vius de compassi\u00f3, saviesa i dedicaci\u00f3. A trav\u00e9s seu, els deixebles troben motivaci\u00f3 per enfrontar els desafiaments i aprofundir en la seva pr\u00e0ctica espiritual.<\/p><p>\u00a0<\/p>\t\t\t\t\t\t\t\t<\/div>\n\t\t\t\t<\/div>\n\t\t\t\t\t<\/div>\n\t\t\t\t<\/div>\n\t\t\t\t<\/div>","protected":false},"excerpt":{"rendered":"<p><span style=\"font-weight: 400;\">A Camino Viejo, Nubes Blancas, Thich Nhat Hanh reconstrueix la vida del Buda Gautama d'una manera \u00fanica i accessible, narrant la seva hist\u00f2ria des que abandona el palau fins a la seva mort. A trav\u00e9s dels ulls de Svasti, un jove pastor, i del mateix Buda, l'autor teixeix un relat basat en diverses fonts budistes antigues, enfocant-se en la dimensi\u00f3 humana del Buda i els seus desafiaments quotidians, m\u00e9s que no pas en els elements miraculosos tradicionalment associats a la seva vida. El monjo vietnamita, reconegut activista per la pau i nominat al Premi Nobel, ofereix una visi\u00f3 \u00edntima i propera del Buda com a \u00e9sser hum\u00e0 que va enfrontar dificultats reals tant a la societat civil com amb els seus propis deixebles.<\/span><\/p>","protected":false},"featured_media":6358,"comment_status":"open","ping_status":"closed","template":"elementor_theme","meta":[],"product_brand":[],"product_cat":[245,161],"product_tag":[260,240],"class_list":{"0":"post-3801","1":"product","2":"type-product","3":"status-publish","4":"has-post-thumbnail","6":"product_cat-ediciones-dharma","7":"product_cat-libros","8":"product_tag-biografia","9":"product_tag-thich-nhat-hanh","11":"first","12":"instock","13":"taxable","14":"shipping-taxable","15":"purchasable","16":"product-type-simple"},"supplier_id":null,"supplier_sku":"","barcode":null,"atum_controlled":true,"out_stock_date":null,"out_stock_threshold":null,"inheritable":false,"inbound_stock":0,"stock_on_hold":0,"sold_today":0,"sales_last_days":0,"reserved_stock":0,"customer_returns":0,"warehouse_damage":0,"lost_in_post":0,"other_logs":0,"out_stock_days":0,"lost_sales":0,"has_location":false,"update_date":"2026-04-15T02:05:55","atum_locations":[],"atum_stock_status":"instock","restock_status":false,"low_stock_amount":"","sales_update_date":"2026-04-15T02:05:55","calc_backorders":null,"yoast_head":"<!-- This site is optimized with the Yoast SEO plugin v26.9 - https:\/\/yoast.com\/product\/yoast-seo-wordpress\/ -->\n<title>Camino viejo, nubes blancas - C\u00e0ntir<\/title>\n<meta name=\"robots\" content=\"index, follow, max-snippet:-1, max-image-preview:large, max-video-preview:-1\" \/>\n<link rel=\"canonical\" href=\"https:\/\/cantir.art\/ca\/producte\/camino-viejo-nubes-blancas\/\" \/>\n<meta property=\"og:locale\" content=\"ca_ES\" \/>\n<meta property=\"og:type\" content=\"article\" \/>\n<meta property=\"og:title\" content=\"Camino viejo, nubes blancas - C\u00e0ntir\" \/>\n<meta property=\"og:description\" content=\"En Camino Viejo, Nubes Blancas, Thich Nhat Hanh reconstruye la vida del Buda Gautama de una manera \u00fanica y accesible, narrando su historia desde que abandona el palacio hasta su fallecimiento. A trav\u00e9s de los ojos de Svasti, un joven pastor, y del propio Buda, el autor teje un relato basado en diversas fuentes budistas antiguas, enfoc\u00e1ndose en la dimensi\u00f3n humana del Buda y sus desaf\u00edos cotidianos, m\u00e1s que en los elementos milagrosos tradicionalmente asociados a su vida. El monje vietnamita, reconocido activista por la paz y nominado al Premio Nobel, ofrece una visi\u00f3n \u00edntima y cercana del Buda como ser humano que enfrent\u00f3 dificultades reales tanto en la sociedad civil como con sus propios disc\u00edpulos.\" \/>\n<meta property=\"og:url\" content=\"https:\/\/cantir.art\/ca\/producte\/camino-viejo-nubes-blancas\/\" \/>\n<meta property=\"og:site_name\" content=\"C\u00e0ntir\" \/>\n<meta property=\"article:modified_time\" content=\"2026-02-04T08:43:25+00:00\" \/>\n<meta property=\"og:image\" content=\"https:\/\/cantir.art\/wp-content\/uploads\/2025\/09\/CAMINO-VIEJO-NUBES-BLANCAS-C-scaled-2.jpg\" \/>\n\t<meta property=\"og:image:width\" content=\"1922\" \/>\n\t<meta property=\"og:image:height\" content=\"2560\" \/>\n\t<meta property=\"og:image:type\" content=\"image\/jpeg\" \/>\n<meta name=\"twitter:card\" content=\"summary_large_image\" \/>\n<meta name=\"twitter:label1\" content=\"Temps estimat de lectura\" \/>\n\t<meta name=\"twitter:data1\" content=\"2 minuts\" \/>\n<script type=\"application\/ld+json\" class=\"yoast-schema-graph\">{\"@context\":\"https:\/\/schema.org\",\"@graph\":[{\"@type\":\"WebPage\",\"@id\":\"https:\/\/cantir.art\/producto\/camino-viejo-nubes-blancas\/\",\"url\":\"https:\/\/cantir.art\/producto\/camino-viejo-nubes-blancas\/\",\"name\":\"Camino viejo, nubes blancas - C\u00e0ntir\",\"isPartOf\":{\"@id\":\"https:\/\/cantir.art\/#website\"},\"primaryImageOfPage\":{\"@id\":\"https:\/\/cantir.art\/producto\/camino-viejo-nubes-blancas\/#primaryimage\"},\"image\":{\"@id\":\"https:\/\/cantir.art\/producto\/camino-viejo-nubes-blancas\/#primaryimage\"},\"thumbnailUrl\":\"https:\/\/i0.wp.com\/cantir.art\/wp-content\/uploads\/2025\/09\/CAMINO-VIEJO-NUBES-BLANCAS-C-scaled-2.jpg?fit=1922%2C2560&ssl=1\",\"datePublished\":\"2025-01-17T16:30:58+00:00\",\"dateModified\":\"2026-02-04T08:43:25+00:00\",\"breadcrumb\":{\"@id\":\"https:\/\/cantir.art\/producto\/camino-viejo-nubes-blancas\/#breadcrumb\"},\"inLanguage\":\"ca\",\"potentialAction\":[{\"@type\":\"ReadAction\",\"target\":[\"https:\/\/cantir.art\/producto\/camino-viejo-nubes-blancas\/\"]}]},{\"@type\":\"ImageObject\",\"inLanguage\":\"ca\",\"@id\":\"https:\/\/cantir.art\/producto\/camino-viejo-nubes-blancas\/#primaryimage\",\"url\":\"https:\/\/i0.wp.com\/cantir.art\/wp-content\/uploads\/2025\/09\/CAMINO-VIEJO-NUBES-BLANCAS-C-scaled-2.jpg?fit=1922%2C2560&ssl=1\",\"contentUrl\":\"https:\/\/i0.wp.com\/cantir.art\/wp-content\/uploads\/2025\/09\/CAMINO-VIEJO-NUBES-BLANCAS-C-scaled-2.jpg?fit=1922%2C2560&ssl=1\",\"width\":1922,\"height\":2560},{\"@type\":\"BreadcrumbList\",\"@id\":\"https:\/\/cantir.art\/producto\/camino-viejo-nubes-blancas\/#breadcrumb\",\"itemListElement\":[{\"@type\":\"ListItem\",\"position\":1,\"name\":\"Portada\",\"item\":\"https:\/\/cantir.art\/\"},{\"@type\":\"ListItem\",\"position\":2,\"name\":\"NEW Tienda\",\"item\":\"https:\/\/cantir.art\/en\/new-tienda\/\"},{\"@type\":\"ListItem\",\"position\":3,\"name\":\"Camino viejo, nubes blancas\"}]},{\"@type\":\"WebSite\",\"@id\":\"https:\/\/cantir.art\/#website\",\"url\":\"https:\/\/cantir.art\/\",\"name\":\"C\u00e0ntir\",\"description\":\"Simbolismo budista y est\u00e9tica mediterr\u00e1nea en objetos que conectan pr\u00e1ctica y cotidianidad\",\"publisher\":{\"@id\":\"https:\/\/cantir.art\/#organization\"},\"potentialAction\":[{\"@type\":\"SearchAction\",\"target\":{\"@type\":\"EntryPoint\",\"urlTemplate\":\"https:\/\/cantir.art\/?s={search_term_string}\"},\"query-input\":{\"@type\":\"PropertyValueSpecification\",\"valueRequired\":true,\"valueName\":\"search_term_string\"}}],\"inLanguage\":\"ca\"},{\"@type\":\"Organization\",\"@id\":\"https:\/\/cantir.art\/#organization\",\"name\":\"C\u00e0ntir\",\"url\":\"https:\/\/cantir.art\/\",\"logo\":{\"@type\":\"ImageObject\",\"inLanguage\":\"ca\",\"@id\":\"https:\/\/cantir.art\/#\/schema\/logo\/image\/\",\"url\":\"https:\/\/i0.wp.com\/cantir.art\/wp-content\/uploads\/2025\/01\/cantir-10.png?fit=2551%2C1060&ssl=1\",\"contentUrl\":\"https:\/\/i0.wp.com\/cantir.art\/wp-content\/uploads\/2025\/01\/cantir-10.png?fit=2551%2C1060&ssl=1\",\"width\":2551,\"height\":1060,\"caption\":\"C\u00e0ntir\"},\"image\":{\"@id\":\"https:\/\/cantir.art\/#\/schema\/logo\/image\/\"}}]}<\/script>\n<!-- \/ Yoast SEO plugin. -->","yoast_head_json":{"title":"Camino viejo, nubes blancas - C\u00e0ntir","robots":{"index":"index","follow":"follow","max-snippet":"max-snippet:-1","max-image-preview":"max-image-preview:large","max-video-preview":"max-video-preview:-1"},"canonical":"https:\/\/cantir.art\/ca\/producte\/camino-viejo-nubes-blancas\/","og_locale":"ca_ES","og_type":"article","og_title":"Camino viejo, nubes blancas - C\u00e0ntir","og_description":"En Camino Viejo, Nubes Blancas, Thich Nhat Hanh reconstruye la vida del Buda Gautama de una manera \u00fanica y accesible, narrando su historia desde que abandona el palacio hasta su fallecimiento. A trav\u00e9s de los ojos de Svasti, un joven pastor, y del propio Buda, el autor teje un relato basado en diversas fuentes budistas antiguas, enfoc\u00e1ndose en la dimensi\u00f3n humana del Buda y sus desaf\u00edos cotidianos, m\u00e1s que en los elementos milagrosos tradicionalmente asociados a su vida. El monje vietnamita, reconocido activista por la paz y nominado al Premio Nobel, ofrece una visi\u00f3n \u00edntima y cercana del Buda como ser humano que enfrent\u00f3 dificultades reales tanto en la sociedad civil como con sus propios disc\u00edpulos.","og_url":"https:\/\/cantir.art\/ca\/producte\/camino-viejo-nubes-blancas\/","og_site_name":"C\u00e0ntir","article_modified_time":"2026-02-04T08:43:25+00:00","og_image":[{"width":1922,"height":2560,"url":"https:\/\/cantir.art\/wp-content\/uploads\/2025\/09\/CAMINO-VIEJO-NUBES-BLANCAS-C-scaled-2.jpg","type":"image\/jpeg"}],"twitter_card":"summary_large_image","twitter_misc":{"Temps estimat de lectura":"2 minuts"},"schema":{"@context":"https:\/\/schema.org","@graph":[{"@type":"WebPage","@id":"https:\/\/cantir.art\/producto\/camino-viejo-nubes-blancas\/","url":"https:\/\/cantir.art\/producto\/camino-viejo-nubes-blancas\/","name":"Camino viejo, nubes blancas - C\u00e0ntir","isPartOf":{"@id":"https:\/\/cantir.art\/#website"},"primaryImageOfPage":{"@id":"https:\/\/cantir.art\/producto\/camino-viejo-nubes-blancas\/#primaryimage"},"image":{"@id":"https:\/\/cantir.art\/producto\/camino-viejo-nubes-blancas\/#primaryimage"},"thumbnailUrl":"https:\/\/i0.wp.com\/cantir.art\/wp-content\/uploads\/2025\/09\/CAMINO-VIEJO-NUBES-BLANCAS-C-scaled-2.jpg?fit=1922%2C2560&ssl=1","datePublished":"2025-01-17T16:30:58+00:00","dateModified":"2026-02-04T08:43:25+00:00","breadcrumb":{"@id":"https:\/\/cantir.art\/producto\/camino-viejo-nubes-blancas\/#breadcrumb"},"inLanguage":"ca","potentialAction":[{"@type":"ReadAction","target":["https:\/\/cantir.art\/producto\/camino-viejo-nubes-blancas\/"]}]},{"@type":"ImageObject","inLanguage":"ca","@id":"https:\/\/cantir.art\/producto\/camino-viejo-nubes-blancas\/#primaryimage","url":"https:\/\/i0.wp.com\/cantir.art\/wp-content\/uploads\/2025\/09\/CAMINO-VIEJO-NUBES-BLANCAS-C-scaled-2.jpg?fit=1922%2C2560&ssl=1","contentUrl":"https:\/\/i0.wp.com\/cantir.art\/wp-content\/uploads\/2025\/09\/CAMINO-VIEJO-NUBES-BLANCAS-C-scaled-2.jpg?fit=1922%2C2560&ssl=1","width":1922,"height":2560},{"@type":"BreadcrumbList","@id":"https:\/\/cantir.art\/producto\/camino-viejo-nubes-blancas\/#breadcrumb","itemListElement":[{"@type":"ListItem","position":1,"name":"Portada","item":"https:\/\/cantir.art\/"},{"@type":"ListItem","position":2,"name":"NEW Tienda","item":"https:\/\/cantir.art\/en\/new-tienda\/"},{"@type":"ListItem","position":3,"name":"Camino viejo, nubes blancas"}]},{"@type":"WebSite","@id":"https:\/\/cantir.art\/#website","url":"https:\/\/cantir.art\/","name":"C\u00e0ntir","description":"Simbolisme budista i est\u00e8tica mediterr\u00e0nia en objectes que connecten pr\u00e0ctica i quotidianitat","publisher":{"@id":"https:\/\/cantir.art\/#organization"},"potentialAction":[{"@type":"SearchAction","target":{"@type":"EntryPoint","urlTemplate":"https:\/\/cantir.art\/?s={search_term_string}"},"query-input":{"@type":"PropertyValueSpecification","valueRequired":true,"valueName":"search_term_string"}}],"inLanguage":"ca"},{"@type":"Organization","@id":"https:\/\/cantir.art\/#organization","name":"C\u00e0ntir","url":"https:\/\/cantir.art\/","logo":{"@type":"ImageObject","inLanguage":"ca","@id":"https:\/\/cantir.art\/#\/schema\/logo\/image\/","url":"https:\/\/i0.wp.com\/cantir.art\/wp-content\/uploads\/2025\/01\/cantir-10.png?fit=2551%2C1060&ssl=1","contentUrl":"https:\/\/i0.wp.com\/cantir.art\/wp-content\/uploads\/2025\/01\/cantir-10.png?fit=2551%2C1060&ssl=1","width":2551,"height":1060,"caption":"C\u00e0ntir"},"image":{"@id":"https:\/\/cantir.art\/#\/schema\/logo\/image\/"}}]}},"jetpack_sharing_enabled":true,"_links":{"self":[{"href":"https:\/\/cantir.art\/ca\/wp-json\/wp\/v2\/product\/3801","targetHints":{"allow":["GET"]}}],"collection":[{"href":"https:\/\/cantir.art\/ca\/wp-json\/wp\/v2\/product"}],"about":[{"href":"https:\/\/cantir.art\/ca\/wp-json\/wp\/v2\/types\/product"}],"replies":[{"embeddable":true,"href":"https:\/\/cantir.art\/ca\/wp-json\/wp\/v2\/comments?post=3801"}],"version-history":[{"count":6,"href":"https:\/\/cantir.art\/ca\/wp-json\/wp\/v2\/product\/3801\/revisions"}],"predecessor-version":[{"id":6359,"href":"https:\/\/cantir.art\/ca\/wp-json\/wp\/v2\/product\/3801\/revisions\/6359"}],"wp:featuredmedia":[{"embeddable":true,"href":"https:\/\/cantir.art\/ca\/wp-json\/wp\/v2\/media\/6358"}],"wp:attachment":[{"href":"https:\/\/cantir.art\/ca\/wp-json\/wp\/v2\/media?parent=3801"}],"wp:term":[{"taxonomy":"product_brand","embeddable":true,"href":"https:\/\/cantir.art\/ca\/wp-json\/wp\/v2\/product_brand?post=3801"},{"taxonomy":"product_cat","embeddable":true,"href":"https:\/\/cantir.art\/ca\/wp-json\/wp\/v2\/product_cat?post=3801"},{"taxonomy":"product_tag","embeddable":true,"href":"https:\/\/cantir.art\/ca\/wp-json\/wp\/v2\/product_tag?post=3801"}],"curies":[{"name":"wp","href":"https:\/\/api.w.org\/{rel}","templated":true}]}}