{"id":3803,"date":"2025-01-17T17:32:51","date_gmt":"2025-01-17T16:32:51","guid":{"rendered":"https:\/\/cantir.art\/?post_type=product&#038;p=3803"},"modified":"2025-09-26T17:58:00","modified_gmt":"2025-09-26T15:58:00","slug":"carta-a-un-amigo","status":"publish","type":"product","link":"https:\/\/cantir.art\/ca\/producte\/carta-a-un-amigo\/","title":{"rendered":"Carta a un amic"},"content":{"rendered":"<div data-elementor-type=\"wp-post\" data-elementor-id=\"3803\" class=\"elementor elementor-3803\">\n\t\t\t\t<div class=\"elementor-element elementor-element-52048079 e-flex e-con-boxed e-con e-parent\" data-id=\"52048079\" data-element_type=\"container\">\n\t\t\t\t\t<div class=\"e-con-inner\">\n\t\t\t\t<div class=\"elementor-element elementor-element-14ef9cb8 elementor-widget elementor-widget-text-editor\" data-id=\"14ef9cb8\" data-element_type=\"widget\" data-widget_type=\"text-editor.default\">\n\t\t\t\t<div class=\"elementor-widget-container\">\n\t\t\t\t\t\t\t\t\t<p>Nagarjuna, un dels fil\u00f2sofs m\u00e9s influents del budisme Mahayana, \u00e9s conegut per la seva profunda comprensi\u00f3 de la vacu\u00eftat (<em>shunyata<\/em>) i pels seus ensenyaments sobre la naturalesa interdependent de tots els fen\u00f2mens. La seva obra m\u00e9s famosa, <em>M\u016blamadhyamakak\u0101rik\u0101<\/em> (Fonamentals de la Via Mitjana), estableix les bases de la vacu\u00eftat, desafiant les concepcions fixes sobre la realitat. El seu enfocament subratlla que qualsevol fenomen \u00e9s buit d'exist\u00e8ncia inherent i dep\u00e8n de causes i condicions.<\/p><p>Al seu <em>Carta a un Amigo<\/em>, Nagarjuna ofereix consells pr\u00e0ctics sobre com viure una vida virtuosa i cultivar una ment s\u00e0via i compassiva. Dirigida a un deixeble proper, aquesta carta \u00e9s un text ple d'ensenyaments \u00e8tics i meditatius, que convida els practicants a evitar els vicis, cultivar la paci\u00e8ncia i la generositat i mantenir una ment clara. \u00c9s una obra essencial que mostra el cam\u00ed cap a l'alliberament, basat en la saviesa i el comportament \u00e8tic.<\/p>\t\t\t\t\t\t\t\t<\/div>\n\t\t\t\t<\/div>\n\t\t\t\t\t<\/div>\n\t\t\t\t<\/div>\n\t\t\t\t<\/div>","protected":false},"excerpt":{"rendered":"<p><span style=\"font-weight: 400;\">La Carta a un amic, una obra fonamental en la literatura budista, \u00e9s una s\u00e8rie d'ensenyaments redactats per l'il\u00b7lustre Nagarjuna, fundador del Cam\u00ed Mitj\u00e0, destinat a un jove monarca proper. Aquesta composici\u00f3 plasma en cent vint-i-tres versos l'ess\u00e8ncia del Gran Vehicle, abastant des dels principis b\u00e0sics fins a la contemplaci\u00f3 profunda. El destacat mentor Kangyur Rinpoch\u00e9 desenvolupa la seva interpretaci\u00f3 basant-se en les sis virtuts supremes, dedicant un \u00e8mfasi especial al coneixement, que ocupa gaireb\u00e9 la meitat del text. Aquesta obra mestra, eternament rellevant, constitueix una guia que, en ser estudiada i aplicada, condueix inevitablement al seu prop\u00f2sit essencial: assolir el despertar definitiu m\u00e9s enll\u00e0 dels extrems.<\/span><\/p>","protected":false},"featured_media":6362,"comment_status":"open","ping_status":"closed","template":"elementor_theme","meta":[],"product_brand":[],"product_cat":[161,166],"product_tag":[272],"class_list":{"0":"post-3803","1":"product","2":"type-product","3":"status-publish","4":"has-post-thumbnail","6":"product_cat-libros","7":"product_cat-padmapani","8":"product_tag-nagarjuna","10":"first","11":"instock","12":"taxable","13":"shipping-taxable","14":"purchasable","15":"product-type-simple"},"supplier_id":null,"supplier_sku":"","barcode":null,"atum_controlled":true,"out_stock_date":null,"out_stock_threshold":null,"inheritable":false,"inbound_stock":null,"stock_on_hold":0,"sold_today":0,"sales_last_days":0,"reserved_stock":null,"customer_returns":null,"warehouse_damage":null,"lost_in_post":null,"other_logs":null,"out_stock_days":0,"lost_sales":0,"has_location":false,"update_date":"2026-04-14T02:05:40","atum_locations":[],"atum_stock_status":"instock","restock_status":false,"low_stock_amount":"","sales_update_date":"2026-04-14T02:05:40","calc_backorders":null,"yoast_head":"<!-- This site is optimized with the Yoast SEO plugin v26.9 - https:\/\/yoast.com\/product\/yoast-seo-wordpress\/ -->\n<title>Carta a un amigo - C\u00e0ntir<\/title>\n<meta name=\"robots\" content=\"index, follow, max-snippet:-1, max-image-preview:large, max-video-preview:-1\" \/>\n<link rel=\"canonical\" href=\"https:\/\/cantir.art\/ca\/producte\/carta-a-un-amigo\/\" \/>\n<meta property=\"og:locale\" content=\"ca_ES\" \/>\n<meta property=\"og:type\" content=\"article\" \/>\n<meta property=\"og:title\" content=\"Carta a un amigo - C\u00e0ntir\" \/>\n<meta property=\"og:description\" content=\"La Carta a un amigo, una obra fundamental en la literatura budista, es una serie de ense\u00f1anzas redactada por el ilustre Nagarjuna, fundador del Camino Medio, destinada a un joven monarca cercano. Esta composici\u00f3n plasma en ciento veintitr\u00e9s versos la esencia del Gran Veh\u00edculo, abarcando desde los principios b\u00e1sicos hasta la contemplaci\u00f3n profunda. El destacado mentor Kangyur Rinpoch\u00e9 desarrolla su interpretaci\u00f3n bas\u00e1ndose en las seis virtudes supremas, dedicando especial \u00e9nfasis al conocimiento, que ocupa casi la mitad del texto. Esta obra maestra, eternamente relevante, constituye una gu\u00eda que, al ser estudiada y aplicada, conduce inevitablemente a su prop\u00f3sito esencial: alcanzar el Despertar definitivo m\u00e1s all\u00e1 de los extremos.\" \/>\n<meta property=\"og:url\" content=\"https:\/\/cantir.art\/ca\/producte\/carta-a-un-amigo\/\" \/>\n<meta property=\"og:site_name\" content=\"C\u00e0ntir\" \/>\n<meta property=\"article:modified_time\" content=\"2025-09-26T15:58:00+00:00\" \/>\n<meta property=\"og:image\" content=\"https:\/\/cantir.art\/wp-content\/uploads\/2025\/09\/CARTA-A-UN-AMIGO-A-scaled-2.jpg\" \/>\n\t<meta property=\"og:image:width\" content=\"1922\" \/>\n\t<meta property=\"og:image:height\" content=\"2560\" \/>\n\t<meta property=\"og:image:type\" content=\"image\/jpeg\" \/>\n<meta name=\"twitter:card\" content=\"summary_large_image\" \/>\n<meta name=\"twitter:label1\" content=\"Temps estimat de lectura\" \/>\n\t<meta name=\"twitter:data1\" content=\"1 minut\" \/>\n<script type=\"application\/ld+json\" class=\"yoast-schema-graph\">{\"@context\":\"https:\/\/schema.org\",\"@graph\":[{\"@type\":\"WebPage\",\"@id\":\"https:\/\/cantir.art\/producto\/carta-a-un-amigo\/\",\"url\":\"https:\/\/cantir.art\/producto\/carta-a-un-amigo\/\",\"name\":\"Carta a un amigo - C\u00e0ntir\",\"isPartOf\":{\"@id\":\"https:\/\/cantir.art\/#website\"},\"primaryImageOfPage\":{\"@id\":\"https:\/\/cantir.art\/producto\/carta-a-un-amigo\/#primaryimage\"},\"image\":{\"@id\":\"https:\/\/cantir.art\/producto\/carta-a-un-amigo\/#primaryimage\"},\"thumbnailUrl\":\"https:\/\/i0.wp.com\/cantir.art\/wp-content\/uploads\/2025\/09\/CARTA-A-UN-AMIGO-A-scaled-2.jpg?fit=1922%2C2560&ssl=1\",\"datePublished\":\"2025-01-17T16:32:51+00:00\",\"dateModified\":\"2025-09-26T15:58:00+00:00\",\"breadcrumb\":{\"@id\":\"https:\/\/cantir.art\/producto\/carta-a-un-amigo\/#breadcrumb\"},\"inLanguage\":\"ca\",\"potentialAction\":[{\"@type\":\"ReadAction\",\"target\":[\"https:\/\/cantir.art\/producto\/carta-a-un-amigo\/\"]}]},{\"@type\":\"ImageObject\",\"inLanguage\":\"ca\",\"@id\":\"https:\/\/cantir.art\/producto\/carta-a-un-amigo\/#primaryimage\",\"url\":\"https:\/\/i0.wp.com\/cantir.art\/wp-content\/uploads\/2025\/09\/CARTA-A-UN-AMIGO-A-scaled-2.jpg?fit=1922%2C2560&ssl=1\",\"contentUrl\":\"https:\/\/i0.wp.com\/cantir.art\/wp-content\/uploads\/2025\/09\/CARTA-A-UN-AMIGO-A-scaled-2.jpg?fit=1922%2C2560&ssl=1\",\"width\":1922,\"height\":2560},{\"@type\":\"BreadcrumbList\",\"@id\":\"https:\/\/cantir.art\/producto\/carta-a-un-amigo\/#breadcrumb\",\"itemListElement\":[{\"@type\":\"ListItem\",\"position\":1,\"name\":\"Portada\",\"item\":\"https:\/\/cantir.art\/\"},{\"@type\":\"ListItem\",\"position\":2,\"name\":\"NEW Tienda\",\"item\":\"https:\/\/cantir.art\/en\/new-tienda\/\"},{\"@type\":\"ListItem\",\"position\":3,\"name\":\"Carta a un amigo\"}]},{\"@type\":\"WebSite\",\"@id\":\"https:\/\/cantir.art\/#website\",\"url\":\"https:\/\/cantir.art\/\",\"name\":\"C\u00e0ntir\",\"description\":\"Simbolismo budista y est\u00e9tica mediterr\u00e1nea en objetos que conectan pr\u00e1ctica y cotidianidad\",\"publisher\":{\"@id\":\"https:\/\/cantir.art\/#organization\"},\"potentialAction\":[{\"@type\":\"SearchAction\",\"target\":{\"@type\":\"EntryPoint\",\"urlTemplate\":\"https:\/\/cantir.art\/?s={search_term_string}\"},\"query-input\":{\"@type\":\"PropertyValueSpecification\",\"valueRequired\":true,\"valueName\":\"search_term_string\"}}],\"inLanguage\":\"ca\"},{\"@type\":\"Organization\",\"@id\":\"https:\/\/cantir.art\/#organization\",\"name\":\"C\u00e0ntir\",\"url\":\"https:\/\/cantir.art\/\",\"logo\":{\"@type\":\"ImageObject\",\"inLanguage\":\"ca\",\"@id\":\"https:\/\/cantir.art\/#\/schema\/logo\/image\/\",\"url\":\"https:\/\/i0.wp.com\/cantir.art\/wp-content\/uploads\/2025\/01\/cantir-10.png?fit=2551%2C1060&ssl=1\",\"contentUrl\":\"https:\/\/i0.wp.com\/cantir.art\/wp-content\/uploads\/2025\/01\/cantir-10.png?fit=2551%2C1060&ssl=1\",\"width\":2551,\"height\":1060,\"caption\":\"C\u00e0ntir\"},\"image\":{\"@id\":\"https:\/\/cantir.art\/#\/schema\/logo\/image\/\"}}]}<\/script>\n<!-- \/ Yoast SEO plugin. -->","yoast_head_json":{"title":"Carta a un amigo - C\u00e0ntir","robots":{"index":"index","follow":"follow","max-snippet":"max-snippet:-1","max-image-preview":"max-image-preview:large","max-video-preview":"max-video-preview:-1"},"canonical":"https:\/\/cantir.art\/ca\/producte\/carta-a-un-amigo\/","og_locale":"ca_ES","og_type":"article","og_title":"Carta a un amigo - C\u00e0ntir","og_description":"La Carta a un amigo, una obra fundamental en la literatura budista, es una serie de ense\u00f1anzas redactada por el ilustre Nagarjuna, fundador del Camino Medio, destinada a un joven monarca cercano. Esta composici\u00f3n plasma en ciento veintitr\u00e9s versos la esencia del Gran Veh\u00edculo, abarcando desde los principios b\u00e1sicos hasta la contemplaci\u00f3n profunda. El destacado mentor Kangyur Rinpoch\u00e9 desarrolla su interpretaci\u00f3n bas\u00e1ndose en las seis virtudes supremas, dedicando especial \u00e9nfasis al conocimiento, que ocupa casi la mitad del texto. Esta obra maestra, eternamente relevante, constituye una gu\u00eda que, al ser estudiada y aplicada, conduce inevitablemente a su prop\u00f3sito esencial: alcanzar el Despertar definitivo m\u00e1s all\u00e1 de los extremos.","og_url":"https:\/\/cantir.art\/ca\/producte\/carta-a-un-amigo\/","og_site_name":"C\u00e0ntir","article_modified_time":"2025-09-26T15:58:00+00:00","og_image":[{"width":1922,"height":2560,"url":"https:\/\/cantir.art\/wp-content\/uploads\/2025\/09\/CARTA-A-UN-AMIGO-A-scaled-2.jpg","type":"image\/jpeg"}],"twitter_card":"summary_large_image","twitter_misc":{"Temps estimat de lectura":"1 minut"},"schema":{"@context":"https:\/\/schema.org","@graph":[{"@type":"WebPage","@id":"https:\/\/cantir.art\/producto\/carta-a-un-amigo\/","url":"https:\/\/cantir.art\/producto\/carta-a-un-amigo\/","name":"Carta a un amigo - C\u00e0ntir","isPartOf":{"@id":"https:\/\/cantir.art\/#website"},"primaryImageOfPage":{"@id":"https:\/\/cantir.art\/producto\/carta-a-un-amigo\/#primaryimage"},"image":{"@id":"https:\/\/cantir.art\/producto\/carta-a-un-amigo\/#primaryimage"},"thumbnailUrl":"https:\/\/i0.wp.com\/cantir.art\/wp-content\/uploads\/2025\/09\/CARTA-A-UN-AMIGO-A-scaled-2.jpg?fit=1922%2C2560&ssl=1","datePublished":"2025-01-17T16:32:51+00:00","dateModified":"2025-09-26T15:58:00+00:00","breadcrumb":{"@id":"https:\/\/cantir.art\/producto\/carta-a-un-amigo\/#breadcrumb"},"inLanguage":"ca","potentialAction":[{"@type":"ReadAction","target":["https:\/\/cantir.art\/producto\/carta-a-un-amigo\/"]}]},{"@type":"ImageObject","inLanguage":"ca","@id":"https:\/\/cantir.art\/producto\/carta-a-un-amigo\/#primaryimage","url":"https:\/\/i0.wp.com\/cantir.art\/wp-content\/uploads\/2025\/09\/CARTA-A-UN-AMIGO-A-scaled-2.jpg?fit=1922%2C2560&ssl=1","contentUrl":"https:\/\/i0.wp.com\/cantir.art\/wp-content\/uploads\/2025\/09\/CARTA-A-UN-AMIGO-A-scaled-2.jpg?fit=1922%2C2560&ssl=1","width":1922,"height":2560},{"@type":"BreadcrumbList","@id":"https:\/\/cantir.art\/producto\/carta-a-un-amigo\/#breadcrumb","itemListElement":[{"@type":"ListItem","position":1,"name":"Portada","item":"https:\/\/cantir.art\/"},{"@type":"ListItem","position":2,"name":"NEW Tienda","item":"https:\/\/cantir.art\/en\/new-tienda\/"},{"@type":"ListItem","position":3,"name":"Carta a un amigo"}]},{"@type":"WebSite","@id":"https:\/\/cantir.art\/#website","url":"https:\/\/cantir.art\/","name":"C\u00e0ntir","description":"Simbolisme budista i est\u00e8tica mediterr\u00e0nia en objectes que connecten pr\u00e0ctica i quotidianitat","publisher":{"@id":"https:\/\/cantir.art\/#organization"},"potentialAction":[{"@type":"SearchAction","target":{"@type":"EntryPoint","urlTemplate":"https:\/\/cantir.art\/?s={search_term_string}"},"query-input":{"@type":"PropertyValueSpecification","valueRequired":true,"valueName":"search_term_string"}}],"inLanguage":"ca"},{"@type":"Organization","@id":"https:\/\/cantir.art\/#organization","name":"C\u00e0ntir","url":"https:\/\/cantir.art\/","logo":{"@type":"ImageObject","inLanguage":"ca","@id":"https:\/\/cantir.art\/#\/schema\/logo\/image\/","url":"https:\/\/i0.wp.com\/cantir.art\/wp-content\/uploads\/2025\/01\/cantir-10.png?fit=2551%2C1060&ssl=1","contentUrl":"https:\/\/i0.wp.com\/cantir.art\/wp-content\/uploads\/2025\/01\/cantir-10.png?fit=2551%2C1060&ssl=1","width":2551,"height":1060,"caption":"C\u00e0ntir"},"image":{"@id":"https:\/\/cantir.art\/#\/schema\/logo\/image\/"}}]}},"jetpack_sharing_enabled":true,"_links":{"self":[{"href":"https:\/\/cantir.art\/ca\/wp-json\/wp\/v2\/product\/3803","targetHints":{"allow":["GET"]}}],"collection":[{"href":"https:\/\/cantir.art\/ca\/wp-json\/wp\/v2\/product"}],"about":[{"href":"https:\/\/cantir.art\/ca\/wp-json\/wp\/v2\/types\/product"}],"replies":[{"embeddable":true,"href":"https:\/\/cantir.art\/ca\/wp-json\/wp\/v2\/comments?post=3803"}],"version-history":[{"count":6,"href":"https:\/\/cantir.art\/ca\/wp-json\/wp\/v2\/product\/3803\/revisions"}],"predecessor-version":[{"id":4586,"href":"https:\/\/cantir.art\/ca\/wp-json\/wp\/v2\/product\/3803\/revisions\/4586"}],"wp:featuredmedia":[{"embeddable":true,"href":"https:\/\/cantir.art\/ca\/wp-json\/wp\/v2\/media\/6362"}],"wp:attachment":[{"href":"https:\/\/cantir.art\/ca\/wp-json\/wp\/v2\/media?parent=3803"}],"wp:term":[{"taxonomy":"product_brand","embeddable":true,"href":"https:\/\/cantir.art\/ca\/wp-json\/wp\/v2\/product_brand?post=3803"},{"taxonomy":"product_cat","embeddable":true,"href":"https:\/\/cantir.art\/ca\/wp-json\/wp\/v2\/product_cat?post=3803"},{"taxonomy":"product_tag","embeddable":true,"href":"https:\/\/cantir.art\/ca\/wp-json\/wp\/v2\/product_tag?post=3803"}],"curies":[{"name":"wp","href":"https:\/\/api.w.org\/{rel}","templated":true}]}}