{"id":3805,"date":"2025-01-17T17:34:54","date_gmt":"2025-01-17T16:34:54","guid":{"rendered":"https:\/\/cantir.art\/?post_type=product&#038;p=3805"},"modified":"2025-09-26T17:53:12","modified_gmt":"2025-09-26T15:53:12","slug":"resistencia-desde-la-cocina","status":"publish","type":"product","link":"https:\/\/cantir.art\/ca\/producte\/resistencia-desde-la-cocina\/","title":{"rendered":"Resist\u00e8ncia des de la Cuina"},"content":{"rendered":"<div data-elementor-type=\"wp-post\" data-elementor-id=\"3805\" class=\"elementor elementor-3805\">\n\t\t\t\t<div class=\"elementor-element elementor-element-52048079 e-flex e-con-boxed e-con e-parent\" data-id=\"52048079\" data-element_type=\"container\">\n\t\t\t\t\t<div class=\"e-con-inner\">\n\t\t\t\t<div class=\"elementor-element elementor-element-14ef9cb8 elementor-widget elementor-widget-text-editor\" data-id=\"14ef9cb8\" data-element_type=\"widget\" data-widget_type=\"text-editor.default\">\n\t\t\t\t<div class=\"elementor-widget-container\">\n\t\t\t\t\t\t\t\t\t<h4>Llibre de Receptes Veg\u00e0: Resist\u00e8ncia des de la Cuina<\/h4><p>Resist\u00e8ncia de la cuina, el llibre de receptes veg\u00e0 de Casa Virupa \u00e9s molt m\u00e9s que un simple receptari. Es tracta d'un recull d'alguns dels men\u00fas elaborats en aquest centre de retirs i meditaci\u00f3, ubicat a Llinars del Vall\u00e8s (Barcelona). A trav\u00e9s de les seves p\u00e0gines, aquest llibre no nom\u00e9s comparteix receptes delicioses basades en ingredients vegetals, sin\u00f3 que tamb\u00e9 convida a reflexionar sobre l'alimentaci\u00f3 com una forma d'ampliar el nostre cercle moral, respectar tots els \u00e9ssers vius i adoptar un estil de vida m\u00e9s sostenible.<\/p><p>A m\u00e9s de les receptes, el llibre de receptes veg\u00e0 inclou una entrevista amb Lama Norbu, mestre resident de Casa Virupa, en qu\u00e8 s'aborden temes com la relaci\u00f3 entre la pr\u00e0ctica espiritual i l'alimentaci\u00f3 conscient. La seva perspectiva ofereix una visi\u00f3 m\u00e9s profunda sobre com el menjar que triem pot estar alineat amb valors de compassi\u00f3 i respecte.<\/p><h4>Edicions Virupa: Publicacions que Inspiren<\/h4><p>Aquest llibre de receptes veg\u00e0 va ser la primera publicaci\u00f3 d'Ediciones Virupa, el segell editorial de Casa Virupa. Des de llavors, l'editorial ha ampliat el cat\u00e0leg amb t\u00edtols que aborden la filosofia budista i el creixement personal. Entre les seves publicacions destaquen traduccions d'obres essencials com \u00ab<a href=\"https:\/\/cantir.art\/ca\/producte\/vivir-es-morir\/\">Viure \u00e9s morir<\/a>\u00bb de Dzongsar Khyentse Rinpoche y \u00ab<a href=\"https:\/\/cantir.art\/ca\/producte\/atravesar-el-materialismo-espiritual\/\">Travessar el materialisme espiritual<\/a>\u00bb de Ch\u00f6gyam Trungpa Rinpoch\u00e9.<\/p>\t\t\t\t\t\t\t\t<\/div>\n\t\t\t\t<\/div>\n\t\t\t\t\t<\/div>\n\t\t\t\t<\/div>\n\t\t\t\t<\/div>","protected":false},"excerpt":{"rendered":"<div class=\"QfrfFD cell\"><span style=\"font-size: 1.125rem;\">El llibre de les delicioses receptes veganes de Casa Virupa. Perqu\u00e8 gaudir cuidant el nostre cos i, alhora, cuidar el nostre m\u00f3n, no nom\u00e9s \u00e9s possible: \u00e9s delici\u00f3s!<\/span><\/div>","protected":false},"featured_media":6364,"comment_status":"open","ping_status":"closed","template":"elementor_theme","meta":[],"product_brand":[],"product_cat":[164,161],"product_tag":[244,243,234],"class_list":{"0":"post-3805","1":"product","2":"type-product","3":"status-publish","4":"has-post-thumbnail","6":"product_cat-ediciones-virupa","7":"product_cat-libros","8":"product_tag-recetario-de-casa-virupa","9":"product_tag-recetas-veganas","10":"product_tag-veganismo","12":"first","13":"instock","14":"taxable","15":"shipping-taxable","16":"purchasable","17":"product-type-simple"},"supplier_id":null,"supplier_sku":"","barcode":null,"atum_controlled":true,"out_stock_date":null,"out_stock_threshold":null,"inheritable":false,"inbound_stock":null,"stock_on_hold":1,"sold_today":1,"sales_last_days":2,"reserved_stock":null,"customer_returns":null,"warehouse_damage":null,"lost_in_post":null,"other_logs":null,"out_stock_days":0,"lost_sales":0,"has_location":false,"update_date":"2026-04-15T08:20:50","atum_locations":[],"atum_stock_status":"instock","restock_status":false,"low_stock_amount":"","sales_update_date":"2026-04-15T08:20:49","calc_backorders":null,"yoast_head":"<!-- This site is optimized with the Yoast SEO plugin v26.9 - https:\/\/yoast.com\/product\/yoast-seo-wordpress\/ -->\n<title>Libro de recetas vegano - Casa Virupa | C\u00c0NTIR \ud83d\udcff<\/title>\n<meta name=\"description\" content=\"Libro de recetas vegano: Resistencia desde la Cocina. Descubre este recetario vegano de Casa Virupa (centro de retiros y meditaci\u00f3n budista).\" \/>\n<meta name=\"robots\" content=\"index, follow, max-snippet:-1, max-image-preview:large, max-video-preview:-1\" \/>\n<link rel=\"canonical\" href=\"https:\/\/cantir.art\/ca\/producte\/resistencia-desde-la-cocina\/\" \/>\n<meta property=\"og:locale\" content=\"ca_ES\" \/>\n<meta property=\"og:type\" content=\"article\" \/>\n<meta property=\"og:title\" content=\"Libro de recetas vegano - Casa Virupa | C\u00c0NTIR \ud83d\udcff\" \/>\n<meta property=\"og:description\" content=\"Libro de recetas vegano: Resistencia desde la Cocina. Descubre este recetario vegano de Casa Virupa (centro de retiros y meditaci\u00f3n budista).\" \/>\n<meta property=\"og:url\" content=\"https:\/\/cantir.art\/ca\/producte\/resistencia-desde-la-cocina\/\" \/>\n<meta property=\"og:site_name\" content=\"C\u00e0ntir\" \/>\n<meta property=\"article:modified_time\" content=\"2025-09-26T15:53:12+00:00\" \/>\n<meta property=\"og:image\" content=\"https:\/\/cantir.art\/wp-content\/uploads\/2025\/09\/RESISTENCIA-DESDE-LA-COCINA-C-scaled-2.jpg\" \/>\n\t<meta property=\"og:image:width\" content=\"1922\" \/>\n\t<meta property=\"og:image:height\" content=\"2560\" \/>\n\t<meta property=\"og:image:type\" content=\"image\/jpeg\" \/>\n<meta name=\"twitter:card\" content=\"summary_large_image\" \/>\n<meta name=\"twitter:label1\" content=\"Temps estimat de lectura\" \/>\n\t<meta name=\"twitter:data1\" content=\"2 minuts\" \/>\n<script type=\"application\/ld+json\" class=\"yoast-schema-graph\">{\"@context\":\"https:\/\/schema.org\",\"@graph\":[{\"@type\":\"WebPage\",\"@id\":\"https:\/\/cantir.art\/producto\/resistencia-desde-la-cocina\/\",\"url\":\"https:\/\/cantir.art\/producto\/resistencia-desde-la-cocina\/\",\"name\":\"Libro de recetas vegano - Casa Virupa | C\u00c0NTIR \ud83d\udcff\",\"isPartOf\":{\"@id\":\"https:\/\/cantir.art\/#website\"},\"primaryImageOfPage\":{\"@id\":\"https:\/\/cantir.art\/producto\/resistencia-desde-la-cocina\/#primaryimage\"},\"image\":{\"@id\":\"https:\/\/cantir.art\/producto\/resistencia-desde-la-cocina\/#primaryimage\"},\"thumbnailUrl\":\"https:\/\/i0.wp.com\/cantir.art\/wp-content\/uploads\/2025\/09\/RESISTENCIA-DESDE-LA-COCINA-C-scaled-2.jpg?fit=1922%2C2560&ssl=1\",\"datePublished\":\"2025-01-17T16:34:54+00:00\",\"dateModified\":\"2025-09-26T15:53:12+00:00\",\"description\":\"Libro de recetas vegano: Resistencia desde la Cocina. Descubre este recetario vegano de Casa Virupa (centro de retiros y meditaci\u00f3n budista).\",\"breadcrumb\":{\"@id\":\"https:\/\/cantir.art\/producto\/resistencia-desde-la-cocina\/#breadcrumb\"},\"inLanguage\":\"ca\",\"potentialAction\":[{\"@type\":\"ReadAction\",\"target\":[\"https:\/\/cantir.art\/producto\/resistencia-desde-la-cocina\/\"]}]},{\"@type\":\"ImageObject\",\"inLanguage\":\"ca\",\"@id\":\"https:\/\/cantir.art\/producto\/resistencia-desde-la-cocina\/#primaryimage\",\"url\":\"https:\/\/i0.wp.com\/cantir.art\/wp-content\/uploads\/2025\/09\/RESISTENCIA-DESDE-LA-COCINA-C-scaled-2.jpg?fit=1922%2C2560&ssl=1\",\"contentUrl\":\"https:\/\/i0.wp.com\/cantir.art\/wp-content\/uploads\/2025\/09\/RESISTENCIA-DESDE-LA-COCINA-C-scaled-2.jpg?fit=1922%2C2560&ssl=1\",\"width\":1922,\"height\":2560},{\"@type\":\"BreadcrumbList\",\"@id\":\"https:\/\/cantir.art\/producto\/resistencia-desde-la-cocina\/#breadcrumb\",\"itemListElement\":[{\"@type\":\"ListItem\",\"position\":1,\"name\":\"Portada\",\"item\":\"https:\/\/cantir.art\/\"},{\"@type\":\"ListItem\",\"position\":2,\"name\":\"NEW Tienda\",\"item\":\"https:\/\/cantir.art\/en\/new-tienda\/\"},{\"@type\":\"ListItem\",\"position\":3,\"name\":\"Resistencia desde la Cocina\"}]},{\"@type\":\"WebSite\",\"@id\":\"https:\/\/cantir.art\/#website\",\"url\":\"https:\/\/cantir.art\/\",\"name\":\"C\u00e0ntir\",\"description\":\"Simbolismo budista y est\u00e9tica mediterr\u00e1nea en objetos que conectan pr\u00e1ctica y cotidianidad\",\"publisher\":{\"@id\":\"https:\/\/cantir.art\/#organization\"},\"potentialAction\":[{\"@type\":\"SearchAction\",\"target\":{\"@type\":\"EntryPoint\",\"urlTemplate\":\"https:\/\/cantir.art\/?s={search_term_string}\"},\"query-input\":{\"@type\":\"PropertyValueSpecification\",\"valueRequired\":true,\"valueName\":\"search_term_string\"}}],\"inLanguage\":\"ca\"},{\"@type\":\"Organization\",\"@id\":\"https:\/\/cantir.art\/#organization\",\"name\":\"C\u00e0ntir\",\"url\":\"https:\/\/cantir.art\/\",\"logo\":{\"@type\":\"ImageObject\",\"inLanguage\":\"ca\",\"@id\":\"https:\/\/cantir.art\/#\/schema\/logo\/image\/\",\"url\":\"https:\/\/i0.wp.com\/cantir.art\/wp-content\/uploads\/2025\/01\/cantir-10.png?fit=2551%2C1060&ssl=1\",\"contentUrl\":\"https:\/\/i0.wp.com\/cantir.art\/wp-content\/uploads\/2025\/01\/cantir-10.png?fit=2551%2C1060&ssl=1\",\"width\":2551,\"height\":1060,\"caption\":\"C\u00e0ntir\"},\"image\":{\"@id\":\"https:\/\/cantir.art\/#\/schema\/logo\/image\/\"}}]}<\/script>\n<!-- \/ Yoast SEO plugin. -->","yoast_head_json":{"title":"Libro de recetas vegano - Casa Virupa | C\u00c0NTIR \ud83d\udcff","description":"Libro de recetas vegano: Resistencia desde la Cocina. Descubre este recetario vegano de Casa Virupa (centro de retiros y meditaci\u00f3n budista).","robots":{"index":"index","follow":"follow","max-snippet":"max-snippet:-1","max-image-preview":"max-image-preview:large","max-video-preview":"max-video-preview:-1"},"canonical":"https:\/\/cantir.art\/ca\/producte\/resistencia-desde-la-cocina\/","og_locale":"ca_ES","og_type":"article","og_title":"Libro de recetas vegano - Casa Virupa | C\u00c0NTIR \ud83d\udcff","og_description":"Libro de recetas vegano: Resistencia desde la Cocina. Descubre este recetario vegano de Casa Virupa (centro de retiros y meditaci\u00f3n budista).","og_url":"https:\/\/cantir.art\/ca\/producte\/resistencia-desde-la-cocina\/","og_site_name":"C\u00e0ntir","article_modified_time":"2025-09-26T15:53:12+00:00","og_image":[{"width":1922,"height":2560,"url":"https:\/\/cantir.art\/wp-content\/uploads\/2025\/09\/RESISTENCIA-DESDE-LA-COCINA-C-scaled-2.jpg","type":"image\/jpeg"}],"twitter_card":"summary_large_image","twitter_misc":{"Temps estimat de lectura":"2 minuts"},"schema":{"@context":"https:\/\/schema.org","@graph":[{"@type":"WebPage","@id":"https:\/\/cantir.art\/producto\/resistencia-desde-la-cocina\/","url":"https:\/\/cantir.art\/producto\/resistencia-desde-la-cocina\/","name":"Libro de recetas vegano - Casa Virupa | C\u00c0NTIR \ud83d\udcff","isPartOf":{"@id":"https:\/\/cantir.art\/#website"},"primaryImageOfPage":{"@id":"https:\/\/cantir.art\/producto\/resistencia-desde-la-cocina\/#primaryimage"},"image":{"@id":"https:\/\/cantir.art\/producto\/resistencia-desde-la-cocina\/#primaryimage"},"thumbnailUrl":"https:\/\/i0.wp.com\/cantir.art\/wp-content\/uploads\/2025\/09\/RESISTENCIA-DESDE-LA-COCINA-C-scaled-2.jpg?fit=1922%2C2560&ssl=1","datePublished":"2025-01-17T16:34:54+00:00","dateModified":"2025-09-26T15:53:12+00:00","description":"Libro de recetas vegano: Resistencia desde la Cocina. Descubre este recetario vegano de Casa Virupa (centro de retiros y meditaci\u00f3n budista).","breadcrumb":{"@id":"https:\/\/cantir.art\/producto\/resistencia-desde-la-cocina\/#breadcrumb"},"inLanguage":"ca","potentialAction":[{"@type":"ReadAction","target":["https:\/\/cantir.art\/producto\/resistencia-desde-la-cocina\/"]}]},{"@type":"ImageObject","inLanguage":"ca","@id":"https:\/\/cantir.art\/producto\/resistencia-desde-la-cocina\/#primaryimage","url":"https:\/\/i0.wp.com\/cantir.art\/wp-content\/uploads\/2025\/09\/RESISTENCIA-DESDE-LA-COCINA-C-scaled-2.jpg?fit=1922%2C2560&ssl=1","contentUrl":"https:\/\/i0.wp.com\/cantir.art\/wp-content\/uploads\/2025\/09\/RESISTENCIA-DESDE-LA-COCINA-C-scaled-2.jpg?fit=1922%2C2560&ssl=1","width":1922,"height":2560},{"@type":"BreadcrumbList","@id":"https:\/\/cantir.art\/producto\/resistencia-desde-la-cocina\/#breadcrumb","itemListElement":[{"@type":"ListItem","position":1,"name":"Portada","item":"https:\/\/cantir.art\/"},{"@type":"ListItem","position":2,"name":"NEW Tienda","item":"https:\/\/cantir.art\/en\/new-tienda\/"},{"@type":"ListItem","position":3,"name":"Resistencia desde la Cocina"}]},{"@type":"WebSite","@id":"https:\/\/cantir.art\/#website","url":"https:\/\/cantir.art\/","name":"C\u00e0ntir","description":"Simbolisme budista i est\u00e8tica mediterr\u00e0nia en objectes que connecten pr\u00e0ctica i quotidianitat","publisher":{"@id":"https:\/\/cantir.art\/#organization"},"potentialAction":[{"@type":"SearchAction","target":{"@type":"EntryPoint","urlTemplate":"https:\/\/cantir.art\/?s={search_term_string}"},"query-input":{"@type":"PropertyValueSpecification","valueRequired":true,"valueName":"search_term_string"}}],"inLanguage":"ca"},{"@type":"Organization","@id":"https:\/\/cantir.art\/#organization","name":"C\u00e0ntir","url":"https:\/\/cantir.art\/","logo":{"@type":"ImageObject","inLanguage":"ca","@id":"https:\/\/cantir.art\/#\/schema\/logo\/image\/","url":"https:\/\/i0.wp.com\/cantir.art\/wp-content\/uploads\/2025\/01\/cantir-10.png?fit=2551%2C1060&ssl=1","contentUrl":"https:\/\/i0.wp.com\/cantir.art\/wp-content\/uploads\/2025\/01\/cantir-10.png?fit=2551%2C1060&ssl=1","width":2551,"height":1060,"caption":"C\u00e0ntir"},"image":{"@id":"https:\/\/cantir.art\/#\/schema\/logo\/image\/"}}]}},"jetpack_sharing_enabled":true,"_links":{"self":[{"href":"https:\/\/cantir.art\/ca\/wp-json\/wp\/v2\/product\/3805","targetHints":{"allow":["GET"]}}],"collection":[{"href":"https:\/\/cantir.art\/ca\/wp-json\/wp\/v2\/product"}],"about":[{"href":"https:\/\/cantir.art\/ca\/wp-json\/wp\/v2\/types\/product"}],"replies":[{"embeddable":true,"href":"https:\/\/cantir.art\/ca\/wp-json\/wp\/v2\/comments?post=3805"}],"version-history":[{"count":10,"href":"https:\/\/cantir.art\/ca\/wp-json\/wp\/v2\/product\/3805\/revisions"}],"predecessor-version":[{"id":6365,"href":"https:\/\/cantir.art\/ca\/wp-json\/wp\/v2\/product\/3805\/revisions\/6365"}],"wp:featuredmedia":[{"embeddable":true,"href":"https:\/\/cantir.art\/ca\/wp-json\/wp\/v2\/media\/6364"}],"wp:attachment":[{"href":"https:\/\/cantir.art\/ca\/wp-json\/wp\/v2\/media?parent=3805"}],"wp:term":[{"taxonomy":"product_brand","embeddable":true,"href":"https:\/\/cantir.art\/ca\/wp-json\/wp\/v2\/product_brand?post=3805"},{"taxonomy":"product_cat","embeddable":true,"href":"https:\/\/cantir.art\/ca\/wp-json\/wp\/v2\/product_cat?post=3805"},{"taxonomy":"product_tag","embeddable":true,"href":"https:\/\/cantir.art\/ca\/wp-json\/wp\/v2\/product_tag?post=3805"}],"curies":[{"name":"wp","href":"https:\/\/api.w.org\/{rel}","templated":true}]}}