{"id":4025,"date":"2025-01-19T14:58:47","date_gmt":"2025-01-19T13:58:47","guid":{"rendered":"https:\/\/cantir.art\/?post_type=product&#038;p=4025"},"modified":"2025-09-21T21:01:56","modified_gmt":"2025-09-21T19:01:56","slug":"poster-separarse-de-los-cuatro-apegos","status":"publish","type":"product","link":"https:\/\/cantir.art\/ca\/producte\/poster-separarse-de-los-cuatro-apegos\/","title":{"rendered":"P\u00f2ster Separar-se dels Quatre Apegaments"},"content":{"rendered":"<div data-elementor-type=\"wp-post\" data-elementor-id=\"4025\" class=\"elementor elementor-4025\">\n\t\t\t\t<div class=\"elementor-element elementor-element-52048079 e-flex e-con-boxed e-con e-parent\" data-id=\"52048079\" data-element_type=\"container\">\n\t\t\t\t\t<div class=\"e-con-inner\">\n\t\t\t\t<div class=\"elementor-element elementor-element-14ef9cb8 elementor-widget elementor-widget-text-editor\" data-id=\"14ef9cb8\" data-element_type=\"widget\" data-widget_type=\"text-editor.default\">\n\t\t\t\t<div class=\"elementor-widget-container\">\n\t\t\t\t\t\t\t\t\t<p>Sachen Kunga Nyingpo (1092-1158) va ser un destacat mestre budista tibet\u00e0, considerat un dels fundadors de l'escola Sakya, una de les quatre principals escoles del budisme tibet\u00e0. Fill de Kh\u00f6n K\u00f6nchok Gyalpo, va ser un erudit i practicant espiritual que va transmetre ensenyaments profunds sobre els quatre aferraments, conceptualitzant com l'\u00e9sser hum\u00e0 pot alliberar-se dels vincles mundans que el mantenen atrapat al cicle del patiment. El seu ensenyament fonamental suggereix que mentre un romangui aferrat al regne mund\u00e0, a la fama personal, als plaers temporals i al mateix ego, ser\u00e0 impossible assolir una veritable transformaci\u00f3 espiritual, convidant els practicants a un desaferrament conscient que permeti transcendir les limitacions de la percepci\u00f3 ordin\u00e0ria.<\/p>\t\t\t\t\t\t\t\t<\/div>\n\t\t\t\t<\/div>\n\t\t\t\t\t<\/div>\n\t\t\t\t<\/div>\n\t\t\t\t<\/div>","protected":false},"excerpt":{"rendered":"<div class=\"QfrfFD cell\">Un preci\u00f3s p\u00f2ster dels versos de separar-se dels quatre aferraments en angl\u00e8s, un ensenyament budista profund que descriu com alliberar-se dels obstacles fonamentals que impedeixen avan\u00e7ar en el cam\u00ed espiritual.<\/div>","protected":false},"featured_media":6386,"comment_status":"open","ping_status":"closed","template":"elementor_theme","meta":[],"product_brand":[],"product_cat":[149],"product_tag":[251,213],"class_list":{"0":"post-4025","1":"product","2":"type-product","3":"status-publish","4":"has-post-thumbnail","6":"product_cat-prints","7":"product_tag-prints","8":"product_tag-separarse-de-los-cuatro-apegos","10":"first","11":"instock","12":"taxable","13":"shipping-taxable","14":"purchasable","15":"product-type-variable"},"supplier_id":null,"supplier_sku":"","barcode":null,"atum_controlled":true,"out_stock_date":null,"out_stock_threshold":null,"inheritable":true,"inbound_stock":0,"stock_on_hold":0,"sold_today":0,"sales_last_days":0,"reserved_stock":0,"customer_returns":0,"warehouse_damage":0,"lost_in_post":0,"other_logs":0,"out_stock_days":0,"lost_sales":0,"has_location":false,"update_date":"2026-04-17T02:06:23","atum_locations":[],"atum_stock_status":"instock","restock_status":false,"low_stock_amount":"","sales_update_date":"2026-04-17T02:06:23","calc_backorders":null,"yoast_head":"<!-- This site is optimized with the Yoast SEO plugin v26.9 - https:\/\/yoast.com\/product\/yoast-seo-wordpress\/ -->\n<title>P\u00f3ster Separarse de los Cuatro Apegos - C\u00e0ntir<\/title>\n<meta name=\"robots\" content=\"index, follow, max-snippet:-1, max-image-preview:large, max-video-preview:-1\" \/>\n<link rel=\"canonical\" href=\"https:\/\/cantir.art\/ca\/producte\/poster-separarse-de-los-cuatro-apegos\/\" \/>\n<meta property=\"og:locale\" content=\"ca_ES\" \/>\n<meta property=\"og:type\" content=\"article\" \/>\n<meta property=\"og:title\" content=\"P\u00f3ster Separarse de los Cuatro Apegos - C\u00e0ntir\" \/>\n<meta property=\"og:description\" content=\"Un precioso poster de los versos de separarse de los cuatro apegos en ingl\u00e9s, una ense\u00f1anza budista profunda que describe c\u00f3mo liberarse de los obst\u00e1culos fundamentales que impiden el avanzar en el camino espiritual.\" \/>\n<meta property=\"og:url\" content=\"https:\/\/cantir.art\/ca\/producte\/poster-separarse-de-los-cuatro-apegos\/\" \/>\n<meta property=\"og:site_name\" content=\"C\u00e0ntir\" \/>\n<meta property=\"article:modified_time\" content=\"2025-09-21T19:01:56+00:00\" \/>\n<meta property=\"og:image\" content=\"https:\/\/cantir.art\/wp-content\/uploads\/2025\/01\/FourAttachments_N.webp\" \/>\n\t<meta property=\"og:image:width\" content=\"680\" \/>\n\t<meta property=\"og:image:height\" content=\"920\" \/>\n\t<meta property=\"og:image:type\" content=\"image\/webp\" \/>\n<meta name=\"twitter:card\" content=\"summary_large_image\" \/>\n<meta name=\"twitter:label1\" content=\"Temps estimat de lectura\" \/>\n\t<meta name=\"twitter:data1\" content=\"1 minut\" \/>\n<script type=\"application\/ld+json\" class=\"yoast-schema-graph\">{\"@context\":\"https:\/\/schema.org\",\"@graph\":[{\"@type\":\"WebPage\",\"@id\":\"https:\/\/cantir.art\/producto\/poster-separarse-de-los-cuatro-apegos\/\",\"url\":\"https:\/\/cantir.art\/producto\/poster-separarse-de-los-cuatro-apegos\/\",\"name\":\"P\u00f3ster Separarse de los Cuatro Apegos - C\u00e0ntir\",\"isPartOf\":{\"@id\":\"https:\/\/cantir.art\/#website\"},\"primaryImageOfPage\":{\"@id\":\"https:\/\/cantir.art\/producto\/poster-separarse-de-los-cuatro-apegos\/#primaryimage\"},\"image\":{\"@id\":\"https:\/\/cantir.art\/producto\/poster-separarse-de-los-cuatro-apegos\/#primaryimage\"},\"thumbnailUrl\":\"https:\/\/i0.wp.com\/cantir.art\/wp-content\/uploads\/2025\/09\/4-APEGOS-NEGRO-A-scaled-2.jpg?fit=1920%2C2560&ssl=1\",\"datePublished\":\"2025-01-19T13:58:47+00:00\",\"dateModified\":\"2025-09-21T19:01:56+00:00\",\"breadcrumb\":{\"@id\":\"https:\/\/cantir.art\/producto\/poster-separarse-de-los-cuatro-apegos\/#breadcrumb\"},\"inLanguage\":\"ca\",\"potentialAction\":[{\"@type\":\"ReadAction\",\"target\":[\"https:\/\/cantir.art\/producto\/poster-separarse-de-los-cuatro-apegos\/\"]}]},{\"@type\":\"ImageObject\",\"inLanguage\":\"ca\",\"@id\":\"https:\/\/cantir.art\/producto\/poster-separarse-de-los-cuatro-apegos\/#primaryimage\",\"url\":\"https:\/\/i0.wp.com\/cantir.art\/wp-content\/uploads\/2025\/09\/4-APEGOS-NEGRO-A-scaled-2.jpg?fit=1920%2C2560&ssl=1\",\"contentUrl\":\"https:\/\/i0.wp.com\/cantir.art\/wp-content\/uploads\/2025\/09\/4-APEGOS-NEGRO-A-scaled-2.jpg?fit=1920%2C2560&ssl=1\",\"width\":1920,\"height\":2560},{\"@type\":\"BreadcrumbList\",\"@id\":\"https:\/\/cantir.art\/producto\/poster-separarse-de-los-cuatro-apegos\/#breadcrumb\",\"itemListElement\":[{\"@type\":\"ListItem\",\"position\":1,\"name\":\"Portada\",\"item\":\"https:\/\/cantir.art\/\"},{\"@type\":\"ListItem\",\"position\":2,\"name\":\"NEW Tienda\",\"item\":\"https:\/\/cantir.art\/en\/new-tienda\/\"},{\"@type\":\"ListItem\",\"position\":3,\"name\":\"P\u00f3ster Separarse de los Cuatro Apegos\"}]},{\"@type\":\"WebSite\",\"@id\":\"https:\/\/cantir.art\/#website\",\"url\":\"https:\/\/cantir.art\/\",\"name\":\"C\u00e0ntir\",\"description\":\"Simbolismo budista y est\u00e9tica mediterr\u00e1nea en objetos que conectan pr\u00e1ctica y cotidianidad\",\"publisher\":{\"@id\":\"https:\/\/cantir.art\/#organization\"},\"potentialAction\":[{\"@type\":\"SearchAction\",\"target\":{\"@type\":\"EntryPoint\",\"urlTemplate\":\"https:\/\/cantir.art\/?s={search_term_string}\"},\"query-input\":{\"@type\":\"PropertyValueSpecification\",\"valueRequired\":true,\"valueName\":\"search_term_string\"}}],\"inLanguage\":\"ca\"},{\"@type\":\"Organization\",\"@id\":\"https:\/\/cantir.art\/#organization\",\"name\":\"C\u00e0ntir\",\"url\":\"https:\/\/cantir.art\/\",\"logo\":{\"@type\":\"ImageObject\",\"inLanguage\":\"ca\",\"@id\":\"https:\/\/cantir.art\/#\/schema\/logo\/image\/\",\"url\":\"https:\/\/i0.wp.com\/cantir.art\/wp-content\/uploads\/2025\/01\/cantir-10.png?fit=2551%2C1060&ssl=1\",\"contentUrl\":\"https:\/\/i0.wp.com\/cantir.art\/wp-content\/uploads\/2025\/01\/cantir-10.png?fit=2551%2C1060&ssl=1\",\"width\":2551,\"height\":1060,\"caption\":\"C\u00e0ntir\"},\"image\":{\"@id\":\"https:\/\/cantir.art\/#\/schema\/logo\/image\/\"}}]}<\/script>\n<!-- \/ Yoast SEO plugin. -->","yoast_head_json":{"title":"P\u00f3ster Separarse de los Cuatro Apegos - C\u00e0ntir","robots":{"index":"index","follow":"follow","max-snippet":"max-snippet:-1","max-image-preview":"max-image-preview:large","max-video-preview":"max-video-preview:-1"},"canonical":"https:\/\/cantir.art\/ca\/producte\/poster-separarse-de-los-cuatro-apegos\/","og_locale":"ca_ES","og_type":"article","og_title":"P\u00f3ster Separarse de los Cuatro Apegos - C\u00e0ntir","og_description":"Un precioso poster de los versos de separarse de los cuatro apegos en ingl\u00e9s, una ense\u00f1anza budista profunda que describe c\u00f3mo liberarse de los obst\u00e1culos fundamentales que impiden el avanzar en el camino espiritual.","og_url":"https:\/\/cantir.art\/ca\/producte\/poster-separarse-de-los-cuatro-apegos\/","og_site_name":"C\u00e0ntir","article_modified_time":"2025-09-21T19:01:56+00:00","og_image":[{"width":680,"height":920,"url":"https:\/\/cantir.art\/wp-content\/uploads\/2025\/01\/FourAttachments_N.webp","type":"image\/webp"}],"twitter_card":"summary_large_image","twitter_misc":{"Temps estimat de lectura":"1 minut"},"schema":{"@context":"https:\/\/schema.org","@graph":[{"@type":"WebPage","@id":"https:\/\/cantir.art\/producto\/poster-separarse-de-los-cuatro-apegos\/","url":"https:\/\/cantir.art\/producto\/poster-separarse-de-los-cuatro-apegos\/","name":"P\u00f3ster Separarse de los Cuatro Apegos - C\u00e0ntir","isPartOf":{"@id":"https:\/\/cantir.art\/#website"},"primaryImageOfPage":{"@id":"https:\/\/cantir.art\/producto\/poster-separarse-de-los-cuatro-apegos\/#primaryimage"},"image":{"@id":"https:\/\/cantir.art\/producto\/poster-separarse-de-los-cuatro-apegos\/#primaryimage"},"thumbnailUrl":"https:\/\/i0.wp.com\/cantir.art\/wp-content\/uploads\/2025\/09\/4-APEGOS-NEGRO-A-scaled-2.jpg?fit=1920%2C2560&ssl=1","datePublished":"2025-01-19T13:58:47+00:00","dateModified":"2025-09-21T19:01:56+00:00","breadcrumb":{"@id":"https:\/\/cantir.art\/producto\/poster-separarse-de-los-cuatro-apegos\/#breadcrumb"},"inLanguage":"ca","potentialAction":[{"@type":"ReadAction","target":["https:\/\/cantir.art\/producto\/poster-separarse-de-los-cuatro-apegos\/"]}]},{"@type":"ImageObject","inLanguage":"ca","@id":"https:\/\/cantir.art\/producto\/poster-separarse-de-los-cuatro-apegos\/#primaryimage","url":"https:\/\/i0.wp.com\/cantir.art\/wp-content\/uploads\/2025\/09\/4-APEGOS-NEGRO-A-scaled-2.jpg?fit=1920%2C2560&ssl=1","contentUrl":"https:\/\/i0.wp.com\/cantir.art\/wp-content\/uploads\/2025\/09\/4-APEGOS-NEGRO-A-scaled-2.jpg?fit=1920%2C2560&ssl=1","width":1920,"height":2560},{"@type":"BreadcrumbList","@id":"https:\/\/cantir.art\/producto\/poster-separarse-de-los-cuatro-apegos\/#breadcrumb","itemListElement":[{"@type":"ListItem","position":1,"name":"Portada","item":"https:\/\/cantir.art\/"},{"@type":"ListItem","position":2,"name":"NEW Tienda","item":"https:\/\/cantir.art\/en\/new-tienda\/"},{"@type":"ListItem","position":3,"name":"P\u00f3ster Separarse de los Cuatro Apegos"}]},{"@type":"WebSite","@id":"https:\/\/cantir.art\/#website","url":"https:\/\/cantir.art\/","name":"C\u00e0ntir","description":"Simbolisme budista i est\u00e8tica mediterr\u00e0nia en objectes que connecten pr\u00e0ctica i quotidianitat","publisher":{"@id":"https:\/\/cantir.art\/#organization"},"potentialAction":[{"@type":"SearchAction","target":{"@type":"EntryPoint","urlTemplate":"https:\/\/cantir.art\/?s={search_term_string}"},"query-input":{"@type":"PropertyValueSpecification","valueRequired":true,"valueName":"search_term_string"}}],"inLanguage":"ca"},{"@type":"Organization","@id":"https:\/\/cantir.art\/#organization","name":"C\u00e0ntir","url":"https:\/\/cantir.art\/","logo":{"@type":"ImageObject","inLanguage":"ca","@id":"https:\/\/cantir.art\/#\/schema\/logo\/image\/","url":"https:\/\/i0.wp.com\/cantir.art\/wp-content\/uploads\/2025\/01\/cantir-10.png?fit=2551%2C1060&ssl=1","contentUrl":"https:\/\/i0.wp.com\/cantir.art\/wp-content\/uploads\/2025\/01\/cantir-10.png?fit=2551%2C1060&ssl=1","width":2551,"height":1060,"caption":"C\u00e0ntir"},"image":{"@id":"https:\/\/cantir.art\/#\/schema\/logo\/image\/"}}]}},"jetpack_sharing_enabled":true,"_links":{"self":[{"href":"https:\/\/cantir.art\/ca\/wp-json\/wp\/v2\/product\/4025","targetHints":{"allow":["GET"]}}],"collection":[{"href":"https:\/\/cantir.art\/ca\/wp-json\/wp\/v2\/product"}],"about":[{"href":"https:\/\/cantir.art\/ca\/wp-json\/wp\/v2\/types\/product"}],"replies":[{"embeddable":true,"href":"https:\/\/cantir.art\/ca\/wp-json\/wp\/v2\/comments?post=4025"}],"version-history":[{"count":7,"href":"https:\/\/cantir.art\/ca\/wp-json\/wp\/v2\/product\/4025\/revisions"}],"predecessor-version":[{"id":5729,"href":"https:\/\/cantir.art\/ca\/wp-json\/wp\/v2\/product\/4025\/revisions\/5729"}],"wp:featuredmedia":[{"embeddable":true,"href":"https:\/\/cantir.art\/ca\/wp-json\/wp\/v2\/media\/6386"}],"wp:attachment":[{"href":"https:\/\/cantir.art\/ca\/wp-json\/wp\/v2\/media?parent=4025"}],"wp:term":[{"taxonomy":"product_brand","embeddable":true,"href":"https:\/\/cantir.art\/ca\/wp-json\/wp\/v2\/product_brand?post=4025"},{"taxonomy":"product_cat","embeddable":true,"href":"https:\/\/cantir.art\/ca\/wp-json\/wp\/v2\/product_cat?post=4025"},{"taxonomy":"product_tag","embeddable":true,"href":"https:\/\/cantir.art\/ca\/wp-json\/wp\/v2\/product_tag?post=4025"}],"curies":[{"name":"wp","href":"https:\/\/api.w.org\/{rel}","templated":true}]}}