{"id":4427,"date":"2025-01-25T17:20:22","date_gmt":"2025-01-25T16:20:22","guid":{"rendered":"https:\/\/cantir.art\/?post_type=product&#038;p=4427"},"modified":"2026-01-17T12:12:39","modified_gmt":"2026-01-17T11:12:39","slug":"la-vida-del-bodhisattva","status":"publish","type":"product","link":"https:\/\/cantir.art\/ca\/producte\/la-vida-del-bodhisattva\/","title":{"rendered":"La Vida del Bodhisattva"},"content":{"rendered":"<div data-elementor-type=\"wp-post\" data-elementor-id=\"4427\" class=\"elementor elementor-4427\">\n\t\t\t\t<div class=\"elementor-element elementor-element-52048079 e-flex e-con-boxed e-con e-parent\" data-id=\"52048079\" data-element_type=\"container\">\n\t\t\t\t\t<div class=\"e-con-inner\">\n\t\t\t\t<div class=\"elementor-element elementor-element-14ef9cb8 elementor-widget elementor-widget-text-editor\" data-id=\"14ef9cb8\" data-element_type=\"widget\" data-widget_type=\"text-editor.default\">\n\t\t\t\t<div class=\"elementor-widget-container\">\n\t\t\t\t\t\t\t\t\t<div class=\"font-claude-message  pr-4  md:pr-9  relative  leading-[1.65rem]  [&amp;_pre&gt;div]:bg-bg-300  [&amp;_.ignore-pre-bg&gt;div]:bg-transparent  [&amp;_pre]:-mr-4  md:[&amp;_pre]:-mr-9\" style=\"font-style: normal; font-variant-caps: normal; font-weight: 400; letter-spacing: normal; orphans: auto; text-align: start; text-indent: 0px; text-transform: none; white-space: normal; widows: auto; word-spacing: 0px; -webkit-text-stroke-width: 0px; text-decoration: none; caret-color: #000000; color: #000000;\"><div><div class=\"grid-cols-1 grid gap-2.5 [&amp;_&gt;_*]:min-w-0\"><p class=\"whitespace-pre-wrap break-words\">Conegut com un dels pilars del pensament budista Mahayana, Shantideva va revolucionar la comprensi\u00f3 del cam\u00ed espiritual a l&#039;\u00cdndia del segle VIII. Encara que inicialment va ser considerat un monjo mandr\u00f3s a Nalanda, va sorprendre tothom en revelar la seva profunda realitzaci\u00f3 mitjan\u00e7ant l&#039;exposici\u00f3 espont\u00e0nia del Bodhicharyavatara. Aquest tractat po\u00e8tic, dividit en deu cap\u00edtols, aborda temes essencials com el despertar de la ment altruista (bodhichitta), la meditaci\u00f3 i la naturalesa \u00faltima de la realitat. Els seus m\u00e8todes pr\u00e0ctics per transformar les emocions negatives i cultivar qualitats positives han influ\u00eft profundament en les tradicions tibetanes i continuen sent estudiats com a guia fonamental per al desenvolupament espiritual.<\/p><\/div><\/div><\/div>\t\t\t\t\t\t\t\t<\/div>\n\t\t\t\t<\/div>\n\t\t\t\t\t<\/div>\n\t\t\t\t<\/div>\n\t\t\t\t<\/div>","protected":false},"excerpt":{"rendered":"<p><span style=\"font-weight: 400;\">La vida del bodisatva (Bodhisattvacharyavatara) de l&#039;Acharya Shantideva tracta sobre l&#039;aspiraci\u00f3 i la pr\u00e0ctica mahayana. Compostos fa m\u00e9s de mil anys, aquests versos s\u00f3n encara avui \u00e0mpliament considerats com la guia aut\u00e8ntica i m\u00e9s completa per al practicant dedicat a la il\u00b7luminaci\u00f3 de tots els \u00e9ssers. Un cl\u00e0ssic que ofereix des de pr\u00e0ctiques senzilles per tractar les emocions destructives fins a l&#039;an\u00e0lisi m\u00e9s refinada sobre la darrera veritat.<\/span><\/p>\n<p>&nbsp;<\/p>","protected":false},"featured_media":6398,"comment_status":"open","ping_status":"closed","template":"elementor_theme","meta":[],"product_brand":[],"product_cat":[245,161],"product_tag":[229,196,195],"class_list":{"0":"post-4427","1":"product","2":"type-product","3":"status-publish","4":"has-post-thumbnail","6":"product_cat-ediciones-dharma","7":"product_cat-libros","8":"product_tag-bodhisatvacharyavatara","9":"product_tag-budismo-mahayana","10":"product_tag-shantideva","12":"first","13":"instock","14":"taxable","15":"shipping-taxable","16":"purchasable","17":"product-type-simple"},"supplier_id":null,"supplier_sku":"","barcode":null,"atum_controlled":true,"out_stock_date":null,"out_stock_threshold":null,"inheritable":false,"inbound_stock":0,"stock_on_hold":0,"sold_today":0,"sales_last_days":0,"reserved_stock":0,"customer_returns":0,"warehouse_damage":0,"lost_in_post":0,"other_logs":0,"out_stock_days":0,"lost_sales":0,"has_location":false,"update_date":"2026-04-17T02:06:22","atum_locations":[],"atum_stock_status":"instock","restock_status":false,"low_stock_amount":"","sales_update_date":"2026-04-17T02:06:22","calc_backorders":null,"yoast_head":"<!-- This site is optimized with the Yoast SEO plugin v26.9 - https:\/\/yoast.com\/product\/yoast-seo-wordpress\/ -->\n<title>La Vida del Bodhisattva - C\u00e0ntir<\/title>\n<meta name=\"robots\" content=\"index, follow, max-snippet:-1, max-image-preview:large, max-video-preview:-1\" \/>\n<link rel=\"canonical\" href=\"https:\/\/cantir.art\/ca\/producte\/la-vida-del-bodhisattva\/\" \/>\n<meta property=\"og:locale\" content=\"ca_ES\" \/>\n<meta property=\"og:type\" content=\"article\" \/>\n<meta property=\"og:title\" content=\"La Vida del Bodhisattva - C\u00e0ntir\" \/>\n<meta property=\"og:description\" content=\"La vida del bodisatva (Bodhisattvacharyavatara) del Acharya Shantideva trata sobre la aspiracio\u0301n y la pra\u0301ctica mahayana. Compuestos hace ma\u0301s de mil an\u0303os, estos versos son au\u0301n hoy ampliamente considerados como la gui\u0301a aute\u0301ntica y ma\u0301s completa para el practicante dedicado a la iluminacio\u0301n de todos los seres. Un cla\u0301sico que ofrece desde pra\u0301cticas sencillas para tratar las emociones destructivas hasta el ana\u0301lisis ma\u0301s refinado sobre la verdad u\u0301ltima.  &nbsp;\" \/>\n<meta property=\"og:url\" content=\"https:\/\/cantir.art\/ca\/producte\/la-vida-del-bodhisattva\/\" \/>\n<meta property=\"og:site_name\" content=\"C\u00e0ntir\" \/>\n<meta property=\"article:modified_time\" content=\"2026-01-17T11:12:39+00:00\" \/>\n<meta property=\"og:image\" content=\"https:\/\/cantir.art\/wp-content\/uploads\/2025\/09\/LA-VIDA-DEL-BODISATVA-A-scaled-2.jpg\" \/>\n\t<meta property=\"og:image:width\" content=\"1922\" \/>\n\t<meta property=\"og:image:height\" content=\"2560\" \/>\n\t<meta property=\"og:image:type\" content=\"image\/jpeg\" \/>\n<meta name=\"twitter:card\" content=\"summary_large_image\" \/>\n<meta name=\"twitter:label1\" content=\"Temps estimat de lectura\" \/>\n\t<meta name=\"twitter:data1\" content=\"1 minut\" \/>\n<script type=\"application\/ld+json\" class=\"yoast-schema-graph\">{\"@context\":\"https:\/\/schema.org\",\"@graph\":[{\"@type\":\"WebPage\",\"@id\":\"https:\/\/cantir.art\/producto\/la-vida-del-bodhisattva\/\",\"url\":\"https:\/\/cantir.art\/producto\/la-vida-del-bodhisattva\/\",\"name\":\"La Vida del Bodhisattva - C\u00e0ntir\",\"isPartOf\":{\"@id\":\"https:\/\/cantir.art\/#website\"},\"primaryImageOfPage\":{\"@id\":\"https:\/\/cantir.art\/producto\/la-vida-del-bodhisattva\/#primaryimage\"},\"image\":{\"@id\":\"https:\/\/cantir.art\/producto\/la-vida-del-bodhisattva\/#primaryimage\"},\"thumbnailUrl\":\"https:\/\/i0.wp.com\/cantir.art\/wp-content\/uploads\/2025\/09\/LA-VIDA-DEL-BODISATVA-A-scaled-2.jpg?fit=1922%2C2560&ssl=1\",\"datePublished\":\"2025-01-25T16:20:22+00:00\",\"dateModified\":\"2026-01-17T11:12:39+00:00\",\"breadcrumb\":{\"@id\":\"https:\/\/cantir.art\/producto\/la-vida-del-bodhisattva\/#breadcrumb\"},\"inLanguage\":\"ca\",\"potentialAction\":[{\"@type\":\"ReadAction\",\"target\":[\"https:\/\/cantir.art\/producto\/la-vida-del-bodhisattva\/\"]}]},{\"@type\":\"ImageObject\",\"inLanguage\":\"ca\",\"@id\":\"https:\/\/cantir.art\/producto\/la-vida-del-bodhisattva\/#primaryimage\",\"url\":\"https:\/\/i0.wp.com\/cantir.art\/wp-content\/uploads\/2025\/09\/LA-VIDA-DEL-BODISATVA-A-scaled-2.jpg?fit=1922%2C2560&ssl=1\",\"contentUrl\":\"https:\/\/i0.wp.com\/cantir.art\/wp-content\/uploads\/2025\/09\/LA-VIDA-DEL-BODISATVA-A-scaled-2.jpg?fit=1922%2C2560&ssl=1\",\"width\":1922,\"height\":2560},{\"@type\":\"BreadcrumbList\",\"@id\":\"https:\/\/cantir.art\/producto\/la-vida-del-bodhisattva\/#breadcrumb\",\"itemListElement\":[{\"@type\":\"ListItem\",\"position\":1,\"name\":\"Portada\",\"item\":\"https:\/\/cantir.art\/\"},{\"@type\":\"ListItem\",\"position\":2,\"name\":\"NEW Tienda\",\"item\":\"https:\/\/cantir.art\/en\/new-tienda\/\"},{\"@type\":\"ListItem\",\"position\":3,\"name\":\"La Vida del Bodhisattva\"}]},{\"@type\":\"WebSite\",\"@id\":\"https:\/\/cantir.art\/#website\",\"url\":\"https:\/\/cantir.art\/\",\"name\":\"C\u00e0ntir\",\"description\":\"Simbolismo budista y est\u00e9tica mediterr\u00e1nea en objetos que conectan pr\u00e1ctica y cotidianidad\",\"publisher\":{\"@id\":\"https:\/\/cantir.art\/#organization\"},\"potentialAction\":[{\"@type\":\"SearchAction\",\"target\":{\"@type\":\"EntryPoint\",\"urlTemplate\":\"https:\/\/cantir.art\/?s={search_term_string}\"},\"query-input\":{\"@type\":\"PropertyValueSpecification\",\"valueRequired\":true,\"valueName\":\"search_term_string\"}}],\"inLanguage\":\"ca\"},{\"@type\":\"Organization\",\"@id\":\"https:\/\/cantir.art\/#organization\",\"name\":\"C\u00e0ntir\",\"url\":\"https:\/\/cantir.art\/\",\"logo\":{\"@type\":\"ImageObject\",\"inLanguage\":\"ca\",\"@id\":\"https:\/\/cantir.art\/#\/schema\/logo\/image\/\",\"url\":\"https:\/\/i0.wp.com\/cantir.art\/wp-content\/uploads\/2025\/01\/cantir-10.png?fit=2551%2C1060&ssl=1\",\"contentUrl\":\"https:\/\/i0.wp.com\/cantir.art\/wp-content\/uploads\/2025\/01\/cantir-10.png?fit=2551%2C1060&ssl=1\",\"width\":2551,\"height\":1060,\"caption\":\"C\u00e0ntir\"},\"image\":{\"@id\":\"https:\/\/cantir.art\/#\/schema\/logo\/image\/\"}}]}<\/script>\n<!-- \/ Yoast SEO plugin. -->","yoast_head_json":{"title":"La Vida del Bodhisattva - C\u00e0ntir","robots":{"index":"index","follow":"follow","max-snippet":"max-snippet:-1","max-image-preview":"max-image-preview:large","max-video-preview":"max-video-preview:-1"},"canonical":"https:\/\/cantir.art\/ca\/producte\/la-vida-del-bodhisattva\/","og_locale":"ca_ES","og_type":"article","og_title":"La Vida del Bodhisattva - C\u00e0ntir","og_description":"La vida del bodisatva (Bodhisattvacharyavatara) del Acharya Shantideva trata sobre la aspiracio\u0301n y la pra\u0301ctica mahayana. Compuestos hace ma\u0301s de mil an\u0303os, estos versos son au\u0301n hoy ampliamente considerados como la gui\u0301a aute\u0301ntica y ma\u0301s completa para el practicante dedicado a la iluminacio\u0301n de todos los seres. Un cla\u0301sico que ofrece desde pra\u0301cticas sencillas para tratar las emociones destructivas hasta el ana\u0301lisis ma\u0301s refinado sobre la verdad u\u0301ltima.  &nbsp;","og_url":"https:\/\/cantir.art\/ca\/producte\/la-vida-del-bodhisattva\/","og_site_name":"C\u00e0ntir","article_modified_time":"2026-01-17T11:12:39+00:00","og_image":[{"width":1922,"height":2560,"url":"https:\/\/cantir.art\/wp-content\/uploads\/2025\/09\/LA-VIDA-DEL-BODISATVA-A-scaled-2.jpg","type":"image\/jpeg"}],"twitter_card":"summary_large_image","twitter_misc":{"Temps estimat de lectura":"1 minut"},"schema":{"@context":"https:\/\/schema.org","@graph":[{"@type":"WebPage","@id":"https:\/\/cantir.art\/producto\/la-vida-del-bodhisattva\/","url":"https:\/\/cantir.art\/producto\/la-vida-del-bodhisattva\/","name":"La Vida del Bodhisattva - C\u00e0ntir","isPartOf":{"@id":"https:\/\/cantir.art\/#website"},"primaryImageOfPage":{"@id":"https:\/\/cantir.art\/producto\/la-vida-del-bodhisattva\/#primaryimage"},"image":{"@id":"https:\/\/cantir.art\/producto\/la-vida-del-bodhisattva\/#primaryimage"},"thumbnailUrl":"https:\/\/i0.wp.com\/cantir.art\/wp-content\/uploads\/2025\/09\/LA-VIDA-DEL-BODISATVA-A-scaled-2.jpg?fit=1922%2C2560&ssl=1","datePublished":"2025-01-25T16:20:22+00:00","dateModified":"2026-01-17T11:12:39+00:00","breadcrumb":{"@id":"https:\/\/cantir.art\/producto\/la-vida-del-bodhisattva\/#breadcrumb"},"inLanguage":"ca","potentialAction":[{"@type":"ReadAction","target":["https:\/\/cantir.art\/producto\/la-vida-del-bodhisattva\/"]}]},{"@type":"ImageObject","inLanguage":"ca","@id":"https:\/\/cantir.art\/producto\/la-vida-del-bodhisattva\/#primaryimage","url":"https:\/\/i0.wp.com\/cantir.art\/wp-content\/uploads\/2025\/09\/LA-VIDA-DEL-BODISATVA-A-scaled-2.jpg?fit=1922%2C2560&ssl=1","contentUrl":"https:\/\/i0.wp.com\/cantir.art\/wp-content\/uploads\/2025\/09\/LA-VIDA-DEL-BODISATVA-A-scaled-2.jpg?fit=1922%2C2560&ssl=1","width":1922,"height":2560},{"@type":"BreadcrumbList","@id":"https:\/\/cantir.art\/producto\/la-vida-del-bodhisattva\/#breadcrumb","itemListElement":[{"@type":"ListItem","position":1,"name":"Portada","item":"https:\/\/cantir.art\/"},{"@type":"ListItem","position":2,"name":"NEW Tienda","item":"https:\/\/cantir.art\/en\/new-tienda\/"},{"@type":"ListItem","position":3,"name":"La Vida del Bodhisattva"}]},{"@type":"WebSite","@id":"https:\/\/cantir.art\/#website","url":"https:\/\/cantir.art\/","name":"C\u00e0ntir","description":"Simbolisme budista i est\u00e8tica mediterr\u00e0nia en objectes que connecten pr\u00e0ctica i quotidianitat","publisher":{"@id":"https:\/\/cantir.art\/#organization"},"potentialAction":[{"@type":"SearchAction","target":{"@type":"EntryPoint","urlTemplate":"https:\/\/cantir.art\/?s={search_term_string}"},"query-input":{"@type":"PropertyValueSpecification","valueRequired":true,"valueName":"search_term_string"}}],"inLanguage":"ca"},{"@type":"Organization","@id":"https:\/\/cantir.art\/#organization","name":"C\u00e0ntir","url":"https:\/\/cantir.art\/","logo":{"@type":"ImageObject","inLanguage":"ca","@id":"https:\/\/cantir.art\/#\/schema\/logo\/image\/","url":"https:\/\/i0.wp.com\/cantir.art\/wp-content\/uploads\/2025\/01\/cantir-10.png?fit=2551%2C1060&ssl=1","contentUrl":"https:\/\/i0.wp.com\/cantir.art\/wp-content\/uploads\/2025\/01\/cantir-10.png?fit=2551%2C1060&ssl=1","width":2551,"height":1060,"caption":"C\u00e0ntir"},"image":{"@id":"https:\/\/cantir.art\/#\/schema\/logo\/image\/"}}]}},"jetpack_sharing_enabled":true,"_links":{"self":[{"href":"https:\/\/cantir.art\/ca\/wp-json\/wp\/v2\/product\/4427","targetHints":{"allow":["GET"]}}],"collection":[{"href":"https:\/\/cantir.art\/ca\/wp-json\/wp\/v2\/product"}],"about":[{"href":"https:\/\/cantir.art\/ca\/wp-json\/wp\/v2\/types\/product"}],"replies":[{"embeddable":true,"href":"https:\/\/cantir.art\/ca\/wp-json\/wp\/v2\/comments?post=4427"}],"version-history":[{"count":8,"href":"https:\/\/cantir.art\/ca\/wp-json\/wp\/v2\/product\/4427\/revisions"}],"predecessor-version":[{"id":6399,"href":"https:\/\/cantir.art\/ca\/wp-json\/wp\/v2\/product\/4427\/revisions\/6399"}],"wp:featuredmedia":[{"embeddable":true,"href":"https:\/\/cantir.art\/ca\/wp-json\/wp\/v2\/media\/6398"}],"wp:attachment":[{"href":"https:\/\/cantir.art\/ca\/wp-json\/wp\/v2\/media?parent=4427"}],"wp:term":[{"taxonomy":"product_brand","embeddable":true,"href":"https:\/\/cantir.art\/ca\/wp-json\/wp\/v2\/product_brand?post=4427"},{"taxonomy":"product_cat","embeddable":true,"href":"https:\/\/cantir.art\/ca\/wp-json\/wp\/v2\/product_cat?post=4427"},{"taxonomy":"product_tag","embeddable":true,"href":"https:\/\/cantir.art\/ca\/wp-json\/wp\/v2\/product_tag?post=4427"}],"curies":[{"name":"wp","href":"https:\/\/api.w.org\/{rel}","templated":true}]}}