{"id":4442,"date":"2025-01-25T17:34:43","date_gmt":"2025-01-25T16:34:43","guid":{"rendered":"https:\/\/cantir.art\/?post_type=product&#038;p=4442"},"modified":"2026-01-13T13:45:39","modified_gmt":"2026-01-13T12:45:39","slug":"el-guru-bebe-tequila","status":"publish","type":"product","link":"https:\/\/cantir.art\/ca\/producte\/el-guru-bebe-tequila\/","title":{"rendered":"El Guru Bebe Tequila"},"content":{"rendered":"<div data-elementor-type=\"wp-post\" data-elementor-id=\"4442\" class=\"elementor elementor-4442\">\n\t\t\t\t<div class=\"elementor-element elementor-element-52048079 e-flex e-con-boxed e-con e-parent\" data-id=\"52048079\" data-element_type=\"container\">\n\t\t\t\t\t<div class=\"e-con-inner\">\n\t\t\t\t<div class=\"elementor-element elementor-element-14ef9cb8 elementor-widget elementor-widget-text-editor\" data-id=\"14ef9cb8\" data-element_type=\"widget\" data-widget_type=\"text-editor.default\">\n\t\t\t\t<div class=\"elementor-widget-container\">\n\t\t\t\t\t\t\t\t\t<p><span style=\"font-weight: 400;\">Al cor del cam\u00ed Vajrayana hi ha la connexi\u00f3 amb el mestre. Dzongsar Jamyang Khyentse explora aquesta relaci\u00f3 fonamental, que desafia les nostres concepcions m\u00e9s profundes i exigeix \u200b\u200bun aband\u00f3 de prejudicis establerts. L'autor ens guia com aproximar-nos a aquesta poderosa oportunitat de transformaci\u00f3, emfatitzant la import\u00e0ncia del discerniment i el pensament cr\u00edtic abans de comprometre's plenament amb el cam\u00ed espiritual.<\/span><\/p><p>Dzongsar Jamyang Khyentse Rinpoche, figura influent del budisme tibet\u00e0, combina la profunditat dels ensenyaments tradicionals amb una visi\u00f3 contempor\u00e0nia. Nascut a Bhutan, va ser alumne de mestres eminents com Dilgo Khyentse Rinpoche i Sakya Trizin, i \u00e9s un defensor de la tradici\u00f3 Rim\u00e9, que promou la integraci\u00f3 entre les diferents escoles del budisme. A m\u00e9s de la seva tasca espiritual, \u00e9s reconegut per les seves pel\u00b7l\u00edcules, com <em>Vara: A Blessing<\/em>, que exploren la connexi\u00f3 entre espiritualitat i vida quotidiana. A trav\u00e9s de projectes com Siddhartha's Intent, Rinpoche impulsa la difusi\u00f3 del Dharma de manera accessible, inspirant practicants de tot el m\u00f3n.<\/p>\t\t\t\t\t\t\t\t<\/div>\n\t\t\t\t<\/div>\n\t\t\t\t\t<\/div>\n\t\t\t\t<\/div>\n\t\t\t\t<\/div>","protected":false},"excerpt":{"rendered":"<p><span style=\"font-weight: 400;\">Una hist\u00f2ria provocadora que sacseja els fonaments del que creiem que \u00abha de ser\u00bb un mestre espiritual. A trav\u00e9s d'una narrativa irreverent i profundament honesta, el llibre ens submergeix en un viatge on les veritats m\u00e9s profundes apareixen als llocs m\u00e9s inesperats, i on la saviesa es pot manifestar prenent un shot de tequila.<\/span><\/p>","protected":false},"featured_media":6401,"comment_status":"open","ping_status":"closed","template":"elementor_theme","meta":[],"product_brand":[],"product_cat":[161,166],"product_tag":[221,220],"class_list":{"0":"post-4442","1":"product","2":"type-product","3":"status-publish","4":"has-post-thumbnail","6":"product_cat-libros","7":"product_cat-padmapani","8":"product_tag-budismo-mediterraneo","9":"product_tag-dzongsar-jamyang-khyentse","11":"first","12":"instock","13":"taxable","14":"shipping-taxable","15":"purchasable","16":"product-type-simple"},"supplier_id":null,"supplier_sku":"","barcode":null,"atum_controlled":true,"out_stock_date":null,"out_stock_threshold":null,"inheritable":false,"inbound_stock":0,"stock_on_hold":0,"sold_today":0,"sales_last_days":0,"reserved_stock":0,"customer_returns":0,"warehouse_damage":0,"lost_in_post":0,"other_logs":0,"out_stock_days":0,"lost_sales":0,"has_location":false,"update_date":"2026-04-14T02:05:39","atum_locations":[],"atum_stock_status":"instock","restock_status":false,"low_stock_amount":"","sales_update_date":"2026-04-14T02:05:39","calc_backorders":null,"yoast_head":"<!-- This site is optimized with the Yoast SEO plugin v26.9 - https:\/\/yoast.com\/product\/yoast-seo-wordpress\/ -->\n<title>El Guru Bebe Tequila - C\u00e0ntir<\/title>\n<meta name=\"robots\" content=\"index, follow, max-snippet:-1, max-image-preview:large, max-video-preview:-1\" \/>\n<link rel=\"canonical\" href=\"https:\/\/cantir.art\/ca\/producte\/el-guru-bebe-tequila\/\" \/>\n<meta property=\"og:locale\" content=\"ca_ES\" \/>\n<meta property=\"og:type\" content=\"article\" \/>\n<meta property=\"og:title\" content=\"El Guru Bebe Tequila - C\u00e0ntir\" \/>\n<meta property=\"og:description\" content=\"Una historia provocadora que sacude los cimientos de lo que creemos que &quot;debe ser&quot; un maestro espiritual. A trav\u00e9s de una narrativa irreverente y profundamente honesta, el libro nos sumerge en un viaje donde las verdades m\u00e1s profundas aparecen en los lugares m\u00e1s inesperados, y donde la sabidur\u00eda puede manifestarse tomando un shot de tequila.\" \/>\n<meta property=\"og:url\" content=\"https:\/\/cantir.art\/ca\/producte\/el-guru-bebe-tequila\/\" \/>\n<meta property=\"og:site_name\" content=\"C\u00e0ntir\" \/>\n<meta property=\"article:modified_time\" content=\"2026-01-13T12:45:39+00:00\" \/>\n<meta property=\"og:image\" content=\"https:\/\/cantir.art\/wp-content\/uploads\/2025\/09\/EL-GURU-BEBE-TEQUILA-A-scaled-2.jpg\" \/>\n\t<meta property=\"og:image:width\" content=\"1922\" \/>\n\t<meta property=\"og:image:height\" content=\"2560\" \/>\n\t<meta property=\"og:image:type\" content=\"image\/jpeg\" \/>\n<meta name=\"twitter:card\" content=\"summary_large_image\" \/>\n<meta name=\"twitter:label1\" content=\"Temps estimat de lectura\" \/>\n\t<meta name=\"twitter:data1\" content=\"1 minut\" \/>\n<script type=\"application\/ld+json\" class=\"yoast-schema-graph\">{\"@context\":\"https:\/\/schema.org\",\"@graph\":[{\"@type\":\"WebPage\",\"@id\":\"https:\/\/cantir.art\/producto\/el-guru-bebe-tequila\/\",\"url\":\"https:\/\/cantir.art\/producto\/el-guru-bebe-tequila\/\",\"name\":\"El Guru Bebe Tequila - C\u00e0ntir\",\"isPartOf\":{\"@id\":\"https:\/\/cantir.art\/#website\"},\"primaryImageOfPage\":{\"@id\":\"https:\/\/cantir.art\/producto\/el-guru-bebe-tequila\/#primaryimage\"},\"image\":{\"@id\":\"https:\/\/cantir.art\/producto\/el-guru-bebe-tequila\/#primaryimage\"},\"thumbnailUrl\":\"https:\/\/i0.wp.com\/cantir.art\/wp-content\/uploads\/2025\/09\/EL-GURU-BEBE-TEQUILA-A-scaled-2.jpg?fit=1922%2C2560&ssl=1\",\"datePublished\":\"2025-01-25T16:34:43+00:00\",\"dateModified\":\"2026-01-13T12:45:39+00:00\",\"breadcrumb\":{\"@id\":\"https:\/\/cantir.art\/producto\/el-guru-bebe-tequila\/#breadcrumb\"},\"inLanguage\":\"ca\",\"potentialAction\":[{\"@type\":\"ReadAction\",\"target\":[\"https:\/\/cantir.art\/producto\/el-guru-bebe-tequila\/\"]}]},{\"@type\":\"ImageObject\",\"inLanguage\":\"ca\",\"@id\":\"https:\/\/cantir.art\/producto\/el-guru-bebe-tequila\/#primaryimage\",\"url\":\"https:\/\/i0.wp.com\/cantir.art\/wp-content\/uploads\/2025\/09\/EL-GURU-BEBE-TEQUILA-A-scaled-2.jpg?fit=1922%2C2560&ssl=1\",\"contentUrl\":\"https:\/\/i0.wp.com\/cantir.art\/wp-content\/uploads\/2025\/09\/EL-GURU-BEBE-TEQUILA-A-scaled-2.jpg?fit=1922%2C2560&ssl=1\",\"width\":1922,\"height\":2560},{\"@type\":\"BreadcrumbList\",\"@id\":\"https:\/\/cantir.art\/producto\/el-guru-bebe-tequila\/#breadcrumb\",\"itemListElement\":[{\"@type\":\"ListItem\",\"position\":1,\"name\":\"Portada\",\"item\":\"https:\/\/cantir.art\/\"},{\"@type\":\"ListItem\",\"position\":2,\"name\":\"NEW Tienda\",\"item\":\"https:\/\/cantir.art\/en\/new-tienda\/\"},{\"@type\":\"ListItem\",\"position\":3,\"name\":\"El Guru Bebe Tequila\"}]},{\"@type\":\"WebSite\",\"@id\":\"https:\/\/cantir.art\/#website\",\"url\":\"https:\/\/cantir.art\/\",\"name\":\"C\u00e0ntir\",\"description\":\"Simbolismo budista y est\u00e9tica mediterr\u00e1nea en objetos que conectan pr\u00e1ctica y cotidianidad\",\"publisher\":{\"@id\":\"https:\/\/cantir.art\/#organization\"},\"potentialAction\":[{\"@type\":\"SearchAction\",\"target\":{\"@type\":\"EntryPoint\",\"urlTemplate\":\"https:\/\/cantir.art\/?s={search_term_string}\"},\"query-input\":{\"@type\":\"PropertyValueSpecification\",\"valueRequired\":true,\"valueName\":\"search_term_string\"}}],\"inLanguage\":\"ca\"},{\"@type\":\"Organization\",\"@id\":\"https:\/\/cantir.art\/#organization\",\"name\":\"C\u00e0ntir\",\"url\":\"https:\/\/cantir.art\/\",\"logo\":{\"@type\":\"ImageObject\",\"inLanguage\":\"ca\",\"@id\":\"https:\/\/cantir.art\/#\/schema\/logo\/image\/\",\"url\":\"https:\/\/i0.wp.com\/cantir.art\/wp-content\/uploads\/2025\/01\/cantir-10.png?fit=2551%2C1060&ssl=1\",\"contentUrl\":\"https:\/\/i0.wp.com\/cantir.art\/wp-content\/uploads\/2025\/01\/cantir-10.png?fit=2551%2C1060&ssl=1\",\"width\":2551,\"height\":1060,\"caption\":\"C\u00e0ntir\"},\"image\":{\"@id\":\"https:\/\/cantir.art\/#\/schema\/logo\/image\/\"}}]}<\/script>\n<!-- \/ Yoast SEO plugin. -->","yoast_head_json":{"title":"El Guru Bebe Tequila - C\u00e0ntir","robots":{"index":"index","follow":"follow","max-snippet":"max-snippet:-1","max-image-preview":"max-image-preview:large","max-video-preview":"max-video-preview:-1"},"canonical":"https:\/\/cantir.art\/ca\/producte\/el-guru-bebe-tequila\/","og_locale":"ca_ES","og_type":"article","og_title":"El Guru Bebe Tequila - C\u00e0ntir","og_description":"Una historia provocadora que sacude los cimientos de lo que creemos que \"debe ser\" un maestro espiritual. A trav\u00e9s de una narrativa irreverente y profundamente honesta, el libro nos sumerge en un viaje donde las verdades m\u00e1s profundas aparecen en los lugares m\u00e1s inesperados, y donde la sabidur\u00eda puede manifestarse tomando un shot de tequila.","og_url":"https:\/\/cantir.art\/ca\/producte\/el-guru-bebe-tequila\/","og_site_name":"C\u00e0ntir","article_modified_time":"2026-01-13T12:45:39+00:00","og_image":[{"width":1922,"height":2560,"url":"https:\/\/cantir.art\/wp-content\/uploads\/2025\/09\/EL-GURU-BEBE-TEQUILA-A-scaled-2.jpg","type":"image\/jpeg"}],"twitter_card":"summary_large_image","twitter_misc":{"Temps estimat de lectura":"1 minut"},"schema":{"@context":"https:\/\/schema.org","@graph":[{"@type":"WebPage","@id":"https:\/\/cantir.art\/producto\/el-guru-bebe-tequila\/","url":"https:\/\/cantir.art\/producto\/el-guru-bebe-tequila\/","name":"El Guru Bebe Tequila - C\u00e0ntir","isPartOf":{"@id":"https:\/\/cantir.art\/#website"},"primaryImageOfPage":{"@id":"https:\/\/cantir.art\/producto\/el-guru-bebe-tequila\/#primaryimage"},"image":{"@id":"https:\/\/cantir.art\/producto\/el-guru-bebe-tequila\/#primaryimage"},"thumbnailUrl":"https:\/\/i0.wp.com\/cantir.art\/wp-content\/uploads\/2025\/09\/EL-GURU-BEBE-TEQUILA-A-scaled-2.jpg?fit=1922%2C2560&ssl=1","datePublished":"2025-01-25T16:34:43+00:00","dateModified":"2026-01-13T12:45:39+00:00","breadcrumb":{"@id":"https:\/\/cantir.art\/producto\/el-guru-bebe-tequila\/#breadcrumb"},"inLanguage":"ca","potentialAction":[{"@type":"ReadAction","target":["https:\/\/cantir.art\/producto\/el-guru-bebe-tequila\/"]}]},{"@type":"ImageObject","inLanguage":"ca","@id":"https:\/\/cantir.art\/producto\/el-guru-bebe-tequila\/#primaryimage","url":"https:\/\/i0.wp.com\/cantir.art\/wp-content\/uploads\/2025\/09\/EL-GURU-BEBE-TEQUILA-A-scaled-2.jpg?fit=1922%2C2560&ssl=1","contentUrl":"https:\/\/i0.wp.com\/cantir.art\/wp-content\/uploads\/2025\/09\/EL-GURU-BEBE-TEQUILA-A-scaled-2.jpg?fit=1922%2C2560&ssl=1","width":1922,"height":2560},{"@type":"BreadcrumbList","@id":"https:\/\/cantir.art\/producto\/el-guru-bebe-tequila\/#breadcrumb","itemListElement":[{"@type":"ListItem","position":1,"name":"Portada","item":"https:\/\/cantir.art\/"},{"@type":"ListItem","position":2,"name":"NEW Tienda","item":"https:\/\/cantir.art\/en\/new-tienda\/"},{"@type":"ListItem","position":3,"name":"El Guru Bebe Tequila"}]},{"@type":"WebSite","@id":"https:\/\/cantir.art\/#website","url":"https:\/\/cantir.art\/","name":"C\u00e0ntir","description":"Simbolisme budista i est\u00e8tica mediterr\u00e0nia en objectes que connecten pr\u00e0ctica i quotidianitat","publisher":{"@id":"https:\/\/cantir.art\/#organization"},"potentialAction":[{"@type":"SearchAction","target":{"@type":"EntryPoint","urlTemplate":"https:\/\/cantir.art\/?s={search_term_string}"},"query-input":{"@type":"PropertyValueSpecification","valueRequired":true,"valueName":"search_term_string"}}],"inLanguage":"ca"},{"@type":"Organization","@id":"https:\/\/cantir.art\/#organization","name":"C\u00e0ntir","url":"https:\/\/cantir.art\/","logo":{"@type":"ImageObject","inLanguage":"ca","@id":"https:\/\/cantir.art\/#\/schema\/logo\/image\/","url":"https:\/\/i0.wp.com\/cantir.art\/wp-content\/uploads\/2025\/01\/cantir-10.png?fit=2551%2C1060&ssl=1","contentUrl":"https:\/\/i0.wp.com\/cantir.art\/wp-content\/uploads\/2025\/01\/cantir-10.png?fit=2551%2C1060&ssl=1","width":2551,"height":1060,"caption":"C\u00e0ntir"},"image":{"@id":"https:\/\/cantir.art\/#\/schema\/logo\/image\/"}}]}},"jetpack_sharing_enabled":true,"_links":{"self":[{"href":"https:\/\/cantir.art\/ca\/wp-json\/wp\/v2\/product\/4442","targetHints":{"allow":["GET"]}}],"collection":[{"href":"https:\/\/cantir.art\/ca\/wp-json\/wp\/v2\/product"}],"about":[{"href":"https:\/\/cantir.art\/ca\/wp-json\/wp\/v2\/types\/product"}],"replies":[{"embeddable":true,"href":"https:\/\/cantir.art\/ca\/wp-json\/wp\/v2\/comments?post=4442"}],"version-history":[{"count":10,"href":"https:\/\/cantir.art\/ca\/wp-json\/wp\/v2\/product\/4442\/revisions"}],"predecessor-version":[{"id":4628,"href":"https:\/\/cantir.art\/ca\/wp-json\/wp\/v2\/product\/4442\/revisions\/4628"}],"wp:featuredmedia":[{"embeddable":true,"href":"https:\/\/cantir.art\/ca\/wp-json\/wp\/v2\/media\/6401"}],"wp:attachment":[{"href":"https:\/\/cantir.art\/ca\/wp-json\/wp\/v2\/media?parent=4442"}],"wp:term":[{"taxonomy":"product_brand","embeddable":true,"href":"https:\/\/cantir.art\/ca\/wp-json\/wp\/v2\/product_brand?post=4442"},{"taxonomy":"product_cat","embeddable":true,"href":"https:\/\/cantir.art\/ca\/wp-json\/wp\/v2\/product_cat?post=4442"},{"taxonomy":"product_tag","embeddable":true,"href":"https:\/\/cantir.art\/ca\/wp-json\/wp\/v2\/product_tag?post=4442"}],"curies":[{"name":"wp","href":"https:\/\/api.w.org\/{rel}","templated":true}]}}