{"id":4449,"date":"2025-01-25T17:54:34","date_gmt":"2025-01-25T16:54:34","guid":{"rendered":"https:\/\/cantir.art\/?post_type=product&#038;p=4449"},"modified":"2026-05-08T10:05:30","modified_gmt":"2026-05-08T08:05:30","slug":"la-mente-que-no-limita","status":"publish","type":"product","link":"https:\/\/cantir.art\/ca\/producte\/la-mente-que-no-limita\/","title":{"rendered":"La Ment que No Limita"},"content":{"rendered":"<div data-elementor-type=\"wp-post\" data-elementor-id=\"4449\" class=\"elementor elementor-4449\">\n\t\t\t\t<div class=\"elementor-element elementor-element-52048079 e-flex e-con-boxed e-con e-parent\" data-id=\"52048079\" data-element_type=\"container\">\n\t\t\t\t\t<div class=\"e-con-inner\">\n\t\t\t\t<div class=\"elementor-element elementor-element-14ef9cb8 elementor-widget elementor-widget-text-editor\" data-id=\"14ef9cb8\" data-element_type=\"widget\" data-widget_type=\"text-editor.default\">\n\t\t\t\t<div class=\"elementor-widget-container\">\n\t\t\t\t\t\t\t\t\t<p>Andrew Olendzki \u00e9s un destacat acad\u00e8mic i expert en budisme, conegut per la seva comprensi\u00f3 profunda dels textos antics i la seva capacitat per fer accessible la saviesa budista al p\u00fablic contemporani. Com a exdirector executiu del Barre Center for Buddhist Studies i fundador de l&#039;Integrated Dharma Institute, ha dedicat la seva carrera a estendre ponts entre la tradici\u00f3 budista antiga i la psicologia moderna. Amb un doctorat en estudis budistes, Olendzki ha publicat nombrosos llibres i articles que exploren la intersecci\u00f3 entre la meditaci\u00f3, la psicologia i el benestar emocional. Les seves traduccions del pali i les seves interpretacions dels textos primerencs budistes s\u00f3n especialment valorades en l&#039;\u00e0mbit acad\u00e8mic.<\/p>\t\t\t\t\t\t\t\t<\/div>\n\t\t\t\t<\/div>\n\t\t\t\t\t<\/div>\n\t\t\t\t<\/div>\n\t\t\t\t<\/div>","protected":false},"excerpt":{"rendered":"<p><span style=\"font-size: 1.125rem;\">Olendzki presenta una exploraci\u00f3 moderna dels ensenyaments originals del Buda, examinant la naturalesa canviant de l&#039;\u00e9sser i la consci\u00e8ncia. A trav\u00e9s d&#039;una s\u00e8rie d&#039;articles interconnectats, l&#039;autor, expert a pal\u00b7li, extreu l&#039;ess\u00e8ncia de l&#039;Abhidhamma (la psicologia budista) i la presenta lliure de capes religioses posteriors. L&#039;obra revela com la saviesa budista sobre l&#039;atenci\u00f3 plena i l&#039;observaci\u00f3 dels fen\u00f2mens mant\u00e9 una rellev\u00e0ncia sorprenent actual, tot recordant-nos que cada moment \u00e9s una pr\u00e0ctica que ens modela en els que arribarem a ser.<\/span><\/p>\n<p><span style=\"font-weight: 400;\"><br style=\"font-weight: 400;\" \/><br style=\"font-weight: 400;\" \/><\/span><\/p>","protected":false},"featured_media":4633,"comment_status":"open","ping_status":"closed","template":"elementor_theme","meta":[],"product_brand":[],"product_cat":[245,161],"product_tag":[279],"class_list":{"0":"post-4449","1":"product","2":"type-product","3":"status-publish","4":"has-post-thumbnail","6":"product_cat-ediciones-dharma","7":"product_cat-libros","8":"product_tag-andrew-olendzki","10":"first","11":"instock","12":"taxable","13":"shipping-taxable","14":"purchasable","15":"product-type-simple"},"supplier_id":null,"supplier_sku":"","barcode":null,"atum_controlled":true,"out_stock_date":null,"out_stock_threshold":null,"inheritable":false,"inbound_stock":0,"stock_on_hold":0,"sold_today":0,"sales_last_days":0,"reserved_stock":0,"customer_returns":0,"warehouse_damage":0,"lost_in_post":0,"other_logs":0,"out_stock_days":0,"lost_sales":0,"has_location":false,"update_date":"2026-05-14T02:33:25","atum_locations":[],"atum_stock_status":"instock","restock_status":false,"low_stock_amount":"","sales_update_date":"2026-05-14T02:33:25","calc_backorders":null,"yoast_head":"<!-- This site is optimized with the Yoast SEO plugin v26.9 - https:\/\/yoast.com\/product\/yoast-seo-wordpress\/ -->\n<title>La Mente que No Limita - C\u00e0ntir<\/title>\n<meta name=\"robots\" content=\"index, follow, max-snippet:-1, max-image-preview:large, max-video-preview:-1\" \/>\n<link rel=\"canonical\" href=\"https:\/\/cantir.art\/ca\/producte\/la-mente-que-no-limita\/\" \/>\n<meta property=\"og:locale\" content=\"ca_ES\" \/>\n<meta property=\"og:type\" content=\"article\" \/>\n<meta property=\"og:title\" content=\"La Mente que No Limita - C\u00e0ntir\" \/>\n<meta property=\"og:description\" content=\"Olendzki presenta una exploraci\u00f3n moderna de las ense\u00f1anzas originales del Buda, examinando la naturaleza cambiante del ser y la consciencia. A trav\u00e9s de una serie de art\u00edculos interconectados, el autor, experto en pali, extrae la esencia del Abhidhamma (la psicolog\u00eda budista) y la presenta libre de capas religiosas posteriores. La obra revela c\u00f3mo la sabidur\u00eda budista sobre la atenci\u00f3n plena y la observaci\u00f3n de los fen\u00f3menos mantiene una sorprendente relevancia actual, record\u00e1ndonos que cada momento es una pr\u00e1ctica que nos moldea en quienes llegaremos a ser.\" \/>\n<meta property=\"og:url\" content=\"https:\/\/cantir.art\/ca\/producte\/la-mente-que-no-limita\/\" \/>\n<meta property=\"og:site_name\" content=\"C\u00e0ntir\" \/>\n<meta property=\"article:modified_time\" content=\"2026-05-08T08:05:30+00:00\" \/>\n<meta property=\"og:image\" content=\"https:\/\/cantir.art\/wp-content\/uploads\/2025\/01\/LamentequenoLimita.webp\" \/>\n\t<meta property=\"og:image:width\" content=\"680\" \/>\n\t<meta property=\"og:image:height\" content=\"920\" \/>\n\t<meta property=\"og:image:type\" content=\"image\/webp\" \/>\n<meta name=\"twitter:card\" content=\"summary_large_image\" \/>\n<meta name=\"twitter:label1\" content=\"Temps estimat de lectura\" \/>\n\t<meta name=\"twitter:data1\" content=\"1 minut\" \/>\n<script type=\"application\/ld+json\" class=\"yoast-schema-graph\">{\"@context\":\"https:\/\/schema.org\",\"@graph\":[{\"@type\":\"WebPage\",\"@id\":\"https:\/\/cantir.art\/producto\/la-mente-que-no-limita\/\",\"url\":\"https:\/\/cantir.art\/producto\/la-mente-que-no-limita\/\",\"name\":\"La Mente que No Limita - C\u00e0ntir\",\"isPartOf\":{\"@id\":\"https:\/\/cantir.art\/#website\"},\"primaryImageOfPage\":{\"@id\":\"https:\/\/cantir.art\/producto\/la-mente-que-no-limita\/#primaryimage\"},\"image\":{\"@id\":\"https:\/\/cantir.art\/producto\/la-mente-que-no-limita\/#primaryimage\"},\"thumbnailUrl\":\"https:\/\/i0.wp.com\/cantir.art\/wp-content\/uploads\/2025\/01\/LamentequenoLimita.webp?fit=680%2C920&ssl=1\",\"datePublished\":\"2025-01-25T16:54:34+00:00\",\"dateModified\":\"2026-05-08T08:05:30+00:00\",\"breadcrumb\":{\"@id\":\"https:\/\/cantir.art\/producto\/la-mente-que-no-limita\/#breadcrumb\"},\"inLanguage\":\"ca\",\"potentialAction\":[{\"@type\":\"ReadAction\",\"target\":[\"https:\/\/cantir.art\/producto\/la-mente-que-no-limita\/\"]}]},{\"@type\":\"ImageObject\",\"inLanguage\":\"ca\",\"@id\":\"https:\/\/cantir.art\/producto\/la-mente-que-no-limita\/#primaryimage\",\"url\":\"https:\/\/i0.wp.com\/cantir.art\/wp-content\/uploads\/2025\/01\/LamentequenoLimita.webp?fit=680%2C920&ssl=1\",\"contentUrl\":\"https:\/\/i0.wp.com\/cantir.art\/wp-content\/uploads\/2025\/01\/LamentequenoLimita.webp?fit=680%2C920&ssl=1\",\"width\":680,\"height\":920},{\"@type\":\"BreadcrumbList\",\"@id\":\"https:\/\/cantir.art\/producto\/la-mente-que-no-limita\/#breadcrumb\",\"itemListElement\":[{\"@type\":\"ListItem\",\"position\":1,\"name\":\"Portada\",\"item\":\"https:\/\/cantir.art\/\"},{\"@type\":\"ListItem\",\"position\":2,\"name\":\"NEW Tienda\",\"item\":\"https:\/\/cantir.art\/en\/new-tienda\/\"},{\"@type\":\"ListItem\",\"position\":3,\"name\":\"La Mente que No Limita\"}]},{\"@type\":\"WebSite\",\"@id\":\"https:\/\/cantir.art\/#website\",\"url\":\"https:\/\/cantir.art\/\",\"name\":\"C\u00e0ntir\",\"description\":\"Simbolismo budista y est\u00e9tica mediterr\u00e1nea en objetos que conectan pr\u00e1ctica y cotidianidad\",\"publisher\":{\"@id\":\"https:\/\/cantir.art\/#organization\"},\"potentialAction\":[{\"@type\":\"SearchAction\",\"target\":{\"@type\":\"EntryPoint\",\"urlTemplate\":\"https:\/\/cantir.art\/?s={search_term_string}\"},\"query-input\":{\"@type\":\"PropertyValueSpecification\",\"valueRequired\":true,\"valueName\":\"search_term_string\"}}],\"inLanguage\":\"ca\"},{\"@type\":\"Organization\",\"@id\":\"https:\/\/cantir.art\/#organization\",\"name\":\"C\u00e0ntir\",\"url\":\"https:\/\/cantir.art\/\",\"logo\":{\"@type\":\"ImageObject\",\"inLanguage\":\"ca\",\"@id\":\"https:\/\/cantir.art\/#\/schema\/logo\/image\/\",\"url\":\"https:\/\/i0.wp.com\/cantir.art\/wp-content\/uploads\/2025\/01\/cantir-10.png?fit=2551%2C1060&ssl=1\",\"contentUrl\":\"https:\/\/i0.wp.com\/cantir.art\/wp-content\/uploads\/2025\/01\/cantir-10.png?fit=2551%2C1060&ssl=1\",\"width\":2551,\"height\":1060,\"caption\":\"C\u00e0ntir\"},\"image\":{\"@id\":\"https:\/\/cantir.art\/#\/schema\/logo\/image\/\"}}]}<\/script>\n<!-- \/ Yoast SEO plugin. -->","yoast_head_json":{"title":"La Mente que No Limita - C\u00e0ntir","robots":{"index":"index","follow":"follow","max-snippet":"max-snippet:-1","max-image-preview":"max-image-preview:large","max-video-preview":"max-video-preview:-1"},"canonical":"https:\/\/cantir.art\/ca\/producte\/la-mente-que-no-limita\/","og_locale":"ca_ES","og_type":"article","og_title":"La Mente que No Limita - C\u00e0ntir","og_description":"Olendzki presenta una exploraci\u00f3n moderna de las ense\u00f1anzas originales del Buda, examinando la naturaleza cambiante del ser y la consciencia. A trav\u00e9s de una serie de art\u00edculos interconectados, el autor, experto en pali, extrae la esencia del Abhidhamma (la psicolog\u00eda budista) y la presenta libre de capas religiosas posteriores. La obra revela c\u00f3mo la sabidur\u00eda budista sobre la atenci\u00f3n plena y la observaci\u00f3n de los fen\u00f3menos mantiene una sorprendente relevancia actual, record\u00e1ndonos que cada momento es una pr\u00e1ctica que nos moldea en quienes llegaremos a ser.","og_url":"https:\/\/cantir.art\/ca\/producte\/la-mente-que-no-limita\/","og_site_name":"C\u00e0ntir","article_modified_time":"2026-05-08T08:05:30+00:00","og_image":[{"width":680,"height":920,"url":"https:\/\/cantir.art\/wp-content\/uploads\/2025\/01\/LamentequenoLimita.webp","type":"image\/webp"}],"twitter_card":"summary_large_image","twitter_misc":{"Temps estimat de lectura":"1 minut"},"schema":{"@context":"https:\/\/schema.org","@graph":[{"@type":"WebPage","@id":"https:\/\/cantir.art\/producto\/la-mente-que-no-limita\/","url":"https:\/\/cantir.art\/producto\/la-mente-que-no-limita\/","name":"La Mente que No Limita - C\u00e0ntir","isPartOf":{"@id":"https:\/\/cantir.art\/#website"},"primaryImageOfPage":{"@id":"https:\/\/cantir.art\/producto\/la-mente-que-no-limita\/#primaryimage"},"image":{"@id":"https:\/\/cantir.art\/producto\/la-mente-que-no-limita\/#primaryimage"},"thumbnailUrl":"https:\/\/i0.wp.com\/cantir.art\/wp-content\/uploads\/2025\/01\/LamentequenoLimita.webp?fit=680%2C920&ssl=1","datePublished":"2025-01-25T16:54:34+00:00","dateModified":"2026-05-08T08:05:30+00:00","breadcrumb":{"@id":"https:\/\/cantir.art\/producto\/la-mente-que-no-limita\/#breadcrumb"},"inLanguage":"ca","potentialAction":[{"@type":"ReadAction","target":["https:\/\/cantir.art\/producto\/la-mente-que-no-limita\/"]}]},{"@type":"ImageObject","inLanguage":"ca","@id":"https:\/\/cantir.art\/producto\/la-mente-que-no-limita\/#primaryimage","url":"https:\/\/i0.wp.com\/cantir.art\/wp-content\/uploads\/2025\/01\/LamentequenoLimita.webp?fit=680%2C920&ssl=1","contentUrl":"https:\/\/i0.wp.com\/cantir.art\/wp-content\/uploads\/2025\/01\/LamentequenoLimita.webp?fit=680%2C920&ssl=1","width":680,"height":920},{"@type":"BreadcrumbList","@id":"https:\/\/cantir.art\/producto\/la-mente-que-no-limita\/#breadcrumb","itemListElement":[{"@type":"ListItem","position":1,"name":"Portada","item":"https:\/\/cantir.art\/"},{"@type":"ListItem","position":2,"name":"NEW Tienda","item":"https:\/\/cantir.art\/en\/new-tienda\/"},{"@type":"ListItem","position":3,"name":"La Mente que No Limita"}]},{"@type":"WebSite","@id":"https:\/\/cantir.art\/#website","url":"https:\/\/cantir.art\/","name":"C\u00e0ntir","description":"Simbolisme budista i est\u00e8tica mediterr\u00e0nia en objectes que connecten pr\u00e0ctica i quotidianitat","publisher":{"@id":"https:\/\/cantir.art\/#organization"},"potentialAction":[{"@type":"SearchAction","target":{"@type":"EntryPoint","urlTemplate":"https:\/\/cantir.art\/?s={search_term_string}"},"query-input":{"@type":"PropertyValueSpecification","valueRequired":true,"valueName":"search_term_string"}}],"inLanguage":"ca"},{"@type":"Organization","@id":"https:\/\/cantir.art\/#organization","name":"C\u00e0ntir","url":"https:\/\/cantir.art\/","logo":{"@type":"ImageObject","inLanguage":"ca","@id":"https:\/\/cantir.art\/#\/schema\/logo\/image\/","url":"https:\/\/i0.wp.com\/cantir.art\/wp-content\/uploads\/2025\/01\/cantir-10.png?fit=2551%2C1060&ssl=1","contentUrl":"https:\/\/i0.wp.com\/cantir.art\/wp-content\/uploads\/2025\/01\/cantir-10.png?fit=2551%2C1060&ssl=1","width":2551,"height":1060,"caption":"C\u00e0ntir"},"image":{"@id":"https:\/\/cantir.art\/#\/schema\/logo\/image\/"}}]}},"jetpack_sharing_enabled":true,"_links":{"self":[{"href":"https:\/\/cantir.art\/ca\/wp-json\/wp\/v2\/product\/4449","targetHints":{"allow":["GET"]}}],"collection":[{"href":"https:\/\/cantir.art\/ca\/wp-json\/wp\/v2\/product"}],"about":[{"href":"https:\/\/cantir.art\/ca\/wp-json\/wp\/v2\/types\/product"}],"replies":[{"embeddable":true,"href":"https:\/\/cantir.art\/ca\/wp-json\/wp\/v2\/comments?post=4449"}],"version-history":[{"count":8,"href":"https:\/\/cantir.art\/ca\/wp-json\/wp\/v2\/product\/4449\/revisions"}],"predecessor-version":[{"id":7417,"href":"https:\/\/cantir.art\/ca\/wp-json\/wp\/v2\/product\/4449\/revisions\/7417"}],"wp:featuredmedia":[{"embeddable":true,"href":"https:\/\/cantir.art\/ca\/wp-json\/wp\/v2\/media\/4633"}],"wp:attachment":[{"href":"https:\/\/cantir.art\/ca\/wp-json\/wp\/v2\/media?parent=4449"}],"wp:term":[{"taxonomy":"product_brand","embeddable":true,"href":"https:\/\/cantir.art\/ca\/wp-json\/wp\/v2\/product_brand?post=4449"},{"taxonomy":"product_cat","embeddable":true,"href":"https:\/\/cantir.art\/ca\/wp-json\/wp\/v2\/product_cat?post=4449"},{"taxonomy":"product_tag","embeddable":true,"href":"https:\/\/cantir.art\/ca\/wp-json\/wp\/v2\/product_tag?post=4449"}],"curies":[{"name":"wp","href":"https:\/\/api.w.org\/{rel}","templated":true}]}}