{"id":4471,"date":"2025-01-25T18:28:05","date_gmt":"2025-01-25T17:28:05","guid":{"rendered":"https:\/\/cantir.art\/?post_type=product&#038;p=4471"},"modified":"2026-01-17T10:42:15","modified_gmt":"2026-01-17T09:42:15","slug":"guia-grafica-buda","status":"publish","type":"product","link":"https:\/\/cantir.art\/ca\/producte\/guia-grafica-buda\/","title":{"rendered":"Buda: Una guia il\u00b7lustrada"},"content":{"rendered":"<div data-elementor-type=\"wp-post\" data-elementor-id=\"4471\" class=\"elementor elementor-4471\">\n\t\t\t\t<div class=\"elementor-element elementor-element-52048079 e-flex e-con-boxed e-con e-parent\" data-id=\"52048079\" data-element_type=\"container\">\n\t\t\t\t\t<div class=\"e-con-inner\">\n\t\t\t\t<div class=\"elementor-element elementor-element-14ef9cb8 elementor-widget elementor-widget-text-editor\" data-id=\"14ef9cb8\" data-element_type=\"widget\" data-widget_type=\"text-editor.default\">\n\t\t\t\t<div class=\"elementor-widget-container\">\n\t\t\t\t\t\t\t\t\t<h4>Buda: Una guia il\u00b7lustrada \u2013 Una explosi\u00f3 visual de saviesa i humor<\/h4><p>Si creies que aprendre sobre budisme significava enfrontar-te a textos densos i dif\u00edcils, Buda: Una guia il\u00b7lustrada ve a demostrar-te el contrari. Amb un estil vibrant i ple d&#039;enginy, Borin Van Loon transforma segles d&#039;ensenyaments filos\u00f2fics en una experi\u00e8ncia visual electritzant. Aquest llibre no \u00e9s nom\u00e9s una introducci\u00f3 al budisme, \u00e9s un viatge gr\u00e0fic tan entretingut com a educatiu, on l&#039;humor i la claredat van de la m\u00e0 per fer que els conceptes essencials cobrin vida davant dels teus ulls.<\/p><p>A trav\u00e9s d&#039;il\u00b7lustracions din\u00e0miques i explicacions senzilles, \u00abBuda: Una guia il\u00b7lustrada\u00bb us submergeix en la hist\u00f2ria de Siddhartha Gautama, el pr\u00edncep que va renunciar a la seva vida de luxes a la recerca de la il\u00b7luminaci\u00f3. Tamb\u00e9 explora idees clau com el karma, la meditaci\u00f3 i el nirvana, tot amb un to accessible que converteix l&#039;aprenentatge en un plaer aut\u00e8ntic. Van Loon desplega el seu talent narratiu amb una precisi\u00f3 quir\u00fargica i un sentit de l&#039;humor fresc, desmitificant el budisme sense perdre&#039;n la profunditat.<\/p><h4>C\u00c0NTIR: Un pont entre tradici\u00f3 i modernitat<\/h4><p>A C\u00c0NTIR creiem a apropar el Dharma a la vida quotidiana amb objectes i llibres que combinen significat, bellesa i accessibilitat. La nostra selecci\u00f3 de textos inclou obres tradicionals i enfocaments contemporanis com ara \u00abBuda: Una guia il\u00b7lustrada\u00bb, perfectes per als que busquen comprendre el budisme de manera fresca i atractiva. Si cerques un llibre d&#039;introducci\u00f3 al budisme per\u00f2 prefereixes alguna cosa diferent del format c\u00f2mic o guia il\u00b7lustrada, tamb\u00e9 pots veure el llibre de \u00ab<a href=\"https:\/\/cantir.art\/ca\/producte\/budismo-para-principiantes\/\">Budisme per a principiants<\/a>\u00ab.<\/p><p>Descobreix m\u00e9s sobre el nostre projecte i la filosofia darrere de C\u00c0NTIR visitant la nostra p\u00e0gina <a href=\"https:\/\/cantir.art\/ca\/cantir-neix-amb-la-voluntat-dacostar-el-budisme-a-la-nostra-manera-de-viure-es-un-pont-entre-el-dharma-lensenyanca-del-buda-i-la-nostra-cultura-agafem-com-a-simbol-un-instrument\/\">aqu\u00ed<\/a>.<\/p>\t\t\t\t\t\t\t\t<\/div>\n\t\t\t\t<\/div>\n\t\t\t\t\t<\/div>\n\t\t\t\t<\/div>\n\t\t\t\t<\/div>","protected":false},"excerpt":{"rendered":"<p><span style=\"font-weight: 400;\">Prepareu-vos per a un viatge visual explosiu al m\u00f3n del budisme que promet ser m\u00e9s entretingut que una classe d&#039;hist\u00f2ria i m\u00e9s colorit que una festa de ne\u00f3! Borin Van Loon desenfunda els seus pinzells i el seu enginy per convertir all\u00f2 que podria ser un dens tractat filos\u00f2fic en una muntanya russa gr\u00e0fica plena d&#039;humor, informaci\u00f3 suculenta i dibuixos que et faran pestanyejar dues vegades.<\/span><\/p>","protected":false},"featured_media":6403,"comment_status":"open","ping_status":"closed","template":"elementor_theme","meta":[],"product_brand":[],"product_cat":[161,287],"product_tag":[203,204],"class_list":{"0":"post-4471","1":"product","2":"type-product","3":"status-publish","4":"has-post-thumbnail","6":"product_cat-libros","7":"product_cat-tecnos","8":"product_tag-borin-van-loon","9":"product_tag-comic-budista","11":"first","12":"instock","13":"taxable","14":"shipping-taxable","15":"purchasable","16":"product-type-simple"},"supplier_id":null,"supplier_sku":"","barcode":null,"atum_controlled":true,"out_stock_date":null,"out_stock_threshold":null,"inheritable":false,"inbound_stock":0,"stock_on_hold":0,"sold_today":0,"sales_last_days":0,"reserved_stock":0,"customer_returns":0,"warehouse_damage":0,"lost_in_post":0,"other_logs":0,"out_stock_days":0,"lost_sales":0,"has_location":false,"update_date":"2026-04-15T02:05:54","atum_locations":[],"atum_stock_status":"instock","restock_status":false,"low_stock_amount":"","sales_update_date":"2026-04-15T02:05:54","calc_backorders":null,"yoast_head":"<!-- This site is optimized with the Yoast SEO plugin v26.9 - https:\/\/yoast.com\/product\/yoast-seo-wordpress\/ -->\n<title>Buda: Una gu\u00eda ilustrada | C\u00c0NTIR \ud83d\udcff<\/title>\n<meta name=\"description\" content=\"Buda: Una gu\u00eda ilustrada es un libro en formato c\u00f3mic es una aproximaci\u00f3n fant\u00e1stica al budismo. Desc\u00fabrelo en nuestra tienda budista C\u00c0NTIR.\" \/>\n<meta name=\"robots\" content=\"index, follow, max-snippet:-1, max-image-preview:large, max-video-preview:-1\" \/>\n<link rel=\"canonical\" href=\"https:\/\/cantir.art\/ca\/producte\/guia-grafica-buda\/\" \/>\n<meta property=\"og:locale\" content=\"ca_ES\" \/>\n<meta property=\"og:type\" content=\"article\" \/>\n<meta property=\"og:title\" content=\"Buda: Una gu\u00eda ilustrada | C\u00c0NTIR \ud83d\udcff\" \/>\n<meta property=\"og:description\" content=\"Buda: Una gu\u00eda ilustrada es un libro en formato c\u00f3mic es una aproximaci\u00f3n fant\u00e1stica al budismo. Desc\u00fabrelo en nuestra tienda budista C\u00c0NTIR.\" \/>\n<meta property=\"og:url\" content=\"https:\/\/cantir.art\/ca\/producte\/guia-grafica-buda\/\" \/>\n<meta property=\"og:site_name\" content=\"C\u00e0ntir\" \/>\n<meta property=\"article:modified_time\" content=\"2026-01-17T09:42:15+00:00\" \/>\n<meta property=\"og:image\" content=\"https:\/\/cantir.art\/wp-content\/uploads\/2025\/09\/BUDA-UNA-GUIA-ILUSTRADA-C-scaled-2.jpg\" \/>\n\t<meta property=\"og:image:width\" content=\"1920\" \/>\n\t<meta property=\"og:image:height\" content=\"2560\" \/>\n\t<meta property=\"og:image:type\" content=\"image\/jpeg\" \/>\n<meta name=\"twitter:card\" content=\"summary_large_image\" \/>\n<meta name=\"twitter:label1\" content=\"Temps estimat de lectura\" \/>\n\t<meta name=\"twitter:data1\" content=\"2 minuts\" \/>\n<script type=\"application\/ld+json\" class=\"yoast-schema-graph\">{\"@context\":\"https:\/\/schema.org\",\"@graph\":[{\"@type\":\"WebPage\",\"@id\":\"https:\/\/cantir.art\/producto\/guia-grafica-buda\/\",\"url\":\"https:\/\/cantir.art\/producto\/guia-grafica-buda\/\",\"name\":\"Buda: Una gu\u00eda ilustrada | C\u00c0NTIR \ud83d\udcff\",\"isPartOf\":{\"@id\":\"https:\/\/cantir.art\/#website\"},\"primaryImageOfPage\":{\"@id\":\"https:\/\/cantir.art\/producto\/guia-grafica-buda\/#primaryimage\"},\"image\":{\"@id\":\"https:\/\/cantir.art\/producto\/guia-grafica-buda\/#primaryimage\"},\"thumbnailUrl\":\"https:\/\/i0.wp.com\/cantir.art\/wp-content\/uploads\/2025\/09\/BUDA-UNA-GUIA-ILUSTRADA-C-scaled-2.jpg?fit=1920%2C2560&ssl=1\",\"datePublished\":\"2025-01-25T17:28:05+00:00\",\"dateModified\":\"2026-01-17T09:42:15+00:00\",\"description\":\"Buda: Una gu\u00eda ilustrada es un libro en formato c\u00f3mic es una aproximaci\u00f3n fant\u00e1stica al budismo. Desc\u00fabrelo en nuestra tienda budista C\u00c0NTIR.\",\"breadcrumb\":{\"@id\":\"https:\/\/cantir.art\/producto\/guia-grafica-buda\/#breadcrumb\"},\"inLanguage\":\"ca\",\"potentialAction\":[{\"@type\":\"ReadAction\",\"target\":[\"https:\/\/cantir.art\/producto\/guia-grafica-buda\/\"]}]},{\"@type\":\"ImageObject\",\"inLanguage\":\"ca\",\"@id\":\"https:\/\/cantir.art\/producto\/guia-grafica-buda\/#primaryimage\",\"url\":\"https:\/\/i0.wp.com\/cantir.art\/wp-content\/uploads\/2025\/09\/BUDA-UNA-GUIA-ILUSTRADA-C-scaled-2.jpg?fit=1920%2C2560&ssl=1\",\"contentUrl\":\"https:\/\/i0.wp.com\/cantir.art\/wp-content\/uploads\/2025\/09\/BUDA-UNA-GUIA-ILUSTRADA-C-scaled-2.jpg?fit=1920%2C2560&ssl=1\",\"width\":1920,\"height\":2560},{\"@type\":\"BreadcrumbList\",\"@id\":\"https:\/\/cantir.art\/producto\/guia-grafica-buda\/#breadcrumb\",\"itemListElement\":[{\"@type\":\"ListItem\",\"position\":1,\"name\":\"Portada\",\"item\":\"https:\/\/cantir.art\/\"},{\"@type\":\"ListItem\",\"position\":2,\"name\":\"NEW Tienda\",\"item\":\"https:\/\/cantir.art\/en\/new-tienda\/\"},{\"@type\":\"ListItem\",\"position\":3,\"name\":\"Buda: Una gu\u00eda ilustrada\"}]},{\"@type\":\"WebSite\",\"@id\":\"https:\/\/cantir.art\/#website\",\"url\":\"https:\/\/cantir.art\/\",\"name\":\"C\u00e0ntir\",\"description\":\"Simbolismo budista y est\u00e9tica mediterr\u00e1nea en objetos que conectan pr\u00e1ctica y cotidianidad\",\"publisher\":{\"@id\":\"https:\/\/cantir.art\/#organization\"},\"potentialAction\":[{\"@type\":\"SearchAction\",\"target\":{\"@type\":\"EntryPoint\",\"urlTemplate\":\"https:\/\/cantir.art\/?s={search_term_string}\"},\"query-input\":{\"@type\":\"PropertyValueSpecification\",\"valueRequired\":true,\"valueName\":\"search_term_string\"}}],\"inLanguage\":\"ca\"},{\"@type\":\"Organization\",\"@id\":\"https:\/\/cantir.art\/#organization\",\"name\":\"C\u00e0ntir\",\"url\":\"https:\/\/cantir.art\/\",\"logo\":{\"@type\":\"ImageObject\",\"inLanguage\":\"ca\",\"@id\":\"https:\/\/cantir.art\/#\/schema\/logo\/image\/\",\"url\":\"https:\/\/i0.wp.com\/cantir.art\/wp-content\/uploads\/2025\/01\/cantir-10.png?fit=2551%2C1060&ssl=1\",\"contentUrl\":\"https:\/\/i0.wp.com\/cantir.art\/wp-content\/uploads\/2025\/01\/cantir-10.png?fit=2551%2C1060&ssl=1\",\"width\":2551,\"height\":1060,\"caption\":\"C\u00e0ntir\"},\"image\":{\"@id\":\"https:\/\/cantir.art\/#\/schema\/logo\/image\/\"}}]}<\/script>\n<!-- \/ Yoast SEO plugin. -->","yoast_head_json":{"title":"Buda: Una gu\u00eda ilustrada | C\u00c0NTIR \ud83d\udcff","description":"Buda: Una gu\u00eda ilustrada es un libro en formato c\u00f3mic es una aproximaci\u00f3n fant\u00e1stica al budismo. Desc\u00fabrelo en nuestra tienda budista C\u00c0NTIR.","robots":{"index":"index","follow":"follow","max-snippet":"max-snippet:-1","max-image-preview":"max-image-preview:large","max-video-preview":"max-video-preview:-1"},"canonical":"https:\/\/cantir.art\/ca\/producte\/guia-grafica-buda\/","og_locale":"ca_ES","og_type":"article","og_title":"Buda: Una gu\u00eda ilustrada | C\u00c0NTIR \ud83d\udcff","og_description":"Buda: Una gu\u00eda ilustrada es un libro en formato c\u00f3mic es una aproximaci\u00f3n fant\u00e1stica al budismo. Desc\u00fabrelo en nuestra tienda budista C\u00c0NTIR.","og_url":"https:\/\/cantir.art\/ca\/producte\/guia-grafica-buda\/","og_site_name":"C\u00e0ntir","article_modified_time":"2026-01-17T09:42:15+00:00","og_image":[{"width":1920,"height":2560,"url":"https:\/\/cantir.art\/wp-content\/uploads\/2025\/09\/BUDA-UNA-GUIA-ILUSTRADA-C-scaled-2.jpg","type":"image\/jpeg"}],"twitter_card":"summary_large_image","twitter_misc":{"Temps estimat de lectura":"2 minuts"},"schema":{"@context":"https:\/\/schema.org","@graph":[{"@type":"WebPage","@id":"https:\/\/cantir.art\/producto\/guia-grafica-buda\/","url":"https:\/\/cantir.art\/producto\/guia-grafica-buda\/","name":"Buda: Una gu\u00eda ilustrada | C\u00c0NTIR \ud83d\udcff","isPartOf":{"@id":"https:\/\/cantir.art\/#website"},"primaryImageOfPage":{"@id":"https:\/\/cantir.art\/producto\/guia-grafica-buda\/#primaryimage"},"image":{"@id":"https:\/\/cantir.art\/producto\/guia-grafica-buda\/#primaryimage"},"thumbnailUrl":"https:\/\/i0.wp.com\/cantir.art\/wp-content\/uploads\/2025\/09\/BUDA-UNA-GUIA-ILUSTRADA-C-scaled-2.jpg?fit=1920%2C2560&ssl=1","datePublished":"2025-01-25T17:28:05+00:00","dateModified":"2026-01-17T09:42:15+00:00","description":"Buda: Una gu\u00eda ilustrada es un libro en formato c\u00f3mic es una aproximaci\u00f3n fant\u00e1stica al budismo. Desc\u00fabrelo en nuestra tienda budista C\u00c0NTIR.","breadcrumb":{"@id":"https:\/\/cantir.art\/producto\/guia-grafica-buda\/#breadcrumb"},"inLanguage":"ca","potentialAction":[{"@type":"ReadAction","target":["https:\/\/cantir.art\/producto\/guia-grafica-buda\/"]}]},{"@type":"ImageObject","inLanguage":"ca","@id":"https:\/\/cantir.art\/producto\/guia-grafica-buda\/#primaryimage","url":"https:\/\/i0.wp.com\/cantir.art\/wp-content\/uploads\/2025\/09\/BUDA-UNA-GUIA-ILUSTRADA-C-scaled-2.jpg?fit=1920%2C2560&ssl=1","contentUrl":"https:\/\/i0.wp.com\/cantir.art\/wp-content\/uploads\/2025\/09\/BUDA-UNA-GUIA-ILUSTRADA-C-scaled-2.jpg?fit=1920%2C2560&ssl=1","width":1920,"height":2560},{"@type":"BreadcrumbList","@id":"https:\/\/cantir.art\/producto\/guia-grafica-buda\/#breadcrumb","itemListElement":[{"@type":"ListItem","position":1,"name":"Portada","item":"https:\/\/cantir.art\/"},{"@type":"ListItem","position":2,"name":"NEW Tienda","item":"https:\/\/cantir.art\/en\/new-tienda\/"},{"@type":"ListItem","position":3,"name":"Buda: Una gu\u00eda ilustrada"}]},{"@type":"WebSite","@id":"https:\/\/cantir.art\/#website","url":"https:\/\/cantir.art\/","name":"C\u00e0ntir","description":"Simbolisme budista i est\u00e8tica mediterr\u00e0nia en objectes que connecten pr\u00e0ctica i quotidianitat","publisher":{"@id":"https:\/\/cantir.art\/#organization"},"potentialAction":[{"@type":"SearchAction","target":{"@type":"EntryPoint","urlTemplate":"https:\/\/cantir.art\/?s={search_term_string}"},"query-input":{"@type":"PropertyValueSpecification","valueRequired":true,"valueName":"search_term_string"}}],"inLanguage":"ca"},{"@type":"Organization","@id":"https:\/\/cantir.art\/#organization","name":"C\u00e0ntir","url":"https:\/\/cantir.art\/","logo":{"@type":"ImageObject","inLanguage":"ca","@id":"https:\/\/cantir.art\/#\/schema\/logo\/image\/","url":"https:\/\/i0.wp.com\/cantir.art\/wp-content\/uploads\/2025\/01\/cantir-10.png?fit=2551%2C1060&ssl=1","contentUrl":"https:\/\/i0.wp.com\/cantir.art\/wp-content\/uploads\/2025\/01\/cantir-10.png?fit=2551%2C1060&ssl=1","width":2551,"height":1060,"caption":"C\u00e0ntir"},"image":{"@id":"https:\/\/cantir.art\/#\/schema\/logo\/image\/"}}]}},"jetpack_sharing_enabled":true,"_links":{"self":[{"href":"https:\/\/cantir.art\/ca\/wp-json\/wp\/v2\/product\/4471","targetHints":{"allow":["GET"]}}],"collection":[{"href":"https:\/\/cantir.art\/ca\/wp-json\/wp\/v2\/product"}],"about":[{"href":"https:\/\/cantir.art\/ca\/wp-json\/wp\/v2\/types\/product"}],"replies":[{"embeddable":true,"href":"https:\/\/cantir.art\/ca\/wp-json\/wp\/v2\/comments?post=4471"}],"version-history":[{"count":10,"href":"https:\/\/cantir.art\/ca\/wp-json\/wp\/v2\/product\/4471\/revisions"}],"predecessor-version":[{"id":5679,"href":"https:\/\/cantir.art\/ca\/wp-json\/wp\/v2\/product\/4471\/revisions\/5679"}],"wp:featuredmedia":[{"embeddable":true,"href":"https:\/\/cantir.art\/ca\/wp-json\/wp\/v2\/media\/6403"}],"wp:attachment":[{"href":"https:\/\/cantir.art\/ca\/wp-json\/wp\/v2\/media?parent=4471"}],"wp:term":[{"taxonomy":"product_brand","embeddable":true,"href":"https:\/\/cantir.art\/ca\/wp-json\/wp\/v2\/product_brand?post=4471"},{"taxonomy":"product_cat","embeddable":true,"href":"https:\/\/cantir.art\/ca\/wp-json\/wp\/v2\/product_cat?post=4471"},{"taxonomy":"product_tag","embeddable":true,"href":"https:\/\/cantir.art\/ca\/wp-json\/wp\/v2\/product_tag?post=4471"}],"curies":[{"name":"wp","href":"https:\/\/api.w.org\/{rel}","templated":true}]}}