{"id":4508,"date":"2025-01-25T18:54:41","date_gmt":"2025-01-25T17:54:41","guid":{"rendered":"https:\/\/cantir.art\/?post_type=product&#038;p=4508"},"modified":"2026-01-17T11:08:40","modified_gmt":"2026-01-17T10:08:40","slug":"tu-tambien-puedes-serbudista","status":"publish","type":"product","link":"https:\/\/cantir.art\/ca\/producte\/tu-tambien-puedes-serbudista\/","title":{"rendered":"Tu tamb\u00e9 pots ser budista"},"content":{"rendered":"<div data-elementor-type=\"wp-post\" data-elementor-id=\"4508\" class=\"elementor elementor-4508\">\n\t\t\t\t<div class=\"elementor-element elementor-element-52048079 e-flex e-con-boxed e-con e-parent\" data-id=\"52048079\" data-element_type=\"container\">\n\t\t\t\t\t<div class=\"e-con-inner\">\n\t\t\t\t<div class=\"elementor-element elementor-element-14ef9cb8 elementor-widget elementor-widget-text-editor\" data-id=\"14ef9cb8\" data-element_type=\"widget\" data-widget_type=\"text-editor.default\">\n\t\t\t\t<div class=\"elementor-widget-container\">\n\t\t\t\t\t\t\t\t\t<p>Dzongsar Jamyang Khyentse Rinpoche \u00e9s un influent mestre budista tibet\u00e0 conegut pel seu enfocament integrador i la seva habilitat per adaptar els ensenyaments tradicionals del budisme a contextos moderns. Nascut a Bhutan el 1961, \u00e9s part de la tradici\u00f3 Rim\u00e9, que fomenta la uni\u00f3 entre diferents llinatges budistes. Deixeble de mestres com Dilgo Khyentse Rinpoche, ha dedicat la seva vida a preservar i expandir el Dharma a nivell global. A m\u00e9s de la seva tasca espiritual, utilitza formes creatives com el cinema i l&#039;escriptura per comunicar idees profundes, mostrant com els ensenyaments budistes es poden aplicar a la vida contempor\u00e0nia.<\/p>\t\t\t\t\t\t\t\t<\/div>\n\t\t\t\t<\/div>\n\t\t\t\t\t<\/div>\n\t\t\t\t<\/div>\n\t\t\t\t<\/div>","protected":false},"excerpt":{"rendered":"<p>Em aquest llibre Dzongsar Khyentse Rinpoche aborda les idees err\u00f2nies sobre qu\u00e8 significa ser budista. Amb un to directe i provocador, explica que no \u00e9s l&#039;aparen\u00e7a externa ni les cerim\u00f2nies all\u00f2 que defineix un budista, sin\u00f3 la comprensi\u00f3 i l&#039;aplicaci\u00f3 dels quatre segells del Dharma: la imperman\u00e8ncia, el patiment, l&#039;abs\u00e8ncia d&#039;un jo intr\u00ednsec i la pau que sorgeix de l&#039;alliberament. Rinpoche convida el lector a reflexionar cr\u00edticament sobre les seves creences i pr\u00e0ctiques, i desafia la tend\u00e8ncia a malinterpretar el budisme com una mera filosofia o eina d&#039;autoajuda.<\/p>","protected":false},"featured_media":6406,"comment_status":"open","ping_status":"closed","template":"elementor_theme","meta":[],"product_brand":[],"product_cat":[267,161],"product_tag":[221,220,288],"class_list":{"0":"post-4508","1":"product","2":"type-product","3":"status-publish","4":"has-post-thumbnail","6":"product_cat-kairos","7":"product_cat-libros","8":"product_tag-budismo-mediterraneo","9":"product_tag-dzongsar-jamyang-khyentse","10":"product_tag-los-cuatro-sellos","12":"first","13":"instock","14":"taxable","15":"shipping-taxable","16":"purchasable","17":"product-type-simple"},"supplier_id":null,"supplier_sku":"","barcode":null,"atum_controlled":true,"out_stock_date":null,"out_stock_threshold":null,"inheritable":false,"inbound_stock":0,"stock_on_hold":0,"sold_today":0,"sales_last_days":0,"reserved_stock":0,"customer_returns":0,"warehouse_damage":0,"lost_in_post":0,"other_logs":0,"out_stock_days":0,"lost_sales":0,"has_location":false,"update_date":"2026-04-14T02:05:40","atum_locations":[],"atum_stock_status":"instock","restock_status":false,"low_stock_amount":"","sales_update_date":"2026-04-14T02:05:40","calc_backorders":null,"yoast_head":"<!-- This site is optimized with the Yoast SEO plugin v26.9 - https:\/\/yoast.com\/product\/yoast-seo-wordpress\/ -->\n<title>T\u00fa tambi\u00e9n puedes ser budista - C\u00e0ntir<\/title>\n<meta name=\"robots\" content=\"index, follow, max-snippet:-1, max-image-preview:large, max-video-preview:-1\" \/>\n<link rel=\"canonical\" href=\"https:\/\/cantir.art\/ca\/producte\/tu-tambien-puedes-serbudista\/\" \/>\n<meta property=\"og:locale\" content=\"ca_ES\" \/>\n<meta property=\"og:type\" content=\"article\" \/>\n<meta property=\"og:title\" content=\"T\u00fa tambi\u00e9n puedes ser budista - C\u00e0ntir\" \/>\n<meta property=\"og:description\" content=\"Em este libro Dzongsar Khyentse Rinpoche aborda las ideas err\u00f3neas sobre lo que significa ser budista. Con un tono directo y provocador, explica que no es la apariencia externa ni las ceremonias lo que define a un budista, sino la comprensi\u00f3n y aplicaci\u00f3n de los cuatro sellos del Dharma: la impermanencia, el sufrimiento, la ausencia de un yo intr\u00ednseco y la paz que surge de la liberaci\u00f3n. Rinpoche invita al lector a reflexionar cr\u00edticamente sobre sus creencias y pr\u00e1cticas, desafiando la tendencia a malinterpretar el budismo como una mera filosof\u00eda o herramienta de autoayuda.\" \/>\n<meta property=\"og:url\" content=\"https:\/\/cantir.art\/ca\/producte\/tu-tambien-puedes-serbudista\/\" \/>\n<meta property=\"og:site_name\" content=\"C\u00e0ntir\" \/>\n<meta property=\"article:modified_time\" content=\"2026-01-17T10:08:40+00:00\" \/>\n<meta property=\"og:image\" content=\"https:\/\/cantir.art\/wp-content\/uploads\/2025\/09\/TU-TAMBIEN-PUEDES-SER-BUDISTA-A-scaled-2.jpg\" \/>\n\t<meta property=\"og:image:width\" content=\"1922\" \/>\n\t<meta property=\"og:image:height\" content=\"2560\" \/>\n\t<meta property=\"og:image:type\" content=\"image\/jpeg\" \/>\n<meta name=\"twitter:card\" content=\"summary_large_image\" \/>\n<meta name=\"twitter:label1\" content=\"Temps estimat de lectura\" \/>\n\t<meta name=\"twitter:data1\" content=\"1 minut\" \/>\n<script type=\"application\/ld+json\" class=\"yoast-schema-graph\">{\"@context\":\"https:\/\/schema.org\",\"@graph\":[{\"@type\":\"WebPage\",\"@id\":\"https:\/\/cantir.art\/producto\/tu-tambien-puedes-serbudista\/\",\"url\":\"https:\/\/cantir.art\/producto\/tu-tambien-puedes-serbudista\/\",\"name\":\"T\u00fa tambi\u00e9n puedes ser budista - C\u00e0ntir\",\"isPartOf\":{\"@id\":\"https:\/\/cantir.art\/#website\"},\"primaryImageOfPage\":{\"@id\":\"https:\/\/cantir.art\/producto\/tu-tambien-puedes-serbudista\/#primaryimage\"},\"image\":{\"@id\":\"https:\/\/cantir.art\/producto\/tu-tambien-puedes-serbudista\/#primaryimage\"},\"thumbnailUrl\":\"https:\/\/i0.wp.com\/cantir.art\/wp-content\/uploads\/2025\/09\/TU-TAMBIEN-PUEDES-SER-BUDISTA-A-scaled-2.jpg?fit=1922%2C2560&ssl=1\",\"datePublished\":\"2025-01-25T17:54:41+00:00\",\"dateModified\":\"2026-01-17T10:08:40+00:00\",\"breadcrumb\":{\"@id\":\"https:\/\/cantir.art\/producto\/tu-tambien-puedes-serbudista\/#breadcrumb\"},\"inLanguage\":\"ca\",\"potentialAction\":[{\"@type\":\"ReadAction\",\"target\":[\"https:\/\/cantir.art\/producto\/tu-tambien-puedes-serbudista\/\"]}]},{\"@type\":\"ImageObject\",\"inLanguage\":\"ca\",\"@id\":\"https:\/\/cantir.art\/producto\/tu-tambien-puedes-serbudista\/#primaryimage\",\"url\":\"https:\/\/i0.wp.com\/cantir.art\/wp-content\/uploads\/2025\/09\/TU-TAMBIEN-PUEDES-SER-BUDISTA-A-scaled-2.jpg?fit=1922%2C2560&ssl=1\",\"contentUrl\":\"https:\/\/i0.wp.com\/cantir.art\/wp-content\/uploads\/2025\/09\/TU-TAMBIEN-PUEDES-SER-BUDISTA-A-scaled-2.jpg?fit=1922%2C2560&ssl=1\",\"width\":1922,\"height\":2560},{\"@type\":\"BreadcrumbList\",\"@id\":\"https:\/\/cantir.art\/producto\/tu-tambien-puedes-serbudista\/#breadcrumb\",\"itemListElement\":[{\"@type\":\"ListItem\",\"position\":1,\"name\":\"Portada\",\"item\":\"https:\/\/cantir.art\/\"},{\"@type\":\"ListItem\",\"position\":2,\"name\":\"NEW Tienda\",\"item\":\"https:\/\/cantir.art\/en\/new-tienda\/\"},{\"@type\":\"ListItem\",\"position\":3,\"name\":\"T\u00fa tambi\u00e9n puedes ser budista\"}]},{\"@type\":\"WebSite\",\"@id\":\"https:\/\/cantir.art\/#website\",\"url\":\"https:\/\/cantir.art\/\",\"name\":\"C\u00e0ntir\",\"description\":\"Simbolismo budista y est\u00e9tica mediterr\u00e1nea en objetos que conectan pr\u00e1ctica y cotidianidad\",\"publisher\":{\"@id\":\"https:\/\/cantir.art\/#organization\"},\"potentialAction\":[{\"@type\":\"SearchAction\",\"target\":{\"@type\":\"EntryPoint\",\"urlTemplate\":\"https:\/\/cantir.art\/?s={search_term_string}\"},\"query-input\":{\"@type\":\"PropertyValueSpecification\",\"valueRequired\":true,\"valueName\":\"search_term_string\"}}],\"inLanguage\":\"ca\"},{\"@type\":\"Organization\",\"@id\":\"https:\/\/cantir.art\/#organization\",\"name\":\"C\u00e0ntir\",\"url\":\"https:\/\/cantir.art\/\",\"logo\":{\"@type\":\"ImageObject\",\"inLanguage\":\"ca\",\"@id\":\"https:\/\/cantir.art\/#\/schema\/logo\/image\/\",\"url\":\"https:\/\/i0.wp.com\/cantir.art\/wp-content\/uploads\/2025\/01\/cantir-10.png?fit=2551%2C1060&ssl=1\",\"contentUrl\":\"https:\/\/i0.wp.com\/cantir.art\/wp-content\/uploads\/2025\/01\/cantir-10.png?fit=2551%2C1060&ssl=1\",\"width\":2551,\"height\":1060,\"caption\":\"C\u00e0ntir\"},\"image\":{\"@id\":\"https:\/\/cantir.art\/#\/schema\/logo\/image\/\"}}]}<\/script>\n<!-- \/ Yoast SEO plugin. -->","yoast_head_json":{"title":"T\u00fa tambi\u00e9n puedes ser budista - C\u00e0ntir","robots":{"index":"index","follow":"follow","max-snippet":"max-snippet:-1","max-image-preview":"max-image-preview:large","max-video-preview":"max-video-preview:-1"},"canonical":"https:\/\/cantir.art\/ca\/producte\/tu-tambien-puedes-serbudista\/","og_locale":"ca_ES","og_type":"article","og_title":"T\u00fa tambi\u00e9n puedes ser budista - C\u00e0ntir","og_description":"Em este libro Dzongsar Khyentse Rinpoche aborda las ideas err\u00f3neas sobre lo que significa ser budista. Con un tono directo y provocador, explica que no es la apariencia externa ni las ceremonias lo que define a un budista, sino la comprensi\u00f3n y aplicaci\u00f3n de los cuatro sellos del Dharma: la impermanencia, el sufrimiento, la ausencia de un yo intr\u00ednseco y la paz que surge de la liberaci\u00f3n. Rinpoche invita al lector a reflexionar cr\u00edticamente sobre sus creencias y pr\u00e1cticas, desafiando la tendencia a malinterpretar el budismo como una mera filosof\u00eda o herramienta de autoayuda.","og_url":"https:\/\/cantir.art\/ca\/producte\/tu-tambien-puedes-serbudista\/","og_site_name":"C\u00e0ntir","article_modified_time":"2026-01-17T10:08:40+00:00","og_image":[{"width":1922,"height":2560,"url":"https:\/\/cantir.art\/wp-content\/uploads\/2025\/09\/TU-TAMBIEN-PUEDES-SER-BUDISTA-A-scaled-2.jpg","type":"image\/jpeg"}],"twitter_card":"summary_large_image","twitter_misc":{"Temps estimat de lectura":"1 minut"},"schema":{"@context":"https:\/\/schema.org","@graph":[{"@type":"WebPage","@id":"https:\/\/cantir.art\/producto\/tu-tambien-puedes-serbudista\/","url":"https:\/\/cantir.art\/producto\/tu-tambien-puedes-serbudista\/","name":"T\u00fa tambi\u00e9n puedes ser budista - C\u00e0ntir","isPartOf":{"@id":"https:\/\/cantir.art\/#website"},"primaryImageOfPage":{"@id":"https:\/\/cantir.art\/producto\/tu-tambien-puedes-serbudista\/#primaryimage"},"image":{"@id":"https:\/\/cantir.art\/producto\/tu-tambien-puedes-serbudista\/#primaryimage"},"thumbnailUrl":"https:\/\/i0.wp.com\/cantir.art\/wp-content\/uploads\/2025\/09\/TU-TAMBIEN-PUEDES-SER-BUDISTA-A-scaled-2.jpg?fit=1922%2C2560&ssl=1","datePublished":"2025-01-25T17:54:41+00:00","dateModified":"2026-01-17T10:08:40+00:00","breadcrumb":{"@id":"https:\/\/cantir.art\/producto\/tu-tambien-puedes-serbudista\/#breadcrumb"},"inLanguage":"ca","potentialAction":[{"@type":"ReadAction","target":["https:\/\/cantir.art\/producto\/tu-tambien-puedes-serbudista\/"]}]},{"@type":"ImageObject","inLanguage":"ca","@id":"https:\/\/cantir.art\/producto\/tu-tambien-puedes-serbudista\/#primaryimage","url":"https:\/\/i0.wp.com\/cantir.art\/wp-content\/uploads\/2025\/09\/TU-TAMBIEN-PUEDES-SER-BUDISTA-A-scaled-2.jpg?fit=1922%2C2560&ssl=1","contentUrl":"https:\/\/i0.wp.com\/cantir.art\/wp-content\/uploads\/2025\/09\/TU-TAMBIEN-PUEDES-SER-BUDISTA-A-scaled-2.jpg?fit=1922%2C2560&ssl=1","width":1922,"height":2560},{"@type":"BreadcrumbList","@id":"https:\/\/cantir.art\/producto\/tu-tambien-puedes-serbudista\/#breadcrumb","itemListElement":[{"@type":"ListItem","position":1,"name":"Portada","item":"https:\/\/cantir.art\/"},{"@type":"ListItem","position":2,"name":"NEW Tienda","item":"https:\/\/cantir.art\/en\/new-tienda\/"},{"@type":"ListItem","position":3,"name":"T\u00fa tambi\u00e9n puedes ser budista"}]},{"@type":"WebSite","@id":"https:\/\/cantir.art\/#website","url":"https:\/\/cantir.art\/","name":"C\u00e0ntir","description":"Simbolisme budista i est\u00e8tica mediterr\u00e0nia en objectes que connecten pr\u00e0ctica i quotidianitat","publisher":{"@id":"https:\/\/cantir.art\/#organization"},"potentialAction":[{"@type":"SearchAction","target":{"@type":"EntryPoint","urlTemplate":"https:\/\/cantir.art\/?s={search_term_string}"},"query-input":{"@type":"PropertyValueSpecification","valueRequired":true,"valueName":"search_term_string"}}],"inLanguage":"ca"},{"@type":"Organization","@id":"https:\/\/cantir.art\/#organization","name":"C\u00e0ntir","url":"https:\/\/cantir.art\/","logo":{"@type":"ImageObject","inLanguage":"ca","@id":"https:\/\/cantir.art\/#\/schema\/logo\/image\/","url":"https:\/\/i0.wp.com\/cantir.art\/wp-content\/uploads\/2025\/01\/cantir-10.png?fit=2551%2C1060&ssl=1","contentUrl":"https:\/\/i0.wp.com\/cantir.art\/wp-content\/uploads\/2025\/01\/cantir-10.png?fit=2551%2C1060&ssl=1","width":2551,"height":1060,"caption":"C\u00e0ntir"},"image":{"@id":"https:\/\/cantir.art\/#\/schema\/logo\/image\/"}}]}},"jetpack_sharing_enabled":true,"_links":{"self":[{"href":"https:\/\/cantir.art\/ca\/wp-json\/wp\/v2\/product\/4508","targetHints":{"allow":["GET"]}}],"collection":[{"href":"https:\/\/cantir.art\/ca\/wp-json\/wp\/v2\/product"}],"about":[{"href":"https:\/\/cantir.art\/ca\/wp-json\/wp\/v2\/types\/product"}],"replies":[{"embeddable":true,"href":"https:\/\/cantir.art\/ca\/wp-json\/wp\/v2\/comments?post=4508"}],"version-history":[{"count":5,"href":"https:\/\/cantir.art\/ca\/wp-json\/wp\/v2\/product\/4508\/revisions"}],"predecessor-version":[{"id":4541,"href":"https:\/\/cantir.art\/ca\/wp-json\/wp\/v2\/product\/4508\/revisions\/4541"}],"wp:featuredmedia":[{"embeddable":true,"href":"https:\/\/cantir.art\/ca\/wp-json\/wp\/v2\/media\/6406"}],"wp:attachment":[{"href":"https:\/\/cantir.art\/ca\/wp-json\/wp\/v2\/media?parent=4508"}],"wp:term":[{"taxonomy":"product_brand","embeddable":true,"href":"https:\/\/cantir.art\/ca\/wp-json\/wp\/v2\/product_brand?post=4508"},{"taxonomy":"product_cat","embeddable":true,"href":"https:\/\/cantir.art\/ca\/wp-json\/wp\/v2\/product_cat?post=4508"},{"taxonomy":"product_tag","embeddable":true,"href":"https:\/\/cantir.art\/ca\/wp-json\/wp\/v2\/product_tag?post=4508"}],"curies":[{"name":"wp","href":"https:\/\/api.w.org\/{rel}","templated":true}]}}