{"id":4562,"date":"2025-01-25T19:29:31","date_gmt":"2025-01-25T18:29:31","guid":{"rendered":"https:\/\/cantir.art\/?post_type=product&#038;p=4562"},"modified":"2026-03-05T23:37:18","modified_gmt":"2026-03-05T22:37:18","slug":"el-libro-tibetano-de-la-vida-y-la-muerte","status":"publish","type":"product","link":"https:\/\/cantir.art\/ca\/producte\/el-libro-tibetano-de-la-vida-y-la-muerte\/","title":{"rendered":"El llibre tibet\u00e0 de la vida i la mort"},"content":{"rendered":"<div data-elementor-type=\"wp-post\" data-elementor-id=\"4562\" class=\"elementor elementor-4562\">\n\t\t\t\t<div class=\"elementor-element elementor-element-52048079 e-flex e-con-boxed e-con e-parent\" data-id=\"52048079\" data-element_type=\"container\">\n\t\t\t\t\t<div class=\"e-con-inner\">\n\t\t\t\t<div class=\"elementor-element elementor-element-14ef9cb8 elementor-widget elementor-widget-text-editor\" data-id=\"14ef9cb8\" data-element_type=\"widget\" data-widget_type=\"text-editor.default\">\n\t\t\t\t<div class=\"elementor-widget-container\">\n\t\t\t\t\t\t\t\t\t<p>La mort \u00e9s un dels ensenyaments m\u00e9s centrals i profunds dins del budisme. En la tradici\u00f3 budista, s'ent\u00e9n que la mort no \u00e9s la fi absoluta, sin\u00f3 una transici\u00f3 dins del cicle de vida i renaixement conegut com samsara. Aquesta perspectiva permet veure la mort de manera diferent, no com una cosa a t\u00e9mer, sin\u00f3 com una oportunitat per alliberar el patiment. Els budistes creuen que, en comprendre la naturalesa de la mort, podem viure m\u00e9s plenament, amb m\u00e9s saviesa, compassi\u00f3 i desaferrament.<\/p><p>Un dels ensenyaments clau \u00e9s el <em>bardo<\/em>, l'estat intermedi entre la mort i el renaixement, on les condicions que hem cultivat a la nostra vida determinen les nostres experi\u00e8ncies i el seg\u00fcent pas en el nostre viatge espiritual. A trav\u00e9s de pr\u00e0ctiques de meditaci\u00f3 i reflexi\u00f3 sobre la mort, el budisme busca preparar els practicants per enfrontar aquest moment amb calma i claredat. A la vida quotidiana, aquesta consci\u00e8ncia de la mort ens anima a viure de manera m\u00e9s \u00e8tica, compassiva i conscient, fomentant una relaci\u00f3 m\u00e9s profunda amb el present i el benestar de tots els \u00e9ssers.<\/p>\t\t\t\t\t\t\t\t<\/div>\n\t\t\t\t<\/div>\n\t\t\t\t\t<\/div>\n\t\t\t\t<\/div>\n\t\t\t\t<\/div>","protected":false},"excerpt":{"rendered":"<p><em>El llibre tibet\u00e0 de la vida i la mort<\/em> de Sogyal Rinpoche \u00e9s una obra fonamental que explora els ensenyaments budistes sobre la vida, la mort i el proc\u00e9s de morir. Rinpoche fusiona la saviesa ancestral del budisme tibet\u00e0 amb una perspectiva accessible per al p\u00fablic occidental. A trav\u00e9s de les seves p\u00e0gines, el llibre ofereix una guia per comprendre la mort no com un final, sin\u00f3 com una transici\u00f3 natural al cicle de la vida. A m\u00e9s, proposa pr\u00e0ctiques meditatives i reflexions sobre com viure una vida plena i conscient, preparant-se pel moment de la mort amb serenitat i acceptaci\u00f3.<\/p>","protected":false},"featured_media":6408,"comment_status":"open","ping_status":"closed","template":"elementor_theme","meta":[],"product_brand":[],"product_cat":[161,289],"product_tag":[273,208,290],"class_list":{"0":"post-4562","1":"product","2":"type-product","3":"status-publish","4":"has-post-thumbnail","6":"product_cat-libros","7":"product_cat-urano","8":"product_tag-bardo","9":"product_tag-budismo-y-muerte","10":"product_tag-sogyal-rinpoche","12":"first","13":"instock","14":"taxable","15":"shipping-taxable","16":"purchasable","17":"product-type-simple"},"supplier_id":null,"supplier_sku":"","barcode":null,"atum_controlled":true,"out_stock_date":null,"out_stock_threshold":null,"inheritable":false,"inbound_stock":0,"stock_on_hold":0,"sold_today":0,"sales_last_days":0,"reserved_stock":0,"customer_returns":0,"warehouse_damage":0,"lost_in_post":0,"other_logs":0,"out_stock_days":0,"lost_sales":0,"has_location":false,"update_date":"2026-04-15T02:05:54","atum_locations":[],"atum_stock_status":"instock","restock_status":false,"low_stock_amount":"","sales_update_date":"2026-04-15T02:05:54","calc_backorders":null,"yoast_head":"<!-- This site is optimized with the Yoast SEO plugin v26.9 - https:\/\/yoast.com\/product\/yoast-seo-wordpress\/ -->\n<title>El libro tibetano de la vida y la muerte - C\u00e0ntir<\/title>\n<meta name=\"robots\" content=\"index, follow, max-snippet:-1, max-image-preview:large, max-video-preview:-1\" \/>\n<link rel=\"canonical\" href=\"https:\/\/cantir.art\/ca\/producte\/el-libro-tibetano-de-la-vida-y-la-muerte\/\" \/>\n<meta property=\"og:locale\" content=\"ca_ES\" \/>\n<meta property=\"og:type\" content=\"article\" \/>\n<meta property=\"og:title\" content=\"El libro tibetano de la vida y la muerte - C\u00e0ntir\" \/>\n<meta property=\"og:description\" content=\"El libro tibetano de la vida y la muerte de Sogyal Rinpoche es una obra fundamental que explora las ense\u00f1anzas budistas sobre la vida, la muerte y el proceso de morir. Rinpoche fusiona la sabidur\u00eda ancestral del budismo tibetano con una perspectiva accesible para el p\u00fablico occidental. A trav\u00e9s de sus p\u00e1ginas, el libro ofrece una gu\u00eda para comprender la muerte no como un final, sino como una transici\u00f3n natural en el ciclo de la vida. Adem\u00e1s, propone pr\u00e1cticas meditativas y reflexiones sobre c\u00f3mo vivir una vida plena y consciente, prepar\u00e1ndose para el momento de la muerte con serenidad y aceptaci\u00f3n.\" \/>\n<meta property=\"og:url\" content=\"https:\/\/cantir.art\/ca\/producte\/el-libro-tibetano-de-la-vida-y-la-muerte\/\" \/>\n<meta property=\"og:site_name\" content=\"C\u00e0ntir\" \/>\n<meta property=\"article:modified_time\" content=\"2026-03-05T22:37:18+00:00\" \/>\n<meta property=\"og:image\" content=\"https:\/\/cantir.art\/wp-content\/uploads\/2025\/09\/EL-LIBRO-TIBETANO-DE-LA-VIDA-Y-LA-MUERTA-C-scaled-2.jpg\" \/>\n\t<meta property=\"og:image:width\" content=\"1922\" \/>\n\t<meta property=\"og:image:height\" content=\"2560\" \/>\n\t<meta property=\"og:image:type\" content=\"image\/jpeg\" \/>\n<meta name=\"twitter:card\" content=\"summary_large_image\" \/>\n<meta name=\"twitter:label1\" content=\"Temps estimat de lectura\" \/>\n\t<meta name=\"twitter:data1\" content=\"2 minuts\" \/>\n<script type=\"application\/ld+json\" class=\"yoast-schema-graph\">{\"@context\":\"https:\/\/schema.org\",\"@graph\":[{\"@type\":\"WebPage\",\"@id\":\"https:\/\/cantir.art\/producto\/el-libro-tibetano-de-la-vida-y-la-muerte\/\",\"url\":\"https:\/\/cantir.art\/producto\/el-libro-tibetano-de-la-vida-y-la-muerte\/\",\"name\":\"El libro tibetano de la vida y la muerte - C\u00e0ntir\",\"isPartOf\":{\"@id\":\"https:\/\/cantir.art\/#website\"},\"primaryImageOfPage\":{\"@id\":\"https:\/\/cantir.art\/producto\/el-libro-tibetano-de-la-vida-y-la-muerte\/#primaryimage\"},\"image\":{\"@id\":\"https:\/\/cantir.art\/producto\/el-libro-tibetano-de-la-vida-y-la-muerte\/#primaryimage\"},\"thumbnailUrl\":\"https:\/\/i0.wp.com\/cantir.art\/wp-content\/uploads\/2025\/09\/EL-LIBRO-TIBETANO-DE-LA-VIDA-Y-LA-MUERTA-C-scaled-2.jpg?fit=1922%2C2560&ssl=1\",\"datePublished\":\"2025-01-25T18:29:31+00:00\",\"dateModified\":\"2026-03-05T22:37:18+00:00\",\"breadcrumb\":{\"@id\":\"https:\/\/cantir.art\/producto\/el-libro-tibetano-de-la-vida-y-la-muerte\/#breadcrumb\"},\"inLanguage\":\"ca\",\"potentialAction\":[{\"@type\":\"ReadAction\",\"target\":[\"https:\/\/cantir.art\/producto\/el-libro-tibetano-de-la-vida-y-la-muerte\/\"]}]},{\"@type\":\"ImageObject\",\"inLanguage\":\"ca\",\"@id\":\"https:\/\/cantir.art\/producto\/el-libro-tibetano-de-la-vida-y-la-muerte\/#primaryimage\",\"url\":\"https:\/\/i0.wp.com\/cantir.art\/wp-content\/uploads\/2025\/09\/EL-LIBRO-TIBETANO-DE-LA-VIDA-Y-LA-MUERTA-C-scaled-2.jpg?fit=1922%2C2560&ssl=1\",\"contentUrl\":\"https:\/\/i0.wp.com\/cantir.art\/wp-content\/uploads\/2025\/09\/EL-LIBRO-TIBETANO-DE-LA-VIDA-Y-LA-MUERTA-C-scaled-2.jpg?fit=1922%2C2560&ssl=1\",\"width\":1922,\"height\":2560},{\"@type\":\"BreadcrumbList\",\"@id\":\"https:\/\/cantir.art\/producto\/el-libro-tibetano-de-la-vida-y-la-muerte\/#breadcrumb\",\"itemListElement\":[{\"@type\":\"ListItem\",\"position\":1,\"name\":\"Portada\",\"item\":\"https:\/\/cantir.art\/\"},{\"@type\":\"ListItem\",\"position\":2,\"name\":\"NEW Tienda\",\"item\":\"https:\/\/cantir.art\/en\/new-tienda\/\"},{\"@type\":\"ListItem\",\"position\":3,\"name\":\"El libro tibetano de la vida y la muerte\"}]},{\"@type\":\"WebSite\",\"@id\":\"https:\/\/cantir.art\/#website\",\"url\":\"https:\/\/cantir.art\/\",\"name\":\"C\u00e0ntir\",\"description\":\"Simbolismo budista y est\u00e9tica mediterr\u00e1nea en objetos que conectan pr\u00e1ctica y cotidianidad\",\"publisher\":{\"@id\":\"https:\/\/cantir.art\/#organization\"},\"potentialAction\":[{\"@type\":\"SearchAction\",\"target\":{\"@type\":\"EntryPoint\",\"urlTemplate\":\"https:\/\/cantir.art\/?s={search_term_string}\"},\"query-input\":{\"@type\":\"PropertyValueSpecification\",\"valueRequired\":true,\"valueName\":\"search_term_string\"}}],\"inLanguage\":\"ca\"},{\"@type\":\"Organization\",\"@id\":\"https:\/\/cantir.art\/#organization\",\"name\":\"C\u00e0ntir\",\"url\":\"https:\/\/cantir.art\/\",\"logo\":{\"@type\":\"ImageObject\",\"inLanguage\":\"ca\",\"@id\":\"https:\/\/cantir.art\/#\/schema\/logo\/image\/\",\"url\":\"https:\/\/i0.wp.com\/cantir.art\/wp-content\/uploads\/2025\/01\/cantir-10.png?fit=2551%2C1060&ssl=1\",\"contentUrl\":\"https:\/\/i0.wp.com\/cantir.art\/wp-content\/uploads\/2025\/01\/cantir-10.png?fit=2551%2C1060&ssl=1\",\"width\":2551,\"height\":1060,\"caption\":\"C\u00e0ntir\"},\"image\":{\"@id\":\"https:\/\/cantir.art\/#\/schema\/logo\/image\/\"}}]}<\/script>\n<!-- \/ Yoast SEO plugin. -->","yoast_head_json":{"title":"El libro tibetano de la vida y la muerte - C\u00e0ntir","robots":{"index":"index","follow":"follow","max-snippet":"max-snippet:-1","max-image-preview":"max-image-preview:large","max-video-preview":"max-video-preview:-1"},"canonical":"https:\/\/cantir.art\/ca\/producte\/el-libro-tibetano-de-la-vida-y-la-muerte\/","og_locale":"ca_ES","og_type":"article","og_title":"El libro tibetano de la vida y la muerte - C\u00e0ntir","og_description":"El libro tibetano de la vida y la muerte de Sogyal Rinpoche es una obra fundamental que explora las ense\u00f1anzas budistas sobre la vida, la muerte y el proceso de morir. Rinpoche fusiona la sabidur\u00eda ancestral del budismo tibetano con una perspectiva accesible para el p\u00fablico occidental. A trav\u00e9s de sus p\u00e1ginas, el libro ofrece una gu\u00eda para comprender la muerte no como un final, sino como una transici\u00f3n natural en el ciclo de la vida. Adem\u00e1s, propone pr\u00e1cticas meditativas y reflexiones sobre c\u00f3mo vivir una vida plena y consciente, prepar\u00e1ndose para el momento de la muerte con serenidad y aceptaci\u00f3n.","og_url":"https:\/\/cantir.art\/ca\/producte\/el-libro-tibetano-de-la-vida-y-la-muerte\/","og_site_name":"C\u00e0ntir","article_modified_time":"2026-03-05T22:37:18+00:00","og_image":[{"width":1922,"height":2560,"url":"https:\/\/cantir.art\/wp-content\/uploads\/2025\/09\/EL-LIBRO-TIBETANO-DE-LA-VIDA-Y-LA-MUERTA-C-scaled-2.jpg","type":"image\/jpeg"}],"twitter_card":"summary_large_image","twitter_misc":{"Temps estimat de lectura":"2 minuts"},"schema":{"@context":"https:\/\/schema.org","@graph":[{"@type":"WebPage","@id":"https:\/\/cantir.art\/producto\/el-libro-tibetano-de-la-vida-y-la-muerte\/","url":"https:\/\/cantir.art\/producto\/el-libro-tibetano-de-la-vida-y-la-muerte\/","name":"El libro tibetano de la vida y la muerte - C\u00e0ntir","isPartOf":{"@id":"https:\/\/cantir.art\/#website"},"primaryImageOfPage":{"@id":"https:\/\/cantir.art\/producto\/el-libro-tibetano-de-la-vida-y-la-muerte\/#primaryimage"},"image":{"@id":"https:\/\/cantir.art\/producto\/el-libro-tibetano-de-la-vida-y-la-muerte\/#primaryimage"},"thumbnailUrl":"https:\/\/i0.wp.com\/cantir.art\/wp-content\/uploads\/2025\/09\/EL-LIBRO-TIBETANO-DE-LA-VIDA-Y-LA-MUERTA-C-scaled-2.jpg?fit=1922%2C2560&ssl=1","datePublished":"2025-01-25T18:29:31+00:00","dateModified":"2026-03-05T22:37:18+00:00","breadcrumb":{"@id":"https:\/\/cantir.art\/producto\/el-libro-tibetano-de-la-vida-y-la-muerte\/#breadcrumb"},"inLanguage":"ca","potentialAction":[{"@type":"ReadAction","target":["https:\/\/cantir.art\/producto\/el-libro-tibetano-de-la-vida-y-la-muerte\/"]}]},{"@type":"ImageObject","inLanguage":"ca","@id":"https:\/\/cantir.art\/producto\/el-libro-tibetano-de-la-vida-y-la-muerte\/#primaryimage","url":"https:\/\/i0.wp.com\/cantir.art\/wp-content\/uploads\/2025\/09\/EL-LIBRO-TIBETANO-DE-LA-VIDA-Y-LA-MUERTA-C-scaled-2.jpg?fit=1922%2C2560&ssl=1","contentUrl":"https:\/\/i0.wp.com\/cantir.art\/wp-content\/uploads\/2025\/09\/EL-LIBRO-TIBETANO-DE-LA-VIDA-Y-LA-MUERTA-C-scaled-2.jpg?fit=1922%2C2560&ssl=1","width":1922,"height":2560},{"@type":"BreadcrumbList","@id":"https:\/\/cantir.art\/producto\/el-libro-tibetano-de-la-vida-y-la-muerte\/#breadcrumb","itemListElement":[{"@type":"ListItem","position":1,"name":"Portada","item":"https:\/\/cantir.art\/"},{"@type":"ListItem","position":2,"name":"NEW Tienda","item":"https:\/\/cantir.art\/en\/new-tienda\/"},{"@type":"ListItem","position":3,"name":"El libro tibetano de la vida y la muerte"}]},{"@type":"WebSite","@id":"https:\/\/cantir.art\/#website","url":"https:\/\/cantir.art\/","name":"C\u00e0ntir","description":"Simbolisme budista i est\u00e8tica mediterr\u00e0nia en objectes que connecten pr\u00e0ctica i quotidianitat","publisher":{"@id":"https:\/\/cantir.art\/#organization"},"potentialAction":[{"@type":"SearchAction","target":{"@type":"EntryPoint","urlTemplate":"https:\/\/cantir.art\/?s={search_term_string}"},"query-input":{"@type":"PropertyValueSpecification","valueRequired":true,"valueName":"search_term_string"}}],"inLanguage":"ca"},{"@type":"Organization","@id":"https:\/\/cantir.art\/#organization","name":"C\u00e0ntir","url":"https:\/\/cantir.art\/","logo":{"@type":"ImageObject","inLanguage":"ca","@id":"https:\/\/cantir.art\/#\/schema\/logo\/image\/","url":"https:\/\/i0.wp.com\/cantir.art\/wp-content\/uploads\/2025\/01\/cantir-10.png?fit=2551%2C1060&ssl=1","contentUrl":"https:\/\/i0.wp.com\/cantir.art\/wp-content\/uploads\/2025\/01\/cantir-10.png?fit=2551%2C1060&ssl=1","width":2551,"height":1060,"caption":"C\u00e0ntir"},"image":{"@id":"https:\/\/cantir.art\/#\/schema\/logo\/image\/"}}]}},"jetpack_sharing_enabled":true,"_links":{"self":[{"href":"https:\/\/cantir.art\/ca\/wp-json\/wp\/v2\/product\/4562","targetHints":{"allow":["GET"]}}],"collection":[{"href":"https:\/\/cantir.art\/ca\/wp-json\/wp\/v2\/product"}],"about":[{"href":"https:\/\/cantir.art\/ca\/wp-json\/wp\/v2\/types\/product"}],"replies":[{"embeddable":true,"href":"https:\/\/cantir.art\/ca\/wp-json\/wp\/v2\/comments?post=4562"}],"version-history":[{"count":6,"href":"https:\/\/cantir.art\/ca\/wp-json\/wp\/v2\/product\/4562\/revisions"}],"predecessor-version":[{"id":6409,"href":"https:\/\/cantir.art\/ca\/wp-json\/wp\/v2\/product\/4562\/revisions\/6409"}],"wp:featuredmedia":[{"embeddable":true,"href":"https:\/\/cantir.art\/ca\/wp-json\/wp\/v2\/media\/6408"}],"wp:attachment":[{"href":"https:\/\/cantir.art\/ca\/wp-json\/wp\/v2\/media?parent=4562"}],"wp:term":[{"taxonomy":"product_brand","embeddable":true,"href":"https:\/\/cantir.art\/ca\/wp-json\/wp\/v2\/product_brand?post=4562"},{"taxonomy":"product_cat","embeddable":true,"href":"https:\/\/cantir.art\/ca\/wp-json\/wp\/v2\/product_cat?post=4562"},{"taxonomy":"product_tag","embeddable":true,"href":"https:\/\/cantir.art\/ca\/wp-json\/wp\/v2\/product_tag?post=4562"}],"curies":[{"name":"wp","href":"https:\/\/api.w.org\/{rel}","templated":true}]}}