{"id":4587,"date":"2025-01-25T19:54:57","date_gmt":"2025-01-25T18:54:57","guid":{"rendered":"https:\/\/cantir.art\/?post_type=product&#038;p=4587"},"modified":"2026-03-29T11:52:21","modified_gmt":"2026-03-29T09:52:21","slug":"budismo-para-principiantes","status":"publish","type":"product","link":"https:\/\/cantir.art\/ca\/producte\/budismo-para-principiantes\/","title":{"rendered":"Budisme per a principiants"},"content":{"rendered":"<div data-elementor-type=\"wp-post\" data-elementor-id=\"4587\" class=\"elementor elementor-4587\">\n\t\t\t\t<div class=\"elementor-element elementor-element-52048079 e-flex e-con-boxed e-con e-parent\" data-id=\"52048079\" data-element_type=\"container\">\n\t\t\t\t\t<div class=\"e-con-inner\">\n\t\t\t\t<div class=\"elementor-element elementor-element-14ef9cb8 elementor-widget elementor-widget-text-editor\" data-id=\"14ef9cb8\" data-element_type=\"widget\" data-widget_type=\"text-editor.default\">\n\t\t\t\t<div class=\"elementor-widget-container\">\n\t\t\t\t\t\t\t\t\t<h4>Budisme per a principiants: una guia clara i accessible<\/h4><p>El llibre Budisme per a principiants de Thubten Chodron \u00e9s una introducci\u00f3 senzilla i pr\u00e0ctica als principis essencials d&#039;aquesta tradici\u00f3 espiritual. Amb un estil clar i directe, l&#039;autora explica conceptes fonamentals com les Quatre Nobles Veritats, el karma i la meditaci\u00f3, oferint eines \u00fatils per aplicar la saviesa budista a la vida quotidiana. A trav\u00e9s d&#039;exemples concrets i respostes a preguntes comunes, \u00abBudisme per a principiants\u00bb \u00e9s una obra ideal per als que volen comprendre les bases del Dharma i comen\u00e7ar el cam\u00ed espiritual amb una perspectiva clara i ben fonamentada.<\/p><p>A m\u00e9s d&#039;abordar ensenyaments filos\u00f2fics, aquest llibre tamb\u00e9 s&#039;enfoca en la compassi\u00f3 i el desenvolupament de la ment, ajudant el lector a cultivar una visi\u00f3 m\u00e9s serena i equilibrada del m\u00f3n. Per aix\u00f2, \u00abBudisme per a principiants\u00bb s&#039;ha convertit en un text de refer\u00e8ncia per als que busquen integrar la pr\u00e0ctica budista al seu dia a dia.<\/p><h4>Thubten Chodron: una mestra del budisme modern<\/h4><p>Thubten Chodron \u00e9s una reconeguda monja budista tibetana i una de les mestres m\u00e9s influents en la difusi\u00f3 del Dharma a Occident. Amb un enfocament accessible i compassiu, ha dedicat la seva vida a l&#039;ensenyament del budisme, fundant el monestir Sravasti Abbey als Estats Units. Els seus ensenyaments comprenen temes com la meditaci\u00f3, l&#039;\u00e8tica i la saviesa, i estan dirigits tant a principiants com a practicants experimentats. A trav\u00e9s de la seva extensa obra, ha promogut l&#039;educaci\u00f3 budista i la igualtat de g\u00e8nere dins la sangha.<\/p><p>A C\u00c0NTIR, podeu trobar \u00abBudisme per a principiants\u00bb juntament amb una acurada selecci\u00f3 de llibres sobre filosofia budista en diferents \u00e0mbits: <a href=\"https:\/\/cantir.art\/ca\/producte\/meditacion-en-la-accion\/\">meditaci\u00f3<\/a>, Mahayana, ci\u00e8ncia i la relaci\u00f3 amb la <a href=\"https:\/\/cantir.art\/ca\/producte\/vivir-es-morir\/\">mort<\/a>, <a href=\"https:\/\/cantir.art\/ca\/producte\/els-quatre-incommensurables\/\">els quatre incommensurables<\/a>, \u00a0<a href=\"https:\/\/cantir.art\/ca\/producte\/psicologia-budista\/\">abhidharma<\/a> (psicologia budista), <a href=\"https:\/\/cantir.art\/ca\/producte\/zen-en-la-plaza-del-mercado\/\">budisme zen<\/a>&#8230;<\/p>\t\t\t\t\t\t\t\t<\/div>\n\t\t\t\t<\/div>\n\t\t\t\t\t<\/div>\n\t\t\t\t<\/div>\n\t\t\t\t<\/div>","protected":false},"excerpt":{"rendered":"<p>A <em>Budisme per a principiants<\/em>, Thubten Chodron ofereix una introducci\u00f3 clara i accessible als ensenyaments fonamentals del budisme. El llibre cobreix temes essencials com les Quatre Nobles Veritats, la meditaci\u00f3 i el karma, proporcionant eines pr\u00e0ctiques per cultivar la compassi\u00f3 i la saviesa a la vida di\u00e0ria.<\/p>","protected":false},"featured_media":6412,"comment_status":"open","ping_status":"closed","template":"elementor_theme","meta":[],"product_brand":[],"product_cat":[291,161],"product_tag":[292],"class_list":{"0":"post-4587","1":"product","2":"type-product","3":"status-publish","4":"has-post-thumbnail","6":"product_cat-alianza","7":"product_cat-libros","8":"product_tag-thubten-chodron","10":"first","11":"instock","12":"taxable","13":"shipping-taxable","14":"purchasable","15":"product-type-simple"},"supplier_id":null,"supplier_sku":"","barcode":null,"atum_controlled":true,"out_stock_date":null,"out_stock_threshold":null,"inheritable":false,"inbound_stock":0,"stock_on_hold":0,"sold_today":0,"sales_last_days":0,"reserved_stock":0,"customer_returns":0,"warehouse_damage":0,"lost_in_post":0,"other_logs":0,"out_stock_days":0,"lost_sales":0,"has_location":false,"update_date":"2026-04-15T02:05:57","atum_locations":[],"atum_stock_status":"instock","restock_status":false,"low_stock_amount":"","sales_update_date":"2026-04-15T02:05:57","calc_backorders":null,"yoast_head":"<!-- This site is optimized with the Yoast SEO plugin v26.9 - https:\/\/yoast.com\/product\/yoast-seo-wordpress\/ -->\n<title>Budismo para principiantes | C\u00c0NTIR \ud83d\udcff<\/title>\n<meta name=\"description\" content=\"Budismo para principiantes, de Thubten Chodron. Ad\u00e9ntrate en las bases de esta filosof\u00eda de la mano de este y m\u00e1s libros budistas en C\u00c0NTIR.\" \/>\n<meta name=\"robots\" content=\"index, follow, max-snippet:-1, max-image-preview:large, max-video-preview:-1\" \/>\n<link rel=\"canonical\" href=\"https:\/\/cantir.art\/ca\/?product=budismo-para-principiantes\" \/>\n<meta property=\"og:locale\" content=\"ca_ES\" \/>\n<meta property=\"og:type\" content=\"article\" \/>\n<meta property=\"og:title\" content=\"Budismo para principiantes | C\u00c0NTIR \ud83d\udcff\" \/>\n<meta property=\"og:description\" content=\"Budismo para principiantes, de Thubten Chodron. Ad\u00e9ntrate en las bases de esta filosof\u00eda de la mano de este y m\u00e1s libros budistas en C\u00c0NTIR.\" \/>\n<meta property=\"og:url\" content=\"https:\/\/cantir.art\/ca\/?product=budismo-para-principiantes\" \/>\n<meta property=\"og:site_name\" content=\"C\u00e0ntir\" \/>\n<meta property=\"article:modified_time\" content=\"2026-03-29T09:52:21+00:00\" \/>\n<meta property=\"og:image\" content=\"https:\/\/cantir.art\/wp-content\/uploads\/2025\/09\/BUDISMO-PARA-PRINCIPIANTES-A-scaled-2.jpg\" \/>\n\t<meta property=\"og:image:width\" content=\"1922\" \/>\n\t<meta property=\"og:image:height\" content=\"2560\" \/>\n\t<meta property=\"og:image:type\" content=\"image\/jpeg\" \/>\n<meta name=\"twitter:card\" content=\"summary_large_image\" \/>\n<meta name=\"twitter:label1\" content=\"Temps estimat de lectura\" \/>\n\t<meta name=\"twitter:data1\" content=\"2 minuts\" \/>\n<script type=\"application\/ld+json\" class=\"yoast-schema-graph\">{\"@context\":\"https:\/\/schema.org\",\"@graph\":[{\"@type\":\"WebPage\",\"@id\":\"https:\/\/cantir.art\/?product=budismo-para-principiantes\",\"url\":\"https:\/\/cantir.art\/?product=budismo-para-principiantes\",\"name\":\"Budismo para principiantes | C\u00c0NTIR \ud83d\udcff\",\"isPartOf\":{\"@id\":\"https:\/\/cantir.art\/#website\"},\"primaryImageOfPage\":{\"@id\":\"https:\/\/cantir.art\/?product=budismo-para-principiantes#primaryimage\"},\"image\":{\"@id\":\"https:\/\/cantir.art\/?product=budismo-para-principiantes#primaryimage\"},\"thumbnailUrl\":\"https:\/\/i0.wp.com\/cantir.art\/wp-content\/uploads\/2025\/09\/BUDISMO-PARA-PRINCIPIANTES-A-scaled-2.jpg?fit=1922%2C2560&ssl=1\",\"datePublished\":\"2025-01-25T18:54:57+00:00\",\"dateModified\":\"2026-03-29T09:52:21+00:00\",\"description\":\"Budismo para principiantes, de Thubten Chodron. Ad\u00e9ntrate en las bases de esta filosof\u00eda de la mano de este y m\u00e1s libros budistas en C\u00c0NTIR.\",\"breadcrumb\":{\"@id\":\"https:\/\/cantir.art\/?product=budismo-para-principiantes#breadcrumb\"},\"inLanguage\":\"ca\",\"potentialAction\":[{\"@type\":\"ReadAction\",\"target\":[\"https:\/\/cantir.art\/?product=budismo-para-principiantes\"]}]},{\"@type\":\"ImageObject\",\"inLanguage\":\"ca\",\"@id\":\"https:\/\/cantir.art\/?product=budismo-para-principiantes#primaryimage\",\"url\":\"https:\/\/i0.wp.com\/cantir.art\/wp-content\/uploads\/2025\/09\/BUDISMO-PARA-PRINCIPIANTES-A-scaled-2.jpg?fit=1922%2C2560&ssl=1\",\"contentUrl\":\"https:\/\/i0.wp.com\/cantir.art\/wp-content\/uploads\/2025\/09\/BUDISMO-PARA-PRINCIPIANTES-A-scaled-2.jpg?fit=1922%2C2560&ssl=1\",\"width\":1922,\"height\":2560},{\"@type\":\"BreadcrumbList\",\"@id\":\"https:\/\/cantir.art\/?product=budismo-para-principiantes#breadcrumb\",\"itemListElement\":[{\"@type\":\"ListItem\",\"position\":1,\"name\":\"Portada\",\"item\":\"https:\/\/cantir.art\/\"},{\"@type\":\"ListItem\",\"position\":2,\"name\":\"NEW Tienda\",\"item\":\"https:\/\/cantir.art\/en\/new-tienda\/\"},{\"@type\":\"ListItem\",\"position\":3,\"name\":\"Budismo para principiantes\"}]},{\"@type\":\"WebSite\",\"@id\":\"https:\/\/cantir.art\/#website\",\"url\":\"https:\/\/cantir.art\/\",\"name\":\"C\u00e0ntir\",\"description\":\"Simbolismo budista y est\u00e9tica mediterr\u00e1nea en objetos que conectan pr\u00e1ctica y cotidianidad\",\"publisher\":{\"@id\":\"https:\/\/cantir.art\/#organization\"},\"potentialAction\":[{\"@type\":\"SearchAction\",\"target\":{\"@type\":\"EntryPoint\",\"urlTemplate\":\"https:\/\/cantir.art\/?s={search_term_string}\"},\"query-input\":{\"@type\":\"PropertyValueSpecification\",\"valueRequired\":true,\"valueName\":\"search_term_string\"}}],\"inLanguage\":\"ca\"},{\"@type\":\"Organization\",\"@id\":\"https:\/\/cantir.art\/#organization\",\"name\":\"C\u00e0ntir\",\"url\":\"https:\/\/cantir.art\/\",\"logo\":{\"@type\":\"ImageObject\",\"inLanguage\":\"ca\",\"@id\":\"https:\/\/cantir.art\/#\/schema\/logo\/image\/\",\"url\":\"https:\/\/i0.wp.com\/cantir.art\/wp-content\/uploads\/2025\/01\/cantir-10.png?fit=2551%2C1060&ssl=1\",\"contentUrl\":\"https:\/\/i0.wp.com\/cantir.art\/wp-content\/uploads\/2025\/01\/cantir-10.png?fit=2551%2C1060&ssl=1\",\"width\":2551,\"height\":1060,\"caption\":\"C\u00e0ntir\"},\"image\":{\"@id\":\"https:\/\/cantir.art\/#\/schema\/logo\/image\/\"}}]}<\/script>\n<!-- \/ Yoast SEO plugin. -->","yoast_head_json":{"title":"Budismo para principiantes | C\u00c0NTIR \ud83d\udcff","description":"Budismo para principiantes, de Thubten Chodron. Ad\u00e9ntrate en las bases de esta filosof\u00eda de la mano de este y m\u00e1s libros budistas en C\u00c0NTIR.","robots":{"index":"index","follow":"follow","max-snippet":"max-snippet:-1","max-image-preview":"max-image-preview:large","max-video-preview":"max-video-preview:-1"},"canonical":"https:\/\/cantir.art\/ca\/?product=budismo-para-principiantes","og_locale":"ca_ES","og_type":"article","og_title":"Budismo para principiantes | C\u00c0NTIR \ud83d\udcff","og_description":"Budismo para principiantes, de Thubten Chodron. Ad\u00e9ntrate en las bases de esta filosof\u00eda de la mano de este y m\u00e1s libros budistas en C\u00c0NTIR.","og_url":"https:\/\/cantir.art\/ca\/?product=budismo-para-principiantes","og_site_name":"C\u00e0ntir","article_modified_time":"2026-03-29T09:52:21+00:00","og_image":[{"width":1922,"height":2560,"url":"https:\/\/cantir.art\/wp-content\/uploads\/2025\/09\/BUDISMO-PARA-PRINCIPIANTES-A-scaled-2.jpg","type":"image\/jpeg"}],"twitter_card":"summary_large_image","twitter_misc":{"Temps estimat de lectura":"2 minuts"},"schema":{"@context":"https:\/\/schema.org","@graph":[{"@type":"WebPage","@id":"https:\/\/cantir.art\/?product=budismo-para-principiantes","url":"https:\/\/cantir.art\/?product=budismo-para-principiantes","name":"Budismo para principiantes | C\u00c0NTIR \ud83d\udcff","isPartOf":{"@id":"https:\/\/cantir.art\/#website"},"primaryImageOfPage":{"@id":"https:\/\/cantir.art\/?product=budismo-para-principiantes#primaryimage"},"image":{"@id":"https:\/\/cantir.art\/?product=budismo-para-principiantes#primaryimage"},"thumbnailUrl":"https:\/\/i0.wp.com\/cantir.art\/wp-content\/uploads\/2025\/09\/BUDISMO-PARA-PRINCIPIANTES-A-scaled-2.jpg?fit=1922%2C2560&ssl=1","datePublished":"2025-01-25T18:54:57+00:00","dateModified":"2026-03-29T09:52:21+00:00","description":"Budismo para principiantes, de Thubten Chodron. Ad\u00e9ntrate en las bases de esta filosof\u00eda de la mano de este y m\u00e1s libros budistas en C\u00c0NTIR.","breadcrumb":{"@id":"https:\/\/cantir.art\/?product=budismo-para-principiantes#breadcrumb"},"inLanguage":"ca","potentialAction":[{"@type":"ReadAction","target":["https:\/\/cantir.art\/?product=budismo-para-principiantes"]}]},{"@type":"ImageObject","inLanguage":"ca","@id":"https:\/\/cantir.art\/?product=budismo-para-principiantes#primaryimage","url":"https:\/\/i0.wp.com\/cantir.art\/wp-content\/uploads\/2025\/09\/BUDISMO-PARA-PRINCIPIANTES-A-scaled-2.jpg?fit=1922%2C2560&ssl=1","contentUrl":"https:\/\/i0.wp.com\/cantir.art\/wp-content\/uploads\/2025\/09\/BUDISMO-PARA-PRINCIPIANTES-A-scaled-2.jpg?fit=1922%2C2560&ssl=1","width":1922,"height":2560},{"@type":"BreadcrumbList","@id":"https:\/\/cantir.art\/?product=budismo-para-principiantes#breadcrumb","itemListElement":[{"@type":"ListItem","position":1,"name":"Portada","item":"https:\/\/cantir.art\/"},{"@type":"ListItem","position":2,"name":"NEW Tienda","item":"https:\/\/cantir.art\/en\/new-tienda\/"},{"@type":"ListItem","position":3,"name":"Budismo para principiantes"}]},{"@type":"WebSite","@id":"https:\/\/cantir.art\/#website","url":"https:\/\/cantir.art\/","name":"C\u00e0ntir","description":"Simbolisme budista i est\u00e8tica mediterr\u00e0nia en objectes que connecten pr\u00e0ctica i quotidianitat","publisher":{"@id":"https:\/\/cantir.art\/#organization"},"potentialAction":[{"@type":"SearchAction","target":{"@type":"EntryPoint","urlTemplate":"https:\/\/cantir.art\/?s={search_term_string}"},"query-input":{"@type":"PropertyValueSpecification","valueRequired":true,"valueName":"search_term_string"}}],"inLanguage":"ca"},{"@type":"Organization","@id":"https:\/\/cantir.art\/#organization","name":"C\u00e0ntir","url":"https:\/\/cantir.art\/","logo":{"@type":"ImageObject","inLanguage":"ca","@id":"https:\/\/cantir.art\/#\/schema\/logo\/image\/","url":"https:\/\/i0.wp.com\/cantir.art\/wp-content\/uploads\/2025\/01\/cantir-10.png?fit=2551%2C1060&ssl=1","contentUrl":"https:\/\/i0.wp.com\/cantir.art\/wp-content\/uploads\/2025\/01\/cantir-10.png?fit=2551%2C1060&ssl=1","width":2551,"height":1060,"caption":"C\u00e0ntir"},"image":{"@id":"https:\/\/cantir.art\/#\/schema\/logo\/image\/"}}]}},"jetpack_sharing_enabled":true,"_links":{"self":[{"href":"https:\/\/cantir.art\/ca\/wp-json\/wp\/v2\/product\/4587","targetHints":{"allow":["GET"]}}],"collection":[{"href":"https:\/\/cantir.art\/ca\/wp-json\/wp\/v2\/product"}],"about":[{"href":"https:\/\/cantir.art\/ca\/wp-json\/wp\/v2\/types\/product"}],"replies":[{"embeddable":true,"href":"https:\/\/cantir.art\/ca\/wp-json\/wp\/v2\/comments?post=4587"}],"version-history":[{"count":9,"href":"https:\/\/cantir.art\/ca\/wp-json\/wp\/v2\/product\/4587\/revisions"}],"predecessor-version":[{"id":5657,"href":"https:\/\/cantir.art\/ca\/wp-json\/wp\/v2\/product\/4587\/revisions\/5657"}],"wp:featuredmedia":[{"embeddable":true,"href":"https:\/\/cantir.art\/ca\/wp-json\/wp\/v2\/media\/6412"}],"wp:attachment":[{"href":"https:\/\/cantir.art\/ca\/wp-json\/wp\/v2\/media?parent=4587"}],"wp:term":[{"taxonomy":"product_brand","embeddable":true,"href":"https:\/\/cantir.art\/ca\/wp-json\/wp\/v2\/product_brand?post=4587"},{"taxonomy":"product_cat","embeddable":true,"href":"https:\/\/cantir.art\/ca\/wp-json\/wp\/v2\/product_cat?post=4587"},{"taxonomy":"product_tag","embeddable":true,"href":"https:\/\/cantir.art\/ca\/wp-json\/wp\/v2\/product_tag?post=4587"}],"curies":[{"name":"wp","href":"https:\/\/api.w.org\/{rel}","templated":true}]}}