{"id":6581,"date":"2025-09-21T21:46:50","date_gmt":"2025-09-21T19:46:50","guid":{"rendered":"https:\/\/cantir.art\/?post_type=product&#038;p=6581"},"modified":"2026-02-24T17:36:22","modified_gmt":"2026-02-24T16:36:22","slug":"pin-loto-multicolor","status":"publish","type":"product","link":"https:\/\/cantir.art\/ca\/producte\/pin-loto-multicolor\/","title":{"rendered":"Pin Loto Multicolor"},"content":{"rendered":"","protected":false},"excerpt":{"rendered":"<p>Pin de lotus multicolor amb una targeta de disseny amb un missatge:<\/p>\n<p><b>Un cor com el mar <\/b><br \/>\nEl cor que volem cultivar \u00e9s com el mar: el seu horitz\u00f3 s'expandeix a mesura que s'expandeix ell mateix. S'eixampla sempre m\u00e9s i m\u00e9s.<\/p>\n<p>No discrimina entre all\u00f2 propi i all\u00f2 ali\u00e8, sin\u00f3 que veu tots els \u00e9ssers com a habitants d'aquest m\u00f3n i germanes amb qui compartir.<\/p>\n<p>Pren com a exercici posar-se al lloc de l'altra quan no ent\u00e9n qu\u00e8 veu, i sempre intenta comprendre amb perspectiva i sense jutjar el seu moment.<\/p>\n<p>Intueix que tot \u00e9s molt fr\u00e0gil, aix\u00ed que sap apreciar un bon capvespre, una tassa de caf\u00e8, els ulls vidriosos de l'\u00e0via explicant-li \u2014una vegada m\u00e9s\u2014 la seva hist\u00f2ria familiar, el vol d'una papallona i la bella forma en qu\u00e8 es posa sobre una flor.<\/p>\n<p>Sap sostenir el plor d'un amic i les mans agafant les teves en les primeres fases d'un duel, les cames tremoloses, els nervis a flor de pell en un primer assaig, i el pes d'haver decebut alg\u00fa que volies.<br \/>\nEl cor que volem cultivar est\u00e0 despert, \u00e9s compassiu, permeable i equ\u00e0nime: \u00e9s obert al m\u00f3n com un lotus.<\/p>","protected":false},"featured_media":6614,"comment_status":"open","ping_status":"closed","template":"","meta":[],"product_brand":[],"product_cat":[180,141],"product_tag":[182,181],"class_list":{"0":"post-6581","1":"product","2":"type-product","3":"status-publish","4":"has-post-thumbnail","6":"product_cat-accesorios","7":"product_cat-objetos","8":"product_tag-accesorio","9":"product_tag-llavero","11":"first","12":"instock","13":"taxable","14":"shipping-taxable","15":"purchasable","16":"product-type-simple"},"supplier_id":null,"supplier_sku":"","barcode":null,"atum_controlled":true,"out_stock_date":null,"out_stock_threshold":null,"inheritable":false,"inbound_stock":0,"stock_on_hold":0,"sold_today":0,"sales_last_days":0,"reserved_stock":0,"customer_returns":0,"warehouse_damage":0,"lost_in_post":0,"other_logs":0,"out_stock_days":0,"lost_sales":0,"has_location":false,"update_date":"2026-04-17T02:06:24","atum_locations":[],"atum_stock_status":"instock","restock_status":false,"low_stock_amount":"","sales_update_date":"2026-04-17T02:06:24","calc_backorders":null,"yoast_head":"<!-- This site is optimized with the Yoast SEO plugin v26.9 - https:\/\/yoast.com\/product\/yoast-seo-wordpress\/ -->\n<title>Pin Loto Multicolor - C\u00e0ntir<\/title>\n<meta name=\"robots\" content=\"index, follow, max-snippet:-1, max-image-preview:large, max-video-preview:-1\" \/>\n<link rel=\"canonical\" href=\"https:\/\/cantir.art\/ca\/producte\/pin-loto-multicolor\/\" \/>\n<meta property=\"og:locale\" content=\"ca_ES\" \/>\n<meta property=\"og:type\" content=\"article\" \/>\n<meta property=\"og:title\" content=\"Pin Loto Multicolor - C\u00e0ntir\" \/>\n<meta property=\"og:description\" content=\"Pin de lotus multicolor con una targeta de dise\u00f1o con un mensaje:  Un coraz\u00f3n como el mar  El coraz\u00f3n que queremos cultivar es como el mar: su horizonte se expande a medida que \u00e9l mismo se expande. Se ensancha siempre m\u00e1s y m\u00e1s.  No discrimina entre lo propio y lo ajeno, sino que ve a todos los seres como habitantes de este mundo y hermanas con quienes compartir.  Toma como ejercicio ponerse en el lugar de la otra cuando no entiende lo que ve, y siempre intenta comprender con perspectiva y sin juzgar su momento.  Intuye que todo es muy fr\u00e1gil, as\u00ed que sabe apreciar un buen atardecer, una taza de caf\u00e9, los ojos vidriosos de la abuela cont\u00e1ndole \u2014una vez m\u00e1s\u2014 su historia familiar, el vuelo de una mariposa y la bella forma en la que se posa sobre una flor.  Sabe sostener el llanto de un amigo y sus manos agarrando las tuyas en las primeras fases de un duelo, las piernas temblorosas, los nervios a flor de piel en un primer ensayo, y el peso de haber decepcionado a alguien que quer\u00edas. El coraz\u00f3n que queremos cultivar est\u00e1 despierto, es compasivo, permeable y ecu\u00e1nime: est\u00e1 abierto al mundo como un loto.\" \/>\n<meta property=\"og:url\" content=\"https:\/\/cantir.art\/ca\/producte\/pin-loto-multicolor\/\" \/>\n<meta property=\"og:site_name\" content=\"C\u00e0ntir\" \/>\n<meta property=\"article:modified_time\" content=\"2026-02-24T16:36:22+00:00\" \/>\n<meta property=\"og:image\" content=\"https:\/\/cantir.art\/wp-content\/uploads\/2025\/09\/PIN-LOTO-MULTICOLOR-scaled-2.jpg\" \/>\n\t<meta property=\"og:image:width\" content=\"1920\" \/>\n\t<meta property=\"og:image:height\" content=\"2560\" \/>\n\t<meta property=\"og:image:type\" content=\"image\/jpeg\" \/>\n<meta name=\"twitter:card\" content=\"summary_large_image\" \/>\n<meta name=\"twitter:label1\" content=\"Temps estimat de lectura\" \/>\n\t<meta name=\"twitter:data1\" content=\"1 minut\" \/>\n<script type=\"application\/ld+json\" class=\"yoast-schema-graph\">{\"@context\":\"https:\/\/schema.org\",\"@graph\":[{\"@type\":\"WebPage\",\"@id\":\"https:\/\/cantir.art\/producto\/pin-loto-multicolor\/\",\"url\":\"https:\/\/cantir.art\/producto\/pin-loto-multicolor\/\",\"name\":\"Pin Loto Multicolor - C\u00e0ntir\",\"isPartOf\":{\"@id\":\"https:\/\/cantir.art\/#website\"},\"primaryImageOfPage\":{\"@id\":\"https:\/\/cantir.art\/producto\/pin-loto-multicolor\/#primaryimage\"},\"image\":{\"@id\":\"https:\/\/cantir.art\/producto\/pin-loto-multicolor\/#primaryimage\"},\"thumbnailUrl\":\"https:\/\/i0.wp.com\/cantir.art\/wp-content\/uploads\/2025\/09\/PIN-LOTO-MULTICOLOR-scaled-2.jpg?fit=1920%2C2560&ssl=1\",\"datePublished\":\"2025-09-21T19:46:50+00:00\",\"dateModified\":\"2026-02-24T16:36:22+00:00\",\"breadcrumb\":{\"@id\":\"https:\/\/cantir.art\/producto\/pin-loto-multicolor\/#breadcrumb\"},\"inLanguage\":\"ca\",\"potentialAction\":[{\"@type\":\"ReadAction\",\"target\":[\"https:\/\/cantir.art\/producto\/pin-loto-multicolor\/\"]}]},{\"@type\":\"ImageObject\",\"inLanguage\":\"ca\",\"@id\":\"https:\/\/cantir.art\/producto\/pin-loto-multicolor\/#primaryimage\",\"url\":\"https:\/\/i0.wp.com\/cantir.art\/wp-content\/uploads\/2025\/09\/PIN-LOTO-MULTICOLOR-scaled-2.jpg?fit=1920%2C2560&ssl=1\",\"contentUrl\":\"https:\/\/i0.wp.com\/cantir.art\/wp-content\/uploads\/2025\/09\/PIN-LOTO-MULTICOLOR-scaled-2.jpg?fit=1920%2C2560&ssl=1\",\"width\":1920,\"height\":2560},{\"@type\":\"BreadcrumbList\",\"@id\":\"https:\/\/cantir.art\/producto\/pin-loto-multicolor\/#breadcrumb\",\"itemListElement\":[{\"@type\":\"ListItem\",\"position\":1,\"name\":\"Portada\",\"item\":\"https:\/\/cantir.art\/\"},{\"@type\":\"ListItem\",\"position\":2,\"name\":\"NEW Tienda\",\"item\":\"https:\/\/cantir.art\/en\/new-tienda\/\"},{\"@type\":\"ListItem\",\"position\":3,\"name\":\"Pin Loto Multicolor\"}]},{\"@type\":\"WebSite\",\"@id\":\"https:\/\/cantir.art\/#website\",\"url\":\"https:\/\/cantir.art\/\",\"name\":\"C\u00e0ntir\",\"description\":\"Simbolismo budista y est\u00e9tica mediterr\u00e1nea en objetos que conectan pr\u00e1ctica y cotidianidad\",\"publisher\":{\"@id\":\"https:\/\/cantir.art\/#organization\"},\"potentialAction\":[{\"@type\":\"SearchAction\",\"target\":{\"@type\":\"EntryPoint\",\"urlTemplate\":\"https:\/\/cantir.art\/?s={search_term_string}\"},\"query-input\":{\"@type\":\"PropertyValueSpecification\",\"valueRequired\":true,\"valueName\":\"search_term_string\"}}],\"inLanguage\":\"ca\"},{\"@type\":\"Organization\",\"@id\":\"https:\/\/cantir.art\/#organization\",\"name\":\"C\u00e0ntir\",\"url\":\"https:\/\/cantir.art\/\",\"logo\":{\"@type\":\"ImageObject\",\"inLanguage\":\"ca\",\"@id\":\"https:\/\/cantir.art\/#\/schema\/logo\/image\/\",\"url\":\"https:\/\/i0.wp.com\/cantir.art\/wp-content\/uploads\/2025\/01\/cantir-10.png?fit=2551%2C1060&ssl=1\",\"contentUrl\":\"https:\/\/i0.wp.com\/cantir.art\/wp-content\/uploads\/2025\/01\/cantir-10.png?fit=2551%2C1060&ssl=1\",\"width\":2551,\"height\":1060,\"caption\":\"C\u00e0ntir\"},\"image\":{\"@id\":\"https:\/\/cantir.art\/#\/schema\/logo\/image\/\"}}]}<\/script>\n<!-- \/ Yoast SEO plugin. -->","yoast_head_json":{"title":"Pin Loto Multicolor - C\u00e0ntir","robots":{"index":"index","follow":"follow","max-snippet":"max-snippet:-1","max-image-preview":"max-image-preview:large","max-video-preview":"max-video-preview:-1"},"canonical":"https:\/\/cantir.art\/ca\/producte\/pin-loto-multicolor\/","og_locale":"ca_ES","og_type":"article","og_title":"Pin Loto Multicolor - C\u00e0ntir","og_description":"Pin de lotus multicolor con una targeta de dise\u00f1o con un mensaje:  Un coraz\u00f3n como el mar  El coraz\u00f3n que queremos cultivar es como el mar: su horizonte se expande a medida que \u00e9l mismo se expande. Se ensancha siempre m\u00e1s y m\u00e1s.  No discrimina entre lo propio y lo ajeno, sino que ve a todos los seres como habitantes de este mundo y hermanas con quienes compartir.  Toma como ejercicio ponerse en el lugar de la otra cuando no entiende lo que ve, y siempre intenta comprender con perspectiva y sin juzgar su momento.  Intuye que todo es muy fr\u00e1gil, as\u00ed que sabe apreciar un buen atardecer, una taza de caf\u00e9, los ojos vidriosos de la abuela cont\u00e1ndole \u2014una vez m\u00e1s\u2014 su historia familiar, el vuelo de una mariposa y la bella forma en la que se posa sobre una flor.  Sabe sostener el llanto de un amigo y sus manos agarrando las tuyas en las primeras fases de un duelo, las piernas temblorosas, los nervios a flor de piel en un primer ensayo, y el peso de haber decepcionado a alguien que quer\u00edas. El coraz\u00f3n que queremos cultivar est\u00e1 despierto, es compasivo, permeable y ecu\u00e1nime: est\u00e1 abierto al mundo como un loto.","og_url":"https:\/\/cantir.art\/ca\/producte\/pin-loto-multicolor\/","og_site_name":"C\u00e0ntir","article_modified_time":"2026-02-24T16:36:22+00:00","og_image":[{"width":1920,"height":2560,"url":"https:\/\/cantir.art\/wp-content\/uploads\/2025\/09\/PIN-LOTO-MULTICOLOR-scaled-2.jpg","type":"image\/jpeg"}],"twitter_card":"summary_large_image","twitter_misc":{"Temps estimat de lectura":"1 minut"},"schema":{"@context":"https:\/\/schema.org","@graph":[{"@type":"WebPage","@id":"https:\/\/cantir.art\/producto\/pin-loto-multicolor\/","url":"https:\/\/cantir.art\/producto\/pin-loto-multicolor\/","name":"Pin Loto Multicolor - C\u00e0ntir","isPartOf":{"@id":"https:\/\/cantir.art\/#website"},"primaryImageOfPage":{"@id":"https:\/\/cantir.art\/producto\/pin-loto-multicolor\/#primaryimage"},"image":{"@id":"https:\/\/cantir.art\/producto\/pin-loto-multicolor\/#primaryimage"},"thumbnailUrl":"https:\/\/i0.wp.com\/cantir.art\/wp-content\/uploads\/2025\/09\/PIN-LOTO-MULTICOLOR-scaled-2.jpg?fit=1920%2C2560&ssl=1","datePublished":"2025-09-21T19:46:50+00:00","dateModified":"2026-02-24T16:36:22+00:00","breadcrumb":{"@id":"https:\/\/cantir.art\/producto\/pin-loto-multicolor\/#breadcrumb"},"inLanguage":"ca","potentialAction":[{"@type":"ReadAction","target":["https:\/\/cantir.art\/producto\/pin-loto-multicolor\/"]}]},{"@type":"ImageObject","inLanguage":"ca","@id":"https:\/\/cantir.art\/producto\/pin-loto-multicolor\/#primaryimage","url":"https:\/\/i0.wp.com\/cantir.art\/wp-content\/uploads\/2025\/09\/PIN-LOTO-MULTICOLOR-scaled-2.jpg?fit=1920%2C2560&ssl=1","contentUrl":"https:\/\/i0.wp.com\/cantir.art\/wp-content\/uploads\/2025\/09\/PIN-LOTO-MULTICOLOR-scaled-2.jpg?fit=1920%2C2560&ssl=1","width":1920,"height":2560},{"@type":"BreadcrumbList","@id":"https:\/\/cantir.art\/producto\/pin-loto-multicolor\/#breadcrumb","itemListElement":[{"@type":"ListItem","position":1,"name":"Portada","item":"https:\/\/cantir.art\/"},{"@type":"ListItem","position":2,"name":"NEW Tienda","item":"https:\/\/cantir.art\/en\/new-tienda\/"},{"@type":"ListItem","position":3,"name":"Pin Loto Multicolor"}]},{"@type":"WebSite","@id":"https:\/\/cantir.art\/#website","url":"https:\/\/cantir.art\/","name":"C\u00e0ntir","description":"Simbolisme budista i est\u00e8tica mediterr\u00e0nia en objectes que connecten pr\u00e0ctica i quotidianitat","publisher":{"@id":"https:\/\/cantir.art\/#organization"},"potentialAction":[{"@type":"SearchAction","target":{"@type":"EntryPoint","urlTemplate":"https:\/\/cantir.art\/?s={search_term_string}"},"query-input":{"@type":"PropertyValueSpecification","valueRequired":true,"valueName":"search_term_string"}}],"inLanguage":"ca"},{"@type":"Organization","@id":"https:\/\/cantir.art\/#organization","name":"C\u00e0ntir","url":"https:\/\/cantir.art\/","logo":{"@type":"ImageObject","inLanguage":"ca","@id":"https:\/\/cantir.art\/#\/schema\/logo\/image\/","url":"https:\/\/i0.wp.com\/cantir.art\/wp-content\/uploads\/2025\/01\/cantir-10.png?fit=2551%2C1060&ssl=1","contentUrl":"https:\/\/i0.wp.com\/cantir.art\/wp-content\/uploads\/2025\/01\/cantir-10.png?fit=2551%2C1060&ssl=1","width":2551,"height":1060,"caption":"C\u00e0ntir"},"image":{"@id":"https:\/\/cantir.art\/#\/schema\/logo\/image\/"}}]}},"jetpack_sharing_enabled":true,"_links":{"self":[{"href":"https:\/\/cantir.art\/ca\/wp-json\/wp\/v2\/product\/6581","targetHints":{"allow":["GET"]}}],"collection":[{"href":"https:\/\/cantir.art\/ca\/wp-json\/wp\/v2\/product"}],"about":[{"href":"https:\/\/cantir.art\/ca\/wp-json\/wp\/v2\/types\/product"}],"replies":[{"embeddable":true,"href":"https:\/\/cantir.art\/ca\/wp-json\/wp\/v2\/comments?post=6581"}],"version-history":[{"count":1,"href":"https:\/\/cantir.art\/ca\/wp-json\/wp\/v2\/product\/6581\/revisions"}],"predecessor-version":[{"id":6615,"href":"https:\/\/cantir.art\/ca\/wp-json\/wp\/v2\/product\/6581\/revisions\/6615"}],"wp:featuredmedia":[{"embeddable":true,"href":"https:\/\/cantir.art\/ca\/wp-json\/wp\/v2\/media\/6614"}],"wp:attachment":[{"href":"https:\/\/cantir.art\/ca\/wp-json\/wp\/v2\/media?parent=6581"}],"wp:term":[{"taxonomy":"product_brand","embeddable":true,"href":"https:\/\/cantir.art\/ca\/wp-json\/wp\/v2\/product_brand?post=6581"},{"taxonomy":"product_cat","embeddable":true,"href":"https:\/\/cantir.art\/ca\/wp-json\/wp\/v2\/product_cat?post=6581"},{"taxonomy":"product_tag","embeddable":true,"href":"https:\/\/cantir.art\/ca\/wp-json\/wp\/v2\/product_tag?post=6581"}],"curies":[{"name":"wp","href":"https:\/\/api.w.org\/{rel}","templated":true}]}}