{"id":5172,"date":"2025-01-29T19:28:38","date_gmt":"2025-01-29T18:28:38","guid":{"rendered":"https:\/\/cantir.art\/?page_id=5172"},"modified":"2025-09-28T14:17:40","modified_gmt":"2025-09-28T12:17:40","slug":"cantir-is-born-from-the-intention-of-bringing-buddhism-closer-to-our-way-of-living-it-is-a-bridge-between-the-dharma-the-buddhas-teachings-and-our-culture-we-take-as-a-symbol-an-instrumen","status":"publish","type":"page","link":"https:\/\/cantir.art\/en\/cantir-is-born-from-the-intention-of-bringing-buddhism-closer-to-our-way-of-living-it-is-a-bridge-between-the-dharma-the-buddhas-teachings-and-our-culture-we-take-as-a-symbol-an-instrumen\/","title":{"rendered":"Project"},"content":{"rendered":"<div data-elementor-type=\"wp-page\" data-elementor-id=\"5172\" class=\"elementor elementor-5172\">\n\t\t\t\t<div class=\"elementor-element elementor-element-c3baf6f e-con-full e-flex e-con e-parent\" data-id=\"c3baf6f\" data-element_type=\"container\">\n\t\t\t\t<div class=\"elementor-element elementor-element-4b4b662 elementor-widget__width-initial elementor-widget elementor-widget-text-editor\" data-id=\"4b4b662\" data-element_type=\"widget\" data-widget_type=\"text-editor.default\">\n\t\t\t\t<div class=\"elementor-widget-container\">\n\t\t\t\t\t\t\t\t\t<p class=\"p1\" style=\"text-align: center;\">C\u00e0ntir was founded with the aim of bringing Buddhism closer to our way of life. It serves as a bridge between the Dharma (the teachings of the Buddha) and our culture. We chose as our symbol an object used in the Mediterranean region, both for holding and transporting liquids. In this way, C\u00e0ntir aspires to be a new vessel for an ancient wisdom that is ever-evolving.<\/p>\t\t\t\t\t\t\t\t<\/div>\n\t\t\t\t<\/div>\n\t\t\t\t<div class=\"elementor-element elementor-element-d3e36af elementor-widget__width-initial elementor-widget elementor-widget-image\" data-id=\"d3e36af\" data-element_type=\"widget\" data-widget_type=\"image.default\">\n\t\t\t\t<div class=\"elementor-widget-container\">\n\t\t\t\t\t\t\t\t\t\t\t\t\t\t\t<img fetchpriority=\"high\" decoding=\"async\" width=\"1540\" height=\"942\" src=\"https:\/\/i0.wp.com\/cantir.art\/wp-content\/uploads\/2025\/09\/000011-min-1-scaled-e1758636894809.jpg?fit=1540%2C942&amp;ssl=1\" class=\"attachment-full size-full wp-image-6786\" alt=\"\" srcset=\"https:\/\/i0.wp.com\/cantir.art\/wp-content\/uploads\/2025\/09\/000011-min-1-scaled-e1758636894809.jpg?w=1540&amp;ssl=1 1540w, https:\/\/i0.wp.com\/cantir.art\/wp-content\/uploads\/2025\/09\/000011-min-1-scaled-e1758636894809.jpg?resize=300%2C184&amp;ssl=1 300w, https:\/\/i0.wp.com\/cantir.art\/wp-content\/uploads\/2025\/09\/000011-min-1-scaled-e1758636894809.jpg?resize=1024%2C626&amp;ssl=1 1024w, https:\/\/i0.wp.com\/cantir.art\/wp-content\/uploads\/2025\/09\/000011-min-1-scaled-e1758636894809.jpg?resize=768%2C470&amp;ssl=1 768w, https:\/\/i0.wp.com\/cantir.art\/wp-content\/uploads\/2025\/09\/000011-min-1-scaled-e1758636894809.jpg?resize=1536%2C940&amp;ssl=1 1536w, https:\/\/i0.wp.com\/cantir.art\/wp-content\/uploads\/2025\/09\/000011-min-1-scaled-e1758636894809.jpg?resize=18%2C12&amp;ssl=1 18w, https:\/\/i0.wp.com\/cantir.art\/wp-content\/uploads\/2025\/09\/000011-min-1-scaled-e1758636894809.jpg?resize=840%2C514&amp;ssl=1 840w\" sizes=\"(max-width: 1400px) 100vw, 1400px\" \/>\t\t\t\t\t\t\t\t\t\t\t\t\t\t\t<\/div>\n\t\t\t\t<\/div>\n\t\t\t\t<\/div>\n\t\t<div class=\"elementor-element elementor-element-354b502 e-flex e-con-boxed e-con e-parent\" data-id=\"354b502\" data-element_type=\"container\">\n\t\t\t\t\t<div class=\"e-con-inner\">\n\t\t<div class=\"elementor-element elementor-element-db60ed4 e-con-full e-flex e-con e-child\" data-id=\"db60ed4\" data-element_type=\"container\">\n\t\t\t\t<div class=\"elementor-element elementor-element-ab04d28 elementor-widget elementor-widget-text-editor\" data-id=\"ab04d28\" data-element_type=\"widget\" data-widget_type=\"text-editor.default\">\n\t\t\t\t<div class=\"elementor-widget-container\">\n\t\t\t\t\t\t\t\t\t<p>Furthermore, the vase\u2014the equivalent of our water jars\u2014is a rich Buddhist symbol. The water in that vessel cleanses us internally, allowing us to become fertile ground where kindness, strength, and clarity can flourish. Similarly, at C\u00e0ntir, we aim to create a space, with its specific atmosphere and elements, to foster the practice of Dharma in a context different from its origins: our own.<\/p><p>We do this through objects that are significant for Buddhist practice, but which aesthetically resonate with our culture and our sensibility. Because we do not want spirituality to be far away from us, but something living, up-to-date and close to us that accompanies us in every moment.\u00a0<\/p><p>We want Buddhist objects not to be distant relics, but everyday reminders of our daily practice. And we want to participate in creating new ways of living Buddhism.\u00a0 \u00a0 \u00a0<\/p><p>C\u00e0ntir emerged from Casa Virupa, a meditation, study, and retreat center that is home to a community of young Buddhist practitioners. Since its founding in 2015, our daily work has focused on answering this question: how can we practice the Dharma in our time and from this corner of the world?<\/p><p>We have not reached any definitive conclusions, and we hope to stay that way. But along the way, we have created several projects that connect the Dharma to our culture: from an\u00a0<a href=\"https:\/\/artscontemplatives.com\/en\/\">artistic residency laboratory<\/a>\u00a0to a vegan restaurant, an organic horticulture project and a study centre.\u00a0<\/p><p>C\u00e0ntir is delighted to join this list of projects that combine our everyday life with the practice of Buddhism, this time in the form of a shop and a space for creating new Dharma-related and Buddhist-inspired objects with a Mediterranean touch.<\/p>\t\t\t\t\t\t\t\t<\/div>\n\t\t\t\t<\/div>\n\t\t\t\t<\/div>\n\t\t<div class=\"elementor-element elementor-element-d1f8c87 e-con-full e-flex e-con e-child\" data-id=\"d1f8c87\" data-element_type=\"container\">\n\t\t<div class=\"elementor-element elementor-element-0a879e0 e-con-full e-flex e-con e-child\" data-id=\"0a879e0\" data-element_type=\"container\">\n\t\t\t\t<div class=\"elementor-element elementor-element-846dca6 elementor-widget__width-initial elementor-widget elementor-widget-text-editor\" data-id=\"846dca6\" data-element_type=\"widget\" data-widget_type=\"text-editor.default\">\n\t\t\t\t<div class=\"elementor-widget-container\">\n\t\t\t\t\t\t\t\t\t<p><strong>Yes, the sacred can dwell in the everyday.<\/strong><\/p><p><strong>Yes, spirituality can also have a local and personal character.<\/strong><\/p><p><strong>Yes, Buddhism can also be Mediterranean.<\/strong><\/p>\t\t\t\t\t\t\t\t<\/div>\n\t\t\t\t<\/div>\n\t\t\t\t<\/div>\n\t\t<div class=\"elementor-element elementor-element-b39684d e-con-full e-flex e-con e-child\" data-id=\"b39684d\" data-element_type=\"container\">\n\t\t\t\t<div class=\"elementor-element elementor-element-fab9989 elementor-widget__width-initial elementor-widget elementor-widget-image\" data-id=\"fab9989\" data-element_type=\"widget\" data-widget_type=\"image.default\">\n\t\t\t\t<div class=\"elementor-widget-container\">\n\t\t\t\t\t\t\t\t\t\t\t\t\t\t\t<img decoding=\"async\" width=\"1024\" height=\"1024\" src=\"https:\/\/i0.wp.com\/cantir.art\/wp-content\/uploads\/2025\/09\/cantir-scaled.png?fit=1024%2C1024&amp;ssl=1\" class=\"attachment-large size-large wp-image-6842\" alt=\"\" srcset=\"https:\/\/i0.wp.com\/cantir.art\/wp-content\/uploads\/2025\/09\/cantir-scaled.png?w=2560&amp;ssl=1 2560w, https:\/\/i0.wp.com\/cantir.art\/wp-content\/uploads\/2025\/09\/cantir-scaled.png?resize=300%2C300&amp;ssl=1 300w, https:\/\/i0.wp.com\/cantir.art\/wp-content\/uploads\/2025\/09\/cantir-scaled.png?resize=1024%2C1024&amp;ssl=1 1024w, https:\/\/i0.wp.com\/cantir.art\/wp-content\/uploads\/2025\/09\/cantir-scaled.png?resize=150%2C150&amp;ssl=1 150w, https:\/\/i0.wp.com\/cantir.art\/wp-content\/uploads\/2025\/09\/cantir-scaled.png?resize=768%2C768&amp;ssl=1 768w, https:\/\/i0.wp.com\/cantir.art\/wp-content\/uploads\/2025\/09\/cantir-scaled.png?resize=1536%2C1536&amp;ssl=1 1536w, https:\/\/i0.wp.com\/cantir.art\/wp-content\/uploads\/2025\/09\/cantir-scaled.png?resize=2048%2C2048&amp;ssl=1 2048w, https:\/\/i0.wp.com\/cantir.art\/wp-content\/uploads\/2025\/09\/cantir-scaled.png?resize=12%2C12&amp;ssl=1 12w, https:\/\/i0.wp.com\/cantir.art\/wp-content\/uploads\/2025\/09\/cantir-scaled.png?resize=840%2C840&amp;ssl=1 840w\" sizes=\"(max-width: 1024px) 100vw, 1024px\" \/>\t\t\t\t\t\t\t\t\t\t\t\t\t\t\t<\/div>\n\t\t\t\t<\/div>\n\t\t\t\t<\/div>\n\t\t\t\t<\/div>\n\t\t\t\t\t<\/div>\n\t\t\t\t<\/div>\n\t\t\t\t<\/div>","protected":false},"excerpt":{"rendered":"<p>C\u00e0ntir nace con la voluntad de acercar el budismo a nuestra forma de vivir. Es un puente entre el Dharma (la ense\u00f1anza del Buda) y nuestra cultura. Tomamos como s\u00edmbolo&hellip;<\/p>","protected":false},"author":1,"featured_media":0,"parent":0,"menu_order":0,"comment_status":"closed","ping_status":"closed","template":"","meta":{"footnotes":""},"class_list":["post-5172","page","type-page","status-publish","hentry"],"yoast_head":"<!-- This site is optimized with the Yoast SEO plugin v26.9 - https:\/\/yoast.com\/product\/yoast-seo-wordpress\/ -->\n<title>C\u00c0NTIR | Objetos para la pr\u00e1ctica budista \ud83d\udcff<\/title>\n<meta name=\"description\" content=\"C\u00c0NTIR es una tienda de objetos para la pr\u00e1ctica budista con una est\u00e9tica minimalista. Podr\u00e1s encontrar artesan\u00eda budista, libros budistas.\" \/>\n<meta name=\"robots\" content=\"index, follow, max-snippet:-1, max-image-preview:large, max-video-preview:-1\" \/>\n<link rel=\"canonical\" href=\"https:\/\/cantir.art\/en\/cantir-is-born-from-the-intention-of-bringing-buddhism-closer-to-our-way-of-living-it-is-a-bridge-between-the-dharma-the-buddhas-teachings-and-our-culture-we-take-as-a-symbol-an-instrumen\/\" \/>\n<meta property=\"og:locale\" content=\"en_GB\" \/>\n<meta property=\"og:type\" content=\"article\" \/>\n<meta property=\"og:title\" content=\"C\u00c0NTIR | Objetos para la pr\u00e1ctica budista \ud83d\udcff\" \/>\n<meta property=\"og:description\" content=\"C\u00c0NTIR es una tienda de objetos para la pr\u00e1ctica budista con una est\u00e9tica minimalista. Podr\u00e1s encontrar artesan\u00eda budista, libros budistas.\" \/>\n<meta property=\"og:url\" content=\"https:\/\/cantir.art\/en\/cantir-is-born-from-the-intention-of-bringing-buddhism-closer-to-our-way-of-living-it-is-a-bridge-between-the-dharma-the-buddhas-teachings-and-our-culture-we-take-as-a-symbol-an-instrumen\/\" \/>\n<meta property=\"og:site_name\" content=\"C\u00e0ntir\" \/>\n<meta property=\"article:modified_time\" content=\"2025-09-28T12:17:40+00:00\" \/>\n<meta property=\"og:image\" content=\"https:\/\/cantir.art\/wp-content\/uploads\/2025\/09\/000011-min-1-scaled-e1758636894809.jpg\" \/>\n<meta name=\"twitter:card\" content=\"summary_large_image\" \/>\n<meta name=\"twitter:label1\" content=\"Estimated reading time\" \/>\n\t<meta name=\"twitter:data1\" content=\"3 minutes\" \/>\n<script type=\"application\/ld+json\" class=\"yoast-schema-graph\">{\"@context\":\"https:\/\/schema.org\",\"@graph\":[{\"@type\":\"WebPage\",\"@id\":\"https:\/\/cantir.art\/ca\/cantir-neix-amb-la-voluntat-dacostar-el-budisme-a-la-nostra-manera-de-viure-es-un-pont-entre-el-dharma-lensenyanca-del-buda-i-la-nostra-cultura-agafem-com-a-simbol-un-instrument\/\",\"url\":\"https:\/\/cantir.art\/ca\/cantir-neix-amb-la-voluntat-dacostar-el-budisme-a-la-nostra-manera-de-viure-es-un-pont-entre-el-dharma-lensenyanca-del-buda-i-la-nostra-cultura-agafem-com-a-simbol-un-instrument\/\",\"name\":\"C\u00c0NTIR | Objetos para la pr\u00e1ctica budista \ud83d\udcff\",\"isPartOf\":{\"@id\":\"https:\/\/cantir.art\/#website\"},\"primaryImageOfPage\":{\"@id\":\"https:\/\/cantir.art\/ca\/cantir-neix-amb-la-voluntat-dacostar-el-budisme-a-la-nostra-manera-de-viure-es-un-pont-entre-el-dharma-lensenyanca-del-buda-i-la-nostra-cultura-agafem-com-a-simbol-un-instrument\/#primaryimage\"},\"image\":{\"@id\":\"https:\/\/cantir.art\/ca\/cantir-neix-amb-la-voluntat-dacostar-el-budisme-a-la-nostra-manera-de-viure-es-un-pont-entre-el-dharma-lensenyanca-del-buda-i-la-nostra-cultura-agafem-com-a-simbol-un-instrument\/#primaryimage\"},\"thumbnailUrl\":\"https:\/\/cantir.art\/wp-content\/uploads\/2025\/09\/000011-min-1-scaled-e1758636894809.jpg\",\"datePublished\":\"2025-01-29T18:28:38+00:00\",\"dateModified\":\"2025-09-28T12:17:40+00:00\",\"description\":\"C\u00c0NTIR es una tienda de objetos para la pr\u00e1ctica budista con una est\u00e9tica minimalista. Podr\u00e1s encontrar artesan\u00eda budista, libros budistas.\",\"breadcrumb\":{\"@id\":\"https:\/\/cantir.art\/ca\/cantir-neix-amb-la-voluntat-dacostar-el-budisme-a-la-nostra-manera-de-viure-es-un-pont-entre-el-dharma-lensenyanca-del-buda-i-la-nostra-cultura-agafem-com-a-simbol-un-instrument\/#breadcrumb\"},\"inLanguage\":\"en-GB\",\"potentialAction\":[{\"@type\":\"ReadAction\",\"target\":[\"https:\/\/cantir.art\/ca\/cantir-neix-amb-la-voluntat-dacostar-el-budisme-a-la-nostra-manera-de-viure-es-un-pont-entre-el-dharma-lensenyanca-del-buda-i-la-nostra-cultura-agafem-com-a-simbol-un-instrument\/\"]}]},{\"@type\":\"ImageObject\",\"inLanguage\":\"en-GB\",\"@id\":\"https:\/\/cantir.art\/ca\/cantir-neix-amb-la-voluntat-dacostar-el-budisme-a-la-nostra-manera-de-viure-es-un-pont-entre-el-dharma-lensenyanca-del-buda-i-la-nostra-cultura-agafem-com-a-simbol-un-instrument\/#primaryimage\",\"url\":\"https:\/\/cantir.art\/wp-content\/uploads\/2025\/09\/000011-min-1-scaled-e1758636894809.jpg\",\"contentUrl\":\"https:\/\/cantir.art\/wp-content\/uploads\/2025\/09\/000011-min-1-scaled-e1758636894809.jpg\"},{\"@type\":\"BreadcrumbList\",\"@id\":\"https:\/\/cantir.art\/ca\/cantir-neix-amb-la-voluntat-dacostar-el-budisme-a-la-nostra-manera-de-viure-es-un-pont-entre-el-dharma-lensenyanca-del-buda-i-la-nostra-cultura-agafem-com-a-simbol-un-instrument\/#breadcrumb\",\"itemListElement\":[{\"@type\":\"ListItem\",\"position\":1,\"name\":\"Portada\",\"item\":\"https:\/\/cantir.art\/\"},{\"@type\":\"ListItem\",\"position\":2,\"name\":\"Proyecto\"}]},{\"@type\":\"WebSite\",\"@id\":\"https:\/\/cantir.art\/#website\",\"url\":\"https:\/\/cantir.art\/\",\"name\":\"C\u00e0ntir\",\"description\":\"Simbolismo budista y est\u00e9tica mediterr\u00e1nea en objetos que conectan pr\u00e1ctica y cotidianidad\",\"publisher\":{\"@id\":\"https:\/\/cantir.art\/#organization\"},\"potentialAction\":[{\"@type\":\"SearchAction\",\"target\":{\"@type\":\"EntryPoint\",\"urlTemplate\":\"https:\/\/cantir.art\/?s={search_term_string}\"},\"query-input\":{\"@type\":\"PropertyValueSpecification\",\"valueRequired\":true,\"valueName\":\"search_term_string\"}}],\"inLanguage\":\"en-GB\"},{\"@type\":\"Organization\",\"@id\":\"https:\/\/cantir.art\/#organization\",\"name\":\"C\u00e0ntir\",\"url\":\"https:\/\/cantir.art\/\",\"logo\":{\"@type\":\"ImageObject\",\"inLanguage\":\"en-GB\",\"@id\":\"https:\/\/cantir.art\/#\/schema\/logo\/image\/\",\"url\":\"https:\/\/i0.wp.com\/cantir.art\/wp-content\/uploads\/2025\/01\/cantir-10.png?fit=2551%2C1060&ssl=1\",\"contentUrl\":\"https:\/\/i0.wp.com\/cantir.art\/wp-content\/uploads\/2025\/01\/cantir-10.png?fit=2551%2C1060&ssl=1\",\"width\":2551,\"height\":1060,\"caption\":\"C\u00e0ntir\"},\"image\":{\"@id\":\"https:\/\/cantir.art\/#\/schema\/logo\/image\/\"}}]}<\/script>\n<!-- \/ Yoast SEO plugin. -->","yoast_head_json":{"title":"C\u00c0NTIR | Objetos para la pr\u00e1ctica budista \ud83d\udcff","description":"C\u00c0NTIR es una tienda de objetos para la pr\u00e1ctica budista con una est\u00e9tica minimalista. Podr\u00e1s encontrar artesan\u00eda budista, libros budistas.","robots":{"index":"index","follow":"follow","max-snippet":"max-snippet:-1","max-image-preview":"max-image-preview:large","max-video-preview":"max-video-preview:-1"},"canonical":"https:\/\/cantir.art\/en\/cantir-is-born-from-the-intention-of-bringing-buddhism-closer-to-our-way-of-living-it-is-a-bridge-between-the-dharma-the-buddhas-teachings-and-our-culture-we-take-as-a-symbol-an-instrumen\/","og_locale":"en_GB","og_type":"article","og_title":"C\u00c0NTIR | Objetos para la pr\u00e1ctica budista \ud83d\udcff","og_description":"C\u00c0NTIR es una tienda de objetos para la pr\u00e1ctica budista con una est\u00e9tica minimalista. Podr\u00e1s encontrar artesan\u00eda budista, libros budistas.","og_url":"https:\/\/cantir.art\/en\/cantir-is-born-from-the-intention-of-bringing-buddhism-closer-to-our-way-of-living-it-is-a-bridge-between-the-dharma-the-buddhas-teachings-and-our-culture-we-take-as-a-symbol-an-instrumen\/","og_site_name":"C\u00e0ntir","article_modified_time":"2025-09-28T12:17:40+00:00","og_image":[{"url":"https:\/\/cantir.art\/wp-content\/uploads\/2025\/09\/000011-min-1-scaled-e1758636894809.jpg","type":"","width":"","height":""}],"twitter_card":"summary_large_image","twitter_misc":{"Estimated reading time":"3 minutes"},"schema":{"@context":"https:\/\/schema.org","@graph":[{"@type":"WebPage","@id":"https:\/\/cantir.art\/ca\/cantir-neix-amb-la-voluntat-dacostar-el-budisme-a-la-nostra-manera-de-viure-es-un-pont-entre-el-dharma-lensenyanca-del-buda-i-la-nostra-cultura-agafem-com-a-simbol-un-instrument\/","url":"https:\/\/cantir.art\/ca\/cantir-neix-amb-la-voluntat-dacostar-el-budisme-a-la-nostra-manera-de-viure-es-un-pont-entre-el-dharma-lensenyanca-del-buda-i-la-nostra-cultura-agafem-com-a-simbol-un-instrument\/","name":"C\u00c0NTIR | Objetos para la pr\u00e1ctica budista \ud83d\udcff","isPartOf":{"@id":"https:\/\/cantir.art\/#website"},"primaryImageOfPage":{"@id":"https:\/\/cantir.art\/ca\/cantir-neix-amb-la-voluntat-dacostar-el-budisme-a-la-nostra-manera-de-viure-es-un-pont-entre-el-dharma-lensenyanca-del-buda-i-la-nostra-cultura-agafem-com-a-simbol-un-instrument\/#primaryimage"},"image":{"@id":"https:\/\/cantir.art\/ca\/cantir-neix-amb-la-voluntat-dacostar-el-budisme-a-la-nostra-manera-de-viure-es-un-pont-entre-el-dharma-lensenyanca-del-buda-i-la-nostra-cultura-agafem-com-a-simbol-un-instrument\/#primaryimage"},"thumbnailUrl":"https:\/\/cantir.art\/wp-content\/uploads\/2025\/09\/000011-min-1-scaled-e1758636894809.jpg","datePublished":"2025-01-29T18:28:38+00:00","dateModified":"2025-09-28T12:17:40+00:00","description":"C\u00c0NTIR es una tienda de objetos para la pr\u00e1ctica budista con una est\u00e9tica minimalista. Podr\u00e1s encontrar artesan\u00eda budista, libros budistas.","breadcrumb":{"@id":"https:\/\/cantir.art\/ca\/cantir-neix-amb-la-voluntat-dacostar-el-budisme-a-la-nostra-manera-de-viure-es-un-pont-entre-el-dharma-lensenyanca-del-buda-i-la-nostra-cultura-agafem-com-a-simbol-un-instrument\/#breadcrumb"},"inLanguage":"en-GB","potentialAction":[{"@type":"ReadAction","target":["https:\/\/cantir.art\/ca\/cantir-neix-amb-la-voluntat-dacostar-el-budisme-a-la-nostra-manera-de-viure-es-un-pont-entre-el-dharma-lensenyanca-del-buda-i-la-nostra-cultura-agafem-com-a-simbol-un-instrument\/"]}]},{"@type":"ImageObject","inLanguage":"en-GB","@id":"https:\/\/cantir.art\/ca\/cantir-neix-amb-la-voluntat-dacostar-el-budisme-a-la-nostra-manera-de-viure-es-un-pont-entre-el-dharma-lensenyanca-del-buda-i-la-nostra-cultura-agafem-com-a-simbol-un-instrument\/#primaryimage","url":"https:\/\/cantir.art\/wp-content\/uploads\/2025\/09\/000011-min-1-scaled-e1758636894809.jpg","contentUrl":"https:\/\/cantir.art\/wp-content\/uploads\/2025\/09\/000011-min-1-scaled-e1758636894809.jpg"},{"@type":"BreadcrumbList","@id":"https:\/\/cantir.art\/ca\/cantir-neix-amb-la-voluntat-dacostar-el-budisme-a-la-nostra-manera-de-viure-es-un-pont-entre-el-dharma-lensenyanca-del-buda-i-la-nostra-cultura-agafem-com-a-simbol-un-instrument\/#breadcrumb","itemListElement":[{"@type":"ListItem","position":1,"name":"Portada","item":"https:\/\/cantir.art\/"},{"@type":"ListItem","position":2,"name":"Proyecto"}]},{"@type":"WebSite","@id":"https:\/\/cantir.art\/#website","url":"https:\/\/cantir.art\/","name":"C\u00e0ntir","description":"Buddhist symbolism and Mediterranean aesthetics in objects that connect practice with everyday life","publisher":{"@id":"https:\/\/cantir.art\/#organization"},"potentialAction":[{"@type":"SearchAction","target":{"@type":"EntryPoint","urlTemplate":"https:\/\/cantir.art\/?s={search_term_string}"},"query-input":{"@type":"PropertyValueSpecification","valueRequired":true,"valueName":"search_term_string"}}],"inLanguage":"en-GB"},{"@type":"Organization","@id":"https:\/\/cantir.art\/#organization","name":"C\u00e0ntir","url":"https:\/\/cantir.art\/","logo":{"@type":"ImageObject","inLanguage":"en-GB","@id":"https:\/\/cantir.art\/#\/schema\/logo\/image\/","url":"https:\/\/i0.wp.com\/cantir.art\/wp-content\/uploads\/2025\/01\/cantir-10.png?fit=2551%2C1060&ssl=1","contentUrl":"https:\/\/i0.wp.com\/cantir.art\/wp-content\/uploads\/2025\/01\/cantir-10.png?fit=2551%2C1060&ssl=1","width":2551,"height":1060,"caption":"C\u00e0ntir"},"image":{"@id":"https:\/\/cantir.art\/#\/schema\/logo\/image\/"}}]}},"jetpack_sharing_enabled":true,"_links":{"self":[{"href":"https:\/\/cantir.art\/en\/wp-json\/wp\/v2\/pages\/5172","targetHints":{"allow":["GET"]}}],"collection":[{"href":"https:\/\/cantir.art\/en\/wp-json\/wp\/v2\/pages"}],"about":[{"href":"https:\/\/cantir.art\/en\/wp-json\/wp\/v2\/types\/page"}],"author":[{"embeddable":true,"href":"https:\/\/cantir.art\/en\/wp-json\/wp\/v2\/users\/1"}],"replies":[{"embeddable":true,"href":"https:\/\/cantir.art\/en\/wp-json\/wp\/v2\/comments?post=5172"}],"version-history":[{"count":184,"href":"https:\/\/cantir.art\/en\/wp-json\/wp\/v2\/pages\/5172\/revisions"}],"predecessor-version":[{"id":7179,"href":"https:\/\/cantir.art\/en\/wp-json\/wp\/v2\/pages\/5172\/revisions\/7179"}],"wp:attachment":[{"href":"https:\/\/cantir.art\/en\/wp-json\/wp\/v2\/media?parent=5172"}],"curies":[{"name":"wp","href":"https:\/\/api.w.org\/{rel}","templated":true}]}}