{"id":5386,"date":"2025-01-31T13:25:44","date_gmt":"2025-01-31T12:25:44","guid":{"rendered":"https:\/\/cantir.art\/?page_id=5386"},"modified":"2025-02-12T16:29:51","modified_gmt":"2025-02-12T15:29:51","slug":"politica-de-privacidad","status":"publish","type":"page","link":"https:\/\/cantir.art\/en\/politica-de-privacidad\/","title":{"rendered":"C\u00c0NTIR Privacy Policy"},"content":{"rendered":"<p><strong>Details of the owner of the website:<br><\/strong>COMPANY NAME FUNDACI\u00d3 LABORATORI D'ARTS CONTEMPLATIVES (LAC)<br>VAT NO. G10825867<br>DOMAIN <a href=\"https:\/\/cantir.art\/en\/\">https:\/\/cantir.art<\/a><br>POSTAL ADDRESS CAMI CASTELL, S\/N, 08511 - TAVERTET (BARCELONA), <br>E-MAIL ADDRESS paula@artscontemplatives.com<br>TELEPHONES 931358657<br><\/p>\n\n\n\n<p><strong>Data protection<br><\/strong>In accordance with current and applicable legislation on personal data protection, we inform you that your data will be incorporated into the processing system owned by FUNDACI\u00d3 LABORATORI D'ARTS CONTEMPLATIVES (LAC) with NIF G10825867 and registered office at CAMI CASTELL, S\/N,08511 TAVERTET(BARCELONA). Information on the treatments carried out is provided below:<\/p>\n\n\n\n<p><strong>TREATMENTS CARRIED OUT<\/strong><\/p>\n\n\n\n<h4 class=\"wp-block-heading\"><strong>Online product purchase management<\/strong><\/h4>\n\n\n\n<p><strong>Purpose:&nbsp;<\/strong>Collection, registration and processing of data in order to manage the payment and shipment of products.<br><strong>Conservation period:&nbsp;<\/strong>5 years in compliance with tax law and 10 years for tax documentation in compliance with O.L. 7\/2012.<\/p>\n\n\n\n<p><strong>Legitimate basis:&nbsp;<\/strong>Compliance with a law.<br><strong>Data typology:<br>Basic data:&nbsp;<\/strong>First name and surname, Postal address, E-mail address, Signature, Financial or insurance details<br><strong>Assignments:&nbsp;<\/strong>your data will be communicated, if necessary, to the Tax Agency, Banks, Savings Banks and Agencies and\/or public administration with competence in the matter in order to comply with the tax and fiscal obligations established in the applicable regulations. Furthermore, we inform you that the legitimate basis for the transfer is compliance with the law.<\/p>\n\n\n\n<h4 class=\"wp-block-heading\"><strong>Commercial actions web form<\/strong><\/h4>\n\n\n\n<p><strong>Purpose:&nbsp;<\/strong>Collection, registration and processing of data for the purpose of answering your queries and\/or requests, as well as for advertising and commercial prospecting.<br><strong>Conservation period:&nbsp;<\/strong>for as long as the consent given is maintained, unless legally obliged to do so.<\/p>\n\n\n\n<p><strong>Legitimate basis:\u00a0<\/strong>The consent of the data subject.\u00a0<\/p>\n\n\n\n<p><strong>Data typology:<br>Basic data:\u00a0<\/strong>Name and surname, E-mail address<\/p>\n\n\n\n<h4 class=\"wp-block-heading\"><strong>Newsletter<\/strong><\/h4>\n\n\n\n<p><strong>Purpose:\u00a0<\/strong>Management of the subscription to the newsletter, in order to send the corresponding mailings.<br><strong>Conservation period:\u00a0<\/strong>for as long as the consent given is maintained.<br><strong>Legitimate basis:\u00a0<\/strong>The consent of the data subject.<\/p>\n\n\n\n<p><strong>Data typology:<br>Basic data:\u00a0<\/strong>Name and surname, E-mail address<\/p>\n\n\n\n<h4 class=\"wp-block-heading\"><strong>Web user management<\/strong><\/h4>\n\n\n\n<p><strong>Purpose<\/strong>Collection, registration and processing of user data.<br><strong>Conservation period<\/strong>as long as the consent given is maintained, unless there is a legal obligation to do so.<br><strong>Legitimate basis<\/strong>The consent of the data subject.<br><strong>Basic data<\/strong>Name and surname, E-mail address<\/p>\n\n\n\n<h4 class=\"wp-block-heading\"><strong>Installation of cookies<\/strong><\/h4>\n\n\n\n<p><strong>Purpose<\/strong>: Management and installation of cookies.<br><strong>Conservation period<\/strong>as long as the consent given is maintained.<strong><br>Legitimate basis<\/strong>The consent of the data subject.<br><strong>Basic data<\/strong>: E-mail address, IP address<br><\/p>\n\n\n\n<h4 class=\"wp-block-heading\"><strong>Management Web form<\/strong><\/h4>\n\n\n\n<p><strong>Purpose<\/strong>: To deal with your queries and\/or requests.<br><strong>Conservation period<\/strong>as long as the consent given is maintained.<strong><br>Legitimate basis<\/strong>The consent of the data subject.<br><strong>Basic data<\/strong>Name, E-mail address, IP address<\/p>\n\n\n\n<p><\/p>\n\n\n\n<p>In turn, we inform you that you can contact the Data Protection Delegate, by contacting us at<br>by writing to dpd.cliente@conversia.es or calling 902 877 192.<br><\/p>\n\n\n\n<p><strong>Rights of data subjects<br><\/strong><\/p>\n\n\n\n<p>FUNDACI\u00d3 LABORATORI D'ARTS CONTEMPLATIVES (LAC) informs Users that they may exercise their rights of access, rectification, limitation, suppression, portability, opposition to the processing of their personal data and the right not to be subject to automated decisions, including profiling, before the Data Controller, as well as the right to withdraw their consent.<\/p>\n\n\n\n<p><br><strong>Right of Access<\/strong>This is the user's right to obtain confirmation as to whether his or her data are being processed and, if so, the specific personal data processed and the legal information on the processing (purposes, legitimate basis, storage periods, transfers, origin of the data, etc.).<br>data, etc.).<\/p>\n\n\n\n<p><br><strong>Right of rectification<\/strong>This is the data subject's right to have inaccurate or incomplete data amended. In relation to the website, it can only be satisfied in relation to information that is under the control of the website, for example, deleting comments posted on the page itself, images or web content containing personal data of the user.<\/p>\n\n\n\n<p><strong>Right to restriction of processing:\u00a0<\/strong>This is the right to have the purposes of the processing originally intended by the controller limited in certain cases.<\/p>\n\n\n\n<p><strong>Right of Suppression:\u00a0<\/strong>This is the right to delete the user's personal data, with the exception of the provisions of the GDPR (freedom of expression and information, obligations of conservation, formulation, exercise or defence of claims, etc.).<\/p>\n\n\n\n<p><strong>Right to Portability:\u00a0<\/strong>The right to receive the personal data provided by the user, in a structured, commonly used and machine-readable format, and to transmit it to another controller where the processing is based on consent or the performance of a contract and is carried out by automated means.<br><\/p>\n\n\n\n<p><strong>Right of Opposition:\u00a0<\/strong>This is the user's right not to have his or her personal data processed or to have the processing of such data by the website stopped when the processing is based on legitimate interest or public interest or when it is for direct marketing purposes.<\/p>\n\n\n\n<p><strong>The right not to be subject to automated decisions, including profiling:\u00a0<\/strong>Where the processing is not necessary for the conclusion or performance of a contract, is not authorised by EU or Member State law and is not based on consent, you have the right not to be subject to a decision based solely on automated processing, including profiling, which produces legal effects or similarly significantly affects you.<\/p>\n\n\n\n<p><strong>Right to withdraw consent:\u00a0<\/strong>For any processing based on your consent, you have the right to withdraw your consent, at any time and free of charge.<\/p>\n\n\n\n<p>To exercise any of the data protection rights described above, please follow the instructions below:<\/p>\n\n\n\n<p>By sending a letter to the address CAMI CASTELL, S\/N,08511 TAVERTET(BARCELONA) (for the attention of FUNDACI\u00d3 LABORATORI D'ARTS CONTEMPLATIVES (LAC)) or by e-mail to paula@artscontemplatives.com .<\/p>\n\n\n\n<p>The letter sent by the personal data subject (data subject) requesting the exercise of rights must take into account the following:<\/p>\n\n\n\n<p>The applicant must identify himself\/herself reliably and, if there are doubts about the identity of the applicant, he\/she will be asked to correct the request (e.g. by requesting further information, such as ID number, ID document, e-mail address provided, etc.).<\/p>\n\n\n\n<p>o The request may be made by the representative, legal or voluntary, when the latter is duly identified and authorised by the data subject (by means of an express authorisation of the data subject to exercise the very personal rights regulated in the regulations on personal data protection).<\/p>\n\n\n\n<p>o Request in which the request is specified (Right\/s you intend to exercise). If you do not refer to a specific processing operation, you will be provided with an answer in relation to all the processing operations that affect your personal data. If you request information about a specific processing operation, only the information about this. If you request it by telephone, you will be instructed to do so in writing and you will be informed of how to do so and the address to which you should send it. You will never be given information over the telephone.<\/p>\n\n\n\n<p>o Postal or e-mail address for notification purposes.<\/p>\n\n\n\n<p>o Documents accrediting the request you are making, if necessary.<\/p>\n\n\n\n<p>o The applicant must use any means of proof that the application has been sent and received.<\/p>\n\n\n\n<p><br>Finally, we inform you that you have the right to file a complaint with the Spanish Data Protection Agency in the event that you become aware of or consider that an event may involve a breach of the applicable data protection regulations.<\/p>\n\n\n\n<p>FUNDACI\u00d3 LABORATORI D'ARTS CONTEMPLATIVES (LAC) undertakes to adopt the necessary technical and organisational measures, in accordance with the level of risk associated with the processing operations carried out by them and indicated in this section, in such a way as to guarantee their integrity, confidentiality and availability.<\/p>\n\n\n\n<p><\/p>\n\n\n\n<p>Last updated: 6 February 2025<\/p>","protected":false},"excerpt":{"rendered":"<p>Datos del propietario de la web:RAZ\u00d3N SOCIAL FUNDACI\u00d3 LABORATORI D&#8217;ARTS CONTEMPLATIVES (LAC)NIF G10825867DOMINIO https:\/\/cantir.artDIRECCI\u00d3N POSTAL CAMI CASTELL, S\/N, 08511 &#8211; TAVERTET (BARCELONA), DIRECCI\u00d3N ELECTR\u00d3NICA paula@artscontemplatives.comTEL\u00c9FONOS 931358657 Protecci\u00f3n de datosDe conformidad&hellip;<\/p>","protected":false},"author":1,"featured_media":0,"parent":0,"menu_order":0,"comment_status":"closed","ping_status":"closed","template":"","meta":{"footnotes":""},"class_list":["post-5386","page","type-page","status-publish","hentry"],"yoast_head":"<!-- This site is optimized with the Yoast SEO plugin v26.9 - https:\/\/yoast.com\/product\/yoast-seo-wordpress\/ -->\n<title>Pol\u00edtica de Privacidad de C\u00c0NTIR - C\u00e0ntir<\/title>\n<meta name=\"robots\" content=\"index, follow, max-snippet:-1, max-image-preview:large, max-video-preview:-1\" \/>\n<link rel=\"canonical\" href=\"https:\/\/cantir.art\/en\/politica-de-privacidad\/\" \/>\n<meta property=\"og:locale\" content=\"en_GB\" \/>\n<meta property=\"og:type\" content=\"article\" \/>\n<meta property=\"og:title\" content=\"Pol\u00edtica de Privacidad de C\u00c0NTIR - C\u00e0ntir\" \/>\n<meta property=\"og:description\" content=\"Datos del propietario de la web:RAZ\u00d3N SOCIAL FUNDACI\u00d3 LABORATORI D&#8217;ARTS CONTEMPLATIVES (LAC)NIF G10825867DOMINIO https:\/\/cantir.artDIRECCI\u00d3N POSTAL CAMI CASTELL, S\/N, 08511 &#8211; TAVERTET (BARCELONA), DIRECCI\u00d3N ELECTR\u00d3NICA paula@artscontemplatives.comTEL\u00c9FONOS 931358657 Protecci\u00f3n de datosDe conformidad&hellip;\" \/>\n<meta property=\"og:url\" content=\"https:\/\/cantir.art\/en\/politica-de-privacidad\/\" \/>\n<meta property=\"og:site_name\" content=\"C\u00e0ntir\" \/>\n<meta property=\"article:modified_time\" content=\"2025-02-12T15:29:51+00:00\" \/>\n<meta name=\"twitter:card\" content=\"summary_large_image\" \/>\n<meta name=\"twitter:label1\" content=\"Estimated reading time\" \/>\n\t<meta name=\"twitter:data1\" content=\"6 minutes\" \/>\n<script type=\"application\/ld+json\" class=\"yoast-schema-graph\">{\"@context\":\"https:\/\/schema.org\",\"@graph\":[{\"@type\":\"WebPage\",\"@id\":\"https:\/\/cantir.art\/politica-de-privacidad\/\",\"url\":\"https:\/\/cantir.art\/politica-de-privacidad\/\",\"name\":\"Pol\u00edtica de Privacidad de C\u00c0NTIR - C\u00e0ntir\",\"isPartOf\":{\"@id\":\"https:\/\/cantir.art\/#website\"},\"datePublished\":\"2025-01-31T12:25:44+00:00\",\"dateModified\":\"2025-02-12T15:29:51+00:00\",\"breadcrumb\":{\"@id\":\"https:\/\/cantir.art\/politica-de-privacidad\/#breadcrumb\"},\"inLanguage\":\"en-GB\",\"potentialAction\":[{\"@type\":\"ReadAction\",\"target\":[\"https:\/\/cantir.art\/politica-de-privacidad\/\"]}]},{\"@type\":\"BreadcrumbList\",\"@id\":\"https:\/\/cantir.art\/politica-de-privacidad\/#breadcrumb\",\"itemListElement\":[{\"@type\":\"ListItem\",\"position\":1,\"name\":\"Portada\",\"item\":\"https:\/\/cantir.art\/\"},{\"@type\":\"ListItem\",\"position\":2,\"name\":\"Pol\u00edtica de Privacidad de C\u00c0NTIR\"}]},{\"@type\":\"WebSite\",\"@id\":\"https:\/\/cantir.art\/#website\",\"url\":\"https:\/\/cantir.art\/\",\"name\":\"C\u00e0ntir\",\"description\":\"Simbolismo budista y est\u00e9tica mediterr\u00e1nea en objetos que conectan pr\u00e1ctica y cotidianidad\",\"publisher\":{\"@id\":\"https:\/\/cantir.art\/#organization\"},\"potentialAction\":[{\"@type\":\"SearchAction\",\"target\":{\"@type\":\"EntryPoint\",\"urlTemplate\":\"https:\/\/cantir.art\/?s={search_term_string}\"},\"query-input\":{\"@type\":\"PropertyValueSpecification\",\"valueRequired\":true,\"valueName\":\"search_term_string\"}}],\"inLanguage\":\"en-GB\"},{\"@type\":\"Organization\",\"@id\":\"https:\/\/cantir.art\/#organization\",\"name\":\"C\u00e0ntir\",\"url\":\"https:\/\/cantir.art\/\",\"logo\":{\"@type\":\"ImageObject\",\"inLanguage\":\"en-GB\",\"@id\":\"https:\/\/cantir.art\/#\/schema\/logo\/image\/\",\"url\":\"https:\/\/i0.wp.com\/cantir.art\/wp-content\/uploads\/2025\/01\/cantir-10.png?fit=2551%2C1060&ssl=1\",\"contentUrl\":\"https:\/\/i0.wp.com\/cantir.art\/wp-content\/uploads\/2025\/01\/cantir-10.png?fit=2551%2C1060&ssl=1\",\"width\":2551,\"height\":1060,\"caption\":\"C\u00e0ntir\"},\"image\":{\"@id\":\"https:\/\/cantir.art\/#\/schema\/logo\/image\/\"}}]}<\/script>\n<!-- \/ Yoast SEO plugin. -->","yoast_head_json":{"title":"Pol\u00edtica de Privacidad de C\u00c0NTIR - C\u00e0ntir","robots":{"index":"index","follow":"follow","max-snippet":"max-snippet:-1","max-image-preview":"max-image-preview:large","max-video-preview":"max-video-preview:-1"},"canonical":"https:\/\/cantir.art\/en\/politica-de-privacidad\/","og_locale":"en_GB","og_type":"article","og_title":"Pol\u00edtica de Privacidad de C\u00c0NTIR - C\u00e0ntir","og_description":"Datos del propietario de la web:RAZ\u00d3N SOCIAL FUNDACI\u00d3 LABORATORI D&#8217;ARTS CONTEMPLATIVES (LAC)NIF G10825867DOMINIO https:\/\/cantir.artDIRECCI\u00d3N POSTAL CAMI CASTELL, S\/N, 08511 &#8211; TAVERTET (BARCELONA), DIRECCI\u00d3N ELECTR\u00d3NICA paula@artscontemplatives.comTEL\u00c9FONOS 931358657 Protecci\u00f3n de datosDe conformidad&hellip;","og_url":"https:\/\/cantir.art\/en\/politica-de-privacidad\/","og_site_name":"C\u00e0ntir","article_modified_time":"2025-02-12T15:29:51+00:00","twitter_card":"summary_large_image","twitter_misc":{"Estimated reading time":"6 minutes"},"schema":{"@context":"https:\/\/schema.org","@graph":[{"@type":"WebPage","@id":"https:\/\/cantir.art\/politica-de-privacidad\/","url":"https:\/\/cantir.art\/politica-de-privacidad\/","name":"Pol\u00edtica de Privacidad de C\u00c0NTIR - C\u00e0ntir","isPartOf":{"@id":"https:\/\/cantir.art\/#website"},"datePublished":"2025-01-31T12:25:44+00:00","dateModified":"2025-02-12T15:29:51+00:00","breadcrumb":{"@id":"https:\/\/cantir.art\/politica-de-privacidad\/#breadcrumb"},"inLanguage":"en-GB","potentialAction":[{"@type":"ReadAction","target":["https:\/\/cantir.art\/politica-de-privacidad\/"]}]},{"@type":"BreadcrumbList","@id":"https:\/\/cantir.art\/politica-de-privacidad\/#breadcrumb","itemListElement":[{"@type":"ListItem","position":1,"name":"Portada","item":"https:\/\/cantir.art\/"},{"@type":"ListItem","position":2,"name":"Pol\u00edtica de Privacidad de C\u00c0NTIR"}]},{"@type":"WebSite","@id":"https:\/\/cantir.art\/#website","url":"https:\/\/cantir.art\/","name":"C\u00e0ntir","description":"Buddhist symbolism and Mediterranean aesthetics in objects that connect practice with everyday life","publisher":{"@id":"https:\/\/cantir.art\/#organization"},"potentialAction":[{"@type":"SearchAction","target":{"@type":"EntryPoint","urlTemplate":"https:\/\/cantir.art\/?s={search_term_string}"},"query-input":{"@type":"PropertyValueSpecification","valueRequired":true,"valueName":"search_term_string"}}],"inLanguage":"en-GB"},{"@type":"Organization","@id":"https:\/\/cantir.art\/#organization","name":"C\u00e0ntir","url":"https:\/\/cantir.art\/","logo":{"@type":"ImageObject","inLanguage":"en-GB","@id":"https:\/\/cantir.art\/#\/schema\/logo\/image\/","url":"https:\/\/i0.wp.com\/cantir.art\/wp-content\/uploads\/2025\/01\/cantir-10.png?fit=2551%2C1060&ssl=1","contentUrl":"https:\/\/i0.wp.com\/cantir.art\/wp-content\/uploads\/2025\/01\/cantir-10.png?fit=2551%2C1060&ssl=1","width":2551,"height":1060,"caption":"C\u00e0ntir"},"image":{"@id":"https:\/\/cantir.art\/#\/schema\/logo\/image\/"}}]}},"jetpack_sharing_enabled":true,"_links":{"self":[{"href":"https:\/\/cantir.art\/en\/wp-json\/wp\/v2\/pages\/5386","targetHints":{"allow":["GET"]}}],"collection":[{"href":"https:\/\/cantir.art\/en\/wp-json\/wp\/v2\/pages"}],"about":[{"href":"https:\/\/cantir.art\/en\/wp-json\/wp\/v2\/types\/page"}],"author":[{"embeddable":true,"href":"https:\/\/cantir.art\/en\/wp-json\/wp\/v2\/users\/1"}],"replies":[{"embeddable":true,"href":"https:\/\/cantir.art\/en\/wp-json\/wp\/v2\/comments?post=5386"}],"version-history":[{"count":4,"href":"https:\/\/cantir.art\/en\/wp-json\/wp\/v2\/pages\/5386\/revisions"}],"predecessor-version":[{"id":5505,"href":"https:\/\/cantir.art\/en\/wp-json\/wp\/v2\/pages\/5386\/revisions\/5505"}],"wp:attachment":[{"href":"https:\/\/cantir.art\/en\/wp-json\/wp\/v2\/media?parent=5386"}],"curies":[{"name":"wp","href":"https:\/\/api.w.org\/{rel}","templated":true}]}}