{"id":3302,"date":"2021-05-06T11:09:48","date_gmt":"2021-05-06T11:09:48","guid":{"rendered":"https:\/\/konte.uix.store\/?post_type=product&#038;p=3302"},"modified":"2025-09-26T18:40:27","modified_gmt":"2025-09-26T16:40:27","slug":"mala-de-labradorita","status":"publish","type":"product","link":"https:\/\/cantir.art\/en\/product\/mala-de-labradorita\/","title":{"rendered":"Labradorite Mala"},"content":{"rendered":"<div data-elementor-type=\"wp-post\" data-elementor-id=\"3302\" class=\"elementor elementor-3302\">\n\t\t\t\t<div class=\"elementor-element elementor-element-52048079 e-flex e-con-boxed e-con e-parent\" data-id=\"52048079\" data-element_type=\"container\">\n\t\t\t\t\t<div class=\"e-con-inner\">\n\t\t\t\t<div class=\"elementor-element elementor-element-14ef9cb8 elementor-widget elementor-widget-text-editor\" data-id=\"14ef9cb8\" data-element_type=\"widget\" data-widget_type=\"text-editor.default\">\n\t\t\t\t<div class=\"elementor-widget-container\">\n\t\t\t\t\t\t\t\t\t<p>The labradorite mala is a unique and special piece within the world of Buddhist malas. Labradorite is a mineral that belongs to the group of feldspars and is characterized by its impressive optical effect known as labradorescence. This phenomenon creates iridescent reflections in blue, green and gold tones when the stone is exposed to light, giving it a magical and mystical appearance. Due to these qualities, the labradorite mala is highly appreciated for both its beauty and its spiritual meaning.<\/p><p>In Buddhist tradition, malas are essential tools for meditation and mantra recitation. They are used to count repetitions of mantras or prayers, and are a support for concentration and mental focus. Each material used to make a mala has a special meaning and a particular energy.<\/p><p>At C\u00c0NTIR, our Buddhist and Mediterranean items store, we offer a careful selection of high-quality Buddhist malas, made from different materials to suit each person's needs and preferences. We have malas of <a href=\"https:\/\/cantir.art\/en\/product-category\/objetos\/wooden-and\/madera-malas\/\">wood<\/a>, malas de <a href=\"https:\/\/cantir.art\/en\/product-category\/objetos\/wooden-and\/semillas\/\">semillas<\/a> (de \u00e1rbol bodhi) y malas de <a href=\"https:\/\/cantir.art\/en\/product-category\/objetos\/wooden-and\/semillas\/\">minerales<\/a>The labradorite mala is one of our most special options, perfect for both meditation practice and those seeking a beautiful piece. Its changing hue also gives it a unique character, turning each labradorite mala into a unique and one-of-a-kind piece of jewelry.<\/p><p>If you're looking for a labradorite mala or any other type of Buddhist mala, at C\u00c0NTIR you'll find carefully selected options that respect tradition. We believe in the importance of offering simple, beautiful, and functional objects.<\/p>\t\t\t\t\t\t\t\t<\/div>\n\t\t\t\t<\/div>\n\t\t\t\t\t<\/div>\n\t\t\t\t<\/div>\n\t\t\t\t<\/div>","protected":false},"excerpt":{"rendered":"<p><span style=\"font-weight: 400;\">This labradorite mala stands out for its silvery reflections that change depending on the light. An elegant off-grey mala, handcrafted in Nepal. It has 108 beads.<\/span><span style=\"font-weight: 400;\">\u00a0108 cuentas.\u00a0<\/span><\/p>","protected":false},"featured_media":6225,"comment_status":"open","ping_status":"closed","template":"elementor_theme","meta":[],"product_brand":[],"product_cat":[144,146],"product_tag":[147,148],"class_list":{"0":"post-3302","1":"product","2":"type-product","3":"status-publish","4":"has-post-thumbnail","6":"product_cat-malas","7":"product_cat-minerales","8":"product_tag-labradorita","9":"product_tag-mala","11":"first","12":"instock","13":"taxable","14":"shipping-taxable","15":"purchasable","16":"product-type-simple"},"supplier_id":null,"supplier_sku":"","barcode":null,"atum_controlled":true,"out_stock_date":null,"out_stock_threshold":null,"inheritable":false,"inbound_stock":0,"stock_on_hold":0,"sold_today":0,"sales_last_days":0,"reserved_stock":0,"customer_returns":0,"warehouse_damage":0,"lost_in_post":0,"other_logs":0,"out_stock_days":0,"lost_sales":0,"has_location":false,"update_date":"2026-04-14T02:05:41","atum_locations":[],"atum_stock_status":"instock","restock_status":false,"low_stock_amount":"","sales_update_date":"2026-04-14T02:05:41","calc_backorders":null,"yoast_head":"<!-- This site is optimized with the Yoast SEO plugin v26.9 - https:\/\/yoast.com\/product\/yoast-seo-wordpress\/ -->\n<title>Mala de Labradorita | C\u00c0NTIR \ud83d\udcff<\/title>\n<meta name=\"description\" content=\"Mala de Labradorita de Alta Calidad. Descubre este y otros productos en C\u00c0NTIR, la tienda de productos budistas y mediterr\u00e1neos.\" \/>\n<meta name=\"robots\" content=\"index, follow, max-snippet:-1, max-image-preview:large, max-video-preview:-1\" \/>\n<link rel=\"canonical\" href=\"https:\/\/cantir.art\/en\/product\/mala-de-labradorita\/\" \/>\n<meta property=\"og:locale\" content=\"en_GB\" \/>\n<meta property=\"og:type\" content=\"article\" \/>\n<meta property=\"og:title\" content=\"Mala de Labradorita | C\u00c0NTIR \ud83d\udcff\" \/>\n<meta property=\"og:description\" content=\"Mala de Labradorita de Alta Calidad. Descubre este y otros productos en C\u00c0NTIR, la tienda de productos budistas y mediterr\u00e1neos.\" \/>\n<meta property=\"og:url\" content=\"https:\/\/cantir.art\/en\/product\/mala-de-labradorita\/\" \/>\n<meta property=\"og:site_name\" content=\"C\u00e0ntir\" \/>\n<meta property=\"article:modified_time\" content=\"2025-09-26T16:40:27+00:00\" \/>\n<meta property=\"og:image\" content=\"https:\/\/cantir.art\/wp-content\/uploads\/2025\/09\/MALA-MINERAL-LABRODORITA-GRIS-B-scaled-2.jpg\" \/>\n\t<meta property=\"og:image:width\" content=\"1922\" \/>\n\t<meta property=\"og:image:height\" content=\"2560\" \/>\n\t<meta property=\"og:image:type\" content=\"image\/jpeg\" \/>\n<meta name=\"twitter:card\" content=\"summary_large_image\" \/>\n<meta name=\"twitter:label1\" content=\"Estimated reading time\" \/>\n\t<meta name=\"twitter:data1\" content=\"2 minutes\" \/>\n<script type=\"application\/ld+json\" class=\"yoast-schema-graph\">{\"@context\":\"https:\/\/schema.org\",\"@graph\":[{\"@type\":\"WebPage\",\"@id\":\"https:\/\/cantir.art\/producto\/mala-de-labradorita\/\",\"url\":\"https:\/\/cantir.art\/producto\/mala-de-labradorita\/\",\"name\":\"Mala de Labradorita | C\u00c0NTIR \ud83d\udcff\",\"isPartOf\":{\"@id\":\"https:\/\/cantir.art\/#website\"},\"primaryImageOfPage\":{\"@id\":\"https:\/\/cantir.art\/producto\/mala-de-labradorita\/#primaryimage\"},\"image\":{\"@id\":\"https:\/\/cantir.art\/producto\/mala-de-labradorita\/#primaryimage\"},\"thumbnailUrl\":\"https:\/\/i0.wp.com\/cantir.art\/wp-content\/uploads\/2025\/09\/MALA-MINERAL-LABRODORITA-GRIS-B-scaled-2.jpg?fit=1922%2C2560&ssl=1\",\"datePublished\":\"2021-05-06T11:09:48+00:00\",\"dateModified\":\"2025-09-26T16:40:27+00:00\",\"description\":\"Mala de Labradorita de Alta Calidad. Descubre este y otros productos en C\u00c0NTIR, la tienda de productos budistas y mediterr\u00e1neos.\",\"breadcrumb\":{\"@id\":\"https:\/\/cantir.art\/producto\/mala-de-labradorita\/#breadcrumb\"},\"inLanguage\":\"en-GB\",\"potentialAction\":[{\"@type\":\"ReadAction\",\"target\":[\"https:\/\/cantir.art\/producto\/mala-de-labradorita\/\"]}]},{\"@type\":\"ImageObject\",\"inLanguage\":\"en-GB\",\"@id\":\"https:\/\/cantir.art\/producto\/mala-de-labradorita\/#primaryimage\",\"url\":\"https:\/\/i0.wp.com\/cantir.art\/wp-content\/uploads\/2025\/09\/MALA-MINERAL-LABRODORITA-GRIS-B-scaled-2.jpg?fit=1922%2C2560&ssl=1\",\"contentUrl\":\"https:\/\/i0.wp.com\/cantir.art\/wp-content\/uploads\/2025\/09\/MALA-MINERAL-LABRODORITA-GRIS-B-scaled-2.jpg?fit=1922%2C2560&ssl=1\",\"width\":1922,\"height\":2560},{\"@type\":\"BreadcrumbList\",\"@id\":\"https:\/\/cantir.art\/producto\/mala-de-labradorita\/#breadcrumb\",\"itemListElement\":[{\"@type\":\"ListItem\",\"position\":1,\"name\":\"Portada\",\"item\":\"https:\/\/cantir.art\/\"},{\"@type\":\"ListItem\",\"position\":2,\"name\":\"NEW Tienda\",\"item\":\"https:\/\/cantir.art\/en\/new-tienda\/\"},{\"@type\":\"ListItem\",\"position\":3,\"name\":\"Mala de Labradorita\"}]},{\"@type\":\"WebSite\",\"@id\":\"https:\/\/cantir.art\/#website\",\"url\":\"https:\/\/cantir.art\/\",\"name\":\"C\u00e0ntir\",\"description\":\"Simbolismo budista y est\u00e9tica mediterr\u00e1nea en objetos que conectan pr\u00e1ctica y cotidianidad\",\"publisher\":{\"@id\":\"https:\/\/cantir.art\/#organization\"},\"potentialAction\":[{\"@type\":\"SearchAction\",\"target\":{\"@type\":\"EntryPoint\",\"urlTemplate\":\"https:\/\/cantir.art\/?s={search_term_string}\"},\"query-input\":{\"@type\":\"PropertyValueSpecification\",\"valueRequired\":true,\"valueName\":\"search_term_string\"}}],\"inLanguage\":\"en-GB\"},{\"@type\":\"Organization\",\"@id\":\"https:\/\/cantir.art\/#organization\",\"name\":\"C\u00e0ntir\",\"url\":\"https:\/\/cantir.art\/\",\"logo\":{\"@type\":\"ImageObject\",\"inLanguage\":\"en-GB\",\"@id\":\"https:\/\/cantir.art\/#\/schema\/logo\/image\/\",\"url\":\"https:\/\/i0.wp.com\/cantir.art\/wp-content\/uploads\/2025\/01\/cantir-10.png?fit=2551%2C1060&ssl=1\",\"contentUrl\":\"https:\/\/i0.wp.com\/cantir.art\/wp-content\/uploads\/2025\/01\/cantir-10.png?fit=2551%2C1060&ssl=1\",\"width\":2551,\"height\":1060,\"caption\":\"C\u00e0ntir\"},\"image\":{\"@id\":\"https:\/\/cantir.art\/#\/schema\/logo\/image\/\"}}]}<\/script>\n<!-- \/ Yoast SEO plugin. -->","yoast_head_json":{"title":"Mala de Labradorita | C\u00c0NTIR \ud83d\udcff","description":"Mala de Labradorita de Alta Calidad. Descubre este y otros productos en C\u00c0NTIR, la tienda de productos budistas y mediterr\u00e1neos.","robots":{"index":"index","follow":"follow","max-snippet":"max-snippet:-1","max-image-preview":"max-image-preview:large","max-video-preview":"max-video-preview:-1"},"canonical":"https:\/\/cantir.art\/en\/product\/mala-de-labradorita\/","og_locale":"en_GB","og_type":"article","og_title":"Mala de Labradorita | C\u00c0NTIR \ud83d\udcff","og_description":"Mala de Labradorita de Alta Calidad. Descubre este y otros productos en C\u00c0NTIR, la tienda de productos budistas y mediterr\u00e1neos.","og_url":"https:\/\/cantir.art\/en\/product\/mala-de-labradorita\/","og_site_name":"C\u00e0ntir","article_modified_time":"2025-09-26T16:40:27+00:00","og_image":[{"width":1922,"height":2560,"url":"https:\/\/cantir.art\/wp-content\/uploads\/2025\/09\/MALA-MINERAL-LABRODORITA-GRIS-B-scaled-2.jpg","type":"image\/jpeg"}],"twitter_card":"summary_large_image","twitter_misc":{"Estimated reading time":"2 minutes"},"schema":{"@context":"https:\/\/schema.org","@graph":[{"@type":"WebPage","@id":"https:\/\/cantir.art\/producto\/mala-de-labradorita\/","url":"https:\/\/cantir.art\/producto\/mala-de-labradorita\/","name":"Mala de Labradorita | C\u00c0NTIR \ud83d\udcff","isPartOf":{"@id":"https:\/\/cantir.art\/#website"},"primaryImageOfPage":{"@id":"https:\/\/cantir.art\/producto\/mala-de-labradorita\/#primaryimage"},"image":{"@id":"https:\/\/cantir.art\/producto\/mala-de-labradorita\/#primaryimage"},"thumbnailUrl":"https:\/\/i0.wp.com\/cantir.art\/wp-content\/uploads\/2025\/09\/MALA-MINERAL-LABRODORITA-GRIS-B-scaled-2.jpg?fit=1922%2C2560&ssl=1","datePublished":"2021-05-06T11:09:48+00:00","dateModified":"2025-09-26T16:40:27+00:00","description":"Mala de Labradorita de Alta Calidad. Descubre este y otros productos en C\u00c0NTIR, la tienda de productos budistas y mediterr\u00e1neos.","breadcrumb":{"@id":"https:\/\/cantir.art\/producto\/mala-de-labradorita\/#breadcrumb"},"inLanguage":"en-GB","potentialAction":[{"@type":"ReadAction","target":["https:\/\/cantir.art\/producto\/mala-de-labradorita\/"]}]},{"@type":"ImageObject","inLanguage":"en-GB","@id":"https:\/\/cantir.art\/producto\/mala-de-labradorita\/#primaryimage","url":"https:\/\/i0.wp.com\/cantir.art\/wp-content\/uploads\/2025\/09\/MALA-MINERAL-LABRODORITA-GRIS-B-scaled-2.jpg?fit=1922%2C2560&ssl=1","contentUrl":"https:\/\/i0.wp.com\/cantir.art\/wp-content\/uploads\/2025\/09\/MALA-MINERAL-LABRODORITA-GRIS-B-scaled-2.jpg?fit=1922%2C2560&ssl=1","width":1922,"height":2560},{"@type":"BreadcrumbList","@id":"https:\/\/cantir.art\/producto\/mala-de-labradorita\/#breadcrumb","itemListElement":[{"@type":"ListItem","position":1,"name":"Portada","item":"https:\/\/cantir.art\/"},{"@type":"ListItem","position":2,"name":"NEW Tienda","item":"https:\/\/cantir.art\/en\/new-tienda\/"},{"@type":"ListItem","position":3,"name":"Mala de Labradorita"}]},{"@type":"WebSite","@id":"https:\/\/cantir.art\/#website","url":"https:\/\/cantir.art\/","name":"C\u00e0ntir","description":"Buddhist symbolism and Mediterranean aesthetics in objects that connect practice with everyday life","publisher":{"@id":"https:\/\/cantir.art\/#organization"},"potentialAction":[{"@type":"SearchAction","target":{"@type":"EntryPoint","urlTemplate":"https:\/\/cantir.art\/?s={search_term_string}"},"query-input":{"@type":"PropertyValueSpecification","valueRequired":true,"valueName":"search_term_string"}}],"inLanguage":"en-GB"},{"@type":"Organization","@id":"https:\/\/cantir.art\/#organization","name":"C\u00e0ntir","url":"https:\/\/cantir.art\/","logo":{"@type":"ImageObject","inLanguage":"en-GB","@id":"https:\/\/cantir.art\/#\/schema\/logo\/image\/","url":"https:\/\/i0.wp.com\/cantir.art\/wp-content\/uploads\/2025\/01\/cantir-10.png?fit=2551%2C1060&ssl=1","contentUrl":"https:\/\/i0.wp.com\/cantir.art\/wp-content\/uploads\/2025\/01\/cantir-10.png?fit=2551%2C1060&ssl=1","width":2551,"height":1060,"caption":"C\u00e0ntir"},"image":{"@id":"https:\/\/cantir.art\/#\/schema\/logo\/image\/"}}]}},"jetpack_sharing_enabled":true,"_links":{"self":[{"href":"https:\/\/cantir.art\/en\/wp-json\/wp\/v2\/product\/3302","targetHints":{"allow":["GET"]}}],"collection":[{"href":"https:\/\/cantir.art\/en\/wp-json\/wp\/v2\/product"}],"about":[{"href":"https:\/\/cantir.art\/en\/wp-json\/wp\/v2\/types\/product"}],"replies":[{"embeddable":true,"href":"https:\/\/cantir.art\/en\/wp-json\/wp\/v2\/comments?post=3302"}],"version-history":[{"count":17,"href":"https:\/\/cantir.art\/en\/wp-json\/wp\/v2\/product\/3302\/revisions"}],"predecessor-version":[{"id":5582,"href":"https:\/\/cantir.art\/en\/wp-json\/wp\/v2\/product\/3302\/revisions\/5582"}],"wp:featuredmedia":[{"embeddable":true,"href":"https:\/\/cantir.art\/en\/wp-json\/wp\/v2\/media\/6225"}],"wp:attachment":[{"href":"https:\/\/cantir.art\/en\/wp-json\/wp\/v2\/media?parent=3302"}],"wp:term":[{"taxonomy":"product_brand","embeddable":true,"href":"https:\/\/cantir.art\/en\/wp-json\/wp\/v2\/product_brand?post=3302"},{"taxonomy":"product_cat","embeddable":true,"href":"https:\/\/cantir.art\/en\/wp-json\/wp\/v2\/product_cat?post=3302"},{"taxonomy":"product_tag","embeddable":true,"href":"https:\/\/cantir.art\/en\/wp-json\/wp\/v2\/product_tag?post=3302"}],"curies":[{"name":"wp","href":"https:\/\/api.w.org\/{rel}","templated":true}]}}