{"id":3557,"date":"2024-12-21T13:12:24","date_gmt":"2024-12-21T12:12:24","guid":{"rendered":"https:\/\/cantir.art\/?post_type=product&#038;p=3557"},"modified":"2025-09-26T18:43:35","modified_gmt":"2025-09-26T16:43:35","slug":"mala-sandalo-blanco","status":"publish","type":"product","link":"https:\/\/cantir.art\/en\/product\/mala-sandalo-blanco\/","title":{"rendered":"White sandalwood mala"},"content":{"rendered":"<div data-elementor-type=\"wp-post\" data-elementor-id=\"3557\" class=\"elementor elementor-3557\">\n\t\t\t\t<div class=\"elementor-element elementor-element-52048079 e-flex e-con-boxed e-con e-parent\" data-id=\"52048079\" data-element_type=\"container\">\n\t\t\t\t\t<div class=\"e-con-inner\">\n\t\t\t\t<div class=\"elementor-element elementor-element-14ef9cb8 elementor-widget elementor-widget-text-editor\" data-id=\"14ef9cb8\" data-element_type=\"widget\" data-widget_type=\"text-editor.default\">\n\t\t\t\t<div class=\"elementor-widget-container\">\n\t\t\t\t\t\t\t\t\t<p data-pm-slice=\"1 1 []\">The White Sandalwood Buddhist Mala is an elegant and refined choice for those looking for a unique and natural piece. Crafted in India from 8mm diameter beads, this mala stands out for its beauty and exceptional quality. White sandalwood is a precious wood distinguished by its pale cream colour with subtle golden nuances. Its dense and uniform structure allows for exceptional polishing, revealing a silky and smooth surface to the touch. In addition, its sweet and woody aroma is unmistakable, providing a unique sensory experience to those who use it.\u00a0<\/p><h4 data-pm-slice=\"1 1 []\">White sandalwood Buddhist mala<\/h4><p data-pm-slice=\"1 1 []\">White sandalwood has a fine, compact grain, giving it a smooth texture and a subtle natural shine. This combination of characteristics makes the white sandalwood Buddhist mala not only a highly aesthetic piece, but also a durable, high-quality accessory. Its production in India follows artisanal processes that guarantee authenticity and respect for tradition in every detail.<\/p><h5>C\u00c0NTIR \u2013 Buddhist and Mediterranean objects shop<\/h5><p>At C\u00c0NTIR, we offer a carefully selected range of malas in different materials and formats. In addition to the white sandalwood Buddhist mala, we have a variety of red sandalwood malas, available in different styles, both flat and round. These malas have been created for those who prefer a warm and vibrant alternative within the range of precious woods. In our shop you will find a wide range of <a href=\"https:\/\/cantir.art\/en\/product-category\/objetos\/wooden-and\/madera-malas\/\">special edition red sandalwood malas<\/a> designed by C\u00c0NTIR. This exclusive collection includes markers that make counting easier and provide a distinctive design. Each piece has been created with attention to detail, combining tradition with a contemporary aesthetic approach.<\/p><p>C\u00c0NTIR was created with the aim of integrating Buddhism into our lifestyle. It acts as a link between the Dharma, the wisdom of Buddha, and Mediterranean culture. We base ourselves on an emblematic object of the Mediterranean, used both for storage and for transport. You can find out more about C\u00c0NTIR <a href=\"https:\/\/cantir.art\/en\/cantir-is-born-from-the-intention-of-bringing-buddhism-closer-to-our-way-of-living-it-is-a-bridge-between-the-dharma-the-buddhas-teachings-and-our-culture-we-take-as-a-symbol-an-instrumen\/\"><em>here<\/em><\/a>.<\/p>\t\t\t\t\t\t\t\t<\/div>\n\t\t\t\t<\/div>\n\t\t\t\t\t<\/div>\n\t\t\t\t<\/div>\n\t\t\t\t<\/div>","protected":false},"excerpt":{"rendered":"<p>Un b\u00e1sico. <span style=\"font-weight: 400;\">Traditional 108-bead mala made from white sandalwood from India. A classic piece that stands out for its natural elegance and its characteristic aroma that transports us to its place of origin.\u00a0<\/span><\/p>\n<p><br style=\"font-weight: 400;\" \/><br style=\"font-weight: 400;\" \/><\/p>","protected":false},"featured_media":6227,"comment_status":"open","ping_status":"closed","template":"elementor_theme","meta":[],"product_brand":[],"product_cat":[145,144],"product_tag":[148,170],"class_list":{"0":"post-3557","1":"product","2":"type-product","3":"status-publish","4":"has-post-thumbnail","6":"product_cat-madera-malas","7":"product_cat-malas","8":"product_tag-mala","9":"product_tag-sandalo","11":"first","12":"instock","13":"taxable","14":"shipping-taxable","15":"purchasable","16":"product-type-simple"},"supplier_id":null,"supplier_sku":"","barcode":null,"atum_controlled":true,"out_stock_date":null,"out_stock_threshold":null,"inheritable":false,"inbound_stock":0,"stock_on_hold":0,"sold_today":0,"sales_last_days":0,"reserved_stock":0,"customer_returns":0,"warehouse_damage":0,"lost_in_post":0,"other_logs":0,"out_stock_days":0,"lost_sales":0,"has_location":false,"update_date":"2026-04-15T02:05:55","atum_locations":[],"atum_stock_status":"instock","restock_status":false,"low_stock_amount":"","sales_update_date":"2026-04-15T02:05:55","calc_backorders":null,"yoast_head":"<!-- This site is optimized with the Yoast SEO plugin v26.9 - https:\/\/yoast.com\/product\/yoast-seo-wordpress\/ -->\n<title>Mala budista de s\u00e1ndalo blanco | C\u00c0NTIR \ud83d\udcff<\/title>\n<meta name=\"description\" content=\"Mala budista de s\u00e1ndalo blanco. \u00bfConoces C\u00c0NTIR? Entra y encuentra este y otros malas hechos a mano as\u00ed como otros objetos budistas y mediterr\u00e1neos.\" \/>\n<meta name=\"robots\" content=\"index, follow, max-snippet:-1, max-image-preview:large, max-video-preview:-1\" \/>\n<link rel=\"canonical\" href=\"https:\/\/cantir.art\/en\/product\/mala-sandalo-blanco\/\" \/>\n<meta property=\"og:locale\" content=\"en_GB\" \/>\n<meta property=\"og:type\" content=\"article\" \/>\n<meta property=\"og:title\" content=\"Mala budista de s\u00e1ndalo blanco | C\u00c0NTIR \ud83d\udcff\" \/>\n<meta property=\"og:description\" content=\"Mala budista de s\u00e1ndalo blanco. \u00bfConoces C\u00c0NTIR? Entra y encuentra este y otros malas hechos a mano as\u00ed como otros objetos budistas y mediterr\u00e1neos.\" \/>\n<meta property=\"og:url\" content=\"https:\/\/cantir.art\/en\/product\/mala-sandalo-blanco\/\" \/>\n<meta property=\"og:site_name\" content=\"C\u00e0ntir\" \/>\n<meta property=\"article:modified_time\" content=\"2025-09-26T16:43:35+00:00\" \/>\n<meta property=\"og:image\" content=\"https:\/\/cantir.art\/wp-content\/uploads\/2025\/09\/SANDALO-BLANCO-A-scaled-2.jpg\" \/>\n\t<meta property=\"og:image:width\" content=\"1922\" \/>\n\t<meta property=\"og:image:height\" content=\"2560\" \/>\n\t<meta property=\"og:image:type\" content=\"image\/jpeg\" \/>\n<meta name=\"twitter:card\" content=\"summary_large_image\" \/>\n<meta name=\"twitter:label1\" content=\"Estimated reading time\" \/>\n\t<meta name=\"twitter:data1\" content=\"2 minutes\" \/>\n<script type=\"application\/ld+json\" class=\"yoast-schema-graph\">{\"@context\":\"https:\/\/schema.org\",\"@graph\":[{\"@type\":\"WebPage\",\"@id\":\"https:\/\/cantir.art\/producto\/mala-sandalo-blanco\/\",\"url\":\"https:\/\/cantir.art\/producto\/mala-sandalo-blanco\/\",\"name\":\"Mala budista de s\u00e1ndalo blanco | C\u00c0NTIR \ud83d\udcff\",\"isPartOf\":{\"@id\":\"https:\/\/cantir.art\/#website\"},\"primaryImageOfPage\":{\"@id\":\"https:\/\/cantir.art\/producto\/mala-sandalo-blanco\/#primaryimage\"},\"image\":{\"@id\":\"https:\/\/cantir.art\/producto\/mala-sandalo-blanco\/#primaryimage\"},\"thumbnailUrl\":\"https:\/\/i0.wp.com\/cantir.art\/wp-content\/uploads\/2025\/09\/SANDALO-BLANCO-A-scaled-2.jpg?fit=1922%2C2560&ssl=1\",\"datePublished\":\"2024-12-21T12:12:24+00:00\",\"dateModified\":\"2025-09-26T16:43:35+00:00\",\"description\":\"Mala budista de s\u00e1ndalo blanco. \u00bfConoces C\u00c0NTIR? Entra y encuentra este y otros malas hechos a mano as\u00ed como otros objetos budistas y mediterr\u00e1neos.\",\"breadcrumb\":{\"@id\":\"https:\/\/cantir.art\/producto\/mala-sandalo-blanco\/#breadcrumb\"},\"inLanguage\":\"en-GB\",\"potentialAction\":[{\"@type\":\"ReadAction\",\"target\":[\"https:\/\/cantir.art\/producto\/mala-sandalo-blanco\/\"]}]},{\"@type\":\"ImageObject\",\"inLanguage\":\"en-GB\",\"@id\":\"https:\/\/cantir.art\/producto\/mala-sandalo-blanco\/#primaryimage\",\"url\":\"https:\/\/i0.wp.com\/cantir.art\/wp-content\/uploads\/2025\/09\/SANDALO-BLANCO-A-scaled-2.jpg?fit=1922%2C2560&ssl=1\",\"contentUrl\":\"https:\/\/i0.wp.com\/cantir.art\/wp-content\/uploads\/2025\/09\/SANDALO-BLANCO-A-scaled-2.jpg?fit=1922%2C2560&ssl=1\",\"width\":1922,\"height\":2560},{\"@type\":\"BreadcrumbList\",\"@id\":\"https:\/\/cantir.art\/producto\/mala-sandalo-blanco\/#breadcrumb\",\"itemListElement\":[{\"@type\":\"ListItem\",\"position\":1,\"name\":\"Portada\",\"item\":\"https:\/\/cantir.art\/\"},{\"@type\":\"ListItem\",\"position\":2,\"name\":\"NEW Tienda\",\"item\":\"https:\/\/cantir.art\/en\/new-tienda\/\"},{\"@type\":\"ListItem\",\"position\":3,\"name\":\"Mala de s\u00e1ndalo blanco\"}]},{\"@type\":\"WebSite\",\"@id\":\"https:\/\/cantir.art\/#website\",\"url\":\"https:\/\/cantir.art\/\",\"name\":\"C\u00e0ntir\",\"description\":\"Simbolismo budista y est\u00e9tica mediterr\u00e1nea en objetos que conectan pr\u00e1ctica y cotidianidad\",\"publisher\":{\"@id\":\"https:\/\/cantir.art\/#organization\"},\"potentialAction\":[{\"@type\":\"SearchAction\",\"target\":{\"@type\":\"EntryPoint\",\"urlTemplate\":\"https:\/\/cantir.art\/?s={search_term_string}\"},\"query-input\":{\"@type\":\"PropertyValueSpecification\",\"valueRequired\":true,\"valueName\":\"search_term_string\"}}],\"inLanguage\":\"en-GB\"},{\"@type\":\"Organization\",\"@id\":\"https:\/\/cantir.art\/#organization\",\"name\":\"C\u00e0ntir\",\"url\":\"https:\/\/cantir.art\/\",\"logo\":{\"@type\":\"ImageObject\",\"inLanguage\":\"en-GB\",\"@id\":\"https:\/\/cantir.art\/#\/schema\/logo\/image\/\",\"url\":\"https:\/\/i0.wp.com\/cantir.art\/wp-content\/uploads\/2025\/01\/cantir-10.png?fit=2551%2C1060&ssl=1\",\"contentUrl\":\"https:\/\/i0.wp.com\/cantir.art\/wp-content\/uploads\/2025\/01\/cantir-10.png?fit=2551%2C1060&ssl=1\",\"width\":2551,\"height\":1060,\"caption\":\"C\u00e0ntir\"},\"image\":{\"@id\":\"https:\/\/cantir.art\/#\/schema\/logo\/image\/\"}}]}<\/script>\n<!-- \/ Yoast SEO plugin. -->","yoast_head_json":{"title":"Mala budista de s\u00e1ndalo blanco | C\u00c0NTIR \ud83d\udcff","description":"Mala budista de s\u00e1ndalo blanco. \u00bfConoces C\u00c0NTIR? Entra y encuentra este y otros malas hechos a mano as\u00ed como otros objetos budistas y mediterr\u00e1neos.","robots":{"index":"index","follow":"follow","max-snippet":"max-snippet:-1","max-image-preview":"max-image-preview:large","max-video-preview":"max-video-preview:-1"},"canonical":"https:\/\/cantir.art\/en\/product\/mala-sandalo-blanco\/","og_locale":"en_GB","og_type":"article","og_title":"Mala budista de s\u00e1ndalo blanco | C\u00c0NTIR \ud83d\udcff","og_description":"Mala budista de s\u00e1ndalo blanco. \u00bfConoces C\u00c0NTIR? Entra y encuentra este y otros malas hechos a mano as\u00ed como otros objetos budistas y mediterr\u00e1neos.","og_url":"https:\/\/cantir.art\/en\/product\/mala-sandalo-blanco\/","og_site_name":"C\u00e0ntir","article_modified_time":"2025-09-26T16:43:35+00:00","og_image":[{"width":1922,"height":2560,"url":"https:\/\/cantir.art\/wp-content\/uploads\/2025\/09\/SANDALO-BLANCO-A-scaled-2.jpg","type":"image\/jpeg"}],"twitter_card":"summary_large_image","twitter_misc":{"Estimated reading time":"2 minutes"},"schema":{"@context":"https:\/\/schema.org","@graph":[{"@type":"WebPage","@id":"https:\/\/cantir.art\/producto\/mala-sandalo-blanco\/","url":"https:\/\/cantir.art\/producto\/mala-sandalo-blanco\/","name":"Mala budista de s\u00e1ndalo blanco | C\u00c0NTIR \ud83d\udcff","isPartOf":{"@id":"https:\/\/cantir.art\/#website"},"primaryImageOfPage":{"@id":"https:\/\/cantir.art\/producto\/mala-sandalo-blanco\/#primaryimage"},"image":{"@id":"https:\/\/cantir.art\/producto\/mala-sandalo-blanco\/#primaryimage"},"thumbnailUrl":"https:\/\/i0.wp.com\/cantir.art\/wp-content\/uploads\/2025\/09\/SANDALO-BLANCO-A-scaled-2.jpg?fit=1922%2C2560&ssl=1","datePublished":"2024-12-21T12:12:24+00:00","dateModified":"2025-09-26T16:43:35+00:00","description":"Mala budista de s\u00e1ndalo blanco. \u00bfConoces C\u00c0NTIR? Entra y encuentra este y otros malas hechos a mano as\u00ed como otros objetos budistas y mediterr\u00e1neos.","breadcrumb":{"@id":"https:\/\/cantir.art\/producto\/mala-sandalo-blanco\/#breadcrumb"},"inLanguage":"en-GB","potentialAction":[{"@type":"ReadAction","target":["https:\/\/cantir.art\/producto\/mala-sandalo-blanco\/"]}]},{"@type":"ImageObject","inLanguage":"en-GB","@id":"https:\/\/cantir.art\/producto\/mala-sandalo-blanco\/#primaryimage","url":"https:\/\/i0.wp.com\/cantir.art\/wp-content\/uploads\/2025\/09\/SANDALO-BLANCO-A-scaled-2.jpg?fit=1922%2C2560&ssl=1","contentUrl":"https:\/\/i0.wp.com\/cantir.art\/wp-content\/uploads\/2025\/09\/SANDALO-BLANCO-A-scaled-2.jpg?fit=1922%2C2560&ssl=1","width":1922,"height":2560},{"@type":"BreadcrumbList","@id":"https:\/\/cantir.art\/producto\/mala-sandalo-blanco\/#breadcrumb","itemListElement":[{"@type":"ListItem","position":1,"name":"Portada","item":"https:\/\/cantir.art\/"},{"@type":"ListItem","position":2,"name":"NEW Tienda","item":"https:\/\/cantir.art\/en\/new-tienda\/"},{"@type":"ListItem","position":3,"name":"Mala de s\u00e1ndalo blanco"}]},{"@type":"WebSite","@id":"https:\/\/cantir.art\/#website","url":"https:\/\/cantir.art\/","name":"C\u00e0ntir","description":"Buddhist symbolism and Mediterranean aesthetics in objects that connect practice with everyday life","publisher":{"@id":"https:\/\/cantir.art\/#organization"},"potentialAction":[{"@type":"SearchAction","target":{"@type":"EntryPoint","urlTemplate":"https:\/\/cantir.art\/?s={search_term_string}"},"query-input":{"@type":"PropertyValueSpecification","valueRequired":true,"valueName":"search_term_string"}}],"inLanguage":"en-GB"},{"@type":"Organization","@id":"https:\/\/cantir.art\/#organization","name":"C\u00e0ntir","url":"https:\/\/cantir.art\/","logo":{"@type":"ImageObject","inLanguage":"en-GB","@id":"https:\/\/cantir.art\/#\/schema\/logo\/image\/","url":"https:\/\/i0.wp.com\/cantir.art\/wp-content\/uploads\/2025\/01\/cantir-10.png?fit=2551%2C1060&ssl=1","contentUrl":"https:\/\/i0.wp.com\/cantir.art\/wp-content\/uploads\/2025\/01\/cantir-10.png?fit=2551%2C1060&ssl=1","width":2551,"height":1060,"caption":"C\u00e0ntir"},"image":{"@id":"https:\/\/cantir.art\/#\/schema\/logo\/image\/"}}]}},"jetpack_sharing_enabled":true,"_links":{"self":[{"href":"https:\/\/cantir.art\/en\/wp-json\/wp\/v2\/product\/3557","targetHints":{"allow":["GET"]}}],"collection":[{"href":"https:\/\/cantir.art\/en\/wp-json\/wp\/v2\/product"}],"about":[{"href":"https:\/\/cantir.art\/en\/wp-json\/wp\/v2\/types\/product"}],"replies":[{"embeddable":true,"href":"https:\/\/cantir.art\/en\/wp-json\/wp\/v2\/comments?post=3557"}],"version-history":[{"count":18,"href":"https:\/\/cantir.art\/en\/wp-json\/wp\/v2\/product\/3557\/revisions"}],"predecessor-version":[{"id":5596,"href":"https:\/\/cantir.art\/en\/wp-json\/wp\/v2\/product\/3557\/revisions\/5596"}],"wp:featuredmedia":[{"embeddable":true,"href":"https:\/\/cantir.art\/en\/wp-json\/wp\/v2\/media\/6227"}],"wp:attachment":[{"href":"https:\/\/cantir.art\/en\/wp-json\/wp\/v2\/media?parent=3557"}],"wp:term":[{"taxonomy":"product_brand","embeddable":true,"href":"https:\/\/cantir.art\/en\/wp-json\/wp\/v2\/product_brand?post=3557"},{"taxonomy":"product_cat","embeddable":true,"href":"https:\/\/cantir.art\/en\/wp-json\/wp\/v2\/product_cat?post=3557"},{"taxonomy":"product_tag","embeddable":true,"href":"https:\/\/cantir.art\/en\/wp-json\/wp\/v2\/product_tag?post=3557"}],"curies":[{"name":"wp","href":"https:\/\/api.w.org\/{rel}","templated":true}]}}