{"id":3566,"date":"2024-12-21T13:33:33","date_gmt":"2024-12-21T12:33:33","guid":{"rendered":"https:\/\/cantir.art\/?post_type=product&#038;p=3566"},"modified":"2025-09-26T18:38:24","modified_gmt":"2025-09-26T16:38:24","slug":"mala-sandalo-rojo-marcadores","status":"publish","type":"product","link":"https:\/\/cantir.art\/en\/product\/mala-sandalo-rojo-marcadores\/","title":{"rendered":"Sandalwood Red Mala with Markers"},"content":{"rendered":"<div data-elementor-type=\"wp-post\" data-elementor-id=\"3566\" class=\"elementor elementor-3566\">\n\t\t\t\t<div class=\"elementor-element elementor-element-52048079 e-flex e-con-boxed e-con e-parent\" data-id=\"52048079\" data-element_type=\"container\">\n\t\t\t\t\t<div class=\"e-con-inner\">\n\t\t\t\t<div class=\"elementor-element elementor-element-14ef9cb8 elementor-widget elementor-widget-text-editor\" data-id=\"14ef9cb8\" data-element_type=\"widget\" data-widget_type=\"text-editor.default\">\n\t\t\t\t<div class=\"elementor-widget-container\">\n\t\t\t\t\t\t\t\t\t<p data-start=\"0\" data-end=\"70\"><strong data-start=\"0\" data-end=\"68\">Red Sandalwood Mala with Markers - Special Edition by C\u00c0NTIR<\/strong><\/p>\n<p data-start=\"72\" data-end=\"511\">The <em data-start=\"75\" data-end=\"112\">Sandalwood Red Mala with Markers<\/em> is an exclusive piece designed by <strong data-start=\"149\" data-end=\"159\"><a href=\"https:\/\/cantir.art\/en\/\">C\u00c0NTIR<\/a>.<\/strong>&nbsp;It is created for those who are looking for a meditation supplement with symbolism and beauty. It is made with red sandalwood from India. It stands out for its deep shade, varying from deep reddish to purplish-brown hues. Its smooth and polished texture, together with its natural aroma, make it a special accessory for spiritual practice.<\/p>\n<p data-start=\"513\" data-end=\"864\">This special edition incorporates <em data-start=\"545\" data-end=\"572\">moss agate markers<\/em> and <em data-start=\"575\" data-end=\"597\">silver separators<\/em> on beads 21 and 54. This facilitates the recitation of mantras and adds a certain balance and elegance to the design. The moss agate, with its natural veins, connects us to the earth. The silver adds a touch of luminosity and refinement to the whole.<\/p>\n<p data-start=\"866\" data-end=\"1158\">Red sandalwood is a hardwood prized for its strength and weight, which gives it a feeling of solidity in every bead. Its fine, satiny grain improves with age. That is why the <em data-start=\"1062\" data-end=\"1099\">Sandalwood Red Mala with Markers<\/em> will be a practice companion that will age gracefully.<\/p>\n<p data-start=\"0\" data-end=\"397\">At <strong data-start=\"3\" data-end=\"13\">C\u00c0NTIR<\/strong>We combine the richness of Buddhist tradition with carefully selected design to offer objects that integrate spirituality into everyday life. We believe that every element around us can be a source of inspiration and connection to our practice. That is why we choose pieces with meaning, made with good quality materials and a deep respect for their symbolism.<\/p>\n<p data-start=\"399\" data-end=\"867\">Our collection ranges from <em data-start=\"430\" data-end=\"437\">wooden malas<\/em> from <a href=\"https:\/\/cantir.art\/en\/product-category\/objetos\/wooden-and\/madera-malas\/\">wood<\/a>, <a href=\"https:\/\/cantir.art\/en\/product-category\/objetos\/wooden-and\/minerales\/\">stone<\/a>to <a href=\"https:\/\/cantir.art\/en\/product-category\/statues\/\"><em data-start=\"491\" data-end=\"501\">statues<\/em><\/a> of Buddha and protective figures that convey serenity and presence. We also offer <a href=\"https:\/\/cantir.art\/en\/product-category\/objetos\/\"><em data-start=\"588\" data-end=\"606\">ritual objects<\/em><\/a> as instruments, bowls for making offerings. As well as accessories used in meditation and Buddhist practice. In addition, we have a carefully selected range of <a href=\"https:\/\/cantir.art\/en\/product-category\/libros\/\"><em data-start=\"751\" data-end=\"770\">books on Buddhism<\/em><\/a> which explore everything from philosophical teachings to practical guides to deepening the Dharma.<\/p>\n<p data-start=\"869\" data-end=\"1062\" data-is-last-node=\"\">Each article in <strong data-start=\"886\" data-end=\"896\">C\u00c0NTIR<\/strong> has been lovingly chosen to bring beauty, inspiration and depth to the lives of those seeking to cultivate a more conscious connection to their spiritual path.<\/p>\n<h4 data-start=\"1447\" data-end=\"1561\">Discover this <em data-start=\"1461\" data-end=\"1489\">Special Edition of C\u00c0NTIR<\/em> and explore other objects of meaning in our shop <a href=\"https:\/\/cantir.art\/en\/tienda-budista\/\">here<\/a>.<\/h4>\t\t\t\t\t\t\t\t<\/div>\n\t\t\t\t<\/div>\n\t\t\t\t\t<\/div>\n\t\t\t\t<\/div>\n\t\t\t\t<\/div>","protected":false},"excerpt":{"rendered":"<p>Red sandalwood mala from India. It is specially designed for Cantir and has moss agate markers and silver spacers on beads 21 and 54.<\/p>","protected":false},"featured_media":6230,"comment_status":"open","ping_status":"closed","template":"elementor_theme","meta":[],"product_brand":[],"product_cat":[145,144],"product_tag":[148,170],"class_list":{"0":"post-3566","1":"product","2":"type-product","3":"status-publish","4":"has-post-thumbnail","6":"product_cat-madera-malas","7":"product_cat-malas","8":"product_tag-mala","9":"product_tag-sandalo","11":"first","12":"instock","13":"taxable","14":"shipping-taxable","15":"purchasable","16":"product-type-simple"},"supplier_id":null,"supplier_sku":"","barcode":null,"atum_controlled":true,"out_stock_date":null,"out_stock_threshold":null,"inheritable":false,"inbound_stock":0,"stock_on_hold":0,"sold_today":0,"sales_last_days":0,"reserved_stock":0,"customer_returns":0,"warehouse_damage":0,"lost_in_post":0,"other_logs":0,"out_stock_days":0,"lost_sales":0,"has_location":false,"update_date":"2026-04-14T02:05:41","atum_locations":[],"atum_stock_status":"instock","restock_status":false,"low_stock_amount":"","sales_update_date":"2026-04-14T02:05:41","calc_backorders":null,"yoast_head":"<!-- This site is optimized with the Yoast SEO plugin v26.9 - https:\/\/yoast.com\/product\/yoast-seo-wordpress\/ -->\n<title>Mala de s\u00e1ndalo edici\u00f3n especial | C\u00c0NTIR \ud83d\udcff<\/title>\n<meta name=\"description\" content=\"Descubre nuestro mala de s\u00e1ndalo edici\u00f3n especial en C\u00c0NTIR, tu tienda de objetos budistas y mediterr\u00e1neos de Casa Virupa.\" \/>\n<meta name=\"robots\" content=\"index, follow, max-snippet:-1, max-image-preview:large, max-video-preview:-1\" \/>\n<link rel=\"canonical\" href=\"https:\/\/cantir.art\/en\/product\/mala-sandalo-rojo-marcadores\/\" \/>\n<meta property=\"og:locale\" content=\"en_GB\" \/>\n<meta property=\"og:type\" content=\"article\" \/>\n<meta property=\"og:title\" content=\"Mala de s\u00e1ndalo edici\u00f3n especial | C\u00c0NTIR \ud83d\udcff\" \/>\n<meta property=\"og:description\" content=\"Descubre nuestro mala de s\u00e1ndalo edici\u00f3n especial en C\u00c0NTIR, tu tienda de objetos budistas y mediterr\u00e1neos de Casa Virupa.\" \/>\n<meta property=\"og:url\" content=\"https:\/\/cantir.art\/en\/product\/mala-sandalo-rojo-marcadores\/\" \/>\n<meta property=\"og:site_name\" content=\"C\u00e0ntir\" \/>\n<meta property=\"article:modified_time\" content=\"2025-09-26T16:38:24+00:00\" \/>\n<meta property=\"og:image\" content=\"https:\/\/cantir.art\/wp-content\/uploads\/2025\/09\/SANDALO-ROJO-CON-SEPARADORES-DE-GASPE-Y-PLATA-A-scaled-2.jpg\" \/>\n\t<meta property=\"og:image:width\" content=\"1922\" \/>\n\t<meta property=\"og:image:height\" content=\"2560\" \/>\n\t<meta property=\"og:image:type\" content=\"image\/jpeg\" \/>\n<meta name=\"twitter:card\" content=\"summary_large_image\" \/>\n<meta name=\"twitter:label1\" content=\"Estimated reading time\" \/>\n\t<meta name=\"twitter:data1\" content=\"2 minutes\" \/>\n<script type=\"application\/ld+json\" class=\"yoast-schema-graph\">{\"@context\":\"https:\/\/schema.org\",\"@graph\":[{\"@type\":\"WebPage\",\"@id\":\"https:\/\/cantir.art\/producto\/mala-sandalo-rojo-marcadores\/\",\"url\":\"https:\/\/cantir.art\/producto\/mala-sandalo-rojo-marcadores\/\",\"name\":\"Mala de s\u00e1ndalo edici\u00f3n especial | C\u00c0NTIR \ud83d\udcff\",\"isPartOf\":{\"@id\":\"https:\/\/cantir.art\/#website\"},\"primaryImageOfPage\":{\"@id\":\"https:\/\/cantir.art\/producto\/mala-sandalo-rojo-marcadores\/#primaryimage\"},\"image\":{\"@id\":\"https:\/\/cantir.art\/producto\/mala-sandalo-rojo-marcadores\/#primaryimage\"},\"thumbnailUrl\":\"https:\/\/i0.wp.com\/cantir.art\/wp-content\/uploads\/2025\/09\/SANDALO-ROJO-CON-SEPARADORES-DE-GASPE-Y-PLATA-A-scaled-2.jpg?fit=1922%2C2560&ssl=1\",\"datePublished\":\"2024-12-21T12:33:33+00:00\",\"dateModified\":\"2025-09-26T16:38:24+00:00\",\"description\":\"Descubre nuestro mala de s\u00e1ndalo edici\u00f3n especial en C\u00c0NTIR, tu tienda de objetos budistas y mediterr\u00e1neos de Casa Virupa.\",\"breadcrumb\":{\"@id\":\"https:\/\/cantir.art\/producto\/mala-sandalo-rojo-marcadores\/#breadcrumb\"},\"inLanguage\":\"en-GB\",\"potentialAction\":[{\"@type\":\"ReadAction\",\"target\":[\"https:\/\/cantir.art\/producto\/mala-sandalo-rojo-marcadores\/\"]}]},{\"@type\":\"ImageObject\",\"inLanguage\":\"en-GB\",\"@id\":\"https:\/\/cantir.art\/producto\/mala-sandalo-rojo-marcadores\/#primaryimage\",\"url\":\"https:\/\/i0.wp.com\/cantir.art\/wp-content\/uploads\/2025\/09\/SANDALO-ROJO-CON-SEPARADORES-DE-GASPE-Y-PLATA-A-scaled-2.jpg?fit=1922%2C2560&ssl=1\",\"contentUrl\":\"https:\/\/i0.wp.com\/cantir.art\/wp-content\/uploads\/2025\/09\/SANDALO-ROJO-CON-SEPARADORES-DE-GASPE-Y-PLATA-A-scaled-2.jpg?fit=1922%2C2560&ssl=1\",\"width\":1922,\"height\":2560},{\"@type\":\"BreadcrumbList\",\"@id\":\"https:\/\/cantir.art\/producto\/mala-sandalo-rojo-marcadores\/#breadcrumb\",\"itemListElement\":[{\"@type\":\"ListItem\",\"position\":1,\"name\":\"Portada\",\"item\":\"https:\/\/cantir.art\/\"},{\"@type\":\"ListItem\",\"position\":2,\"name\":\"NEW Tienda\",\"item\":\"https:\/\/cantir.art\/en\/new-tienda\/\"},{\"@type\":\"ListItem\",\"position\":3,\"name\":\"Mala de S\u00e1ndalo Rojo con Marcadores\"}]},{\"@type\":\"WebSite\",\"@id\":\"https:\/\/cantir.art\/#website\",\"url\":\"https:\/\/cantir.art\/\",\"name\":\"C\u00e0ntir\",\"description\":\"Simbolismo budista y est\u00e9tica mediterr\u00e1nea en objetos que conectan pr\u00e1ctica y cotidianidad\",\"publisher\":{\"@id\":\"https:\/\/cantir.art\/#organization\"},\"potentialAction\":[{\"@type\":\"SearchAction\",\"target\":{\"@type\":\"EntryPoint\",\"urlTemplate\":\"https:\/\/cantir.art\/?s={search_term_string}\"},\"query-input\":{\"@type\":\"PropertyValueSpecification\",\"valueRequired\":true,\"valueName\":\"search_term_string\"}}],\"inLanguage\":\"en-GB\"},{\"@type\":\"Organization\",\"@id\":\"https:\/\/cantir.art\/#organization\",\"name\":\"C\u00e0ntir\",\"url\":\"https:\/\/cantir.art\/\",\"logo\":{\"@type\":\"ImageObject\",\"inLanguage\":\"en-GB\",\"@id\":\"https:\/\/cantir.art\/#\/schema\/logo\/image\/\",\"url\":\"https:\/\/i0.wp.com\/cantir.art\/wp-content\/uploads\/2025\/01\/cantir-10.png?fit=2551%2C1060&ssl=1\",\"contentUrl\":\"https:\/\/i0.wp.com\/cantir.art\/wp-content\/uploads\/2025\/01\/cantir-10.png?fit=2551%2C1060&ssl=1\",\"width\":2551,\"height\":1060,\"caption\":\"C\u00e0ntir\"},\"image\":{\"@id\":\"https:\/\/cantir.art\/#\/schema\/logo\/image\/\"}}]}<\/script>\n<!-- \/ Yoast SEO plugin. -->","yoast_head_json":{"title":"Mala de s\u00e1ndalo edici\u00f3n especial | C\u00c0NTIR \ud83d\udcff","description":"Descubre nuestro mala de s\u00e1ndalo edici\u00f3n especial en C\u00c0NTIR, tu tienda de objetos budistas y mediterr\u00e1neos de Casa Virupa.","robots":{"index":"index","follow":"follow","max-snippet":"max-snippet:-1","max-image-preview":"max-image-preview:large","max-video-preview":"max-video-preview:-1"},"canonical":"https:\/\/cantir.art\/en\/product\/mala-sandalo-rojo-marcadores\/","og_locale":"en_GB","og_type":"article","og_title":"Mala de s\u00e1ndalo edici\u00f3n especial | C\u00c0NTIR \ud83d\udcff","og_description":"Descubre nuestro mala de s\u00e1ndalo edici\u00f3n especial en C\u00c0NTIR, tu tienda de objetos budistas y mediterr\u00e1neos de Casa Virupa.","og_url":"https:\/\/cantir.art\/en\/product\/mala-sandalo-rojo-marcadores\/","og_site_name":"C\u00e0ntir","article_modified_time":"2025-09-26T16:38:24+00:00","og_image":[{"width":1922,"height":2560,"url":"https:\/\/cantir.art\/wp-content\/uploads\/2025\/09\/SANDALO-ROJO-CON-SEPARADORES-DE-GASPE-Y-PLATA-A-scaled-2.jpg","type":"image\/jpeg"}],"twitter_card":"summary_large_image","twitter_misc":{"Estimated reading time":"2 minutes"},"schema":{"@context":"https:\/\/schema.org","@graph":[{"@type":"WebPage","@id":"https:\/\/cantir.art\/producto\/mala-sandalo-rojo-marcadores\/","url":"https:\/\/cantir.art\/producto\/mala-sandalo-rojo-marcadores\/","name":"Mala de s\u00e1ndalo edici\u00f3n especial | C\u00c0NTIR \ud83d\udcff","isPartOf":{"@id":"https:\/\/cantir.art\/#website"},"primaryImageOfPage":{"@id":"https:\/\/cantir.art\/producto\/mala-sandalo-rojo-marcadores\/#primaryimage"},"image":{"@id":"https:\/\/cantir.art\/producto\/mala-sandalo-rojo-marcadores\/#primaryimage"},"thumbnailUrl":"https:\/\/i0.wp.com\/cantir.art\/wp-content\/uploads\/2025\/09\/SANDALO-ROJO-CON-SEPARADORES-DE-GASPE-Y-PLATA-A-scaled-2.jpg?fit=1922%2C2560&ssl=1","datePublished":"2024-12-21T12:33:33+00:00","dateModified":"2025-09-26T16:38:24+00:00","description":"Descubre nuestro mala de s\u00e1ndalo edici\u00f3n especial en C\u00c0NTIR, tu tienda de objetos budistas y mediterr\u00e1neos de Casa Virupa.","breadcrumb":{"@id":"https:\/\/cantir.art\/producto\/mala-sandalo-rojo-marcadores\/#breadcrumb"},"inLanguage":"en-GB","potentialAction":[{"@type":"ReadAction","target":["https:\/\/cantir.art\/producto\/mala-sandalo-rojo-marcadores\/"]}]},{"@type":"ImageObject","inLanguage":"en-GB","@id":"https:\/\/cantir.art\/producto\/mala-sandalo-rojo-marcadores\/#primaryimage","url":"https:\/\/i0.wp.com\/cantir.art\/wp-content\/uploads\/2025\/09\/SANDALO-ROJO-CON-SEPARADORES-DE-GASPE-Y-PLATA-A-scaled-2.jpg?fit=1922%2C2560&ssl=1","contentUrl":"https:\/\/i0.wp.com\/cantir.art\/wp-content\/uploads\/2025\/09\/SANDALO-ROJO-CON-SEPARADORES-DE-GASPE-Y-PLATA-A-scaled-2.jpg?fit=1922%2C2560&ssl=1","width":1922,"height":2560},{"@type":"BreadcrumbList","@id":"https:\/\/cantir.art\/producto\/mala-sandalo-rojo-marcadores\/#breadcrumb","itemListElement":[{"@type":"ListItem","position":1,"name":"Portada","item":"https:\/\/cantir.art\/"},{"@type":"ListItem","position":2,"name":"NEW Tienda","item":"https:\/\/cantir.art\/en\/new-tienda\/"},{"@type":"ListItem","position":3,"name":"Mala de S\u00e1ndalo Rojo con Marcadores"}]},{"@type":"WebSite","@id":"https:\/\/cantir.art\/#website","url":"https:\/\/cantir.art\/","name":"C\u00e0ntir","description":"Buddhist symbolism and Mediterranean aesthetics in objects that connect practice with everyday life","publisher":{"@id":"https:\/\/cantir.art\/#organization"},"potentialAction":[{"@type":"SearchAction","target":{"@type":"EntryPoint","urlTemplate":"https:\/\/cantir.art\/?s={search_term_string}"},"query-input":{"@type":"PropertyValueSpecification","valueRequired":true,"valueName":"search_term_string"}}],"inLanguage":"en-GB"},{"@type":"Organization","@id":"https:\/\/cantir.art\/#organization","name":"C\u00e0ntir","url":"https:\/\/cantir.art\/","logo":{"@type":"ImageObject","inLanguage":"en-GB","@id":"https:\/\/cantir.art\/#\/schema\/logo\/image\/","url":"https:\/\/i0.wp.com\/cantir.art\/wp-content\/uploads\/2025\/01\/cantir-10.png?fit=2551%2C1060&ssl=1","contentUrl":"https:\/\/i0.wp.com\/cantir.art\/wp-content\/uploads\/2025\/01\/cantir-10.png?fit=2551%2C1060&ssl=1","width":2551,"height":1060,"caption":"C\u00e0ntir"},"image":{"@id":"https:\/\/cantir.art\/#\/schema\/logo\/image\/"}}]}},"jetpack_sharing_enabled":true,"_links":{"self":[{"href":"https:\/\/cantir.art\/en\/wp-json\/wp\/v2\/product\/3566","targetHints":{"allow":["GET"]}}],"collection":[{"href":"https:\/\/cantir.art\/en\/wp-json\/wp\/v2\/product"}],"about":[{"href":"https:\/\/cantir.art\/en\/wp-json\/wp\/v2\/types\/product"}],"replies":[{"embeddable":true,"href":"https:\/\/cantir.art\/en\/wp-json\/wp\/v2\/comments?post=3566"}],"version-history":[{"count":18,"href":"https:\/\/cantir.art\/en\/wp-json\/wp\/v2\/product\/3566\/revisions"}],"predecessor-version":[{"id":5718,"href":"https:\/\/cantir.art\/en\/wp-json\/wp\/v2\/product\/3566\/revisions\/5718"}],"wp:featuredmedia":[{"embeddable":true,"href":"https:\/\/cantir.art\/en\/wp-json\/wp\/v2\/media\/6230"}],"wp:attachment":[{"href":"https:\/\/cantir.art\/en\/wp-json\/wp\/v2\/media?parent=3566"}],"wp:term":[{"taxonomy":"product_brand","embeddable":true,"href":"https:\/\/cantir.art\/en\/wp-json\/wp\/v2\/product_brand?post=3566"},{"taxonomy":"product_cat","embeddable":true,"href":"https:\/\/cantir.art\/en\/wp-json\/wp\/v2\/product_cat?post=3566"},{"taxonomy":"product_tag","embeddable":true,"href":"https:\/\/cantir.art\/en\/wp-json\/wp\/v2\/product_tag?post=3566"}],"curies":[{"name":"wp","href":"https:\/\/api.w.org\/{rel}","templated":true}]}}