{"id":3571,"date":"2024-12-21T13:53:04","date_gmt":"2024-12-21T12:53:04","guid":{"rendered":"https:\/\/cantir.art\/?post_type=product&#038;p=3571"},"modified":"2025-11-30T09:53:17","modified_gmt":"2025-11-30T08:53:17","slug":"mala-de-sandalo-rojo-plano-marcadores","status":"publish","type":"product","link":"https:\/\/cantir.art\/en\/product\/mala-de-sandalo-rojo-plano-marcadores\/","title":{"rendered":"Flat Red Sandalwood Mala with Markers"},"content":{"rendered":"<div data-elementor-type=\"wp-post\" data-elementor-id=\"3571\" class=\"elementor elementor-3571\">\n\t\t\t\t<div class=\"elementor-element elementor-element-52048079 e-flex e-con-boxed e-con e-parent\" data-id=\"52048079\" data-element_type=\"container\">\n\t\t\t\t\t<div class=\"e-con-inner\">\n\t\t\t\t<div class=\"elementor-element elementor-element-14ef9cb8 elementor-widget elementor-widget-text-editor\" data-id=\"14ef9cb8\" data-element_type=\"widget\" data-widget_type=\"text-editor.default\">\n\t\t\t\t<div class=\"elementor-widget-container\">\n\t\t\t\t\t\t\t\t\t<h3 data-start=\"0\" data-end=\"68\"><strong data-start=\"0\" data-end=\"68\">Red Sandalwood Mala with Markers - Special Edition by C\u00c0NTIR<\/strong><\/h3><p data-start=\"70\" data-end=\"474\">The <em data-start=\"73\" data-end=\"110\">Sandalwood Red Mala with Markers<\/em> C\u00c0NTIR is a unique piece. It is designed for those who wish to integrate meditation and symbolism into their daily lives. Made of red sandalwood from India, this mala stands out for its rich hue that ranges from deep reddish tones to brown hues. It has a texture\u00a0<span style=\"text-align: var(--text-align); font-size: 1.125rem;\">suave\u00a0<\/span><span style=\"text-align: var(--text-align); font-size: 1.125rem;\">que hace que sea muy agradable pasar sus cuentas.<\/span><\/p><p data-start=\"476\" data-end=\"906\">The\u00a0<em data-start=\"481\" data-end=\"518\">Sandalwood Red Mala with Markers<\/em> has been carefully designed to include exclusive details. These include moss agate markers and silver spacers on beads 21 and 54. These facilitate the recitation of mantras. The moss agate, with its natural veins, symbolises grounding and stability, while the silver spacers add a touch of elegance and luminosity.<\/p><p data-start=\"908\" data-end=\"1224\">Red sandalwood is known for its durability and firm weight, giving a solid feel to each bead. As time passes, the fine, satiny grain of the wood improves, making this <em data-start=\"1132\" data-end=\"1169\">Sandalwood Red Mala with Markers<\/em> en un accesorio de meditaci\u00f3n que envejece con gracia.<\/p><h5 data-start=\"908\" data-end=\"1224\">C\u00c0NTIR, a Buddhist shop with Mediterranean objects<\/h5><p data-start=\"1226\" data-end=\"1594\">At C\u00c0NTIR, we seek to fuse tradition with contemporary design in all of our products. We offer pieces that not only have spiritual value, but also enrich everyday life. From malas to ritual objects and Buddhist books, each item is carefully selected to provide a deeper connection to personal practice.<\/p><p data-start=\"1596\" data-end=\"1815\" data-is-last-node=\"\">If you are looking for a <em data-start=\"1617\" data-end=\"1654\">Sandalwood Red Mala with Markers<\/em> that combines beauty and meaning, we invite you to discover this special edition of C\u00c0NTIR. In addition, you can also find more spiritual objects that will accompany you on your path <a href=\"https:\/\/cantir.art\/en\/tienda-budista\/\">here<\/a>.<\/p>\t\t\t\t\t\t\t\t<\/div>\n\t\t\t\t<\/div>\n\t\t\t\t\t<\/div>\n\t\t\t\t<\/div>\n\t\t\t\t<\/div>","protected":false},"excerpt":{"rendered":"<p>Red sandalwood mala from India. It is specially designed for Cantir and has moss agate markers and silver spacers on beads 21 and 54. The beads have an oval shape.<\/p>","protected":false},"featured_media":6231,"comment_status":"open","ping_status":"closed","template":"elementor_theme","meta":[],"product_brand":[],"product_cat":[145,144],"product_tag":[148,170],"class_list":{"0":"post-3571","1":"product","2":"type-product","3":"status-publish","4":"has-post-thumbnail","6":"product_cat-madera-malas","7":"product_cat-malas","8":"product_tag-mala","9":"product_tag-sandalo","11":"first","12":"instock","13":"taxable","14":"shipping-taxable","15":"purchasable","16":"product-type-simple"},"supplier_id":null,"supplier_sku":"","barcode":null,"atum_controlled":true,"out_stock_date":null,"out_stock_threshold":null,"inheritable":false,"inbound_stock":0,"stock_on_hold":0,"sold_today":0,"sales_last_days":0,"reserved_stock":0,"customer_returns":0,"warehouse_damage":0,"lost_in_post":0,"other_logs":0,"out_stock_days":0,"lost_sales":0,"has_location":false,"update_date":"2026-04-15T02:05:55","atum_locations":[],"atum_stock_status":"instock","restock_status":false,"low_stock_amount":"","sales_update_date":"2026-04-15T02:05:55","calc_backorders":null,"yoast_head":"<!-- This site is optimized with the Yoast SEO plugin v26.9 - https:\/\/yoast.com\/product\/yoast-seo-wordpress\/ -->\n<title>Mala de S\u00e1ndalo Rojo con marcadores | C\u00c0NTIR \ud83d\udcff<\/title>\n<meta name=\"description\" content=\"Te presentamos este precioso Mala de S\u00e1ndalo Rojo con Marcadores de \u00c1gata y Plata. C\u00c0NTIR: tienda de objetos budistas y mediterr\u00e1neos.\" \/>\n<meta name=\"robots\" content=\"index, follow, max-snippet:-1, max-image-preview:large, max-video-preview:-1\" \/>\n<link rel=\"canonical\" href=\"https:\/\/cantir.art\/en\/?product=mala-de-sandalo-rojo-plano-marcadores\" \/>\n<meta property=\"og:locale\" content=\"en_GB\" \/>\n<meta property=\"og:type\" content=\"article\" \/>\n<meta property=\"og:title\" content=\"Mala de S\u00e1ndalo Rojo con marcadores | C\u00c0NTIR \ud83d\udcff\" \/>\n<meta property=\"og:description\" content=\"Te presentamos este precioso Mala de S\u00e1ndalo Rojo con Marcadores de \u00c1gata y Plata. C\u00c0NTIR: tienda de objetos budistas y mediterr\u00e1neos.\" \/>\n<meta property=\"og:url\" content=\"https:\/\/cantir.art\/en\/?product=mala-de-sandalo-rojo-plano-marcadores\" \/>\n<meta property=\"og:site_name\" content=\"C\u00e0ntir\" \/>\n<meta property=\"article:modified_time\" content=\"2025-11-30T08:53:17+00:00\" \/>\n<meta property=\"og:image\" content=\"https:\/\/cantir.art\/wp-content\/uploads\/2025\/09\/SANDALO-ROJO-PLANO-CON-SEPARADORES-DE-JASE-Y-PLATA-A-scaled-2.jpg\" \/>\n\t<meta property=\"og:image:width\" content=\"1922\" \/>\n\t<meta property=\"og:image:height\" content=\"2560\" \/>\n\t<meta property=\"og:image:type\" content=\"image\/jpeg\" \/>\n<meta name=\"twitter:card\" content=\"summary_large_image\" \/>\n<meta name=\"twitter:label1\" content=\"Estimated reading time\" \/>\n\t<meta name=\"twitter:data1\" content=\"2 minutes\" \/>\n<script type=\"application\/ld+json\" class=\"yoast-schema-graph\">{\"@context\":\"https:\/\/schema.org\",\"@graph\":[{\"@type\":\"WebPage\",\"@id\":\"https:\/\/cantir.art\/?product=mala-de-sandalo-rojo-plano-marcadores\",\"url\":\"https:\/\/cantir.art\/?product=mala-de-sandalo-rojo-plano-marcadores\",\"name\":\"Mala de S\u00e1ndalo Rojo con marcadores | C\u00c0NTIR \ud83d\udcff\",\"isPartOf\":{\"@id\":\"https:\/\/cantir.art\/#website\"},\"primaryImageOfPage\":{\"@id\":\"https:\/\/cantir.art\/?product=mala-de-sandalo-rojo-plano-marcadores#primaryimage\"},\"image\":{\"@id\":\"https:\/\/cantir.art\/?product=mala-de-sandalo-rojo-plano-marcadores#primaryimage\"},\"thumbnailUrl\":\"https:\/\/i0.wp.com\/cantir.art\/wp-content\/uploads\/2025\/09\/SANDALO-ROJO-PLANO-CON-SEPARADORES-DE-JASE-Y-PLATA-A-scaled-2.jpg?fit=1922%2C2560&ssl=1\",\"datePublished\":\"2024-12-21T12:53:04+00:00\",\"dateModified\":\"2025-11-30T08:53:17+00:00\",\"description\":\"Te presentamos este precioso Mala de S\u00e1ndalo Rojo con Marcadores de \u00c1gata y Plata. C\u00c0NTIR: tienda de objetos budistas y mediterr\u00e1neos.\",\"breadcrumb\":{\"@id\":\"https:\/\/cantir.art\/?product=mala-de-sandalo-rojo-plano-marcadores#breadcrumb\"},\"inLanguage\":\"en-GB\",\"potentialAction\":[{\"@type\":\"ReadAction\",\"target\":[\"https:\/\/cantir.art\/?product=mala-de-sandalo-rojo-plano-marcadores\"]}]},{\"@type\":\"ImageObject\",\"inLanguage\":\"en-GB\",\"@id\":\"https:\/\/cantir.art\/?product=mala-de-sandalo-rojo-plano-marcadores#primaryimage\",\"url\":\"https:\/\/i0.wp.com\/cantir.art\/wp-content\/uploads\/2025\/09\/SANDALO-ROJO-PLANO-CON-SEPARADORES-DE-JASE-Y-PLATA-A-scaled-2.jpg?fit=1922%2C2560&ssl=1\",\"contentUrl\":\"https:\/\/i0.wp.com\/cantir.art\/wp-content\/uploads\/2025\/09\/SANDALO-ROJO-PLANO-CON-SEPARADORES-DE-JASE-Y-PLATA-A-scaled-2.jpg?fit=1922%2C2560&ssl=1\",\"width\":1922,\"height\":2560},{\"@type\":\"BreadcrumbList\",\"@id\":\"https:\/\/cantir.art\/?product=mala-de-sandalo-rojo-plano-marcadores#breadcrumb\",\"itemListElement\":[{\"@type\":\"ListItem\",\"position\":1,\"name\":\"Portada\",\"item\":\"https:\/\/cantir.art\/\"},{\"@type\":\"ListItem\",\"position\":2,\"name\":\"NEW Tienda\",\"item\":\"https:\/\/cantir.art\/en\/new-tienda\/\"},{\"@type\":\"ListItem\",\"position\":3,\"name\":\"Mala de S\u00e1ndalo Rojo Plano con Marcadores\"}]},{\"@type\":\"WebSite\",\"@id\":\"https:\/\/cantir.art\/#website\",\"url\":\"https:\/\/cantir.art\/\",\"name\":\"C\u00e0ntir\",\"description\":\"Simbolismo budista y est\u00e9tica mediterr\u00e1nea en objetos que conectan pr\u00e1ctica y cotidianidad\",\"publisher\":{\"@id\":\"https:\/\/cantir.art\/#organization\"},\"potentialAction\":[{\"@type\":\"SearchAction\",\"target\":{\"@type\":\"EntryPoint\",\"urlTemplate\":\"https:\/\/cantir.art\/?s={search_term_string}\"},\"query-input\":{\"@type\":\"PropertyValueSpecification\",\"valueRequired\":true,\"valueName\":\"search_term_string\"}}],\"inLanguage\":\"en-GB\"},{\"@type\":\"Organization\",\"@id\":\"https:\/\/cantir.art\/#organization\",\"name\":\"C\u00e0ntir\",\"url\":\"https:\/\/cantir.art\/\",\"logo\":{\"@type\":\"ImageObject\",\"inLanguage\":\"en-GB\",\"@id\":\"https:\/\/cantir.art\/#\/schema\/logo\/image\/\",\"url\":\"https:\/\/i0.wp.com\/cantir.art\/wp-content\/uploads\/2025\/01\/cantir-10.png?fit=2551%2C1060&ssl=1\",\"contentUrl\":\"https:\/\/i0.wp.com\/cantir.art\/wp-content\/uploads\/2025\/01\/cantir-10.png?fit=2551%2C1060&ssl=1\",\"width\":2551,\"height\":1060,\"caption\":\"C\u00e0ntir\"},\"image\":{\"@id\":\"https:\/\/cantir.art\/#\/schema\/logo\/image\/\"}}]}<\/script>\n<!-- \/ Yoast SEO plugin. -->","yoast_head_json":{"title":"Mala de S\u00e1ndalo Rojo con marcadores | C\u00c0NTIR \ud83d\udcff","description":"Te presentamos este precioso Mala de S\u00e1ndalo Rojo con Marcadores de \u00c1gata y Plata. C\u00c0NTIR: tienda de objetos budistas y mediterr\u00e1neos.","robots":{"index":"index","follow":"follow","max-snippet":"max-snippet:-1","max-image-preview":"max-image-preview:large","max-video-preview":"max-video-preview:-1"},"canonical":"https:\/\/cantir.art\/en\/?product=mala-de-sandalo-rojo-plano-marcadores","og_locale":"en_GB","og_type":"article","og_title":"Mala de S\u00e1ndalo Rojo con marcadores | C\u00c0NTIR \ud83d\udcff","og_description":"Te presentamos este precioso Mala de S\u00e1ndalo Rojo con Marcadores de \u00c1gata y Plata. C\u00c0NTIR: tienda de objetos budistas y mediterr\u00e1neos.","og_url":"https:\/\/cantir.art\/en\/?product=mala-de-sandalo-rojo-plano-marcadores","og_site_name":"C\u00e0ntir","article_modified_time":"2025-11-30T08:53:17+00:00","og_image":[{"width":1922,"height":2560,"url":"https:\/\/cantir.art\/wp-content\/uploads\/2025\/09\/SANDALO-ROJO-PLANO-CON-SEPARADORES-DE-JASE-Y-PLATA-A-scaled-2.jpg","type":"image\/jpeg"}],"twitter_card":"summary_large_image","twitter_misc":{"Estimated reading time":"2 minutes"},"schema":{"@context":"https:\/\/schema.org","@graph":[{"@type":"WebPage","@id":"https:\/\/cantir.art\/?product=mala-de-sandalo-rojo-plano-marcadores","url":"https:\/\/cantir.art\/?product=mala-de-sandalo-rojo-plano-marcadores","name":"Mala de S\u00e1ndalo Rojo con marcadores | C\u00c0NTIR \ud83d\udcff","isPartOf":{"@id":"https:\/\/cantir.art\/#website"},"primaryImageOfPage":{"@id":"https:\/\/cantir.art\/?product=mala-de-sandalo-rojo-plano-marcadores#primaryimage"},"image":{"@id":"https:\/\/cantir.art\/?product=mala-de-sandalo-rojo-plano-marcadores#primaryimage"},"thumbnailUrl":"https:\/\/i0.wp.com\/cantir.art\/wp-content\/uploads\/2025\/09\/SANDALO-ROJO-PLANO-CON-SEPARADORES-DE-JASE-Y-PLATA-A-scaled-2.jpg?fit=1922%2C2560&ssl=1","datePublished":"2024-12-21T12:53:04+00:00","dateModified":"2025-11-30T08:53:17+00:00","description":"Te presentamos este precioso Mala de S\u00e1ndalo Rojo con Marcadores de \u00c1gata y Plata. C\u00c0NTIR: tienda de objetos budistas y mediterr\u00e1neos.","breadcrumb":{"@id":"https:\/\/cantir.art\/?product=mala-de-sandalo-rojo-plano-marcadores#breadcrumb"},"inLanguage":"en-GB","potentialAction":[{"@type":"ReadAction","target":["https:\/\/cantir.art\/?product=mala-de-sandalo-rojo-plano-marcadores"]}]},{"@type":"ImageObject","inLanguage":"en-GB","@id":"https:\/\/cantir.art\/?product=mala-de-sandalo-rojo-plano-marcadores#primaryimage","url":"https:\/\/i0.wp.com\/cantir.art\/wp-content\/uploads\/2025\/09\/SANDALO-ROJO-PLANO-CON-SEPARADORES-DE-JASE-Y-PLATA-A-scaled-2.jpg?fit=1922%2C2560&ssl=1","contentUrl":"https:\/\/i0.wp.com\/cantir.art\/wp-content\/uploads\/2025\/09\/SANDALO-ROJO-PLANO-CON-SEPARADORES-DE-JASE-Y-PLATA-A-scaled-2.jpg?fit=1922%2C2560&ssl=1","width":1922,"height":2560},{"@type":"BreadcrumbList","@id":"https:\/\/cantir.art\/?product=mala-de-sandalo-rojo-plano-marcadores#breadcrumb","itemListElement":[{"@type":"ListItem","position":1,"name":"Portada","item":"https:\/\/cantir.art\/"},{"@type":"ListItem","position":2,"name":"NEW Tienda","item":"https:\/\/cantir.art\/en\/new-tienda\/"},{"@type":"ListItem","position":3,"name":"Mala de S\u00e1ndalo Rojo Plano con Marcadores"}]},{"@type":"WebSite","@id":"https:\/\/cantir.art\/#website","url":"https:\/\/cantir.art\/","name":"C\u00e0ntir","description":"Buddhist symbolism and Mediterranean aesthetics in objects that connect practice with everyday life","publisher":{"@id":"https:\/\/cantir.art\/#organization"},"potentialAction":[{"@type":"SearchAction","target":{"@type":"EntryPoint","urlTemplate":"https:\/\/cantir.art\/?s={search_term_string}"},"query-input":{"@type":"PropertyValueSpecification","valueRequired":true,"valueName":"search_term_string"}}],"inLanguage":"en-GB"},{"@type":"Organization","@id":"https:\/\/cantir.art\/#organization","name":"C\u00e0ntir","url":"https:\/\/cantir.art\/","logo":{"@type":"ImageObject","inLanguage":"en-GB","@id":"https:\/\/cantir.art\/#\/schema\/logo\/image\/","url":"https:\/\/i0.wp.com\/cantir.art\/wp-content\/uploads\/2025\/01\/cantir-10.png?fit=2551%2C1060&ssl=1","contentUrl":"https:\/\/i0.wp.com\/cantir.art\/wp-content\/uploads\/2025\/01\/cantir-10.png?fit=2551%2C1060&ssl=1","width":2551,"height":1060,"caption":"C\u00e0ntir"},"image":{"@id":"https:\/\/cantir.art\/#\/schema\/logo\/image\/"}}]}},"jetpack_sharing_enabled":true,"_links":{"self":[{"href":"https:\/\/cantir.art\/en\/wp-json\/wp\/v2\/product\/3571","targetHints":{"allow":["GET"]}}],"collection":[{"href":"https:\/\/cantir.art\/en\/wp-json\/wp\/v2\/product"}],"about":[{"href":"https:\/\/cantir.art\/en\/wp-json\/wp\/v2\/types\/product"}],"replies":[{"embeddable":true,"href":"https:\/\/cantir.art\/en\/wp-json\/wp\/v2\/comments?post=3571"}],"version-history":[{"count":9,"href":"https:\/\/cantir.art\/en\/wp-json\/wp\/v2\/product\/3571\/revisions"}],"predecessor-version":[{"id":5722,"href":"https:\/\/cantir.art\/en\/wp-json\/wp\/v2\/product\/3571\/revisions\/5722"}],"wp:featuredmedia":[{"embeddable":true,"href":"https:\/\/cantir.art\/en\/wp-json\/wp\/v2\/media\/6231"}],"wp:attachment":[{"href":"https:\/\/cantir.art\/en\/wp-json\/wp\/v2\/media?parent=3571"}],"wp:term":[{"taxonomy":"product_brand","embeddable":true,"href":"https:\/\/cantir.art\/en\/wp-json\/wp\/v2\/product_brand?post=3571"},{"taxonomy":"product_cat","embeddable":true,"href":"https:\/\/cantir.art\/en\/wp-json\/wp\/v2\/product_cat?post=3571"},{"taxonomy":"product_tag","embeddable":true,"href":"https:\/\/cantir.art\/en\/wp-json\/wp\/v2\/product_tag?post=3571"}],"curies":[{"name":"wp","href":"https:\/\/api.w.org\/{rel}","templated":true}]}}