{"id":3577,"date":"2024-12-21T14:01:06","date_gmt":"2024-12-21T13:01:06","guid":{"rendered":"https:\/\/cantir.art\/?post_type=product&#038;p=3577"},"modified":"2025-10-15T12:27:51","modified_gmt":"2025-10-15T10:27:51","slug":"mala-sandalo-rojo","status":"publish","type":"product","link":"https:\/\/cantir.art\/en\/product\/mala-sandalo-rojo\/","title":{"rendered":"Red sandalwood mala"},"content":{"rendered":"<div data-elementor-type=\"wp-post\" data-elementor-id=\"3577\" class=\"elementor elementor-3577\">\n\t\t\t\t<div class=\"elementor-element elementor-element-52048079 e-flex e-con-boxed e-con e-parent\" data-id=\"52048079\" data-element_type=\"container\">\n\t\t\t\t\t<div class=\"e-con-inner\">\n\t\t\t\t<div class=\"elementor-element elementor-element-14ef9cb8 elementor-widget elementor-widget-text-editor\" data-id=\"14ef9cb8\" data-element_type=\"widget\" data-widget_type=\"text-editor.default\">\n\t\t\t\t<div class=\"elementor-widget-container\">\n\t\t\t\t\t\t\t\t\t<h4>Red Sandalwood Buddhist Mala \u2013 Elegance and tradition in every bead<\/h4>\n<p>The Red Sandalwood Buddhist Mala is a piece of profound beauty and meaning. Its wood, originally from India, stands out for its intense red color with shades ranging from dark tones to purplish brown reflections. Its warmth and silky texture make it a special accessory for both meditation and daily use. You can find this model available in flat and round designs. In addition, we also have special editions that incorporate moss agate markers and silver spacers, adding a distinctive touch to its aesthetic.<\/p>\n<p>Red sandalwood is one of the most highly prized woods in the field due to its aesthetics and exceptional durability. Its dense structure and fine grain allow for a natural satin finish. Its appearance evolves with time and use, acquiring slightly darker shades. Each bead of this Red Sandalwood Buddhist Mala measures 8 mm, an ideal size for meditative counting and comfort in daily practice.<\/p>\n<h5>C\u00c0NTIR, a Buddhist shop with a selection of high quality malas<\/h5>\n<p>At C\u00c0NTIR, we believe in the union between Buddhist symbolism and Mediterranean aesthetics. That is why we offer objects that inspire and accompany spiritual practice with authenticity and beauty. Our selection of malas is carefully crafted to honor tradition without losing sight of elegance and design.<\/p>\n<p>Discover other sandalwood malas models <a href=\"https:\/\/cantir.art\/en\/product-category\/objetos\/wooden-and\/madera-malas\/\">here<\/a>.<\/p>\t\t\t\t\t\t\t\t<\/div>\n\t\t\t\t<\/div>\n\t\t\t\t\t<\/div>\n\t\t\t\t<\/div>\n\t\t\t\t<\/div>","protected":false},"excerpt":{"rendered":"<p><span style=\"font-weight: 400;\">The warmth and intense colour of Indian red sandalwood are expressed in this traditional mala. A piece that combines the nobility of wood with timeless elegance.<\/span><\/p>\n<p><span style=\"font-weight: 400;\">Available in flat and round versions, with special editions incorporating moss agate markers and silver spacers.<\/span><\/p>\n<h1><\/h1>","protected":false},"featured_media":6232,"comment_status":"open","ping_status":"closed","template":"elementor_theme","meta":[],"product_brand":[],"product_cat":[145,144],"product_tag":[148,170],"class_list":{"0":"post-3577","1":"product","2":"type-product","3":"status-publish","4":"has-post-thumbnail","6":"product_cat-madera-malas","7":"product_cat-malas","8":"product_tag-mala","9":"product_tag-sandalo","11":"first","12":"instock","13":"taxable","14":"shipping-taxable","15":"purchasable","16":"product-type-simple"},"supplier_id":null,"supplier_sku":"","barcode":null,"atum_controlled":true,"out_stock_date":null,"out_stock_threshold":null,"inheritable":false,"inbound_stock":0,"stock_on_hold":0,"sold_today":0,"sales_last_days":0,"reserved_stock":0,"customer_returns":0,"warehouse_damage":0,"lost_in_post":0,"other_logs":0,"out_stock_days":0,"lost_sales":0,"has_location":false,"update_date":"2026-04-17T02:06:23","atum_locations":[],"atum_stock_status":"instock","restock_status":false,"low_stock_amount":"","sales_update_date":"2026-04-17T02:06:23","calc_backorders":null,"yoast_head":"<!-- This site is optimized with the Yoast SEO plugin v26.9 - https:\/\/yoast.com\/product\/yoast-seo-wordpress\/ -->\n<title>Mala budista de S\u00e1ndalo Rojo | C\u00c0NTIR \ud83d\udcff<\/title>\n<meta name=\"description\" content=\"Descubre este precioso Mala Budista de S\u00e1ndalo Rojo y muchos m\u00e1s en C\u00c0NTIR, tu tienda de art\u00edculos budistas y mediterr\u00e1neos.\" \/>\n<meta name=\"robots\" content=\"index, follow, max-snippet:-1, max-image-preview:large, max-video-preview:-1\" \/>\n<link rel=\"canonical\" href=\"https:\/\/cantir.art\/en\/?product=mala-sandalo-rojo\" \/>\n<meta property=\"og:locale\" content=\"en_GB\" \/>\n<meta property=\"og:type\" content=\"article\" \/>\n<meta property=\"og:title\" content=\"Mala budista de S\u00e1ndalo Rojo | C\u00c0NTIR \ud83d\udcff\" \/>\n<meta property=\"og:description\" content=\"Descubre este precioso Mala Budista de S\u00e1ndalo Rojo y muchos m\u00e1s en C\u00c0NTIR, tu tienda de art\u00edculos budistas y mediterr\u00e1neos.\" \/>\n<meta property=\"og:url\" content=\"https:\/\/cantir.art\/en\/?product=mala-sandalo-rojo\" \/>\n<meta property=\"og:site_name\" content=\"C\u00e0ntir\" \/>\n<meta property=\"article:modified_time\" content=\"2025-10-15T10:27:51+00:00\" \/>\n<meta property=\"og:image\" content=\"https:\/\/cantir.art\/wp-content\/uploads\/2025\/09\/SANDALO-ROJO-REDONDO-A-scaled-2.jpg\" \/>\n\t<meta property=\"og:image:width\" content=\"1922\" \/>\n\t<meta property=\"og:image:height\" content=\"2560\" \/>\n\t<meta property=\"og:image:type\" content=\"image\/jpeg\" \/>\n<meta name=\"twitter:card\" content=\"summary_large_image\" \/>\n<meta name=\"twitter:label1\" content=\"Estimated reading time\" \/>\n\t<meta name=\"twitter:data1\" content=\"2 minutes\" \/>\n<script type=\"application\/ld+json\" class=\"yoast-schema-graph\">{\"@context\":\"https:\/\/schema.org\",\"@graph\":[{\"@type\":\"WebPage\",\"@id\":\"https:\/\/cantir.art\/?product=mala-sandalo-rojo\",\"url\":\"https:\/\/cantir.art\/?product=mala-sandalo-rojo\",\"name\":\"Mala budista de S\u00e1ndalo Rojo | C\u00c0NTIR \ud83d\udcff\",\"isPartOf\":{\"@id\":\"https:\/\/cantir.art\/#website\"},\"primaryImageOfPage\":{\"@id\":\"https:\/\/cantir.art\/?product=mala-sandalo-rojo#primaryimage\"},\"image\":{\"@id\":\"https:\/\/cantir.art\/?product=mala-sandalo-rojo#primaryimage\"},\"thumbnailUrl\":\"https:\/\/i0.wp.com\/cantir.art\/wp-content\/uploads\/2025\/09\/SANDALO-ROJO-REDONDO-A-scaled-2.jpg?fit=1922%2C2560&ssl=1\",\"datePublished\":\"2024-12-21T13:01:06+00:00\",\"dateModified\":\"2025-10-15T10:27:51+00:00\",\"description\":\"Descubre este precioso Mala Budista de S\u00e1ndalo Rojo y muchos m\u00e1s en C\u00c0NTIR, tu tienda de art\u00edculos budistas y mediterr\u00e1neos.\",\"breadcrumb\":{\"@id\":\"https:\/\/cantir.art\/?product=mala-sandalo-rojo#breadcrumb\"},\"inLanguage\":\"en-GB\",\"potentialAction\":[{\"@type\":\"ReadAction\",\"target\":[\"https:\/\/cantir.art\/?product=mala-sandalo-rojo\"]}]},{\"@type\":\"ImageObject\",\"inLanguage\":\"en-GB\",\"@id\":\"https:\/\/cantir.art\/?product=mala-sandalo-rojo#primaryimage\",\"url\":\"https:\/\/i0.wp.com\/cantir.art\/wp-content\/uploads\/2025\/09\/SANDALO-ROJO-REDONDO-A-scaled-2.jpg?fit=1922%2C2560&ssl=1\",\"contentUrl\":\"https:\/\/i0.wp.com\/cantir.art\/wp-content\/uploads\/2025\/09\/SANDALO-ROJO-REDONDO-A-scaled-2.jpg?fit=1922%2C2560&ssl=1\",\"width\":1922,\"height\":2560},{\"@type\":\"BreadcrumbList\",\"@id\":\"https:\/\/cantir.art\/?product=mala-sandalo-rojo#breadcrumb\",\"itemListElement\":[{\"@type\":\"ListItem\",\"position\":1,\"name\":\"Portada\",\"item\":\"https:\/\/cantir.art\/\"},{\"@type\":\"ListItem\",\"position\":2,\"name\":\"NEW Tienda\",\"item\":\"https:\/\/cantir.art\/en\/new-tienda\/\"},{\"@type\":\"ListItem\",\"position\":3,\"name\":\"Mala de s\u00e1ndalo rojo\"}]},{\"@type\":\"WebSite\",\"@id\":\"https:\/\/cantir.art\/#website\",\"url\":\"https:\/\/cantir.art\/\",\"name\":\"C\u00e0ntir\",\"description\":\"Simbolismo budista y est\u00e9tica mediterr\u00e1nea en objetos que conectan pr\u00e1ctica y cotidianidad\",\"publisher\":{\"@id\":\"https:\/\/cantir.art\/#organization\"},\"potentialAction\":[{\"@type\":\"SearchAction\",\"target\":{\"@type\":\"EntryPoint\",\"urlTemplate\":\"https:\/\/cantir.art\/?s={search_term_string}\"},\"query-input\":{\"@type\":\"PropertyValueSpecification\",\"valueRequired\":true,\"valueName\":\"search_term_string\"}}],\"inLanguage\":\"en-GB\"},{\"@type\":\"Organization\",\"@id\":\"https:\/\/cantir.art\/#organization\",\"name\":\"C\u00e0ntir\",\"url\":\"https:\/\/cantir.art\/\",\"logo\":{\"@type\":\"ImageObject\",\"inLanguage\":\"en-GB\",\"@id\":\"https:\/\/cantir.art\/#\/schema\/logo\/image\/\",\"url\":\"https:\/\/i0.wp.com\/cantir.art\/wp-content\/uploads\/2025\/01\/cantir-10.png?fit=2551%2C1060&ssl=1\",\"contentUrl\":\"https:\/\/i0.wp.com\/cantir.art\/wp-content\/uploads\/2025\/01\/cantir-10.png?fit=2551%2C1060&ssl=1\",\"width\":2551,\"height\":1060,\"caption\":\"C\u00e0ntir\"},\"image\":{\"@id\":\"https:\/\/cantir.art\/#\/schema\/logo\/image\/\"}}]}<\/script>\n<!-- \/ Yoast SEO plugin. -->","yoast_head_json":{"title":"Mala budista de S\u00e1ndalo Rojo | C\u00c0NTIR \ud83d\udcff","description":"Descubre este precioso Mala Budista de S\u00e1ndalo Rojo y muchos m\u00e1s en C\u00c0NTIR, tu tienda de art\u00edculos budistas y mediterr\u00e1neos.","robots":{"index":"index","follow":"follow","max-snippet":"max-snippet:-1","max-image-preview":"max-image-preview:large","max-video-preview":"max-video-preview:-1"},"canonical":"https:\/\/cantir.art\/en\/?product=mala-sandalo-rojo","og_locale":"en_GB","og_type":"article","og_title":"Mala budista de S\u00e1ndalo Rojo | C\u00c0NTIR \ud83d\udcff","og_description":"Descubre este precioso Mala Budista de S\u00e1ndalo Rojo y muchos m\u00e1s en C\u00c0NTIR, tu tienda de art\u00edculos budistas y mediterr\u00e1neos.","og_url":"https:\/\/cantir.art\/en\/?product=mala-sandalo-rojo","og_site_name":"C\u00e0ntir","article_modified_time":"2025-10-15T10:27:51+00:00","og_image":[{"width":1922,"height":2560,"url":"https:\/\/cantir.art\/wp-content\/uploads\/2025\/09\/SANDALO-ROJO-REDONDO-A-scaled-2.jpg","type":"image\/jpeg"}],"twitter_card":"summary_large_image","twitter_misc":{"Estimated reading time":"2 minutes"},"schema":{"@context":"https:\/\/schema.org","@graph":[{"@type":"WebPage","@id":"https:\/\/cantir.art\/?product=mala-sandalo-rojo","url":"https:\/\/cantir.art\/?product=mala-sandalo-rojo","name":"Mala budista de S\u00e1ndalo Rojo | C\u00c0NTIR \ud83d\udcff","isPartOf":{"@id":"https:\/\/cantir.art\/#website"},"primaryImageOfPage":{"@id":"https:\/\/cantir.art\/?product=mala-sandalo-rojo#primaryimage"},"image":{"@id":"https:\/\/cantir.art\/?product=mala-sandalo-rojo#primaryimage"},"thumbnailUrl":"https:\/\/i0.wp.com\/cantir.art\/wp-content\/uploads\/2025\/09\/SANDALO-ROJO-REDONDO-A-scaled-2.jpg?fit=1922%2C2560&ssl=1","datePublished":"2024-12-21T13:01:06+00:00","dateModified":"2025-10-15T10:27:51+00:00","description":"Descubre este precioso Mala Budista de S\u00e1ndalo Rojo y muchos m\u00e1s en C\u00c0NTIR, tu tienda de art\u00edculos budistas y mediterr\u00e1neos.","breadcrumb":{"@id":"https:\/\/cantir.art\/?product=mala-sandalo-rojo#breadcrumb"},"inLanguage":"en-GB","potentialAction":[{"@type":"ReadAction","target":["https:\/\/cantir.art\/?product=mala-sandalo-rojo"]}]},{"@type":"ImageObject","inLanguage":"en-GB","@id":"https:\/\/cantir.art\/?product=mala-sandalo-rojo#primaryimage","url":"https:\/\/i0.wp.com\/cantir.art\/wp-content\/uploads\/2025\/09\/SANDALO-ROJO-REDONDO-A-scaled-2.jpg?fit=1922%2C2560&ssl=1","contentUrl":"https:\/\/i0.wp.com\/cantir.art\/wp-content\/uploads\/2025\/09\/SANDALO-ROJO-REDONDO-A-scaled-2.jpg?fit=1922%2C2560&ssl=1","width":1922,"height":2560},{"@type":"BreadcrumbList","@id":"https:\/\/cantir.art\/?product=mala-sandalo-rojo#breadcrumb","itemListElement":[{"@type":"ListItem","position":1,"name":"Portada","item":"https:\/\/cantir.art\/"},{"@type":"ListItem","position":2,"name":"NEW Tienda","item":"https:\/\/cantir.art\/en\/new-tienda\/"},{"@type":"ListItem","position":3,"name":"Mala de s\u00e1ndalo rojo"}]},{"@type":"WebSite","@id":"https:\/\/cantir.art\/#website","url":"https:\/\/cantir.art\/","name":"C\u00e0ntir","description":"Buddhist symbolism and Mediterranean aesthetics in objects that connect practice with everyday life","publisher":{"@id":"https:\/\/cantir.art\/#organization"},"potentialAction":[{"@type":"SearchAction","target":{"@type":"EntryPoint","urlTemplate":"https:\/\/cantir.art\/?s={search_term_string}"},"query-input":{"@type":"PropertyValueSpecification","valueRequired":true,"valueName":"search_term_string"}}],"inLanguage":"en-GB"},{"@type":"Organization","@id":"https:\/\/cantir.art\/#organization","name":"C\u00e0ntir","url":"https:\/\/cantir.art\/","logo":{"@type":"ImageObject","inLanguage":"en-GB","@id":"https:\/\/cantir.art\/#\/schema\/logo\/image\/","url":"https:\/\/i0.wp.com\/cantir.art\/wp-content\/uploads\/2025\/01\/cantir-10.png?fit=2551%2C1060&ssl=1","contentUrl":"https:\/\/i0.wp.com\/cantir.art\/wp-content\/uploads\/2025\/01\/cantir-10.png?fit=2551%2C1060&ssl=1","width":2551,"height":1060,"caption":"C\u00e0ntir"},"image":{"@id":"https:\/\/cantir.art\/#\/schema\/logo\/image\/"}}]}},"jetpack_sharing_enabled":true,"_links":{"self":[{"href":"https:\/\/cantir.art\/en\/wp-json\/wp\/v2\/product\/3577","targetHints":{"allow":["GET"]}}],"collection":[{"href":"https:\/\/cantir.art\/en\/wp-json\/wp\/v2\/product"}],"about":[{"href":"https:\/\/cantir.art\/en\/wp-json\/wp\/v2\/types\/product"}],"replies":[{"embeddable":true,"href":"https:\/\/cantir.art\/en\/wp-json\/wp\/v2\/comments?post=3577"}],"version-history":[{"count":10,"href":"https:\/\/cantir.art\/en\/wp-json\/wp\/v2\/product\/3577\/revisions"}],"predecessor-version":[{"id":5696,"href":"https:\/\/cantir.art\/en\/wp-json\/wp\/v2\/product\/3577\/revisions\/5696"}],"wp:featuredmedia":[{"embeddable":true,"href":"https:\/\/cantir.art\/en\/wp-json\/wp\/v2\/media\/6232"}],"wp:attachment":[{"href":"https:\/\/cantir.art\/en\/wp-json\/wp\/v2\/media?parent=3577"}],"wp:term":[{"taxonomy":"product_brand","embeddable":true,"href":"https:\/\/cantir.art\/en\/wp-json\/wp\/v2\/product_brand?post=3577"},{"taxonomy":"product_cat","embeddable":true,"href":"https:\/\/cantir.art\/en\/wp-json\/wp\/v2\/product_cat?post=3577"},{"taxonomy":"product_tag","embeddable":true,"href":"https:\/\/cantir.art\/en\/wp-json\/wp\/v2\/product_tag?post=3577"}],"curies":[{"name":"wp","href":"https:\/\/api.w.org\/{rel}","templated":true}]}}