{"id":3584,"date":"2024-12-21T17:09:28","date_gmt":"2024-12-21T16:09:28","guid":{"rendered":"https:\/\/cantir.art\/?post_type=product&#038;p=3584"},"modified":"2025-09-26T18:39:05","modified_gmt":"2025-09-26T16:39:05","slug":"mala-de-lapislazuli","status":"publish","type":"product","link":"https:\/\/cantir.art\/en\/product\/mala-de-lapislazuli\/","title":{"rendered":"Lapis Lazuli Mala"},"content":{"rendered":"<div data-elementor-type=\"wp-post\" data-elementor-id=\"3584\" class=\"elementor elementor-3584\">\n\t\t\t\t<div class=\"elementor-element elementor-element-52048079 e-flex e-con-boxed e-con e-parent\" data-id=\"52048079\" data-element_type=\"container\">\n\t\t\t\t\t<div class=\"e-con-inner\">\n\t\t\t\t<div class=\"elementor-element elementor-element-14ef9cb8 elementor-widget elementor-widget-text-editor\" data-id=\"14ef9cb8\" data-element_type=\"widget\" data-widget_type=\"text-editor.default\">\n\t\t\t\t<div class=\"elementor-widget-container\">\n\t\t\t\t\t\t\t\t\t<h4 data-start=\"0\" data-end=\"66\"><strong data-start=\"0\" data-end=\"64\">Lapis Lazuli Mala<\/strong><\/h4><p data-start=\"68\" data-end=\"459\">The <em data-start=\"71\" data-end=\"92\">Lapis Lazuli Mala<\/em> of C\u00c0NTIR is a handcrafted treasure that fuses beauty and simplicity. Made with lapis lazuli from Afghanistan, its deep cobalt blue is intertwined with delicate veins of golden pyrite, evoking the immensity of the starry sky. Each bead reflects the tradition of this ancient stone, used for centuries as a symbol of knowledge and mental clarity.<\/p><p data-start=\"461\" data-end=\"963\">Lapis lazuli is a composite mineral whose color intensity is due to lazurite, which gives it its characteristic ultramarine blue hue. Its golden sparkles come from pyrite inclusions, which shine like small stars on its surface. In addition, some pieces may present subtle white veins of calcite, creating unique patterns that make this mala an unrepeatable piece. When polished, it develops a velvety shine that further enhances its visual richness.<\/p><h5 data-start=\"461\" data-end=\"963\">Discover all the malas of C\u00c0NTIR <a href=\"https:\/\/cantir.art\/en\/product\/mala-cornalina\/\">here<\/a>.<\/h5><p data-start=\"965\" data-end=\"1344\">At C\u00c0NTIR, we carefully select each stone to ensure that our malas are more than just accessories: they are tools of connection and spiritual depth.\u00a0<\/p><p data-start=\"1346\" data-end=\"1799\" data-is-last-node=\"\">In addition, in CANTIR we offer a wide variety of malas made with precious minerals such as <a href=\"https:\/\/cantir.art\/en\/product\/mala-de-jade\/\">jade<\/a> and <a href=\"https:\/\/cantir.art\/en\/?s=cornalina&amp;post_type=product\">cornalian<\/a>, as well as options in <a href=\"https:\/\/cantir.art\/en\/product\/mala-de-cristal\/\">crystal<\/a> and sandalwood. Each material brings its own energy and meaning, allowing each practitioner to choose the mala that best resonates with their path. Discover at C\u00c0NTIR the perfect mala to accompany your practice and let the depth of lapis lazuli guide you on your inner journey.<\/p>\t\t\t\t\t\t\t\t<\/div>\n\t\t\t\t<\/div>\n\t\t\t\t\t<\/div>\n\t\t\t\t<\/div>\n\t\t\t\t<\/div>","protected":false},"excerpt":{"rendered":"<p><span style=\"font-weight: 400;\">A handcrafted treasure made from lapis lazuli from Afghanistan. Its intense cobalt blue, interwoven with delicate veins of golden pyrite, evokes the depth of the night sky. A mala that combines beauty and tradition in every bead.<\/span><\/p>","protected":false},"featured_media":6234,"comment_status":"open","ping_status":"closed","template":"elementor_theme","meta":[],"product_brand":[],"product_cat":[144,146],"product_tag":[172,148],"class_list":{"0":"post-3584","1":"product","2":"type-product","3":"status-publish","4":"has-post-thumbnail","6":"product_cat-malas","7":"product_cat-minerales","8":"product_tag-lapislazuli","9":"product_tag-mala","11":"first","12":"instock","13":"taxable","14":"shipping-taxable","15":"purchasable","16":"product-type-simple"},"supplier_id":null,"supplier_sku":"","barcode":null,"atum_controlled":true,"out_stock_date":null,"out_stock_threshold":null,"inheritable":false,"inbound_stock":0,"stock_on_hold":0,"sold_today":0,"sales_last_days":0,"reserved_stock":0,"customer_returns":0,"warehouse_damage":0,"lost_in_post":0,"other_logs":0,"out_stock_days":0,"lost_sales":0,"has_location":false,"update_date":"2026-04-14T02:05:41","atum_locations":[],"atum_stock_status":"instock","restock_status":false,"low_stock_amount":"","sales_update_date":"2026-04-14T02:05:41","calc_backorders":null,"yoast_head":"<!-- This site is optimized with the Yoast SEO plugin v26.9 - https:\/\/yoast.com\/product\/yoast-seo-wordpress\/ -->\n<title>Mala de Lapisl\u00e1zuli | C\u00c0NTIR \ud83d\udcff<\/title>\n<meta name=\"description\" content=\"Descubre este precioso Mala de Lapisl\u00e1zuli en C\u00c0NTIR, la tienda de libros y objetos budistas y mediterr\u00e1neos de Casa Virupa.\" \/>\n<meta name=\"robots\" content=\"index, follow, max-snippet:-1, max-image-preview:large, max-video-preview:-1\" \/>\n<link rel=\"canonical\" href=\"https:\/\/cantir.art\/en\/product\/mala-de-lapislazuli\/\" \/>\n<meta property=\"og:locale\" content=\"en_GB\" \/>\n<meta property=\"og:type\" content=\"article\" \/>\n<meta property=\"og:title\" content=\"Mala de Lapisl\u00e1zuli | C\u00c0NTIR \ud83d\udcff\" \/>\n<meta property=\"og:description\" content=\"Descubre este precioso Mala de Lapisl\u00e1zuli en C\u00c0NTIR, la tienda de libros y objetos budistas y mediterr\u00e1neos de Casa Virupa.\" \/>\n<meta property=\"og:url\" content=\"https:\/\/cantir.art\/en\/product\/mala-de-lapislazuli\/\" \/>\n<meta property=\"og:site_name\" content=\"C\u00e0ntir\" \/>\n<meta property=\"article:modified_time\" content=\"2025-09-26T16:39:05+00:00\" \/>\n<meta property=\"og:image\" content=\"https:\/\/cantir.art\/wp-content\/uploads\/2025\/09\/M007-a-scaled-2.jpg\" \/>\n\t<meta property=\"og:image:width\" content=\"1922\" \/>\n\t<meta property=\"og:image:height\" content=\"2560\" \/>\n\t<meta property=\"og:image:type\" content=\"image\/jpeg\" \/>\n<meta name=\"twitter:card\" content=\"summary_large_image\" \/>\n<meta name=\"twitter:label1\" content=\"Estimated reading time\" \/>\n\t<meta name=\"twitter:data1\" content=\"2 minutes\" \/>\n<script type=\"application\/ld+json\" class=\"yoast-schema-graph\">{\"@context\":\"https:\/\/schema.org\",\"@graph\":[{\"@type\":\"WebPage\",\"@id\":\"https:\/\/cantir.art\/producto\/mala-de-lapislazuli\/\",\"url\":\"https:\/\/cantir.art\/producto\/mala-de-lapislazuli\/\",\"name\":\"Mala de Lapisl\u00e1zuli | C\u00c0NTIR \ud83d\udcff\",\"isPartOf\":{\"@id\":\"https:\/\/cantir.art\/#website\"},\"primaryImageOfPage\":{\"@id\":\"https:\/\/cantir.art\/producto\/mala-de-lapislazuli\/#primaryimage\"},\"image\":{\"@id\":\"https:\/\/cantir.art\/producto\/mala-de-lapislazuli\/#primaryimage\"},\"thumbnailUrl\":\"https:\/\/i0.wp.com\/cantir.art\/wp-content\/uploads\/2025\/09\/M007-a-scaled-2.jpg?fit=1922%2C2560&ssl=1\",\"datePublished\":\"2024-12-21T16:09:28+00:00\",\"dateModified\":\"2025-09-26T16:39:05+00:00\",\"description\":\"Descubre este precioso Mala de Lapisl\u00e1zuli en C\u00c0NTIR, la tienda de libros y objetos budistas y mediterr\u00e1neos de Casa Virupa.\",\"breadcrumb\":{\"@id\":\"https:\/\/cantir.art\/producto\/mala-de-lapislazuli\/#breadcrumb\"},\"inLanguage\":\"en-GB\",\"potentialAction\":[{\"@type\":\"ReadAction\",\"target\":[\"https:\/\/cantir.art\/producto\/mala-de-lapislazuli\/\"]}]},{\"@type\":\"ImageObject\",\"inLanguage\":\"en-GB\",\"@id\":\"https:\/\/cantir.art\/producto\/mala-de-lapislazuli\/#primaryimage\",\"url\":\"https:\/\/i0.wp.com\/cantir.art\/wp-content\/uploads\/2025\/09\/M007-a-scaled-2.jpg?fit=1922%2C2560&ssl=1\",\"contentUrl\":\"https:\/\/i0.wp.com\/cantir.art\/wp-content\/uploads\/2025\/09\/M007-a-scaled-2.jpg?fit=1922%2C2560&ssl=1\",\"width\":1922,\"height\":2560},{\"@type\":\"BreadcrumbList\",\"@id\":\"https:\/\/cantir.art\/producto\/mala-de-lapislazuli\/#breadcrumb\",\"itemListElement\":[{\"@type\":\"ListItem\",\"position\":1,\"name\":\"Portada\",\"item\":\"https:\/\/cantir.art\/\"},{\"@type\":\"ListItem\",\"position\":2,\"name\":\"NEW Tienda\",\"item\":\"https:\/\/cantir.art\/en\/new-tienda\/\"},{\"@type\":\"ListItem\",\"position\":3,\"name\":\"Mala de Lapisl\u00e1zuli\"}]},{\"@type\":\"WebSite\",\"@id\":\"https:\/\/cantir.art\/#website\",\"url\":\"https:\/\/cantir.art\/\",\"name\":\"C\u00e0ntir\",\"description\":\"Simbolismo budista y est\u00e9tica mediterr\u00e1nea en objetos que conectan pr\u00e1ctica y cotidianidad\",\"publisher\":{\"@id\":\"https:\/\/cantir.art\/#organization\"},\"potentialAction\":[{\"@type\":\"SearchAction\",\"target\":{\"@type\":\"EntryPoint\",\"urlTemplate\":\"https:\/\/cantir.art\/?s={search_term_string}\"},\"query-input\":{\"@type\":\"PropertyValueSpecification\",\"valueRequired\":true,\"valueName\":\"search_term_string\"}}],\"inLanguage\":\"en-GB\"},{\"@type\":\"Organization\",\"@id\":\"https:\/\/cantir.art\/#organization\",\"name\":\"C\u00e0ntir\",\"url\":\"https:\/\/cantir.art\/\",\"logo\":{\"@type\":\"ImageObject\",\"inLanguage\":\"en-GB\",\"@id\":\"https:\/\/cantir.art\/#\/schema\/logo\/image\/\",\"url\":\"https:\/\/i0.wp.com\/cantir.art\/wp-content\/uploads\/2025\/01\/cantir-10.png?fit=2551%2C1060&ssl=1\",\"contentUrl\":\"https:\/\/i0.wp.com\/cantir.art\/wp-content\/uploads\/2025\/01\/cantir-10.png?fit=2551%2C1060&ssl=1\",\"width\":2551,\"height\":1060,\"caption\":\"C\u00e0ntir\"},\"image\":{\"@id\":\"https:\/\/cantir.art\/#\/schema\/logo\/image\/\"}}]}<\/script>\n<!-- \/ Yoast SEO plugin. -->","yoast_head_json":{"title":"Mala de Lapisl\u00e1zuli | C\u00c0NTIR \ud83d\udcff","description":"Descubre este precioso Mala de Lapisl\u00e1zuli en C\u00c0NTIR, la tienda de libros y objetos budistas y mediterr\u00e1neos de Casa Virupa.","robots":{"index":"index","follow":"follow","max-snippet":"max-snippet:-1","max-image-preview":"max-image-preview:large","max-video-preview":"max-video-preview:-1"},"canonical":"https:\/\/cantir.art\/en\/product\/mala-de-lapislazuli\/","og_locale":"en_GB","og_type":"article","og_title":"Mala de Lapisl\u00e1zuli | C\u00c0NTIR \ud83d\udcff","og_description":"Descubre este precioso Mala de Lapisl\u00e1zuli en C\u00c0NTIR, la tienda de libros y objetos budistas y mediterr\u00e1neos de Casa Virupa.","og_url":"https:\/\/cantir.art\/en\/product\/mala-de-lapislazuli\/","og_site_name":"C\u00e0ntir","article_modified_time":"2025-09-26T16:39:05+00:00","og_image":[{"width":1922,"height":2560,"url":"https:\/\/cantir.art\/wp-content\/uploads\/2025\/09\/M007-a-scaled-2.jpg","type":"image\/jpeg"}],"twitter_card":"summary_large_image","twitter_misc":{"Estimated reading time":"2 minutes"},"schema":{"@context":"https:\/\/schema.org","@graph":[{"@type":"WebPage","@id":"https:\/\/cantir.art\/producto\/mala-de-lapislazuli\/","url":"https:\/\/cantir.art\/producto\/mala-de-lapislazuli\/","name":"Mala de Lapisl\u00e1zuli | C\u00c0NTIR \ud83d\udcff","isPartOf":{"@id":"https:\/\/cantir.art\/#website"},"primaryImageOfPage":{"@id":"https:\/\/cantir.art\/producto\/mala-de-lapislazuli\/#primaryimage"},"image":{"@id":"https:\/\/cantir.art\/producto\/mala-de-lapislazuli\/#primaryimage"},"thumbnailUrl":"https:\/\/i0.wp.com\/cantir.art\/wp-content\/uploads\/2025\/09\/M007-a-scaled-2.jpg?fit=1922%2C2560&ssl=1","datePublished":"2024-12-21T16:09:28+00:00","dateModified":"2025-09-26T16:39:05+00:00","description":"Descubre este precioso Mala de Lapisl\u00e1zuli en C\u00c0NTIR, la tienda de libros y objetos budistas y mediterr\u00e1neos de Casa Virupa.","breadcrumb":{"@id":"https:\/\/cantir.art\/producto\/mala-de-lapislazuli\/#breadcrumb"},"inLanguage":"en-GB","potentialAction":[{"@type":"ReadAction","target":["https:\/\/cantir.art\/producto\/mala-de-lapislazuli\/"]}]},{"@type":"ImageObject","inLanguage":"en-GB","@id":"https:\/\/cantir.art\/producto\/mala-de-lapislazuli\/#primaryimage","url":"https:\/\/i0.wp.com\/cantir.art\/wp-content\/uploads\/2025\/09\/M007-a-scaled-2.jpg?fit=1922%2C2560&ssl=1","contentUrl":"https:\/\/i0.wp.com\/cantir.art\/wp-content\/uploads\/2025\/09\/M007-a-scaled-2.jpg?fit=1922%2C2560&ssl=1","width":1922,"height":2560},{"@type":"BreadcrumbList","@id":"https:\/\/cantir.art\/producto\/mala-de-lapislazuli\/#breadcrumb","itemListElement":[{"@type":"ListItem","position":1,"name":"Portada","item":"https:\/\/cantir.art\/"},{"@type":"ListItem","position":2,"name":"NEW Tienda","item":"https:\/\/cantir.art\/en\/new-tienda\/"},{"@type":"ListItem","position":3,"name":"Mala de Lapisl\u00e1zuli"}]},{"@type":"WebSite","@id":"https:\/\/cantir.art\/#website","url":"https:\/\/cantir.art\/","name":"C\u00e0ntir","description":"Buddhist symbolism and Mediterranean aesthetics in objects that connect practice with everyday life","publisher":{"@id":"https:\/\/cantir.art\/#organization"},"potentialAction":[{"@type":"SearchAction","target":{"@type":"EntryPoint","urlTemplate":"https:\/\/cantir.art\/?s={search_term_string}"},"query-input":{"@type":"PropertyValueSpecification","valueRequired":true,"valueName":"search_term_string"}}],"inLanguage":"en-GB"},{"@type":"Organization","@id":"https:\/\/cantir.art\/#organization","name":"C\u00e0ntir","url":"https:\/\/cantir.art\/","logo":{"@type":"ImageObject","inLanguage":"en-GB","@id":"https:\/\/cantir.art\/#\/schema\/logo\/image\/","url":"https:\/\/i0.wp.com\/cantir.art\/wp-content\/uploads\/2025\/01\/cantir-10.png?fit=2551%2C1060&ssl=1","contentUrl":"https:\/\/i0.wp.com\/cantir.art\/wp-content\/uploads\/2025\/01\/cantir-10.png?fit=2551%2C1060&ssl=1","width":2551,"height":1060,"caption":"C\u00e0ntir"},"image":{"@id":"https:\/\/cantir.art\/#\/schema\/logo\/image\/"}}]}},"jetpack_sharing_enabled":true,"_links":{"self":[{"href":"https:\/\/cantir.art\/en\/wp-json\/wp\/v2\/product\/3584","targetHints":{"allow":["GET"]}}],"collection":[{"href":"https:\/\/cantir.art\/en\/wp-json\/wp\/v2\/product"}],"about":[{"href":"https:\/\/cantir.art\/en\/wp-json\/wp\/v2\/types\/product"}],"replies":[{"embeddable":true,"href":"https:\/\/cantir.art\/en\/wp-json\/wp\/v2\/comments?post=3584"}],"version-history":[{"count":12,"href":"https:\/\/cantir.art\/en\/wp-json\/wp\/v2\/product\/3584\/revisions"}],"predecessor-version":[{"id":5737,"href":"https:\/\/cantir.art\/en\/wp-json\/wp\/v2\/product\/3584\/revisions\/5737"}],"wp:featuredmedia":[{"embeddable":true,"href":"https:\/\/cantir.art\/en\/wp-json\/wp\/v2\/media\/6234"}],"wp:attachment":[{"href":"https:\/\/cantir.art\/en\/wp-json\/wp\/v2\/media?parent=3584"}],"wp:term":[{"taxonomy":"product_brand","embeddable":true,"href":"https:\/\/cantir.art\/en\/wp-json\/wp\/v2\/product_brand?post=3584"},{"taxonomy":"product_cat","embeddable":true,"href":"https:\/\/cantir.art\/en\/wp-json\/wp\/v2\/product_cat?post=3584"},{"taxonomy":"product_tag","embeddable":true,"href":"https:\/\/cantir.art\/en\/wp-json\/wp\/v2\/product_tag?post=3584"}],"curies":[{"name":"wp","href":"https:\/\/api.w.org\/{rel}","templated":true}]}}