{"id":3587,"date":"2024-12-21T17:13:05","date_gmt":"2024-12-21T16:13:05","guid":{"rendered":"https:\/\/cantir.art\/?post_type=product&#038;p=3587"},"modified":"2025-09-26T18:36:50","modified_gmt":"2025-09-26T16:36:50","slug":"mala-de-jade","status":"publish","type":"product","link":"https:\/\/cantir.art\/en\/product\/mala-de-jade\/","title":{"rendered":"Jade Mala"},"content":{"rendered":"<div data-elementor-type=\"wp-post\" data-elementor-id=\"3587\" class=\"elementor elementor-3587\">\n\t\t\t\t<div class=\"elementor-element elementor-element-52048079 e-flex e-con-boxed e-con e-parent\" data-id=\"52048079\" data-element_type=\"container\">\n\t\t\t\t\t<div class=\"e-con-inner\">\n\t\t\t\t<div class=\"elementor-element elementor-element-14ef9cb8 elementor-widget elementor-widget-text-editor\" data-id=\"14ef9cb8\" data-element_type=\"widget\" data-widget_type=\"text-editor.default\">\n\t\t\t\t<div class=\"elementor-widget-container\">\n\t\t\t\t\t\t\t\t\t<h5 data-start=\"0\" data-end=\"396\">Buddhist jade mala<\/h5><p data-start=\"0\" data-end=\"396\">The <span data-start=\"3\" data-end=\"19\">The Jade Mala<\/span> is a piece that fuses tradition and beauty, becoming an ideal object both for meditative practice and for those seeking an amulet with a deep spiritual meaning.\u00a0<\/p><p data-start=\"398\" data-end=\"1008\">Green jade is a semi-precious stone of great strength and singular beauty. Its shades vary from a light, translucent green to a deep emerald color, with a smooth texture and a characteristic natural shine. One of its most appreciated qualities is its ability to subtly let light through.<\/p><h5>At C\u00c0NTIR you will find a variety of malas and other Buddhist objects<\/h5><p data-start=\"1010\" data-end=\"1424\">At <span data-start=\"1013\" data-end=\"1023\">C\u00c0NTIR (the Buddhist shop of <a href=\"https:\/\/www.casavirupa.com\/\">Casa Virupa<\/a>)<\/span>\u00a0we understand the importance of each piece in spiritual practice. Our store offers a selection of <span data-start=\"1131\" data-end=\"1149\">malas budistas<\/span> made from noble materials such as sandalwood, amethyst, onyx and, of course, jade, each mala is an invitation to delve deeper into meditation, prayer or personal intention, allowing the energy of its materials to accompany the practitioner on their path.<\/p><p data-start=\"1426\" data-end=\"1727\" data-is-last-node=\"\" data-is-only-node=\"\">At <span data-start=\"1500\" data-end=\"1510\">C\u00c0NTIR<\/span> you will find a variety of Buddhist items that combine tradition, craftsmanship and a design designed to integrate spirituality into everyday life. In our store you can discover items made of red sandalwood, white sandalwood, bodhi seeds and different types of minerals and crystals. You can discover <a href=\"https:\/\/cantir.art\/en\/product-category\/objetos\/wooden-and\/\">HERE<\/a>\u00a0our collection of Buddhist malas.\u00a0<\/p><p data-start=\"1426\" data-end=\"1727\" data-is-last-node=\"\" data-is-only-node=\"\">If you want to find out more about our project, find more information <a href=\"https:\/\/cantir.art\/en\/cantir-is-born-from-the-intention-of-bringing-buddhism-closer-to-our-way-of-living-it-is-a-bridge-between-the-dharma-the-buddhas-teachings-and-our-culture-we-take-as-a-symbol-an-instrumen\/\">HERE<\/a>.<\/p>\t\t\t\t\t\t\t\t<\/div>\n\t\t\t\t<\/div>\n\t\t\t\t\t<\/div>\n\t\t\t\t<\/div>\n\t\t\t\t<\/div>","protected":false},"excerpt":{"rendered":"<p><span style=\"font-weight: 400;\">Originating from Burma, this exceptional mala stands out for its rich greenish hues. Its color reminds us of Green Tara, which symbolizes and condenses the activities of all the Taras.<\/span>.<\/p>","protected":false},"featured_media":6235,"comment_status":"open","ping_status":"closed","template":"elementor_theme","meta":[],"product_brand":[],"product_cat":[144,146],"product_tag":[174,148],"class_list":{"0":"post-3587","1":"product","2":"type-product","3":"status-publish","4":"has-post-thumbnail","6":"product_cat-malas","7":"product_cat-minerales","8":"product_tag-jade","9":"product_tag-mala","11":"first","12":"instock","13":"taxable","14":"shipping-taxable","15":"purchasable","16":"product-type-simple"},"supplier_id":null,"supplier_sku":"","barcode":null,"atum_controlled":true,"out_stock_date":null,"out_stock_threshold":null,"inheritable":false,"inbound_stock":0,"stock_on_hold":0,"sold_today":0,"sales_last_days":0,"reserved_stock":0,"customer_returns":0,"warehouse_damage":0,"lost_in_post":0,"other_logs":0,"out_stock_days":0,"lost_sales":0,"has_location":false,"update_date":"2026-04-14T02:05:41","atum_locations":[],"atum_stock_status":"instock","restock_status":false,"low_stock_amount":"","sales_update_date":"2026-04-14T02:05:41","calc_backorders":null,"yoast_head":"<!-- This site is optimized with the Yoast SEO plugin v26.9 - https:\/\/yoast.com\/product\/yoast-seo-wordpress\/ -->\n<title>Mala de Jade | C\u00c0NTIR \u26a1<\/title>\n<meta name=\"description\" content=\"Descubre este elegante Mala de Jade, un mala para la pr\u00e1ctica budista dise\u00f1ado para durar en C\u00c0NTIR, tu tienda budista de Barcelona.\" \/>\n<meta name=\"robots\" content=\"index, follow, max-snippet:-1, max-image-preview:large, max-video-preview:-1\" \/>\n<link rel=\"canonical\" href=\"https:\/\/cantir.art\/en\/product\/mala-de-jade\/\" \/>\n<meta property=\"og:locale\" content=\"en_GB\" \/>\n<meta property=\"og:type\" content=\"article\" \/>\n<meta property=\"og:title\" content=\"Mala de Jade | C\u00c0NTIR \u26a1\" \/>\n<meta property=\"og:description\" content=\"Descubre este elegante Mala de Jade, un mala para la pr\u00e1ctica budista dise\u00f1ado para durar en C\u00c0NTIR, tu tienda budista de Barcelona.\" \/>\n<meta property=\"og:url\" content=\"https:\/\/cantir.art\/en\/product\/mala-de-jade\/\" \/>\n<meta property=\"og:site_name\" content=\"C\u00e0ntir\" \/>\n<meta property=\"article:modified_time\" content=\"2025-09-26T16:36:50+00:00\" \/>\n<meta property=\"og:image\" content=\"https:\/\/cantir.art\/wp-content\/uploads\/2025\/09\/MALA-MINERAL-JADE-VERDE-scaled-2.jpg\" \/>\n\t<meta property=\"og:image:width\" content=\"1922\" \/>\n\t<meta property=\"og:image:height\" content=\"2560\" \/>\n\t<meta property=\"og:image:type\" content=\"image\/jpeg\" \/>\n<meta name=\"twitter:card\" content=\"summary_large_image\" \/>\n<meta name=\"twitter:label1\" content=\"Estimated reading time\" \/>\n\t<meta name=\"twitter:data1\" content=\"2 minutes\" \/>\n<script type=\"application\/ld+json\" class=\"yoast-schema-graph\">{\"@context\":\"https:\/\/schema.org\",\"@graph\":[{\"@type\":\"WebPage\",\"@id\":\"https:\/\/cantir.art\/producto\/mala-de-jade\/\",\"url\":\"https:\/\/cantir.art\/producto\/mala-de-jade\/\",\"name\":\"Mala de Jade | C\u00c0NTIR \u26a1\",\"isPartOf\":{\"@id\":\"https:\/\/cantir.art\/#website\"},\"primaryImageOfPage\":{\"@id\":\"https:\/\/cantir.art\/producto\/mala-de-jade\/#primaryimage\"},\"image\":{\"@id\":\"https:\/\/cantir.art\/producto\/mala-de-jade\/#primaryimage\"},\"thumbnailUrl\":\"https:\/\/i0.wp.com\/cantir.art\/wp-content\/uploads\/2025\/09\/MALA-MINERAL-JADE-VERDE-scaled-2.jpg?fit=1922%2C2560&ssl=1\",\"datePublished\":\"2024-12-21T16:13:05+00:00\",\"dateModified\":\"2025-09-26T16:36:50+00:00\",\"description\":\"Descubre este elegante Mala de Jade, un mala para la pr\u00e1ctica budista dise\u00f1ado para durar en C\u00c0NTIR, tu tienda budista de Barcelona.\",\"breadcrumb\":{\"@id\":\"https:\/\/cantir.art\/producto\/mala-de-jade\/#breadcrumb\"},\"inLanguage\":\"en-GB\",\"potentialAction\":[{\"@type\":\"ReadAction\",\"target\":[\"https:\/\/cantir.art\/producto\/mala-de-jade\/\"]}]},{\"@type\":\"ImageObject\",\"inLanguage\":\"en-GB\",\"@id\":\"https:\/\/cantir.art\/producto\/mala-de-jade\/#primaryimage\",\"url\":\"https:\/\/i0.wp.com\/cantir.art\/wp-content\/uploads\/2025\/09\/MALA-MINERAL-JADE-VERDE-scaled-2.jpg?fit=1922%2C2560&ssl=1\",\"contentUrl\":\"https:\/\/i0.wp.com\/cantir.art\/wp-content\/uploads\/2025\/09\/MALA-MINERAL-JADE-VERDE-scaled-2.jpg?fit=1922%2C2560&ssl=1\",\"width\":1922,\"height\":2560},{\"@type\":\"BreadcrumbList\",\"@id\":\"https:\/\/cantir.art\/producto\/mala-de-jade\/#breadcrumb\",\"itemListElement\":[{\"@type\":\"ListItem\",\"position\":1,\"name\":\"Portada\",\"item\":\"https:\/\/cantir.art\/\"},{\"@type\":\"ListItem\",\"position\":2,\"name\":\"NEW Tienda\",\"item\":\"https:\/\/cantir.art\/en\/new-tienda\/\"},{\"@type\":\"ListItem\",\"position\":3,\"name\":\"Mala de Jade\"}]},{\"@type\":\"WebSite\",\"@id\":\"https:\/\/cantir.art\/#website\",\"url\":\"https:\/\/cantir.art\/\",\"name\":\"C\u00e0ntir\",\"description\":\"Simbolismo budista y est\u00e9tica mediterr\u00e1nea en objetos que conectan pr\u00e1ctica y cotidianidad\",\"publisher\":{\"@id\":\"https:\/\/cantir.art\/#organization\"},\"potentialAction\":[{\"@type\":\"SearchAction\",\"target\":{\"@type\":\"EntryPoint\",\"urlTemplate\":\"https:\/\/cantir.art\/?s={search_term_string}\"},\"query-input\":{\"@type\":\"PropertyValueSpecification\",\"valueRequired\":true,\"valueName\":\"search_term_string\"}}],\"inLanguage\":\"en-GB\"},{\"@type\":\"Organization\",\"@id\":\"https:\/\/cantir.art\/#organization\",\"name\":\"C\u00e0ntir\",\"url\":\"https:\/\/cantir.art\/\",\"logo\":{\"@type\":\"ImageObject\",\"inLanguage\":\"en-GB\",\"@id\":\"https:\/\/cantir.art\/#\/schema\/logo\/image\/\",\"url\":\"https:\/\/i0.wp.com\/cantir.art\/wp-content\/uploads\/2025\/01\/cantir-10.png?fit=2551%2C1060&ssl=1\",\"contentUrl\":\"https:\/\/i0.wp.com\/cantir.art\/wp-content\/uploads\/2025\/01\/cantir-10.png?fit=2551%2C1060&ssl=1\",\"width\":2551,\"height\":1060,\"caption\":\"C\u00e0ntir\"},\"image\":{\"@id\":\"https:\/\/cantir.art\/#\/schema\/logo\/image\/\"}}]}<\/script>\n<!-- \/ Yoast SEO plugin. -->","yoast_head_json":{"title":"Mala de Jade | C\u00c0NTIR \u26a1","description":"Descubre este elegante Mala de Jade, un mala para la pr\u00e1ctica budista dise\u00f1ado para durar en C\u00c0NTIR, tu tienda budista de Barcelona.","robots":{"index":"index","follow":"follow","max-snippet":"max-snippet:-1","max-image-preview":"max-image-preview:large","max-video-preview":"max-video-preview:-1"},"canonical":"https:\/\/cantir.art\/en\/product\/mala-de-jade\/","og_locale":"en_GB","og_type":"article","og_title":"Mala de Jade | C\u00c0NTIR \u26a1","og_description":"Descubre este elegante Mala de Jade, un mala para la pr\u00e1ctica budista dise\u00f1ado para durar en C\u00c0NTIR, tu tienda budista de Barcelona.","og_url":"https:\/\/cantir.art\/en\/product\/mala-de-jade\/","og_site_name":"C\u00e0ntir","article_modified_time":"2025-09-26T16:36:50+00:00","og_image":[{"width":1922,"height":2560,"url":"https:\/\/cantir.art\/wp-content\/uploads\/2025\/09\/MALA-MINERAL-JADE-VERDE-scaled-2.jpg","type":"image\/jpeg"}],"twitter_card":"summary_large_image","twitter_misc":{"Estimated reading time":"2 minutes"},"schema":{"@context":"https:\/\/schema.org","@graph":[{"@type":"WebPage","@id":"https:\/\/cantir.art\/producto\/mala-de-jade\/","url":"https:\/\/cantir.art\/producto\/mala-de-jade\/","name":"Mala de Jade | C\u00c0NTIR \u26a1","isPartOf":{"@id":"https:\/\/cantir.art\/#website"},"primaryImageOfPage":{"@id":"https:\/\/cantir.art\/producto\/mala-de-jade\/#primaryimage"},"image":{"@id":"https:\/\/cantir.art\/producto\/mala-de-jade\/#primaryimage"},"thumbnailUrl":"https:\/\/i0.wp.com\/cantir.art\/wp-content\/uploads\/2025\/09\/MALA-MINERAL-JADE-VERDE-scaled-2.jpg?fit=1922%2C2560&ssl=1","datePublished":"2024-12-21T16:13:05+00:00","dateModified":"2025-09-26T16:36:50+00:00","description":"Descubre este elegante Mala de Jade, un mala para la pr\u00e1ctica budista dise\u00f1ado para durar en C\u00c0NTIR, tu tienda budista de Barcelona.","breadcrumb":{"@id":"https:\/\/cantir.art\/producto\/mala-de-jade\/#breadcrumb"},"inLanguage":"en-GB","potentialAction":[{"@type":"ReadAction","target":["https:\/\/cantir.art\/producto\/mala-de-jade\/"]}]},{"@type":"ImageObject","inLanguage":"en-GB","@id":"https:\/\/cantir.art\/producto\/mala-de-jade\/#primaryimage","url":"https:\/\/i0.wp.com\/cantir.art\/wp-content\/uploads\/2025\/09\/MALA-MINERAL-JADE-VERDE-scaled-2.jpg?fit=1922%2C2560&ssl=1","contentUrl":"https:\/\/i0.wp.com\/cantir.art\/wp-content\/uploads\/2025\/09\/MALA-MINERAL-JADE-VERDE-scaled-2.jpg?fit=1922%2C2560&ssl=1","width":1922,"height":2560},{"@type":"BreadcrumbList","@id":"https:\/\/cantir.art\/producto\/mala-de-jade\/#breadcrumb","itemListElement":[{"@type":"ListItem","position":1,"name":"Portada","item":"https:\/\/cantir.art\/"},{"@type":"ListItem","position":2,"name":"NEW Tienda","item":"https:\/\/cantir.art\/en\/new-tienda\/"},{"@type":"ListItem","position":3,"name":"Mala de Jade"}]},{"@type":"WebSite","@id":"https:\/\/cantir.art\/#website","url":"https:\/\/cantir.art\/","name":"C\u00e0ntir","description":"Buddhist symbolism and Mediterranean aesthetics in objects that connect practice with everyday life","publisher":{"@id":"https:\/\/cantir.art\/#organization"},"potentialAction":[{"@type":"SearchAction","target":{"@type":"EntryPoint","urlTemplate":"https:\/\/cantir.art\/?s={search_term_string}"},"query-input":{"@type":"PropertyValueSpecification","valueRequired":true,"valueName":"search_term_string"}}],"inLanguage":"en-GB"},{"@type":"Organization","@id":"https:\/\/cantir.art\/#organization","name":"C\u00e0ntir","url":"https:\/\/cantir.art\/","logo":{"@type":"ImageObject","inLanguage":"en-GB","@id":"https:\/\/cantir.art\/#\/schema\/logo\/image\/","url":"https:\/\/i0.wp.com\/cantir.art\/wp-content\/uploads\/2025\/01\/cantir-10.png?fit=2551%2C1060&ssl=1","contentUrl":"https:\/\/i0.wp.com\/cantir.art\/wp-content\/uploads\/2025\/01\/cantir-10.png?fit=2551%2C1060&ssl=1","width":2551,"height":1060,"caption":"C\u00e0ntir"},"image":{"@id":"https:\/\/cantir.art\/#\/schema\/logo\/image\/"}}]}},"jetpack_sharing_enabled":true,"_links":{"self":[{"href":"https:\/\/cantir.art\/en\/wp-json\/wp\/v2\/product\/3587","targetHints":{"allow":["GET"]}}],"collection":[{"href":"https:\/\/cantir.art\/en\/wp-json\/wp\/v2\/product"}],"about":[{"href":"https:\/\/cantir.art\/en\/wp-json\/wp\/v2\/types\/product"}],"replies":[{"embeddable":true,"href":"https:\/\/cantir.art\/en\/wp-json\/wp\/v2\/comments?post=3587"}],"version-history":[{"count":18,"href":"https:\/\/cantir.art\/en\/wp-json\/wp\/v2\/product\/3587\/revisions"}],"predecessor-version":[{"id":5762,"href":"https:\/\/cantir.art\/en\/wp-json\/wp\/v2\/product\/3587\/revisions\/5762"}],"wp:featuredmedia":[{"embeddable":true,"href":"https:\/\/cantir.art\/en\/wp-json\/wp\/v2\/media\/6235"}],"wp:attachment":[{"href":"https:\/\/cantir.art\/en\/wp-json\/wp\/v2\/media?parent=3587"}],"wp:term":[{"taxonomy":"product_brand","embeddable":true,"href":"https:\/\/cantir.art\/en\/wp-json\/wp\/v2\/product_brand?post=3587"},{"taxonomy":"product_cat","embeddable":true,"href":"https:\/\/cantir.art\/en\/wp-json\/wp\/v2\/product_cat?post=3587"},{"taxonomy":"product_tag","embeddable":true,"href":"https:\/\/cantir.art\/en\/wp-json\/wp\/v2\/product_tag?post=3587"}],"curies":[{"name":"wp","href":"https:\/\/api.w.org\/{rel}","templated":true}]}}