{"id":3596,"date":"2024-12-21T17:35:43","date_gmt":"2024-12-21T16:35:43","guid":{"rendered":"https:\/\/cantir.art\/?post_type=product&#038;p=3596"},"modified":"2025-09-26T18:36:32","modified_gmt":"2025-09-26T16:36:32","slug":"mala-budista-de-cristal","status":"publish","type":"product","link":"https:\/\/cantir.art\/en\/product\/mala-budista-de-cristal\/","title":{"rendered":"Crystal Mala"},"content":{"rendered":"<div data-elementor-type=\"wp-post\" data-elementor-id=\"3596\" class=\"elementor elementor-3596\">\n\t\t\t\t<div class=\"elementor-element elementor-element-52048079 e-flex e-con-boxed e-con e-parent\" data-id=\"52048079\" data-element_type=\"container\">\n\t\t\t\t\t<div class=\"e-con-inner\">\n\t\t\t\t<div class=\"elementor-element elementor-element-14ef9cb8 elementor-widget elementor-widget-text-editor\" data-id=\"14ef9cb8\" data-element_type=\"widget\" data-widget_type=\"text-editor.default\">\n\t\t\t\t<div class=\"elementor-widget-container\">\n\t\t\t\t\t\t\t\t\t<h3 data-start=\"0\" data-end=\"470\">Mala budista de cristal<\/h3>\n<p data-start=\"0\" data-end=\"470\">The Buddhist Crystal Mala is a piece that stands out for its purity and clarity, reflecting the simplicity and depth of the practice. Made from pure glass extracted from the mountains of Nepal, this mala combines delicacy and strength, becoming an ideal ally for those looking for a simple and useful object for Buddhist practice. Its elegant and minimalist design makes it perfect for both meditation and everyday wear.<\/p>\n<p data-start=\"472\" data-end=\"955\">Available in two sizes, with 7mm and 8mm diameter beads, this crystal Buddhist Mala suits different preferences, offering lighter or more hand-held options. Its unique transparency allows light to pass through it completely, generating brilliant sparkles when exposed to different angles of illumination. Its natural hexagonal structure and smooth surfaces reflect a polished finish that highlights its refined aesthetic.<\/p>\n<p data-start=\"957\" data-end=\"1274\">In addition to its stunning beauty, crystal is a material known for its hardness and strength, ensuring this mala will last over time. Its clarity, similar to frozen water, has been appreciated in multiple spiritual traditions, symbolizing mental purity and concentration.<\/p><h4>Discover a wide variety of Buddhist malas at C\u00c0NTIR, your Buddhist and Mediterranean items store<\/h4>\n<p data-start=\"1276\" data-end=\"1717\">At C\u00c0NTIR, we are dedicated to offering Buddhist objects that inspire and accompany personal practice. Our store is located at <a href=\"https:\/\/www.casavirupa.com\/\">Casa Virupa<\/a>, a Buddhist meditation and retreat center in Llinars del Vall\u00e8s (Barcelona). You can visit us and discover our carefully selected collection of malas, statues, ritual objects and books on Buddhism.&nbsp;<span style=\"text-align: var(--text-align); font-size: 1.125rem;\">Si no puedes visitarnos en persona, tambi\u00e9n puedes descubrir toda nuestra colecci\u00f3n en l\u00ednea <a href=\"https:\/\/cantir.art\/en\/tienda-budista\/\">HERE<\/a>. Explore our store and find the perfect Buddhist Crystal Mala for you.<\/span><\/p>\t\t\t\t\t\t\t\t<\/div>\n\t\t\t\t<\/div>\n\t\t\t\t\t<\/div>\n\t\t\t\t<\/div>\n\t\t\t\t<\/div>","protected":false},"excerpt":{"rendered":"<p><span style=\"font-weight: 400;\">A mala that stands out for its purity and transparency, made from pure glass from the mountains of Nepal. Its simplicity and elegance make it a perfect companion for daily practice.<\/span><\/p>","protected":false},"featured_media":6240,"comment_status":"open","ping_status":"closed","template":"elementor_theme","meta":[],"product_brand":[],"product_cat":[144,146],"product_tag":[255,148],"class_list":{"0":"post-3596","1":"product","2":"type-product","3":"status-publish","4":"has-post-thumbnail","6":"product_cat-malas","7":"product_cat-minerales","8":"product_tag-cristal","9":"product_tag-mala","11":"first","12":"instock","13":"taxable","14":"shipping-taxable","15":"purchasable","16":"product-type-variable"},"supplier_id":null,"supplier_sku":"","barcode":null,"atum_controlled":true,"out_stock_date":null,"out_stock_threshold":null,"inheritable":true,"inbound_stock":0,"stock_on_hold":0,"sold_today":0,"sales_last_days":0,"reserved_stock":0,"customer_returns":0,"warehouse_damage":0,"lost_in_post":0,"other_logs":0,"out_stock_days":0,"lost_sales":0,"has_location":false,"update_date":"2026-04-14T02:05:41","atum_locations":[],"atum_stock_status":"instock","restock_status":false,"low_stock_amount":"","sales_update_date":"2026-04-14T02:05:41","calc_backorders":null,"yoast_head":"<!-- This site is optimized with the Yoast SEO plugin v26.9 - https:\/\/yoast.com\/product\/yoast-seo-wordpress\/ -->\n<title>Mala budista de Cristal | C\u00c0NTIR | tienda de objetos budistas \u2600\ufe0f<\/title>\n<meta name=\"description\" content=\"Precioso Mala Budista de Cristal. Visita el cat\u00e1logo de C\u00c0NTIR y gran variedad de malas budistas de alta calidad y de diferentes materiales.\" \/>\n<meta name=\"robots\" content=\"index, follow, max-snippet:-1, max-image-preview:large, max-video-preview:-1\" \/>\n<link rel=\"canonical\" href=\"https:\/\/cantir.art\/en\/product\/mala-budista-de-cristal\/\" \/>\n<meta property=\"og:locale\" content=\"en_GB\" \/>\n<meta property=\"og:type\" content=\"article\" \/>\n<meta property=\"og:title\" content=\"Mala budista de Cristal | C\u00c0NTIR | tienda de objetos budistas \u2600\ufe0f\" \/>\n<meta property=\"og:description\" content=\"Precioso Mala Budista de Cristal. Visita el cat\u00e1logo de C\u00c0NTIR y gran variedad de malas budistas de alta calidad y de diferentes materiales.\" \/>\n<meta property=\"og:url\" content=\"https:\/\/cantir.art\/en\/product\/mala-budista-de-cristal\/\" \/>\n<meta property=\"og:site_name\" content=\"C\u00e0ntir\" \/>\n<meta property=\"article:modified_time\" content=\"2025-09-26T16:36:32+00:00\" \/>\n<meta property=\"og:image\" content=\"https:\/\/cantir.art\/wp-content\/uploads\/2025\/09\/MALA-MINERAL-CRISTAL-A-scaled-2.jpg\" \/>\n\t<meta property=\"og:image:width\" content=\"1922\" \/>\n\t<meta property=\"og:image:height\" content=\"2560\" \/>\n\t<meta property=\"og:image:type\" content=\"image\/jpeg\" \/>\n<meta name=\"twitter:card\" content=\"summary_large_image\" \/>\n<meta name=\"twitter:label1\" content=\"Estimated reading time\" \/>\n\t<meta name=\"twitter:data1\" content=\"2 minutes\" \/>\n<script type=\"application\/ld+json\" class=\"yoast-schema-graph\">{\"@context\":\"https:\/\/schema.org\",\"@graph\":[{\"@type\":\"WebPage\",\"@id\":\"https:\/\/cantir.art\/producto\/mala-budista-de-cristal\/\",\"url\":\"https:\/\/cantir.art\/producto\/mala-budista-de-cristal\/\",\"name\":\"Mala budista de Cristal | C\u00c0NTIR | tienda de objetos budistas \u2600\ufe0f\",\"isPartOf\":{\"@id\":\"https:\/\/cantir.art\/#website\"},\"primaryImageOfPage\":{\"@id\":\"https:\/\/cantir.art\/producto\/mala-budista-de-cristal\/#primaryimage\"},\"image\":{\"@id\":\"https:\/\/cantir.art\/producto\/mala-budista-de-cristal\/#primaryimage\"},\"thumbnailUrl\":\"https:\/\/i0.wp.com\/cantir.art\/wp-content\/uploads\/2025\/09\/MALA-MINERAL-CRISTAL-A-scaled-2.jpg?fit=1922%2C2560&ssl=1\",\"datePublished\":\"2024-12-21T16:35:43+00:00\",\"dateModified\":\"2025-09-26T16:36:32+00:00\",\"description\":\"Precioso Mala Budista de Cristal. Visita el cat\u00e1logo de C\u00c0NTIR y gran variedad de malas budistas de alta calidad y de diferentes materiales.\",\"breadcrumb\":{\"@id\":\"https:\/\/cantir.art\/producto\/mala-budista-de-cristal\/#breadcrumb\"},\"inLanguage\":\"en-GB\",\"potentialAction\":[{\"@type\":\"ReadAction\",\"target\":[\"https:\/\/cantir.art\/producto\/mala-budista-de-cristal\/\"]}]},{\"@type\":\"ImageObject\",\"inLanguage\":\"en-GB\",\"@id\":\"https:\/\/cantir.art\/producto\/mala-budista-de-cristal\/#primaryimage\",\"url\":\"https:\/\/i0.wp.com\/cantir.art\/wp-content\/uploads\/2025\/09\/MALA-MINERAL-CRISTAL-A-scaled-2.jpg?fit=1922%2C2560&ssl=1\",\"contentUrl\":\"https:\/\/i0.wp.com\/cantir.art\/wp-content\/uploads\/2025\/09\/MALA-MINERAL-CRISTAL-A-scaled-2.jpg?fit=1922%2C2560&ssl=1\",\"width\":1922,\"height\":2560},{\"@type\":\"BreadcrumbList\",\"@id\":\"https:\/\/cantir.art\/producto\/mala-budista-de-cristal\/#breadcrumb\",\"itemListElement\":[{\"@type\":\"ListItem\",\"position\":1,\"name\":\"Portada\",\"item\":\"https:\/\/cantir.art\/\"},{\"@type\":\"ListItem\",\"position\":2,\"name\":\"NEW Tienda\",\"item\":\"https:\/\/cantir.art\/en\/new-tienda\/\"},{\"@type\":\"ListItem\",\"position\":3,\"name\":\"Mala de Cristal\"}]},{\"@type\":\"WebSite\",\"@id\":\"https:\/\/cantir.art\/#website\",\"url\":\"https:\/\/cantir.art\/\",\"name\":\"C\u00e0ntir\",\"description\":\"Simbolismo budista y est\u00e9tica mediterr\u00e1nea en objetos que conectan pr\u00e1ctica y cotidianidad\",\"publisher\":{\"@id\":\"https:\/\/cantir.art\/#organization\"},\"potentialAction\":[{\"@type\":\"SearchAction\",\"target\":{\"@type\":\"EntryPoint\",\"urlTemplate\":\"https:\/\/cantir.art\/?s={search_term_string}\"},\"query-input\":{\"@type\":\"PropertyValueSpecification\",\"valueRequired\":true,\"valueName\":\"search_term_string\"}}],\"inLanguage\":\"en-GB\"},{\"@type\":\"Organization\",\"@id\":\"https:\/\/cantir.art\/#organization\",\"name\":\"C\u00e0ntir\",\"url\":\"https:\/\/cantir.art\/\",\"logo\":{\"@type\":\"ImageObject\",\"inLanguage\":\"en-GB\",\"@id\":\"https:\/\/cantir.art\/#\/schema\/logo\/image\/\",\"url\":\"https:\/\/i0.wp.com\/cantir.art\/wp-content\/uploads\/2025\/01\/cantir-10.png?fit=2551%2C1060&ssl=1\",\"contentUrl\":\"https:\/\/i0.wp.com\/cantir.art\/wp-content\/uploads\/2025\/01\/cantir-10.png?fit=2551%2C1060&ssl=1\",\"width\":2551,\"height\":1060,\"caption\":\"C\u00e0ntir\"},\"image\":{\"@id\":\"https:\/\/cantir.art\/#\/schema\/logo\/image\/\"}}]}<\/script>\n<!-- \/ Yoast SEO plugin. -->","yoast_head_json":{"title":"Mala budista de Cristal | C\u00c0NTIR | tienda de objetos budistas \u2600\ufe0f","description":"Precioso Mala Budista de Cristal. Visita el cat\u00e1logo de C\u00c0NTIR y gran variedad de malas budistas de alta calidad y de diferentes materiales.","robots":{"index":"index","follow":"follow","max-snippet":"max-snippet:-1","max-image-preview":"max-image-preview:large","max-video-preview":"max-video-preview:-1"},"canonical":"https:\/\/cantir.art\/en\/product\/mala-budista-de-cristal\/","og_locale":"en_GB","og_type":"article","og_title":"Mala budista de Cristal | C\u00c0NTIR | tienda de objetos budistas \u2600\ufe0f","og_description":"Precioso Mala Budista de Cristal. Visita el cat\u00e1logo de C\u00c0NTIR y gran variedad de malas budistas de alta calidad y de diferentes materiales.","og_url":"https:\/\/cantir.art\/en\/product\/mala-budista-de-cristal\/","og_site_name":"C\u00e0ntir","article_modified_time":"2025-09-26T16:36:32+00:00","og_image":[{"width":1922,"height":2560,"url":"https:\/\/cantir.art\/wp-content\/uploads\/2025\/09\/MALA-MINERAL-CRISTAL-A-scaled-2.jpg","type":"image\/jpeg"}],"twitter_card":"summary_large_image","twitter_misc":{"Estimated reading time":"2 minutes"},"schema":{"@context":"https:\/\/schema.org","@graph":[{"@type":"WebPage","@id":"https:\/\/cantir.art\/producto\/mala-budista-de-cristal\/","url":"https:\/\/cantir.art\/producto\/mala-budista-de-cristal\/","name":"Mala budista de Cristal | C\u00c0NTIR | tienda de objetos budistas \u2600\ufe0f","isPartOf":{"@id":"https:\/\/cantir.art\/#website"},"primaryImageOfPage":{"@id":"https:\/\/cantir.art\/producto\/mala-budista-de-cristal\/#primaryimage"},"image":{"@id":"https:\/\/cantir.art\/producto\/mala-budista-de-cristal\/#primaryimage"},"thumbnailUrl":"https:\/\/i0.wp.com\/cantir.art\/wp-content\/uploads\/2025\/09\/MALA-MINERAL-CRISTAL-A-scaled-2.jpg?fit=1922%2C2560&ssl=1","datePublished":"2024-12-21T16:35:43+00:00","dateModified":"2025-09-26T16:36:32+00:00","description":"Precioso Mala Budista de Cristal. Visita el cat\u00e1logo de C\u00c0NTIR y gran variedad de malas budistas de alta calidad y de diferentes materiales.","breadcrumb":{"@id":"https:\/\/cantir.art\/producto\/mala-budista-de-cristal\/#breadcrumb"},"inLanguage":"en-GB","potentialAction":[{"@type":"ReadAction","target":["https:\/\/cantir.art\/producto\/mala-budista-de-cristal\/"]}]},{"@type":"ImageObject","inLanguage":"en-GB","@id":"https:\/\/cantir.art\/producto\/mala-budista-de-cristal\/#primaryimage","url":"https:\/\/i0.wp.com\/cantir.art\/wp-content\/uploads\/2025\/09\/MALA-MINERAL-CRISTAL-A-scaled-2.jpg?fit=1922%2C2560&ssl=1","contentUrl":"https:\/\/i0.wp.com\/cantir.art\/wp-content\/uploads\/2025\/09\/MALA-MINERAL-CRISTAL-A-scaled-2.jpg?fit=1922%2C2560&ssl=1","width":1922,"height":2560},{"@type":"BreadcrumbList","@id":"https:\/\/cantir.art\/producto\/mala-budista-de-cristal\/#breadcrumb","itemListElement":[{"@type":"ListItem","position":1,"name":"Portada","item":"https:\/\/cantir.art\/"},{"@type":"ListItem","position":2,"name":"NEW Tienda","item":"https:\/\/cantir.art\/en\/new-tienda\/"},{"@type":"ListItem","position":3,"name":"Mala de Cristal"}]},{"@type":"WebSite","@id":"https:\/\/cantir.art\/#website","url":"https:\/\/cantir.art\/","name":"C\u00e0ntir","description":"Buddhist symbolism and Mediterranean aesthetics in objects that connect practice with everyday life","publisher":{"@id":"https:\/\/cantir.art\/#organization"},"potentialAction":[{"@type":"SearchAction","target":{"@type":"EntryPoint","urlTemplate":"https:\/\/cantir.art\/?s={search_term_string}"},"query-input":{"@type":"PropertyValueSpecification","valueRequired":true,"valueName":"search_term_string"}}],"inLanguage":"en-GB"},{"@type":"Organization","@id":"https:\/\/cantir.art\/#organization","name":"C\u00e0ntir","url":"https:\/\/cantir.art\/","logo":{"@type":"ImageObject","inLanguage":"en-GB","@id":"https:\/\/cantir.art\/#\/schema\/logo\/image\/","url":"https:\/\/i0.wp.com\/cantir.art\/wp-content\/uploads\/2025\/01\/cantir-10.png?fit=2551%2C1060&ssl=1","contentUrl":"https:\/\/i0.wp.com\/cantir.art\/wp-content\/uploads\/2025\/01\/cantir-10.png?fit=2551%2C1060&ssl=1","width":2551,"height":1060,"caption":"C\u00e0ntir"},"image":{"@id":"https:\/\/cantir.art\/#\/schema\/logo\/image\/"}}]}},"jetpack_sharing_enabled":true,"_links":{"self":[{"href":"https:\/\/cantir.art\/en\/wp-json\/wp\/v2\/product\/3596","targetHints":{"allow":["GET"]}}],"collection":[{"href":"https:\/\/cantir.art\/en\/wp-json\/wp\/v2\/product"}],"about":[{"href":"https:\/\/cantir.art\/en\/wp-json\/wp\/v2\/types\/product"}],"replies":[{"embeddable":true,"href":"https:\/\/cantir.art\/en\/wp-json\/wp\/v2\/comments?post=3596"}],"version-history":[{"count":11,"href":"https:\/\/cantir.art\/en\/wp-json\/wp\/v2\/product\/3596\/revisions"}],"predecessor-version":[{"id":5766,"href":"https:\/\/cantir.art\/en\/wp-json\/wp\/v2\/product\/3596\/revisions\/5766"}],"wp:featuredmedia":[{"embeddable":true,"href":"https:\/\/cantir.art\/en\/wp-json\/wp\/v2\/media\/6240"}],"wp:attachment":[{"href":"https:\/\/cantir.art\/en\/wp-json\/wp\/v2\/media?parent=3596"}],"wp:term":[{"taxonomy":"product_brand","embeddable":true,"href":"https:\/\/cantir.art\/en\/wp-json\/wp\/v2\/product_brand?post=3596"},{"taxonomy":"product_cat","embeddable":true,"href":"https:\/\/cantir.art\/en\/wp-json\/wp\/v2\/product_cat?post=3596"},{"taxonomy":"product_tag","embeddable":true,"href":"https:\/\/cantir.art\/en\/wp-json\/wp\/v2\/product_tag?post=3596"}],"curies":[{"name":"wp","href":"https:\/\/api.w.org\/{rel}","templated":true}]}}