{"id":3612,"date":"2024-12-21T19:32:39","date_gmt":"2024-12-21T18:32:39","guid":{"rendered":"https:\/\/cantir.art\/?post_type=product&#038;p=3612"},"modified":"2025-09-26T18:36:06","modified_gmt":"2025-09-26T16:36:06","slug":"mala-de-bodhi-8mm","status":"publish","type":"product","link":"https:\/\/cantir.art\/en\/product\/mala-de-bodhi-8mm\/","title":{"rendered":"Bodhi Mala 8,5mm"},"content":{"rendered":"<div data-elementor-type=\"wp-post\" data-elementor-id=\"3612\" class=\"elementor elementor-3612\">\n\t\t\t\t<div class=\"elementor-element elementor-element-52048079 e-flex e-con-boxed e-con e-parent\" data-id=\"52048079\" data-element_type=\"container\">\n\t\t\t\t\t<div class=\"e-con-inner\">\n\t\t\t\t<div class=\"elementor-element elementor-element-14ef9cb8 elementor-widget elementor-widget-text-editor\" data-id=\"14ef9cb8\" data-element_type=\"widget\" data-widget_type=\"text-editor.default\">\n\t\t\t\t<div class=\"elementor-widget-container\">\n\t\t\t\t\t\t\t\t\t<p>Bodhi seeds (Ficus religiosa) are considered sacred in Buddhism because of their connection to the Buddha's enlightenment under a Bodhi tree. These seeds are round to oval in shape with a light to dark brown colour, and are particularly rare to find outside their natural habitat in South and Southeast Asia, where the tree grows naturally.<\/p>\t\t\t\t\t\t\t\t<\/div>\n\t\t\t\t<\/div>\n\t\t\t\t\t<\/div>\n\t\t\t\t<\/div>\n\t\t\t\t<\/div>","protected":false},"excerpt":{"rendered":"<p>The smaller the seed, the more precious this type of malas is considered.<\/p>\n<p>Siddhartha Gautama attained enlightenment under the shade of a bodhi tree. Since then, this seed symbolises the potentiality of mind transformation and is the most precious material for a mala, suitable for any practice, from the peaceful to the most angry.<\/p>","protected":false},"featured_media":6247,"comment_status":"open","ping_status":"closed","template":"elementor_theme","meta":[],"product_brand":[],"product_cat":[144,169,176],"product_tag":[177,148],"class_list":{"0":"post-3612","1":"product","2":"type-product","3":"status-publish","4":"has-post-thumbnail","6":"product_cat-malas","7":"product_cat-piezas-limitadas","8":"product_cat-semillas","9":"product_tag-bodhi-mala","10":"product_tag-mala","12":"first","13":"instock","14":"taxable","15":"shipping-taxable","16":"purchasable","17":"product-type-simple"},"supplier_id":null,"supplier_sku":"","barcode":null,"atum_controlled":true,"out_stock_date":null,"out_stock_threshold":null,"inheritable":false,"inbound_stock":0,"stock_on_hold":0,"sold_today":0,"sales_last_days":0,"reserved_stock":0,"customer_returns":0,"warehouse_damage":0,"lost_in_post":0,"other_logs":0,"out_stock_days":0,"lost_sales":0,"has_location":false,"update_date":"2026-04-15T02:05:55","atum_locations":[],"atum_stock_status":"instock","restock_status":false,"low_stock_amount":"","sales_update_date":"2026-04-15T02:05:55","calc_backorders":null,"yoast_head":"<!-- This site is optimized with the Yoast SEO plugin v26.9 - https:\/\/yoast.com\/product\/yoast-seo-wordpress\/ -->\n<title>Mala de Bodhi 8,5mm - C\u00e0ntir<\/title>\n<meta name=\"robots\" content=\"index, follow, max-snippet:-1, max-image-preview:large, max-video-preview:-1\" \/>\n<link rel=\"canonical\" href=\"https:\/\/cantir.art\/en\/product\/mala-de-bodhi-8mm\/\" \/>\n<meta property=\"og:locale\" content=\"en_GB\" \/>\n<meta property=\"og:type\" content=\"article\" \/>\n<meta property=\"og:title\" content=\"Mala de Bodhi 8,5mm - C\u00e0ntir\" \/>\n<meta property=\"og:description\" content=\"Cuanto m\u00e1s peque\u00f1a la semilla, m\u00e1s preciado se considera este tipo de malas.  Siddharta Gautama alcanz\u00f3 la iluminaci\u00f3n bajo la sombra de un \u00e1rbol bodhi. Desde entonces, esta semilla simboliza la potencialidad de la transformaci\u00f3n de la mente y es el material m\u00e1s preciado para un mala, apto para cualquier pr\u00e1ctica, desde las pac\u00edficas hasta las m\u00e1s airadas.\" \/>\n<meta property=\"og:url\" content=\"https:\/\/cantir.art\/en\/product\/mala-de-bodhi-8mm\/\" \/>\n<meta property=\"og:site_name\" content=\"C\u00e0ntir\" \/>\n<meta property=\"article:modified_time\" content=\"2025-09-26T16:36:06+00:00\" \/>\n<meta property=\"og:image\" content=\"https:\/\/cantir.art\/wp-content\/uploads\/2025\/09\/MALA-BODHI-A-scaled-2.jpg\" \/>\n\t<meta property=\"og:image:width\" content=\"1922\" \/>\n\t<meta property=\"og:image:height\" content=\"2560\" \/>\n\t<meta property=\"og:image:type\" content=\"image\/jpeg\" \/>\n<meta name=\"twitter:card\" content=\"summary_large_image\" \/>\n<meta name=\"twitter:label1\" content=\"Estimated reading time\" \/>\n\t<meta name=\"twitter:data1\" content=\"1 minute\" \/>\n<script type=\"application\/ld+json\" class=\"yoast-schema-graph\">{\"@context\":\"https:\/\/schema.org\",\"@graph\":[{\"@type\":\"WebPage\",\"@id\":\"https:\/\/cantir.art\/producto\/mala-de-bodhi-8mm\/\",\"url\":\"https:\/\/cantir.art\/producto\/mala-de-bodhi-8mm\/\",\"name\":\"Mala de Bodhi 8,5mm - C\u00e0ntir\",\"isPartOf\":{\"@id\":\"https:\/\/cantir.art\/#website\"},\"primaryImageOfPage\":{\"@id\":\"https:\/\/cantir.art\/producto\/mala-de-bodhi-8mm\/#primaryimage\"},\"image\":{\"@id\":\"https:\/\/cantir.art\/producto\/mala-de-bodhi-8mm\/#primaryimage\"},\"thumbnailUrl\":\"https:\/\/i0.wp.com\/cantir.art\/wp-content\/uploads\/2025\/09\/MALA-BODHI-A-scaled-2.jpg?fit=1922%2C2560&ssl=1\",\"datePublished\":\"2024-12-21T18:32:39+00:00\",\"dateModified\":\"2025-09-26T16:36:06+00:00\",\"breadcrumb\":{\"@id\":\"https:\/\/cantir.art\/producto\/mala-de-bodhi-8mm\/#breadcrumb\"},\"inLanguage\":\"en-GB\",\"potentialAction\":[{\"@type\":\"ReadAction\",\"target\":[\"https:\/\/cantir.art\/producto\/mala-de-bodhi-8mm\/\"]}]},{\"@type\":\"ImageObject\",\"inLanguage\":\"en-GB\",\"@id\":\"https:\/\/cantir.art\/producto\/mala-de-bodhi-8mm\/#primaryimage\",\"url\":\"https:\/\/i0.wp.com\/cantir.art\/wp-content\/uploads\/2025\/09\/MALA-BODHI-A-scaled-2.jpg?fit=1922%2C2560&ssl=1\",\"contentUrl\":\"https:\/\/i0.wp.com\/cantir.art\/wp-content\/uploads\/2025\/09\/MALA-BODHI-A-scaled-2.jpg?fit=1922%2C2560&ssl=1\",\"width\":1922,\"height\":2560},{\"@type\":\"BreadcrumbList\",\"@id\":\"https:\/\/cantir.art\/producto\/mala-de-bodhi-8mm\/#breadcrumb\",\"itemListElement\":[{\"@type\":\"ListItem\",\"position\":1,\"name\":\"Portada\",\"item\":\"https:\/\/cantir.art\/\"},{\"@type\":\"ListItem\",\"position\":2,\"name\":\"NEW Tienda\",\"item\":\"https:\/\/cantir.art\/en\/new-tienda\/\"},{\"@type\":\"ListItem\",\"position\":3,\"name\":\"Mala de Bodhi 8,5mm\"}]},{\"@type\":\"WebSite\",\"@id\":\"https:\/\/cantir.art\/#website\",\"url\":\"https:\/\/cantir.art\/\",\"name\":\"C\u00e0ntir\",\"description\":\"Simbolismo budista y est\u00e9tica mediterr\u00e1nea en objetos que conectan pr\u00e1ctica y cotidianidad\",\"publisher\":{\"@id\":\"https:\/\/cantir.art\/#organization\"},\"potentialAction\":[{\"@type\":\"SearchAction\",\"target\":{\"@type\":\"EntryPoint\",\"urlTemplate\":\"https:\/\/cantir.art\/?s={search_term_string}\"},\"query-input\":{\"@type\":\"PropertyValueSpecification\",\"valueRequired\":true,\"valueName\":\"search_term_string\"}}],\"inLanguage\":\"en-GB\"},{\"@type\":\"Organization\",\"@id\":\"https:\/\/cantir.art\/#organization\",\"name\":\"C\u00e0ntir\",\"url\":\"https:\/\/cantir.art\/\",\"logo\":{\"@type\":\"ImageObject\",\"inLanguage\":\"en-GB\",\"@id\":\"https:\/\/cantir.art\/#\/schema\/logo\/image\/\",\"url\":\"https:\/\/i0.wp.com\/cantir.art\/wp-content\/uploads\/2025\/01\/cantir-10.png?fit=2551%2C1060&ssl=1\",\"contentUrl\":\"https:\/\/i0.wp.com\/cantir.art\/wp-content\/uploads\/2025\/01\/cantir-10.png?fit=2551%2C1060&ssl=1\",\"width\":2551,\"height\":1060,\"caption\":\"C\u00e0ntir\"},\"image\":{\"@id\":\"https:\/\/cantir.art\/#\/schema\/logo\/image\/\"}}]}<\/script>\n<!-- \/ Yoast SEO plugin. -->","yoast_head_json":{"title":"Mala de Bodhi 8,5mm - C\u00e0ntir","robots":{"index":"index","follow":"follow","max-snippet":"max-snippet:-1","max-image-preview":"max-image-preview:large","max-video-preview":"max-video-preview:-1"},"canonical":"https:\/\/cantir.art\/en\/product\/mala-de-bodhi-8mm\/","og_locale":"en_GB","og_type":"article","og_title":"Mala de Bodhi 8,5mm - C\u00e0ntir","og_description":"Cuanto m\u00e1s peque\u00f1a la semilla, m\u00e1s preciado se considera este tipo de malas.  Siddharta Gautama alcanz\u00f3 la iluminaci\u00f3n bajo la sombra de un \u00e1rbol bodhi. Desde entonces, esta semilla simboliza la potencialidad de la transformaci\u00f3n de la mente y es el material m\u00e1s preciado para un mala, apto para cualquier pr\u00e1ctica, desde las pac\u00edficas hasta las m\u00e1s airadas.","og_url":"https:\/\/cantir.art\/en\/product\/mala-de-bodhi-8mm\/","og_site_name":"C\u00e0ntir","article_modified_time":"2025-09-26T16:36:06+00:00","og_image":[{"width":1922,"height":2560,"url":"https:\/\/cantir.art\/wp-content\/uploads\/2025\/09\/MALA-BODHI-A-scaled-2.jpg","type":"image\/jpeg"}],"twitter_card":"summary_large_image","twitter_misc":{"Estimated reading time":"1 minute"},"schema":{"@context":"https:\/\/schema.org","@graph":[{"@type":"WebPage","@id":"https:\/\/cantir.art\/producto\/mala-de-bodhi-8mm\/","url":"https:\/\/cantir.art\/producto\/mala-de-bodhi-8mm\/","name":"Mala de Bodhi 8,5mm - C\u00e0ntir","isPartOf":{"@id":"https:\/\/cantir.art\/#website"},"primaryImageOfPage":{"@id":"https:\/\/cantir.art\/producto\/mala-de-bodhi-8mm\/#primaryimage"},"image":{"@id":"https:\/\/cantir.art\/producto\/mala-de-bodhi-8mm\/#primaryimage"},"thumbnailUrl":"https:\/\/i0.wp.com\/cantir.art\/wp-content\/uploads\/2025\/09\/MALA-BODHI-A-scaled-2.jpg?fit=1922%2C2560&ssl=1","datePublished":"2024-12-21T18:32:39+00:00","dateModified":"2025-09-26T16:36:06+00:00","breadcrumb":{"@id":"https:\/\/cantir.art\/producto\/mala-de-bodhi-8mm\/#breadcrumb"},"inLanguage":"en-GB","potentialAction":[{"@type":"ReadAction","target":["https:\/\/cantir.art\/producto\/mala-de-bodhi-8mm\/"]}]},{"@type":"ImageObject","inLanguage":"en-GB","@id":"https:\/\/cantir.art\/producto\/mala-de-bodhi-8mm\/#primaryimage","url":"https:\/\/i0.wp.com\/cantir.art\/wp-content\/uploads\/2025\/09\/MALA-BODHI-A-scaled-2.jpg?fit=1922%2C2560&ssl=1","contentUrl":"https:\/\/i0.wp.com\/cantir.art\/wp-content\/uploads\/2025\/09\/MALA-BODHI-A-scaled-2.jpg?fit=1922%2C2560&ssl=1","width":1922,"height":2560},{"@type":"BreadcrumbList","@id":"https:\/\/cantir.art\/producto\/mala-de-bodhi-8mm\/#breadcrumb","itemListElement":[{"@type":"ListItem","position":1,"name":"Portada","item":"https:\/\/cantir.art\/"},{"@type":"ListItem","position":2,"name":"NEW Tienda","item":"https:\/\/cantir.art\/en\/new-tienda\/"},{"@type":"ListItem","position":3,"name":"Mala de Bodhi 8,5mm"}]},{"@type":"WebSite","@id":"https:\/\/cantir.art\/#website","url":"https:\/\/cantir.art\/","name":"C\u00e0ntir","description":"Buddhist symbolism and Mediterranean aesthetics in objects that connect practice with everyday life","publisher":{"@id":"https:\/\/cantir.art\/#organization"},"potentialAction":[{"@type":"SearchAction","target":{"@type":"EntryPoint","urlTemplate":"https:\/\/cantir.art\/?s={search_term_string}"},"query-input":{"@type":"PropertyValueSpecification","valueRequired":true,"valueName":"search_term_string"}}],"inLanguage":"en-GB"},{"@type":"Organization","@id":"https:\/\/cantir.art\/#organization","name":"C\u00e0ntir","url":"https:\/\/cantir.art\/","logo":{"@type":"ImageObject","inLanguage":"en-GB","@id":"https:\/\/cantir.art\/#\/schema\/logo\/image\/","url":"https:\/\/i0.wp.com\/cantir.art\/wp-content\/uploads\/2025\/01\/cantir-10.png?fit=2551%2C1060&ssl=1","contentUrl":"https:\/\/i0.wp.com\/cantir.art\/wp-content\/uploads\/2025\/01\/cantir-10.png?fit=2551%2C1060&ssl=1","width":2551,"height":1060,"caption":"C\u00e0ntir"},"image":{"@id":"https:\/\/cantir.art\/#\/schema\/logo\/image\/"}}]}},"jetpack_sharing_enabled":true,"_links":{"self":[{"href":"https:\/\/cantir.art\/en\/wp-json\/wp\/v2\/product\/3612","targetHints":{"allow":["GET"]}}],"collection":[{"href":"https:\/\/cantir.art\/en\/wp-json\/wp\/v2\/product"}],"about":[{"href":"https:\/\/cantir.art\/en\/wp-json\/wp\/v2\/types\/product"}],"replies":[{"embeddable":true,"href":"https:\/\/cantir.art\/en\/wp-json\/wp\/v2\/comments?post=3612"}],"version-history":[{"count":5,"href":"https:\/\/cantir.art\/en\/wp-json\/wp\/v2\/product\/3612\/revisions"}],"predecessor-version":[{"id":5328,"href":"https:\/\/cantir.art\/en\/wp-json\/wp\/v2\/product\/3612\/revisions\/5328"}],"wp:featuredmedia":[{"embeddable":true,"href":"https:\/\/cantir.art\/en\/wp-json\/wp\/v2\/media\/6247"}],"wp:attachment":[{"href":"https:\/\/cantir.art\/en\/wp-json\/wp\/v2\/media?parent=3612"}],"wp:term":[{"taxonomy":"product_brand","embeddable":true,"href":"https:\/\/cantir.art\/en\/wp-json\/wp\/v2\/product_brand?post=3612"},{"taxonomy":"product_cat","embeddable":true,"href":"https:\/\/cantir.art\/en\/wp-json\/wp\/v2\/product_cat?post=3612"},{"taxonomy":"product_tag","embeddable":true,"href":"https:\/\/cantir.art\/en\/wp-json\/wp\/v2\/product_tag?post=3612"}],"curies":[{"name":"wp","href":"https:\/\/api.w.org\/{rel}","templated":true}]}}