{"id":3708,"date":"2025-01-17T11:56:57","date_gmt":"2025-01-17T10:56:57","guid":{"rendered":"https:\/\/cantir.art\/?post_type=product&#038;p=3708"},"modified":"2026-01-17T11:02:33","modified_gmt":"2026-01-17T10:02:33","slug":"la-practica-del-bodisatva-copia","status":"publish","type":"product","link":"https:\/\/cantir.art\/en\/product\/la-practica-del-bodisatva-copia\/","title":{"rendered":"Bodhisattva practice"},"content":{"rendered":"<div data-elementor-type=\"wp-post\" data-elementor-id=\"3708\" class=\"elementor elementor-3708\">\n\t\t\t\t<div class=\"elementor-element elementor-element-52048079 e-flex e-con-boxed e-con e-parent\" data-id=\"52048079\" data-element_type=\"container\">\n\t\t\t\t\t<div class=\"e-con-inner\">\n\t\t\t\t<div class=\"elementor-element elementor-element-14ef9cb8 elementor-widget elementor-widget-text-editor\" data-id=\"14ef9cb8\" data-element_type=\"widget\" data-widget_type=\"text-editor.default\">\n\t\t\t\t<div class=\"elementor-widget-container\">\n\t\t\t\t\t\t\t\t\t<div class=\"font-claude-message  pr-4  md:pr-9  relative  leading-[1.65rem]  [&amp;_pre&gt;div]:bg-bg-300  [&amp;_.ignore-pre-bg&gt;div]:bg-transparent  [&amp;_pre]:-mr-4  md:[&amp;_pre]:-mr-9\" style=\"font-style: normal; font-variant-caps: normal; font-weight: 400; letter-spacing: normal; orphans: auto; text-align: start; text-indent: 0px; text-transform: none; white-space: normal; widows: auto; word-spacing: 0px; -webkit-text-stroke-width: 0px; text-decoration: none; caret-color: #000000; color: #000000;\"><div><div class=\"grid-cols-1 grid gap-2.5 [&amp;_&gt;_*]:min-w-0\"><p class=\"whitespace-pre-wrap break-words\">Shantideva was a renowned 8th-century Indian Buddhist master, famous for his masterpiece, Bodhicharyavatara (Entering the Bodhisattva's Conduct), a foundational text of Mahayana Buddhism. As a scholar at the monastic university of Nalanda, he was noted for his profound understanding of Buddhist philosophy and his ability to convey the teachings in a practical way. His text explores the Bodhisattva path in detail, emphasizing the importance of compassion, patience, and wisdom. His teachings on the transformation of the mind and the cultivation of kindness continue to inspire Buddhist practitioners around the world.<\/p><\/div><\/div><\/div>\t\t\t\t\t\t\t\t<\/div>\n\t\t\t\t<\/div>\n\t\t\t\t\t<\/div>\n\t\t\t\t<\/div>\n\t\t\t\t<\/div>","protected":false},"excerpt":{"rendered":"<p>The Bodhisattvacharyavatara, or \"The Practice of the Bodhisattva,\" is a fundamental work of Mahayana Buddhism composed by Shantideva in the 8th century. This poetic text describes the path of the bodhisattva, a being who renounces individual liberation to dedicate himself to the liberation of all sentient beings. The work begins by praising the mind of Enlightenment and explains its cultivation, addressing transcendental perfections such as patience, diligence, meditation, and wisdom. It includes profound teachings on the practice of equalizing and exchanging oneself for others, culminating with an important chapter on emptiness according to the Madhyamaka tradition. Translated into Tibetan shortly after its composition, the text remains actively studied and practiced throughout Buddhist traditions.<\/p>","protected":false},"featured_media":6305,"comment_status":"open","ping_status":"closed","template":"elementor_theme","meta":[],"product_brand":[],"product_cat":[245,161],"product_tag":[196,195],"class_list":{"0":"post-3708","1":"product","2":"type-product","3":"status-publish","4":"has-post-thumbnail","6":"product_cat-ediciones-dharma","7":"product_cat-libros","8":"product_tag-budismo-mahayana","9":"product_tag-shantideva","11":"first","12":"outofstock","13":"taxable","14":"shipping-taxable","15":"purchasable","16":"product-type-simple"},"supplier_id":null,"supplier_sku":"","barcode":null,"atum_controlled":true,"out_stock_date":"2025-10-12 19:25:06","out_stock_threshold":null,"inheritable":false,"inbound_stock":null,"stock_on_hold":0,"sold_today":0,"sales_last_days":0,"reserved_stock":null,"customer_returns":null,"warehouse_damage":null,"lost_in_post":null,"other_logs":null,"out_stock_days":184,"lost_sales":1340,"has_location":false,"update_date":"2026-04-15T02:05:56","atum_locations":[],"atum_stock_status":"outofstock","restock_status":false,"low_stock_amount":"","sales_update_date":"2026-04-15T02:05:56","calc_backorders":null,"yoast_head":"<!-- This site is optimized with the Yoast SEO plugin v26.9 - https:\/\/yoast.com\/product\/yoast-seo-wordpress\/ -->\n<title>La pr\u00e1ctica del bodisatva - C\u00e0ntir<\/title>\n<meta name=\"robots\" content=\"index, follow, max-snippet:-1, max-image-preview:large, max-video-preview:-1\" \/>\n<link rel=\"canonical\" href=\"https:\/\/cantir.art\/en\/product\/la-practica-del-bodisatva-copia\/\" \/>\n<meta property=\"og:locale\" content=\"en_GB\" \/>\n<meta property=\"og:type\" content=\"article\" \/>\n<meta property=\"og:title\" content=\"La pr\u00e1ctica del bodisatva - C\u00e0ntir\" \/>\n<meta property=\"og:description\" content=\"El Bodisatvacharyavatara, o &quot;La pr\u00e1ctica del Bodisatva&quot;, es una obra fundamental del budismo mahayana compuesta por Shantideva en el siglo VIII. Este texto po\u00e9tico describe el camino del bodisatva, un ser que renuncia a la liberaci\u00f3n individual para dedicarse a la liberaci\u00f3n de todos los seres sintientes. La obra comienza alabando la mente de la Iluminaci\u00f3n y explica su cultivo, abordando las perfecciones transcendentales como la paciencia, diligencia, meditaci\u00f3n y sabidur\u00eda. Incluye ense\u00f1anzas profundas sobre la pr\u00e1ctica de igualarse y cambiarse uno mismo por los dem\u00e1s, culminando con un importante cap\u00edtulo sobre la vacuidad seg\u00fan la tradici\u00f3n Madhyamaka. Traducido al tibetano poco despu\u00e9s de su composici\u00f3n, el texto sigue siendo estudiado y practicado activamente en todas las tradiciones budistas.\" \/>\n<meta property=\"og:url\" content=\"https:\/\/cantir.art\/en\/product\/la-practica-del-bodisatva-copia\/\" \/>\n<meta property=\"og:site_name\" content=\"C\u00e0ntir\" \/>\n<meta property=\"article:modified_time\" content=\"2026-01-17T10:02:33+00:00\" \/>\n<meta property=\"og:image\" content=\"https:\/\/cantir.art\/wp-content\/uploads\/2025\/09\/LA-PRACTICA-DEL-BODISATVA-A-scaled-2.jpg\" \/>\n\t<meta property=\"og:image:width\" content=\"1922\" \/>\n\t<meta property=\"og:image:height\" content=\"2560\" \/>\n\t<meta property=\"og:image:type\" content=\"image\/jpeg\" \/>\n<meta name=\"twitter:card\" content=\"summary_large_image\" \/>\n<meta name=\"twitter:label1\" content=\"Estimated reading time\" \/>\n\t<meta name=\"twitter:data1\" content=\"1 minute\" \/>\n<script type=\"application\/ld+json\" class=\"yoast-schema-graph\">{\"@context\":\"https:\/\/schema.org\",\"@graph\":[{\"@type\":\"WebPage\",\"@id\":\"https:\/\/cantir.art\/producto\/la-practica-del-bodisatva-copia\/\",\"url\":\"https:\/\/cantir.art\/producto\/la-practica-del-bodisatva-copia\/\",\"name\":\"La pr\u00e1ctica del bodisatva - C\u00e0ntir\",\"isPartOf\":{\"@id\":\"https:\/\/cantir.art\/#website\"},\"primaryImageOfPage\":{\"@id\":\"https:\/\/cantir.art\/producto\/la-practica-del-bodisatva-copia\/#primaryimage\"},\"image\":{\"@id\":\"https:\/\/cantir.art\/producto\/la-practica-del-bodisatva-copia\/#primaryimage\"},\"thumbnailUrl\":\"https:\/\/i0.wp.com\/cantir.art\/wp-content\/uploads\/2025\/09\/LA-PRACTICA-DEL-BODISATVA-A-scaled-2.jpg?fit=1922%2C2560&ssl=1\",\"datePublished\":\"2025-01-17T10:56:57+00:00\",\"dateModified\":\"2026-01-17T10:02:33+00:00\",\"breadcrumb\":{\"@id\":\"https:\/\/cantir.art\/producto\/la-practica-del-bodisatva-copia\/#breadcrumb\"},\"inLanguage\":\"en-GB\",\"potentialAction\":[{\"@type\":\"ReadAction\",\"target\":[\"https:\/\/cantir.art\/producto\/la-practica-del-bodisatva-copia\/\"]}]},{\"@type\":\"ImageObject\",\"inLanguage\":\"en-GB\",\"@id\":\"https:\/\/cantir.art\/producto\/la-practica-del-bodisatva-copia\/#primaryimage\",\"url\":\"https:\/\/i0.wp.com\/cantir.art\/wp-content\/uploads\/2025\/09\/LA-PRACTICA-DEL-BODISATVA-A-scaled-2.jpg?fit=1922%2C2560&ssl=1\",\"contentUrl\":\"https:\/\/i0.wp.com\/cantir.art\/wp-content\/uploads\/2025\/09\/LA-PRACTICA-DEL-BODISATVA-A-scaled-2.jpg?fit=1922%2C2560&ssl=1\",\"width\":1922,\"height\":2560},{\"@type\":\"BreadcrumbList\",\"@id\":\"https:\/\/cantir.art\/producto\/la-practica-del-bodisatva-copia\/#breadcrumb\",\"itemListElement\":[{\"@type\":\"ListItem\",\"position\":1,\"name\":\"Portada\",\"item\":\"https:\/\/cantir.art\/\"},{\"@type\":\"ListItem\",\"position\":2,\"name\":\"NEW Tienda\",\"item\":\"https:\/\/cantir.art\/en\/new-tienda\/\"},{\"@type\":\"ListItem\",\"position\":3,\"name\":\"La pr\u00e1ctica del bodisatva\"}]},{\"@type\":\"WebSite\",\"@id\":\"https:\/\/cantir.art\/#website\",\"url\":\"https:\/\/cantir.art\/\",\"name\":\"C\u00e0ntir\",\"description\":\"Simbolismo budista y est\u00e9tica mediterr\u00e1nea en objetos que conectan pr\u00e1ctica y cotidianidad\",\"publisher\":{\"@id\":\"https:\/\/cantir.art\/#organization\"},\"potentialAction\":[{\"@type\":\"SearchAction\",\"target\":{\"@type\":\"EntryPoint\",\"urlTemplate\":\"https:\/\/cantir.art\/?s={search_term_string}\"},\"query-input\":{\"@type\":\"PropertyValueSpecification\",\"valueRequired\":true,\"valueName\":\"search_term_string\"}}],\"inLanguage\":\"en-GB\"},{\"@type\":\"Organization\",\"@id\":\"https:\/\/cantir.art\/#organization\",\"name\":\"C\u00e0ntir\",\"url\":\"https:\/\/cantir.art\/\",\"logo\":{\"@type\":\"ImageObject\",\"inLanguage\":\"en-GB\",\"@id\":\"https:\/\/cantir.art\/#\/schema\/logo\/image\/\",\"url\":\"https:\/\/i0.wp.com\/cantir.art\/wp-content\/uploads\/2025\/01\/cantir-10.png?fit=2551%2C1060&ssl=1\",\"contentUrl\":\"https:\/\/i0.wp.com\/cantir.art\/wp-content\/uploads\/2025\/01\/cantir-10.png?fit=2551%2C1060&ssl=1\",\"width\":2551,\"height\":1060,\"caption\":\"C\u00e0ntir\"},\"image\":{\"@id\":\"https:\/\/cantir.art\/#\/schema\/logo\/image\/\"}}]}<\/script>\n<!-- \/ Yoast SEO plugin. -->","yoast_head_json":{"title":"La pr\u00e1ctica del bodisatva - C\u00e0ntir","robots":{"index":"index","follow":"follow","max-snippet":"max-snippet:-1","max-image-preview":"max-image-preview:large","max-video-preview":"max-video-preview:-1"},"canonical":"https:\/\/cantir.art\/en\/product\/la-practica-del-bodisatva-copia\/","og_locale":"en_GB","og_type":"article","og_title":"La pr\u00e1ctica del bodisatva - C\u00e0ntir","og_description":"El Bodisatvacharyavatara, o \"La pr\u00e1ctica del Bodisatva\", es una obra fundamental del budismo mahayana compuesta por Shantideva en el siglo VIII. Este texto po\u00e9tico describe el camino del bodisatva, un ser que renuncia a la liberaci\u00f3n individual para dedicarse a la liberaci\u00f3n de todos los seres sintientes. La obra comienza alabando la mente de la Iluminaci\u00f3n y explica su cultivo, abordando las perfecciones transcendentales como la paciencia, diligencia, meditaci\u00f3n y sabidur\u00eda. Incluye ense\u00f1anzas profundas sobre la pr\u00e1ctica de igualarse y cambiarse uno mismo por los dem\u00e1s, culminando con un importante cap\u00edtulo sobre la vacuidad seg\u00fan la tradici\u00f3n Madhyamaka. Traducido al tibetano poco despu\u00e9s de su composici\u00f3n, el texto sigue siendo estudiado y practicado activamente en todas las tradiciones budistas.","og_url":"https:\/\/cantir.art\/en\/product\/la-practica-del-bodisatva-copia\/","og_site_name":"C\u00e0ntir","article_modified_time":"2026-01-17T10:02:33+00:00","og_image":[{"width":1922,"height":2560,"url":"https:\/\/cantir.art\/wp-content\/uploads\/2025\/09\/LA-PRACTICA-DEL-BODISATVA-A-scaled-2.jpg","type":"image\/jpeg"}],"twitter_card":"summary_large_image","twitter_misc":{"Estimated reading time":"1 minute"},"schema":{"@context":"https:\/\/schema.org","@graph":[{"@type":"WebPage","@id":"https:\/\/cantir.art\/producto\/la-practica-del-bodisatva-copia\/","url":"https:\/\/cantir.art\/producto\/la-practica-del-bodisatva-copia\/","name":"La pr\u00e1ctica del bodisatva - C\u00e0ntir","isPartOf":{"@id":"https:\/\/cantir.art\/#website"},"primaryImageOfPage":{"@id":"https:\/\/cantir.art\/producto\/la-practica-del-bodisatva-copia\/#primaryimage"},"image":{"@id":"https:\/\/cantir.art\/producto\/la-practica-del-bodisatva-copia\/#primaryimage"},"thumbnailUrl":"https:\/\/i0.wp.com\/cantir.art\/wp-content\/uploads\/2025\/09\/LA-PRACTICA-DEL-BODISATVA-A-scaled-2.jpg?fit=1922%2C2560&ssl=1","datePublished":"2025-01-17T10:56:57+00:00","dateModified":"2026-01-17T10:02:33+00:00","breadcrumb":{"@id":"https:\/\/cantir.art\/producto\/la-practica-del-bodisatva-copia\/#breadcrumb"},"inLanguage":"en-GB","potentialAction":[{"@type":"ReadAction","target":["https:\/\/cantir.art\/producto\/la-practica-del-bodisatva-copia\/"]}]},{"@type":"ImageObject","inLanguage":"en-GB","@id":"https:\/\/cantir.art\/producto\/la-practica-del-bodisatva-copia\/#primaryimage","url":"https:\/\/i0.wp.com\/cantir.art\/wp-content\/uploads\/2025\/09\/LA-PRACTICA-DEL-BODISATVA-A-scaled-2.jpg?fit=1922%2C2560&ssl=1","contentUrl":"https:\/\/i0.wp.com\/cantir.art\/wp-content\/uploads\/2025\/09\/LA-PRACTICA-DEL-BODISATVA-A-scaled-2.jpg?fit=1922%2C2560&ssl=1","width":1922,"height":2560},{"@type":"BreadcrumbList","@id":"https:\/\/cantir.art\/producto\/la-practica-del-bodisatva-copia\/#breadcrumb","itemListElement":[{"@type":"ListItem","position":1,"name":"Portada","item":"https:\/\/cantir.art\/"},{"@type":"ListItem","position":2,"name":"NEW Tienda","item":"https:\/\/cantir.art\/en\/new-tienda\/"},{"@type":"ListItem","position":3,"name":"La pr\u00e1ctica del bodisatva"}]},{"@type":"WebSite","@id":"https:\/\/cantir.art\/#website","url":"https:\/\/cantir.art\/","name":"C\u00e0ntir","description":"Buddhist symbolism and Mediterranean aesthetics in objects that connect practice with everyday life","publisher":{"@id":"https:\/\/cantir.art\/#organization"},"potentialAction":[{"@type":"SearchAction","target":{"@type":"EntryPoint","urlTemplate":"https:\/\/cantir.art\/?s={search_term_string}"},"query-input":{"@type":"PropertyValueSpecification","valueRequired":true,"valueName":"search_term_string"}}],"inLanguage":"en-GB"},{"@type":"Organization","@id":"https:\/\/cantir.art\/#organization","name":"C\u00e0ntir","url":"https:\/\/cantir.art\/","logo":{"@type":"ImageObject","inLanguage":"en-GB","@id":"https:\/\/cantir.art\/#\/schema\/logo\/image\/","url":"https:\/\/i0.wp.com\/cantir.art\/wp-content\/uploads\/2025\/01\/cantir-10.png?fit=2551%2C1060&ssl=1","contentUrl":"https:\/\/i0.wp.com\/cantir.art\/wp-content\/uploads\/2025\/01\/cantir-10.png?fit=2551%2C1060&ssl=1","width":2551,"height":1060,"caption":"C\u00e0ntir"},"image":{"@id":"https:\/\/cantir.art\/#\/schema\/logo\/image\/"}}]}},"jetpack_sharing_enabled":true,"_links":{"self":[{"href":"https:\/\/cantir.art\/en\/wp-json\/wp\/v2\/product\/3708","targetHints":{"allow":["GET"]}}],"collection":[{"href":"https:\/\/cantir.art\/en\/wp-json\/wp\/v2\/product"}],"about":[{"href":"https:\/\/cantir.art\/en\/wp-json\/wp\/v2\/types\/product"}],"replies":[{"embeddable":true,"href":"https:\/\/cantir.art\/en\/wp-json\/wp\/v2\/comments?post=3708"}],"version-history":[{"count":6,"href":"https:\/\/cantir.art\/en\/wp-json\/wp\/v2\/product\/3708\/revisions"}],"predecessor-version":[{"id":5304,"href":"https:\/\/cantir.art\/en\/wp-json\/wp\/v2\/product\/3708\/revisions\/5304"}],"wp:featuredmedia":[{"embeddable":true,"href":"https:\/\/cantir.art\/en\/wp-json\/wp\/v2\/media\/6305"}],"wp:attachment":[{"href":"https:\/\/cantir.art\/en\/wp-json\/wp\/v2\/media?parent=3708"}],"wp:term":[{"taxonomy":"product_brand","embeddable":true,"href":"https:\/\/cantir.art\/en\/wp-json\/wp\/v2\/product_brand?post=3708"},{"taxonomy":"product_cat","embeddable":true,"href":"https:\/\/cantir.art\/en\/wp-json\/wp\/v2\/product_cat?post=3708"},{"taxonomy":"product_tag","embeddable":true,"href":"https:\/\/cantir.art\/en\/wp-json\/wp\/v2\/product_tag?post=3708"}],"curies":[{"name":"wp","href":"https:\/\/api.w.org\/{rel}","templated":true}]}}