{"id":3717,"date":"2025-01-17T12:32:35","date_gmt":"2025-01-17T11:32:35","guid":{"rendered":"https:\/\/cantir.art\/?post_type=product&#038;p=3717"},"modified":"2025-09-21T20:57:55","modified_gmt":"2025-09-21T18:57:55","slug":"sonar-que-estas-despierto","status":"publish","type":"product","link":"https:\/\/cantir.art\/en\/product\/sonar-que-estas-despierto\/","title":{"rendered":"Dreaming that you are awake"},"content":{"rendered":"<div data-elementor-type=\"wp-post\" data-elementor-id=\"3717\" class=\"elementor elementor-3717\">\n\t\t\t\t<div class=\"elementor-element elementor-element-52048079 e-flex e-con-boxed e-con e-parent\" data-id=\"52048079\" data-element_type=\"container\">\n\t\t\t\t\t<div class=\"e-con-inner\">\n\t\t\t\t<div class=\"elementor-element elementor-element-14ef9cb8 elementor-widget elementor-widget-text-editor\" data-id=\"14ef9cb8\" data-element_type=\"widget\" data-widget_type=\"text-editor.default\">\n\t\t\t\t<div class=\"elementor-widget-container\">\n\t\t\t\t\t\t\t\t\t<p>B. Alan Wallace is a leading scholar, teacher and practitioner of Tibetan Buddhism, known for his interdisciplinary approach connecting science, philosophy and spirituality. After studying with masters such as the Dalai Lama, Wallace specialised in meditation and the Tibetan tradition. He is the author of numerous books exploring the relationship between mind, consciousness and reality from contemplative and scientific perspectives. Founder of the Santa Barbara Institute, his work promotes a dialogue between Buddhism and science, highlighting the importance of mindfulness and introspection in understanding and transforming human experience.<\/p>\t\t\t\t\t\t\t\t<\/div>\n\t\t\t\t<\/div>\n\t\t\t\t\t<\/div>\n\t\t\t\t<\/div>\n\t\t\t\t<\/div>","protected":false},"excerpt":{"rendered":"<p><span style=\"font-weight: 400;\">A transformative journey through the limits of consciousness, where meditation and lucid dreaming intertwine to unveil the mysteries of our inner perception. B. Alan Wallace invites us to explore altered states of consciousness, bridging the ancient wisdom of Buddhism with the latest discoveries of contemporary neuroscience. A work that challenges our understanding of reality, inviting us to awaken within our dreams and to question the limits of human perception.<\/span><\/p>","protected":false},"featured_media":6307,"comment_status":"open","ping_status":"closed","template":"elementor_theme","meta":[],"product_brand":[],"product_cat":[245,161],"product_tag":[197,198,259],"class_list":{"0":"post-3717","1":"product","2":"type-product","3":"status-publish","4":"has-post-thumbnail","6":"product_cat-ediciones-dharma","7":"product_cat-libros","8":"product_tag-allan-wallace","9":"product_tag-budismo-y-suenos","10":"product_tag-sueno-lucido","12":"first","13":"instock","14":"taxable","15":"shipping-taxable","16":"purchasable","17":"product-type-simple"},"supplier_id":null,"supplier_sku":"","barcode":null,"atum_controlled":true,"out_stock_date":null,"out_stock_threshold":null,"inheritable":false,"inbound_stock":null,"stock_on_hold":0,"sold_today":0,"sales_last_days":0,"reserved_stock":null,"customer_returns":null,"warehouse_damage":null,"lost_in_post":null,"other_logs":null,"out_stock_days":0,"lost_sales":0,"has_location":false,"update_date":"2026-04-17T02:06:24","atum_locations":[],"atum_stock_status":"instock","restock_status":false,"low_stock_amount":"","sales_update_date":"2026-04-17T02:06:24","calc_backorders":null,"yoast_head":"<!-- This site is optimized with the Yoast SEO plugin v26.9 - https:\/\/yoast.com\/product\/yoast-seo-wordpress\/ -->\n<title>So\u00f1ar que est\u00e1s despierto - C\u00e0ntir<\/title>\n<meta name=\"robots\" content=\"index, follow, max-snippet:-1, max-image-preview:large, max-video-preview:-1\" \/>\n<link rel=\"canonical\" href=\"https:\/\/cantir.art\/en\/product\/sonar-que-estas-despierto\/\" \/>\n<meta property=\"og:locale\" content=\"en_GB\" \/>\n<meta property=\"og:type\" content=\"article\" \/>\n<meta property=\"og:title\" content=\"So\u00f1ar que est\u00e1s despierto - C\u00e0ntir\" \/>\n<meta property=\"og:description\" content=\"Un viaje transformador a trav\u00e9s de los l\u00edmites de la conciencia, donde la meditaci\u00f3n y el sue\u00f1o l\u00facido se entrelazan para desvelar los misterios de nuestra percepci\u00f3n interior. B. Alan Wallace nos invita a explorar los estados alterados de consciencia, tendiendo puentes entre la sabidur\u00eda milenaria del budismo y los \u00faltimos descubrimientos de la neurociencia contempor\u00e1nea. Una obra que desaf\u00eda nuestra comprensi\u00f3n de la realidad, invit\u00e1ndonos a despertar dentro de nuestros sue\u00f1os y a cuestionar los l\u00edmites de la percepci\u00f3n humana.\" \/>\n<meta property=\"og:url\" content=\"https:\/\/cantir.art\/en\/product\/sonar-que-estas-despierto\/\" \/>\n<meta property=\"og:site_name\" content=\"C\u00e0ntir\" \/>\n<meta property=\"article:modified_time\" content=\"2025-09-21T18:57:55+00:00\" \/>\n<meta property=\"og:image\" content=\"https:\/\/cantir.art\/wp-content\/uploads\/2025\/01\/SonarQueEstasDespierto.webp\" \/>\n\t<meta property=\"og:image:width\" content=\"680\" \/>\n\t<meta property=\"og:image:height\" content=\"920\" \/>\n\t<meta property=\"og:image:type\" content=\"image\/webp\" \/>\n<meta name=\"twitter:card\" content=\"summary_large_image\" \/>\n<meta name=\"twitter:label1\" content=\"Estimated reading time\" \/>\n\t<meta name=\"twitter:data1\" content=\"1 minute\" \/>\n<script type=\"application\/ld+json\" class=\"yoast-schema-graph\">{\"@context\":\"https:\/\/schema.org\",\"@graph\":[{\"@type\":\"WebPage\",\"@id\":\"https:\/\/cantir.art\/producto\/sonar-que-estas-despierto\/\",\"url\":\"https:\/\/cantir.art\/producto\/sonar-que-estas-despierto\/\",\"name\":\"So\u00f1ar que est\u00e1s despierto - C\u00e0ntir\",\"isPartOf\":{\"@id\":\"https:\/\/cantir.art\/#website\"},\"primaryImageOfPage\":{\"@id\":\"https:\/\/cantir.art\/producto\/sonar-que-estas-despierto\/#primaryimage\"},\"image\":{\"@id\":\"https:\/\/cantir.art\/producto\/sonar-que-estas-despierto\/#primaryimage\"},\"thumbnailUrl\":\"https:\/\/i0.wp.com\/cantir.art\/wp-content\/uploads\/2025\/09\/SONAR-QUE-ESTAS-DESPIERTO-A-scaled-2.jpg?fit=1922%2C2560&ssl=1\",\"datePublished\":\"2025-01-17T11:32:35+00:00\",\"dateModified\":\"2025-09-21T18:57:55+00:00\",\"breadcrumb\":{\"@id\":\"https:\/\/cantir.art\/producto\/sonar-que-estas-despierto\/#breadcrumb\"},\"inLanguage\":\"en-GB\",\"potentialAction\":[{\"@type\":\"ReadAction\",\"target\":[\"https:\/\/cantir.art\/producto\/sonar-que-estas-despierto\/\"]}]},{\"@type\":\"ImageObject\",\"inLanguage\":\"en-GB\",\"@id\":\"https:\/\/cantir.art\/producto\/sonar-que-estas-despierto\/#primaryimage\",\"url\":\"https:\/\/i0.wp.com\/cantir.art\/wp-content\/uploads\/2025\/09\/SONAR-QUE-ESTAS-DESPIERTO-A-scaled-2.jpg?fit=1922%2C2560&ssl=1\",\"contentUrl\":\"https:\/\/i0.wp.com\/cantir.art\/wp-content\/uploads\/2025\/09\/SONAR-QUE-ESTAS-DESPIERTO-A-scaled-2.jpg?fit=1922%2C2560&ssl=1\",\"width\":1922,\"height\":2560},{\"@type\":\"BreadcrumbList\",\"@id\":\"https:\/\/cantir.art\/producto\/sonar-que-estas-despierto\/#breadcrumb\",\"itemListElement\":[{\"@type\":\"ListItem\",\"position\":1,\"name\":\"Portada\",\"item\":\"https:\/\/cantir.art\/\"},{\"@type\":\"ListItem\",\"position\":2,\"name\":\"NEW Tienda\",\"item\":\"https:\/\/cantir.art\/en\/new-tienda\/\"},{\"@type\":\"ListItem\",\"position\":3,\"name\":\"So\u00f1ar que est\u00e1s despierto\"}]},{\"@type\":\"WebSite\",\"@id\":\"https:\/\/cantir.art\/#website\",\"url\":\"https:\/\/cantir.art\/\",\"name\":\"C\u00e0ntir\",\"description\":\"Simbolismo budista y est\u00e9tica mediterr\u00e1nea en objetos que conectan pr\u00e1ctica y cotidianidad\",\"publisher\":{\"@id\":\"https:\/\/cantir.art\/#organization\"},\"potentialAction\":[{\"@type\":\"SearchAction\",\"target\":{\"@type\":\"EntryPoint\",\"urlTemplate\":\"https:\/\/cantir.art\/?s={search_term_string}\"},\"query-input\":{\"@type\":\"PropertyValueSpecification\",\"valueRequired\":true,\"valueName\":\"search_term_string\"}}],\"inLanguage\":\"en-GB\"},{\"@type\":\"Organization\",\"@id\":\"https:\/\/cantir.art\/#organization\",\"name\":\"C\u00e0ntir\",\"url\":\"https:\/\/cantir.art\/\",\"logo\":{\"@type\":\"ImageObject\",\"inLanguage\":\"en-GB\",\"@id\":\"https:\/\/cantir.art\/#\/schema\/logo\/image\/\",\"url\":\"https:\/\/i0.wp.com\/cantir.art\/wp-content\/uploads\/2025\/01\/cantir-10.png?fit=2551%2C1060&ssl=1\",\"contentUrl\":\"https:\/\/i0.wp.com\/cantir.art\/wp-content\/uploads\/2025\/01\/cantir-10.png?fit=2551%2C1060&ssl=1\",\"width\":2551,\"height\":1060,\"caption\":\"C\u00e0ntir\"},\"image\":{\"@id\":\"https:\/\/cantir.art\/#\/schema\/logo\/image\/\"}}]}<\/script>\n<!-- \/ Yoast SEO plugin. -->","yoast_head_json":{"title":"So\u00f1ar que est\u00e1s despierto - C\u00e0ntir","robots":{"index":"index","follow":"follow","max-snippet":"max-snippet:-1","max-image-preview":"max-image-preview:large","max-video-preview":"max-video-preview:-1"},"canonical":"https:\/\/cantir.art\/en\/product\/sonar-que-estas-despierto\/","og_locale":"en_GB","og_type":"article","og_title":"So\u00f1ar que est\u00e1s despierto - C\u00e0ntir","og_description":"Un viaje transformador a trav\u00e9s de los l\u00edmites de la conciencia, donde la meditaci\u00f3n y el sue\u00f1o l\u00facido se entrelazan para desvelar los misterios de nuestra percepci\u00f3n interior. B. Alan Wallace nos invita a explorar los estados alterados de consciencia, tendiendo puentes entre la sabidur\u00eda milenaria del budismo y los \u00faltimos descubrimientos de la neurociencia contempor\u00e1nea. Una obra que desaf\u00eda nuestra comprensi\u00f3n de la realidad, invit\u00e1ndonos a despertar dentro de nuestros sue\u00f1os y a cuestionar los l\u00edmites de la percepci\u00f3n humana.","og_url":"https:\/\/cantir.art\/en\/product\/sonar-que-estas-despierto\/","og_site_name":"C\u00e0ntir","article_modified_time":"2025-09-21T18:57:55+00:00","og_image":[{"width":680,"height":920,"url":"https:\/\/cantir.art\/wp-content\/uploads\/2025\/01\/SonarQueEstasDespierto.webp","type":"image\/webp"}],"twitter_card":"summary_large_image","twitter_misc":{"Estimated reading time":"1 minute"},"schema":{"@context":"https:\/\/schema.org","@graph":[{"@type":"WebPage","@id":"https:\/\/cantir.art\/producto\/sonar-que-estas-despierto\/","url":"https:\/\/cantir.art\/producto\/sonar-que-estas-despierto\/","name":"So\u00f1ar que est\u00e1s despierto - C\u00e0ntir","isPartOf":{"@id":"https:\/\/cantir.art\/#website"},"primaryImageOfPage":{"@id":"https:\/\/cantir.art\/producto\/sonar-que-estas-despierto\/#primaryimage"},"image":{"@id":"https:\/\/cantir.art\/producto\/sonar-que-estas-despierto\/#primaryimage"},"thumbnailUrl":"https:\/\/i0.wp.com\/cantir.art\/wp-content\/uploads\/2025\/09\/SONAR-QUE-ESTAS-DESPIERTO-A-scaled-2.jpg?fit=1922%2C2560&ssl=1","datePublished":"2025-01-17T11:32:35+00:00","dateModified":"2025-09-21T18:57:55+00:00","breadcrumb":{"@id":"https:\/\/cantir.art\/producto\/sonar-que-estas-despierto\/#breadcrumb"},"inLanguage":"en-GB","potentialAction":[{"@type":"ReadAction","target":["https:\/\/cantir.art\/producto\/sonar-que-estas-despierto\/"]}]},{"@type":"ImageObject","inLanguage":"en-GB","@id":"https:\/\/cantir.art\/producto\/sonar-que-estas-despierto\/#primaryimage","url":"https:\/\/i0.wp.com\/cantir.art\/wp-content\/uploads\/2025\/09\/SONAR-QUE-ESTAS-DESPIERTO-A-scaled-2.jpg?fit=1922%2C2560&ssl=1","contentUrl":"https:\/\/i0.wp.com\/cantir.art\/wp-content\/uploads\/2025\/09\/SONAR-QUE-ESTAS-DESPIERTO-A-scaled-2.jpg?fit=1922%2C2560&ssl=1","width":1922,"height":2560},{"@type":"BreadcrumbList","@id":"https:\/\/cantir.art\/producto\/sonar-que-estas-despierto\/#breadcrumb","itemListElement":[{"@type":"ListItem","position":1,"name":"Portada","item":"https:\/\/cantir.art\/"},{"@type":"ListItem","position":2,"name":"NEW Tienda","item":"https:\/\/cantir.art\/en\/new-tienda\/"},{"@type":"ListItem","position":3,"name":"So\u00f1ar que est\u00e1s despierto"}]},{"@type":"WebSite","@id":"https:\/\/cantir.art\/#website","url":"https:\/\/cantir.art\/","name":"C\u00e0ntir","description":"Buddhist symbolism and Mediterranean aesthetics in objects that connect practice with everyday life","publisher":{"@id":"https:\/\/cantir.art\/#organization"},"potentialAction":[{"@type":"SearchAction","target":{"@type":"EntryPoint","urlTemplate":"https:\/\/cantir.art\/?s={search_term_string}"},"query-input":{"@type":"PropertyValueSpecification","valueRequired":true,"valueName":"search_term_string"}}],"inLanguage":"en-GB"},{"@type":"Organization","@id":"https:\/\/cantir.art\/#organization","name":"C\u00e0ntir","url":"https:\/\/cantir.art\/","logo":{"@type":"ImageObject","inLanguage":"en-GB","@id":"https:\/\/cantir.art\/#\/schema\/logo\/image\/","url":"https:\/\/i0.wp.com\/cantir.art\/wp-content\/uploads\/2025\/01\/cantir-10.png?fit=2551%2C1060&ssl=1","contentUrl":"https:\/\/i0.wp.com\/cantir.art\/wp-content\/uploads\/2025\/01\/cantir-10.png?fit=2551%2C1060&ssl=1","width":2551,"height":1060,"caption":"C\u00e0ntir"},"image":{"@id":"https:\/\/cantir.art\/#\/schema\/logo\/image\/"}}]}},"jetpack_sharing_enabled":true,"_links":{"self":[{"href":"https:\/\/cantir.art\/en\/wp-json\/wp\/v2\/product\/3717","targetHints":{"allow":["GET"]}}],"collection":[{"href":"https:\/\/cantir.art\/en\/wp-json\/wp\/v2\/product"}],"about":[{"href":"https:\/\/cantir.art\/en\/wp-json\/wp\/v2\/types\/product"}],"replies":[{"embeddable":true,"href":"https:\/\/cantir.art\/en\/wp-json\/wp\/v2\/comments?post=3717"}],"version-history":[{"count":7,"href":"https:\/\/cantir.art\/en\/wp-json\/wp\/v2\/product\/3717\/revisions"}],"predecessor-version":[{"id":4609,"href":"https:\/\/cantir.art\/en\/wp-json\/wp\/v2\/product\/3717\/revisions\/4609"}],"wp:featuredmedia":[{"embeddable":true,"href":"https:\/\/cantir.art\/en\/wp-json\/wp\/v2\/media\/6307"}],"wp:attachment":[{"href":"https:\/\/cantir.art\/en\/wp-json\/wp\/v2\/media?parent=3717"}],"wp:term":[{"taxonomy":"product_brand","embeddable":true,"href":"https:\/\/cantir.art\/en\/wp-json\/wp\/v2\/product_brand?post=3717"},{"taxonomy":"product_cat","embeddable":true,"href":"https:\/\/cantir.art\/en\/wp-json\/wp\/v2\/product_cat?post=3717"},{"taxonomy":"product_tag","embeddable":true,"href":"https:\/\/cantir.art\/en\/wp-json\/wp\/v2\/product_tag?post=3717"}],"curies":[{"name":"wp","href":"https:\/\/api.w.org\/{rel}","templated":true}]}}