{"id":3721,"date":"2025-01-17T12:38:05","date_gmt":"2025-01-17T11:38:05","guid":{"rendered":"https:\/\/cantir.art\/?post_type=product&#038;p=3721"},"modified":"2025-09-21T20:58:01","modified_gmt":"2025-09-21T18:58:01","slug":"el-sutra-de-la-luz-dorada","status":"publish","type":"product","link":"https:\/\/cantir.art\/en\/product\/el-sutra-de-la-luz-dorada\/","title":{"rendered":"The Golden Light Sutra"},"content":{"rendered":"<div data-elementor-type=\"wp-post\" data-elementor-id=\"3721\" class=\"elementor elementor-3721\">\n\t\t\t\t<div class=\"elementor-element elementor-element-52048079 e-flex e-con-boxed e-con e-parent\" data-id=\"52048079\" data-element_type=\"container\">\n\t\t\t\t\t<div class=\"e-con-inner\">\n\t\t\t\t<div class=\"elementor-element elementor-element-14ef9cb8 elementor-widget elementor-widget-text-editor\" data-id=\"14ef9cb8\" data-element_type=\"widget\" data-widget_type=\"text-editor.default\">\n\t\t\t\t<div class=\"elementor-widget-container\">\n\t\t\t\t\t\t\t\t\t<p>Champa Shenpen, a Buddhist teacher and Dharma scholar, is known for her deep commitment to the teaching and practice of Tibetan Buddhism. A disciple of great masters such as Khenpo Tsultrim Gyamtso Rinpoche, she has dedicated her life to transmitting the essence of the Dharma in an accessible and practical way. Shenpen emphasizes the importance of meditation and openness of the heart as tools for cultivating compassion and wisdom. Her approach invites practitioners to discover the deeper nature of the mind and its connection to others.<\/p><p>The <em>Sutra de la Luz Dorada<\/em>, a revered text within Mahayana Buddhism, holds a special place in the tradition that Shenpen transmits. This sutra highlights the power of the light of the Dharma to dispel ignorance and foster peace and harmony in the world. It is considered a source of blessings, protection, and guidance, promoting universal well-being and spiritual enlightenment.<\/p>\t\t\t\t\t\t\t\t<\/div>\n\t\t\t\t<\/div>\n\t\t\t\t\t<\/div>\n\t\t\t\t<\/div>\n\t\t\t\t<\/div>","protected":false},"excerpt":{"rendered":"<p><span style=\"font-weight: 400;\">The Suvarnaprabhasottamaraja Sutra, known as the \"King of Sutras,\" is a 5th-century text that explains the Buddha's fundamental teachings through direct experience and not just theoretical analysis. The text covers various essential topics, from government and medicine to karma, using stories from the Buddha's past lives as practical examples. Prominent among these is the poignant story of his offering to a hungry lioness, which illustrates the bodhisattva ideal. This ancient work offers relevant guidance for cultivating peace of mind in times of conflict.<\/span><\/p>","protected":false},"featured_media":6310,"comment_status":"open","ping_status":"closed","template":"elementor_theme","meta":[],"product_brand":[],"product_cat":[245,161],"product_tag":[205,206],"class_list":{"0":"post-3721","1":"product","2":"type-product","3":"status-publish","4":"has-post-thumbnail","6":"product_cat-ediciones-dharma","7":"product_cat-libros","8":"product_tag-champa-shenpen","9":"product_tag-sutra-budista","11":"first","12":"instock","13":"taxable","14":"shipping-taxable","15":"purchasable","16":"product-type-simple"},"supplier_id":null,"supplier_sku":"","barcode":null,"atum_controlled":true,"out_stock_date":null,"out_stock_threshold":null,"inheritable":false,"inbound_stock":null,"stock_on_hold":0,"sold_today":0,"sales_last_days":0,"reserved_stock":null,"customer_returns":null,"warehouse_damage":null,"lost_in_post":null,"other_logs":null,"out_stock_days":0,"lost_sales":0,"has_location":false,"update_date":"2026-04-17T02:06:24","atum_locations":[],"atum_stock_status":"instock","restock_status":false,"low_stock_amount":"","sales_update_date":"2026-04-17T02:06:24","calc_backorders":null,"yoast_head":"<!-- This site is optimized with the Yoast SEO plugin v26.9 - https:\/\/yoast.com\/product\/yoast-seo-wordpress\/ -->\n<title>El sutra de la luz dorada - C\u00e0ntir<\/title>\n<meta name=\"robots\" content=\"index, follow, max-snippet:-1, max-image-preview:large, max-video-preview:-1\" \/>\n<link rel=\"canonical\" href=\"https:\/\/cantir.art\/en\/product\/el-sutra-de-la-luz-dorada\/\" \/>\n<meta property=\"og:locale\" content=\"en_GB\" \/>\n<meta property=\"og:type\" content=\"article\" \/>\n<meta property=\"og:title\" content=\"El sutra de la luz dorada - C\u00e0ntir\" \/>\n<meta property=\"og:description\" content=\"El Suvarnaprabhasottamaraja-sutra, conocido como el &quot;rey de los Sutras&quot;, es un texto del siglo V que explica las ense\u00f1anzas fundamentales del Buda a trav\u00e9s de experiencias directas y no solo mediante an\u00e1lisis te\u00f3rico. El texto abarca diversos temas esenciales, desde el gobierno y la medicina hasta el karma, utilizando las historias de las vidas pasadas del Buda como ejemplos pr\u00e1cticos. Entre estas, destaca la conmovedora historia de su ofrenda a una leona hambrienta, que ilustra el ideal del bodisatva. Esta obra antigua ofrece una gu\u00eda relevante para cultivar la paz mental en tiempos de conflicto.\" \/>\n<meta property=\"og:url\" content=\"https:\/\/cantir.art\/en\/product\/el-sutra-de-la-luz-dorada\/\" \/>\n<meta property=\"og:site_name\" content=\"C\u00e0ntir\" \/>\n<meta property=\"article:modified_time\" content=\"2025-09-21T18:58:01+00:00\" \/>\n<meta property=\"og:image\" content=\"https:\/\/cantir.art\/wp-content\/uploads\/2025\/01\/ElSutraDeLaLuzDorada.webp\" \/>\n\t<meta property=\"og:image:width\" content=\"680\" \/>\n\t<meta property=\"og:image:height\" content=\"920\" \/>\n\t<meta property=\"og:image:type\" content=\"image\/webp\" \/>\n<meta name=\"twitter:card\" content=\"summary_large_image\" \/>\n<meta name=\"twitter:label1\" content=\"Estimated reading time\" \/>\n\t<meta name=\"twitter:data1\" content=\"1 minute\" \/>\n<script type=\"application\/ld+json\" class=\"yoast-schema-graph\">{\"@context\":\"https:\/\/schema.org\",\"@graph\":[{\"@type\":\"WebPage\",\"@id\":\"https:\/\/cantir.art\/producto\/el-sutra-de-la-luz-dorada\/\",\"url\":\"https:\/\/cantir.art\/producto\/el-sutra-de-la-luz-dorada\/\",\"name\":\"El sutra de la luz dorada - C\u00e0ntir\",\"isPartOf\":{\"@id\":\"https:\/\/cantir.art\/#website\"},\"primaryImageOfPage\":{\"@id\":\"https:\/\/cantir.art\/producto\/el-sutra-de-la-luz-dorada\/#primaryimage\"},\"image\":{\"@id\":\"https:\/\/cantir.art\/producto\/el-sutra-de-la-luz-dorada\/#primaryimage\"},\"thumbnailUrl\":\"https:\/\/i0.wp.com\/cantir.art\/wp-content\/uploads\/2025\/09\/EL-SUTRA-DE-LA-LUZ-DORADA-A-scaled-2.jpg?fit=1922%2C2560&ssl=1\",\"datePublished\":\"2025-01-17T11:38:05+00:00\",\"dateModified\":\"2025-09-21T18:58:01+00:00\",\"breadcrumb\":{\"@id\":\"https:\/\/cantir.art\/producto\/el-sutra-de-la-luz-dorada\/#breadcrumb\"},\"inLanguage\":\"en-GB\",\"potentialAction\":[{\"@type\":\"ReadAction\",\"target\":[\"https:\/\/cantir.art\/producto\/el-sutra-de-la-luz-dorada\/\"]}]},{\"@type\":\"ImageObject\",\"inLanguage\":\"en-GB\",\"@id\":\"https:\/\/cantir.art\/producto\/el-sutra-de-la-luz-dorada\/#primaryimage\",\"url\":\"https:\/\/i0.wp.com\/cantir.art\/wp-content\/uploads\/2025\/09\/EL-SUTRA-DE-LA-LUZ-DORADA-A-scaled-2.jpg?fit=1922%2C2560&ssl=1\",\"contentUrl\":\"https:\/\/i0.wp.com\/cantir.art\/wp-content\/uploads\/2025\/09\/EL-SUTRA-DE-LA-LUZ-DORADA-A-scaled-2.jpg?fit=1922%2C2560&ssl=1\",\"width\":1922,\"height\":2560},{\"@type\":\"BreadcrumbList\",\"@id\":\"https:\/\/cantir.art\/producto\/el-sutra-de-la-luz-dorada\/#breadcrumb\",\"itemListElement\":[{\"@type\":\"ListItem\",\"position\":1,\"name\":\"Portada\",\"item\":\"https:\/\/cantir.art\/\"},{\"@type\":\"ListItem\",\"position\":2,\"name\":\"NEW Tienda\",\"item\":\"https:\/\/cantir.art\/en\/new-tienda\/\"},{\"@type\":\"ListItem\",\"position\":3,\"name\":\"El sutra de la luz dorada\"}]},{\"@type\":\"WebSite\",\"@id\":\"https:\/\/cantir.art\/#website\",\"url\":\"https:\/\/cantir.art\/\",\"name\":\"C\u00e0ntir\",\"description\":\"Simbolismo budista y est\u00e9tica mediterr\u00e1nea en objetos que conectan pr\u00e1ctica y cotidianidad\",\"publisher\":{\"@id\":\"https:\/\/cantir.art\/#organization\"},\"potentialAction\":[{\"@type\":\"SearchAction\",\"target\":{\"@type\":\"EntryPoint\",\"urlTemplate\":\"https:\/\/cantir.art\/?s={search_term_string}\"},\"query-input\":{\"@type\":\"PropertyValueSpecification\",\"valueRequired\":true,\"valueName\":\"search_term_string\"}}],\"inLanguage\":\"en-GB\"},{\"@type\":\"Organization\",\"@id\":\"https:\/\/cantir.art\/#organization\",\"name\":\"C\u00e0ntir\",\"url\":\"https:\/\/cantir.art\/\",\"logo\":{\"@type\":\"ImageObject\",\"inLanguage\":\"en-GB\",\"@id\":\"https:\/\/cantir.art\/#\/schema\/logo\/image\/\",\"url\":\"https:\/\/i0.wp.com\/cantir.art\/wp-content\/uploads\/2025\/01\/cantir-10.png?fit=2551%2C1060&ssl=1\",\"contentUrl\":\"https:\/\/i0.wp.com\/cantir.art\/wp-content\/uploads\/2025\/01\/cantir-10.png?fit=2551%2C1060&ssl=1\",\"width\":2551,\"height\":1060,\"caption\":\"C\u00e0ntir\"},\"image\":{\"@id\":\"https:\/\/cantir.art\/#\/schema\/logo\/image\/\"}}]}<\/script>\n<!-- \/ Yoast SEO plugin. -->","yoast_head_json":{"title":"El sutra de la luz dorada - C\u00e0ntir","robots":{"index":"index","follow":"follow","max-snippet":"max-snippet:-1","max-image-preview":"max-image-preview:large","max-video-preview":"max-video-preview:-1"},"canonical":"https:\/\/cantir.art\/en\/product\/el-sutra-de-la-luz-dorada\/","og_locale":"en_GB","og_type":"article","og_title":"El sutra de la luz dorada - C\u00e0ntir","og_description":"El Suvarnaprabhasottamaraja-sutra, conocido como el \"rey de los Sutras\", es un texto del siglo V que explica las ense\u00f1anzas fundamentales del Buda a trav\u00e9s de experiencias directas y no solo mediante an\u00e1lisis te\u00f3rico. El texto abarca diversos temas esenciales, desde el gobierno y la medicina hasta el karma, utilizando las historias de las vidas pasadas del Buda como ejemplos pr\u00e1cticos. Entre estas, destaca la conmovedora historia de su ofrenda a una leona hambrienta, que ilustra el ideal del bodisatva. Esta obra antigua ofrece una gu\u00eda relevante para cultivar la paz mental en tiempos de conflicto.","og_url":"https:\/\/cantir.art\/en\/product\/el-sutra-de-la-luz-dorada\/","og_site_name":"C\u00e0ntir","article_modified_time":"2025-09-21T18:58:01+00:00","og_image":[{"width":680,"height":920,"url":"https:\/\/cantir.art\/wp-content\/uploads\/2025\/01\/ElSutraDeLaLuzDorada.webp","type":"image\/webp"}],"twitter_card":"summary_large_image","twitter_misc":{"Estimated reading time":"1 minute"},"schema":{"@context":"https:\/\/schema.org","@graph":[{"@type":"WebPage","@id":"https:\/\/cantir.art\/producto\/el-sutra-de-la-luz-dorada\/","url":"https:\/\/cantir.art\/producto\/el-sutra-de-la-luz-dorada\/","name":"El sutra de la luz dorada - C\u00e0ntir","isPartOf":{"@id":"https:\/\/cantir.art\/#website"},"primaryImageOfPage":{"@id":"https:\/\/cantir.art\/producto\/el-sutra-de-la-luz-dorada\/#primaryimage"},"image":{"@id":"https:\/\/cantir.art\/producto\/el-sutra-de-la-luz-dorada\/#primaryimage"},"thumbnailUrl":"https:\/\/i0.wp.com\/cantir.art\/wp-content\/uploads\/2025\/09\/EL-SUTRA-DE-LA-LUZ-DORADA-A-scaled-2.jpg?fit=1922%2C2560&ssl=1","datePublished":"2025-01-17T11:38:05+00:00","dateModified":"2025-09-21T18:58:01+00:00","breadcrumb":{"@id":"https:\/\/cantir.art\/producto\/el-sutra-de-la-luz-dorada\/#breadcrumb"},"inLanguage":"en-GB","potentialAction":[{"@type":"ReadAction","target":["https:\/\/cantir.art\/producto\/el-sutra-de-la-luz-dorada\/"]}]},{"@type":"ImageObject","inLanguage":"en-GB","@id":"https:\/\/cantir.art\/producto\/el-sutra-de-la-luz-dorada\/#primaryimage","url":"https:\/\/i0.wp.com\/cantir.art\/wp-content\/uploads\/2025\/09\/EL-SUTRA-DE-LA-LUZ-DORADA-A-scaled-2.jpg?fit=1922%2C2560&ssl=1","contentUrl":"https:\/\/i0.wp.com\/cantir.art\/wp-content\/uploads\/2025\/09\/EL-SUTRA-DE-LA-LUZ-DORADA-A-scaled-2.jpg?fit=1922%2C2560&ssl=1","width":1922,"height":2560},{"@type":"BreadcrumbList","@id":"https:\/\/cantir.art\/producto\/el-sutra-de-la-luz-dorada\/#breadcrumb","itemListElement":[{"@type":"ListItem","position":1,"name":"Portada","item":"https:\/\/cantir.art\/"},{"@type":"ListItem","position":2,"name":"NEW Tienda","item":"https:\/\/cantir.art\/en\/new-tienda\/"},{"@type":"ListItem","position":3,"name":"El sutra de la luz dorada"}]},{"@type":"WebSite","@id":"https:\/\/cantir.art\/#website","url":"https:\/\/cantir.art\/","name":"C\u00e0ntir","description":"Buddhist symbolism and Mediterranean aesthetics in objects that connect practice with everyday life","publisher":{"@id":"https:\/\/cantir.art\/#organization"},"potentialAction":[{"@type":"SearchAction","target":{"@type":"EntryPoint","urlTemplate":"https:\/\/cantir.art\/?s={search_term_string}"},"query-input":{"@type":"PropertyValueSpecification","valueRequired":true,"valueName":"search_term_string"}}],"inLanguage":"en-GB"},{"@type":"Organization","@id":"https:\/\/cantir.art\/#organization","name":"C\u00e0ntir","url":"https:\/\/cantir.art\/","logo":{"@type":"ImageObject","inLanguage":"en-GB","@id":"https:\/\/cantir.art\/#\/schema\/logo\/image\/","url":"https:\/\/i0.wp.com\/cantir.art\/wp-content\/uploads\/2025\/01\/cantir-10.png?fit=2551%2C1060&ssl=1","contentUrl":"https:\/\/i0.wp.com\/cantir.art\/wp-content\/uploads\/2025\/01\/cantir-10.png?fit=2551%2C1060&ssl=1","width":2551,"height":1060,"caption":"C\u00e0ntir"},"image":{"@id":"https:\/\/cantir.art\/#\/schema\/logo\/image\/"}}]}},"jetpack_sharing_enabled":true,"_links":{"self":[{"href":"https:\/\/cantir.art\/en\/wp-json\/wp\/v2\/product\/3721","targetHints":{"allow":["GET"]}}],"collection":[{"href":"https:\/\/cantir.art\/en\/wp-json\/wp\/v2\/product"}],"about":[{"href":"https:\/\/cantir.art\/en\/wp-json\/wp\/v2\/types\/product"}],"replies":[{"embeddable":true,"href":"https:\/\/cantir.art\/en\/wp-json\/wp\/v2\/comments?post=3721"}],"version-history":[{"count":6,"href":"https:\/\/cantir.art\/en\/wp-json\/wp\/v2\/product\/3721\/revisions"}],"predecessor-version":[{"id":6311,"href":"https:\/\/cantir.art\/en\/wp-json\/wp\/v2\/product\/3721\/revisions\/6311"}],"wp:featuredmedia":[{"embeddable":true,"href":"https:\/\/cantir.art\/en\/wp-json\/wp\/v2\/media\/6310"}],"wp:attachment":[{"href":"https:\/\/cantir.art\/en\/wp-json\/wp\/v2\/media?parent=3721"}],"wp:term":[{"taxonomy":"product_brand","embeddable":true,"href":"https:\/\/cantir.art\/en\/wp-json\/wp\/v2\/product_brand?post=3721"},{"taxonomy":"product_cat","embeddable":true,"href":"https:\/\/cantir.art\/en\/wp-json\/wp\/v2\/product_cat?post=3721"},{"taxonomy":"product_tag","embeddable":true,"href":"https:\/\/cantir.art\/en\/wp-json\/wp\/v2\/product_tag?post=3721"}],"curies":[{"name":"wp","href":"https:\/\/api.w.org\/{rel}","templated":true}]}}